{"id":33666,"date":"2025-02-26T13:56:21","date_gmt":"2025-02-26T19:26:21","guid":{"rendered":"https:\/\/multiofertasvip.com\/?post_type=product&#038;p=33666"},"modified":"2025-02-26T14:00:57","modified_gmt":"2025-02-26T19:30:57","slug":"doble-cuantico-y-los-multiversos-paula-gil","status":"publish","type":"product","link":"https:\/\/multiofertasvip.com\/?product=doble-cuantico-y-los-multiversos-paula-gil","title":{"rendered":"Doble Cu\u00e1ntico y los Multiversos-Paula Gil"},"content":{"rendered":"<div class=\"elementor-element elementor-element-48b0a182 e-flex e-con-boxed e-con e-parent e-lazyloaded\" data-id=\"48b0a182\" data-element_type=\"container\" data-settings=\"{&quot;background_background&quot;:&quot;classic&quot;}\">\n<div class=\"e-con-inner\">\n<div class=\"elementor-element elementor-element-607a2f40 elementor-widget elementor-widget-text-editor\" data-id=\"607a2f40\" data-element_type=\"widget\" data-widget_type=\"text-editor.default\">\n<div class=\"elementor-widget-container\"><\/div>\n<\/div>\n<\/div>\n<\/div>\n<div class=\"elementor-element elementor-element-1c13b68d e-flex e-con-boxed e-con e-parent e-lazyloaded\" data-id=\"1c13b68d\" data-element_type=\"container\">\n<div class=\"e-con-inner\">\n<div class=\"elementor-element elementor-element-388afa17 e-con-full e-flex e-con e-child\" data-id=\"388afa17\" data-element_type=\"container\">\n<div class=\"elementor-element elementor-element-26cdf9bf elementor-widget elementor-widget-image\" data-id=\"26cdf9bf\" data-element_type=\"widget\" data-widget_type=\"image.default\"><\/div>\n<\/div>\n<\/div>\n<\/div>\n<div class=\"elementor-element elementor-element-53e7be54 e-flex e-con-boxed e-con e-parent e-lazyloaded\" data-id=\"53e7be54\" data-element_type=\"container\" data-settings=\"{&quot;background_background&quot;:&quot;classic&quot;}\">\n<div class=\"e-con-inner\">\n<div class=\"elementor-element elementor-element-4f08c0ee elementor-widget elementor-widget-text-editor animated fadeInLeft\" data-id=\"4f08c0ee\" data-element_type=\"widget\" data-settings=\"{&quot;_animation&quot;:&quot;fadeInLeft&quot;}\" data-widget_type=\"text-editor.default\">\n<div class=\"elementor-widget-container\">\n<p>\u00bfY si te dijera que existen muchas versiones de ti que ya tienen toda la informaci\u00f3n para llevarte a crear cualquier cosa que elijas? Eso es tu Doble Cu\u00e1ntico.<\/p>\n<p>Ese doble cu\u00e1ntico puede estar en diferentes momentos contigo, mostr\u00e1ndote posibilidades y abriendo puertas en los infinitos multiversos donde cada elecci\u00f3n crea una realidad diferente.<\/p>\n<p>En esta clase descubrir\u00e1s:<br \/>\n\u2728 C\u00f3mo conectar con tu Doble Cu\u00e1ntico y recibir informaci\u00f3n de el<br \/>\n\u2728 La existencia de los multiversos y c\u00f3mo acceder a l\u00edneas de tiempo que potencien tu vida.<br \/>\n\u2728 C\u00f3mo dar saltos cu\u00e1nticos a las realidades que quieres vivir.<\/p>\n<p>Si sientes que la realidad que vives podr\u00eda ser m\u00e1s grandiosas, es porque existen otras versiones de ti listas para crearla y poder despertar todos tus potenciales<\/p>\n<\/div>\n<\/div>\n<\/div>\n<\/div>\n","protected":false},"excerpt":{"rendered":"<p>\u00bfY si te dijera que existen muchas versiones de ti que ya tienen toda la informaci\u00f3n para llevarte a crear cualquier cosa que elijas? Eso es tu Doble Cu\u00e1ntico. Ese doble cu\u00e1ntico puede estar en diferentes momentos contigo, mostr\u00e1ndote posibilidades y abriendo puertas en los infinitos multiversos donde cada elecci\u00f3n crea una realidad diferente. En [&#8230;]\n","protected":false},"featured_media":33667,"template":"","meta":{"_monsterinsights_skip_tracking":false,"_monsterinsights_sitenote_active":false,"_monsterinsights_sitenote_note":"","_monsterinsights_sitenote_category":0,"jetpack_post_was_ever_published":false,"jetpack_publicize_message":"","jetpack_publicize_feature_enabled":true,"jetpack_social_post_already_shared":true,"jetpack_social_options":{"image_generator_settings":{"template":"highway","default_image_id":0,"font":"","enabled":false},"version":2}},"product_brand":[],"product_cat":[46],"product_tag":[263,142,260,211,254,119,251,215,257,249,243,230,182,226,253,236,229,143,228,232,258,234,262,239,220,265,219,225,240,238,140,242,235,244,266,267,248,210,245,212,250,227,255,264,252,217,216,233,261,73,237,231,247,221,246,222,223,224,259,241,256,218,213,214,53],"class_list":{"0":"post-33666","1":"product","2":"type-product","3":"status-publish","4":"has-post-thumbnail","6":"product_cat-superacion","7":"product_tag-animales","8":"product_tag-avanzado","9":"product_tag-biden","10":"product_tag-billetes","11":"product_tag-bitcoin","12":"product_tag-carrera","13":"product_tag-china","14":"product_tag-christopher-olivarrieta","15":"product_tag-cine","16":"product_tag-coranavirus","17":"product_tag-cultura","18":"product_tag-cursos","19":"product_tag-dinero","20":"product_tag-dios","21":"product_tag-dolar","22":"product_tag-enric-corbera","23":"product_tag-ensenanza-en-casa","24":"product_tag-entidades","25":"product_tag-escuela","26":"product_tag-especialidad","27":"product_tag-estrenos","28":"product_tag-estudios","29":"product_tag-facebook","30":"product_tag-famosos","31":"product_tag-free","32":"product_tag-gatos","33":"product_tag-gratis","34":"product_tag-guerra","35":"product_tag-humor","36":"product_tag-internet","37":"product_tag-jose-palomo","38":"product_tag-juegos","39":"product_tag-lavin","40":"product_tag-manga","41":"product_tag-mercado-libre","42":"product_tag-mercado-pago","43":"product_tag-meteorologia","44":"product_tag-moneda","45":"product_tag-musica","46":"product_tag-nuevo","47":"product_tag-omnicron","48":"product_tag-oracion","49":"product_tag-peliculas","50":"product_tag-perros","51":"product_tag-peso","52":"product_tag-porn","53":"product_tag-porno","54":"product_tag-profesional","55":"product_tag-putin","56":"product_tag-salud","57":"product_tag-sexo","58":"product_tag-talleres","59":"product_tag-television","60":"product_tag-terapias","61":"product_tag-trabajo","62":"product_tag-ucrania","63":"product_tag-ukrania","64":"product_tag-usa","65":"product_tag-vacuna","66":"product_tag-viajes","67":"product_tag-videos","68":"product_tag-xxx","69":"product_tag-youtube","70":"product_tag-youtube-yuen-guadalajara","71":"product_tag-yuen","73":"first","74":"instock","75":"downloadable","76":"virtual","77":"purchasable","78":"product-type-simple"},"jetpack_publicize_connections":[],"jetpack-related-posts":[{"id":33451,"url":"https:\/\/multiofertasvip.com\/?product=escuela-de-mutantes-%c2%b7-reload-paula-andrea-gil","url_meta":{"origin":33666,"position":0},"title":"Escuela de Mutantes \u00b7 Reload-Paula Andrea Gil","author":"multiofertasvip","date":"diciembre 1, 2024","format":false,"excerpt":"\u00bfTe gusta la f\u00edsica cu\u00e1ntica?\u00bfTe gustan los superh\u00e9roes y sus super poderes?.\u00bfTe gustar\u00eda descubrir las habilidades m\u00e1s all\u00e1 de esta realidad que tiene tu cuerpo y tu cerebro?\u00bfTe gustar\u00eda crear en otras dimensiones y realidades?\u00bfTe gustar\u00eda tener herramientas para crear m\u00e1s all\u00e1 de esta realidad?\u00bfCu\u00e1ntas habilidades con el tiempo puedes\u2026","rel":"","context":"Entrada similar","block_context":{"text":"Entrada similar","link":""},"img":{"alt_text":"","src":"https:\/\/i0.wp.com\/multiofertasvip.com\/wp-content\/uploads\/2024\/11\/reload.jpg?fit=200%2C200&ssl=1&resize=350%2C200","width":350,"height":200},"classes":[]},{"id":34389,"url":"https:\/\/multiofertasvip.com\/?product=muestra-grupal-cirugias-cuanticas-negocios-paula-gil","url_meta":{"origin":33666,"position":1},"title":"Muestra Grupal Cirug\u00edas Cu\u00e1nticas Negocios -Paula Gil","author":"multiofertasvip","date":"septiembre 12, 2025","format":false,"excerpt":"\u00bfTienes un negocio y te gustar\u00eda cambiar su energ\u00eda? Esta es la posibilidad de hacerlo y no desde esta realidad sino desde el mundo cu\u00e1ntico. Te invito a una sesi\u00f3n cu\u00e1ntica para tu negocio que puede permitirte cambiar la energ\u00eda y potencializarlo en diferentes aspectos. Esta es una sesi\u00f3n eminentemente\u2026","rel":"","context":"Entrada similar","block_context":{"text":"Entrada similar","link":""},"img":{"alt_text":"","src":"https:\/\/i0.wp.com\/multiofertasvip.com\/wp-content\/uploads\/2025\/09\/muestra-grupal-negocios.png?fit=200%2C200&ssl=1&resize=350%2C200","width":350,"height":200},"classes":[]},{"id":33239,"url":"https:\/\/multiofertasvip.com\/?product=cirugias-cuanticas-dinero-paula-andrea-gil","url_meta":{"origin":33666,"position":2},"title":"Cirug\u00edas cu\u00e1nticas Dinero-Paula Andrea Gil","author":"multiofertasvip","date":"octubre 4, 2024","format":false,"excerpt":"Si ya tomaste la clase avanzada y quieres profundizar en el tema de dinero, tendremos la clase de especialidad de cirug\u00edas cu\u00e1nticas dinero, en el que abordaremos diferentes temas cu\u00e1nticos en relaci\u00f3n con el dinero y tambi\u00e9n veremos las diferentes formas de usar las cirug\u00edas cu\u00e1nticas en este t\u00f3pico para\u2026","rel":"","context":"Entrada similar","block_context":{"text":"Entrada similar","link":""},"img":{"alt_text":"","src":"https:\/\/i0.wp.com\/multiofertasvip.com\/wp-content\/uploads\/2024\/10\/Cirugias-Cuanticas-Dinero.jpeg?fit=200%2C200&ssl=1&resize=350%2C200","width":350,"height":200},"classes":[]},{"id":34489,"url":"https:\/\/multiofertasvip.com\/?product=muestra-grupal-cirugias-cuanticas-para-el-insomio-paula-gil","url_meta":{"origin":33666,"position":3},"title":"Muestra Grupal Cirug\u00edas Cu\u00e1nticas para el Insomio-Paula Gil","author":"multiofertasvip","date":"octubre 26, 2025","format":false,"excerpt":"Cirug\u00edas Cu\u00e1nticas es una posibilidad grandiosa de cambiar tu realidad energ\u00e9tica en cualquier \u00e1rea. \u00bfTienes insomnio o dificultades para dormir? \u00bfTe gustar\u00eda mejorar la calidad de tu sue\u00f1o? Te invito a una muestra Grupal de Cirug\u00edas Cu\u00e1nticas para el insomnio.","rel":"","context":"Entrada similar","block_context":{"text":"Entrada similar","link":""},"img":{"alt_text":"","src":"https:\/\/i0.wp.com\/multiofertasvip.com\/wp-content\/uploads\/2025\/10\/INSOMIO-1.png?fit=200%2C200&ssl=1&resize=350%2C200","width":350,"height":200},"classes":[]},{"id":33251,"url":"https:\/\/multiofertasvip.com\/?product=ventas-cuanticas-dinero-paula-andrea-gil","url_meta":{"origin":33666,"position":4},"title":"Ventas cu\u00e1nticas -Paula Andrea Gil","author":"multiofertasvip","date":"octubre 7, 2024","format":false,"excerpt":"\u00bfTe gustar\u00eda vender con m\u00e1s facilidad? \u00bfTe gustan las ventas y quieres incrementar tus resultados? \u00bfOfreces productos o servicios maravillosos y pese a eso las personas no te compran o te compran poco?\u2014 con Paula Andrea Gil Aguirre. Como seria aprender herramientas energeticas que te permitan tener mucha m\u00e1s facilidad\u2026","rel":"","context":"Entrada similar","block_context":{"text":"Entrada similar","link":""},"img":{"alt_text":"\ud83d\udd75\ufe0f\u200d\u2640\ufe0f","src":"https:\/\/static.xx.fbcdn.net\/images\/emoji.php\/v9\/td9\/1\/16\/1f575_200d_2640.png","width":350,"height":200},"classes":[]},{"id":33268,"url":"https:\/\/multiofertasvip.com\/?product=especialidad-cirugias-cuanticas-cerebro-ojos-corazon-paula-andrea-gil","url_meta":{"origin":33666,"position":5},"title":"Especialidad Cirugias Cuanticas-Cerebro-Ojos-Corazon -Paula Andrea Gil","author":"multiofertasvip","date":"octubre 21, 2024","format":false,"excerpt":"Si ya has tomado la clase de cirug\u00edas cu\u00e1nticas y la clase de cirug\u00edas cu\u00e1nticas avanzadas y quieres ir a un nuevo nivel, tenemos esta nueva especialidad de ojos, cerebro y coraz\u00f3n. En donde profundizaremos en miles de posibilidades energ\u00e9ticas para crear una nueva realidad con tu cuerpo.","rel":"","context":"Entrada similar","block_context":{"text":"Entrada similar","link":""},"img":{"alt_text":"","src":"https:\/\/i0.wp.com\/multiofertasvip.com\/wp-content\/uploads\/2024\/10\/Cerebro-Ojos-Corazon.jpeg?fit=200%2C200&ssl=1&resize=350%2C200","width":350,"height":200},"classes":[]}],"jetpack_sharing_enabled":false,"jetpack_likes_enabled":false,"_links":{"self":[{"href":"https:\/\/multiofertasvip.com\/index.php?rest_route=\/wp\/v2\/product\/33666","targetHints":{"allow":["GET"]}}],"collection":[{"href":"https:\/\/multiofertasvip.com\/index.php?rest_route=\/wp\/v2\/product"}],"about":[{"href":"https:\/\/multiofertasvip.com\/index.php?rest_route=\/wp\/v2\/types\/product"}],"version-history":[{"count":2,"href":"https:\/\/multiofertasvip.com\/index.php?rest_route=\/wp\/v2\/product\/33666\/revisions"}],"predecessor-version":[{"id":33671,"href":"https:\/\/multiofertasvip.com\/index.php?rest_route=\/wp\/v2\/product\/33666\/revisions\/33671"}],"wp:featuredmedia":[{"embeddable":true,"href":"https:\/\/multiofertasvip.com\/index.php?rest_route=\/wp\/v2\/media\/33667"}],"wp:attachment":[{"href":"https:\/\/multiofertasvip.com\/index.php?rest_route=%2Fwp%2Fv2%2Fmedia&parent=33666"}],"wp:term":[{"taxonomy":"product_brand","embeddable":true,"href":"https:\/\/multiofertasvip.com\/index.php?rest_route=%2Fwp%2Fv2%2Fproduct_brand&post=33666"},{"taxonomy":"product_cat","embeddable":true,"href":"https:\/\/multiofertasvip.com\/index.php?rest_route=%2Fwp%2Fv2%2Fproduct_cat&post=33666"},{"taxonomy":"product_tag","embeddable":true,"href":"https:\/\/multiofertasvip.com\/index.php?rest_route=%2Fwp%2Fv2%2Fproduct_tag&post=33666"}],"curies":[{"name":"wp","href":"https:\/\/api.w.org\/{rel}","templated":true}]}}