{"id":33617,"date":"2025-01-30T12:37:57","date_gmt":"2025-01-30T18:07:57","guid":{"rendered":"https:\/\/multiofertasvip.com\/?post_type=product&#038;p=33617"},"modified":"2025-01-30T12:40:39","modified_gmt":"2025-01-30T18:10:39","slug":"verbo-divino-en-15-minutos-prosperidad-y-riquezas-zamparoni-empreendimentos","status":"publish","type":"product","link":"https:\/\/multiofertasvip.com\/?product=verbo-divino-en-15-minutos-prosperidad-y-riquezas-zamparoni-empreendimentos","title":{"rendered":"Verbo Divino en 15 minutos | Prosperidad y Riquezas-Zamparoni Empreendimentos"},"content":{"rendered":"<div class=\"elementor-element elementor-element-48b0a182 e-flex e-con-boxed e-con e-parent e-lazyloaded\" data-id=\"48b0a182\" data-element_type=\"container\" data-settings=\"{&quot;background_background&quot;:&quot;classic&quot;}\">\n<div class=\"e-con-inner\">\n<div class=\"elementor-element elementor-element-607a2f40 elementor-widget elementor-widget-text-editor\" data-id=\"607a2f40\" data-element_type=\"widget\" data-widget_type=\"text-editor.default\"><\/div>\n<\/div>\n<\/div>\n<div class=\"elementor-element elementor-element-58bd1839 e-flex e-con-boxed e-con e-parent e-lazyloaded\" data-id=\"58bd1839\" data-element_type=\"container\">\n<div class=\"e-con-inner\">\n<div class=\"elementor-element elementor-element-1cec781c e-con-full e-flex e-con e-child\" data-id=\"1cec781c\" data-element_type=\"container\">\n<p class=\"_mb-5\" role=\"paragraph\">Aprende como un sencillo afinador energ\u00e9tico puede ayudarte salir del estancamiento financiero.<\/p>\n<p class=\"_mb-5\" role=\"paragraph\">Solo te tomar\u00e1 30 minutos realizarla y tiene toda la eficacia que no te imaginas hasta que la vives \u2026<\/p>\n<p class=\"_mb-5\" role=\"paragraph\">Dise\u00f1ada para realinear o equilibrar nuestra energ\u00eda y acercarnos con m\u00e1s prontitud a la manifestaci\u00f3n o al objetivo financiero.<\/p>\n<\/div>\n<\/div>\n<\/div>\n<div class=\"elementor-element elementor-element-53e7be54 e-flex e-con-boxed e-con e-parent e-lazyloaded\" data-id=\"53e7be54\" data-element_type=\"container\" data-settings=\"{&quot;background_background&quot;:&quot;classic&quot;}\">\n<div class=\"e-con-inner\">\n<div class=\"elementor-element elementor-element-4f08c0ee elementor-widget elementor-widget-text-editor animated fadeInLeft\" data-id=\"4f08c0ee\" data-element_type=\"widget\" data-settings=\"{&quot;_animation&quot;:&quot;fadeInLeft&quot;}\" data-widget_type=\"text-editor.default\">\n<div class=\"elementor-widget-container\">\n<p>&nbsp;<\/p>\n<\/div>\n<\/div>\n<\/div>\n<\/div>\n","protected":false},"excerpt":{"rendered":"<p>Aprende como un sencillo afinador energ\u00e9tico puede ayudarte salir del estancamiento financiero. Solo te tomar\u00e1 30 minutos realizarla y tiene toda la eficacia que no te imaginas hasta que la vives \u2026 Dise\u00f1ada para realinear o equilibrar nuestra energ\u00eda y acercarnos con m\u00e1s prontitud a la manifestaci\u00f3n o al objetivo financiero. &nbsp;<\/p>\n","protected":false},"featured_media":33620,"template":"","meta":{"_monsterinsights_skip_tracking":false,"_monsterinsights_sitenote_active":false,"_monsterinsights_sitenote_note":"","_monsterinsights_sitenote_category":0,"jetpack_post_was_ever_published":false,"jetpack_publicize_message":"","jetpack_publicize_feature_enabled":true,"jetpack_social_post_already_shared":true,"jetpack_social_options":{"image_generator_settings":{"template":"highway","default_image_id":0,"font":"","enabled":false},"version":2}},"product_brand":[],"product_cat":[46],"product_tag":[263,142,260,211,254,119,251,215,257,249,243,230,182,226,253,236,229,143,228,232,258,234,262,239,220,265,219,225,240,238,140,242,235,244,266,267,248,210,245,212,250,227,255,264,252,217,216,233,261,73,237,231,247,221,246,222,223,224,259,241,256,218,213,214,53],"class_list":{"0":"post-33617","1":"product","2":"type-product","3":"status-publish","4":"has-post-thumbnail","6":"product_cat-superacion","7":"product_tag-animales","8":"product_tag-avanzado","9":"product_tag-biden","10":"product_tag-billetes","11":"product_tag-bitcoin","12":"product_tag-carrera","13":"product_tag-china","14":"product_tag-christopher-olivarrieta","15":"product_tag-cine","16":"product_tag-coranavirus","17":"product_tag-cultura","18":"product_tag-cursos","19":"product_tag-dinero","20":"product_tag-dios","21":"product_tag-dolar","22":"product_tag-enric-corbera","23":"product_tag-ensenanza-en-casa","24":"product_tag-entidades","25":"product_tag-escuela","26":"product_tag-especialidad","27":"product_tag-estrenos","28":"product_tag-estudios","29":"product_tag-facebook","30":"product_tag-famosos","31":"product_tag-free","32":"product_tag-gatos","33":"product_tag-gratis","34":"product_tag-guerra","35":"product_tag-humor","36":"product_tag-internet","37":"product_tag-jose-palomo","38":"product_tag-juegos","39":"product_tag-lavin","40":"product_tag-manga","41":"product_tag-mercado-libre","42":"product_tag-mercado-pago","43":"product_tag-meteorologia","44":"product_tag-moneda","45":"product_tag-musica","46":"product_tag-nuevo","47":"product_tag-omnicron","48":"product_tag-oracion","49":"product_tag-peliculas","50":"product_tag-perros","51":"product_tag-peso","52":"product_tag-porn","53":"product_tag-porno","54":"product_tag-profesional","55":"product_tag-putin","56":"product_tag-salud","57":"product_tag-sexo","58":"product_tag-talleres","59":"product_tag-television","60":"product_tag-terapias","61":"product_tag-trabajo","62":"product_tag-ucrania","63":"product_tag-ukrania","64":"product_tag-usa","65":"product_tag-vacuna","66":"product_tag-viajes","67":"product_tag-videos","68":"product_tag-xxx","69":"product_tag-youtube","70":"product_tag-youtube-yuen-guadalajara","71":"product_tag-yuen","73":"first","74":"instock","75":"downloadable","76":"virtual","77":"purchasable","78":"product-type-simple"},"jetpack_publicize_connections":[],"jetpack-related-posts":[{"id":34670,"url":"https:\/\/multiofertasvip.com\/?product=tecnicas-para-cambiar-tu-estado-de-animo-en-minutos-y-elevar-tu-vibracion-assaya","url_meta":{"origin":33617,"position":0},"title":"T\u00c9CNICAS para CAMBIAR tu ESTADO de \u00c1NIMO en MINUTOS y ELEVAR tu VIBRACI\u00d3N-Assaya","author":"multiofertasvip","date":"enero 8, 2026","format":false,"excerpt":"Temario *\u00a0Aprender\u00e1s 2 T\u00c9CNICAS SENCILLAS para EQUILIBRAR TU ESTADO de \u00c1NIMO en MINUTOS y ELEVAR la VIBRACI\u00d3N. \u00a0 * Una T\u00c9CNICA es TRANSFORMADORA a VARIOS NIVELES y ELIMINA r\u00e1pidamente CUALQUIER EMOCI\u00d3N que te DESESTABILICE!. \u00a0 * APRENDER\u00c1S como CONSTRUIR TU BURBUJA ARMONIZADORA DIARIA y de esta forma armonizar\u00e1s a todos\u2026","rel":"","context":"Entrada similar","block_context":{"text":"Entrada similar","link":""},"img":{"alt_text":"","src":"https:\/\/i0.wp.com\/multiofertasvip.com\/wp-content\/uploads\/2026\/01\/estado-de-animo.jpg?fit=200%2C200&ssl=1&resize=350%2C200","width":350,"height":200},"classes":[]},{"id":30453,"url":"https:\/\/multiofertasvip.com\/?product=5-cursos-completos-del-metodo-grabovoi-en-video","url_meta":{"origin":33617,"position":1},"title":"5 Cursos Completos Del Metodo Grabovoi En Video","author":"multiofertasvip","date":"septiembre 13, 2022","format":false,"excerpt":"\u00a0 \u00a0 \u00a0 \u00a0 \u00a0","rel":"","context":"Entrada similar","block_context":{"text":"Entrada similar","link":""},"img":{"alt_text":"","src":"https:\/\/i0.wp.com\/multiofertasvip.com\/wp-content\/uploads\/2022\/09\/grabovoi.jpg?fit=200%2C200&ssl=1&resize=350%2C200","width":350,"height":200},"classes":[]},{"id":30704,"url":"https:\/\/multiofertasvip.com\/?product=telellamada-avanzada-de-hablando-con-las-entidades-shannon-ohara","url_meta":{"origin":33617,"position":2},"title":"Telellamada Avanzada de Hablando con las Entidades-Shannon O&#8217;Hara.","author":"multiofertasvip","date":"enero 29, 2023","format":false,"excerpt":"EL PRODUCTO INCLUYE: 4 telellamadas grabadas de 90 minutos en formato mp3 1 ejercicio grabado de limpieza de entidades en formato mp3 4 grabaciones de procesos en formato mp3 4 PDF de procesos escritos 1 x 60 minutos de audio pregrabado via mp3. 2 x ejercicios grabados via audio mp3","rel":"","context":"Entrada similar","block_context":{"text":"Entrada similar","link":""},"img":{"alt_text":"","src":"https:\/\/i0.wp.com\/multiofertasvip.com\/wp-content\/uploads\/2023\/01\/SQ_TTTE_ADVANCED_ONLINE_2021_SPANISH-e1638927221527.png?fit=200%2C200&ssl=1&resize=350%2C200","width":350,"height":200},"classes":[]},{"id":33198,"url":"https:\/\/multiofertasvip.com\/?product=que-tal-si-elijo-dinero-simone-milasas","url_meta":{"origin":33617,"position":3},"title":"Que tal si elijo Dinero?-simone Milasas","author":"multiofertasvip","date":"septiembre 10, 2024","format":false,"excerpt":"\u00bfQu\u00e9 pasa si eliges el dinero? Simone Milasas facilit\u00f3 una clase de 1 hora y 45 minutos durante la clase de Elecci\u00f3n de Posibilidades en Bogot\u00e1, Colombia, mayo de 2019","rel":"","context":"Entrada similar","block_context":{"text":"Entrada similar","link":""},"img":{"alt_text":"","src":"https:\/\/i0.wp.com\/multiofertasvip.com\/wp-content\/uploads\/2024\/09\/ELIJO-DINERO.jpg?fit=200%2C200&ssl=1&resize=350%2C200","width":350,"height":200},"classes":[]},{"id":33612,"url":"https:\/\/multiofertasvip.com\/?product=afinate-con-el-saldo-verde-analiz-gastelo-obando","url_meta":{"origin":33617,"position":4},"title":"Af\u00ednate con el Saldo Verde-Analiz Gastelo Obando","author":"multiofertasvip","date":"enero 30, 2025","format":false,"excerpt":"Aprende como un sencillo afinador energ\u00e9tico puede ayudarte salir del estancamiento financiero. Solo te tomar\u00e1 30 minutos realizarla y tiene toda la eficacia que no te imaginas hasta que la vives \u2026 Dise\u00f1ada para realinear o equilibrar nuestra energ\u00eda y acercarnos con m\u00e1s prontitud a la manifestaci\u00f3n o al objetivo\u2026","rel":"","context":"Entrada similar","block_context":{"text":"Entrada similar","link":""},"img":{"alt_text":"","src":"https:\/\/i0.wp.com\/multiofertasvip.com\/wp-content\/uploads\/2025\/01\/saldo-verde.jpg?fit=200%2C200&ssl=1&resize=350%2C200","width":350,"height":200},"classes":[]},{"id":30287,"url":"https:\/\/multiofertasvip.com\/?product=favoritos-de-los-fans-de-cinco-semanas-revolucion-de-la-salud-mental-dr-kam-yuen","url_meta":{"origin":33617,"position":5},"title":"Favoritos De Los Fans De Cinco Semanas: Revoluci\u00f3n De La Salud Mental-Dr.Kam Yuen","author":"multiofertasvip","date":"marzo 31, 2022","format":false,"excerpt":"Incluye (8) lecciones de audio de alta definici\u00f3n (60 minutos cada una) \u00a0","rel":"","context":"Entrada similar","block_context":{"text":"Entrada similar","link":""},"img":{"alt_text":"","src":"https:\/\/i0.wp.com\/multiofertasvip.com\/wp-content\/uploads\/2022\/03\/mental.png?fit=200%2C200&ssl=1&resize=350%2C200","width":350,"height":200},"classes":[]}],"jetpack_sharing_enabled":false,"jetpack_likes_enabled":false,"_links":{"self":[{"href":"https:\/\/multiofertasvip.com\/index.php?rest_route=\/wp\/v2\/product\/33617","targetHints":{"allow":["GET"]}}],"collection":[{"href":"https:\/\/multiofertasvip.com\/index.php?rest_route=\/wp\/v2\/product"}],"about":[{"href":"https:\/\/multiofertasvip.com\/index.php?rest_route=\/wp\/v2\/types\/product"}],"version-history":[{"count":2,"href":"https:\/\/multiofertasvip.com\/index.php?rest_route=\/wp\/v2\/product\/33617\/revisions"}],"predecessor-version":[{"id":33623,"href":"https:\/\/multiofertasvip.com\/index.php?rest_route=\/wp\/v2\/product\/33617\/revisions\/33623"}],"wp:featuredmedia":[{"embeddable":true,"href":"https:\/\/multiofertasvip.com\/index.php?rest_route=\/wp\/v2\/media\/33620"}],"wp:attachment":[{"href":"https:\/\/multiofertasvip.com\/index.php?rest_route=%2Fwp%2Fv2%2Fmedia&parent=33617"}],"wp:term":[{"taxonomy":"product_brand","embeddable":true,"href":"https:\/\/multiofertasvip.com\/index.php?rest_route=%2Fwp%2Fv2%2Fproduct_brand&post=33617"},{"taxonomy":"product_cat","embeddable":true,"href":"https:\/\/multiofertasvip.com\/index.php?rest_route=%2Fwp%2Fv2%2Fproduct_cat&post=33617"},{"taxonomy":"product_tag","embeddable":true,"href":"https:\/\/multiofertasvip.com\/index.php?rest_route=%2Fwp%2Fv2%2Fproduct_tag&post=33617"}],"curies":[{"name":"wp","href":"https:\/\/api.w.org\/{rel}","templated":true}]}}