{"id":33604,"date":"2025-01-29T17:00:01","date_gmt":"2025-01-29T22:30:01","guid":{"rendered":"https:\/\/multiofertasvip.com\/?post_type=product&#038;p=33604"},"modified":"2025-01-29T17:03:11","modified_gmt":"2025-01-29T22:33:11","slug":"como-contactar-a-tus-angeles-tania-karam","status":"publish","type":"product","link":"https:\/\/multiofertasvip.com\/?product=como-contactar-a-tus-angeles-tania-karam","title":{"rendered":"C\u00f3mo Contactar a tus \u00c1ngeles-Tania Karam"},"content":{"rendered":"<div class=\"elementor-element elementor-element-48b0a182 e-flex e-con-boxed e-con e-parent e-lazyloaded\" data-id=\"48b0a182\" data-element_type=\"container\" data-settings=\"{&quot;background_background&quot;:&quot;classic&quot;}\">\n<div class=\"e-con-inner\">\n<div class=\"elementor-element elementor-element-607a2f40 elementor-widget elementor-widget-text-editor\" data-id=\"607a2f40\" data-element_type=\"widget\" data-widget_type=\"text-editor.default\">\n<div class=\"elementor-widget-container\">\n<p class=\"_mb-5\" role=\"paragraph\">\u00bfC\u00f3mo averiguo que Arc\u00e1ngel est\u00e1 conmigo? \u00bfC\u00f3mo se llama mi \u00e1ngel de la guarda?<\/p>\n<p class=\"_mb-5\" role=\"paragraph\">Este curso es perfecto para ti si quieres saber quienes son tus \u00e1ngeles, c\u00f3mo contactar con ellos, y c\u00f3mo recibir sus mensajes y se\u00f1ales. \u00a1Descubre cu\u00e1l arc\u00e1ngel te acompa\u00f1a por misi\u00f3n de vida!<\/p>\n<p class=\"_mb-5\" role=\"paragraph\">Los \u00e1ngeles responden a todas tus dudas, inquietudes y conocen lo que m\u00e1s te preocupa, por lo mismo saben lo que es mejor para ti. Este curso es totalmente pr\u00e1ctico y dise\u00f1ado para que recibas todo su amor y su sabidur\u00eda.<\/p>\n<p class=\"_mb-5\" role=\"paragraph\">\u00a1Permite que tus \u00e1ngeles te gu\u00eden y te den las respuestas que necesitas!<\/p>\n<\/div>\n<\/div>\n<\/div>\n<\/div>\n<div class=\"elementor-element elementor-element-58bd1839 e-flex e-con-boxed e-con e-parent e-lazyloaded\" data-id=\"58bd1839\" data-element_type=\"container\">\n<div class=\"e-con-inner\">\n<div class=\"elementor-element elementor-element-1cec781c e-con-full e-flex e-con e-child\" data-id=\"1cec781c\" data-element_type=\"container\"><\/div>\n<\/div>\n<\/div>\n<div class=\"elementor-element elementor-element-53e7be54 e-flex e-con-boxed e-con e-parent e-lazyloaded\" data-id=\"53e7be54\" data-element_type=\"container\" data-settings=\"{&quot;background_background&quot;:&quot;classic&quot;}\">\n<div class=\"e-con-inner\">\n<div class=\"elementor-element elementor-element-4f08c0ee elementor-widget elementor-widget-text-editor animated fadeInLeft\" data-id=\"4f08c0ee\" data-element_type=\"widget\" data-settings=\"{&quot;_animation&quot;:&quot;fadeInLeft&quot;}\" data-widget_type=\"text-editor.default\">\n<div class=\"elementor-widget-container\">\n<p>&nbsp;<\/p>\n<\/div>\n<\/div>\n<\/div>\n<\/div>\n","protected":false},"excerpt":{"rendered":"<p>\u00bfC\u00f3mo averiguo que Arc\u00e1ngel est\u00e1 conmigo? \u00bfC\u00f3mo se llama mi \u00e1ngel de la guarda? Este curso es perfecto para ti si quieres saber quienes son tus \u00e1ngeles, c\u00f3mo contactar con ellos, y c\u00f3mo recibir sus mensajes y se\u00f1ales. \u00a1Descubre cu\u00e1l arc\u00e1ngel te acompa\u00f1a por misi\u00f3n de vida! Los \u00e1ngeles responden a todas tus dudas, inquietudes [&#8230;]\n","protected":false},"featured_media":33606,"template":"","meta":{"_monsterinsights_skip_tracking":false,"_monsterinsights_sitenote_active":false,"_monsterinsights_sitenote_note":"","_monsterinsights_sitenote_category":0,"jetpack_post_was_ever_published":false,"jetpack_publicize_message":"","jetpack_publicize_feature_enabled":true,"jetpack_social_post_already_shared":true,"jetpack_social_options":{"image_generator_settings":{"template":"highway","default_image_id":0,"font":"","enabled":false},"version":2}},"product_brand":[],"product_cat":[46],"product_tag":[263,142,260,211,254,119,251,215,257,249,243,230,182,226,253,236,229,143,228,232,258,234,262,239,220,265,219,225,240,238,140,242,235,244,266,267,248,210,245,212,250,227,255,264,252,217,216,233,261,73,237,231,247,221,246,222,223,224,259,241,256,218,213,214,53],"class_list":{"0":"post-33604","1":"product","2":"type-product","3":"status-publish","4":"has-post-thumbnail","6":"product_cat-superacion","7":"product_tag-animales","8":"product_tag-avanzado","9":"product_tag-biden","10":"product_tag-billetes","11":"product_tag-bitcoin","12":"product_tag-carrera","13":"product_tag-china","14":"product_tag-christopher-olivarrieta","15":"product_tag-cine","16":"product_tag-coranavirus","17":"product_tag-cultura","18":"product_tag-cursos","19":"product_tag-dinero","20":"product_tag-dios","21":"product_tag-dolar","22":"product_tag-enric-corbera","23":"product_tag-ensenanza-en-casa","24":"product_tag-entidades","25":"product_tag-escuela","26":"product_tag-especialidad","27":"product_tag-estrenos","28":"product_tag-estudios","29":"product_tag-facebook","30":"product_tag-famosos","31":"product_tag-free","32":"product_tag-gatos","33":"product_tag-gratis","34":"product_tag-guerra","35":"product_tag-humor","36":"product_tag-internet","37":"product_tag-jose-palomo","38":"product_tag-juegos","39":"product_tag-lavin","40":"product_tag-manga","41":"product_tag-mercado-libre","42":"product_tag-mercado-pago","43":"product_tag-meteorologia","44":"product_tag-moneda","45":"product_tag-musica","46":"product_tag-nuevo","47":"product_tag-omnicron","48":"product_tag-oracion","49":"product_tag-peliculas","50":"product_tag-perros","51":"product_tag-peso","52":"product_tag-porn","53":"product_tag-porno","54":"product_tag-profesional","55":"product_tag-putin","56":"product_tag-salud","57":"product_tag-sexo","58":"product_tag-talleres","59":"product_tag-television","60":"product_tag-terapias","61":"product_tag-trabajo","62":"product_tag-ucrania","63":"product_tag-ukrania","64":"product_tag-usa","65":"product_tag-vacuna","66":"product_tag-viajes","67":"product_tag-videos","68":"product_tag-xxx","69":"product_tag-youtube","70":"product_tag-youtube-yuen-guadalajara","71":"product_tag-yuen","73":"first","74":"instock","75":"downloadable","76":"virtual","77":"purchasable","78":"product-type-simple"},"jetpack_publicize_connections":[],"jetpack-related-posts":[{"id":30687,"url":"https:\/\/multiofertasvip.com\/?product=curso-de-practicante-de-sanacion-angelical-academia-ancient-magik","url_meta":{"origin":33604,"position":0},"title":"Curso de Practicante de Sanaci\u00f3n Angelical-academia ancient Magik","author":"multiofertasvip","date":"enero 22, 2023","format":false,"excerpt":"Lo que aprender\u00e1s Aprovecha este fin de a\u00f1o y crea tu propio negocio como Practicante de Sanaci\u00f3n Angelical, Conoce a los \u00e1ngeles y c\u00f3mo conectarte con ellos Aprende la forma en que Trabaja la Sanaci\u00f3n Angelical C\u00f3mo comenzar un negocio en esta area de especializaci\u00f3n como Terapeuta de Sanaci\u00f3n Angelical\u2026","rel":"","context":"Entrada similar","block_context":{"text":"Entrada similar","link":""},"img":{"alt_text":"","src":"https:\/\/i0.wp.com\/multiofertasvip.com\/wp-content\/uploads\/2023\/01\/angelical.png?fit=200%2C200&ssl=1&resize=350%2C200","width":350,"height":200},"classes":[]},{"id":33600,"url":"https:\/\/multiofertasvip.com\/?product=terapeuta-angelical-educlases-online","url_meta":{"origin":33604,"position":1},"title":"Terapeuta Angelical-Educlases.online","author":"multiofertasvip","date":"enero 29, 2025","format":false,"excerpt":"Este curso es para ti si: \u00bfTe encuentras en un momento de mucha confusi\u00f3n y necesitas volver a encontrar tu equilibrio interno? \u00bfQuieres aprender a sanar internamente de situaciones que te han hecho mucho da\u00f1o emocional? \u00bfSientes que est\u00e1s en un punto de profunda angustia en tu vida y necesitas\u2026","rel":"","context":"Entrada similar","block_context":{"text":"Entrada similar","link":""},"img":{"alt_text":"","src":"https:\/\/i0.wp.com\/multiofertasvip.com\/wp-content\/uploads\/2025\/01\/terapeuta-angelical.jpg?fit=200%2C200&ssl=1&resize=350%2C200","width":350,"height":200},"classes":[]},{"id":35183,"url":"https:\/\/multiofertasvip.com\/?product=curso-online-canalizacion-espiritual-todohipno-actualizado-2","url_meta":{"origin":33604,"position":2},"title":"Curso Online Canalizaci\u00f3n Espiritual TodoHipno-Actualizado","author":"multiofertasvip","date":"marzo 19, 2026","format":false,"excerpt":"\u00a0 \u00a0 \u00a0 \u00a0 \u00a0 \u00a0 \u00a0","rel":"","context":"Entrada similar","block_context":{"text":"Entrada similar","link":""},"img":{"alt_text":"","src":"https:\/\/i0.wp.com\/www.todohipno.com\/wp-content\/uploads\/2021\/03\/curso-canalizacion-espiritual-1080x675.png?resize=350%2C200&ssl=1","width":350,"height":200,"srcset":"https:\/\/i0.wp.com\/www.todohipno.com\/wp-content\/uploads\/2021\/03\/curso-canalizacion-espiritual-1080x675.png?resize=350%2C200&ssl=1 1x, https:\/\/i0.wp.com\/www.todohipno.com\/wp-content\/uploads\/2021\/03\/curso-canalizacion-espiritual-1080x675.png?resize=525%2C300&ssl=1 1.5x, https:\/\/i0.wp.com\/www.todohipno.com\/wp-content\/uploads\/2021\/03\/curso-canalizacion-espiritual-1080x675.png?resize=700%2C400&ssl=1 2x"},"classes":[]},{"id":33608,"url":"https:\/\/multiofertasvip.com\/?product=reto-21-dias-aprende-a-canalizar-con-los-angeles-tania-karam","url_meta":{"origin":33604,"position":3},"title":"Reto 21 d\u00edas &#8211; Aprend\u00e9 a canalizar con los \u00e1ngeles-Tania Karam","author":"multiofertasvip","date":"enero 30, 2025","format":false,"excerpt":"En este reto de 21 d\u00edas Te ense\u00f1o todo sobre c\u00f3mo canalizar la energ\u00eda de los \u00e1ngeles Comenzamos el Domingo 15 de agosto en vivo! Si quer\u00e9s conectar con la divinidad que hay dentro tuyo Abrirte a la asistencia de los \u00e1ngeles Aprender a canalizar su energ\u00eda e interpretar sus\u2026","rel":"","context":"Entrada similar","block_context":{"text":"Entrada similar","link":""},"img":{"alt_text":"","src":"https:\/\/i0.wp.com\/multiofertasvip.com\/wp-content\/uploads\/2025\/01\/reto21.jpg?fit=200%2C200&ssl=1&resize=350%2C200","width":350,"height":200},"classes":[]},{"id":34160,"url":"https:\/\/multiofertasvip.com\/?product=curso-de-reiki-nivel-1-angeles-s-goyanes","url_meta":{"origin":33604,"position":4},"title":"Curso de Reiki Nivel 1-\u00c1ngeles S. Goyanes","author":"multiofertasvip","date":"agosto 19, 2025","format":false,"excerpt":"Caracter\u00edsticas \u00a0de este curso de Reiki de primer nivel Lecciones amenas y bien explicadas. Cada lecci\u00f3n est\u00e1 explicada en\u00a0v\u00eddeo. No te quedar\u00e1n dudas de c\u00f3mo has de realizar las partes pr\u00e1cticas: tratamiento, auto tratamiento y ejercicios. Adem\u00e1s, tendr\u00e1s\u00a0manuales y documentos de apoyo. Los v\u00eddeos no los puedes descargar pero los\u2026","rel":"","context":"Entrada similar","block_context":{"text":"Entrada similar","link":""},"img":{"alt_text":"","src":"https:\/\/i0.wp.com\/multiofertasvip.com\/wp-content\/uploads\/2025\/08\/reiki1.jpg?fit=200%2C200&ssl=1&resize=350%2C200","width":350,"height":200},"classes":[]},{"id":34675,"url":"https:\/\/multiofertasvip.com\/?product=como-atraer-a-tu-pareja-ideal-o-mejorar-la-actual-assaya","url_meta":{"origin":33604,"position":5},"title":"Como ATRAER a tu PAREJA IDEAL o MEJORAR la ACTUAL-Assaya","author":"multiofertasvip","date":"enero 8, 2026","format":false,"excerpt":"Temario \u2665 En este taller aprender\u00e1s a realizar dos t\u00e9cnicas pr\u00e1cticas y sencillas junto al ARC\u00c1NGEL CHAMUEL y la carta del Tarot de los ENAMORADOS. \u00a0 \u2665 En la PRIMERA T\u00c9CNICA\u00a0aprender\u00e1s COMO ATRAER A TU VIDA A TU PAREJA IDEAL, la que te har\u00e1 feliz a ti y a la\u2026","rel":"","context":"Entrada similar","block_context":{"text":"Entrada similar","link":""},"img":{"alt_text":"","src":"https:\/\/i0.wp.com\/multiofertasvip.com\/wp-content\/uploads\/2026\/01\/pareja-ideal-assaya.png?fit=200%2C200&ssl=1&resize=350%2C200","width":350,"height":200},"classes":[]}],"jetpack_sharing_enabled":false,"jetpack_likes_enabled":false,"_links":{"self":[{"href":"https:\/\/multiofertasvip.com\/index.php?rest_route=\/wp\/v2\/product\/33604","targetHints":{"allow":["GET"]}}],"collection":[{"href":"https:\/\/multiofertasvip.com\/index.php?rest_route=\/wp\/v2\/product"}],"about":[{"href":"https:\/\/multiofertasvip.com\/index.php?rest_route=\/wp\/v2\/types\/product"}],"version-history":[{"count":1,"href":"https:\/\/multiofertasvip.com\/index.php?rest_route=\/wp\/v2\/product\/33604\/revisions"}],"predecessor-version":[{"id":33607,"href":"https:\/\/multiofertasvip.com\/index.php?rest_route=\/wp\/v2\/product\/33604\/revisions\/33607"}],"wp:featuredmedia":[{"embeddable":true,"href":"https:\/\/multiofertasvip.com\/index.php?rest_route=\/wp\/v2\/media\/33606"}],"wp:attachment":[{"href":"https:\/\/multiofertasvip.com\/index.php?rest_route=%2Fwp%2Fv2%2Fmedia&parent=33604"}],"wp:term":[{"taxonomy":"product_brand","embeddable":true,"href":"https:\/\/multiofertasvip.com\/index.php?rest_route=%2Fwp%2Fv2%2Fproduct_brand&post=33604"},{"taxonomy":"product_cat","embeddable":true,"href":"https:\/\/multiofertasvip.com\/index.php?rest_route=%2Fwp%2Fv2%2Fproduct_cat&post=33604"},{"taxonomy":"product_tag","embeddable":true,"href":"https:\/\/multiofertasvip.com\/index.php?rest_route=%2Fwp%2Fv2%2Fproduct_tag&post=33604"}],"curies":[{"name":"wp","href":"https:\/\/api.w.org\/{rel}","templated":true}]}}