{"id":33588,"date":"2025-01-29T16:09:25","date_gmt":"2025-01-29T21:39:25","guid":{"rendered":"https:\/\/multiofertasvip.com\/?post_type=product&#038;p=33588"},"modified":"2025-01-29T16:23:30","modified_gmt":"2025-01-29T21:53:30","slug":"clase-global-de-barras-de-access-2024-dr-dain-heer","status":"publish","type":"product","link":"https:\/\/multiofertasvip.com\/?product=clase-global-de-barras-de-access-2024-dr-dain-heer","title":{"rendered":"Clase Global de Barras de Access 2024 Dr. Dain Heer"},"content":{"rendered":"<div class=\"html-div xdj266r x11i5rnm xat24cr x1mh8g0r xexx8yu x4uap5 x18d9i69 xkhd6sd\" dir=\"auto\">\n<div class=\"html-div xdj266r x11i5rnm xat24cr x1mh8g0r xexx8yu x4uap5 x18d9i69 xkhd6sd\" data-ad-rendering-role=\"story_message\">\n<div id=\":r2a:\" class=\"x1l90r2v x1iorvi4 x1ye3gou xn6708d\" data-ad-comet-preview=\"message\" data-ad-preview=\"message\">\n<div class=\"x78zum5 xdt5ytf xz62fqu x16ldp7u\">\n<div class=\"xu06os2 x1ok221b\">\n<div class=\"xdj266r x11i5rnm xat24cr x1mh8g0r x1vvkbs x126k92a\">\n<div dir=\"auto\">Acomp\u00e1\u00f1ame junto con miles de personas al rededor del mundo a la \u00daNICA clase de Barras que puedes tomar en l\u00ednea.<\/div>\n<\/div>\n<div class=\"x11i5rnm xat24cr x1mh8g0r x1vvkbs xtlvy1s x126k92a\">\n<div dir=\"auto\">La \u00daNICA que har\u00e9 este a\u00f1o.<\/div>\n<\/div>\n<div class=\"x11i5rnm xat24cr x1mh8g0r x1vvkbs xtlvy1s x126k92a\">\n<div dir=\"auto\">Puedes tomarla EN L\u00cdNEA desde cualquier parte del mundo, o venir en persona a CIUDAD DE M\u00c9XICO.<\/div>\n<\/div>\n<div class=\"x11i5rnm xat24cr x1mh8g0r x1vvkbs xtlvy1s x126k92a\">\n<div dir=\"auto\">Las Barras cambiaron mi vida por completo.<\/div>\n<\/div>\n<div class=\"x11i5rnm xat24cr x1mh8g0r x1vvkbs xtlvy1s x126k92a\">\n<div dir=\"auto\">No tengo suficientes palabras para expresar la gratitud que le tengo a esta modalidad.<\/div>\n<\/div>\n<div class=\"x11i5rnm xat24cr x1mh8g0r x1vvkbs xtlvy1s x126k92a\">\n<div dir=\"auto\">He presenciado milagros una y otra vez con miles de personas.<\/div>\n<\/div>\n<div class=\"x11i5rnm xat24cr x1mh8g0r x1vvkbs xtlvy1s x126k92a\">\n<div dir=\"auto\">Cualquier cosa es posible cuando dejas ir los puntos de vista que nos limitan.<\/div>\n<\/div>\n<div class=\"x11i5rnm xat24cr x1mh8g0r x1vvkbs xtlvy1s x126k92a\">\n<div dir=\"auto\">\u00bfQuieres venir a explorar?<\/div>\n<\/div>\n<div class=\"x11i5rnm xat24cr x1mh8g0r x1vvkbs xtlvy1s x126k92a\">\n<div dir=\"auto\">\u00a1Queda poco tiempo para unirte! Da click abajo para asegurar tu lugar antes de que se acaben los lugares.<\/div>\n<\/div>\n<\/div>\n<\/div>\n<\/div>\n<\/div>\n<\/div>\n<div id=\":r2b:\" class=\"html-div xdj266r x11i5rnm xat24cr x1mh8g0r xexx8yu x4uap5 x18d9i69 xkhd6sd x1n2onr6\">\n<div class=\"html-div xdj266r x11i5rnm xat24cr x1mh8g0r xexx8yu x4uap5 x18d9i69 xkhd6sd x1n2onr6\">\n<div class=\"xmjcpbm x1n2onr6\">\n<div class=\"x78zum5 x14ju556 x6ikm8r x10wlt62 x1n2onr6\" data-ad-rendering-role=\"image\">\n<div class=\"x6s0dn4 x1jx94hy x78zum5 xdt5ytf x6ikm8r x10wlt62 x1n2onr6 xh8yej3\">\n<div>\n<div class=\"xqtp20y x6ikm8r x10wlt62 x1n2onr6\">\n<div class=\"x10l6tqk x13vifvy\"><img fetchpriority=\"high\" decoding=\"async\" class=\"x1ey2m1c xds687c x5yr21d x10l6tqk x17qophe x13vifvy xh8yej3 xl1xv1r\" src=\"https:\/\/scontent.fmxl1-1.fna.fbcdn.net\/v\/t45.1600-4\/463639495_120214063292780558_9051828910810903756_n.jpg?stp=cp0_dst-jpg_p526x296_q75_spS444_tt6&amp;_nc_cat=110&amp;ccb=1-7&amp;_nc_sid=c02adf&amp;_nc_eui2=AeFKRaKftW9FUQcmPxm0Bp4C_14qf9y69lr_Xip_3Lr2WvFOcu5rW2MTDZ8B6rTF3y8H33BJd0PF8MgcL1PfWuAw&amp;_nc_ohc=crn2Cnw61GcQ7kNvgFt3y-5&amp;_nc_zt=1&amp;_nc_ht=scontent.fmxl1-1.fna&amp;_nc_gid=Alwg7MqfJtvOazMVB2Q4ofa&amp;oh=00_AYAVHasnsnjDAsA51fiIXdc2pHYmS2GSstopfyBxaAcmFg&amp;oe=67A07125\" alt=\"\u00a1\u00a1\u00daLTIMOS LUGARES para la clase Global de Barras de Access en CDMX con el Dr Dain Heer!!\" width=\"526\" height=\"526\" \/><\/div>\n<\/div>\n<\/div>\n<\/div>\n<\/div>\n<\/div>\n<\/div>\n<\/div>\n","protected":false},"excerpt":{"rendered":"<p>Acomp\u00e1\u00f1ame junto con miles de personas al rededor del mundo a la \u00daNICA clase de Barras que puedes tomar en l\u00ednea. La \u00daNICA que har\u00e9 este a\u00f1o. Puedes tomarla EN L\u00cdNEA desde cualquier parte del mundo, o venir en persona a CIUDAD DE M\u00c9XICO. Las Barras cambiaron mi vida por completo. No tengo suficientes palabras [&#8230;]\n","protected":false},"featured_media":33590,"template":"","meta":{"_monsterinsights_skip_tracking":false,"_monsterinsights_sitenote_active":false,"_monsterinsights_sitenote_note":"","_monsterinsights_sitenote_category":0,"jetpack_post_was_ever_published":false,"jetpack_publicize_message":"","jetpack_publicize_feature_enabled":true,"jetpack_social_post_already_shared":true,"jetpack_social_options":{"image_generator_settings":{"template":"highway","default_image_id":0,"font":"","enabled":false},"version":2}},"product_brand":[],"product_cat":[122],"product_tag":[263,142,260,211,254,119,251,215,257,249,243,230,182,226,253,236,229,143,228,232,258,234,262,239,220,265,219,225,240,238,140,242,235,244,266,267,248,210,245,212,250,227,255,264,252,217,216,233,261,73,237,231,247,221,246,222,223,224,259,241,256,218,213,214,53],"class_list":{"0":"post-33588","1":"product","2":"type-product","3":"status-publish","4":"has-post-thumbnail","6":"product_cat-access-consciousness","7":"product_tag-animales","8":"product_tag-avanzado","9":"product_tag-biden","10":"product_tag-billetes","11":"product_tag-bitcoin","12":"product_tag-carrera","13":"product_tag-china","14":"product_tag-christopher-olivarrieta","15":"product_tag-cine","16":"product_tag-coranavirus","17":"product_tag-cultura","18":"product_tag-cursos","19":"product_tag-dinero","20":"product_tag-dios","21":"product_tag-dolar","22":"product_tag-enric-corbera","23":"product_tag-ensenanza-en-casa","24":"product_tag-entidades","25":"product_tag-escuela","26":"product_tag-especialidad","27":"product_tag-estrenos","28":"product_tag-estudios","29":"product_tag-facebook","30":"product_tag-famosos","31":"product_tag-free","32":"product_tag-gatos","33":"product_tag-gratis","34":"product_tag-guerra","35":"product_tag-humor","36":"product_tag-internet","37":"product_tag-jose-palomo","38":"product_tag-juegos","39":"product_tag-lavin","40":"product_tag-manga","41":"product_tag-mercado-libre","42":"product_tag-mercado-pago","43":"product_tag-meteorologia","44":"product_tag-moneda","45":"product_tag-musica","46":"product_tag-nuevo","47":"product_tag-omnicron","48":"product_tag-oracion","49":"product_tag-peliculas","50":"product_tag-perros","51":"product_tag-peso","52":"product_tag-porn","53":"product_tag-porno","54":"product_tag-profesional","55":"product_tag-putin","56":"product_tag-salud","57":"product_tag-sexo","58":"product_tag-talleres","59":"product_tag-television","60":"product_tag-terapias","61":"product_tag-trabajo","62":"product_tag-ucrania","63":"product_tag-ukrania","64":"product_tag-usa","65":"product_tag-vacuna","66":"product_tag-viajes","67":"product_tag-videos","68":"product_tag-xxx","69":"product_tag-youtube","70":"product_tag-youtube-yuen-guadalajara","71":"product_tag-yuen","73":"first","74":"instock","75":"downloadable","76":"virtual","77":"purchasable","78":"product-type-simple"},"jetpack_publicize_connections":[],"jetpack-related-posts":[{"id":32101,"url":"https:\/\/multiofertasvip.com\/?product=magia-con-moleculas-lujo-y-prosperidad-2023-daniela-correa","url_meta":{"origin":33588,"position":0},"title":"Magia con Mol\u00e9culas Lujo y Prosperidad 2023-Daniela Correa","author":"multiofertasvip","date":"febrero 14, 2024","format":false,"excerpt":"Percibe lo que esta posibilidad tiene disponible para ti\u2026 \u00bfQu\u00e9 tomar\u00eda para que hoy reconozcas todo el lujo y la prosperidad que est\u00e1 disponible en el planeta?\u2026 Imagina c\u00f3mo ser\u00eda tu vida si eliges encarnar y actualizar estas dos energ\u00edas en tu realidad. Magia con Mol\u00e9culas es acerca de decir\u2026","rel":"","context":"Entrada similar","block_context":{"text":"Entrada similar","link":""},"img":{"alt_text":"","src":"https:\/\/i0.wp.com\/multiofertasvip.com\/wp-content\/uploads\/2024\/02\/magia-con-moleculas-lujo-y-prosperidad.png?fit=200%2C200&ssl=1&resize=350%2C200","width":350,"height":200},"classes":[]},{"id":30812,"url":"https:\/\/multiofertasvip.com\/?product=access-bar-hablando-con-las-entidades-manfred-zepeda","url_meta":{"origin":33588,"position":1},"title":"Access Bar Hablando con las Entidades-Manfred Zepeda","author":"multiofertasvip","date":"agosto 27, 2023","format":false,"excerpt":"\u00bfTe gustar\u00eda ser m\u00e1s consciente y presente con las energ\u00edas y tener comunicaci\u00f3n con seres del m\u00e1s all\u00e1? \u00danete a la clase de Hablando con Entidades donde aprender\u00e1s a desarrollar tus habilidades ps\u00edquicas y a cambiar tu forma de ver el mundo de los esp\u00edritus. Esta clase es altamente energ\u00e9tica\u2026","rel":"","context":"Entrada similar","block_context":{"text":"Entrada similar","link":""},"img":{"alt_text":"","src":"https:\/\/i0.wp.com\/multiofertasvip.com\/wp-content\/uploads\/2023\/04\/talk.jpg?fit=200%2C200&ssl=1&resize=350%2C200","width":350,"height":200},"classes":[]},{"id":30769,"url":"https:\/\/multiofertasvip.com\/?product=access-bar-fundamento-diamante-hector-isaac-rodriguez","url_meta":{"origin":33588,"position":2},"title":"Access Bar-Fundamento Diamante-Hector Isaac Rodriguez","author":"multiofertasvip","date":"agosto 27, 2023","format":false,"excerpt":"Fundamento Diamante en Canc\u00fan y Online 9, 10, 11 y 12 El Fundamento es una de las tres clases principales de Access Consciousness junto a la Barras y a Elecci\u00f3n de Posibilidades (C.O.P. - Choice of Possibilities).","rel":"","context":"Entrada similar","block_context":{"text":"Entrada similar","link":""},"img":{"alt_text":"","src":"https:\/\/i0.wp.com\/multiofertasvip.com\/wp-content\/uploads\/2023\/03\/fundamento.jpg?fit=200%2C200&ssl=1&resize=350%2C200","width":350,"height":200},"classes":[]},{"id":34615,"url":"https:\/\/multiofertasvip.com\/?product=el-manifiesto-harry-potra","url_meta":{"origin":33588,"position":3},"title":"El Manifiesto \u2013 Harry Potra","author":"multiofertasvip","date":"diciembre 15, 2025","format":false,"excerpt":"\u00a1Descubre el poder del \u00abManifiesto\u00bb en nuestro curso exclusivo! Aprender\u00e1s a expresar tus ideas y proyectos de manera impactante y efectiva. A trav\u00e9s de ejercicios pr\u00e1cticos y ejemplos inspiradores, desarrollar\u00e1s la habilidad de comunicar tu visi\u00f3n y conectar con tu audiencia. Ideal para emprendedores, creativos y l\u00edderes que desean dejar\u2026","rel":"","context":"Entrada similar","block_context":{"text":"Entrada similar","link":""},"img":{"alt_text":"","src":"https:\/\/i0.wp.com\/multiofertasvip.com\/wp-content\/uploads\/2025\/12\/EL-MANIFIESTO.png?fit=200%2C200&ssl=1&resize=350%2C200","width":350,"height":200},"classes":[]},{"id":34942,"url":"https:\/\/multiofertasvip.com\/?product=mentoria-imperio-digital-coral-mujaes","url_meta":{"origin":33588,"position":4},"title":"Mentor\u00eda Imperio Digital Coral Mujaes","author":"multiofertasvip","date":"marzo 5, 2026","format":false,"excerpt":"\u00a0 \u00a1Descubre el camino hacia el \u00e9xito empresarial con nuestro exclusivo curso de\u00a0Mentor\u00eda Imperio Digital! Este programa est\u00e1 dise\u00f1ado para emprendedores, creativos y profesionales que quieren llevar sus habilidades al siguiente nivel en el apasionante mundo digital. Imagina aprender de expertos que han recorrido el sendero del emprendimiento digital con\u2026","rel":"","context":"Entrada similar","block_context":{"text":"Entrada similar","link":""},"img":{"alt_text":"","src":"https:\/\/i0.wp.com\/multiofertasvip.com\/wp-content\/uploads\/2026\/03\/mentoria.png?fit=200%2C200&ssl=1&resize=350%2C200","width":350,"height":200},"classes":[]},{"id":35194,"url":"https:\/\/multiofertasvip.com\/?product=el-oraculo-de-las-diosas-eduardo-dharma-yoel-2","url_meta":{"origin":33588,"position":5},"title":"El Or\u00e1culo de las Diosas \u2013 Eduardo Dharma Yoel","author":"multiofertasvip","date":"marzo 19, 2026","format":false,"excerpt":"\u00a0 \u00a0 \u00a0 \u00a0 \u00a0 \u00a0 \u00a0","rel":"","context":"Entrada similar","block_context":{"text":"Entrada similar","link":""},"img":{"alt_text":"","src":"https:\/\/i0.wp.com\/multiofertasvip.com\/wp-content\/uploads\/2026\/03\/del-oraculo-de-las-diosas.png?fit=200%2C200&ssl=1&resize=350%2C200","width":350,"height":200},"classes":[]}],"jetpack_sharing_enabled":false,"jetpack_likes_enabled":false,"_links":{"self":[{"href":"https:\/\/multiofertasvip.com\/index.php?rest_route=\/wp\/v2\/product\/33588","targetHints":{"allow":["GET"]}}],"collection":[{"href":"https:\/\/multiofertasvip.com\/index.php?rest_route=\/wp\/v2\/product"}],"about":[{"href":"https:\/\/multiofertasvip.com\/index.php?rest_route=\/wp\/v2\/types\/product"}],"version-history":[{"count":2,"href":"https:\/\/multiofertasvip.com\/index.php?rest_route=\/wp\/v2\/product\/33588\/revisions"}],"predecessor-version":[{"id":33593,"href":"https:\/\/multiofertasvip.com\/index.php?rest_route=\/wp\/v2\/product\/33588\/revisions\/33593"}],"wp:featuredmedia":[{"embeddable":true,"href":"https:\/\/multiofertasvip.com\/index.php?rest_route=\/wp\/v2\/media\/33590"}],"wp:attachment":[{"href":"https:\/\/multiofertasvip.com\/index.php?rest_route=%2Fwp%2Fv2%2Fmedia&parent=33588"}],"wp:term":[{"taxonomy":"product_brand","embeddable":true,"href":"https:\/\/multiofertasvip.com\/index.php?rest_route=%2Fwp%2Fv2%2Fproduct_brand&post=33588"},{"taxonomy":"product_cat","embeddable":true,"href":"https:\/\/multiofertasvip.com\/index.php?rest_route=%2Fwp%2Fv2%2Fproduct_cat&post=33588"},{"taxonomy":"product_tag","embeddable":true,"href":"https:\/\/multiofertasvip.com\/index.php?rest_route=%2Fwp%2Fv2%2Fproduct_tag&post=33588"}],"curies":[{"name":"wp","href":"https:\/\/api.w.org\/{rel}","templated":true}]}}