{"id":33585,"date":"2025-03-11T10:48:36","date_gmt":"2025-03-11T16:18:36","guid":{"rendered":"https:\/\/multiofertasvip.com\/?post_type=product&#038;p=33585"},"modified":"2025-03-11T14:55:57","modified_gmt":"2025-03-11T20:25:57","slug":"taller-exito-2025-yuen-guadalajara","status":"publish","type":"product","link":"https:\/\/multiofertasvip.com\/?product=taller-exito-2025-yuen-guadalajara","title":{"rendered":"Taller Exito 2025-Yuen Guadalajara"},"content":{"rendered":"<p>B\u00f3rremos memorias y recuerdos ocultos en nuestro sistema familiar y ancestral que no \u201cnos dejan\u201d movernos con facilidad en los temas de dinero.<\/p>\n<p>Nuestra conexi\u00f3n con el dinero depende de muchos factores, en este taller especializado de tres sesiones de dos horas cada una abordaremos esos aspectos.<\/p>\n<p>Si lo eliges bien, sino tambi\u00e9n est\u00e1 bien.<\/p>\n","protected":false},"excerpt":{"rendered":"<p>B\u00f3rremos memorias y recuerdos ocultos en nuestro sistema familiar y ancestral que no \u201cnos dejan\u201d movernos con facilidad en los temas de dinero. Nuestra conexi\u00f3n con el dinero depende de muchos factores, en este taller especializado de tres sesiones de dos horas cada una abordaremos esos aspectos. Si lo eliges bien, sino tambi\u00e9n est\u00e1 bien.<\/p>\n","protected":false},"featured_media":33586,"template":"","meta":{"_monsterinsights_skip_tracking":false,"_monsterinsights_sitenote_active":false,"_monsterinsights_sitenote_note":"","_monsterinsights_sitenote_category":0,"jetpack_post_was_ever_published":false,"jetpack_publicize_message":"","jetpack_publicize_feature_enabled":true,"jetpack_social_post_already_shared":true,"jetpack_social_options":{"image_generator_settings":{"template":"highway","default_image_id":0,"font":"","enabled":false},"version":2}},"product_brand":[],"product_cat":[87],"product_tag":[263,142,260,211,254,119,251,215,257,249,243,230,182,226,253,236,229,143,228,232,258,234,262,239,220,265,219,225,240,238,140,242,235,244,266,267,248,210,245,212,250,227,255,264,252,217,216,233,261,73,237,231,247,221,246,222,223,224,259,241,256,218,213,214,53],"class_list":{"0":"post-33585","1":"product","2":"type-product","3":"status-publish","4":"has-post-thumbnail","6":"product_cat-metodo-yuen","7":"product_tag-animales","8":"product_tag-avanzado","9":"product_tag-biden","10":"product_tag-billetes","11":"product_tag-bitcoin","12":"product_tag-carrera","13":"product_tag-china","14":"product_tag-christopher-olivarrieta","15":"product_tag-cine","16":"product_tag-coranavirus","17":"product_tag-cultura","18":"product_tag-cursos","19":"product_tag-dinero","20":"product_tag-dios","21":"product_tag-dolar","22":"product_tag-enric-corbera","23":"product_tag-ensenanza-en-casa","24":"product_tag-entidades","25":"product_tag-escuela","26":"product_tag-especialidad","27":"product_tag-estrenos","28":"product_tag-estudios","29":"product_tag-facebook","30":"product_tag-famosos","31":"product_tag-free","32":"product_tag-gatos","33":"product_tag-gratis","34":"product_tag-guerra","35":"product_tag-humor","36":"product_tag-internet","37":"product_tag-jose-palomo","38":"product_tag-juegos","39":"product_tag-lavin","40":"product_tag-manga","41":"product_tag-mercado-libre","42":"product_tag-mercado-pago","43":"product_tag-meteorologia","44":"product_tag-moneda","45":"product_tag-musica","46":"product_tag-nuevo","47":"product_tag-omnicron","48":"product_tag-oracion","49":"product_tag-peliculas","50":"product_tag-perros","51":"product_tag-peso","52":"product_tag-porn","53":"product_tag-porno","54":"product_tag-profesional","55":"product_tag-putin","56":"product_tag-salud","57":"product_tag-sexo","58":"product_tag-talleres","59":"product_tag-television","60":"product_tag-terapias","61":"product_tag-trabajo","62":"product_tag-ucrania","63":"product_tag-ukrania","64":"product_tag-usa","65":"product_tag-vacuna","66":"product_tag-viajes","67":"product_tag-videos","68":"product_tag-xxx","69":"product_tag-youtube","70":"product_tag-youtube-yuen-guadalajara","71":"product_tag-yuen","73":"first","74":"instock","75":"downloadable","76":"virtual","77":"purchasable","78":"product-type-simple"},"jetpack_publicize_connections":[],"jetpack-related-posts":[{"id":30291,"url":"https:\/\/multiofertasvip.com\/?product=taller-para-quitar-karmas-y-maldiciones-manuel-marquez","url_meta":{"origin":33585,"position":0},"title":"Taller para quitar karmas y maldiciones-Manuel Marquez","author":"multiofertasvip","date":"marzo 31, 2022","format":false,"excerpt":"El taller para quitar karmas y maldiciones ser\u00e1 la mejor protecci\u00f3n que puedas tener para poder avanzar con tu vida y vivir en plenitud. Imparte: Manuel M\u00e1rquez, instructor certificado en M\u00e9todo Yuen. \u00bfAlguien no te paga? \u00bfTe llevabas bien con alguien y ahora ya no? \u00bfLleg\u00f3 la herencia y tu\u2026","rel":"","context":"Entrada similar","block_context":{"text":"Entrada similar","link":""},"img":{"alt_text":"","src":"https:\/\/i0.wp.com\/multiofertasvip.com\/wp-content\/uploads\/2022\/03\/karmas.png?fit=200%2C200&ssl=1&resize=350%2C200","width":350,"height":200},"classes":[]},{"id":31021,"url":"https:\/\/multiofertasvip.com\/?product=taller-yuen-guadalajara-autosabotaje-1-y-2","url_meta":{"origin":33585,"position":1},"title":"Taller Yuen Guadalajara-Autosabotaje 1 y 2","author":"multiofertasvip","date":"octubre 30, 2023","format":false,"excerpt":"*Incluye:* \u2705 Grabaci\u00f3n en audio formato mp3 \u2705 Grabaci\u00f3n en Video De qu\u00e9 se trata este taller? Cada uno de nosotros de distintas formas impedimos que tengamos \u00e9xito en las distintas \u00e1reas de nuestra vida, vivimos tan aprisa que ni siquiera nos damos tiempo de reconocer que nosotros mismos nos\u2026","rel":"","context":"Entrada similar","block_context":{"text":"Entrada similar","link":""},"img":{"alt_text":"","src":"https:\/\/i0.wp.com\/multiofertasvip.com\/wp-content\/uploads\/2023\/10\/autosabotaje.jpg?fit=200%2C200&ssl=1&resize=350%2C200","width":350,"height":200},"classes":[]},{"id":31083,"url":"https:\/\/multiofertasvip.com\/?product=taller-yuen-guadalajara-autosabotaje-2","url_meta":{"origin":33585,"position":2},"title":"Taller Yuen Guadalajara- Autosabotaje 3","author":"multiofertasvip","date":"diciembre 11, 2023","format":false,"excerpt":"e qu\u00e9 se trata este taller? Cada uno de nosotros de distintas formas impedimos que tengamos \u00e9xito en las distintas \u00e1reas de nuestra vida, vivimos tan aprisa que ni siquiera nos damos tiempo de reconocer que nosotros mismos nos generamos bloqueos para mejorar Estamos hechos de memorias, esas memorias al\u2026","rel":"","context":"Entrada similar","block_context":{"text":"Entrada similar","link":""},"img":{"alt_text":"\u2705","src":"https:\/\/static.xx.fbcdn.net\/images\/emoji.php\/v9\/t33\/1\/16\/2705.png","width":350,"height":200},"classes":[]},{"id":30187,"url":"https:\/\/multiofertasvip.com\/?product=metodo-yuen-taller-conecta-con-la-energia-del-dinero-christopher-o","url_meta":{"origin":33585,"position":3},"title":"Metodo Yuen-Taller Conecta con la Energia del Dinero-Christopher O.","author":"multiofertasvip","date":"enero 12, 2022","format":false,"excerpt":"FORTALECIMIENTOS, MENTORIA FINANCIERA, TIPS , RECOMENDACIONES PARA UNA VIDA ABUNTANTE, 4 CLASES DE 1 HRS APROX. CADA UNA","rel":"","context":"Entrada similar","block_context":{"text":"Entrada similar","link":""},"img":{"alt_text":"","src":"https:\/\/i0.wp.com\/multiofertasvip.com\/wp-content\/uploads\/2022\/01\/dinero2.jpg?fit=200%2C200&ssl=1&resize=350%2C200","width":350,"height":200},"classes":[]},{"id":30229,"url":"https:\/\/multiofertasvip.com\/?product=taller-claves-para-generar-una-mente-abundante-enric-corbera","url_meta":{"origin":33585,"position":4},"title":"Taller Claves para Generar una Mente Abundante-Enric Corbera","author":"multiofertasvip","date":"julio 27, 2023","format":false,"excerpt":"Desbloquea tu abundancia para crear la vida que quieres En este taller profundizaremos en el concepto de abundancia. Descubrir\u00e1s las claves para propiciar este estado mental en ti y recursos pr\u00e1cticos para identificar las creencias y resonancias familiares que pueden estar dificultando que fluya la prosperidad en tu vida. Aprende\u2026","rel":"","context":"Entrada similar","block_context":{"text":"Entrada similar","link":""},"img":{"alt_text":"","src":"https:\/\/i0.wp.com\/multiofertasvip.com\/wp-content\/uploads\/2022\/01\/Captura-1.png?fit=200%2C200&ssl=1&resize=350%2C200","width":350,"height":200},"classes":[]},{"id":30295,"url":"https:\/\/multiofertasvip.com\/?product=taller-dinero-estas-ahi-metodo-mcha","url_meta":{"origin":33585,"position":5},"title":"Taller dinero estas ah\u00ed. M\u00e9todo MCHA","author":"multiofertasvip","date":"abril 8, 2022","format":false,"excerpt":"\u00bfPor qu\u00e9 este curso sobre el dinero? \u00a0 Porque el dinero, en nuestra sociedad, es fundamental. Fundamental porque nos garantiza la supervivencia y nos permite complacernos o complacer a aquellos a los que amamos, \u00a1y tambi\u00e9n es un instrumento de libertad y de poder! As\u00ed que, forzosamente, muchas \u00abcosas\u00bb de\u2026","rel":"","context":"Entrada similar","block_context":{"text":"Entrada similar","link":""},"img":{"alt_text":"","src":"https:\/\/i0.wp.com\/multiofertasvip.com\/wp-content\/uploads\/2022\/04\/taller-dinero-estas-ahi-metodo-mcha.jpg?fit=200%2C200&ssl=1&resize=350%2C200","width":350,"height":200},"classes":[]}],"jetpack_sharing_enabled":false,"jetpack_likes_enabled":false,"_links":{"self":[{"href":"https:\/\/multiofertasvip.com\/index.php?rest_route=\/wp\/v2\/product\/33585","targetHints":{"allow":["GET"]}}],"collection":[{"href":"https:\/\/multiofertasvip.com\/index.php?rest_route=\/wp\/v2\/product"}],"about":[{"href":"https:\/\/multiofertasvip.com\/index.php?rest_route=\/wp\/v2\/types\/product"}],"version-history":[{"count":2,"href":"https:\/\/multiofertasvip.com\/index.php?rest_route=\/wp\/v2\/product\/33585\/revisions"}],"predecessor-version":[{"id":33589,"href":"https:\/\/multiofertasvip.com\/index.php?rest_route=\/wp\/v2\/product\/33585\/revisions\/33589"}],"wp:featuredmedia":[{"embeddable":true,"href":"https:\/\/multiofertasvip.com\/index.php?rest_route=\/wp\/v2\/media\/33586"}],"wp:attachment":[{"href":"https:\/\/multiofertasvip.com\/index.php?rest_route=%2Fwp%2Fv2%2Fmedia&parent=33585"}],"wp:term":[{"taxonomy":"product_brand","embeddable":true,"href":"https:\/\/multiofertasvip.com\/index.php?rest_route=%2Fwp%2Fv2%2Fproduct_brand&post=33585"},{"taxonomy":"product_cat","embeddable":true,"href":"https:\/\/multiofertasvip.com\/index.php?rest_route=%2Fwp%2Fv2%2Fproduct_cat&post=33585"},{"taxonomy":"product_tag","embeddable":true,"href":"https:\/\/multiofertasvip.com\/index.php?rest_route=%2Fwp%2Fv2%2Fproduct_tag&post=33585"}],"curies":[{"name":"wp","href":"https:\/\/api.w.org\/{rel}","templated":true}]}}