{"id":33502,"date":"2024-12-19T13:02:02","date_gmt":"2024-12-19T18:32:02","guid":{"rendered":"https:\/\/multiofertasvip.com\/?post_type=product&#038;p=33502"},"modified":"2024-12-19T13:08:12","modified_gmt":"2024-12-19T18:38:12","slug":"soy-riqueza-tatiana-arias","status":"publish","type":"product","link":"https:\/\/multiofertasvip.com\/?product=soy-riqueza-tatiana-arias","title":{"rendered":"Soy Riqueza Tatiana Arias"},"content":{"rendered":"<div id=\"section-1719423899296\" data-section-id=\"1719423899296\">\n<section class=\"section hidden--mobile background-dark\" data-reveal-event=\"\" data-reveal-offset=\"\" data-reveal-units=\"seconds\">\n<div class=\"sizer\">\n<div class=\"container\">\n<div class=\"row align-items-center justify-content-center\">\n<div id=\"block-1719423899296_0\" class=\"block-type--text text-left col-6\" data-reveal-event=\"\" data-reveal-offset=\"\" data-reveal-units=\"seconds\">\n<div class=\"block box-shadow- aos-init aos-animate\" data-aos=\"none\" data-aos-delay=\"0\" data-aos-duration=\"0\"><\/div>\n<\/div>\n<\/div>\n<\/div>\n<\/div>\n<\/section>\n<\/div>\n<div id=\"section-1719599516205\" data-section-id=\"1719599516205\">\n<section class=\"section background-light\" data-reveal-event=\"\" data-reveal-offset=\"\" data-reveal-units=\"seconds\">\n<div class=\"sizer\">\n<div class=\"container\">\n<div class=\"row align-items-center justify-content-center\">\n<div id=\"block-1719599516205_0\" class=\"block-type--text text-left col-6\" data-reveal-event=\"\" data-reveal-offset=\"\" data-reveal-units=\"seconds\">\n<div class=\"block box-shadow- aos-init aos-animate\" data-aos=\"none\" data-aos-delay=\"0\" data-aos-duration=\"0\"><\/div>\n<\/div>\n<\/div>\n<\/div>\n<\/div>\n<\/section>\n<\/div>\n<div id=\"section-1719600020922\" data-section-id=\"1719600020922\">\n<section class=\"section background-dark\" data-reveal-event=\"\" data-reveal-offset=\"\" data-reveal-units=\"seconds\">\n<div class=\"sizer\">\n<div id=\"block-1719601119382_0\" class=\"block-type--text text-left col-6\" data-reveal-event=\"\" data-reveal-offset=\"\" data-reveal-units=\"seconds\">\n<div class=\"block box-shadow- aos-init aos-animate\" data-aos=\"none\" data-aos-delay=\"0\" data-aos-duration=\"0\">\n<section class=\"has-background-image has-background-size-cover section css-qdpxz4\" data-guid=\"43bfaa4a-634e-59b6-48e5-7fb5fe0d1269\" data-background=\"https:\/\/lh3.googleusercontent.com\/q2OA7TQ4zy5NDCLcOfDttWfxOJbfBMKEUTkBRS82ORth-4LmuY_Z4qbt7DYL_ixCoxC0juDhAPd8cv7TFyTNk-Sy9e8zxJLtLVFs\">\n<div id=\"intro\" class=\"container\">\n<div class=\"layout flex flex--12\" data-guid=\"e7286e06-1397-2c0a-b0be-372ed3b3674f\">\n<div class=\"column flex__item--md-6 flex__item--xs-12 css-1b5csnr\" data-guid=\"d4867826-b1f3-0dcc-c56a-9f642d1cac76\">\n<div class=\"inner-column css-efs6e5\">\n<div class=\"row flex flex--12 css-47r3vg\">\n<div class=\"composite flex__item--md-12 flex__item--xs-12 css-8x0d4x\">\n<div class=\"inner-composite flex flex--12\">\n<div class=\"widget-column flex__item--md-12 flex__item--xs-12\">\n<div class=\"widget-row flex flex--12\">\n<div class=\"flex__item--md-12 flex__item--xs-12\">\n<div class=\"widget\" data-widget-id=\"dc31c87b-ac7d-ebb2-02d3-bd2a10a13baa\">\n<div class=\"lp-text-react lp-headline-react\" data-widget-type=\"LpTextReact\">\n<h3 class=\"lp-headline text-align-left font-scale-10 line-height-scale-4 gutter-bottom-6 small-subhead\"><strong>\u00bfC\u00f3mo lograr Riqueza ilimitada?<\/strong><\/h3>\n<p class=\"text-align-left font-scale-5 line-height-scale-8 gutter-bottom-1\">Puede que tu mente se niegue a entender lo que estoy por decirte, pero tu alma s\u00ed lo entender\u00e1.<\/p>\n<p class=\"text-align-left font-scale-5 line-height-scale-8 gutter-bottom-1\">\n<p class=\"text-align-left font-scale-5 line-height-scale-8 gutter-bottom-1\">La riqueza no tiene nada que ver con lo que HACES y tiene todo que ver con lo que ERES.<\/p>\n<p class=\"text-align-left font-scale-5 line-height-scale-8 gutter-bottom-1\">\n<p class=\"text-align-left font-scale-5 line-height-scale-8 gutter-bottom-1\">Por eso, antes de manifestar abundancia material, tienes que SER y SENTIR riqueza.<\/p>\n<\/div>\n<\/div>\n<\/div>\n<\/div>\n<\/div>\n<\/div>\n<\/div>\n<\/div>\n<\/div>\n<\/div>\n<div class=\"column flex__item--md-6 flex__item--xs-12 css-1b5csnr\" data-guid=\"295c534f-af78-fe28-9e1c-812d3f14d6b4\">\n<div class=\"inner-column css-efs6e5\">\n<div class=\"row flex flex--12 css-47r3vg\">\n<div class=\"composite flex__item--md-12 flex__item--xs-12 css-8x0d4x\">\n<div class=\"inner-composite flex flex--12\">\n<div class=\"widget-column flex__item--md-12 flex__item--xs-12\">\n<div class=\"widget-row flex flex--12\">\n<div class=\"flex__item--md-12 flex__item--xs-12\">\n<div class=\"widget\" data-widget-id=\"749cb2cd-35ba-5957-561b-7c2b30c53231\">\n<div class=\"lp-space-react w-749cb2cd-35ba-5957-561b-7c2b30c53231 css-1mnv36a\" data-widget-type=\"LpSpaceReact\"><\/div>\n<\/div>\n<\/div>\n<\/div>\n<\/div>\n<\/div>\n<\/div>\n<\/div>\n<div class=\"row flex flex--12 css-47r3vg\">\n<div class=\"composite flex__item--md-12 flex__item--xs-12 css-8x0d4x\">\n<div class=\"inner-composite flex flex--12\">\n<div class=\"widget-column flex__item--md-12 flex__item--xs-12\">\n<div class=\"widget-row flex flex--12\">\n<div class=\"flex__item--md-12 flex__item--xs-12\">\n<div class=\"widget\" data-widget-id=\"92b4d27b-246c-1b0e-082b-017309ff57f9\">\n<div class=\"lp-text-react lp-headline-react\" data-widget-type=\"LpTextReact\">\n<h3 class=\"lp-headline text-align-right font-scale-10 line-height-scale-4 gutter-bottom-6 small-subhead\"><strong>Como humanidad se nos olvid\u00f3 el verdadero juego del dinero <\/strong><\/h3>\n<p class=\"text-align-right font-scale-5 line-height-scale-8 gutter-bottom-1\">Y ahora t\u00fa y yo tenemos en nuestras manos el poder de CAMBIAR LA HISTORIA.<\/p>\n<p class=\"text-align-right font-scale-5 line-height-scale-8 gutter-bottom-1\">\n<p class=\"text-align-right font-scale-5 line-height-scale-8 gutter-bottom-1\">Esta es una invitaci\u00f3n a reclamar la riqueza que te pertenece por derecho divino y al fin experimentar ABUNDANCIA ILIMITADA.<\/p>\n<\/div>\n<\/div>\n<\/div>\n<\/div>\n<\/div>\n<\/div>\n<\/div>\n<\/div>\n<\/div>\n<\/div>\n<\/div>\n<\/div>\n<\/section>\n<section class=\"has-background-image has-background-size-cover section css-1qusc19\" data-guid=\"53b30308-5a77-b3fe-cb0a-d2531a65d328\" data-background=\"https:\/\/lh3.googleusercontent.com\/-LnVcMlaxMYiePJfZzfdTO2178M_zC9l09SEPwJn6N6lmBghIsbIMWhmt7Gu7H4eu2iN3a-AU0EkgPLw591SbD2Uuc6VjVW-0cM\">\n<div id=\"posiblemente\" class=\"container\">\n<div class=\"layout flex flex--12\" data-guid=\"17131b4e-a5bf-df6b-e0d7-a98bc32a186d\">\n<div class=\"column flex__item--md-12 flex__item--xs-12 css-1b5csnr\" data-guid=\"5a69c684-3ba9-62d8-9f04-4649de138e2c\">\n<div class=\"inner-column css-efs6e5\">\n<div class=\"row flex flex--12 css-47r3vg\">\n<div class=\"composite flex__item--md-12 flex__item--xs-12 css-8x0d4x\">\n<div class=\"inner-composite flex flex--12\">\n<div class=\"widget-column flex__item--md-12 flex__item--xs-12\">\n<div class=\"widget-row flex flex--12\">\n<div class=\"flex__item--md-12 flex__item--xs-12\">\n<div class=\"widget\" data-widget-id=\"0ad1a506-ce56-fcf7-5f9c-33582163cbbe\">\n<div class=\"lp-text-react lp-headline-react\" data-widget-type=\"LpTextReact\">\n<h2 class=\"lp-headline text-align-left font-scale-10 line-height-scale-4 gutter-bottom-9 subhead\">Posiblemente, ya has le\u00eddo una infinidad de libros sobre riqueza y dinero, hecho un mont\u00f3n de cursos, y a\u00fan as\u00ed&#8230;<\/h2>\n<p class=\"text-align-left font-scale-8 line-height-scale-8 gutter-bottom-1\"><strong>Sigues sin alcanzar los resultados que sue\u00f1as.<\/strong><\/p>\n<p class=\"text-align-left font-scale-5 line-height-scale-8 gutter-bottom-1\">\n<p class=\"text-align-left font-scale-5 line-height-scale-8 gutter-bottom-1\"><span class=\"font-scale-6\"><strong>D\u00e9jame mostrarte c\u00f3mo cuando ERES riqueza:<br \/>\n<\/strong><\/span><strong><br \/>\n<\/strong><\/p>\n<ul class=\"lp-list text-align-left font-scale-5 line-height-scale-8 gutter-bottom-1 lp-list--checkmark\" data-guid=\"db2d197f-de29-b06b-f2d6-88b5527eba44\" data-bullet-color=\"rgba(244, 202, 109, 1)\">\n<li>Experimentas una comprensi\u00f3n inamovible de que Dios es tu proveedor.<\/li>\n<li>Limpias asociaciones y creencias negativas sobre el dinero.<\/li>\n<li>Entiendes c\u00f3mo se siente vivir diariamente en un estado de riqueza ilimitada.<\/li>\n<\/ul>\n<\/div>\n<\/div>\n<\/div>\n<\/div>\n<\/div>\n<\/div>\n<\/div>\n<\/div>\n<\/div>\n<\/div>\n<\/div>\n<\/div>\n<\/section>\n<\/div>\n<\/div>\n<div id=\"block-1719601119382_1\" class=\"block-type--image text- col-6\" data-reveal-event=\"\" data-reveal-offset=\"\" data-reveal-units=\"seconds\">\n<div class=\"block box-shadow- aos-init aos-animate\" data-aos=\"none\" data-aos-delay=\"0\" data-aos-duration=\"0\">\n<div class=\"image\"><\/div>\n<\/div>\n<\/div>\n<\/div>\n<\/section>\n<\/div>\n","protected":false},"excerpt":{"rendered":"<p>\u00bfC\u00f3mo lograr Riqueza ilimitada? Puede que tu mente se niegue a entender lo que estoy por decirte, pero tu alma s\u00ed lo entender\u00e1. La riqueza no tiene nada que ver con lo que HACES y tiene todo que ver con lo que ERES. Por eso, antes de manifestar abundancia material, tienes que SER y SENTIR [&#8230;]\n","protected":false},"featured_media":33503,"template":"","meta":{"_monsterinsights_skip_tracking":false,"_monsterinsights_sitenote_active":false,"_monsterinsights_sitenote_note":"","_monsterinsights_sitenote_category":0,"jetpack_post_was_ever_published":false,"jetpack_publicize_message":"","jetpack_publicize_feature_enabled":true,"jetpack_social_post_already_shared":true,"jetpack_social_options":{"image_generator_settings":{"template":"highway","default_image_id":0,"font":"","enabled":false},"version":2}},"product_brand":[],"product_cat":[46],"product_tag":[263,142,260,211,254,119,251,215,257,249,243,230,182,226,253,236,229,143,228,232,258,234,262,239,220,265,219,225,240,238,140,242,235,244,266,267,248,210,245,212,250,227,255,264,252,217,216,233,261,73,237,231,247,221,246,222,223,224,259,241,256,218,213,214,53],"class_list":{"0":"post-33502","1":"product","2":"type-product","3":"status-publish","4":"has-post-thumbnail","6":"product_cat-superacion","7":"product_tag-animales","8":"product_tag-avanzado","9":"product_tag-biden","10":"product_tag-billetes","11":"product_tag-bitcoin","12":"product_tag-carrera","13":"product_tag-china","14":"product_tag-christopher-olivarrieta","15":"product_tag-cine","16":"product_tag-coranavirus","17":"product_tag-cultura","18":"product_tag-cursos","19":"product_tag-dinero","20":"product_tag-dios","21":"product_tag-dolar","22":"product_tag-enric-corbera","23":"product_tag-ensenanza-en-casa","24":"product_tag-entidades","25":"product_tag-escuela","26":"product_tag-especialidad","27":"product_tag-estrenos","28":"product_tag-estudios","29":"product_tag-facebook","30":"product_tag-famosos","31":"product_tag-free","32":"product_tag-gatos","33":"product_tag-gratis","34":"product_tag-guerra","35":"product_tag-humor","36":"product_tag-internet","37":"product_tag-jose-palomo","38":"product_tag-juegos","39":"product_tag-lavin","40":"product_tag-manga","41":"product_tag-mercado-libre","42":"product_tag-mercado-pago","43":"product_tag-meteorologia","44":"product_tag-moneda","45":"product_tag-musica","46":"product_tag-nuevo","47":"product_tag-omnicron","48":"product_tag-oracion","49":"product_tag-peliculas","50":"product_tag-perros","51":"product_tag-peso","52":"product_tag-porn","53":"product_tag-porno","54":"product_tag-profesional","55":"product_tag-putin","56":"product_tag-salud","57":"product_tag-sexo","58":"product_tag-talleres","59":"product_tag-television","60":"product_tag-terapias","61":"product_tag-trabajo","62":"product_tag-ucrania","63":"product_tag-ukrania","64":"product_tag-usa","65":"product_tag-vacuna","66":"product_tag-viajes","67":"product_tag-videos","68":"product_tag-xxx","69":"product_tag-youtube","70":"product_tag-youtube-yuen-guadalajara","71":"product_tag-yuen","73":"first","74":"instock","75":"downloadable","76":"virtual","77":"purchasable","78":"product-type-simple"},"jetpack_publicize_connections":[],"jetpack-related-posts":[{"id":33510,"url":"https:\/\/multiofertasvip.com\/?product=academia-de-riqueza-tatiana-arias","url_meta":{"origin":33502,"position":0},"title":"Academia de Riqueza Tatiana Arias","author":"multiofertasvip","date":"diciembre 19, 2024","format":false,"excerpt":"La \u00danica Comunidad del Mercado Hispano\u2026 La\u00a0F\u00f3rmula Paso a Paso\u00a0para Crear Riqueza y poder vivir en plena Libertad y Tranquilidad Financiera (te encuentres en la situaci\u00f3n que te encuentres).\u00a0\u00a0Aprende c\u00f3mo hacer para que el dinero\u00a0trabaje para ti hoy mismo. \u00a0\u00a0Lo que conseguir\u00e1s con este programa pr\u00e1ctico y concreto \u00a1Felicitaciones! Hoy\u2026","rel":"","context":"Entrada similar","block_context":{"text":"Entrada similar","link":""},"img":{"alt_text":"","src":"https:\/\/i0.wp.com\/multiofertasvip.com\/wp-content\/uploads\/2024\/12\/academia-de-riqueza.jpg?fit=200%2C200&ssl=1&resize=350%2C200","width":350,"height":200},"classes":[]},{"id":33515,"url":"https:\/\/multiofertasvip.com\/?product=felicidad-sin-deudas-3-0-tatiana-arias","url_meta":{"origin":33502,"position":1},"title":"Felicidad Sin Deudas 3.0 Tatiana Arias","author":"multiofertasvip","date":"diciembre 19, 2024","format":false,"excerpt":"Felicidad sin Deudas 3.0 \u00a0\u201cHas Pensado Alguna Vez en Qu\u00e9 Har\u00edas Si el Dinero No Fuera un Problema\u201d \u00bfC\u00f3mo Ser\u00eda Tu Vida si No Tuvieras que Volver a Preocuparte por Pagar Deudas o por estar en D\u00e9ficit? \u00bfC\u00f3mo ser\u00eda tu vida si tuvieras Tranquilidad Financiera? \u00a0 \u00a0 \u00a0 \u00a0 \u00a0\u2026","rel":"","context":"Entrada similar","block_context":{"text":"Entrada similar","link":""},"img":{"alt_text":"","src":"https:\/\/i0.wp.com\/s3.amazonaws.com\/kajabi-storefronts-production\/site\/1912\/images\/nkf9h440ROCq75GCbBy2_Screen%20Shot%202016-06-05%20at%209.53.10%20PM.png?resize=350%2C200&ssl=1","width":350,"height":200},"classes":[]},{"id":34119,"url":"https:\/\/multiofertasvip.com\/?product=el-juego-espiritual-del-dinero-lida-arias","url_meta":{"origin":33502,"position":2},"title":"El Juego Espiritual del Dinero Lida Arias","author":"multiofertasvip","date":"agosto 6, 2025","format":false,"excerpt":"\u00a1Descubre el poderoso \u201cJuego Espiritual del Dinero\u201d y transforma tu relaci\u00f3n con la abundancia! \u00bfTe has preguntado alguna vez por qu\u00e9 algunas personas parecen atraer la riqueza de manera natural, mientras que otras luchan constantemente con sus finanzas? La respuesta no est\u00e1 \u00fanicamente en el trabajo duro o en la\u2026","rel":"","context":"Entrada similar","block_context":{"text":"Entrada similar","link":""},"img":{"alt_text":"","src":"https:\/\/i0.wp.com\/multiofertasvip.com\/wp-content\/uploads\/2025\/08\/JUEGO-ESPIRITUAL.jpg?fit=200%2C200&ssl=1&resize=350%2C200","width":350,"height":200},"classes":[]},{"id":30685,"url":"https:\/\/multiofertasvip.com\/?product=sanacion-pleyadiana-tatiana-romero","url_meta":{"origin":33502,"position":3},"title":"Sanaci\u00f3n Pleyadiana-Tatiana Romero","author":"multiofertasvip","date":"enero 22, 2023","format":false,"excerpt":"Este es un curso totalmente canalizado desde la Consciencia Pleyadiana. Aqu\u00ed nos adentraremos a la Sanaci\u00f3n profunda y real de la informaci\u00f3n almica. De la mano de la T\u00e9cnica de Sanaci\u00f3n lograremos conocer de qu\u00e9 se trata el proceso de liberaci\u00f3n, elevaci\u00f3n de frecuencia, y transformaci\u00f3n de la realidad. Comenzaremos\u2026","rel":"","context":"Entrada similar","block_context":{"text":"Entrada similar","link":""},"img":{"alt_text":"","src":"https:\/\/i0.wp.com\/multiofertasvip.com\/wp-content\/uploads\/2023\/01\/Udemy-copy-300x168-1.png?fit=200%2C200&ssl=1&resize=350%2C200","width":350,"height":200},"classes":[]},{"id":32796,"url":"https:\/\/multiofertasvip.com\/?product=desata-tu-riqueza-elma-galvan","url_meta":{"origin":33502,"position":4},"title":"Desata tu Riqueza-Elma Galvan","author":"multiofertasvip","date":"mayo 13, 2024","format":false,"excerpt":"\u00a0Desata tu riqueza 5 jalones energ\u00e9ticos en vivo \u00bfC\u00f3mo ser\u00eda desatar tus flujos de dinero y que se exponenciales tu riqueza?\u00a0\u00a0 \u00a1Hola mi potente!\u00a0\u00bfTe gustar\u00eda \"Desatar tu riqueza\" y aprender a manifestar la abundancia que mereces?\u00a0Durante\u00a05 sesiones de jalones energ\u00e9ticos (Energy pulls), descubrir\u00e1s c\u00f3mo liberarte de creencias limitantes y activar\u2026","rel":"","context":"Entrada similar","block_context":{"text":"Entrada similar","link":""},"img":{"alt_text":"","src":"https:\/\/i0.wp.com\/multiofertasvip.com\/wp-content\/uploads\/2024\/05\/desata-tu-riqueza.png?fit=200%2C200&ssl=1&resize=350%2C200","width":350,"height":200},"classes":[]},{"id":30964,"url":"https:\/\/multiofertasvip.com\/?product=el-codigo-del-adn-de-la-riqueza-henrique-hernandez","url_meta":{"origin":33502,"position":5},"title":"El C\u00f3digo del ADN de la Riqueza-Henrique Hernandez","author":"multiofertasvip","date":"septiembre 5, 2023","format":false,"excerpt":"El C\u00f3digo del ADN de la Riqueza Autor:\u00a0Henrique Hern\u00e1ndez Idioma:\u00a0Espa\u00f1ol Formatos:\u00a0mp4 (Video), PDF (eBook) Peso:\u00a0107 Mb","rel":"","context":"Entrada similar","block_context":{"text":"Entrada similar","link":""},"img":{"alt_text":"","src":"https:\/\/i0.wp.com\/multiofertasvip.com\/wp-content\/uploads\/2023\/09\/El-Codigo-del-ADN-de-la-Riqueza-Henrique-Hernandez.jpg?fit=200%2C200&ssl=1&resize=350%2C200","width":350,"height":200},"classes":[]}],"jetpack_sharing_enabled":false,"jetpack_likes_enabled":false,"_links":{"self":[{"href":"https:\/\/multiofertasvip.com\/index.php?rest_route=\/wp\/v2\/product\/33502","targetHints":{"allow":["GET"]}}],"collection":[{"href":"https:\/\/multiofertasvip.com\/index.php?rest_route=\/wp\/v2\/product"}],"about":[{"href":"https:\/\/multiofertasvip.com\/index.php?rest_route=\/wp\/v2\/types\/product"}],"version-history":[{"count":1,"href":"https:\/\/multiofertasvip.com\/index.php?rest_route=\/wp\/v2\/product\/33502\/revisions"}],"predecessor-version":[{"id":33505,"href":"https:\/\/multiofertasvip.com\/index.php?rest_route=\/wp\/v2\/product\/33502\/revisions\/33505"}],"wp:featuredmedia":[{"embeddable":true,"href":"https:\/\/multiofertasvip.com\/index.php?rest_route=\/wp\/v2\/media\/33503"}],"wp:attachment":[{"href":"https:\/\/multiofertasvip.com\/index.php?rest_route=%2Fwp%2Fv2%2Fmedia&parent=33502"}],"wp:term":[{"taxonomy":"product_brand","embeddable":true,"href":"https:\/\/multiofertasvip.com\/index.php?rest_route=%2Fwp%2Fv2%2Fproduct_brand&post=33502"},{"taxonomy":"product_cat","embeddable":true,"href":"https:\/\/multiofertasvip.com\/index.php?rest_route=%2Fwp%2Fv2%2Fproduct_cat&post=33502"},{"taxonomy":"product_tag","embeddable":true,"href":"https:\/\/multiofertasvip.com\/index.php?rest_route=%2Fwp%2Fv2%2Fproduct_tag&post=33502"}],"curies":[{"name":"wp","href":"https:\/\/api.w.org\/{rel}","templated":true}]}}