{"id":33497,"date":"2024-12-18T16:57:32","date_gmt":"2024-12-18T22:27:32","guid":{"rendered":"https:\/\/multiofertasvip.com\/?post_type=product&#038;p=33497"},"modified":"2024-12-18T17:13:55","modified_gmt":"2024-12-18T22:43:55","slug":"maestria-en-biodescodificacion-pablo-vazquez-kunz","status":"publish","type":"product","link":"https:\/\/multiofertasvip.com\/?product=maestria-en-biodescodificacion-pablo-vazquez-kunz","title":{"rendered":"Maestr\u00eda en Biodescodificaci\u00f3n Pablo Vazquez Kunz"},"content":{"rendered":"<div id=\"section-1719423899296\" data-section-id=\"1719423899296\">\n<section class=\"section hidden--mobile background-dark\" data-reveal-event=\"\" data-reveal-offset=\"\" data-reveal-units=\"seconds\">\n<div class=\"sizer\">\n<div class=\"container\">\n<div class=\"row align-items-center justify-content-center\">\n<div id=\"block-1719423899296_0\" class=\"block-type--text text-left col-6\" data-reveal-event=\"\" data-reveal-offset=\"\" data-reveal-units=\"seconds\">\n<div class=\"block box-shadow- aos-init aos-animate\" data-aos=\"none\" data-aos-delay=\"0\" data-aos-duration=\"0\">\n<h2><img data-recalc-dims=\"1\" decoding=\"async\" class=\"aligncenter\" src=\"https:\/\/i0.wp.com\/cursosenoferta.com\/amlsup1\/maestria%20en%20biodescodificacion%20pablo%20vazquez%20kunz%20-%20archivos.jpg?w=1020&#038;ssl=1\" alt=\"xxxx\" \/><\/h2>\n<h2><\/h2>\n<h2>Llega hasta donde nadie se anima a ir y sobresale por encima del resto<\/h2>\n<p>&nbsp;<\/p>\n<p><strong>\u00bfTe gustar\u00eda hacer la diferencia en tus sesiones de Biodescodificaci\u00f3n\u00ae?<\/strong><\/p>\n<p>En este curso aprender\u00e1s todo lo que debe conocer un Maestro de la Biodescodificaci\u00f3n\u00ae, para dominar de principio a fin el arte de transformar las creencias y las emociones.<\/p>\n<p><strong>La Maestr\u00eda en Biodescodificaci\u00f3n\u00ae<\/strong>\u00a0es mucho m\u00e1s que una formaci\u00f3n; es entrar en el mundo secreto de la mente humana. Convi\u00e9rtete en Maestro y s\u00e9 el cambio que deseas crear en el mundo.<\/p>\n<p>Accede a los conocimientos que solo los mejores biodescodificadores del mundo conocen. Aprender\u00e1s c\u00f3mo biodescodificar las denominadas &#8220;Enfermedades incurables&#8221; como c\u00e1ncer en etapa avanzada, HIV, Enfermedades neurodegenerativas, Diabetes tipo 1 y Esclerosis m\u00faltiple, entre otras.<\/p>\n<\/div>\n<\/div>\n<div id=\"block-1719598515683\" class=\"block-type--pricing text-center col-6\" data-reveal-event=\"\" data-reveal-offset=\"\" data-reveal-units=\"seconds\">\n<div class=\"block box-shadow-medium background-light aos-init aos-animate\" data-aos=\"none\" data-aos-delay=\"0\" data-aos-duration=\"0\">\n<div class=\"pricing\"><\/div>\n<\/div>\n<\/div>\n<\/div>\n<\/div>\n<\/div>\n<\/section>\n<\/div>\n<div id=\"section-1719599015278\" data-section-id=\"1719599015278\">\n<section class=\"section background-light\" data-reveal-event=\"\" data-reveal-offset=\"\" data-reveal-units=\"seconds\">\n<div class=\"sizer\">\n<div class=\"section__overlay\"><\/div>\n<div class=\"container\">\n<div class=\"row align-items-center justify-content-left\">\n<div id=\"block-1719599015278_0\" class=\"block-type--text text-left col-6\" data-reveal-event=\"\" data-reveal-offset=\"\" data-reveal-units=\"seconds\">\n<div class=\"block box-shadow- aos-init aos-animate\" data-aos=\"none\" data-aos-delay=\"0\" data-aos-duration=\"0\">\n<h2>Sum\u00e9rgete durante 2 meses en la\u00a0Maestr\u00eda en Biodescodificaci\u00f3n<\/h2>\n<p>&nbsp;<\/p>\n<p>Durante 2 horas diarias ser\u00e1s guiado a trav\u00e9s del M\u00e9todo PVK para entender que debe haber en la mente de un biodescodificador maestro y c\u00f3mo acompa\u00f1ar a sus consultantes en sus traumas y enfermedades m\u00e1s dif\u00edciles.<\/p>\n<\/div>\n<\/div>\n<div id=\"block-1719601087582\" class=\"block-type--image text- col-6\" data-reveal-event=\"\" data-reveal-offset=\"\" data-reveal-units=\"seconds\">\n<div class=\"block box-shadow- aos-init aos-animate\" data-aos=\"none\" data-aos-delay=\"0\" data-aos-duration=\"0\">\n<div class=\"image\"><img data-recalc-dims=\"1\" decoding=\"async\" class=\"image__image\" src=\"https:\/\/i0.wp.com\/kajabi-storefronts-production.kajabi-cdn.com\/kajabi-storefronts-production\/file-uploads\/themes\/2157847848\/settings_images\/dbab87-6787-888e-8de4-37851616418_DSC_5958.jpg?w=1020&#038;ssl=1\" alt=\"\" \/><\/div>\n<\/div>\n<\/div>\n<\/div>\n<\/div>\n<\/div>\n<\/section>\n<\/div>\n<div id=\"section-1719599501573\" data-section-id=\"1719599501573\">\n<section class=\"section hidden--mobile\" data-reveal-event=\"\" data-reveal-offset=\"\" data-reveal-units=\"seconds\">\n<div class=\"sizer\">\n<div class=\"section__overlay\"><\/div>\n<div class=\"container\">\n<div class=\"row align-items-center justify-content-left\">\n<div id=\"block-1719599501573_0\" class=\"block-type--text text-left col-6\" data-reveal-event=\"\" data-reveal-offset=\"\" data-reveal-units=\"seconds\">\n<div class=\"block box-shadow- aos-init aos-animate\" data-aos=\"none\" data-aos-delay=\"0\" data-aos-duration=\"0\">\n<h2>Conoce a Pablo Kunz<\/h2>\n<p>&nbsp;<\/p>\n<h4><strong>Fundador y CEO de Pablo Vazquez Academy.<br \/>\nEs Lic. en Psicolog\u00eda y Especialista en Biodescodificaci\u00f3n\u00ae<\/strong><strong>.<\/strong><\/h4>\n<p>Biodescodificador, orador internacional y autor de libros de Biodescodificaci\u00f3n\u00ae, Crecimiento Personal y Espiritual del mundo en habla hispana.<\/p>\n<p>Sus libros son: S\u00e9 tu propio biodescodificador,\u00a0 Las 10 leyes de la biodescodificaci\u00f3n\u00ae y C\u00f3mo Biodescodificar la depresi\u00f3n y la ansiedad.\u00a0Creador de programas de Psicolog\u00eda pr\u00e1ctica para el desarrollo personal.<\/p>\n<p>Pablo Vazquez es conocido como el biodescodificador m\u00e1s influyente de Am\u00e9rica Latina.<\/p>\n<\/div>\n<\/div>\n<\/div>\n<\/div>\n<\/div>\n<\/section>\n<\/div>\n<div id=\"section-1720453365746\" data-section-id=\"1720453365746\"><\/div>\n<div id=\"section-1720453389578\" data-section-id=\"1720453389578\"><\/div>\n<div id=\"section-1719599516205\" data-section-id=\"1719599516205\">\n<section class=\"section background-light\" data-reveal-event=\"\" data-reveal-offset=\"\" data-reveal-units=\"seconds\">\n<div class=\"sizer\">\n<div class=\"section__overlay\"><\/div>\n<div class=\"container\">\n<div class=\"row align-items-center justify-content-center\">\n<div id=\"block-1719599823625\" class=\"block-type--image text- col-6\" data-reveal-event=\"\" data-reveal-offset=\"\" data-reveal-units=\"seconds\">\n<div class=\"block box-shadow- aos-init aos-animate\" data-aos=\"none\" data-aos-delay=\"0\" data-aos-duration=\"0\">\n<div class=\"image\"><img data-recalc-dims=\"1\" decoding=\"async\" class=\"image__image\" src=\"https:\/\/i0.wp.com\/kajabi-storefronts-production.kajabi-cdn.com\/kajabi-storefronts-production\/file-uploads\/themes\/2157847848\/settings_images\/0686d86-5a1e-eb77-be-4835be31407f_Recurso_16.png?w=1020&#038;ssl=1\" alt=\"\" \/><\/div>\n<\/div>\n<\/div>\n<div id=\"block-1719599516205_0\" class=\"block-type--text text-left col-6\" data-reveal-event=\"\" data-reveal-offset=\"\" data-reveal-units=\"seconds\">\n<div class=\"block box-shadow- aos-init aos-animate\" data-aos=\"none\" data-aos-delay=\"0\" data-aos-duration=\"0\">\n<h2>Esta\u00a0Maestr\u00eda\u00a0es para ti si:<\/h2>\n<p><strong><i class=\"far fa-check-circle\">\u00a0<\/i>\u00a0Si quieres vivir abundantemente de la biodescodificaci\u00f3n.<br \/>\n<i class=\"far fa-check-circle\">\u00a0<\/i>\u00a0Si quieres eliminar tus miedos al \u00e9xito m\u00e1s profundos.<br \/>\n<i class=\"far fa-check-circle\">\u00a0<\/i>\u00a0Si quieres desarrollar el arte de interpretar y descubrir los verdaderos conflictos.<br \/>\n<i class=\"far fa-check-circle\">\u00a0<\/i>\u00a0Si quieres hackear cualquier inconsciente que este frente a ti.<\/strong><\/p>\n<p><strong>Crecer\u00e1s en estas \u00e1reas:<\/strong><\/p>\n<ul>\n<li><strong>Manifestar tus metas.<\/strong><\/li>\n<li><strong>Har\u00e1s crecer tu carrera.<\/strong><\/li>\n<li><strong>Ser\u00e1s un experto detective.<\/strong><\/li>\n<li><strong>Dominar\u00e1s las 5 leyes biol\u00f3gicas.<\/strong><\/li>\n<li><strong>Conocer\u00e1s los secretos del inconsciente.<\/strong><\/li>\n<\/ul>\n<\/div>\n<\/div>\n<\/div>\n<\/div>\n<\/div>\n<\/section>\n<\/div>\n<div id=\"section-1719600020922\" data-section-id=\"1719600020922\">\n<section class=\"section background-dark\" data-reveal-event=\"\" data-reveal-offset=\"\" data-reveal-units=\"seconds\">\n<div class=\"sizer\">\n<div id=\"block-1719601119382_2\" class=\"block-type--text text-center col-9\" data-reveal-event=\"\" data-reveal-offset=\"\" data-reveal-units=\"seconds\">\n<div class=\"block box-shadow- aos-init aos-animate\" data-aos=\"none\" data-aos-delay=\"0\" data-aos-duration=\"0\">\n<h2>Programa de la Maestr\u00eda<\/h2>\n<\/div>\n<\/div>\n<div id=\"block-1719601119382_0\" class=\"block-type--text text-left col-6\" data-reveal-event=\"\" data-reveal-offset=\"\" data-reveal-units=\"seconds\">\n<div class=\"block box-shadow- aos-init aos-animate\" data-aos=\"none\" data-aos-delay=\"0\" data-aos-duration=\"0\">\n<p><strong>La Maestr\u00eda est\u00e1 dise\u00f1ada en 7 m\u00f3dulos con clases en vivo<\/strong>, material de lectura y tareas para asimilar la informaci\u00f3n. Los 7 m\u00f3dulos se dictan en 4 semanas.<\/p>\n<p>Adem\u00e1s, tendr\u00e1s 3 semanas de pr\u00e1cticas diarias para\u00a0<strong>convertirte en un Maestro.<\/strong><\/p>\n<p>Y terminar\u00e1s tu formaci\u00f3n realizando un examen integrador. Durante las 8 semanas del programa\u00a0<strong>Pablo te acompa\u00f1ar\u00e1 d\u00eda a d\u00eda<\/strong>\u00a0por telegram y zoom.<\/p>\n<p>Y por 12 meses tendr\u00e1s soporte de tu tutor para que consultes todo.<\/p>\n<\/div>\n<\/div>\n<div id=\"block-1719601119382_1\" class=\"block-type--image text- col-6\" data-reveal-event=\"\" data-reveal-offset=\"\" data-reveal-units=\"seconds\">\n<div class=\"block box-shadow- aos-init aos-animate\" data-aos=\"none\" data-aos-delay=\"0\" data-aos-duration=\"0\">\n<div class=\"image\"><img data-recalc-dims=\"1\" decoding=\"async\" class=\"image__image\" src=\"https:\/\/i0.wp.com\/kajabi-storefronts-production.kajabi-cdn.com\/kajabi-storefronts-production\/file-uploads\/themes\/2157847848\/settings_images\/d57bb0e-201-b07-8c3-3ffe0d43ef0_Recurso_23.png?w=1020&#038;ssl=1\" \/><\/div>\n<\/div>\n<\/div>\n<\/div>\n<\/section>\n<\/div>\n","protected":false},"excerpt":{"rendered":"<p>Llega hasta donde nadie se anima a ir y sobresale por encima del resto &nbsp; \u00bfTe gustar\u00eda hacer la diferencia en tus sesiones de Biodescodificaci\u00f3n\u00ae? En este curso aprender\u00e1s todo lo que debe conocer un Maestro de la Biodescodificaci\u00f3n\u00ae, para dominar de principio a fin el arte de transformar las creencias y las emociones. La [&#8230;]\n","protected":false},"featured_media":33498,"template":"","meta":{"_monsterinsights_skip_tracking":false,"_monsterinsights_sitenote_active":false,"_monsterinsights_sitenote_note":"","_monsterinsights_sitenote_category":0,"jetpack_post_was_ever_published":false,"jetpack_publicize_message":"","jetpack_publicize_feature_enabled":true,"jetpack_social_post_already_shared":true,"jetpack_social_options":{"image_generator_settings":{"template":"highway","default_image_id":0,"font":"","enabled":false},"version":2}},"product_brand":[],"product_cat":[146],"product_tag":[263,142,260,211,254,119,251,215,257,249,243,230,182,226,253,236,229,143,228,232,258,234,262,239,220,265,219,225,240,238,140,242,235,244,266,267,248,210,245,212,250,227,255,264,252,217,216,233,261,73,237,231,247,221,246,222,223,224,259,241,256,218,213,214,53],"class_list":{"0":"post-33497","1":"product","2":"type-product","3":"status-publish","4":"has-post-thumbnail","6":"product_cat-biodescodificacion","7":"product_tag-animales","8":"product_tag-avanzado","9":"product_tag-biden","10":"product_tag-billetes","11":"product_tag-bitcoin","12":"product_tag-carrera","13":"product_tag-china","14":"product_tag-christopher-olivarrieta","15":"product_tag-cine","16":"product_tag-coranavirus","17":"product_tag-cultura","18":"product_tag-cursos","19":"product_tag-dinero","20":"product_tag-dios","21":"product_tag-dolar","22":"product_tag-enric-corbera","23":"product_tag-ensenanza-en-casa","24":"product_tag-entidades","25":"product_tag-escuela","26":"product_tag-especialidad","27":"product_tag-estrenos","28":"product_tag-estudios","29":"product_tag-facebook","30":"product_tag-famosos","31":"product_tag-free","32":"product_tag-gatos","33":"product_tag-gratis","34":"product_tag-guerra","35":"product_tag-humor","36":"product_tag-internet","37":"product_tag-jose-palomo","38":"product_tag-juegos","39":"product_tag-lavin","40":"product_tag-manga","41":"product_tag-mercado-libre","42":"product_tag-mercado-pago","43":"product_tag-meteorologia","44":"product_tag-moneda","45":"product_tag-musica","46":"product_tag-nuevo","47":"product_tag-omnicron","48":"product_tag-oracion","49":"product_tag-peliculas","50":"product_tag-perros","51":"product_tag-peso","52":"product_tag-porn","53":"product_tag-porno","54":"product_tag-profesional","55":"product_tag-putin","56":"product_tag-salud","57":"product_tag-sexo","58":"product_tag-talleres","59":"product_tag-television","60":"product_tag-terapias","61":"product_tag-trabajo","62":"product_tag-ucrania","63":"product_tag-ukrania","64":"product_tag-usa","65":"product_tag-vacuna","66":"product_tag-viajes","67":"product_tag-videos","68":"product_tag-xxx","69":"product_tag-youtube","70":"product_tag-youtube-yuen-guadalajara","71":"product_tag-yuen","73":"first","74":"instock","75":"downloadable","76":"virtual","77":"purchasable","78":"product-type-simple"},"jetpack_publicize_connections":[],"jetpack-related-posts":[{"id":31153,"url":"https:\/\/multiofertasvip.com\/?product=bases-primordiales-de-la-biodescodificacion-pablo-vazquez","url_meta":{"origin":33497,"position":0},"title":"Bases Primordiales de la Biodescodificaci\u00f3n-Pablo Vazquez","author":"multiofertasvip","date":"enero 2, 2024","format":false,"excerpt":"\u00bfTe gustar\u00eda descubrir una nueva psicolog\u00eda para sanar tu pasado, potenciar tu presente y crear tu futuro? En este curso aprender\u00e1s un concepto de salud mental donde descubrir\u00e1s la relaci\u00f3n inseparable entre los conflictos emocionales, los s\u00edntomas f\u00edsicos y la calidad de nuestras relaciones. Bases Primordiales de la Biodescodificaci\u00f3n\u00ae es\u2026","rel":"","context":"Entrada similar","block_context":{"text":"Entrada similar","link":""},"img":{"alt_text":"","src":"https:\/\/i0.wp.com\/multiofertasvip.com\/wp-content\/uploads\/2024\/01\/bases-primordiales.png?fit=200%2C200&ssl=1&resize=350%2C200","width":350,"height":200},"classes":[]},{"id":30896,"url":"https:\/\/multiofertasvip.com\/?product=diplomado-de-descodificacion-pablo-vazquez-kuns","url_meta":{"origin":33497,"position":1},"title":"Diplomado de Descodificacion-Pablo Vazquez Kuns","author":"multiofertasvip","date":"agosto 5, 2023","format":false,"excerpt":"\u00a0 \u00a0","rel":"","context":"Entrada similar","block_context":{"text":"Entrada similar","link":""},"img":{"alt_text":"","src":"https:\/\/i0.wp.com\/multiofertasvip.com\/wp-content\/uploads\/2023\/08\/diplomado-en-biodescodificacion-pablo-vazquez-archivos-300x249.jpg?resize=350%2C200&ssl=1","width":350,"height":200},"classes":[]},{"id":31155,"url":"https:\/\/multiofertasvip.com\/?product=las-10-leyes-de-la-biodescodificacion-pablo-vazquez","url_meta":{"origin":33497,"position":2},"title":"Las 10 leyes de la Biodescodificaci\u00f3n-Pablo Vazquez","author":"multiofertasvip","date":"enero 2, 2024","format":false,"excerpt":"No es necesario que sigas sufriendo y sintiendo estr\u00e9s, ya es hora de superar el malestar y salir del sacrificio. Cuando aprendes Las 10 leyes descubres que atraer abundancia es posible. Toda ciencia tiene sus leyes y cuando se aplican correctamente se logran resultados similares. \"Con mi programa Las 10\u2026","rel":"","context":"Entrada similar","block_context":{"text":"Entrada similar","link":""},"img":{"alt_text":"","src":"https:\/\/i0.wp.com\/multiofertasvip.com\/wp-content\/uploads\/2024\/01\/10-leyes-de-la-biodescodificacion.png?fit=200%2C200&ssl=1&resize=350%2C200","width":350,"height":200},"classes":[]},{"id":34105,"url":"https:\/\/multiofertasvip.com\/?product=carrera-especialista-en-biodescodificacion-edicion-online","url_meta":{"origin":33497,"position":3},"title":"Carrera Especialista en Biodescodificacion Edicion Online-Walter Leon","author":"multiofertasvip","date":"agosto 6, 2025","format":false,"excerpt":"Una oportunidad para reconocerte creador de tu realidad. Sanar tus heridas emocionales del pasado. Vivir en un equilibrio pleno en mente, cuerpo y esp\u00edritu. Un curso con un total de 100 horas de clases te\u00f3ricas-pr\u00e1cticas 12 meses de duraci\u00f3n. Las clases se liberan una vez por semana. Puedes ver las\u2026","rel":"","context":"Entrada similar","block_context":{"text":"Entrada similar","link":""},"img":{"alt_text":"","src":"https:\/\/i0.wp.com\/multiofertasvip.com\/wp-content\/uploads\/2025\/08\/carrera-especialista-en-biodescodificacion.png?fit=200%2C200&ssl=1&resize=350%2C200","width":350,"height":200},"classes":[]},{"id":34800,"url":"https:\/\/multiofertasvip.com\/?product=biodificacion-transgeneracional-romina-clemente","url_meta":{"origin":33497,"position":4},"title":"Biodificacion Transgeneracional-Romina Clemente","author":"multiofertasvip","date":"febrero 18, 2026","format":false,"excerpt":"\ud83c\udf1f\u00a0Transforma tu Vida con el Curso de Biodescodificaci\u00f3n Transgeneracional\u00a0\ud83c\udf1f \u00bfTe has preguntado alguna vez por qu\u00e9 enfrentas ciertos patrones repetitivos en tu vida? \u00bfO por qu\u00e9 algunas emociones y traumas parecen acompa\u00f1arte a lo largo de generaciones? \u00a1Es hora de romper cadenas y sanar! Descubre el poder de la Biodescodificaci\u00f3n\u2026","rel":"","context":"Entrada similar","block_context":{"text":"Entrada similar","link":""},"img":{"alt_text":"","src":"https:\/\/i0.wp.com\/multiofertasvip.com\/wp-content\/uploads\/2026\/02\/biodescodificacion.png?fit=200%2C200&ssl=1&resize=350%2C200","width":350,"height":200},"classes":[]},{"id":30852,"url":"https:\/\/multiofertasvip.com\/?product=armonizacion-de-casas-y-comercios-carlos-galvan","url_meta":{"origin":33497,"position":5},"title":"Armonizaci\u00f3n de Casas y Comercios-Carlos Galv\u00e1n","author":"multiofertasvip","date":"junio 16, 2023","format":false,"excerpt":"El objetivo de este curso es compartirte una perspectiva del movimiento energ\u00e9tico que sucede en tu casa y en tu comercio En este curso tambi\u00e9n te compartir\u00e9 el c\u00f3mo hablar con la energ\u00eda de la casa asi como lo que la casa te est\u00e1 mostrando a trav\u00e9s de la biodescodificaci\u00f3n\u2026","rel":"","context":"Entrada similar","block_context":{"text":"Entrada similar","link":""},"img":{"alt_text":"","src":"https:\/\/i0.wp.com\/multiofertasvip.com\/wp-content\/uploads\/2023\/06\/armonizacion-de-casas.jpg?fit=200%2C200&ssl=1&resize=350%2C200","width":350,"height":200},"classes":[]}],"jetpack_sharing_enabled":false,"jetpack_likes_enabled":false,"_links":{"self":[{"href":"https:\/\/multiofertasvip.com\/index.php?rest_route=\/wp\/v2\/product\/33497","targetHints":{"allow":["GET"]}}],"collection":[{"href":"https:\/\/multiofertasvip.com\/index.php?rest_route=\/wp\/v2\/product"}],"about":[{"href":"https:\/\/multiofertasvip.com\/index.php?rest_route=\/wp\/v2\/types\/product"}],"version-history":[{"count":1,"href":"https:\/\/multiofertasvip.com\/index.php?rest_route=\/wp\/v2\/product\/33497\/revisions"}],"predecessor-version":[{"id":33500,"href":"https:\/\/multiofertasvip.com\/index.php?rest_route=\/wp\/v2\/product\/33497\/revisions\/33500"}],"wp:featuredmedia":[{"embeddable":true,"href":"https:\/\/multiofertasvip.com\/index.php?rest_route=\/wp\/v2\/media\/33498"}],"wp:attachment":[{"href":"https:\/\/multiofertasvip.com\/index.php?rest_route=%2Fwp%2Fv2%2Fmedia&parent=33497"}],"wp:term":[{"taxonomy":"product_brand","embeddable":true,"href":"https:\/\/multiofertasvip.com\/index.php?rest_route=%2Fwp%2Fv2%2Fproduct_brand&post=33497"},{"taxonomy":"product_cat","embeddable":true,"href":"https:\/\/multiofertasvip.com\/index.php?rest_route=%2Fwp%2Fv2%2Fproduct_cat&post=33497"},{"taxonomy":"product_tag","embeddable":true,"href":"https:\/\/multiofertasvip.com\/index.php?rest_route=%2Fwp%2Fv2%2Fproduct_tag&post=33497"}],"curies":[{"name":"wp","href":"https:\/\/api.w.org\/{rel}","templated":true}]}}