{"id":33469,"date":"2024-12-02T16:09:59","date_gmt":"2024-12-02T21:39:59","guid":{"rendered":"https:\/\/multiofertasvip.com\/?post_type=product&#038;p=33469"},"modified":"2024-12-02T16:23:26","modified_gmt":"2024-12-02T21:53:26","slug":"jale-de-energia-de-riqueza-manfred-zepeda","status":"publish","type":"product","link":"https:\/\/multiofertasvip.com\/?product=jale-de-energia-de-riqueza-manfred-zepeda","title":{"rendered":"Jale de Energ\u00eda de Riqueza-Manfred Zepeda"},"content":{"rendered":"<h3>\u00bfEstas imaginando o creando tu vida? \u00bfHas escuchado de los Jales de Energ\u00eda?<\/h3>\n<p>Te invito a estos 7 jales energ\u00e9ticos de Energ\u00eda de Riqueza.<\/p>\n<p>Recibir\u00e1s:<\/p>\n<ul>\n<li><strong>Las 7 grabaci\u00f3n en audio de los jales energ\u00e9ticos\u00a0<\/strong><\/li>\n<\/ul>\n","protected":false},"excerpt":{"rendered":"<p>\u00bfEstas imaginando o creando tu vida? \u00bfHas escuchado de los Jales de Energ\u00eda? Te invito a estos 7 jales energ\u00e9ticos de Energ\u00eda de Riqueza. Recibir\u00e1s: Las 7 grabaci\u00f3n en audio de los jales energ\u00e9ticos\u00a0<\/p>\n","protected":false},"featured_media":33470,"template":"","meta":{"_monsterinsights_skip_tracking":false,"_monsterinsights_sitenote_active":false,"_monsterinsights_sitenote_note":"","_monsterinsights_sitenote_category":0,"jetpack_post_was_ever_published":false,"jetpack_publicize_message":"","jetpack_publicize_feature_enabled":true,"jetpack_social_post_already_shared":true,"jetpack_social_options":{"image_generator_settings":{"template":"highway","default_image_id":0,"font":"","enabled":false},"version":2}},"product_brand":[],"product_cat":[122],"product_tag":[263,142,260,211,254,119,251,215,257,249,243,230,182,226,253,236,229,143,228,232,258,234,262,239,220,265,219,225,240,238,140,242,235,244,266,267,248,210,245,212,250,227,255,264,252,217,216,233,261,73,237,231,247,221,246,222,223,224,259,241,256,218,213,214,53],"class_list":{"0":"post-33469","1":"product","2":"type-product","3":"status-publish","4":"has-post-thumbnail","6":"product_cat-access-consciousness","7":"product_tag-animales","8":"product_tag-avanzado","9":"product_tag-biden","10":"product_tag-billetes","11":"product_tag-bitcoin","12":"product_tag-carrera","13":"product_tag-china","14":"product_tag-christopher-olivarrieta","15":"product_tag-cine","16":"product_tag-coranavirus","17":"product_tag-cultura","18":"product_tag-cursos","19":"product_tag-dinero","20":"product_tag-dios","21":"product_tag-dolar","22":"product_tag-enric-corbera","23":"product_tag-ensenanza-en-casa","24":"product_tag-entidades","25":"product_tag-escuela","26":"product_tag-especialidad","27":"product_tag-estrenos","28":"product_tag-estudios","29":"product_tag-facebook","30":"product_tag-famosos","31":"product_tag-free","32":"product_tag-gatos","33":"product_tag-gratis","34":"product_tag-guerra","35":"product_tag-humor","36":"product_tag-internet","37":"product_tag-jose-palomo","38":"product_tag-juegos","39":"product_tag-lavin","40":"product_tag-manga","41":"product_tag-mercado-libre","42":"product_tag-mercado-pago","43":"product_tag-meteorologia","44":"product_tag-moneda","45":"product_tag-musica","46":"product_tag-nuevo","47":"product_tag-omnicron","48":"product_tag-oracion","49":"product_tag-peliculas","50":"product_tag-perros","51":"product_tag-peso","52":"product_tag-porn","53":"product_tag-porno","54":"product_tag-profesional","55":"product_tag-putin","56":"product_tag-salud","57":"product_tag-sexo","58":"product_tag-talleres","59":"product_tag-television","60":"product_tag-terapias","61":"product_tag-trabajo","62":"product_tag-ucrania","63":"product_tag-ukrania","64":"product_tag-usa","65":"product_tag-vacuna","66":"product_tag-viajes","67":"product_tag-videos","68":"product_tag-xxx","69":"product_tag-youtube","70":"product_tag-youtube-yuen-guadalajara","71":"product_tag-yuen","73":"first","74":"instock","75":"downloadable","76":"virtual","77":"purchasable","78":"product-type-simple"},"jetpack_publicize_connections":[],"jetpack-related-posts":[{"id":30818,"url":"https:\/\/multiofertasvip.com\/?product=access-bar-jale-de-energia-de-sexualness-manfred-zepeda","url_meta":{"origin":33469,"position":0},"title":"Access Bar Jale de Energ\u00eda de Sexualness-Manfred Zepeda","author":"multiofertasvip","date":"agosto 7, 2023","format":false,"excerpt":"27 Jale de Energ\u00eda de Sexualness 7 d\u00edas de Sexualness es un Jale energ\u00e9tico que he creado para compartir contigo todo lo que he aprendido acerca de esta energ\u00eda. \u00bfQu\u00e9 podr\u00edas crear en tu vida si reconocieras tu energ\u00eda de Sexualness? Recibir\u00e1s: Las 7 grabaci\u00f3n en audio de los jales\u2026","rel":"","context":"Entrada similar","block_context":{"text":"Entrada similar","link":""},"img":{"alt_text":"","src":"https:\/\/i0.wp.com\/multiofertasvip.com\/wp-content\/uploads\/2023\/05\/jale-de-energia-de-sexualness.jpg?fit=200%2C200&ssl=1&resize=350%2C200","width":350,"height":200},"classes":[]},{"id":32591,"url":"https:\/\/multiofertasvip.com\/?product=jales-de-energia-el-principio-de-la-creacion-daniela-correa","url_meta":{"origin":33469,"position":1},"title":"Jales de energ\u00eda: El principio de la creaci\u00f3n-Daniela Correa","author":"multiofertasvip","date":"marzo 7, 2024","format":false,"excerpt":"Percibe c\u00f3mo ser\u00eda tu vida si hoy eliges explorar el fascinante mundo de la energ\u00eda y reconocer el impacto que tiene en ti y en tu d\u00eda a d\u00eda.","rel":"","context":"Entrada similar","block_context":{"text":"Entrada similar","link":""},"img":{"alt_text":"","src":"https:\/\/i0.wp.com\/multiofertasvip.com\/wp-content\/uploads\/2024\/03\/Jales-de-Energia-El-Principio-de-la-Creacion-Daniela-Correa.jpg?fit=200%2C200&ssl=1&resize=350%2C200","width":350,"height":200},"classes":[]},{"id":34835,"url":"https:\/\/multiofertasvip.com\/?product=5-dias-de-jales-de-energia-de-clientes-y-posibilidades-infinitas-alma-rendon","url_meta":{"origin":33469,"position":2},"title":"5 D\u00edas De Jales De Energ\u00eda De Clientes Y Posibilidades Infinitas \u2013 Alma Rendon","author":"multiofertasvip","date":"febrero 19, 2026","format":false,"excerpt":"El programa \u201c5 D\u00edas de Jales de Energ\u00eda de Clientes y Posibilidades Infinitas\u201d de Alma Rend\u00f3n es una experiencia transformadora dise\u00f1ada para ense\u00f1arte a utilizar tu propia energ\u00eda como una fuerza magn\u00e9tica para atraer ventas, dinero y nuevas oportunidades. A trav\u00e9s de pr\u00e1cticas energ\u00e9ticas, procesos verbales y ejercicios conscientes, descubrir\u00e1s\u2026","rel":"","context":"Entrada similar","block_context":{"text":"Entrada similar","link":""},"img":{"alt_text":"","src":"https:\/\/i0.wp.com\/multiofertasvip.com\/wp-content\/uploads\/2026\/02\/5-dias-de-jales-de-energia.png?fit=200%2C200&ssl=1&resize=350%2C200","width":350,"height":200},"classes":[]},{"id":33061,"url":"https:\/\/multiofertasvip.com\/?product=activaciones-energeticas-easy-money-daniela-correa","url_meta":{"origin":33469,"position":3},"title":"Activaciones Energ\u00e9ticas Easy Money-Daniela Correa","author":"multiofertasvip","date":"agosto 16, 2024","format":false,"excerpt":"Las activaciones energ\u00e9ticas son una herramienta poderosa para transformar tu relaci\u00f3n con el dinero y atraer abundancia a tu vida. Si deseas crear una realidad financiera que realmente funcione para ti, esta es una de las t\u00e9cnicas m\u00e1s efectivas. Durante 7 d\u00edas, vamos a jugar con la energ\u00eda del dinero\u2026","rel":"","context":"Entrada similar","block_context":{"text":"Entrada similar","link":""},"img":{"alt_text":"","src":"https:\/\/i0.wp.com\/multiofertasvip.com\/wp-content\/uploads\/2024\/08\/EASY.jpg?fit=200%2C200&ssl=1&resize=350%2C200","width":350,"height":200},"classes":[]},{"id":33021,"url":"https:\/\/multiofertasvip.com\/?product=jale-del-templo-dorado-morena-cerfoglio","url_meta":{"origin":33469,"position":4},"title":"Jale del Templo Dorado-Morena Cerfoglio","author":"multiofertasvip","date":"julio 29, 2024","format":false,"excerpt":"\u00bfC\u00f3mo ser\u00eda conectar con cada mol\u00e9cula de oro de este templo extraordinario y que el agua conduzca la energ\u00eda de este jale a trav\u00e9s de cada una de tus mol\u00e9culas? Miles de personas de todo el mundo visitan este lugar para recibir milagros asombrosos \u00bfC\u00f3mo seria reconocer el milagro que\u2026","rel":"","context":"Entrada similar","block_context":{"text":"Entrada similar","link":""},"img":{"alt_text":"","src":"https:\/\/i0.wp.com\/multiofertasvip.com\/wp-content\/uploads\/2024\/07\/templo-dorado.png?fit=200%2C200&ssl=1&resize=350%2C200","width":350,"height":200},"classes":[]},{"id":32949,"url":"https:\/\/multiofertasvip.com\/?product=la-magia-de-las-posibilidades-desconocidas-daniela-correa","url_meta":{"origin":33469,"position":5},"title":"La magia de las Posibilidades Desconocidas-Daniela Correa","author":"multiofertasvip","date":"junio 28, 2024","format":false,"excerpt":"Las activaciones energ\u00e9ticas son una herramienta grandiosa para mover las mol\u00e9culas de tu realidad. Si quieres crear una realidad que verdaderamente funcione para ti, esta es una de las herramientas m\u00e1s poderosas para eso. Durante 10 d\u00edas vamos a jugar a jalar energ\u00eda de las posibilidades desconocidas. Porque s\u00ed, para\u2026","rel":"","context":"Entrada similar","block_context":{"text":"Entrada similar","link":""},"img":{"alt_text":"","src":"https:\/\/i0.wp.com\/multiofertasvip.com\/wp-content\/uploads\/2024\/06\/LA-MAGIA.png?fit=200%2C200&ssl=1&resize=350%2C200","width":350,"height":200},"classes":[]}],"jetpack_sharing_enabled":false,"jetpack_likes_enabled":false,"_links":{"self":[{"href":"https:\/\/multiofertasvip.com\/index.php?rest_route=\/wp\/v2\/product\/33469","targetHints":{"allow":["GET"]}}],"collection":[{"href":"https:\/\/multiofertasvip.com\/index.php?rest_route=\/wp\/v2\/product"}],"about":[{"href":"https:\/\/multiofertasvip.com\/index.php?rest_route=\/wp\/v2\/types\/product"}],"version-history":[{"count":2,"href":"https:\/\/multiofertasvip.com\/index.php?rest_route=\/wp\/v2\/product\/33469\/revisions"}],"predecessor-version":[{"id":33473,"href":"https:\/\/multiofertasvip.com\/index.php?rest_route=\/wp\/v2\/product\/33469\/revisions\/33473"}],"wp:featuredmedia":[{"embeddable":true,"href":"https:\/\/multiofertasvip.com\/index.php?rest_route=\/wp\/v2\/media\/33470"}],"wp:attachment":[{"href":"https:\/\/multiofertasvip.com\/index.php?rest_route=%2Fwp%2Fv2%2Fmedia&parent=33469"}],"wp:term":[{"taxonomy":"product_brand","embeddable":true,"href":"https:\/\/multiofertasvip.com\/index.php?rest_route=%2Fwp%2Fv2%2Fproduct_brand&post=33469"},{"taxonomy":"product_cat","embeddable":true,"href":"https:\/\/multiofertasvip.com\/index.php?rest_route=%2Fwp%2Fv2%2Fproduct_cat&post=33469"},{"taxonomy":"product_tag","embeddable":true,"href":"https:\/\/multiofertasvip.com\/index.php?rest_route=%2Fwp%2Fv2%2Fproduct_tag&post=33469"}],"curies":[{"name":"wp","href":"https:\/\/api.w.org\/{rel}","templated":true}]}}