{"id":33459,"date":"2024-12-02T15:31:28","date_gmt":"2024-12-02T21:01:28","guid":{"rendered":"https:\/\/multiofertasvip.com\/?post_type=product&#038;p=33459"},"modified":"2024-12-02T15:50:13","modified_gmt":"2024-12-02T21:20:13","slug":"love-activations-daniela-correa","status":"publish","type":"product","link":"https:\/\/multiofertasvip.com\/?product=love-activations-daniela-correa","title":{"rendered":"Love Activations(Activa la Energia del Amor)-Daniela Correa"},"content":{"rendered":"<p>\u00bfEst\u00e1s lista para recibir el amor? LoveActivations es un viaje transformador en 5 activaciones energ\u00e9ticas, creadas para abrirte al amor y aprender a recibirlo en todas sus formas. Este programa est\u00e1 dise\u00f1ado para aquellos que desean empezar a recibir plenamente.<\/p>\n<p>Cada audio te gu\u00eda a reconfigurar tu energ\u00eda, eliminando los patrones de autosacrificio y expandiendo tu capacidad de recibir sin reservas. No importa si eres alguien que ha sanado a otros o simplemente alguien que anhela nutrirse desde el amor; LoveActivations te invita a abrirte a una nueva frecuencia de vinculaci\u00f3n.<\/p>\n<p>Activa en ti la energ\u00eda del amor y experimenta lo que significa recibir profundamente. \u00bfEs ahora el momento de transformar tu vida desde el amor?<\/p>\n<p>\u00bfQui\u00e9n m\u00e1s quiere venir a jugar?<\/p>\n<p>&nbsp;<\/p>\n","protected":false},"excerpt":{"rendered":"<p>\u00bfEst\u00e1s lista para recibir el amor? LoveActivations es un viaje transformador en 5 activaciones energ\u00e9ticas, creadas para abrirte al amor y aprender a recibirlo en todas sus formas. Este programa est\u00e1 dise\u00f1ado para aquellos que desean empezar a recibir plenamente. Cada audio te gu\u00eda a reconfigurar tu energ\u00eda, eliminando los patrones de autosacrificio y expandiendo [&#8230;]\n","protected":false},"featured_media":33460,"template":"","meta":{"_monsterinsights_skip_tracking":false,"_monsterinsights_sitenote_active":false,"_monsterinsights_sitenote_note":"","_monsterinsights_sitenote_category":0,"jetpack_post_was_ever_published":false,"jetpack_publicize_message":"","jetpack_publicize_feature_enabled":true,"jetpack_social_post_already_shared":true,"jetpack_social_options":{"image_generator_settings":{"template":"highway","default_image_id":0,"font":"","enabled":false},"version":2}},"product_brand":[],"product_cat":[122],"product_tag":[263,142,260,211,254,119,251,215,257,249,243,230,182,226,253,236,229,143,228,232,258,234,262,239,220,265,219,225,240,238,140,242,235,244,266,267,248,210,245,212,250,227,255,264,252,217,216,233,261,73,237,231,247,221,246,222,223,224,259,241,256,218,213,214,53],"class_list":{"0":"post-33459","1":"product","2":"type-product","3":"status-publish","4":"has-post-thumbnail","6":"product_cat-access-consciousness","7":"product_tag-animales","8":"product_tag-avanzado","9":"product_tag-biden","10":"product_tag-billetes","11":"product_tag-bitcoin","12":"product_tag-carrera","13":"product_tag-china","14":"product_tag-christopher-olivarrieta","15":"product_tag-cine","16":"product_tag-coranavirus","17":"product_tag-cultura","18":"product_tag-cursos","19":"product_tag-dinero","20":"product_tag-dios","21":"product_tag-dolar","22":"product_tag-enric-corbera","23":"product_tag-ensenanza-en-casa","24":"product_tag-entidades","25":"product_tag-escuela","26":"product_tag-especialidad","27":"product_tag-estrenos","28":"product_tag-estudios","29":"product_tag-facebook","30":"product_tag-famosos","31":"product_tag-free","32":"product_tag-gatos","33":"product_tag-gratis","34":"product_tag-guerra","35":"product_tag-humor","36":"product_tag-internet","37":"product_tag-jose-palomo","38":"product_tag-juegos","39":"product_tag-lavin","40":"product_tag-manga","41":"product_tag-mercado-libre","42":"product_tag-mercado-pago","43":"product_tag-meteorologia","44":"product_tag-moneda","45":"product_tag-musica","46":"product_tag-nuevo","47":"product_tag-omnicron","48":"product_tag-oracion","49":"product_tag-peliculas","50":"product_tag-perros","51":"product_tag-peso","52":"product_tag-porn","53":"product_tag-porno","54":"product_tag-profesional","55":"product_tag-putin","56":"product_tag-salud","57":"product_tag-sexo","58":"product_tag-talleres","59":"product_tag-television","60":"product_tag-terapias","61":"product_tag-trabajo","62":"product_tag-ucrania","63":"product_tag-ukrania","64":"product_tag-usa","65":"product_tag-vacuna","66":"product_tag-viajes","67":"product_tag-videos","68":"product_tag-xxx","69":"product_tag-youtube","70":"product_tag-youtube-yuen-guadalajara","71":"product_tag-yuen","73":"first","74":"instock","75":"downloadable","76":"virtual","77":"purchasable","78":"product-type-simple"},"jetpack_publicize_connections":[],"jetpack-related-posts":[{"id":33938,"url":"https:\/\/multiofertasvip.com\/?product=magia-con-moleculas-edicion-amor-bonito-daniela-correa","url_meta":{"origin":33459,"position":0},"title":"Magia con mol\u00e9culas Edici\u00f3n Amor Bonito-Daniela Correa","author":"multiofertasvip","date":"mayo 14, 2025","format":false,"excerpt":"El amor bonito no es algo que tienes que encontrar, buscar o esperar\u2026 es algo que ERES. \ud83d\udc96 M\u00e1s all\u00e1 de las historias, los cuentos de hadas y las creencias sobre lo que el amor \u201cdeber\u00eda ser,\u201d existe una posibilidad m\u00e1s grandiosa: elegir ser amor y abrirte a recibirlo en\u2026","rel":"","context":"Entrada similar","block_context":{"text":"Entrada similar","link":""},"img":{"alt_text":"","src":"https:\/\/i0.wp.com\/multiofertasvip.com\/wp-content\/uploads\/2025\/05\/magia-con-moleculas-amor-bonito.jpg?fit=200%2C200&ssl=1&resize=350%2C200","width":350,"height":200},"classes":[]},{"id":34823,"url":"https:\/\/multiofertasvip.com\/?product=activa-las-moleculas-de-la-juventud-alma-rendon","url_meta":{"origin":33459,"position":1},"title":"Activa las Molecul\u00e1s de la Juventud \u2013 Alma Rend\u00f3n","author":"multiofertasvip","date":"febrero 19, 2026","format":false,"excerpt":"Molecul\u00e1s de la Juventud, creado por Alma Rend\u00f3n, es un taller transformacional dise\u00f1ado para ayudarte a redefinir tu relaci\u00f3n con la edad, la vitalidad y la energ\u00eda que habita en tu cuerpo y en tu mente. Este programa parte de una verdad poderosa: la juventud no comienza en el cuerpo,\u2026","rel":"","context":"Entrada similar","block_context":{"text":"Entrada similar","link":""},"img":{"alt_text":"","src":"https:\/\/i0.wp.com\/multiofertasvip.com\/wp-content\/uploads\/2026\/02\/activa-la-molecula-de-la-juventud.png?fit=200%2C200&ssl=1&resize=350%2C200","width":350,"height":200},"classes":[]},{"id":34827,"url":"https:\/\/multiofertasvip.com\/?product=protecciones-energeticas-alma-rendon","url_meta":{"origin":33459,"position":2},"title":"Protecciones Energ\u00e9ticas \u2013 Alma Rend\u00f3n","author":"multiofertasvip","date":"febrero 19, 2026","format":false,"excerpt":"Protecciones Energ\u00e9ticas es un taller profundo y transformador creado para ayudarte a proteger tu energ\u00eda de forma consciente, amorosa y efectiva, mientras elevas tu vibraci\u00f3n y aprendes a vivir desde una frecuencia alta y estable. Vivimos expuestos constantemente a cargas emocionales, energ\u00edas densas, miedos, creencias limitantes y entornos que drenan\u2026","rel":"","context":"Entrada similar","block_context":{"text":"Entrada similar","link":""},"img":{"alt_text":"","src":"https:\/\/i0.wp.com\/multiofertasvip.com\/wp-content\/uploads\/2026\/02\/protecciones-energeticas.png?fit=200%2C200&ssl=1&resize=350%2C200","width":350,"height":200},"classes":[]},{"id":34472,"url":"https:\/\/multiofertasvip.com\/?product=muestra-grupal-cirugias-cuanticas-creando-relaciones-nutritivas-y-expansivas-paula-gil","url_meta":{"origin":33459,"position":3},"title":"Muestra Grupal Cirug\u00edas Cu\u00e1nticas Creando Relaciones Nutritivas Y Expansivas-Paula Gil","author":"multiofertasvip","date":"octubre 23, 2025","format":false,"excerpt":"Las relaciones son una de las \u00e1reas m\u00e1s importantes de nuestra vida. Ya sean de pareja, familiares, amistades o laborales, todas influyen en nuestra felicidad, \u00e9xito y bienestar. Pero muchas veces, sin darnos cuenta, cargamos con informaci\u00f3n que nos impide vivirlas con facilidad. En esta Sesi\u00f3n Grupal de Cirug\u00edas Cu\u00e1nticas\u2026","rel":"","context":"Entrada similar","block_context":{"text":"Entrada similar","link":""},"img":{"alt_text":"","src":"https:\/\/i0.wp.com\/multiofertasvip.com\/wp-content\/uploads\/2025\/10\/relaciones-nutritivas.jpg?fit=200%2C200&ssl=1&resize=350%2C200","width":350,"height":200},"classes":[]},{"id":30487,"url":"https:\/\/multiofertasvip.com\/?product=reiki-tradicional-japones-manuel-uribazo","url_meta":{"origin":33459,"position":4},"title":"Reiki Tradicional Japones-Manuel Uribazo","author":"multiofertasvip","date":"octubre 12, 2022","format":false,"excerpt":"El Reiki japon\u00e9s es una pr\u00e1ctica espiritual, la cual combina la meditaci\u00f3n, el cultivo de energ\u00eda y las pr\u00e1cticas de limpieza, todo con la intenci\u00f3n de aquietar y refinar la mente, al contrario que el\u00a0Reiki Kundalini\u00a0el cual har\u00e1 ascender tu energ\u00eda. Un practicante de Reiki japon\u00e9s pasa tiempo cultivando la\u2026","rel":"","context":"Entrada similar","block_context":{"text":"Entrada similar","link":""},"img":{"alt_text":"","src":"https:\/\/i0.wp.com\/multiofertasvip.com\/wp-content\/uploads\/2022\/10\/Reiki-Japones-Tradicional.jpg?fit=200%2C200&ssl=1&resize=350%2C200","width":350,"height":200},"classes":[]},{"id":33506,"url":"https:\/\/multiofertasvip.com\/?product=los-secretos-universales-del-dinero-edmundo-velazco","url_meta":{"origin":33459,"position":5},"title":"Los Secretos Universales del Dinero-Edmundo Velazco","author":"multiofertasvip","date":"diciembre 19, 2024","format":false,"excerpt":"Beneficios\u00a0del Programa: Transforma tu relaci\u00f3n con el dinero: Aprende a identificar y eliminar creencias limitantes que te han mantenido estancado y construye una mentalidad que atraiga abundancia. Acelera tu camino hacia la prosperidad: Aplicando t\u00e9cnicas avanzadas de PNL y F\u00edsica Cu\u00e1ntica para multiplicar hasta por cinco veces tu capacidad de\u2026","rel":"","context":"Entrada similar","block_context":{"text":"Entrada similar","link":""},"img":{"alt_text":"","src":"https:\/\/i0.wp.com\/multiofertasvip.com\/wp-content\/uploads\/2024\/12\/secretos.jpg?fit=200%2C200&ssl=1&resize=350%2C200","width":350,"height":200},"classes":[]}],"jetpack_sharing_enabled":false,"jetpack_likes_enabled":false,"_links":{"self":[{"href":"https:\/\/multiofertasvip.com\/index.php?rest_route=\/wp\/v2\/product\/33459","targetHints":{"allow":["GET"]}}],"collection":[{"href":"https:\/\/multiofertasvip.com\/index.php?rest_route=\/wp\/v2\/product"}],"about":[{"href":"https:\/\/multiofertasvip.com\/index.php?rest_route=\/wp\/v2\/types\/product"}],"version-history":[{"count":3,"href":"https:\/\/multiofertasvip.com\/index.php?rest_route=\/wp\/v2\/product\/33459\/revisions"}],"predecessor-version":[{"id":33468,"href":"https:\/\/multiofertasvip.com\/index.php?rest_route=\/wp\/v2\/product\/33459\/revisions\/33468"}],"wp:featuredmedia":[{"embeddable":true,"href":"https:\/\/multiofertasvip.com\/index.php?rest_route=\/wp\/v2\/media\/33460"}],"wp:attachment":[{"href":"https:\/\/multiofertasvip.com\/index.php?rest_route=%2Fwp%2Fv2%2Fmedia&parent=33459"}],"wp:term":[{"taxonomy":"product_brand","embeddable":true,"href":"https:\/\/multiofertasvip.com\/index.php?rest_route=%2Fwp%2Fv2%2Fproduct_brand&post=33459"},{"taxonomy":"product_cat","embeddable":true,"href":"https:\/\/multiofertasvip.com\/index.php?rest_route=%2Fwp%2Fv2%2Fproduct_cat&post=33459"},{"taxonomy":"product_tag","embeddable":true,"href":"https:\/\/multiofertasvip.com\/index.php?rest_route=%2Fwp%2Fv2%2Fproduct_tag&post=33459"}],"curies":[{"name":"wp","href":"https:\/\/api.w.org\/{rel}","templated":true}]}}