{"id":33451,"date":"2024-12-01T14:59:07","date_gmt":"2024-12-01T20:29:07","guid":{"rendered":"https:\/\/multiofertasvip.com\/?post_type=product&#038;p=33451"},"modified":"2024-12-01T15:02:20","modified_gmt":"2024-12-01T20:32:20","slug":"escuela-de-mutantes-%c2%b7-reload-paula-andrea-gil","status":"publish","type":"product","link":"https:\/\/multiofertasvip.com\/?product=escuela-de-mutantes-%c2%b7-reload-paula-andrea-gil","title":{"rendered":"Escuela de Mutantes \u00b7 Reload-Paula Andrea Gil"},"content":{"rendered":"<div class=\"xdj266r x11i5rnm xat24cr x1mh8g0r x1vvkbs\">\u00bfTe gusta la f\u00edsica cu\u00e1ntica?<br class=\"html-br\" \/>\u00bfTe gustan los superh\u00e9roes y sus super poderes?.<br class=\"html-br\" \/>\u00bfTe gustar\u00eda descubrir las habilidades m\u00e1s all\u00e1 de esta realidad que tiene tu cuerpo y tu cerebro?<br class=\"html-br\" \/>\u00bfTe gustar\u00eda crear en otras dimensiones y realidades?<br class=\"html-br\" \/>\u00bfTe gustar\u00eda tener herramientas para crear m\u00e1s all\u00e1 de esta realidad?<br class=\"html-br\" \/>\u00bfCu\u00e1ntas habilidades con el tiempo puedes descubrir y potencializar?<br class=\"html-br\" \/>\u00bfTe gustar\u00eda crear m\u00e1s all\u00e1 de las limitaciones del tiempo y el espacio?<br class=\"html-br\" \/>\u00bfHas sabido que existen otras realidades y no sabes c\u00f3mo acceder a ellas?<br class=\"html-br\" \/>\u00bfQu\u00e9 sabes t\u00fa de crear en multiversos y crear m\u00e1s all\u00e1 de la linealidad del tiempo?<br class=\"html-br\" \/>\u00bfte gustar\u00eda descubrir y potencializar tus superpoderes?<\/div>\n<div class=\"x11i5rnm xat24cr x1mh8g0r x1vvkbs xtlvy1s\">Percibe la energ\u00eda de esta escuela de mutantes y percibe que va a crear para ti. Si esta energ\u00eda te llama puedes inscribirte en estas opciones<\/div>\n<div class=\"x11i5rnm xat24cr x1mh8g0r x1vvkbs xtlvy1s\">Escuela de mutantes<\/div>\n<div class=\"x11i5rnm xat24cr x1mh8g0r x1vvkbs xtlvy1s\">7 s\u00faper potentes clases online para ir m\u00e1s all\u00e1 de esta realidad<\/div>\n<div class=\"x11i5rnm xat24cr x1mh8g0r x1vvkbs xtlvy1s\">1.Realidades espejo y plantillas energ\u00e9ticas<br class=\"html-br\" \/>2. Cuerpo mutante<br class=\"html-br\" \/>3. D\u00edas del futuro pasado<br class=\"html-br\" \/>4. Creaci\u00f3n por fuera de la matrix<br class=\"html-br\" \/>5. Inteligencia mutante<br class=\"html-br\" \/>6. Capacidades mutantes<br class=\"html-br\" \/>7. Multiversos y t\u00faneles del tiempo<\/div>\n","protected":false},"excerpt":{"rendered":"<p>\u00bfTe gusta la f\u00edsica cu\u00e1ntica?\u00bfTe gustan los superh\u00e9roes y sus super poderes?.\u00bfTe gustar\u00eda descubrir las habilidades m\u00e1s all\u00e1 de esta realidad que tiene tu cuerpo y tu cerebro?\u00bfTe gustar\u00eda crear en otras dimensiones y realidades?\u00bfTe gustar\u00eda tener herramientas para crear m\u00e1s all\u00e1 de esta realidad?\u00bfCu\u00e1ntas habilidades con el tiempo puedes descubrir y potencializar?\u00bfTe gustar\u00eda crear [&#8230;]\n","protected":false},"featured_media":33383,"template":"","meta":{"_monsterinsights_skip_tracking":false,"_monsterinsights_sitenote_active":false,"_monsterinsights_sitenote_note":"","_monsterinsights_sitenote_category":0,"jetpack_post_was_ever_published":false,"jetpack_publicize_message":"","jetpack_publicize_feature_enabled":true,"jetpack_social_post_already_shared":true,"jetpack_social_options":{"image_generator_settings":{"template":"highway","default_image_id":0,"font":"","enabled":false},"version":2}},"product_brand":[],"product_cat":[32],"product_tag":[263,142,260,211,254,119,251,215,257,249,243,230,182,226,253,236,229,143,228,232,258,234,262,239,220,265,219,225,240,238,140,242,235,244,266,267,248,210,245,212,250,227,255,264,252,217,216,233,261,73,237,231,247,221,246,222,223,224,259,241,256,218,213,214,53],"class_list":{"0":"post-33451","1":"product","2":"type-product","3":"status-publish","4":"has-post-thumbnail","6":"product_cat-sanacion","7":"product_tag-animales","8":"product_tag-avanzado","9":"product_tag-biden","10":"product_tag-billetes","11":"product_tag-bitcoin","12":"product_tag-carrera","13":"product_tag-china","14":"product_tag-christopher-olivarrieta","15":"product_tag-cine","16":"product_tag-coranavirus","17":"product_tag-cultura","18":"product_tag-cursos","19":"product_tag-dinero","20":"product_tag-dios","21":"product_tag-dolar","22":"product_tag-enric-corbera","23":"product_tag-ensenanza-en-casa","24":"product_tag-entidades","25":"product_tag-escuela","26":"product_tag-especialidad","27":"product_tag-estrenos","28":"product_tag-estudios","29":"product_tag-facebook","30":"product_tag-famosos","31":"product_tag-free","32":"product_tag-gatos","33":"product_tag-gratis","34":"product_tag-guerra","35":"product_tag-humor","36":"product_tag-internet","37":"product_tag-jose-palomo","38":"product_tag-juegos","39":"product_tag-lavin","40":"product_tag-manga","41":"product_tag-mercado-libre","42":"product_tag-mercado-pago","43":"product_tag-meteorologia","44":"product_tag-moneda","45":"product_tag-musica","46":"product_tag-nuevo","47":"product_tag-omnicron","48":"product_tag-oracion","49":"product_tag-peliculas","50":"product_tag-perros","51":"product_tag-peso","52":"product_tag-porn","53":"product_tag-porno","54":"product_tag-profesional","55":"product_tag-putin","56":"product_tag-salud","57":"product_tag-sexo","58":"product_tag-talleres","59":"product_tag-television","60":"product_tag-terapias","61":"product_tag-trabajo","62":"product_tag-ucrania","63":"product_tag-ukrania","64":"product_tag-usa","65":"product_tag-vacuna","66":"product_tag-viajes","67":"product_tag-videos","68":"product_tag-xxx","69":"product_tag-youtube","70":"product_tag-youtube-yuen-guadalajara","71":"product_tag-yuen","73":"first","74":"instock","75":"downloadable","76":"virtual","77":"purchasable","78":"product-type-simple"},"jetpack_publicize_connections":[],"jetpack-related-posts":[{"id":33323,"url":"https:\/\/multiofertasvip.com\/?product=escuela-de-mutantes-%c2%b7-habilidades-psiquicas-paula-andrea-gil","url_meta":{"origin":33451,"position":0},"title":"Escuela de Mutantes \u00b7 Habilidades Ps\u00edquicas-Paula Andrea Gil","author":"multiofertasvip","date":"noviembre 24, 2024","format":false,"excerpt":"\u00bfTe gusta la f\u00edsica cuantica? \u00bfTe gusta la energ\u00eda? \u00bfTe gustan los super h\u00e9roes y sus super poderes? \u00bfTe gustar\u00eda desarrollar o potencializar tus habilidades psiquicas o tus habilidades con energia ? \u00bfTe gustar\u00eda trabajar con la energ\u00eda y con las part\u00edculas cu\u00e1nticas? \u00bfTe gustar\u00eda percibir informaci\u00f3n de la energ\u00eda\u2026","rel":"","context":"Entrada similar","block_context":{"text":"Entrada similar","link":""},"img":{"alt_text":"","src":"https:\/\/i0.wp.com\/multiofertasvip.com\/wp-content\/uploads\/2024\/11\/mutantes-1.png?fit=200%2C200&ssl=1&resize=350%2C200","width":350,"height":200},"classes":[]},{"id":34783,"url":"https:\/\/multiofertasvip.com\/?product=escuela-de-mutantes-%c2%b7-habilidades-psiquicas-octubre-2021-paula-gil","url_meta":{"origin":33451,"position":1},"title":"Escuela de Mutantes \u00b7 Habilidades Ps\u00edquicas Octubre 2021-Paula Gil","author":"multiofertasvip","date":"febrero 10, 2026","format":false,"excerpt":"\u00bfTe gusta la f\u00edsica cu\u00e1ntica? \u00bfTe gusta la energ\u00eda? \u00bfTe gustan los super h\u00e9roes y sus super poderes? \u00bfTe gustar\u00eda desarrollar o potencializar tus habilidades ps\u00edquicas o tus habilidades con energ\u00eda? \u00bfTe gustar\u00eda trabajar con la energ\u00eda y con las part\u00edculas cu\u00e1nticas? \u00bfTe gustar\u00eda percibir informaci\u00f3n de la energ\u00eda de\u2026","rel":"","context":"Entrada similar","block_context":{"text":"Entrada similar","link":""},"img":{"alt_text":"","src":"https:\/\/i0.wp.com\/multiofertasvip.com\/wp-content\/uploads\/2026\/02\/HABILIDADES-PSQUICAS-CC.jpeg?fit=200%2C200&ssl=1&resize=350%2C200","width":350,"height":200},"classes":[]},{"id":30812,"url":"https:\/\/multiofertasvip.com\/?product=access-bar-hablando-con-las-entidades-manfred-zepeda","url_meta":{"origin":33451,"position":2},"title":"Access Bar Hablando con las Entidades-Manfred Zepeda","author":"multiofertasvip","date":"agosto 27, 2023","format":false,"excerpt":"\u00bfTe gustar\u00eda ser m\u00e1s consciente y presente con las energ\u00edas y tener comunicaci\u00f3n con seres del m\u00e1s all\u00e1? \u00danete a la clase de Hablando con Entidades donde aprender\u00e1s a desarrollar tus habilidades ps\u00edquicas y a cambiar tu forma de ver el mundo de los esp\u00edritus. Esta clase es altamente energ\u00e9tica\u2026","rel":"","context":"Entrada similar","block_context":{"text":"Entrada similar","link":""},"img":{"alt_text":"","src":"https:\/\/i0.wp.com\/multiofertasvip.com\/wp-content\/uploads\/2023\/04\/talk.jpg?fit=200%2C200&ssl=1&resize=350%2C200","width":350,"height":200},"classes":[]},{"id":32784,"url":"https:\/\/multiofertasvip.com\/?product=ejercicios-de-magia-con-moleculas-2023-daniela-correa","url_meta":{"origin":33451,"position":3},"title":"Ejercicios de magia con mol\u00e9culas 2023-Daniela Correa","author":"multiofertasvip","date":"mayo 13, 2024","format":false,"excerpt":"\u00a0 \u00bfEs ahora el momento de recibir de las mol\u00e9cula toda la contribuci\u00f3n que tienen para ti?\u2026 Percibe y preg\u00fantate \u00bfqu\u00e9 me gustar\u00eda recibir de ellas?\u2026 Nuestra mente ha estado dise\u00f1ada como parte de esta realidad y solamente nos limita, haci\u00e9ndonos creer que la magia no existe. Con estos 7\u2026","rel":"","context":"Entrada similar","block_context":{"text":"Entrada similar","link":""},"img":{"alt_text":"","src":"https:\/\/i0.wp.com\/multiofertasvip.com\/wp-content\/uploads\/2024\/05\/7-DIAS-EJERCICIOS-CON-MOLECULAS-2023.png?fit=200%2C200&ssl=1&resize=350%2C200","width":350,"height":200},"classes":[]},{"id":30865,"url":"https:\/\/multiofertasvip.com\/?product=access-bar-ejercicios-de-magia-con-moleculas-super-poderes-2023","url_meta":{"origin":33451,"position":4},"title":"Access Bar-Ejercicios de Magia con Mol\u00e9culas S\u00faper Poderes 2023-Daniela Correa","author":"multiofertasvip","date":"agosto 27, 2023","format":false,"excerpt":"Quienes han elegido Magia con Mol\u00e9culas han transformado su realidad reconociendo que las mol\u00e9culas est\u00e1n siempre dispuestas a cambiar. \u00bfEs ahora el momento de recibir de las mol\u00e9cula toda la contribuci\u00f3n que tienen para ti?\u2026 Percibe y preg\u00fantate \u00bfqu\u00e9 me gustar\u00eda recibir de ellas?\u2026 Imagina decir adi\u00f3s a tu mente\u2026","rel":"","context":"Entrada similar","block_context":{"text":"Entrada similar","link":""},"img":{"alt_text":"","src":"https:\/\/i0.wp.com\/multiofertasvip.com\/wp-content\/uploads\/2023\/06\/moleculas-super-poderes.jpg?fit=200%2C200&ssl=1&resize=350%2C200","width":350,"height":200},"classes":[]},{"id":33386,"url":"https:\/\/multiofertasvip.com\/?product=cirugias-cuanticas-adn-paula-andrea-gil","url_meta":{"origin":33451,"position":5},"title":"Taller Super Poderes -Paula Andrea Gil","author":"multiofertasvip","date":"noviembre 29, 2024","format":false,"excerpt":"Clase con proceso corporal de Access Consciousness \u00ae\u00bfTe atrapas en esta realidad para crear?\u00bfVives desde la imposibilidad o desde la posibilidad?\u00bfQu\u00e9 tal crear desde una realidad m\u00e1s all\u00e1 de esta realidad?Si te gustar\u00eda acceder a esta energ\u00eda, esta clase pudiera ser una contribuci\u00f3n para ti","rel":"","context":"Entrada similar","block_context":{"text":"Entrada similar","link":""},"img":{"alt_text":"","src":"https:\/\/i0.wp.com\/multiofertasvip.com\/wp-content\/uploads\/2024\/11\/SUPER-PODERES.jpg?fit=200%2C200&ssl=1&resize=350%2C200","width":350,"height":200},"classes":[]}],"jetpack_sharing_enabled":false,"jetpack_likes_enabled":false,"_links":{"self":[{"href":"https:\/\/multiofertasvip.com\/index.php?rest_route=\/wp\/v2\/product\/33451","targetHints":{"allow":["GET"]}}],"collection":[{"href":"https:\/\/multiofertasvip.com\/index.php?rest_route=\/wp\/v2\/product"}],"about":[{"href":"https:\/\/multiofertasvip.com\/index.php?rest_route=\/wp\/v2\/types\/product"}],"version-history":[{"count":1,"href":"https:\/\/multiofertasvip.com\/index.php?rest_route=\/wp\/v2\/product\/33451\/revisions"}],"predecessor-version":[{"id":33452,"href":"https:\/\/multiofertasvip.com\/index.php?rest_route=\/wp\/v2\/product\/33451\/revisions\/33452"}],"wp:featuredmedia":[{"embeddable":true,"href":"https:\/\/multiofertasvip.com\/index.php?rest_route=\/wp\/v2\/media\/33383"}],"wp:attachment":[{"href":"https:\/\/multiofertasvip.com\/index.php?rest_route=%2Fwp%2Fv2%2Fmedia&parent=33451"}],"wp:term":[{"taxonomy":"product_brand","embeddable":true,"href":"https:\/\/multiofertasvip.com\/index.php?rest_route=%2Fwp%2Fv2%2Fproduct_brand&post=33451"},{"taxonomy":"product_cat","embeddable":true,"href":"https:\/\/multiofertasvip.com\/index.php?rest_route=%2Fwp%2Fv2%2Fproduct_cat&post=33451"},{"taxonomy":"product_tag","embeddable":true,"href":"https:\/\/multiofertasvip.com\/index.php?rest_route=%2Fwp%2Fv2%2Fproduct_tag&post=33451"}],"curies":[{"name":"wp","href":"https:\/\/api.w.org\/{rel}","templated":true}]}}