{"id":33449,"date":"2024-12-01T14:53:01","date_gmt":"2024-12-01T20:23:01","guid":{"rendered":"https:\/\/multiofertasvip.com\/?post_type=product&#038;p=33449"},"modified":"2025-11-04T16:58:28","modified_gmt":"2025-11-04T22:28:28","slug":"taller-yuen-guadalajara-perdidas-economicas-ii","status":"publish","type":"product","link":"https:\/\/multiofertasvip.com\/?product=taller-yuen-guadalajara-perdidas-economicas-ii","title":{"rendered":"Taller Yuen Guadalajara-Perdidas Economicas II"},"content":{"rendered":"<p><span class=\"x1lliihq\"><strong class=\"_ao3e selectable-text copyable-text\" data-app-text-template=\"*${appText}*\">Incluye:<\/strong> <\/span> <span class=\"x1lliihq\"><img decoding=\"async\" class=\"b6 emoji wa _ao3e selectable-text copyable-text\" tabindex=\"-1\" draggable=\"false\" src=\"data:image\/gif;base64,R0lGODlhAQABAIAAAAAAAP\/\/\/yH5BAEAAAAALAAAAAABAAEAAAIBRAA7\" alt=\"\u2705\" crossorigin=\"anonymous\" data-plain-text=\"\u2705\" \/> Grabaci\u00f3n en audio formato mp3 <\/span><span class=\"x1lliihq\"><img decoding=\"async\" class=\"b6 emoji wa _ao3e selectable-text copyable-text\" tabindex=\"-1\" draggable=\"false\" src=\"data:image\/gif;base64,R0lGODlhAQABAIAAAAAAAP\/\/\/yH5BAEAAAAALAAAAAABAAEAAAIBRAA7\" alt=\"\u2705\" crossorigin=\"anonymous\" data-plain-text=\"\u2705\" \/> Grabaci\u00f3n en Video <\/span><span class=\"x1lliihq\"><img decoding=\"async\" class=\"b6 emoji wa _ao3e selectable-text copyable-text\" tabindex=\"-1\" draggable=\"false\" src=\"data:image\/gif;base64,R0lGODlhAQABAIAAAAAAAP\/\/\/yH5BAEAAAAALAAAAAABAAEAAAIBRAA7\" alt=\"\u2705\" crossorigin=\"anonymous\" data-plain-text=\"\u2705\" \/>Manual <\/span> <span class=\"x1lliihq\">Continuaremos haciendo conciencia y borrando esas memorias de p\u00e9rdidas que est\u00e1n a un nivel m\u00e1s profundo, casi in detectable que nos han atra\u00eddo pobreza y estancamiento econ\u00f3mico a ti y a tu familia. <\/span> <span class=\"x1lliihq\">Con este taller daremos un paso m\u00e1s a borrar el efecto de todas las p\u00e9rdidas econ\u00f3micas que nos hemos enfrentado en esta y en otras vidas. <\/span> <span class=\"x1lliihq\">Abordaremos las situaciones donde se pudo generar una p\u00e9rdida como: <\/span> <span class=\"x1lliihq\"><img decoding=\"async\" class=\"b78 emoji wa _ao3e selectable-text copyable-text\" tabindex=\"-1\" draggable=\"false\" src=\"data:image\/gif;base64,R0lGODlhAQABAIAAAAAAAP\/\/\/yH5BAEAAAAALAAAAAABAAEAAAIBRAA7\" alt=\"\ud83d\udd39\" crossorigin=\"anonymous\" data-plain-text=\"\ud83d\udd39\" \/>Desastres naturales <\/span><span class=\"x1lliihq\"><img decoding=\"async\" class=\"b78 emoji wa _ao3e selectable-text copyable-text\" tabindex=\"-1\" draggable=\"false\" src=\"data:image\/gif;base64,R0lGODlhAQABAIAAAAAAAP\/\/\/yH5BAEAAAAALAAAAAABAAEAAAIBRAA7\" alt=\"\ud83d\udd39\" crossorigin=\"anonymous\" data-plain-text=\"\ud83d\udd39\" \/>Trabajos <\/span><span class=\"x1lliihq\"><img decoding=\"async\" class=\"b78 emoji wa _ao3e selectable-text copyable-text\" tabindex=\"-1\" draggable=\"false\" src=\"data:image\/gif;base64,R0lGODlhAQABAIAAAAAAAP\/\/\/yH5BAEAAAAALAAAAAABAAEAAAIBRAA7\" alt=\"\ud83d\udd39\" crossorigin=\"anonymous\" data-plain-text=\"\ud83d\udd39\" \/>Negocios <\/span><span class=\"x1lliihq\"><img decoding=\"async\" class=\"b78 emoji wa _ao3e selectable-text copyable-text\" tabindex=\"-1\" draggable=\"false\" src=\"data:image\/gif;base64,R0lGODlhAQABAIAAAAAAAP\/\/\/yH5BAEAAAAALAAAAAABAAEAAAIBRAA7\" alt=\"\ud83d\udd39\" crossorigin=\"anonymous\" data-plain-text=\"\ud83d\udd39\" \/>Desempleo <\/span><span class=\"x1lliihq\"><img decoding=\"async\" class=\"b78 emoji wa _ao3e selectable-text copyable-text\" tabindex=\"-1\" draggable=\"false\" src=\"data:image\/gif;base64,R0lGODlhAQABAIAAAAAAAP\/\/\/yH5BAEAAAAALAAAAAABAAEAAAIBRAA7\" alt=\"\ud83d\udd39\" crossorigin=\"anonymous\" data-plain-text=\"\ud83d\udd39\" \/>Robos <\/span><span class=\"x1lliihq\"><img decoding=\"async\" class=\"b78 emoji wa _ao3e selectable-text copyable-text\" tabindex=\"-1\" draggable=\"false\" src=\"data:image\/gif;base64,R0lGODlhAQABAIAAAAAAAP\/\/\/yH5BAEAAAAALAAAAAABAAEAAAIBRAA7\" alt=\"\ud83d\udd39\" crossorigin=\"anonymous\" data-plain-text=\"\ud83d\udd39\" \/>Abusos <\/span><span class=\"x1lliihq\"><img decoding=\"async\" class=\"b78 emoji wa _ao3e selectable-text copyable-text\" tabindex=\"-1\" draggable=\"false\" src=\"data:image\/gif;base64,R0lGODlhAQABAIAAAAAAAP\/\/\/yH5BAEAAAAALAAAAAABAAEAAAIBRAA7\" alt=\"\ud83d\udd39\" crossorigin=\"anonymous\" data-plain-text=\"\ud83d\udd39\" \/>Ventas <\/span><span class=\"x1lliihq\"><img decoding=\"async\" class=\"b78 emoji wa _ao3e selectable-text copyable-text\" tabindex=\"-1\" draggable=\"false\" src=\"data:image\/gif;base64,R0lGODlhAQABAIAAAAAAAP\/\/\/yH5BAEAAAAALAAAAAABAAEAAAIBRAA7\" alt=\"\ud83d\udd39\" crossorigin=\"anonymous\" data-plain-text=\"\ud83d\udd39\" \/>Imprevistos de Salud <\/span><span class=\"x1lliihq\"><img decoding=\"async\" class=\"b78 emoji wa _ao3e selectable-text copyable-text\" tabindex=\"-1\" draggable=\"false\" src=\"data:image\/gif;base64,R0lGODlhAQABAIAAAAAAAP\/\/\/yH5BAEAAAAALAAAAAABAAEAAAIBRAA7\" alt=\"\ud83d\udd39\" crossorigin=\"anonymous\" data-plain-text=\"\ud83d\udd39\" \/>Maleficios <\/span> <span class=\"x1lliihq\"><img decoding=\"async\" class=\"b77 emoji wa _ao3e selectable-text copyable-text\" tabindex=\"-1\" draggable=\"false\" src=\"data:image\/gif;base64,R0lGODlhAQABAIAAAAAAAP\/\/\/yH5BAEAAAAALAAAAAABAAEAAAIBRAA7\" alt=\"\ud83d\udd34\" crossorigin=\"anonymous\" data-plain-text=\"\ud83d\udd34\" \/>Entre otras\u2026 <\/span> <span class=\"x1lliihq\">Si tienes esta energ\u00eda es cuesti\u00f3n de tiempo y de alg\u00fan detonante para que se activen y generen caos. <\/span> <span class=\"x1lliihq\">Muchas veces somos atra\u00eddos a situaciones de p\u00e9rdida por estas mismas experiencias o memorias que ya traemos o incluso las nuevas que son enviadas a nosotros a trav\u00e9s de envidia, de trabajos energ\u00e9ticos o de otra forma de rituales. <\/span> <span class=\"x1lliihq\">Yo mismo he lidiado con esta energ\u00eda muchas veces en mi vida y la verdad es que los fortalecimientos son los que me han ayudado a que no sean tan desastrosas. <\/span> <span class=\"x1lliihq\">Tambi\u00e9n nos fortaleceremos para recuperarnos con m\u00e1s rapidez y mayor facilidad ante ellas. <\/span> <span class=\"x1lliihq\">Te invito a invertir en este taller, se lo valioso que ser\u00e1 en tu vida, incluir\u00e9 un manual para que tengas los comandos a la mano y los est\u00e9s repitiendo constantemente. <\/span> <span class=\"x1lliihq\"><img decoding=\"async\" class=\"b7 emoji wa _ao3e selectable-text copyable-text\" tabindex=\"-1\" draggable=\"false\" src=\"data:image\/gif;base64,R0lGODlhAQABAIAAAAAAAP\/\/\/yH5BAEAAAAALAAAAAABAAEAAAIBRAA7\" alt=\"\u274c\" crossorigin=\"anonymous\" data-plain-text=\"\u274c\" \/>Fuerte para elegir si este taller es para ti o no lo es.<img decoding=\"async\" class=\"b7 emoji wa _ao3e selectable-text copyable-text\" tabindex=\"-1\" draggable=\"false\" src=\"data:image\/gif;base64,R0lGODlhAQABAIAAAAAAAP\/\/\/yH5BAEAAAAALAAAAAABAAEAAAIBRAA7\" alt=\"\u274c\" crossorigin=\"anonymous\" data-plain-text=\"\u274c\" \/> <\/span> <span class=\"x1lliihq\">Fuertes, siempre fuertes.<\/span><\/p>\n<p>&nbsp;<\/p>\n","protected":false},"excerpt":{"rendered":"<p>Incluye: Grabaci\u00f3n en audio formato mp3 Grabaci\u00f3n en Video Manual Continuaremos haciendo conciencia y borrando esas memorias de p\u00e9rdidas que est\u00e1n a un nivel m\u00e1s profundo, casi in detectable que nos han atra\u00eddo pobreza y estancamiento econ\u00f3mico a ti y a tu familia. Con este taller daremos un paso m\u00e1s a borrar el efecto de [&#8230;]\n","protected":false},"featured_media":33444,"template":"","meta":{"_monsterinsights_skip_tracking":false,"_monsterinsights_sitenote_active":false,"_monsterinsights_sitenote_note":"","_monsterinsights_sitenote_category":0,"jetpack_post_was_ever_published":false,"jetpack_publicize_message":"","jetpack_publicize_feature_enabled":true,"jetpack_social_post_already_shared":true,"jetpack_social_options":{"image_generator_settings":{"template":"highway","default_image_id":0,"font":"","enabled":false},"version":2}},"product_brand":[],"product_cat":[87],"product_tag":[263,142,260,211,254,119,251,215,257,249,243,230,182,226,253,236,229,143,228,232,258,234,262,239,220,265,219,225,240,238,140,242,235,244,266,267,248,210,245,212,250,227,255,264,252,217,216,233,261,73,237,231,247,221,246,222,223,224,259,241,256,218,213,214,53],"class_list":{"0":"post-33449","1":"product","2":"type-product","3":"status-publish","4":"has-post-thumbnail","6":"product_cat-metodo-yuen","7":"product_tag-animales","8":"product_tag-avanzado","9":"product_tag-biden","10":"product_tag-billetes","11":"product_tag-bitcoin","12":"product_tag-carrera","13":"product_tag-china","14":"product_tag-christopher-olivarrieta","15":"product_tag-cine","16":"product_tag-coranavirus","17":"product_tag-cultura","18":"product_tag-cursos","19":"product_tag-dinero","20":"product_tag-dios","21":"product_tag-dolar","22":"product_tag-enric-corbera","23":"product_tag-ensenanza-en-casa","24":"product_tag-entidades","25":"product_tag-escuela","26":"product_tag-especialidad","27":"product_tag-estrenos","28":"product_tag-estudios","29":"product_tag-facebook","30":"product_tag-famosos","31":"product_tag-free","32":"product_tag-gatos","33":"product_tag-gratis","34":"product_tag-guerra","35":"product_tag-humor","36":"product_tag-internet","37":"product_tag-jose-palomo","38":"product_tag-juegos","39":"product_tag-lavin","40":"product_tag-manga","41":"product_tag-mercado-libre","42":"product_tag-mercado-pago","43":"product_tag-meteorologia","44":"product_tag-moneda","45":"product_tag-musica","46":"product_tag-nuevo","47":"product_tag-omnicron","48":"product_tag-oracion","49":"product_tag-peliculas","50":"product_tag-perros","51":"product_tag-peso","52":"product_tag-porn","53":"product_tag-porno","54":"product_tag-profesional","55":"product_tag-putin","56":"product_tag-salud","57":"product_tag-sexo","58":"product_tag-talleres","59":"product_tag-television","60":"product_tag-terapias","61":"product_tag-trabajo","62":"product_tag-ucrania","63":"product_tag-ukrania","64":"product_tag-usa","65":"product_tag-vacuna","66":"product_tag-viajes","67":"product_tag-videos","68":"product_tag-xxx","69":"product_tag-youtube","70":"product_tag-youtube-yuen-guadalajara","71":"product_tag-yuen","73":"first","74":"instock","75":"downloadable","76":"virtual","77":"purchasable","78":"product-type-simple"},"jetpack_publicize_connections":[],"jetpack-related-posts":[{"id":33291,"url":"https:\/\/multiofertasvip.com\/?product=taller-perdidas-economicas-1-yuen-guadalajara","url_meta":{"origin":33449,"position":0},"title":"Taller Perdidas Economicas 1-Yuen Guadalajara","author":"multiofertasvip","date":"noviembre 5, 2024","format":false,"excerpt":"Incluye: Grabaci\u00f3n en audio formato mp3 Grabaci\u00f3n en Video Manual Con este taller daremos un paso m\u00e1s a borrar el efecto de todas las p\u00e9rdidas econ\u00f3micas que nos hemos enfrentado en esta y en otras vidas. Abordaremos las situaciones donde se pudo generar una p\u00e9rdida como: Desastres naturales Trabajos Negocios\u2026","rel":"","context":"Entrada similar","block_context":{"text":"Entrada similar","link":""},"img":{"alt_text":"","src":"https:\/\/i0.wp.com\/multiofertasvip.com\/wp-content\/uploads\/2024\/11\/TALLER-PERDIDAS-ECONOMICAS-1.jpg?fit=200%2C200&ssl=1&resize=350%2C200","width":350,"height":200},"classes":[]},{"id":30310,"url":"https:\/\/multiofertasvip.com\/?product=metodo-yuen-guadalajara-taller-muerte-luto-perdidas","url_meta":{"origin":33449,"position":1},"title":"M\u00e9todo Yuen Guadalajara &#8211; Taller  Muerte-Luto-Perdidas","author":"multiofertasvip","date":"mayo 7, 2022","format":false,"excerpt":"\u00a0 \u00a0 \u00a0 \u00a0 \u00a0 \u00a0 \u00a0","rel":"","context":"Entrada similar","block_context":{"text":"Entrada similar","link":""},"img":{"alt_text":"","src":"https:\/\/i0.wp.com\/multiofertasvip.com\/wp-content\/uploads\/2022\/05\/talleres.jpg?fit=200%2C200&ssl=1&resize=350%2C200","width":350,"height":200},"classes":[]},{"id":33688,"url":"https:\/\/multiofertasvip.com\/?product=taller-resistencia-para-cambiar-yuen-guadalajara","url_meta":{"origin":33449,"position":2},"title":"Taller Resistencia para Cambiar-Yuen Guadalajara","author":"multiofertasvip","date":"marzo 11, 2025","format":false,"excerpt":"Incluye: \u2705 Grabaci\u00f3n en audio formato mp3 \u2705 Grabaci\u00f3n en Video \u2705Manual de fortalecimientos Este taller est\u00e1 lleno de fortalecimientos, de comandos, instrucciones, \u00f3rdenes o afirmaciones que est\u00e1n enfocadas en eliminar toda dificultad para CAMBIAR. \ud83c\udd98\u00bfC\u00f3mo s\u00e9 que tengo dificultades para cambiar? \ud83d\udccdSi cada que viene un cambio de clima\u2026","rel":"","context":"Entrada similar","block_context":{"text":"Entrada similar","link":""},"img":{"alt_text":"","src":"https:\/\/i0.wp.com\/multiofertasvip.com\/wp-content\/uploads\/2025\/03\/resistencias.png?fit=200%2C200&ssl=1&resize=350%2C200","width":350,"height":200},"classes":[]},{"id":30699,"url":"https:\/\/multiofertasvip.com\/?product=entidades-de-la-tierra-shannon-ohara","url_meta":{"origin":33449,"position":3},"title":"Entidades de la Tierra Shannon Ohara","author":"multiofertasvip","date":"diciembre 12, 2023","format":false,"excerpt":"Autor:\u00a0Shannon Ohara Formatos:\u00a0mp3 (audio), pdf (ebook) El producto contiene: Audio de introducci\u00f3n respecto a como usar las grabaciones de audio de procesos Explicaci\u00f3n del enunciado aclarador. Grabaci\u00f3n de procesos en audio para escuchar en loop (bucle) en mp3","rel":"","context":"Entrada similar","block_context":{"text":"Entrada similar","link":""},"img":{"alt_text":"","src":"https:\/\/i0.wp.com\/multiofertasvip.com\/wp-content\/uploads\/2023\/01\/Spanish-Entities-of-the-Earth-e1545990877593.jpg?fit=200%2C200&ssl=1&resize=350%2C200","width":350,"height":200},"classes":[]},{"id":30043,"url":"https:\/\/multiofertasvip.com\/?product=metodo-yuen-guadalajara-taller-rendimiento-fisico-2","url_meta":{"origin":33449,"position":4},"title":"M\u00e9todo Yuen Guadalajara &#8211; Taller el efecto de las p\u00e9rdidas","author":"multiofertasvip","date":"octubre 18, 2021","format":false,"excerpt":"\u00a0 \u00a0 \u00a0 \u00a0 \u00a0 \u00a0 \u00a0","rel":"","context":"Entrada similar","block_context":{"text":"Entrada similar","link":""},"img":{"alt_text":"","src":"https:\/\/i0.wp.com\/multiofertasvip.com\/wp-content\/uploads\/2021\/10\/metodo-yuen-guadalajara-taller-el-efecto-de-las-perdidas.jpg?fit=200%2C200&ssl=1&resize=350%2C200","width":350,"height":200},"classes":[]},{"id":31090,"url":"https:\/\/multiofertasvip.com\/?product=limpieza-de-espacios-access-consciousness-shannon-ohara","url_meta":{"origin":33449,"position":5},"title":"Limpieza de Espacios (Access Consciousness) -shannon Ohara","author":"multiofertasvip","date":"diciembre 12, 2023","format":false,"excerpt":"Este audio est\u00e1 dise\u00f1ado para ser escuchado en casa. Limpiar\u00e1 todas las entidades y todas las energ\u00edas que est\u00e1n inquietando o creando perturbaciones en cualquier casa, edificio, estructura, o a\u00fan propiedades o terrenos. Por favor escucha la introducci\u00f3n en audio para obtener las instrucciones respecto a limpiar tierras. Este producto\u2026","rel":"","context":"Entrada similar","block_context":{"text":"Entrada similar","link":""},"img":{"alt_text":"","src":"https:\/\/i0.wp.com\/multiofertasvip.com\/wp-content\/uploads\/2023\/12\/LIMPIEZA-DE-ESPACIOS.png?fit=200%2C200&ssl=1&resize=350%2C200","width":350,"height":200},"classes":[]}],"jetpack_sharing_enabled":false,"jetpack_likes_enabled":false,"_links":{"self":[{"href":"https:\/\/multiofertasvip.com\/index.php?rest_route=\/wp\/v2\/product\/33449","targetHints":{"allow":["GET"]}}],"collection":[{"href":"https:\/\/multiofertasvip.com\/index.php?rest_route=\/wp\/v2\/product"}],"about":[{"href":"https:\/\/multiofertasvip.com\/index.php?rest_route=\/wp\/v2\/types\/product"}],"version-history":[{"count":2,"href":"https:\/\/multiofertasvip.com\/index.php?rest_route=\/wp\/v2\/product\/33449\/revisions"}],"predecessor-version":[{"id":34555,"href":"https:\/\/multiofertasvip.com\/index.php?rest_route=\/wp\/v2\/product\/33449\/revisions\/34555"}],"wp:featuredmedia":[{"embeddable":true,"href":"https:\/\/multiofertasvip.com\/index.php?rest_route=\/wp\/v2\/media\/33444"}],"wp:attachment":[{"href":"https:\/\/multiofertasvip.com\/index.php?rest_route=%2Fwp%2Fv2%2Fmedia&parent=33449"}],"wp:term":[{"taxonomy":"product_brand","embeddable":true,"href":"https:\/\/multiofertasvip.com\/index.php?rest_route=%2Fwp%2Fv2%2Fproduct_brand&post=33449"},{"taxonomy":"product_cat","embeddable":true,"href":"https:\/\/multiofertasvip.com\/index.php?rest_route=%2Fwp%2Fv2%2Fproduct_cat&post=33449"},{"taxonomy":"product_tag","embeddable":true,"href":"https:\/\/multiofertasvip.com\/index.php?rest_route=%2Fwp%2Fv2%2Fproduct_tag&post=33449"}],"curies":[{"name":"wp","href":"https:\/\/api.w.org\/{rel}","templated":true}]}}