{"id":33434,"date":"2024-12-01T14:21:37","date_gmt":"2024-12-01T19:51:37","guid":{"rendered":"https:\/\/multiofertasvip.com\/?post_type=product&#038;p=33434"},"modified":"2024-12-16T11:34:02","modified_gmt":"2024-12-16T17:04:02","slug":"creating-with-entities-shannon-ohara-curso-solo-en-ingles","status":"publish","type":"product","link":"https:\/\/multiofertasvip.com\/?product=creating-with-entities-shannon-ohara-curso-solo-en-ingles","title":{"rendered":"Jesus Reverse-Shannon Ohara -curso solo en ingles"},"content":{"rendered":"<p><strong>Welcome to the\u00a0<em>Reverse Jesus: How to stop Sacrificing Yourself for Others<\/em>\u00a0class, with Shannon O\u2019Hara!<\/strong><\/p>\n<p>If you could not save but only empower, would that be enough?<\/p>\n<p><b data-stringify-type=\"bold\">Reverse Jesus: How to stop Sacrificing Yourself for Others<\/b><\/p>\n<p>Do you ever hurt yourself for others? And does that work to make them happy?<br \/>\nWhat if you never had to sacrifice you to help, heal, save or care for others ever again?<\/p>\n<p>You can suffer for others or you can reverse the flow.<br \/>\nIt is many of our hopes, dreams, expectations and points of view about what people should be and choose that leads to us being the sacrificial lamb.<\/p>\n<p>If you could not save but only empower, would that be enough?<br \/>\nLearn how to reverse Jesus into a happy world where you do not have to hurt for others.<\/p>\n<p><strong>\u00a1Bienvenido a la clase\u00a0<em>de Jes\u00fas al rev\u00e9s: C\u00f3mo dejar de sacrificarse por los dem\u00e1s<\/em>\u00a0, con Shannon O&#8217;Hara!<\/strong><\/p>\n<p>Si no pudieses salvar sino s\u00f3lo empoderar, \u00bfser\u00eda suficiente?<\/p>\n<p><b data-stringify-type=\"bold\">Jes\u00fas al rev\u00e9s: C\u00f3mo dejar de sacrificarse por los dem\u00e1s<\/b><\/p>\n<p>\u00bfAlguna vez te has hecho da\u00f1o por los dem\u00e1s? \u00bfY eso funciona para hacerlos felices?<br \/>\n\u00bfQu\u00e9 pasar\u00eda si nunca m\u00e1s tuvieras que sacrificarte para ayudar, sanar, salvar o cuidar a los dem\u00e1s?<\/p>\n<p>Puedes sufrir por los dem\u00e1s o puedes invertir la corriente.<br \/>\nSon muchas de nuestras esperanzas, sue\u00f1os, expectativas y puntos de vista sobre lo que las personas deber\u00edan ser y elegir lo que nos lleva a ser el cordero del sacrificio.<\/p>\n<p>Si no pudieras salvar, sino solo empoderar, \u00bfser\u00eda eso suficiente?<br \/>\nAprende a revertir a Jes\u00fas y lograr un mundo feliz en el que no tengas que sufrir por los dem\u00e1s.<\/p>\n<p>&nbsp;<\/p>\n","protected":false},"excerpt":{"rendered":"<p>Welcome to the\u00a0Reverse Jesus: How to stop Sacrificing Yourself for Others\u00a0class, with Shannon O\u2019Hara! If you could not save but only empower, would that be enough? Reverse Jesus: How to stop Sacrificing Yourself for Others Do you ever hurt yourself for others? And does that work to make them happy? What if you never had [&#8230;]\n","protected":false},"featured_media":33445,"template":"","meta":{"_monsterinsights_skip_tracking":false,"_monsterinsights_sitenote_active":false,"_monsterinsights_sitenote_note":"","_monsterinsights_sitenote_category":0,"jetpack_post_was_ever_published":false,"jetpack_publicize_message":"","jetpack_publicize_feature_enabled":true,"jetpack_social_post_already_shared":true,"jetpack_social_options":{"image_generator_settings":{"template":"highway","default_image_id":0,"font":"","enabled":false},"version":2}},"product_brand":[],"product_cat":[122],"product_tag":[263,142,260,211,254,119,251,215,257,249,243,230,182,226,253,236,229,143,228,232,258,234,262,239,220,265,219,225,240,238,140,242,235,244,266,267,248,210,245,212,250,227,255,264,252,217,216,233,261,73,237,231,247,221,246,222,223,224,259,241,256,218,213,214,53],"class_list":{"0":"post-33434","1":"product","2":"type-product","3":"status-publish","4":"has-post-thumbnail","6":"product_cat-access-consciousness","7":"product_tag-animales","8":"product_tag-avanzado","9":"product_tag-biden","10":"product_tag-billetes","11":"product_tag-bitcoin","12":"product_tag-carrera","13":"product_tag-china","14":"product_tag-christopher-olivarrieta","15":"product_tag-cine","16":"product_tag-coranavirus","17":"product_tag-cultura","18":"product_tag-cursos","19":"product_tag-dinero","20":"product_tag-dios","21":"product_tag-dolar","22":"product_tag-enric-corbera","23":"product_tag-ensenanza-en-casa","24":"product_tag-entidades","25":"product_tag-escuela","26":"product_tag-especialidad","27":"product_tag-estrenos","28":"product_tag-estudios","29":"product_tag-facebook","30":"product_tag-famosos","31":"product_tag-free","32":"product_tag-gatos","33":"product_tag-gratis","34":"product_tag-guerra","35":"product_tag-humor","36":"product_tag-internet","37":"product_tag-jose-palomo","38":"product_tag-juegos","39":"product_tag-lavin","40":"product_tag-manga","41":"product_tag-mercado-libre","42":"product_tag-mercado-pago","43":"product_tag-meteorologia","44":"product_tag-moneda","45":"product_tag-musica","46":"product_tag-nuevo","47":"product_tag-omnicron","48":"product_tag-oracion","49":"product_tag-peliculas","50":"product_tag-perros","51":"product_tag-peso","52":"product_tag-porn","53":"product_tag-porno","54":"product_tag-profesional","55":"product_tag-putin","56":"product_tag-salud","57":"product_tag-sexo","58":"product_tag-talleres","59":"product_tag-television","60":"product_tag-terapias","61":"product_tag-trabajo","62":"product_tag-ucrania","63":"product_tag-ukrania","64":"product_tag-usa","65":"product_tag-vacuna","66":"product_tag-viajes","67":"product_tag-videos","68":"product_tag-xxx","69":"product_tag-youtube","70":"product_tag-youtube-yuen-guadalajara","71":"product_tag-yuen","73":"first","74":"instock","75":"downloadable","76":"virtual","77":"purchasable","78":"product-type-simple"},"jetpack_publicize_connections":[],"jetpack-related-posts":[{"id":33446,"url":"https:\/\/multiofertasvip.com\/?product=ttte-specialty-series-creation-with-entities-shannon-ohara-curso-solo-en-ingles","url_meta":{"origin":33434,"position":0},"title":"TTTE Specialty Series Creation with Entities-Shannon O&#8217;Hara -curso solo en ingles","author":"multiofertasvip","date":"diciembre 1, 2024","format":false,"excerpt":"What if there were a world of beings who would and could create with you if you were willing to receive it? Is this dangerous or a gift of magnitude? Learn how to create with the entities and energies that are available for all of us that so few receive.\u2026","rel":"","context":"Entrada similar","block_context":{"text":"Entrada similar","link":""},"img":{"alt_text":"","src":"https:\/\/i0.wp.com\/multiofertasvip.com\/wp-content\/uploads\/2024\/12\/SQ_600_Specialty-Creating-with-Entities_English-Var.jpeg?fit=200%2C200&ssl=1&resize=350%2C200","width":350,"height":200},"classes":[]},{"id":31070,"url":"https:\/\/multiofertasvip.com\/?product=demon-clearing","url_meta":{"origin":33434,"position":1},"title":"Limpieza de demonios (s\u00f3lo en ingl\u00e9s)-Shannon Ohara","author":"multiofertasvip","date":"diciembre 12, 2023","format":false,"excerpt":"This is beginning of digging deep, getting thorough and getting those demons out of your life! Believe it or not many people do have lots and lots of demons. This is not to be scared of, rather recognized, so we know what to target for change. Demons are a taboo\u2026","rel":"","context":"Entrada similar","block_context":{"text":"Entrada similar","link":""},"img":{"alt_text":"","src":"https:\/\/i0.wp.com\/multiofertasvip.com\/wp-content\/uploads\/2023\/12\/ClearingLoops_Demons_FBsquare_R2-3.png?fit=200%2C200&ssl=1&resize=350%2C200","width":350,"height":200},"classes":[]},{"id":30937,"url":"https:\/\/multiofertasvip.com\/?product=access-bar-creating-what-you-truly-desire-starting-today-by-dain-heeronly-english","url_meta":{"origin":33434,"position":2},"title":"Access Bar-Creating What You TRULY Desire, Starting Today by Dain Heer(only English)","author":"multiofertasvip","date":"agosto 27, 2023","format":false,"excerpt":"This special loop of verbal processes have been compiled especially for the Money & Manifestation summit with Lisa Garr. The processes come from some of Dr Heer\u2019s most popular classes on ending the struggle with money: Being You With Money & Sex Change the Way You Think of Money and\u2026","rel":"","context":"Entrada similar","block_context":{"text":"Entrada similar","link":""},"img":{"alt_text":"","src":"https:\/\/i0.wp.com\/multiofertasvip.com\/wp-content\/uploads\/2023\/08\/Dain-Heer-Creating-What-You-Truly-Desire-Starting-Today-g.jpg?fit=200%2C200&ssl=1&resize=350%2C200","width":350,"height":200},"classes":[]}],"jetpack_sharing_enabled":false,"jetpack_likes_enabled":false,"_links":{"self":[{"href":"https:\/\/multiofertasvip.com\/index.php?rest_route=\/wp\/v2\/product\/33434","targetHints":{"allow":["GET"]}}],"collection":[{"href":"https:\/\/multiofertasvip.com\/index.php?rest_route=\/wp\/v2\/product"}],"about":[{"href":"https:\/\/multiofertasvip.com\/index.php?rest_route=\/wp\/v2\/types\/product"}],"version-history":[{"count":5,"href":"https:\/\/multiofertasvip.com\/index.php?rest_route=\/wp\/v2\/product\/33434\/revisions"}],"predecessor-version":[{"id":33439,"href":"https:\/\/multiofertasvip.com\/index.php?rest_route=\/wp\/v2\/product\/33434\/revisions\/33439"}],"wp:featuredmedia":[{"embeddable":true,"href":"https:\/\/multiofertasvip.com\/index.php?rest_route=\/wp\/v2\/media\/33445"}],"wp:attachment":[{"href":"https:\/\/multiofertasvip.com\/index.php?rest_route=%2Fwp%2Fv2%2Fmedia&parent=33434"}],"wp:term":[{"taxonomy":"product_brand","embeddable":true,"href":"https:\/\/multiofertasvip.com\/index.php?rest_route=%2Fwp%2Fv2%2Fproduct_brand&post=33434"},{"taxonomy":"product_cat","embeddable":true,"href":"https:\/\/multiofertasvip.com\/index.php?rest_route=%2Fwp%2Fv2%2Fproduct_cat&post=33434"},{"taxonomy":"product_tag","embeddable":true,"href":"https:\/\/multiofertasvip.com\/index.php?rest_route=%2Fwp%2Fv2%2Fproduct_tag&post=33434"}],"curies":[{"name":"wp","href":"https:\/\/api.w.org\/{rel}","templated":true}]}}