{"id":33421,"date":"2024-11-30T22:27:09","date_gmt":"2024-12-01T03:57:09","guid":{"rendered":"https:\/\/multiofertasvip.com\/?post_type=product&#038;p=33421"},"modified":"2024-11-30T22:32:27","modified_gmt":"2024-12-01T04:02:27","slug":"el-universo-interior-matias-de-stefano","status":"publish","type":"product","link":"https:\/\/multiofertasvip.com\/?product=el-universo-interior-matias-de-stefano","title":{"rendered":"El Universo Interior Mat\u00edas De Stefano"},"content":{"rendered":"<div dir=\"auto\">\n<p class=\"_mb-5\" role=\"paragraph\">\u00a1Siente el llamado del universo que reside dentro de ti! Acompa\u00f1a a Mat\u00edas De Stefano en un revelador viaje de 9 etapas hacia tu cosmos interior. Explora la profundidad de tu ser a medida que atraviesas cada chakra, desentra\u00f1ando los secretos de tu destino, la creaci\u00f3n y el universo divino.<\/p>\n<p class=\"_mb-5\" role=\"paragraph\">No se trata simplemente de un curso; es una expedici\u00f3n para conectar con el conocimiento universal. \u00a1Tu camino hacia la iluminaci\u00f3n empieza ahora mismo!<\/p>\n<\/div>\n<div dir=\"auto\"><\/div>\n","protected":false},"excerpt":{"rendered":"<p>\u00a1Siente el llamado del universo que reside dentro de ti! Acompa\u00f1a a Mat\u00edas De Stefano en un revelador viaje de 9 etapas hacia tu cosmos interior. Explora la profundidad de tu ser a medida que atraviesas cada chakra, desentra\u00f1ando los secretos de tu destino, la creaci\u00f3n y el universo divino. No se trata simplemente de [&#8230;]\n","protected":false},"featured_media":33423,"template":"","meta":{"_monsterinsights_skip_tracking":false,"_monsterinsights_sitenote_active":false,"_monsterinsights_sitenote_note":"","_monsterinsights_sitenote_category":0,"jetpack_post_was_ever_published":false,"jetpack_publicize_message":"","jetpack_publicize_feature_enabled":true,"jetpack_social_post_already_shared":true,"jetpack_social_options":{"image_generator_settings":{"template":"highway","default_image_id":0,"font":"","enabled":false},"version":2}},"product_brand":[],"product_cat":[32],"product_tag":[263,142,260,211,254,119,251,215,257,249,243,230,182,226,253,236,229,143,228,232,258,234,262,239,220,265,219,225,240,238,140,242,235,244,266,267,248,210,245,212,250,227,255,264,252,217,216,233,261,73,237,231,247,221,246,222,223,224,259,241,256,218,213,214,53],"class_list":{"0":"post-33421","1":"product","2":"type-product","3":"status-publish","4":"has-post-thumbnail","6":"product_cat-sanacion","7":"product_tag-animales","8":"product_tag-avanzado","9":"product_tag-biden","10":"product_tag-billetes","11":"product_tag-bitcoin","12":"product_tag-carrera","13":"product_tag-china","14":"product_tag-christopher-olivarrieta","15":"product_tag-cine","16":"product_tag-coranavirus","17":"product_tag-cultura","18":"product_tag-cursos","19":"product_tag-dinero","20":"product_tag-dios","21":"product_tag-dolar","22":"product_tag-enric-corbera","23":"product_tag-ensenanza-en-casa","24":"product_tag-entidades","25":"product_tag-escuela","26":"product_tag-especialidad","27":"product_tag-estrenos","28":"product_tag-estudios","29":"product_tag-facebook","30":"product_tag-famosos","31":"product_tag-free","32":"product_tag-gatos","33":"product_tag-gratis","34":"product_tag-guerra","35":"product_tag-humor","36":"product_tag-internet","37":"product_tag-jose-palomo","38":"product_tag-juegos","39":"product_tag-lavin","40":"product_tag-manga","41":"product_tag-mercado-libre","42":"product_tag-mercado-pago","43":"product_tag-meteorologia","44":"product_tag-moneda","45":"product_tag-musica","46":"product_tag-nuevo","47":"product_tag-omnicron","48":"product_tag-oracion","49":"product_tag-peliculas","50":"product_tag-perros","51":"product_tag-peso","52":"product_tag-porn","53":"product_tag-porno","54":"product_tag-profesional","55":"product_tag-putin","56":"product_tag-salud","57":"product_tag-sexo","58":"product_tag-talleres","59":"product_tag-television","60":"product_tag-terapias","61":"product_tag-trabajo","62":"product_tag-ucrania","63":"product_tag-ukrania","64":"product_tag-usa","65":"product_tag-vacuna","66":"product_tag-viajes","67":"product_tag-videos","68":"product_tag-xxx","69":"product_tag-youtube","70":"product_tag-youtube-yuen-guadalajara","71":"product_tag-yuen","73":"first","74":"instock","75":"downloadable","76":"virtual","77":"purchasable","78":"product-type-simple"},"jetpack_publicize_connections":[],"jetpack-related-posts":[{"id":30781,"url":"https:\/\/multiofertasvip.com\/?product=sistema-de-renovacion-total-edmundo-velasco","url_meta":{"origin":33421,"position":0},"title":"Sistema de RENOVACI\u00d3N TOTAL-Edmundo Velasco","author":"multiofertasvip","date":"marzo 14, 2023","format":false,"excerpt":"\u00a0 El nuevo sistema en donde el Master Coach Edmundo Velasco y la Dra. Elsa \u00c1vila te entregan todos sus conocimientos y experiencia para RENOVARTE Un concepto \u00fanico. El sistema con los cursos y contenidos m\u00e1s valiosos de Edmundo Velasco y Elsa \u00c1vila recopilados en un s\u00f3lo producto para ayudarte\u2026","rel":"","context":"Entrada similar","block_context":{"text":"Entrada similar","link":""},"img":{"alt_text":"","src":"https:\/\/i0.wp.com\/multiofertasvip.com\/wp-content\/uploads\/2023\/03\/sistema-de-renovacion-total-carpetas-235x300.jpg?resize=350%2C200&ssl=1","width":350,"height":200},"classes":[]},{"id":30759,"url":"https:\/\/multiofertasvip.com\/?product=curso-numerologia-nivel-1-y-2-macarena-giuliani","url_meta":{"origin":33421,"position":1},"title":"Curso Numerologia Nivel 1 y 2-Macarena Giuliani","author":"multiofertasvip","date":"marzo 3, 2023","format":false,"excerpt":"Los n\u00fameros han estado siempre presentes como valores, como ciencia, como auxiliares del arte, han sido sistemas, leyes, doctrinas, s\u00edmbolos sagrados y principios de sabidur\u00eda universal, como con Plat\u00f3n y suN\u00famero Nupcial; y Pit\u00e1goras con su\u00a0Paradigma, que combina C\u00e1bala, Astrolog\u00eda y Numerolog\u00eda. El Universo vibra, tiene resonancia, es ritmo, el\u2026","rel":"","context":"Con 1 comentario","block_context":{"text":"Con 1 comentario","link":"https:\/\/multiofertasvip.com\/?product=curso-numerologia-nivel-1-y-2-macarena-giuliani#comments"},"img":{"alt_text":"","src":"https:\/\/i0.wp.com\/multiofertasvip.com\/wp-content\/uploads\/2023\/03\/numerolia.png?fit=200%2C200&ssl=1&resize=350%2C200","width":350,"height":200},"classes":[]},{"id":35222,"url":"https:\/\/multiofertasvip.com\/?product=metodo-surya-dios-sol-eduardo-dharma-yoel","url_meta":{"origin":33421,"position":2},"title":"M\u00e9todo Surya (Dios Sol) Eduardo Dharma Yoel","author":"multiofertasvip","date":"marzo 26, 2026","format":false,"excerpt":"\u00a0 \u00a0 \u00a0 \u00a0 \u00a0 \u00a0 \u00a0","rel":"","context":"Entrada similar","block_context":{"text":"Entrada similar","link":""},"img":{"alt_text":"XXXXX","src":"https:\/\/i0.wp.com\/cursosenoferta.com\/amlsup1\/metodo%20surya%20dios%20sol%20eduardo%20dharma%20yoel%20-%20archivos.jpg?resize=350%2C200&ssl=1","width":350,"height":200,"srcset":"https:\/\/i0.wp.com\/cursosenoferta.com\/amlsup1\/metodo%20surya%20dios%20sol%20eduardo%20dharma%20yoel%20-%20archivos.jpg?resize=350%2C200&ssl=1 1x, https:\/\/i0.wp.com\/cursosenoferta.com\/amlsup1\/metodo%20surya%20dios%20sol%20eduardo%20dharma%20yoel%20-%20archivos.jpg?resize=525%2C300&ssl=1 1.5x, https:\/\/i0.wp.com\/cursosenoferta.com\/amlsup1\/metodo%20surya%20dios%20sol%20eduardo%20dharma%20yoel%20-%20archivos.jpg?resize=700%2C400&ssl=1 2x"},"classes":[]},{"id":319,"url":"https:\/\/multiofertasvip.com\/?product=curso-numerologia-transpersonal-nivel-1-y-2","url_meta":{"origin":33421,"position":3},"title":"Curso Numerologia Transpersonal Nivel 1 y 2","author":"multiofertasvip","date":"junio 3, 2019","format":false,"excerpt":"Los n\u00fameros han estado siempre presentes como valores, como ciencia, como auxiliares del arte, han sido sistemas, leyes, doctrinas, s\u00edmbolos sagrados y principios de sabidur\u00eda universal, como con Plat\u00f3n y suN\u00famero Nupcial; y Pit\u00e1goras con su\u00a0Paradigma, que combina C\u00e1bala, Astrolog\u00eda y Numerolog\u00eda. El Universo vibra, tiene resonancia, es ritmo, el\u2026","rel":"","context":"Con 1 comentario","block_context":{"text":"Con 1 comentario","link":"https:\/\/multiofertasvip.com\/?product=curso-numerologia-transpersonal-nivel-1-y-2#comments"},"img":{"alt_text":"","src":"https:\/\/i0.wp.com\/multiofertasvip.com\/wp-content\/uploads\/2019\/06\/numerologia.jpg?fit=200%2C200&ssl=1&resize=350%2C200","width":350,"height":200},"classes":[]},{"id":30475,"url":"https:\/\/multiofertasvip.com\/?product=constelaciones-familiares-individuales%f0%9f%91%a8%f0%9f%91%a9%f0%9f%91%a7%f0%9f%91%a6con-cecilia-imbastari","url_meta":{"origin":33421,"position":4},"title":"Constelaciones familiares INDIVIDUALES\ud83d\udc68\u200d\ud83d\udc69\u200d\ud83d\udc67\u200d\ud83d\udc66Con Cecilia Imbastari","author":"multiofertasvip","date":"octubre 7, 2022","format":false,"excerpt":"\u00a0 \u00a0 \u00a0 \u00a0","rel":"","context":"Entrada similar","block_context":{"text":"Entrada similar","link":""},"img":{"alt_text":"","src":"https:\/\/i0.wp.com\/multiofertasvip.com\/wp-content\/uploads\/2022\/10\/constelaciones.jpg?fit=526%2C526&ssl=1&resize=350%2C200","width":350,"height":200,"srcset":"https:\/\/i0.wp.com\/multiofertasvip.com\/wp-content\/uploads\/2022\/10\/constelaciones.jpg?fit=526%2C526&ssl=1&resize=350%2C200 1x, https:\/\/i0.wp.com\/multiofertasvip.com\/wp-content\/uploads\/2022\/10\/constelaciones.jpg?fit=526%2C526&ssl=1&resize=525%2C300 1.5x"},"classes":[]},{"id":35287,"url":"https:\/\/multiofertasvip.com\/?product=camino-de-la-flor-corporal-move","url_meta":{"origin":33421,"position":5},"title":"Camino de la Flor- Corporal Move","author":"multiofertasvip","date":"abril 1, 2026","format":false,"excerpt":"\u00a0 \u00a0 \u00a0 \u00a0 \u00a0 \u00a0 \u00a0","rel":"","context":"Entrada similar","block_context":{"text":"Entrada similar","link":""},"img":{"alt_text":"Camino de la Flor","src":"https:\/\/i0.wp.com\/cursoslux.com\/wp-content\/uploads\/2026\/03\/camino-de-la-flor.jpg?resize=350%2C200&ssl=1","width":350,"height":200},"classes":[]}],"jetpack_sharing_enabled":false,"jetpack_likes_enabled":false,"_links":{"self":[{"href":"https:\/\/multiofertasvip.com\/index.php?rest_route=\/wp\/v2\/product\/33421","targetHints":{"allow":["GET"]}}],"collection":[{"href":"https:\/\/multiofertasvip.com\/index.php?rest_route=\/wp\/v2\/product"}],"about":[{"href":"https:\/\/multiofertasvip.com\/index.php?rest_route=\/wp\/v2\/types\/product"}],"version-history":[{"count":2,"href":"https:\/\/multiofertasvip.com\/index.php?rest_route=\/wp\/v2\/product\/33421\/revisions"}],"predecessor-version":[{"id":33426,"href":"https:\/\/multiofertasvip.com\/index.php?rest_route=\/wp\/v2\/product\/33421\/revisions\/33426"}],"wp:featuredmedia":[{"embeddable":true,"href":"https:\/\/multiofertasvip.com\/index.php?rest_route=\/wp\/v2\/media\/33423"}],"wp:attachment":[{"href":"https:\/\/multiofertasvip.com\/index.php?rest_route=%2Fwp%2Fv2%2Fmedia&parent=33421"}],"wp:term":[{"taxonomy":"product_brand","embeddable":true,"href":"https:\/\/multiofertasvip.com\/index.php?rest_route=%2Fwp%2Fv2%2Fproduct_brand&post=33421"},{"taxonomy":"product_cat","embeddable":true,"href":"https:\/\/multiofertasvip.com\/index.php?rest_route=%2Fwp%2Fv2%2Fproduct_cat&post=33421"},{"taxonomy":"product_tag","embeddable":true,"href":"https:\/\/multiofertasvip.com\/index.php?rest_route=%2Fwp%2Fv2%2Fproduct_tag&post=33421"}],"curies":[{"name":"wp","href":"https:\/\/api.w.org\/{rel}","templated":true}]}}