{"id":33417,"date":"2024-11-30T22:18:20","date_gmt":"2024-12-01T03:48:20","guid":{"rendered":"https:\/\/multiofertasvip.com\/?post_type=product&#038;p=33417"},"modified":"2024-11-30T22:24:44","modified_gmt":"2024-12-01T03:54:44","slug":"la-rebelion-ana-luz-velazco","status":"publish","type":"product","link":"https:\/\/multiofertasvip.com\/?product=la-rebelion-ana-luz-velazco","title":{"rendered":"La Rebeli\u00f3n Ana Luz Velazco"},"content":{"rendered":"<div dir=\"auto\"><center><\/p>\n<h1 align=\"center\"><span style=\"color: #0230a2;\">LA REBELI\u00d3N<br \/>\n(M\u00e9t\u00e1foras y PNL)<br \/>\nCurso Online<\/span><\/h1>\n<h2><\/h2>\n<h2 align=\"center\"><span style=\"color: #0230a2;\">\u00a1Mensajes para tu inconsciente!<\/span><\/h2>\n<div align=\"center\"><iframe src=\"https:\/\/player.vimeo.com\/video\/835607100\/?autoplay=1\" width=\"760\" height=\"430\" frameborder=\"0\" allowfullscreen=\"allowfullscreen\" data-mce-fragment=\"1\"><\/iframe><\/div>\n<p><\/center><\/p>\n<h2 align=\"center\"><span style=\"color: #0230a2;\">\u00a1Vive El Poder de la Met\u00e1fora y util\u00edzalo a tu favor!<br \/>\n\u00a1Un curso fundamentalmente vivencial!<\/span><\/h2>\n<\/div>\n<div dir=\"auto\"><\/div>\n","protected":false},"excerpt":{"rendered":"<p>LA REBELI\u00d3N (M\u00e9t\u00e1foras y PNL) Curso Online \u00a1Mensajes para tu inconsciente! \u00a1Vive El Poder de la Met\u00e1fora y util\u00edzalo a tu favor! \u00a1Un curso fundamentalmente vivencial!<\/p>\n","protected":false},"featured_media":33419,"template":"","meta":{"_monsterinsights_skip_tracking":false,"_monsterinsights_sitenote_active":false,"_monsterinsights_sitenote_note":"","_monsterinsights_sitenote_category":0,"jetpack_post_was_ever_published":false,"jetpack_publicize_message":"","jetpack_publicize_feature_enabled":true,"jetpack_social_post_already_shared":true,"jetpack_social_options":{"image_generator_settings":{"template":"highway","default_image_id":0,"font":"","enabled":false},"version":2}},"product_brand":[],"product_cat":[272],"product_tag":[263,142,260,211,254,119,251,215,257,249,243,230,182,226,253,236,229,143,228,232,258,234,262,239,220,265,219,225,240,238,140,242,235,244,266,267,248,210,245,212,250,227,255,264,252,217,216,233,261,73,237,231,247,221,246,222,223,224,259,241,256,218,213,214,53],"class_list":{"0":"post-33417","1":"product","2":"type-product","3":"status-publish","4":"has-post-thumbnail","6":"product_cat-pnl","7":"product_tag-animales","8":"product_tag-avanzado","9":"product_tag-biden","10":"product_tag-billetes","11":"product_tag-bitcoin","12":"product_tag-carrera","13":"product_tag-china","14":"product_tag-christopher-olivarrieta","15":"product_tag-cine","16":"product_tag-coranavirus","17":"product_tag-cultura","18":"product_tag-cursos","19":"product_tag-dinero","20":"product_tag-dios","21":"product_tag-dolar","22":"product_tag-enric-corbera","23":"product_tag-ensenanza-en-casa","24":"product_tag-entidades","25":"product_tag-escuela","26":"product_tag-especialidad","27":"product_tag-estrenos","28":"product_tag-estudios","29":"product_tag-facebook","30":"product_tag-famosos","31":"product_tag-free","32":"product_tag-gatos","33":"product_tag-gratis","34":"product_tag-guerra","35":"product_tag-humor","36":"product_tag-internet","37":"product_tag-jose-palomo","38":"product_tag-juegos","39":"product_tag-lavin","40":"product_tag-manga","41":"product_tag-mercado-libre","42":"product_tag-mercado-pago","43":"product_tag-meteorologia","44":"product_tag-moneda","45":"product_tag-musica","46":"product_tag-nuevo","47":"product_tag-omnicron","48":"product_tag-oracion","49":"product_tag-peliculas","50":"product_tag-perros","51":"product_tag-peso","52":"product_tag-porn","53":"product_tag-porno","54":"product_tag-profesional","55":"product_tag-putin","56":"product_tag-salud","57":"product_tag-sexo","58":"product_tag-talleres","59":"product_tag-television","60":"product_tag-terapias","61":"product_tag-trabajo","62":"product_tag-ucrania","63":"product_tag-ukrania","64":"product_tag-usa","65":"product_tag-vacuna","66":"product_tag-viajes","67":"product_tag-videos","68":"product_tag-xxx","69":"product_tag-youtube","70":"product_tag-youtube-yuen-guadalajara","71":"product_tag-yuen","73":"first","74":"instock","75":"downloadable","76":"virtual","77":"purchasable","78":"product-type-simple"},"jetpack_publicize_connections":[],"jetpack-related-posts":[{"id":33749,"url":"https:\/\/multiofertasvip.com\/?product=el-metodo-holonico-el-poder-de-la-transformacion-michael-shaun-conaway","url_meta":{"origin":33417,"position":0},"title":"El M\u00e9todo Hol\u00f3nico &#8211; El Poder de la Transformaci\u00f3n Michael Shaun Conaway","author":"multiofertasvip","date":"abril 4, 2025","format":false,"excerpt":"Imagina un viaje profundo hacia el tejido mismo del universo, donde cada met\u00e1fora es una puerta hacia nuevas percepciones y entendimientos. Estas met\u00e1foras cu\u00e1nticas, cuidadosamente seleccionadas, sirven como llaves para desbloquear la comprensi\u00f3n de conceptos complejos, permiti\u00e9ndote explorar tu propia existencia de una manera totalmente nueva.","rel":"","context":"Entrada similar","block_context":{"text":"Entrada similar","link":""},"img":{"alt_text":"","src":"https:\/\/i0.wp.com\/multiofertasvip.com\/wp-content\/uploads\/2025\/04\/HOLONICO.png?fit=200%2C200&ssl=1&resize=350%2C200","width":350,"height":200},"classes":[]},{"id":33745,"url":"https:\/\/multiofertasvip.com\/?product=el-camino-a-la-transformacion-michael-shaun-conaway","url_meta":{"origin":33417,"position":1},"title":"El camino a la transformaci\u00f3n Michael Shaun Conaway","author":"multiofertasvip","date":"abril 4, 2025","format":false,"excerpt":"Imagina un viaje profundo de tres meses para dominar El M\u00e9todo Hol\u00f3nico y transformar cada \u00e1rea importante de tu vida, donde cada met\u00e1fora es una puerta hacia nuevas percepciones y entendimientos. Estas met\u00e1foras cu\u00e1nticas, cuidadosamente seleccionadas, sirven como llaves para desbloquear la comprensi\u00f3n de conceptos complejos, permiti\u00e9ndote explorar tu propia\u2026","rel":"","context":"Entrada similar","block_context":{"text":"Entrada similar","link":""},"img":{"alt_text":"","src":"https:\/\/i0.wp.com\/multiofertasvip.com\/wp-content\/uploads\/2025\/04\/EL-CAMINO-A-LA-TRANSFORMACION.png?fit=200%2C200&ssl=1&resize=350%2C200","width":350,"height":200},"classes":[]},{"id":30297,"url":"https:\/\/multiofertasvip.com\/?product=30297","url_meta":{"origin":33417,"position":2},"title":"Cursos EFT Tapping Online 1-2-3","author":"multiofertasvip","date":"abril 8, 2022","format":false,"excerpt":"Cursos EFT Tapping On-Line \u00bfQu\u00e9 es EFT\u00a0Tapping? EFT son las siglas de \u201cEmotional Freedom Techniques\u201d o\u00a0\u201cT\u00e9cnicas de Liberaci\u00f3n Emocional\u201d.\u00a0 EFT Tapping es una potente herramienta de gesti\u00f3n emocional que te permite gestionar tus emociones de una forma eficiente, ayud\u00e1ndote a reducir malestar y a tomar conciencia para generar nuevos patrones\u2026","rel":"","context":"Entrada similar","block_context":{"text":"Entrada similar","link":""},"img":{"alt_text":"","src":"https:\/\/i0.wp.com\/multiofertasvip.com\/wp-content\/uploads\/2022\/04\/cursos-eft-tapping-online-1-2-3.jpg?fit=200%2C200&ssl=1&resize=350%2C200","width":350,"height":200},"classes":[]},{"id":30677,"url":"https:\/\/multiofertasvip.com\/?product=anclas-para-el-exito-edmundo-velasco","url_meta":{"origin":33417,"position":3},"title":"Anclas para el \u00e9xito Edmundo Velasco","author":"multiofertasvip","date":"enero 19, 2023","format":false,"excerpt":"\u00a0 Prep\u00e1rate para el 2023\u00a0 Descubre la poderosa t\u00e9cnica de Programaci\u00f3n Neuroling\u00fc\u00edstica que entra a tu mente inconsciente y te permite lograr resultados sobresalientes en todas las \u00e1reas de tu vida,\u00a0aunque en alg\u00fan momento hayas cre\u00eddo que alcanzar el \u00e9xito era imposible. \u2013\u00a0El \u00e9xito es para unos pocos afortunados.\u2013\u00a0No lo\u2026","rel":"","context":"Entrada similar","block_context":{"text":"Entrada similar","link":""},"img":{"alt_text":"","src":"https:\/\/i0.wp.com\/multiofertasvip.com\/wp-content\/uploads\/2023\/01\/anclas-para-el-exito-.jpg?fit=200%2C200&ssl=1&resize=350%2C200","width":350,"height":200},"classes":[]},{"id":33804,"url":"https:\/\/multiofertasvip.com\/?product=curso-metodo-resecado-y-tecnologias-mentales-para-la-sanacion-carlos-zamora","url_meta":{"origin":33417,"position":4},"title":"Curso M\u00e9todo Resecado y Tecnolog\u00edas Mentales para la sanaci\u00f3n-Carlos Zamora","author":"multiofertasvip","date":"abril 25, 2025","format":false,"excerpt":"Curso M\u00e9todo Resecado y Tecnolog\u00edas Mentales para la sanaci\u00f3n Curso de Sanaci\u00f3n Bioenerg\u00e9tica \ud83d\udccc Con la T\u00e9cnica de Resecado puedes tratar todo tipo de desequilibrio del cuerpo con gran eficacia. \ud83d\udc49 Si tienes conocimientos de otras terapias , Biomagnetismo, acupuntura, sanaciones bioenerg\u00e9ticas, puedes incluirlas en Resecado y tener mayor \u00e9xito\u2026","rel":"","context":"Entrada similar","block_context":{"text":"Entrada similar","link":""},"img":{"alt_text":"","src":"https:\/\/i0.wp.com\/multiofertasvip.com\/wp-content\/uploads\/2025\/04\/resecado.png?fit=200%2C200&ssl=1&resize=350%2C200","width":350,"height":200},"classes":[]},{"id":33339,"url":"https:\/\/multiofertasvip.com\/?product=metaforas-cuanticas-edmundo-velasco","url_meta":{"origin":33417,"position":5},"title":"Yo amo el dinero y el dinero me ama a m\u00ed -Mujer Hol\u00edstica","author":"multiofertasvip","date":"noviembre 24, 2024","format":false,"excerpt":"\u00a1INICIA HOY MISMO! NO TIENES QUE ESPERAR NI UN D\u00edA M\u00c1S PARA TRANSFORMAR TU RELACI\u00d3N CON EL DINERO. EL PROGRAMA LO HACES A TU PROPIO RITMO Y AL INSCRIBIRTE TIENES ACCESO A TODOS LOS UPDATES Y BONUSES ESPECIALES SOLO PARA ALUMNAS. EL DINERO TE DA LIBERTAD. TE REFLEJA TU CAPACIDAD\u2026","rel":"","context":"Entrada similar","block_context":{"text":"Entrada similar","link":""},"img":{"alt_text":"","src":"https:\/\/i0.wp.com\/images.squarespace-cdn.com\/content\/v1\/6266ce5a7c74f51187c25b2e\/abb77135-f250-45d0-af80-a38e1c8afc0d\/MH_MOCK.png?resize=350%2C200&ssl=1","width":350,"height":200,"srcset":"https:\/\/i0.wp.com\/images.squarespace-cdn.com\/content\/v1\/6266ce5a7c74f51187c25b2e\/abb77135-f250-45d0-af80-a38e1c8afc0d\/MH_MOCK.png?resize=350%2C200&ssl=1 1x, https:\/\/i0.wp.com\/images.squarespace-cdn.com\/content\/v1\/6266ce5a7c74f51187c25b2e\/abb77135-f250-45d0-af80-a38e1c8afc0d\/MH_MOCK.png?resize=525%2C300&ssl=1 1.5x, https:\/\/i0.wp.com\/images.squarespace-cdn.com\/content\/v1\/6266ce5a7c74f51187c25b2e\/abb77135-f250-45d0-af80-a38e1c8afc0d\/MH_MOCK.png?resize=700%2C400&ssl=1 2x, https:\/\/i0.wp.com\/images.squarespace-cdn.com\/content\/v1\/6266ce5a7c74f51187c25b2e\/abb77135-f250-45d0-af80-a38e1c8afc0d\/MH_MOCK.png?resize=1050%2C600&ssl=1 3x, https:\/\/i0.wp.com\/images.squarespace-cdn.com\/content\/v1\/6266ce5a7c74f51187c25b2e\/abb77135-f250-45d0-af80-a38e1c8afc0d\/MH_MOCK.png?resize=1400%2C800&ssl=1 4x"},"classes":[]}],"jetpack_sharing_enabled":false,"jetpack_likes_enabled":false,"_links":{"self":[{"href":"https:\/\/multiofertasvip.com\/index.php?rest_route=\/wp\/v2\/product\/33417","targetHints":{"allow":["GET"]}}],"collection":[{"href":"https:\/\/multiofertasvip.com\/index.php?rest_route=\/wp\/v2\/product"}],"about":[{"href":"https:\/\/multiofertasvip.com\/index.php?rest_route=\/wp\/v2\/types\/product"}],"version-history":[{"count":2,"href":"https:\/\/multiofertasvip.com\/index.php?rest_route=\/wp\/v2\/product\/33417\/revisions"}],"predecessor-version":[{"id":33422,"href":"https:\/\/multiofertasvip.com\/index.php?rest_route=\/wp\/v2\/product\/33417\/revisions\/33422"}],"wp:featuredmedia":[{"embeddable":true,"href":"https:\/\/multiofertasvip.com\/index.php?rest_route=\/wp\/v2\/media\/33419"}],"wp:attachment":[{"href":"https:\/\/multiofertasvip.com\/index.php?rest_route=%2Fwp%2Fv2%2Fmedia&parent=33417"}],"wp:term":[{"taxonomy":"product_brand","embeddable":true,"href":"https:\/\/multiofertasvip.com\/index.php?rest_route=%2Fwp%2Fv2%2Fproduct_brand&post=33417"},{"taxonomy":"product_cat","embeddable":true,"href":"https:\/\/multiofertasvip.com\/index.php?rest_route=%2Fwp%2Fv2%2Fproduct_cat&post=33417"},{"taxonomy":"product_tag","embeddable":true,"href":"https:\/\/multiofertasvip.com\/index.php?rest_route=%2Fwp%2Fv2%2Fproduct_tag&post=33417"}],"curies":[{"name":"wp","href":"https:\/\/api.w.org\/{rel}","templated":true}]}}