{"id":33400,"date":"2024-11-29T23:06:00","date_gmt":"2024-11-30T04:36:00","guid":{"rendered":"https:\/\/multiofertasvip.com\/?post_type=product&#038;p=33400"},"modified":"2024-11-30T13:09:32","modified_gmt":"2024-11-30T18:39:32","slug":"escuela-de-magia-paula-andrea-gil","status":"publish","type":"product","link":"https:\/\/multiofertasvip.com\/?product=escuela-de-magia-paula-andrea-gil","title":{"rendered":"Escuela de Magia -Paula Andrea Gil"},"content":{"rendered":"<div class=\"x11i5rnm xat24cr x1mh8g0r x1vvkbs xtlvy1s x126k92a\">\n<div dir=\"auto\">Percibe la Magia y Reconoce todo lo que se Puede Crear en tu Vida con estas Aulas M\u00e1gicas<\/div>\n<\/div>\n<div class=\"x11i5rnm xat24cr x1mh8g0r x1vvkbs xtlvy1s x126k92a\">\n<div dir=\"auto\">1. La Magia de tus cuentas<\/div>\n<div dir=\"auto\">2. Criaturas m\u00e1gicas<\/div>\n<div dir=\"auto\">3. Comunicaci\u00f3n m\u00e1gica<\/div>\n<div dir=\"auto\">4. Transformaci\u00f3n m\u00e1gica. Look para magos modernos<\/div>\n<div dir=\"auto\">5. Defensa contra las artes oscuras<\/div>\n<div dir=\"auto\">6. Despertar de tu magia<\/div>\n<div dir=\"auto\">7. Hechizos y pociones<\/div>\n<\/div>\n","protected":false},"excerpt":{"rendered":"<p>Percibe la Magia y Reconoce todo lo que se Puede Crear en tu Vida con estas Aulas M\u00e1gicas 1. La Magia de tus cuentas 2. Criaturas m\u00e1gicas 3. Comunicaci\u00f3n m\u00e1gica 4. Transformaci\u00f3n m\u00e1gica. Look para magos modernos 5. Defensa contra las artes oscuras 6. Despertar de tu magia 7. Hechizos y pociones<\/p>\n","protected":false},"featured_media":33402,"template":"","meta":{"_monsterinsights_skip_tracking":false,"_monsterinsights_sitenote_active":false,"_monsterinsights_sitenote_note":"","_monsterinsights_sitenote_category":0,"jetpack_post_was_ever_published":false,"jetpack_publicize_message":"","jetpack_publicize_feature_enabled":true,"jetpack_social_post_already_shared":true,"jetpack_social_options":{"image_generator_settings":{"template":"highway","default_image_id":0,"font":"","enabled":false},"version":2}},"product_brand":[],"product_cat":[32],"product_tag":[263,142,260,211,254,119,251,215,257,249,243,230,182,226,253,236,229,143,228,232,258,234,262,239,220,265,219,225,240,238,140,242,235,244,266,267,248,210,245,212,250,227,255,264,252,217,216,233,261,73,237,231,247,221,246,222,223,224,259,241,256,218,213,214,53],"class_list":{"0":"post-33400","1":"product","2":"type-product","3":"status-publish","4":"has-post-thumbnail","6":"product_cat-sanacion","7":"product_tag-animales","8":"product_tag-avanzado","9":"product_tag-biden","10":"product_tag-billetes","11":"product_tag-bitcoin","12":"product_tag-carrera","13":"product_tag-china","14":"product_tag-christopher-olivarrieta","15":"product_tag-cine","16":"product_tag-coranavirus","17":"product_tag-cultura","18":"product_tag-cursos","19":"product_tag-dinero","20":"product_tag-dios","21":"product_tag-dolar","22":"product_tag-enric-corbera","23":"product_tag-ensenanza-en-casa","24":"product_tag-entidades","25":"product_tag-escuela","26":"product_tag-especialidad","27":"product_tag-estrenos","28":"product_tag-estudios","29":"product_tag-facebook","30":"product_tag-famosos","31":"product_tag-free","32":"product_tag-gatos","33":"product_tag-gratis","34":"product_tag-guerra","35":"product_tag-humor","36":"product_tag-internet","37":"product_tag-jose-palomo","38":"product_tag-juegos","39":"product_tag-lavin","40":"product_tag-manga","41":"product_tag-mercado-libre","42":"product_tag-mercado-pago","43":"product_tag-meteorologia","44":"product_tag-moneda","45":"product_tag-musica","46":"product_tag-nuevo","47":"product_tag-omnicron","48":"product_tag-oracion","49":"product_tag-peliculas","50":"product_tag-perros","51":"product_tag-peso","52":"product_tag-porn","53":"product_tag-porno","54":"product_tag-profesional","55":"product_tag-putin","56":"product_tag-salud","57":"product_tag-sexo","58":"product_tag-talleres","59":"product_tag-television","60":"product_tag-terapias","61":"product_tag-trabajo","62":"product_tag-ucrania","63":"product_tag-ukrania","64":"product_tag-usa","65":"product_tag-vacuna","66":"product_tag-viajes","67":"product_tag-videos","68":"product_tag-xxx","69":"product_tag-youtube","70":"product_tag-youtube-yuen-guadalajara","71":"product_tag-yuen","73":"first","74":"instock","75":"downloadable","76":"virtual","77":"purchasable","78":"product-type-simple"},"jetpack_publicize_connections":[],"jetpack-related-posts":[{"id":32092,"url":"https:\/\/multiofertasvip.com\/?product=magia-con-moleculas-money-magic-daniela-correa","url_meta":{"origin":33400,"position":0},"title":"Magia con mol\u00e9culas \u2013 Money Magic-Daniela Correa","author":"multiofertasvip","date":"febrero 14, 2024","format":false,"excerpt":"\u00bfTe has preguntado c\u00f3mo transformar tu realidad financiera en algo verdaderamente m\u00e1gico? \u00a1Magia con Mol\u00e9culas: Edici\u00f3n Money Magic est\u00e1 aqu\u00ed! En esta clase online, Daniela te compartir\u00e1 herramientas y t\u00e9cnicas \u00fanicas que te permitir\u00e1n reconocer la potencia que eres y as\u00ed, crear una vida fuera de limitaciones y puntos de\u2026","rel":"","context":"Entrada similar","block_context":{"text":"Entrada similar","link":""},"img":{"alt_text":"","src":"https:\/\/i0.wp.com\/multiofertasvip.com\/wp-content\/uploads\/2024\/02\/magia-con-moleculas-money-magic.png?fit=200%2C200&ssl=1&resize=350%2C200","width":350,"height":200},"classes":[]},{"id":34363,"url":"https:\/\/multiofertasvip.com\/?product=magia-con-moleculas-edicion-practical-magic-daniela-correa","url_meta":{"origin":33400,"position":1},"title":"Magia con mol\u00e9culas edici\u00f3n Practical magic-Daniela Correa","author":"multiofertasvip","date":"septiembre 9, 2025","format":false,"excerpt":"Un espacio para dejar a un lado la l\u00f3gica.Para dejar de esforzarte por encajar en una realidad que no es m\u00e1gica. Y empezar a crear desde donde siempre lo supiste:desde la frecuencia de lo imposible que\u00a0s\u00ed es posible. \u00a0Energ\u00eda desatada. Cuerpo despierto. Magia sin pedir permiso.","rel":"","context":"Entrada similar","block_context":{"text":"Entrada similar","link":""},"img":{"alt_text":"","src":"https:\/\/i0.wp.com\/multiofertasvip.com\/wp-content\/uploads\/2025\/09\/practical-magic.jpg?fit=200%2C200&ssl=1&resize=350%2C200","width":350,"height":200},"classes":[]},{"id":33052,"url":"https:\/\/multiofertasvip.com\/?product=unleash-the-magic-within-daniela-correa","url_meta":{"origin":33400,"position":2},"title":"Unleash the magic within-Daniela Correa","author":"multiofertasvip","date":"agosto 16, 2024","format":false,"excerpt":"\u00a1Despierta la magia que llevas dentro! Experimenta el poder transformador de tu energ\u00eda mientras exploras tu capacidad innata de crear magia en tu vida. A trav\u00e9s de tres ejercicios energ\u00e9ticos descubrir\u00e1s las posibilidades ilimitadas que existen para potenciar la magia y el poder que llevas dentro. Desata tu verdadero potencial\u2026","rel":"","context":"Entrada similar","block_context":{"text":"Entrada similar","link":""},"img":{"alt_text":"","src":"https:\/\/i0.wp.com\/multiofertasvip.com\/wp-content\/uploads\/2024\/08\/UNLEASH1.jpg?fit=200%2C200&ssl=1&resize=350%2C200","width":350,"height":200},"classes":[]},{"id":34411,"url":"https:\/\/multiofertasvip.com\/?product=muestra-grupal-cirugias-cuanticas-recibe-tu-magia-paula-gil","url_meta":{"origin":33400,"position":3},"title":"Muestra Grupal Cirug\u00edas Cu\u00e1nticas Recibe tu Magia-Paula Gil","author":"multiofertasvip","date":"octubre 2, 2025","format":false,"excerpt":"\u00bfQu\u00e9 pasar\u00eda si ya fueras m\u00e1gica o m\u00e1gico... Y simplemente lo hubieras olvidado? Te invito a una muestra grupal muy especial de Cirug\u00edas Cu\u00e1nticas en la que nos abriremos a recibir la magia que realmente somos. Esa que vive en ti desde siempre, m\u00e1s all\u00e1 de esta realidad, de tus\u2026","rel":"","context":"Entrada similar","block_context":{"text":"Entrada similar","link":""},"img":{"alt_text":"","src":"https:\/\/i0.wp.com\/multiofertasvip.com\/wp-content\/uploads\/2025\/10\/RECIBE-TU-MAGIA.png?fit=200%2C200&ssl=1&resize=350%2C200","width":350,"height":200},"classes":[]},{"id":32746,"url":"https:\/\/multiofertasvip.com\/?product=magia-con-moleculas-business-magic-daniela-correa","url_meta":{"origin":33400,"position":4},"title":"Magia con mol\u00e9culas \u2013 Business Magic-Daniela Correa","author":"multiofertasvip","date":"abril 17, 2024","format":false,"excerpt":"Yo soy una mol\u00e9cula dispuesta a cambiarlo todo y si me dejas entrar, te voy a mostrar mi Magia con los negocios, que tal si me dejas contribuir a encender la tuya? porque mi amor, mi vida ES un negocio millonario!","rel":"","context":"Entrada similar","block_context":{"text":"Entrada similar","link":""},"img":{"alt_text":"","src":"https:\/\/i0.wp.com\/multiofertasvip.com\/wp-content\/uploads\/2024\/04\/bussines.png?fit=200%2C200&ssl=1&resize=350%2C200","width":350,"height":200},"classes":[]},{"id":35335,"url":"https:\/\/multiofertasvip.com\/?product=curso-being-you-being-magic-en-espanol-dain-heer","url_meta":{"origin":33400,"position":5},"title":"Curso Being You Being Magic-en Espa\u00f1ol -Dain Heer","author":"multiofertasvip","date":"abril 1, 2026","format":false,"excerpt":"\u00a0 \u00a0 \u00a0 \u00a0 \u00a0 \u00a0 \u00a0","rel":"","context":"Entrada similar","block_context":{"text":"Entrada similar","link":""},"img":{"alt_text":"","src":"https:\/\/i0.wp.com\/multiofertasvip.com\/wp-content\/uploads\/2026\/04\/BEING.jpg?fit=200%2C200&ssl=1&resize=350%2C200","width":350,"height":200},"classes":[]}],"jetpack_sharing_enabled":false,"jetpack_likes_enabled":false,"_links":{"self":[{"href":"https:\/\/multiofertasvip.com\/index.php?rest_route=\/wp\/v2\/product\/33400","targetHints":{"allow":["GET"]}}],"collection":[{"href":"https:\/\/multiofertasvip.com\/index.php?rest_route=\/wp\/v2\/product"}],"about":[{"href":"https:\/\/multiofertasvip.com\/index.php?rest_route=\/wp\/v2\/types\/product"}],"version-history":[{"count":1,"href":"https:\/\/multiofertasvip.com\/index.php?rest_route=\/wp\/v2\/product\/33400\/revisions"}],"predecessor-version":[{"id":33403,"href":"https:\/\/multiofertasvip.com\/index.php?rest_route=\/wp\/v2\/product\/33400\/revisions\/33403"}],"wp:featuredmedia":[{"embeddable":true,"href":"https:\/\/multiofertasvip.com\/index.php?rest_route=\/wp\/v2\/media\/33402"}],"wp:attachment":[{"href":"https:\/\/multiofertasvip.com\/index.php?rest_route=%2Fwp%2Fv2%2Fmedia&parent=33400"}],"wp:term":[{"taxonomy":"product_brand","embeddable":true,"href":"https:\/\/multiofertasvip.com\/index.php?rest_route=%2Fwp%2Fv2%2Fproduct_brand&post=33400"},{"taxonomy":"product_cat","embeddable":true,"href":"https:\/\/multiofertasvip.com\/index.php?rest_route=%2Fwp%2Fv2%2Fproduct_cat&post=33400"},{"taxonomy":"product_tag","embeddable":true,"href":"https:\/\/multiofertasvip.com\/index.php?rest_route=%2Fwp%2Fv2%2Fproduct_tag&post=33400"}],"curies":[{"name":"wp","href":"https:\/\/api.w.org\/{rel}","templated":true}]}}