{"id":33394,"date":"2024-11-29T21:19:32","date_gmt":"2024-11-30T02:49:32","guid":{"rendered":"https:\/\/multiofertasvip.com\/?post_type=product&#038;p=33394"},"modified":"2024-11-29T21:24:41","modified_gmt":"2024-11-30T02:54:41","slug":"access-fundamento-vanesa-litvac","status":"publish","type":"product","link":"https:\/\/multiofertasvip.com\/?product=access-fundamento-vanesa-litvac","title":{"rendered":"Access Fundamento-Vanesa Litvac"},"content":{"rendered":"<div class=\"x11i5rnm xat24cr x1mh8g0r x1vvkbs xtlvy1s x126k92a\">\n<div dir=\"auto\">En esta clase de 3,5 d\u00edas exploramos las diferentes \u00e1reas que conforman nuestras vidas, y nos abrimos a un espacio diferente! Familia, cuerpo, dinero, negocios, entidades, relaciones, pareja, hijos, tu mismo\u2026<\/div>\n<\/div>\n<div class=\"x11i5rnm xat24cr x1mh8g0r x1vvkbs xtlvy1s x126k92a\">\n<div dir=\"auto\">Vamos liberar las bases, los pensamientos, las creencias, los sentimientos y las emociones desde donde est\u00e1s creando tu vida de una manera limitada..<\/div>\n<\/div>\n<div class=\"x11i5rnm xat24cr x1mh8g0r x1vvkbs xtlvy1s x126k92a\">\n<div dir=\"auto\">Tambi\u00e9n hay 3 procesos de cuerpo que cambiaran tu relaci\u00f3n con tu cuerpo, con el dinero, con tus relaciones, con tu vida y tu vivir!!<\/div>\n<\/div>\n","protected":false},"excerpt":{"rendered":"<p>En esta clase de 3,5 d\u00edas exploramos las diferentes \u00e1reas que conforman nuestras vidas, y nos abrimos a un espacio diferente! Familia, cuerpo, dinero, negocios, entidades, relaciones, pareja, hijos, tu mismo\u2026 Vamos liberar las bases, los pensamientos, las creencias, los sentimientos y las emociones desde donde est\u00e1s creando tu vida de una manera limitada.. Tambi\u00e9n [&#8230;]\n","protected":false},"featured_media":33396,"template":"","meta":{"_monsterinsights_skip_tracking":false,"_monsterinsights_sitenote_active":false,"_monsterinsights_sitenote_note":"","_monsterinsights_sitenote_category":0,"jetpack_post_was_ever_published":false,"jetpack_publicize_message":"","jetpack_publicize_feature_enabled":true,"jetpack_social_post_already_shared":true,"jetpack_social_options":{"image_generator_settings":{"template":"highway","default_image_id":0,"font":"","enabled":false},"version":2}},"product_brand":[],"product_cat":[122],"product_tag":[263,142,260,211,254,119,251,215,257,249,243,230,182,226,253,236,229,143,228,232,258,234,262,239,220,265,219,225,240,238,140,242,235,244,266,267,248,210,245,212,250,227,255,264,252,217,216,233,261,73,237,231,247,221,246,222,223,224,259,241,256,218,213,214,53],"class_list":{"0":"post-33394","1":"product","2":"type-product","3":"status-publish","4":"has-post-thumbnail","6":"product_cat-access-consciousness","7":"product_tag-animales","8":"product_tag-avanzado","9":"product_tag-biden","10":"product_tag-billetes","11":"product_tag-bitcoin","12":"product_tag-carrera","13":"product_tag-china","14":"product_tag-christopher-olivarrieta","15":"product_tag-cine","16":"product_tag-coranavirus","17":"product_tag-cultura","18":"product_tag-cursos","19":"product_tag-dinero","20":"product_tag-dios","21":"product_tag-dolar","22":"product_tag-enric-corbera","23":"product_tag-ensenanza-en-casa","24":"product_tag-entidades","25":"product_tag-escuela","26":"product_tag-especialidad","27":"product_tag-estrenos","28":"product_tag-estudios","29":"product_tag-facebook","30":"product_tag-famosos","31":"product_tag-free","32":"product_tag-gatos","33":"product_tag-gratis","34":"product_tag-guerra","35":"product_tag-humor","36":"product_tag-internet","37":"product_tag-jose-palomo","38":"product_tag-juegos","39":"product_tag-lavin","40":"product_tag-manga","41":"product_tag-mercado-libre","42":"product_tag-mercado-pago","43":"product_tag-meteorologia","44":"product_tag-moneda","45":"product_tag-musica","46":"product_tag-nuevo","47":"product_tag-omnicron","48":"product_tag-oracion","49":"product_tag-peliculas","50":"product_tag-perros","51":"product_tag-peso","52":"product_tag-porn","53":"product_tag-porno","54":"product_tag-profesional","55":"product_tag-putin","56":"product_tag-salud","57":"product_tag-sexo","58":"product_tag-talleres","59":"product_tag-television","60":"product_tag-terapias","61":"product_tag-trabajo","62":"product_tag-ucrania","63":"product_tag-ukrania","64":"product_tag-usa","65":"product_tag-vacuna","66":"product_tag-viajes","67":"product_tag-videos","68":"product_tag-xxx","69":"product_tag-youtube","70":"product_tag-youtube-yuen-guadalajara","71":"product_tag-yuen","73":"first","74":"instock","75":"downloadable","76":"virtual","77":"purchasable","78":"product-type-simple"},"jetpack_publicize_connections":[],"jetpack-related-posts":[{"id":33670,"url":"https:\/\/multiofertasvip.com\/?product=master-en-desarrollo-personal-sergio-fernandez","url_meta":{"origin":33394,"position":0},"title":"Master en Desarrollo Personal-Sergio Fernandez","author":"multiofertasvip","date":"febrero 26, 2025","format":false,"excerpt":"Accede al Master de Desarrollo personal Master de Desarrollo personal \u2013 Sergio Fernandez\u00a0es la formaci\u00f3n que te ense\u00f1ara como vivir en plenitud y abundancia en cada \u00e1rea de tu vida No importa si te gusta el desarrollo personal o si piensas que es algo que se ha puesto de moda.\u2026","rel":"","context":"Entrada similar","block_context":{"text":"Entrada similar","link":""},"img":{"alt_text":"","src":"https:\/\/i0.wp.com\/multiofertasvip.com\/wp-content\/uploads\/2025\/02\/master.jpg?fit=200%2C200&ssl=1&resize=350%2C200","width":350,"height":200},"classes":[]},{"id":33011,"url":"https:\/\/multiofertasvip.com\/?product=magia-cuantica-recuperando-tu-cuerpo-magico-daniela-correa","url_meta":{"origin":33394,"position":1},"title":"Magia Cu\u00e1ntica \u2013 Recuperando tu Cuerpo M\u00e1gico-Daniela Correa","author":"multiofertasvip","date":"julio 22, 2024","format":false,"excerpt":"Cuando llegamos a esta encarnaci\u00f3n todo es acerca del gozo y el bienestar de nuestro cuerpo. A trav\u00e9s de \u00e9l nos relacionamos con nuestro entorno y recibimos informaci\u00f3n, nos comunicamos y estamos din\u00e1micamente en contacto con sus requerimientos y buscamos por todos los medios satisfacerlos. Todas las limitaciones, juicios y\u2026","rel":"","context":"Entrada similar","block_context":{"text":"Entrada similar","link":""},"img":{"alt_text":"","src":"https:\/\/i0.wp.com\/multiofertasvip.com\/wp-content\/uploads\/2024\/07\/recuperando-tu-cuerpo-magico.png?fit=200%2C200&ssl=1&resize=350%2C200","width":350,"height":200},"classes":[]},{"id":33234,"url":"https:\/\/multiofertasvip.com\/?product=cirugias-cuanticas-limpieza-multidimensional-paula-andrea-gil","url_meta":{"origin":33394,"position":2},"title":"Cirug\u00edas cu\u00e1nticas Limpieza Multidimensional-Paula Andrea Gil","author":"multiofertasvip","date":"octubre 4, 2024","format":false,"excerpt":"Cirug\u00edas cu\u00e1nticas Limpieza Multidimensional Hay algunas cosas que pueden estar influyendo en tu cuerpo, en tu vida, en tus relaciones, en tu dinero que no est\u00e1n en tu cuerpo f\u00edsico y ni siquiera en esta dimensi\u00f3n. En la clase de limpieza multidimensional aprender\u00e1s todo sobre esto y much\u00edsimo m\u00e1s acerca\u2026","rel":"","context":"Entrada similar","block_context":{"text":"Entrada similar","link":""},"img":{"alt_text":"","src":"https:\/\/i0.wp.com\/multiofertasvip.com\/wp-content\/uploads\/2024\/10\/Limpieza-Multidimensional.jpeg?fit=200%2C200&ssl=1&resize=350%2C200","width":350,"height":200},"classes":[]},{"id":34914,"url":"https:\/\/multiofertasvip.com\/?product=curso-el-dinero-el-sustento-y-la-expansion-en-el-arbol-de-la-vida-mario-saban","url_meta":{"origin":33394,"position":3},"title":"Curso El Dinero, el Sustento y la Expansi\u00f3n en el \u00c1rbol de la Vida Mario Saban\/Sandra Sara Krawczyk","author":"multiofertasvip","date":"marzo 3, 2026","format":false,"excerpt":"Este curso pone \u00e9nfasis en la comprensi\u00f3n del dinero y del sustento, de d\u00f3nde vienen y c\u00f3mo se cruza la informaci\u00f3n en el Etz Hajaim (\u00c1rbol de las Vidas) y en el Etz Hamishpaj\u00e1 (\u00c1rbol de la Familia). La b\u00fasqueda personal para investigar la problem\u00e1tica del dinero y el sustento\u2026","rel":"","context":"Entrada similar","block_context":{"text":"Entrada similar","link":""},"img":{"alt_text":"","src":"https:\/\/i0.wp.com\/multiofertasvip.com\/wp-content\/uploads\/2026\/03\/el-dinero-sustento.jpg?fit=200%2C200&ssl=1&resize=350%2C200","width":350,"height":200},"classes":[]},{"id":30400,"url":"https:\/\/multiofertasvip.com\/?product=access-consciousness-makeover-desde-la-consciencia-21-dias-para-cambiarlo-todo","url_meta":{"origin":33394,"position":4},"title":"Access Consciousness-Makeover desde la consciencia,\u00a021 d\u00edas para cambiarlo todo","author":"multiofertasvip","date":"agosto 27, 2023","format":false,"excerpt":"\u00a0 \u00a0 \u00a0 \u00a0 \u00a0 \u00a0 \u00a0","rel":"","context":"Entrada similar","block_context":{"text":"Entrada similar","link":""},"img":{"alt_text":"","src":"https:\/\/i0.wp.com\/multiofertasvip.com\/wp-content\/uploads\/2022\/08\/make-over.jpg?fit=200%2C200&ssl=1&resize=350%2C200","width":350,"height":200},"classes":[]},{"id":30415,"url":"https:\/\/multiofertasvip.com\/?product=mesa-radionica-de-saint-germain-adriana-echeverri","url_meta":{"origin":33394,"position":5},"title":"Mesa Radi\u00f3nica de Saint Germain-Adriana Echeverri","author":"multiofertasvip","date":"septiembre 6, 2022","format":false,"excerpt":"\u00a0 \u00a0 \u00a0 \u00a0 \u00a0 \u00a0 \u00a0","rel":"","context":"Entrada similar","block_context":{"text":"Entrada similar","link":""},"img":{"alt_text":"","src":"https:\/\/i0.wp.com\/multiofertasvip.com\/wp-content\/uploads\/2022\/09\/mesa-radiodica.jpg?fit=200%2C200&ssl=1&resize=350%2C200","width":350,"height":200},"classes":[]}],"jetpack_sharing_enabled":false,"jetpack_likes_enabled":false,"_links":{"self":[{"href":"https:\/\/multiofertasvip.com\/index.php?rest_route=\/wp\/v2\/product\/33394","targetHints":{"allow":["GET"]}}],"collection":[{"href":"https:\/\/multiofertasvip.com\/index.php?rest_route=\/wp\/v2\/product"}],"about":[{"href":"https:\/\/multiofertasvip.com\/index.php?rest_route=\/wp\/v2\/types\/product"}],"version-history":[{"count":1,"href":"https:\/\/multiofertasvip.com\/index.php?rest_route=\/wp\/v2\/product\/33394\/revisions"}],"predecessor-version":[{"id":33397,"href":"https:\/\/multiofertasvip.com\/index.php?rest_route=\/wp\/v2\/product\/33394\/revisions\/33397"}],"wp:featuredmedia":[{"embeddable":true,"href":"https:\/\/multiofertasvip.com\/index.php?rest_route=\/wp\/v2\/media\/33396"}],"wp:attachment":[{"href":"https:\/\/multiofertasvip.com\/index.php?rest_route=%2Fwp%2Fv2%2Fmedia&parent=33394"}],"wp:term":[{"taxonomy":"product_brand","embeddable":true,"href":"https:\/\/multiofertasvip.com\/index.php?rest_route=%2Fwp%2Fv2%2Fproduct_brand&post=33394"},{"taxonomy":"product_cat","embeddable":true,"href":"https:\/\/multiofertasvip.com\/index.php?rest_route=%2Fwp%2Fv2%2Fproduct_cat&post=33394"},{"taxonomy":"product_tag","embeddable":true,"href":"https:\/\/multiofertasvip.com\/index.php?rest_route=%2Fwp%2Fv2%2Fproduct_tag&post=33394"}],"curies":[{"name":"wp","href":"https:\/\/api.w.org\/{rel}","templated":true}]}}