{"id":33386,"date":"2024-11-29T21:05:34","date_gmt":"2024-11-30T02:35:34","guid":{"rendered":"https:\/\/multiofertasvip.com\/?post_type=product&#038;p=33386"},"modified":"2025-05-12T14:35:23","modified_gmt":"2025-05-12T20:05:23","slug":"cirugias-cuanticas-adn-paula-andrea-gil","status":"publish","type":"product","link":"https:\/\/multiofertasvip.com\/?product=cirugias-cuanticas-adn-paula-andrea-gil","title":{"rendered":"Taller Super Poderes -Paula Andrea Gil"},"content":{"rendered":"<p>Clase con proceso corporal de Access Consciousness \u00ae<br class=\"html-br\" \/>\u00bfTe atrapas en esta realidad para crear?<br class=\"html-br\" \/>\u00bfVives desde la imposibilidad o desde la posibilidad?<br class=\"html-br\" \/>\u00bfQu\u00e9 tal crear desde una realidad m\u00e1s all\u00e1 de esta realidad?<br class=\"html-br\" \/>Si te gustar\u00eda acceder a esta energ\u00eda, esta clase pudiera ser una contribuci\u00f3n para ti<\/p>\n","protected":false},"excerpt":{"rendered":"<p>Clase con proceso corporal de Access Consciousness \u00ae\u00bfTe atrapas en esta realidad para crear?\u00bfVives desde la imposibilidad o desde la posibilidad?\u00bfQu\u00e9 tal crear desde una realidad m\u00e1s all\u00e1 de esta realidad?Si te gustar\u00eda acceder a esta energ\u00eda, esta clase pudiera ser una contribuci\u00f3n para ti<\/p>\n","protected":false},"featured_media":33392,"template":"","meta":{"_monsterinsights_skip_tracking":false,"_monsterinsights_sitenote_active":false,"_monsterinsights_sitenote_note":"","_monsterinsights_sitenote_category":0,"jetpack_post_was_ever_published":false,"jetpack_publicize_message":"","jetpack_publicize_feature_enabled":true,"jetpack_social_post_already_shared":true,"jetpack_social_options":{"image_generator_settings":{"template":"highway","default_image_id":0,"font":"","enabled":false},"version":2}},"product_brand":[],"product_cat":[32],"product_tag":[263,142,260,211,254,119,251,215,257,249,243,230,182,226,253,236,229,143,228,232,258,234,262,239,220,265,219,225,240,238,140,242,235,244,266,267,248,210,245,212,250,227,255,264,252,217,216,233,261,73,237,231,247,221,246,222,223,224,259,241,256,218,213,214,53],"class_list":{"0":"post-33386","1":"product","2":"type-product","3":"status-publish","4":"has-post-thumbnail","6":"product_cat-sanacion","7":"product_tag-animales","8":"product_tag-avanzado","9":"product_tag-biden","10":"product_tag-billetes","11":"product_tag-bitcoin","12":"product_tag-carrera","13":"product_tag-china","14":"product_tag-christopher-olivarrieta","15":"product_tag-cine","16":"product_tag-coranavirus","17":"product_tag-cultura","18":"product_tag-cursos","19":"product_tag-dinero","20":"product_tag-dios","21":"product_tag-dolar","22":"product_tag-enric-corbera","23":"product_tag-ensenanza-en-casa","24":"product_tag-entidades","25":"product_tag-escuela","26":"product_tag-especialidad","27":"product_tag-estrenos","28":"product_tag-estudios","29":"product_tag-facebook","30":"product_tag-famosos","31":"product_tag-free","32":"product_tag-gatos","33":"product_tag-gratis","34":"product_tag-guerra","35":"product_tag-humor","36":"product_tag-internet","37":"product_tag-jose-palomo","38":"product_tag-juegos","39":"product_tag-lavin","40":"product_tag-manga","41":"product_tag-mercado-libre","42":"product_tag-mercado-pago","43":"product_tag-meteorologia","44":"product_tag-moneda","45":"product_tag-musica","46":"product_tag-nuevo","47":"product_tag-omnicron","48":"product_tag-oracion","49":"product_tag-peliculas","50":"product_tag-perros","51":"product_tag-peso","52":"product_tag-porn","53":"product_tag-porno","54":"product_tag-profesional","55":"product_tag-putin","56":"product_tag-salud","57":"product_tag-sexo","58":"product_tag-talleres","59":"product_tag-television","60":"product_tag-terapias","61":"product_tag-trabajo","62":"product_tag-ucrania","63":"product_tag-ukrania","64":"product_tag-usa","65":"product_tag-vacuna","66":"product_tag-viajes","67":"product_tag-videos","68":"product_tag-xxx","69":"product_tag-youtube","70":"product_tag-youtube-yuen-guadalajara","71":"product_tag-yuen","73":"first","74":"instock","75":"downloadable","76":"virtual","77":"purchasable","78":"product-type-simple"},"jetpack_publicize_connections":[],"jetpack-related-posts":[{"id":33451,"url":"https:\/\/multiofertasvip.com\/?product=escuela-de-mutantes-%c2%b7-reload-paula-andrea-gil","url_meta":{"origin":33386,"position":0},"title":"Escuela de Mutantes \u00b7 Reload-Paula Andrea Gil","author":"multiofertasvip","date":"diciembre 1, 2024","format":false,"excerpt":"\u00bfTe gusta la f\u00edsica cu\u00e1ntica?\u00bfTe gustan los superh\u00e9roes y sus super poderes?.\u00bfTe gustar\u00eda descubrir las habilidades m\u00e1s all\u00e1 de esta realidad que tiene tu cuerpo y tu cerebro?\u00bfTe gustar\u00eda crear en otras dimensiones y realidades?\u00bfTe gustar\u00eda tener herramientas para crear m\u00e1s all\u00e1 de esta realidad?\u00bfCu\u00e1ntas habilidades con el tiempo puedes\u2026","rel":"","context":"Entrada similar","block_context":{"text":"Entrada similar","link":""},"img":{"alt_text":"","src":"https:\/\/i0.wp.com\/multiofertasvip.com\/wp-content\/uploads\/2024\/11\/reload.jpg?fit=200%2C200&ssl=1&resize=350%2C200","width":350,"height":200},"classes":[]},{"id":33666,"url":"https:\/\/multiofertasvip.com\/?product=doble-cuantico-y-los-multiversos-paula-gil","url_meta":{"origin":33386,"position":1},"title":"Doble Cu\u00e1ntico y los Multiversos-Paula Gil","author":"multiofertasvip","date":"febrero 26, 2025","format":false,"excerpt":"\u00bfY si te dijera que existen muchas versiones de ti que ya tienen toda la informaci\u00f3n para llevarte a crear cualquier cosa que elijas? Eso es tu Doble Cu\u00e1ntico. Ese doble cu\u00e1ntico puede estar en diferentes momentos contigo, mostr\u00e1ndote posibilidades y abriendo puertas en los infinitos multiversos donde cada elecci\u00f3n\u2026","rel":"","context":"Entrada similar","block_context":{"text":"Entrada similar","link":""},"img":{"alt_text":"","src":"https:\/\/i0.wp.com\/multiofertasvip.com\/wp-content\/uploads\/2025\/02\/doble-cuantico.jpg?fit=200%2C200&ssl=1&resize=350%2C200","width":350,"height":200},"classes":[]},{"id":32800,"url":"https:\/\/multiofertasvip.com\/?product=negocios-hechos-diferente-access-consciousness-simone-milasas","url_meta":{"origin":33386,"position":2},"title":"Negocios hechos diferente (Access Consciousness) Simone Milasas","author":"multiofertasvip","date":"mayo 13, 2024","format":false,"excerpt":"\u00bfCu\u00e1ntos de ustedes han estado haciendo lo mismo esperando que cambie? En esta clase de 3 d\u00edas \"LOS NEGOCIOS HECHOS DIFERENTE\", la Clase Maestra, te dar\u00e1 nuevas herramientas y procesos para cambiar en cualquier \u00e1rea con los negocios y el dinero. Esta es una invitaci\u00f3n para crear m\u00e1s y ser\u2026","rel":"","context":"Entrada similar","block_context":{"text":"Entrada similar","link":""},"img":{"alt_text":"","src":"https:\/\/i0.wp.com\/multiofertasvip.com\/wp-content\/uploads\/2024\/05\/negocios-hechos-diferentes.png?fit=200%2C200&ssl=1&resize=350%2C200","width":350,"height":200},"classes":[]},{"id":33268,"url":"https:\/\/multiofertasvip.com\/?product=especialidad-cirugias-cuanticas-cerebro-ojos-corazon-paula-andrea-gil","url_meta":{"origin":33386,"position":3},"title":"Especialidad Cirugias Cuanticas-Cerebro-Ojos-Corazon -Paula Andrea Gil","author":"multiofertasvip","date":"octubre 21, 2024","format":false,"excerpt":"Si ya has tomado la clase de cirug\u00edas cu\u00e1nticas y la clase de cirug\u00edas cu\u00e1nticas avanzadas y quieres ir a un nuevo nivel, tenemos esta nueva especialidad de ojos, cerebro y coraz\u00f3n. En donde profundizaremos en miles de posibilidades energ\u00e9ticas para crear una nueva realidad con tu cuerpo.","rel":"","context":"Entrada similar","block_context":{"text":"Entrada similar","link":""},"img":{"alt_text":"","src":"https:\/\/i0.wp.com\/multiofertasvip.com\/wp-content\/uploads\/2024\/10\/Cerebro-Ojos-Corazon.jpeg?fit=200%2C200&ssl=1&resize=350%2C200","width":350,"height":200},"classes":[]},{"id":33239,"url":"https:\/\/multiofertasvip.com\/?product=cirugias-cuanticas-dinero-paula-andrea-gil","url_meta":{"origin":33386,"position":4},"title":"Cirug\u00edas cu\u00e1nticas Dinero-Paula Andrea Gil","author":"multiofertasvip","date":"octubre 4, 2024","format":false,"excerpt":"Si ya tomaste la clase avanzada y quieres profundizar en el tema de dinero, tendremos la clase de especialidad de cirug\u00edas cu\u00e1nticas dinero, en el que abordaremos diferentes temas cu\u00e1nticos en relaci\u00f3n con el dinero y tambi\u00e9n veremos las diferentes formas de usar las cirug\u00edas cu\u00e1nticas en este t\u00f3pico para\u2026","rel":"","context":"Entrada similar","block_context":{"text":"Entrada similar","link":""},"img":{"alt_text":"","src":"https:\/\/i0.wp.com\/multiofertasvip.com\/wp-content\/uploads\/2024\/10\/Cirugias-Cuanticas-Dinero.jpeg?fit=200%2C200&ssl=1&resize=350%2C200","width":350,"height":200},"classes":[]},{"id":32101,"url":"https:\/\/multiofertasvip.com\/?product=magia-con-moleculas-lujo-y-prosperidad-2023-daniela-correa","url_meta":{"origin":33386,"position":5},"title":"Magia con Mol\u00e9culas Lujo y Prosperidad 2023-Daniela Correa","author":"multiofertasvip","date":"febrero 14, 2024","format":false,"excerpt":"Percibe lo que esta posibilidad tiene disponible para ti\u2026 \u00bfQu\u00e9 tomar\u00eda para que hoy reconozcas todo el lujo y la prosperidad que est\u00e1 disponible en el planeta?\u2026 Imagina c\u00f3mo ser\u00eda tu vida si eliges encarnar y actualizar estas dos energ\u00edas en tu realidad. Magia con Mol\u00e9culas es acerca de decir\u2026","rel":"","context":"Entrada similar","block_context":{"text":"Entrada similar","link":""},"img":{"alt_text":"","src":"https:\/\/i0.wp.com\/multiofertasvip.com\/wp-content\/uploads\/2024\/02\/magia-con-moleculas-lujo-y-prosperidad.png?fit=200%2C200&ssl=1&resize=350%2C200","width":350,"height":200},"classes":[]}],"jetpack_sharing_enabled":false,"jetpack_likes_enabled":false,"_links":{"self":[{"href":"https:\/\/multiofertasvip.com\/index.php?rest_route=\/wp\/v2\/product\/33386","targetHints":{"allow":["GET"]}}],"collection":[{"href":"https:\/\/multiofertasvip.com\/index.php?rest_route=\/wp\/v2\/product"}],"about":[{"href":"https:\/\/multiofertasvip.com\/index.php?rest_route=\/wp\/v2\/types\/product"}],"version-history":[{"count":4,"href":"https:\/\/multiofertasvip.com\/index.php?rest_route=\/wp\/v2\/product\/33386\/revisions"}],"predecessor-version":[{"id":33390,"href":"https:\/\/multiofertasvip.com\/index.php?rest_route=\/wp\/v2\/product\/33386\/revisions\/33390"}],"wp:featuredmedia":[{"embeddable":true,"href":"https:\/\/multiofertasvip.com\/index.php?rest_route=\/wp\/v2\/media\/33392"}],"wp:attachment":[{"href":"https:\/\/multiofertasvip.com\/index.php?rest_route=%2Fwp%2Fv2%2Fmedia&parent=33386"}],"wp:term":[{"taxonomy":"product_brand","embeddable":true,"href":"https:\/\/multiofertasvip.com\/index.php?rest_route=%2Fwp%2Fv2%2Fproduct_brand&post=33386"},{"taxonomy":"product_cat","embeddable":true,"href":"https:\/\/multiofertasvip.com\/index.php?rest_route=%2Fwp%2Fv2%2Fproduct_cat&post=33386"},{"taxonomy":"product_tag","embeddable":true,"href":"https:\/\/multiofertasvip.com\/index.php?rest_route=%2Fwp%2Fv2%2Fproduct_tag&post=33386"}],"curies":[{"name":"wp","href":"https:\/\/api.w.org\/{rel}","templated":true}]}}