{"id":33385,"date":"2024-11-29T21:01:08","date_gmt":"2024-11-30T02:31:08","guid":{"rendered":"https:\/\/multiofertasvip.com\/?post_type=product&#038;p=33385"},"modified":"2024-12-03T11:05:39","modified_gmt":"2024-12-03T16:35:39","slug":"cirugia-cuantica-adn-paula-andrea-gil","status":"publish","type":"product","link":"https:\/\/multiofertasvip.com\/?product=cirugia-cuantica-adn-paula-andrea-gil","title":{"rendered":"Cirugia Cuantica ADN-Paula Andrea Gil"},"content":{"rendered":"<p class=\"p1\"><strong data-redactor-tag=\"strong\">Cirug\u00edas cu\u00e1nticas ADN<\/strong><\/p>\n<div>\u201cEl ADN es un programa<\/div>\n<div>El programador eres t\u00fa\u201d<\/div>\n<div><\/div>\n<div>Tambi\u00e9n si eres practicante de cirug\u00edas cu\u00e1nticas avanzadas y quieres llevar cirug\u00edas cu\u00e1nticas a otro nivel de potencia y a otro nivel de cambio, este domingo tendremos la clase de cirug\u00edas cu\u00e1nticas ADN. En esta clase no solo entraremos a<\/div>\n<div><\/div>\n<div>-Limpiar el ADN y programas que puedan estar all\u00ed, sino que iremos mucho m\u00e1s profundo<\/div>\n<div><\/div>\n<div>-Transformaci\u00f3n de la informaci\u00f3n de todo nuestro cuerpo\u00a0<span data-verified=\"redactor\" data-redactor-tag=\"span\" data-redactor-style=\"background-color: initial;\">que potencializa la creaci\u00f3n de \u00f3rganos<\/span><\/div>\n<div><\/div>\n<div><span data-verified=\"redactor\" data-redactor-tag=\"span\" data-redactor-style=\"background-color: initial;\">-Tratamientos que se trabajan en cirug\u00edas cu\u00e1nticas.<\/span><\/div>\n<div><\/div>\n<div>As\u00ed que, si quieres elegir m\u00e1s o est\u00e1s eligiendo m\u00e1s, esto puede ser un regalo para ti y para tus pacientes.<\/div>\n","protected":false},"excerpt":{"rendered":"<p>Cirug\u00edas cu\u00e1nticas ADN \u201cEl ADN es un programa El programador eres t\u00fa\u201d Tambi\u00e9n si eres practicante de cirug\u00edas cu\u00e1nticas avanzadas y quieres llevar cirug\u00edas cu\u00e1nticas a otro nivel de potencia y a otro nivel de cambio, este domingo tendremos la clase de cirug\u00edas cu\u00e1nticas ADN. En esta clase no solo entraremos a -Limpiar el ADN [&#8230;]\n","protected":false},"featured_media":33388,"template":"","meta":{"_monsterinsights_skip_tracking":false,"_monsterinsights_sitenote_active":false,"_monsterinsights_sitenote_note":"","_monsterinsights_sitenote_category":0,"jetpack_post_was_ever_published":false,"jetpack_publicize_message":"","jetpack_publicize_feature_enabled":true,"jetpack_social_post_already_shared":true,"jetpack_social_options":{"image_generator_settings":{"template":"highway","default_image_id":0,"font":"","enabled":false},"version":2}},"product_brand":[],"product_cat":[32],"product_tag":[263,142,260,211,254,119,251,215,257,249,243,230,182,226,253,236,229,143,228,232,258,234,262,239,220,265,219,225,240,238,140,242,235,244,266,267,248,210,245,212,250,227,255,264,252,217,216,233,261,73,237,231,247,221,246,222,223,224,259,241,256,218,213,214,53],"class_list":{"0":"post-33385","1":"product","2":"type-product","3":"status-publish","4":"has-post-thumbnail","6":"product_cat-sanacion","7":"product_tag-animales","8":"product_tag-avanzado","9":"product_tag-biden","10":"product_tag-billetes","11":"product_tag-bitcoin","12":"product_tag-carrera","13":"product_tag-china","14":"product_tag-christopher-olivarrieta","15":"product_tag-cine","16":"product_tag-coranavirus","17":"product_tag-cultura","18":"product_tag-cursos","19":"product_tag-dinero","20":"product_tag-dios","21":"product_tag-dolar","22":"product_tag-enric-corbera","23":"product_tag-ensenanza-en-casa","24":"product_tag-entidades","25":"product_tag-escuela","26":"product_tag-especialidad","27":"product_tag-estrenos","28":"product_tag-estudios","29":"product_tag-facebook","30":"product_tag-famosos","31":"product_tag-free","32":"product_tag-gatos","33":"product_tag-gratis","34":"product_tag-guerra","35":"product_tag-humor","36":"product_tag-internet","37":"product_tag-jose-palomo","38":"product_tag-juegos","39":"product_tag-lavin","40":"product_tag-manga","41":"product_tag-mercado-libre","42":"product_tag-mercado-pago","43":"product_tag-meteorologia","44":"product_tag-moneda","45":"product_tag-musica","46":"product_tag-nuevo","47":"product_tag-omnicron","48":"product_tag-oracion","49":"product_tag-peliculas","50":"product_tag-perros","51":"product_tag-peso","52":"product_tag-porn","53":"product_tag-porno","54":"product_tag-profesional","55":"product_tag-putin","56":"product_tag-salud","57":"product_tag-sexo","58":"product_tag-talleres","59":"product_tag-television","60":"product_tag-terapias","61":"product_tag-trabajo","62":"product_tag-ucrania","63":"product_tag-ukrania","64":"product_tag-usa","65":"product_tag-vacuna","66":"product_tag-viajes","67":"product_tag-videos","68":"product_tag-xxx","69":"product_tag-youtube","70":"product_tag-youtube-yuen-guadalajara","71":"product_tag-yuen","73":"first","74":"instock","75":"downloadable","76":"virtual","77":"purchasable","78":"product-type-simple"},"jetpack_publicize_connections":[],"jetpack-related-posts":[{"id":33225,"url":"https:\/\/multiofertasvip.com\/?product=cirugias-cuanticas-nivel-1-paula-andrea-gil","url_meta":{"origin":33385,"position":0},"title":"Cirug\u00edas Cu\u00e1nticas Nivel 1-Paula Andrea Gil","author":"multiofertasvip","date":"octubre 4, 2024","format":false,"excerpt":"\u00bfTe gusta la energ\u00eda, tienes habilidades con la energ\u00eda o quieres aprenderlas para ti o para aplicarlas en alguien m\u00e1s? \u00a1Tenemos una posibilidad grandiosa con las cirug\u00edas cu\u00e1nticas! Las cirug\u00edas cu\u00e1nticas son una t\u00e9cnica de regeneraci\u00f3n a nivel cu\u00e1ntico que permite lograr much\u00edsimos beneficios en el cuerpo. Las part\u00edculas cu\u00e1nticas\u2026","rel":"","context":"Entrada similar","block_context":{"text":"Entrada similar","link":""},"img":{"alt_text":"","src":"https:\/\/i0.wp.com\/multiofertasvip.com\/wp-content\/uploads\/2024\/10\/Cirugias-Cuanticas.jpeg?fit=200%2C200&ssl=1&resize=350%2C200","width":350,"height":200},"classes":[]},{"id":34220,"url":"https:\/\/multiofertasvip.com\/?product=muestra-grupal-cirugias-cuanticas-potencializa-tus-ventas-paula-gil","url_meta":{"origin":33385,"position":1},"title":"Muestra Grupal Cirug\u00edas Cu\u00e1nticas Potencializa tus Ventas-Paula Gil","author":"multiofertasvip","date":"septiembre 11, 2025","format":false,"excerpt":"\u2728 Potencializa tus ventas desde el campo cu\u00e1ntico. \u00bfY si tus ventas no dependieran de estrategias ni f\u00f3rmulas externas, sino de la energ\u00eda y la informaci\u00f3n que puedes ser? \u00bfY si pudieras cambiar esa informaci\u00f3n y esa energ\u00eda para recibir m\u00e1s clientes, m\u00e1s dinero y m\u00e1s ventas? En esta muestra\u2026","rel":"","context":"Entrada similar","block_context":{"text":"Entrada similar","link":""},"img":{"alt_text":"","src":"https:\/\/i0.wp.com\/multiofertasvip.com\/wp-content\/uploads\/2025\/08\/potencializa-tus-ventas-1.png?fit=200%2C200&ssl=1&resize=350%2C200","width":350,"height":200},"classes":[]},{"id":33268,"url":"https:\/\/multiofertasvip.com\/?product=especialidad-cirugias-cuanticas-cerebro-ojos-corazon-paula-andrea-gil","url_meta":{"origin":33385,"position":2},"title":"Especialidad Cirugias Cuanticas-Cerebro-Ojos-Corazon -Paula Andrea Gil","author":"multiofertasvip","date":"octubre 21, 2024","format":false,"excerpt":"Si ya has tomado la clase de cirug\u00edas cu\u00e1nticas y la clase de cirug\u00edas cu\u00e1nticas avanzadas y quieres ir a un nuevo nivel, tenemos esta nueva especialidad de ojos, cerebro y coraz\u00f3n. En donde profundizaremos en miles de posibilidades energ\u00e9ticas para crear una nueva realidad con tu cuerpo.","rel":"","context":"Entrada similar","block_context":{"text":"Entrada similar","link":""},"img":{"alt_text":"","src":"https:\/\/i0.wp.com\/multiofertasvip.com\/wp-content\/uploads\/2024\/10\/Cerebro-Ojos-Corazon.jpeg?fit=200%2C200&ssl=1&resize=350%2C200","width":350,"height":200},"classes":[]},{"id":33229,"url":"https:\/\/multiofertasvip.com\/?product=cirugias-cuanticas-nivel-avanzadas-paula-andrea-gil","url_meta":{"origin":33385,"position":3},"title":"Cirug\u00edas Cu\u00e1nticas Nivel  Avanzadas-Paula Andrea Gil","author":"multiofertasvip","date":"octubre 4, 2024","format":false,"excerpt":"Cirug\u00edas cu\u00e1nticas avanzadas (M\u00e1s all\u00e1 de lo que cre\u00edas posible) Y si quieres crear algo m\u00e1s all\u00e1 de esta realidad, y ya tomaste cirug\u00edas cu\u00e1nticas, puedes tomar cirug\u00edas avanzadas donde veremos, entre otros: 1. Fascias 2. Realineaci\u00f3n estructural del cuerpo y alineaci\u00f3n de \u00f3rganos. 3. Fundamentos de Moldeamiento corporal. 4.\u2026","rel":"","context":"Entrada similar","block_context":{"text":"Entrada similar","link":""},"img":{"alt_text":"","src":"https:\/\/i0.wp.com\/multiofertasvip.com\/wp-content\/uploads\/2024\/10\/Avanzadas.jpeg?fit=200%2C200&ssl=1&resize=350%2C200","width":350,"height":200},"classes":[]},{"id":33650,"url":"https:\/\/multiofertasvip.com\/?product=cirugias-cuanticas-rejuvenecimiento-paula-gil","url_meta":{"origin":33385,"position":4},"title":"Cirug\u00edas Cu\u00e1nticas Rejuvenecimiento-Paula Gil","author":"multiofertasvip","date":"febrero 13, 2025","format":false,"excerpt":"Si ya has tomado cirug\u00edas cu\u00e1nticas avanzadas y quieres seguir profundizando en diferentes niveles llega la clase de rejuvenecimiento que no solamente est\u00e1 dirigida a que te veas m\u00e1s joven sino a un rejuvenecimiento cu\u00e1ntico y celular de tu cuerpo y tu ser. Hay\u00a0muchos factores que inciden en el tema\u2026","rel":"","context":"Entrada similar","block_context":{"text":"Entrada similar","link":""},"img":{"alt_text":"","src":"https:\/\/i0.wp.com\/multiofertasvip.com\/wp-content\/uploads\/2025\/02\/Rejuvenecimiento.jpeg?fit=200%2C200&ssl=1&resize=350%2C200","width":350,"height":200},"classes":[]},{"id":34787,"url":"https:\/\/multiofertasvip.com\/?product=cirugias-cuanticas-nivel-1-diciembre-2025-paula-gil-actualizacion","url_meta":{"origin":33385,"position":5},"title":"Cirug\u00edas Cu\u00e1nticas Nivel 1 Diciembre 2025-Paula Gil actualizacion","author":"multiofertasvip","date":"febrero 10, 2026","format":false,"excerpt":"\u00bfTe gusta la energ\u00eda? \u00bfTienes habilidades con la energ\u00eda? \u00bfQuisieras aprenderlas para ti, para tu vida o para aplicarlas en alguien m\u00e1s? \u00bfSiempre has pensado que todo se puede cambiar? \u00a0 Existe una posibilidad grandiosa con las Cirug\u00edas Cu\u00e1nticas Las Cirug\u00edas Cu\u00e1nticas\u00ae\u00a0son una t\u00e9cnica de regeneraci\u00f3n a nivel cu\u00e1ntico que\u2026","rel":"","context":"Entrada similar","block_context":{"text":"Entrada similar","link":""},"img":{"alt_text":"","src":"https:\/\/i0.wp.com\/multiofertasvip.com\/wp-content\/uploads\/2026\/02\/NIVEL-1-CC.jpg?fit=200%2C200&ssl=1&resize=350%2C200","width":350,"height":200},"classes":[]}],"jetpack_sharing_enabled":false,"jetpack_likes_enabled":false,"_links":{"self":[{"href":"https:\/\/multiofertasvip.com\/index.php?rest_route=\/wp\/v2\/product\/33385","targetHints":{"allow":["GET"]}}],"collection":[{"href":"https:\/\/multiofertasvip.com\/index.php?rest_route=\/wp\/v2\/product"}],"about":[{"href":"https:\/\/multiofertasvip.com\/index.php?rest_route=\/wp\/v2\/types\/product"}],"version-history":[{"count":2,"href":"https:\/\/multiofertasvip.com\/index.php?rest_route=\/wp\/v2\/product\/33385\/revisions"}],"predecessor-version":[{"id":33480,"href":"https:\/\/multiofertasvip.com\/index.php?rest_route=\/wp\/v2\/product\/33385\/revisions\/33480"}],"wp:featuredmedia":[{"embeddable":true,"href":"https:\/\/multiofertasvip.com\/index.php?rest_route=\/wp\/v2\/media\/33388"}],"wp:attachment":[{"href":"https:\/\/multiofertasvip.com\/index.php?rest_route=%2Fwp%2Fv2%2Fmedia&parent=33385"}],"wp:term":[{"taxonomy":"product_brand","embeddable":true,"href":"https:\/\/multiofertasvip.com\/index.php?rest_route=%2Fwp%2Fv2%2Fproduct_brand&post=33385"},{"taxonomy":"product_cat","embeddable":true,"href":"https:\/\/multiofertasvip.com\/index.php?rest_route=%2Fwp%2Fv2%2Fproduct_cat&post=33385"},{"taxonomy":"product_tag","embeddable":true,"href":"https:\/\/multiofertasvip.com\/index.php?rest_route=%2Fwp%2Fv2%2Fproduct_tag&post=33385"}],"curies":[{"name":"wp","href":"https:\/\/api.w.org\/{rel}","templated":true}]}}