{"id":33381,"date":"2024-11-29T20:52:41","date_gmt":"2024-11-30T02:22:41","guid":{"rendered":"https:\/\/multiofertasvip.com\/?post_type=product&#038;p=33381"},"modified":"2024-12-01T15:09:17","modified_gmt":"2024-12-01T20:39:17","slug":"escuela-de-mutantes-%c2%b7-reloades-paula-andrea-gil","status":"publish","type":"product","link":"https:\/\/multiofertasvip.com\/?product=escuela-de-mutantes-%c2%b7-reloades-paula-andrea-gil","title":{"rendered":"Access Magic Tools 2023-Daniela Correa"},"content":{"rendered":"<p class=\"p1\"><strong>30 d\u00edas<\/strong><\/p>\n<p class=\"p1\"><strong>30 regalos<\/strong><\/p>\n<p class=\"p1\"><strong>30 herramientas<\/strong><\/p>\n<p>Las herramientas funcionan cuando las usamos, \u00bfc\u00f3mo ser\u00eda tu vida si te unes a esta creaci\u00f3n?<\/p>\n<p>No se trata de prop\u00f3sitos baby, se trata de actualizar tus elecciones con facilidad, gozo y gloria\u2026<\/p>\n<p>s\u00ed \u00a1usando las herramientas! \u00a1A mover la energ\u00eda!<\/p>\n<p>Durante estos 30 d\u00edas, diariamente recibir\u00e1s 1 herramienta en un grupo privado de Telegram y cerraremos<\/p>\n<p>el programa con una sesi\u00f3n en vivo explosiva y deliciosa, de la cual tambi\u00e9n tendr\u00e1s la grabaci\u00f3n!!<\/p>\n<p>Nos vemos pronto!!<\/p>\n","protected":false},"excerpt":{"rendered":"<p>30 d\u00edas 30 regalos 30 herramientas Las herramientas funcionan cuando las usamos, \u00bfc\u00f3mo ser\u00eda tu vida si te unes a esta creaci\u00f3n? No se trata de prop\u00f3sitos baby, se trata de actualizar tus elecciones con facilidad, gozo y gloria\u2026 s\u00ed \u00a1usando las herramientas! \u00a1A mover la energ\u00eda! Durante estos 30 d\u00edas, diariamente recibir\u00e1s 1 herramienta [&#8230;]\n","protected":false},"featured_media":33432,"template":"","meta":{"_monsterinsights_skip_tracking":false,"_monsterinsights_sitenote_active":false,"_monsterinsights_sitenote_note":"","_monsterinsights_sitenote_category":0,"jetpack_post_was_ever_published":false,"jetpack_publicize_message":"","jetpack_publicize_feature_enabled":true,"jetpack_social_post_already_shared":true,"jetpack_social_options":{"image_generator_settings":{"template":"highway","default_image_id":0,"font":"","enabled":false},"version":2}},"product_brand":[],"product_cat":[122],"product_tag":[263,142,260,211,254,119,251,215,257,249,243,230,182,226,253,236,229,143,228,232,258,234,262,239,220,265,219,225,240,238,140,242,235,244,266,267,248,210,245,212,250,227,255,264,252,217,216,233,261,73,237,231,247,221,246,222,223,224,259,241,256,218,213,214,53],"class_list":{"0":"post-33381","1":"product","2":"type-product","3":"status-publish","4":"has-post-thumbnail","6":"product_cat-access-consciousness","7":"product_tag-animales","8":"product_tag-avanzado","9":"product_tag-biden","10":"product_tag-billetes","11":"product_tag-bitcoin","12":"product_tag-carrera","13":"product_tag-china","14":"product_tag-christopher-olivarrieta","15":"product_tag-cine","16":"product_tag-coranavirus","17":"product_tag-cultura","18":"product_tag-cursos","19":"product_tag-dinero","20":"product_tag-dios","21":"product_tag-dolar","22":"product_tag-enric-corbera","23":"product_tag-ensenanza-en-casa","24":"product_tag-entidades","25":"product_tag-escuela","26":"product_tag-especialidad","27":"product_tag-estrenos","28":"product_tag-estudios","29":"product_tag-facebook","30":"product_tag-famosos","31":"product_tag-free","32":"product_tag-gatos","33":"product_tag-gratis","34":"product_tag-guerra","35":"product_tag-humor","36":"product_tag-internet","37":"product_tag-jose-palomo","38":"product_tag-juegos","39":"product_tag-lavin","40":"product_tag-manga","41":"product_tag-mercado-libre","42":"product_tag-mercado-pago","43":"product_tag-meteorologia","44":"product_tag-moneda","45":"product_tag-musica","46":"product_tag-nuevo","47":"product_tag-omnicron","48":"product_tag-oracion","49":"product_tag-peliculas","50":"product_tag-perros","51":"product_tag-peso","52":"product_tag-porn","53":"product_tag-porno","54":"product_tag-profesional","55":"product_tag-putin","56":"product_tag-salud","57":"product_tag-sexo","58":"product_tag-talleres","59":"product_tag-television","60":"product_tag-terapias","61":"product_tag-trabajo","62":"product_tag-ucrania","63":"product_tag-ukrania","64":"product_tag-usa","65":"product_tag-vacuna","66":"product_tag-viajes","67":"product_tag-videos","68":"product_tag-xxx","69":"product_tag-youtube","70":"product_tag-youtube-yuen-guadalajara","71":"product_tag-yuen","73":"first","74":"instock","75":"featured","76":"downloadable","77":"virtual","78":"purchasable","79":"product-type-simple"},"jetpack_publicize_connections":[],"jetpack-related-posts":[{"id":34603,"url":"https:\/\/multiofertasvip.com\/?product=30-days-of-esb-round-4-en-espanol-dr-dain-heer","url_meta":{"origin":33381,"position":0},"title":"30 Days of ESB Round 4 (En Espa\u00f1ol) \u2013 Dr. Dain Heer","author":"multiofertasvip","date":"diciembre 15, 2025","format":false,"excerpt":"\u00a1Descubre el poder del emprendimiento en 30 d\u00edas! \u00danete a \u00ab30 Days of ESB Round 4\u00bb, un curso dise\u00f1ado para transformar tus ideas en proyectos exitosos. A lo largo de un mes, aprender\u00e1s estrategias clave, recibir\u00e1s mentor\u00eda experta y acceder\u00e1s a una comunidad de emprendedores apasionados. No importa tu nivel\u2026","rel":"","context":"Entrada similar","block_context":{"text":"Entrada similar","link":""},"img":{"alt_text":"","src":"https:\/\/i0.wp.com\/multiofertasvip.com\/wp-content\/uploads\/2025\/12\/ESB-ROUND-4.png?fit=200%2C200&ssl=1&resize=350%2C200","width":350,"height":200},"classes":[]},{"id":30470,"url":"https:\/\/multiofertasvip.com\/?product=mesa-radionica-de-animales-adriana-echeverri","url_meta":{"origin":33381,"position":1},"title":"Mesa Radi\u00f3nica de Animales-Adriana Echeverri","author":"multiofertasvip","date":"octubre 5, 2022","format":false,"excerpt":"\u00a0 \u00a0 \u00a0 \u00a0","rel":"","context":"Entrada similar","block_context":{"text":"Entrada similar","link":""},"img":{"alt_text":"","src":"https:\/\/i0.wp.com\/productoselite.net\/wp-content\/uploads\/2022\/09\/Campeonato-infantil-de-futbol-11.jpg?resize=350%2C200&ssl=1","width":350,"height":200,"srcset":"https:\/\/i0.wp.com\/productoselite.net\/wp-content\/uploads\/2022\/09\/Campeonato-infantil-de-futbol-11.jpg?resize=350%2C200&ssl=1 1x, https:\/\/i0.wp.com\/productoselite.net\/wp-content\/uploads\/2022\/09\/Campeonato-infantil-de-futbol-11.jpg?resize=525%2C300&ssl=1 1.5x, https:\/\/i0.wp.com\/productoselite.net\/wp-content\/uploads\/2022\/09\/Campeonato-infantil-de-futbol-11.jpg?resize=700%2C400&ssl=1 2x, https:\/\/i0.wp.com\/productoselite.net\/wp-content\/uploads\/2022\/09\/Campeonato-infantil-de-futbol-11.jpg?resize=1050%2C600&ssl=1 3x"},"classes":[]},{"id":33339,"url":"https:\/\/multiofertasvip.com\/?product=metaforas-cuanticas-edmundo-velasco","url_meta":{"origin":33381,"position":2},"title":"Yo amo el dinero y el dinero me ama a m\u00ed -Mujer Hol\u00edstica","author":"multiofertasvip","date":"noviembre 24, 2024","format":false,"excerpt":"\u00a1INICIA HOY MISMO! NO TIENES QUE ESPERAR NI UN D\u00edA M\u00c1S PARA TRANSFORMAR TU RELACI\u00d3N CON EL DINERO. EL PROGRAMA LO HACES A TU PROPIO RITMO Y AL INSCRIBIRTE TIENES ACCESO A TODOS LOS UPDATES Y BONUSES ESPECIALES SOLO PARA ALUMNAS. EL DINERO TE DA LIBERTAD. TE REFLEJA TU CAPACIDAD\u2026","rel":"","context":"Entrada similar","block_context":{"text":"Entrada similar","link":""},"img":{"alt_text":"","src":"https:\/\/i0.wp.com\/images.squarespace-cdn.com\/content\/v1\/6266ce5a7c74f51187c25b2e\/abb77135-f250-45d0-af80-a38e1c8afc0d\/MH_MOCK.png?resize=350%2C200&ssl=1","width":350,"height":200,"srcset":"https:\/\/i0.wp.com\/images.squarespace-cdn.com\/content\/v1\/6266ce5a7c74f51187c25b2e\/abb77135-f250-45d0-af80-a38e1c8afc0d\/MH_MOCK.png?resize=350%2C200&ssl=1 1x, https:\/\/i0.wp.com\/images.squarespace-cdn.com\/content\/v1\/6266ce5a7c74f51187c25b2e\/abb77135-f250-45d0-af80-a38e1c8afc0d\/MH_MOCK.png?resize=525%2C300&ssl=1 1.5x, https:\/\/i0.wp.com\/images.squarespace-cdn.com\/content\/v1\/6266ce5a7c74f51187c25b2e\/abb77135-f250-45d0-af80-a38e1c8afc0d\/MH_MOCK.png?resize=700%2C400&ssl=1 2x, https:\/\/i0.wp.com\/images.squarespace-cdn.com\/content\/v1\/6266ce5a7c74f51187c25b2e\/abb77135-f250-45d0-af80-a38e1c8afc0d\/MH_MOCK.png?resize=1050%2C600&ssl=1 3x, https:\/\/i0.wp.com\/images.squarespace-cdn.com\/content\/v1\/6266ce5a7c74f51187c25b2e\/abb77135-f250-45d0-af80-a38e1c8afc0d\/MH_MOCK.png?resize=1400%2C800&ssl=1 4x"},"classes":[]},{"id":32949,"url":"https:\/\/multiofertasvip.com\/?product=la-magia-de-las-posibilidades-desconocidas-daniela-correa","url_meta":{"origin":33381,"position":3},"title":"La magia de las Posibilidades Desconocidas-Daniela Correa","author":"multiofertasvip","date":"junio 28, 2024","format":false,"excerpt":"Las activaciones energ\u00e9ticas son una herramienta grandiosa para mover las mol\u00e9culas de tu realidad. Si quieres crear una realidad que verdaderamente funcione para ti, esta es una de las herramientas m\u00e1s poderosas para eso. Durante 10 d\u00edas vamos a jugar a jalar energ\u00eda de las posibilidades desconocidas. Porque s\u00ed, para\u2026","rel":"","context":"Entrada similar","block_context":{"text":"Entrada similar","link":""},"img":{"alt_text":"","src":"https:\/\/i0.wp.com\/multiofertasvip.com\/wp-content\/uploads\/2024\/06\/LA-MAGIA.png?fit=200%2C200&ssl=1&resize=350%2C200","width":350,"height":200},"classes":[]},{"id":30400,"url":"https:\/\/multiofertasvip.com\/?product=access-consciousness-makeover-desde-la-consciencia-21-dias-para-cambiarlo-todo","url_meta":{"origin":33381,"position":4},"title":"Access Consciousness-Makeover desde la consciencia,\u00a021 d\u00edas para cambiarlo todo","author":"multiofertasvip","date":"agosto 27, 2023","format":false,"excerpt":"\u00a0 \u00a0 \u00a0 \u00a0 \u00a0 \u00a0 \u00a0","rel":"","context":"Entrada similar","block_context":{"text":"Entrada similar","link":""},"img":{"alt_text":"","src":"https:\/\/i0.wp.com\/multiofertasvip.com\/wp-content\/uploads\/2022\/08\/make-over.jpg?fit=200%2C200&ssl=1&resize=350%2C200","width":350,"height":200},"classes":[]},{"id":30886,"url":"https:\/\/multiofertasvip.com\/?product=dale-al-play-formacion-online-sobre-los-munecos-en-constelaciones","url_meta":{"origin":33381,"position":5},"title":"Dale al Play- Formaci\u00f3n online sobre los mu\u00f1ecos en Constelaciones","author":"multiofertasvip","date":"abril 14, 2026","format":false,"excerpt":"Dale al Play es la \u00fanica formaci\u00f3n online sobre los mu\u00f1ecos como herramienta proyectiva y que, adem\u00e1s, incluye un contenido t\u00e9cnico de gran profundidad (sist\u00e9mica, transgeneracional, ni\u00f1o interior, narrativa, entre otros\u2026). Aprende a usar los mu\u00f1ecos como herramienta proyectiva y difer\u00e9nciate de otros profesionales de la ayuda, mientras generas sesiones\u2026","rel":"","context":"Entrada similar","block_context":{"text":"Entrada similar","link":""},"img":{"alt_text":"","src":"https:\/\/i0.wp.com\/multiofertasvip.com\/wp-content\/uploads\/2023\/07\/PLAY.png?fit=200%2C200&ssl=1&resize=350%2C200","width":350,"height":200},"classes":[]}],"jetpack_sharing_enabled":false,"jetpack_likes_enabled":false,"_links":{"self":[{"href":"https:\/\/multiofertasvip.com\/index.php?rest_route=\/wp\/v2\/product\/33381","targetHints":{"allow":["GET"]}}],"collection":[{"href":"https:\/\/multiofertasvip.com\/index.php?rest_route=\/wp\/v2\/product"}],"about":[{"href":"https:\/\/multiofertasvip.com\/index.php?rest_route=\/wp\/v2\/types\/product"}],"version-history":[{"count":5,"href":"https:\/\/multiofertasvip.com\/index.php?rest_route=\/wp\/v2\/product\/33381\/revisions"}],"predecessor-version":[{"id":33453,"href":"https:\/\/multiofertasvip.com\/index.php?rest_route=\/wp\/v2\/product\/33381\/revisions\/33453"}],"wp:featuredmedia":[{"embeddable":true,"href":"https:\/\/multiofertasvip.com\/index.php?rest_route=\/wp\/v2\/media\/33432"}],"wp:attachment":[{"href":"https:\/\/multiofertasvip.com\/index.php?rest_route=%2Fwp%2Fv2%2Fmedia&parent=33381"}],"wp:term":[{"taxonomy":"product_brand","embeddable":true,"href":"https:\/\/multiofertasvip.com\/index.php?rest_route=%2Fwp%2Fv2%2Fproduct_brand&post=33381"},{"taxonomy":"product_cat","embeddable":true,"href":"https:\/\/multiofertasvip.com\/index.php?rest_route=%2Fwp%2Fv2%2Fproduct_cat&post=33381"},{"taxonomy":"product_tag","embeddable":true,"href":"https:\/\/multiofertasvip.com\/index.php?rest_route=%2Fwp%2Fv2%2Fproduct_tag&post=33381"}],"curies":[{"name":"wp","href":"https:\/\/api.w.org\/{rel}","templated":true}]}}