{"id":33368,"date":"2024-11-25T21:24:50","date_gmt":"2024-11-26T02:54:50","guid":{"rendered":"https:\/\/multiofertasvip.com\/?post_type=product&#038;p=33368"},"modified":"2024-11-25T21:39:59","modified_gmt":"2024-11-26T03:09:59","slug":"sexualidad-sagrada-para-hombres-sajeeva-hurtado","status":"publish","type":"product","link":"https:\/\/multiofertasvip.com\/?product=sexualidad-sagrada-para-hombres-sajeeva-hurtado","title":{"rendered":"Sexualidad Sagrada Para Hombres Sajeeva Hurtado"},"content":{"rendered":"<section class=\"elementor-section elementor-top-section elementor-element elementor-element-f55aeb2 elementor-section-full_width elementor-section-stretched elementor-section-content-bottom elementor-section-height-default elementor-section-height-default\" data-id=\"f55aeb2\" data-element_type=\"section\" data-settings=\"{&quot;background_background&quot;:&quot;classic&quot;,&quot;stretch_section&quot;:&quot;section-stretched&quot;}\">\n<div class=\"elementor-container elementor-column-gap-no\">\n<div class=\"elementor-column elementor-col-100 elementor-top-column elementor-element elementor-element-8484b33\" data-id=\"8484b33\" data-element_type=\"column\" data-settings=\"{&quot;background_background&quot;:&quot;classic&quot;}\">\n<div class=\"elementor-widget-wrap elementor-element-populated\">\n<div class=\"elementor-element elementor-element-e0d114c elementor-widget elementor-widget-heading\" data-id=\"e0d114c\" data-element_type=\"widget\" data-widget_type=\"heading.default\">\n<div class=\"elementor-widget-container\">\n<h1 class=\"elementor-heading-title elementor-size-default\">Sexualidad Sagrada Para Hombres<\/h1>\n<\/div>\n<\/div>\n<div class=\"elementor-element elementor-element-8fd696d elementor-widget elementor-widget-text-editor\" data-id=\"8fd696d\" data-element_type=\"widget\" data-widget_type=\"text-editor.default\">\n<div class=\"elementor-widget-container\">No eres t\u00f3xico, ni narcisista, MUCHO MENOS ERES IGUAL A LOS DEM\u00c1S<\/div>\n<\/div>\n<div class=\"elementor-element elementor-element-b0615ff elementor-widget elementor-widget-text-editor\" data-id=\"b0615ff\" data-element_type=\"widget\" data-widget_type=\"text-editor.default\">\n<div class=\"elementor-widget-container\">\n<p>Eres un ser humano con traumas, heridas y dolores que si est\u00e1 aqu\u00ed es por que sabe que\u00a0<strong>adem\u00e1s de eso tambi\u00e9n tiene una singularidad, un enorme potencial<\/strong>\u00a0para amar, brillar, proveer y sostener de una forma m\u00e1s sutil, amorosa y dulce y\u00a0<strong>ese es mi talento<\/strong>, esas son las herramientas que quiero compartir contigo.<\/p>\n<\/div>\n<section class=\"elementor-section elementor-top-section elementor-element elementor-element-f55aeb2 elementor-section-full_width elementor-section-stretched elementor-section-content-bottom elementor-section-height-default elementor-section-height-default\" data-id=\"f55aeb2\" data-element_type=\"section\" data-settings=\"{&quot;background_background&quot;:&quot;classic&quot;,&quot;stretch_section&quot;:&quot;section-stretched&quot;}\">\n<div class=\"elementor-container elementor-column-gap-no\">\n<div class=\"elementor-column elementor-col-100 elementor-top-column elementor-element elementor-element-8484b33\" data-id=\"8484b33\" data-element_type=\"column\" data-settings=\"{&quot;background_background&quot;:&quot;classic&quot;}\">\n<div class=\"elementor-widget-wrap elementor-element-populated\">\n<div class=\"elementor-element elementor-element-e0d114c elementor-widget elementor-widget-heading\" data-id=\"e0d114c\" data-element_type=\"widget\" data-widget_type=\"heading.default\">\n<div class=\"elementor-widget-container\"><\/div>\n<\/div>\n<div class=\"elementor-element elementor-element-b0615ff elementor-widget elementor-widget-text-editor\" data-id=\"b0615ff\" data-element_type=\"widget\" data-widget_type=\"text-editor.default\">\n<div class=\"elementor-widget-container\">\n<section class=\"elementor-section elementor-top-section elementor-element elementor-element-c1f65ed elementor-section-full_width elementor-section-stretched elementor-section-height-default elementor-section-height-default\" data-id=\"c1f65ed\" data-element_type=\"section\" data-settings=\"{&quot;stretch_section&quot;:&quot;section-stretched&quot;,&quot;background_background&quot;:&quot;classic&quot;}\">\n<div class=\"elementor-container elementor-column-gap-no\">\n<div class=\"elementor-column elementor-col-50 elementor-top-column elementor-element elementor-element-1df559c\" data-id=\"1df559c\" data-element_type=\"column\" data-settings=\"{&quot;background_background&quot;:&quot;classic&quot;}\">\n<div class=\"elementor-widget-wrap elementor-element-populated\">\n<div class=\"elementor-element elementor-element-ed76746 elementor-widget elementor-widget-heading\" data-id=\"ed76746\" data-element_type=\"widget\" data-widget_type=\"heading.default\">\n<div class=\"elementor-widget-container\">\n<h4 class=\"elementor-heading-title elementor-size-default\">Recon\u00f3cete y recu\u00e9rdate multiorg\u00e1smico<\/h4>\n<\/div>\n<\/div>\n<div class=\"elementor-element elementor-element-29ba95b elementor-widget elementor-widget-text-editor\" data-id=\"29ba95b\" data-element_type=\"widget\" data-widget_type=\"text-editor.default\">\n<div class=\"elementor-widget-container\">\n<div class=\"elementor-element elementor-element-22eede5 elementor-widget elementor-widget-text-editor\" data-id=\"22eede5\" data-element_type=\"widget\" data-widget_type=\"text-editor.default\">\n<div class=\"elementor-widget-container\">\n<p class=\"p1\">\u00a1IMAGINA LO QUE ES TENER 3 ORGASMOS AL TIEMPO:\u00a0<em><strong>EN TUS GENITALES, EN TU CORAZ\u00d3N Y EN TU CEREBRO!<\/strong><\/em><\/p>\n<\/div>\n<\/div>\n<div class=\"elementor-element elementor-element-f2e927d elementor-widget elementor-widget-text-editor\" data-id=\"f2e927d\" data-element_type=\"widget\" data-widget_type=\"text-editor.default\">\n<div class=\"elementor-widget-container\"><\/div>\n<\/div>\n<\/div>\n<\/div>\n<div class=\"elementor-element elementor-element-5c5d233 elementor-widget elementor-widget-text-editor\" data-id=\"5c5d233\" data-element_type=\"widget\" data-widget_type=\"text-editor.default\">\n<div class=\"elementor-widget-container\">\n<div class=\"elementor-element elementor-element-f2e927d elementor-widget elementor-widget-text-editor\" data-id=\"f2e927d\" data-element_type=\"widget\" data-widget_type=\"text-editor.default\">\n<div class=\"elementor-widget-container\">\n<p class=\"p1\">Es en esa consciencia cuando el hombre comienza a experimentar\u00a0<strong>una gran diferencia entre un simple orgasmo prost\u00e1tico<\/strong>\u00a0o del pene y puede reconocerse y recordarse multiorg\u00e1smico y llevar esa energ\u00eda del placer (genitales) a la dicha (coraz\u00f3n), al gozo (cerebro) para finalmente encontrar el \u00e9xtasis.<\/p>\n<\/div>\n<\/div>\n<div class=\"elementor-element elementor-element-eef8327 elementor-widget elementor-widget-image\" data-id=\"eef8327\" data-element_type=\"widget\" data-widget_type=\"image.default\"><\/div>\n<\/div>\n<\/div>\n<\/div>\n<\/div>\n<div class=\"elementor-column elementor-col-50 elementor-top-column elementor-element elementor-element-f47ed10\" data-id=\"f47ed10\" data-element_type=\"column\" data-settings=\"{&quot;background_background&quot;:&quot;classic&quot;}\">\n<div class=\"elementor-widget-wrap elementor-element-populated\">\n<div class=\"elementor-element elementor-element-2ece726 elementor-widget elementor-widget-image\" data-id=\"2ece726\" data-element_type=\"widget\" data-widget_type=\"image.default\">\n<div class=\"elementor-widget-container\"><img fetchpriority=\"high\" decoding=\"async\" class=\"attachment-large size-large wp-image-50993\" src=\"https:\/\/i0.wp.com\/www.llenadevida.org\/wp-content\/uploads\/2024\/03\/pene-sajeeva-hurtado.png?fit=336%2C437&amp;quality=52&amp;ssl=1\" sizes=\"(max-width: 336px) 100vw, 336px\" srcset=\"https:\/\/i0.wp.com\/www.llenadevida.org\/wp-content\/uploads\/2024\/03\/pene-sajeeva-hurtado.png?w=336&amp;quality=52&amp;ssl=1 336w, https:\/\/i0.wp.com\/www.llenadevida.org\/wp-content\/uploads\/2024\/03\/pene-sajeeva-hurtado.png?resize=300%2C390&amp;quality=52&amp;ssl=1 300w\" alt=\"Sexualidad Sagrada\" width=\"336\" height=\"437\" \/><\/div>\n<\/div>\n<\/div>\n<\/div>\n<\/div>\n<\/section>\n<section class=\"elementor-section elementor-top-section elementor-element elementor-element-cba375b elementor-section-full_width elementor-section-stretched elementor-section-height-default elementor-section-height-default\" data-id=\"cba375b\" data-element_type=\"section\" data-settings=\"{&quot;stretch_section&quot;:&quot;section-stretched&quot;,&quot;background_background&quot;:&quot;classic&quot;}\">\n<div class=\"elementor-container elementor-column-gap-default\">\n<div class=\"elementor-column elementor-col-100 elementor-top-column elementor-element elementor-element-da28268\" data-id=\"da28268\" data-element_type=\"column\">\n<div class=\"elementor-widget-wrap elementor-element-populated\">\n<div class=\"elementor-element elementor-element-7d965cd elementor-widget elementor-widget-heading\" data-id=\"7d965cd\" data-element_type=\"widget\" data-widget_type=\"heading.default\">\n<div class=\"elementor-widget-container\">\n<h4 class=\"elementor-heading-title elementor-size-default\">En la antig\u00fcedad el pene era un s\u00edmbolo de poder, de creaci\u00f3n, de fuerza<\/h4>\n<\/div>\n<\/div>\n<div class=\"elementor-element elementor-element-0496fb4 elementor-widget elementor-widget-text-editor\" data-id=\"0496fb4\" data-element_type=\"widget\" data-widget_type=\"text-editor.default\">\n<div class=\"elementor-widget-container\">\n<p>gracias a la pr\u00e1ctica de una sexualidad sagrada que daba a los hombres el poder de crear materia en la tierra<\/p>\n<\/div>\n<\/div>\n<div class=\"elementor-element elementor-element-4356567 elementor-widget elementor-widget-text-editor\" data-id=\"4356567\" data-element_type=\"widget\" data-widget_type=\"text-editor.default\">\n<div class=\"elementor-widget-container\">\n<p><strong>Por el contrario los impulsos sexuales de los hombres hoy d\u00eda, son para literalmente, sacarse la vida del cuerpo<\/strong>\u00a0y ceder su poder creativo y creador.<\/p>\n<\/div>\n<div class=\"elementor-element elementor-element-154a765 elementor-widget elementor-widget-heading\" data-id=\"154a765\" data-element_type=\"widget\" data-widget_type=\"heading.default\">\n<div class=\"elementor-widget-container\">\n<h4 class=\"elementor-heading-title elementor-size-default\">Tranquilo, sigue leyendo<\/h4>\n<\/div>\n<\/div>\n<div class=\"elementor-element elementor-element-2ca8d05 elementor-widget elementor-widget-text-editor\" data-id=\"2ca8d05\" data-element_type=\"widget\" data-widget_type=\"text-editor.default\">\n<div class=\"elementor-widget-container\">\n<p>que no se trata de coger menos, pero si mejor<\/p>\n<\/div>\n<\/div>\n<div class=\"elementor-element elementor-element-6c0f60a elementor-widget elementor-widget-text-editor\" data-id=\"6c0f60a\" data-element_type=\"widget\" data-widget_type=\"text-editor.default\">\n<div class=\"elementor-widget-container\">\n<p>Tu semilla es algo muy precioso que\u00a0<strong>te recomiendo cuidar<\/strong>\u00a0ya que no es infinita y mucho menos inagotable.<\/p>\n<p class=\"p1\">En cada eyaculaci\u00f3n pierdes energ\u00eda vital.\u00a0<strong>Eyacular no es malo pero tampoco es sin\u00f3nimo de orgasmo<\/strong>\u00a0<strong>y placer.<\/strong>\u00a0Masturbarte no es malo, pero es diferente a tocarte con conciencia y amor.<\/p>\n<p class=\"p1\">El problema es que\u00a0<strong>nunca te ense\u00f1aron a detenerte 1 segundo para respirar y discernir qu\u00e9 est\u00e1s sintiendo<\/strong>\u00a0y lo primero que haces es ir a sacarte la vida a trav\u00e9s de la eyaculaci\u00f3n, ya sea en una relaci\u00f3n sexual o masturb\u00e1ndote.<\/p>\n<\/div>\n<\/div>\n<\/div>\n<\/div>\n<\/div>\n<\/div>\n<\/section>\n<\/div>\n<\/div>\n<\/div>\n<\/div>\n<\/div>\n<\/section>\n<\/div>\n<\/div>\n<\/div>\n<\/div>\n<\/section>\n","protected":false},"excerpt":{"rendered":"<p>Sexualidad Sagrada Para Hombres No eres t\u00f3xico, ni narcisista, MUCHO MENOS ERES IGUAL A LOS DEM\u00c1S Eres un ser humano con traumas, heridas y dolores que si est\u00e1 aqu\u00ed es por que sabe que\u00a0adem\u00e1s de eso tambi\u00e9n tiene una singularidad, un enorme potencial\u00a0para amar, brillar, proveer y sostener de una forma m\u00e1s sutil, amorosa y [&#8230;]\n","protected":false},"featured_media":33369,"template":"","meta":{"_monsterinsights_skip_tracking":false,"_monsterinsights_sitenote_active":false,"_monsterinsights_sitenote_note":"","_monsterinsights_sitenote_category":0,"jetpack_post_was_ever_published":false,"jetpack_publicize_message":"","jetpack_publicize_feature_enabled":true,"jetpack_social_post_already_shared":true,"jetpack_social_options":{"image_generator_settings":{"template":"highway","default_image_id":0,"font":"","enabled":false},"version":2}},"product_brand":[],"product_cat":[46],"product_tag":[263,142,260,211,254,119,251,215,257,249,243,230,182,226,253,236,229,143,228,232,258,234,262,239,220,265,219,225,240,238,140,242,235,244,266,267,248,210,245,212,250,227,255,264,252,217,216,233,261,73,237,231,247,221,246,222,223,224,259,241,256,218,213,214,53],"class_list":{"0":"post-33368","1":"product","2":"type-product","3":"status-publish","4":"has-post-thumbnail","6":"product_cat-superacion","7":"product_tag-animales","8":"product_tag-avanzado","9":"product_tag-biden","10":"product_tag-billetes","11":"product_tag-bitcoin","12":"product_tag-carrera","13":"product_tag-china","14":"product_tag-christopher-olivarrieta","15":"product_tag-cine","16":"product_tag-coranavirus","17":"product_tag-cultura","18":"product_tag-cursos","19":"product_tag-dinero","20":"product_tag-dios","21":"product_tag-dolar","22":"product_tag-enric-corbera","23":"product_tag-ensenanza-en-casa","24":"product_tag-entidades","25":"product_tag-escuela","26":"product_tag-especialidad","27":"product_tag-estrenos","28":"product_tag-estudios","29":"product_tag-facebook","30":"product_tag-famosos","31":"product_tag-free","32":"product_tag-gatos","33":"product_tag-gratis","34":"product_tag-guerra","35":"product_tag-humor","36":"product_tag-internet","37":"product_tag-jose-palomo","38":"product_tag-juegos","39":"product_tag-lavin","40":"product_tag-manga","41":"product_tag-mercado-libre","42":"product_tag-mercado-pago","43":"product_tag-meteorologia","44":"product_tag-moneda","45":"product_tag-musica","46":"product_tag-nuevo","47":"product_tag-omnicron","48":"product_tag-oracion","49":"product_tag-peliculas","50":"product_tag-perros","51":"product_tag-peso","52":"product_tag-porn","53":"product_tag-porno","54":"product_tag-profesional","55":"product_tag-putin","56":"product_tag-salud","57":"product_tag-sexo","58":"product_tag-talleres","59":"product_tag-television","60":"product_tag-terapias","61":"product_tag-trabajo","62":"product_tag-ucrania","63":"product_tag-ukrania","64":"product_tag-usa","65":"product_tag-vacuna","66":"product_tag-viajes","67":"product_tag-videos","68":"product_tag-xxx","69":"product_tag-youtube","70":"product_tag-youtube-yuen-guadalajara","71":"product_tag-yuen","73":"first","74":"instock","75":"downloadable","76":"virtual","77":"purchasable","78":"product-type-simple"},"jetpack_publicize_connections":[],"jetpack-related-posts":[{"id":33352,"url":"https:\/\/multiofertasvip.com\/?product=sexualidad-sagrada-para-parejas-sajeeva-hurtado","url_meta":{"origin":33368,"position":0},"title":"Sexualidad Sagrada Para Parejas Sajeeva Hurtado","author":"multiofertasvip","date":"noviembre 24, 2024","format":false,"excerpt":"","rel":"","context":"Entrada similar","block_context":{"text":"Entrada similar","link":""},"img":{"alt_text":"","src":"https:\/\/i0.wp.com\/multiofertasvip.com\/wp-content\/uploads\/2024\/11\/sexualidad-sagrada.png?fit=200%2C200&ssl=1&resize=350%2C200","width":350,"height":200},"classes":[]},{"id":35092,"url":"https:\/\/multiofertasvip.com\/?product=tantra-descubre-la-sexualidad-sagrada-tv-consciente-2","url_meta":{"origin":33368,"position":1},"title":"Tantra descubre la sexualidad sagrada-Tv Consciente","author":"multiofertasvip","date":"marzo 16, 2026","format":false,"excerpt":"\u00a0 \u00a0 \u00a0 \u00a0","rel":"","context":"Entrada similar","block_context":{"text":"Entrada similar","link":""},"img":{"alt_text":"Anand Rudra","src":"https:\/\/i0.wp.com\/cdnm.fractalmedia.es\/image\/9zbIHxFysn\/282\/thumbnail.jpg?resize=350%2C200&ssl=1","width":350,"height":200},"classes":[]},{"id":30003,"url":"https:\/\/multiofertasvip.com\/?product=metodo-yuen-guadalajara-taller-de-sexualidad","url_meta":{"origin":33368,"position":2},"title":"Metodo Yuen Guadalajara: Taller de Sexualidad Septiembre 2021","author":"multiofertasvip","date":"septiembre 30, 2021","format":false,"excerpt":"Este Taller esta enfocado a solucionar o mejorar todos los temas relacionados a la sexualidad, -Deficiencias en el desempe\u00f1o sexual -Embarazos -Anorgasmia -Eyaculacion Precoz \u00a0","rel":"","context":"Entrada similar","block_context":{"text":"Entrada similar","link":""},"img":{"alt_text":"","src":"https:\/\/i0.wp.com\/multiofertasvip.com\/wp-content\/uploads\/2021\/09\/TALLER-DE-SEXUALIDAD.png?fit=200%2C200&ssl=1&resize=350%2C200","width":350,"height":200},"classes":[]},{"id":29908,"url":"https:\/\/multiofertasvip.com\/?product=metodo-yuen-curso-especializado-3-amor-incondicional-y-neutralidad-sexual-dr-kam-yuen","url_meta":{"origin":33368,"position":3},"title":"M\u00e9todo Yuen Curso Especializado 3 &#8211; Amor Incondicional y Neutralidad Sexual-Dr Kam Yuen","author":"multiofertasvip","date":"abril 22, 2021","format":false,"excerpt":"T\u00edtulo:\u00a0M\u00e9todo Yuen Curso Especializado 3 - Amor Incondicional y Neutralidad Sexual Autor:\u00a0Dr. Kam Yuen Formatos:\u00a0mp3, m4a (audio), pdf (ebook) Cantidad audios:\u00a08 Cantidad pdf:\u00a02 Peso total:\u00a0225 MB","rel":"","context":"Entrada similar","block_context":{"text":"Entrada similar","link":""},"img":{"alt_text":"","src":"https:\/\/i0.wp.com\/multiofertasvip.com\/wp-content\/uploads\/2021\/04\/metodo-yuen-curso-especializado-3-amor-incondicional-y-neutralidad-sexual.jpg?fit=200%2C200&ssl=1&resize=350%2C200","width":350,"height":200},"classes":[]},{"id":32879,"url":"https:\/\/multiofertasvip.com\/?product=sexual-energy-daniela-correa","url_meta":{"origin":33368,"position":4},"title":"Sexual Energy-Daniela Correa","author":"multiofertasvip","date":"junio 7, 2024","format":false,"excerpt":"Parte de lo que los voy a invitar en estos 5 d\u00edas,chicos,chicas,es que sean muy conscientes de que todos los juicios que tienen acerca del sexo,la sexualidad,la copulaci\u00f3n,todo lo que les impide acceder a esta energ\u00eda para ustedes con total facilidad,a la energ\u00edadelos orgasmos,a la energ\u00eda del gozo de tu\u2026","rel":"","context":"Entrada similar","block_context":{"text":"Entrada similar","link":""},"img":{"alt_text":"","src":"https:\/\/i0.wp.com\/multiofertasvip.com\/wp-content\/uploads\/2024\/06\/sexual-energy.png?fit=200%2C200&ssl=1&resize=350%2C200","width":350,"height":200},"classes":[]},{"id":33434,"url":"https:\/\/multiofertasvip.com\/?product=creating-with-entities-shannon-ohara-curso-solo-en-ingles","url_meta":{"origin":33368,"position":5},"title":"Jesus Reverse-Shannon Ohara -curso solo en ingles","author":"multiofertasvip","date":"diciembre 1, 2024","format":false,"excerpt":"Welcome to the\u00a0Reverse Jesus: How to stop Sacrificing Yourself for Others\u00a0class, with Shannon O\u2019Hara! If you could not save but only empower, would that be enough? Reverse Jesus: How to stop Sacrificing Yourself for Others Do you ever hurt yourself for others? And does that work to make them happy?\u2026","rel":"","context":"Entrada similar","block_context":{"text":"Entrada similar","link":""},"img":{"alt_text":"","src":"https:\/\/i0.wp.com\/multiofertasvip.com\/wp-content\/uploads\/2024\/12\/reverse.png?fit=200%2C200&ssl=1&resize=350%2C200","width":350,"height":200},"classes":[]}],"jetpack_sharing_enabled":false,"jetpack_likes_enabled":false,"_links":{"self":[{"href":"https:\/\/multiofertasvip.com\/index.php?rest_route=\/wp\/v2\/product\/33368","targetHints":{"allow":["GET"]}}],"collection":[{"href":"https:\/\/multiofertasvip.com\/index.php?rest_route=\/wp\/v2\/product"}],"about":[{"href":"https:\/\/multiofertasvip.com\/index.php?rest_route=\/wp\/v2\/types\/product"}],"version-history":[{"count":1,"href":"https:\/\/multiofertasvip.com\/index.php?rest_route=\/wp\/v2\/product\/33368\/revisions"}],"predecessor-version":[{"id":33371,"href":"https:\/\/multiofertasvip.com\/index.php?rest_route=\/wp\/v2\/product\/33368\/revisions\/33371"}],"wp:featuredmedia":[{"embeddable":true,"href":"https:\/\/multiofertasvip.com\/index.php?rest_route=\/wp\/v2\/media\/33369"}],"wp:attachment":[{"href":"https:\/\/multiofertasvip.com\/index.php?rest_route=%2Fwp%2Fv2%2Fmedia&parent=33368"}],"wp:term":[{"taxonomy":"product_brand","embeddable":true,"href":"https:\/\/multiofertasvip.com\/index.php?rest_route=%2Fwp%2Fv2%2Fproduct_brand&post=33368"},{"taxonomy":"product_cat","embeddable":true,"href":"https:\/\/multiofertasvip.com\/index.php?rest_route=%2Fwp%2Fv2%2Fproduct_cat&post=33368"},{"taxonomy":"product_tag","embeddable":true,"href":"https:\/\/multiofertasvip.com\/index.php?rest_route=%2Fwp%2Fv2%2Fproduct_tag&post=33368"}],"curies":[{"name":"wp","href":"https:\/\/api.w.org\/{rel}","templated":true}]}}