{"id":33364,"date":"2024-11-25T21:12:31","date_gmt":"2024-11-26T02:42:31","guid":{"rendered":"https:\/\/multiofertasvip.com\/?post_type=product&#038;p=33364"},"modified":"2024-11-25T21:18:11","modified_gmt":"2024-11-26T02:48:11","slug":"unleash-the-magic-within-3-daniela-correa","status":"publish","type":"product","link":"https:\/\/multiofertasvip.com\/?product=unleash-the-magic-within-3-daniela-correa","title":{"rendered":"Unleash the magic within 3-Daniela Correa"},"content":{"rendered":"<p>Y porque me ha encantado este viaje transformador contigo, te presento la tercera edici\u00f3n!<\/p>\n<p>En esta tercera entrega, continuamos con m\u00e1s ejercicios para seguir desarrollando el m\u00fasculo de\u00a0<strong><em>ser<\/em><\/strong>\u00a0magia.<\/p>\n<p>Descubre c\u00f3mo la pr\u00e1ctica constante y la creencia en ti mismo pueden llevarte a alcanzar niveles a\u00fan m\u00e1s altos de magia y autodescubrimiento.<\/p>\n<p>Est\u00e1s a punto de emprender un emocionante viaje hacia una vida llena de posibilidades ilimitadas. \u00bfEst\u00e1s listo para seguir adelante y ver hasta d\u00f3nde puedes llegar?<\/p>\n<p>\u00bfQui\u00e9n m\u00e1s quiere venir a jugar?<\/p>\n","protected":false},"excerpt":{"rendered":"<p>Y porque me ha encantado este viaje transformador contigo, te presento la tercera edici\u00f3n! En esta tercera entrega, continuamos con m\u00e1s ejercicios para seguir desarrollando el m\u00fasculo de\u00a0ser\u00a0magia. Descubre c\u00f3mo la pr\u00e1ctica constante y la creencia en ti mismo pueden llevarte a alcanzar niveles a\u00fan m\u00e1s altos de magia y autodescubrimiento. Est\u00e1s a punto de [&#8230;]\n","protected":false},"featured_media":33366,"template":"","meta":{"_monsterinsights_skip_tracking":false,"_monsterinsights_sitenote_active":false,"_monsterinsights_sitenote_note":"","_monsterinsights_sitenote_category":0,"jetpack_post_was_ever_published":false,"jetpack_publicize_message":"","jetpack_publicize_feature_enabled":true,"jetpack_social_post_already_shared":true,"jetpack_social_options":{"image_generator_settings":{"template":"highway","default_image_id":0,"font":"","enabled":false},"version":2}},"product_brand":[],"product_cat":[122],"product_tag":[263,142,260,211,254,119,251,215,257,249,243,230,182,226,253,236,229,143,228,232,258,234,262,239,220,265,219,225,240,238,140,242,235,244,266,267,248,210,245,212,250,227,255,264,252,217,216,233,261,73,237,231,247,221,246,222,223,224,259,241,256,218,213,214,53],"class_list":{"0":"post-33364","1":"product","2":"type-product","3":"status-publish","4":"has-post-thumbnail","6":"product_cat-access-consciousness","7":"product_tag-animales","8":"product_tag-avanzado","9":"product_tag-biden","10":"product_tag-billetes","11":"product_tag-bitcoin","12":"product_tag-carrera","13":"product_tag-china","14":"product_tag-christopher-olivarrieta","15":"product_tag-cine","16":"product_tag-coranavirus","17":"product_tag-cultura","18":"product_tag-cursos","19":"product_tag-dinero","20":"product_tag-dios","21":"product_tag-dolar","22":"product_tag-enric-corbera","23":"product_tag-ensenanza-en-casa","24":"product_tag-entidades","25":"product_tag-escuela","26":"product_tag-especialidad","27":"product_tag-estrenos","28":"product_tag-estudios","29":"product_tag-facebook","30":"product_tag-famosos","31":"product_tag-free","32":"product_tag-gatos","33":"product_tag-gratis","34":"product_tag-guerra","35":"product_tag-humor","36":"product_tag-internet","37":"product_tag-jose-palomo","38":"product_tag-juegos","39":"product_tag-lavin","40":"product_tag-manga","41":"product_tag-mercado-libre","42":"product_tag-mercado-pago","43":"product_tag-meteorologia","44":"product_tag-moneda","45":"product_tag-musica","46":"product_tag-nuevo","47":"product_tag-omnicron","48":"product_tag-oracion","49":"product_tag-peliculas","50":"product_tag-perros","51":"product_tag-peso","52":"product_tag-porn","53":"product_tag-porno","54":"product_tag-profesional","55":"product_tag-putin","56":"product_tag-salud","57":"product_tag-sexo","58":"product_tag-talleres","59":"product_tag-television","60":"product_tag-terapias","61":"product_tag-trabajo","62":"product_tag-ucrania","63":"product_tag-ukrania","64":"product_tag-usa","65":"product_tag-vacuna","66":"product_tag-viajes","67":"product_tag-videos","68":"product_tag-xxx","69":"product_tag-youtube","70":"product_tag-youtube-yuen-guadalajara","71":"product_tag-yuen","73":"first","74":"instock","75":"downloadable","76":"virtual","77":"purchasable","78":"product-type-simple"},"jetpack_publicize_connections":[],"jetpack-related-posts":[{"id":33057,"url":"https:\/\/multiofertasvip.com\/?product=unleash-the-magic-within-2-daniela-correa","url_meta":{"origin":33364,"position":0},"title":"Unleash the magic within 2 -Daniela Correa","author":"multiofertasvip","date":"agosto 16, 2024","format":false,"excerpt":"\u00a1Despierta la magia que llevas dentro y contin\u00faa tu viaje hacia la transformaci\u00f3n! En la segunda parte de esta clase, explorar\u00e1s a\u00fan m\u00e1s a fondo tus capacidades energ\u00e9ticas y har\u00e1s m\u00e1s ejercicios para desarrollar el m\u00fasculo de ser magia. Descubre c\u00f3mo la pr\u00e1ctica constante y la creencia en ti mismo\u2026","rel":"","context":"Entrada similar","block_context":{"text":"Entrada similar","link":""},"img":{"alt_text":"","src":"https:\/\/i0.wp.com\/multiofertasvip.com\/wp-content\/uploads\/2024\/08\/UNLEASH2.jpg?fit=200%2C200&ssl=1&resize=350%2C200","width":350,"height":200},"classes":[]},{"id":33197,"url":"https:\/\/multiofertasvip.com\/?product=the-communion-package-dr-dain-heerespanol","url_meta":{"origin":33364,"position":1},"title":"The Communion Package-Dr. Dain Heer(Espa\u00f1ol)","author":"multiofertasvip","date":"septiembre 10, 2024","format":false,"excerpt":"Una selecci\u00f3n especial de 4 sesiones con el Dr. Dain Heer de la tercera ronda de 30 d\u00edas ESB donde la energ\u00eda condujo a la belleza y al espacio de comuni\u00f3n.\u00a0 Si ya no funcion\u00e1ramos desde la conexi\u00f3n y en cambio permiti\u00e9ramos\u00a0el espacio desconocido llamado comuni\u00f3n, no habr\u00eda NO ni\u2026","rel":"","context":"Entrada similar","block_context":{"text":"Entrada similar","link":""},"img":{"alt_text":"","src":"https:\/\/i0.wp.com\/multiofertasvip.com\/wp-content\/uploads\/2024\/09\/pack-comunnion.jpg?fit=200%2C200&ssl=1&resize=350%2C200","width":350,"height":200},"classes":[]},{"id":31073,"url":"https:\/\/multiofertasvip.com\/?product=magia-dinero-y-prosperidad-access-consciousness-elma-galvan","url_meta":{"origin":33364,"position":2},"title":"Magia Dinero y Prosperidad (Access Consciousness)-Elma Galvan","author":"multiofertasvip","date":"enero 2, 2024","format":false,"excerpt":"\u00bfTe imaginas vivir en un mundo donde tu magia personal te conecta con la prosperidad? \u00bfEst\u00e1s listo para tomar acci\u00f3n y comenzar tu viaje hacia una realidad m\u00e1s grandiosa con el dinero, prosperidad y abundancia? \u00bfTe gustar\u00eda aprender a atraer riqueza y abundancia con la magia que llevas dentro?\u00a0 Magia,\u2026","rel":"","context":"Entrada similar","block_context":{"text":"Entrada similar","link":""},"img":{"alt_text":"","src":"https:\/\/i0.wp.com\/multiofertasvip.com\/wp-content\/uploads\/2023\/12\/magia-dinero-y-prosperidad-access-consciousness-1.jpg?fit=200%2C200&ssl=1&resize=350%2C200","width":350,"height":200},"classes":[]},{"id":32784,"url":"https:\/\/multiofertasvip.com\/?product=ejercicios-de-magia-con-moleculas-2023-daniela-correa","url_meta":{"origin":33364,"position":3},"title":"Ejercicios de magia con mol\u00e9culas 2023-Daniela Correa","author":"multiofertasvip","date":"mayo 13, 2024","format":false,"excerpt":"\u00a0 \u00bfEs ahora el momento de recibir de las mol\u00e9cula toda la contribuci\u00f3n que tienen para ti?\u2026 Percibe y preg\u00fantate \u00bfqu\u00e9 me gustar\u00eda recibir de ellas?\u2026 Nuestra mente ha estado dise\u00f1ada como parte de esta realidad y solamente nos limita, haci\u00e9ndonos creer que la magia no existe. Con estos 7\u2026","rel":"","context":"Entrada similar","block_context":{"text":"Entrada similar","link":""},"img":{"alt_text":"","src":"https:\/\/i0.wp.com\/multiofertasvip.com\/wp-content\/uploads\/2024\/05\/7-DIAS-EJERCICIOS-CON-MOLECULAS-2023.png?fit=200%2C200&ssl=1&resize=350%2C200","width":350,"height":200},"classes":[]},{"id":30865,"url":"https:\/\/multiofertasvip.com\/?product=access-bar-ejercicios-de-magia-con-moleculas-super-poderes-2023","url_meta":{"origin":33364,"position":4},"title":"Access Bar-Ejercicios de Magia con Mol\u00e9culas S\u00faper Poderes 2023-Daniela Correa","author":"multiofertasvip","date":"agosto 27, 2023","format":false,"excerpt":"Quienes han elegido Magia con Mol\u00e9culas han transformado su realidad reconociendo que las mol\u00e9culas est\u00e1n siempre dispuestas a cambiar. \u00bfEs ahora el momento de recibir de las mol\u00e9cula toda la contribuci\u00f3n que tienen para ti?\u2026 Percibe y preg\u00fantate \u00bfqu\u00e9 me gustar\u00eda recibir de ellas?\u2026 Imagina decir adi\u00f3s a tu mente\u2026","rel":"","context":"Entrada similar","block_context":{"text":"Entrada similar","link":""},"img":{"alt_text":"","src":"https:\/\/i0.wp.com\/multiofertasvip.com\/wp-content\/uploads\/2023\/06\/moleculas-super-poderes.jpg?fit=200%2C200&ssl=1&resize=350%2C200","width":350,"height":200},"classes":[]},{"id":33297,"url":"https:\/\/multiofertasvip.com\/?product=desprogramandote-magia-con-moleculas-ponte-chingon-3-0-daniela-correa","url_meta":{"origin":33364,"position":5},"title":"Desprogram\u00e1ndote + Magia con mol\u00e9culas Ponte ching\u00f3n 3.0. -Daniela Correa","author":"multiofertasvip","date":"noviembre 15, 2024","format":false,"excerpt":"\u00bfEs ahora el momento de dejar atr\u00e1s las creencias limitantes y activar tu verdadero poder? En esta edici\u00f3n especial, te llevar\u00e9 a un viaje de transformaci\u00f3n profunda, donde, si lo eliges, vas a desprogramarte y utilizar la magia cu\u00e1ntica para crear una vida que realmente amas. Ser\u00e1 un espacio \u00fanico\u2026","rel":"","context":"Entrada similar","block_context":{"text":"Entrada similar","link":""},"img":{"alt_text":"","src":"https:\/\/i0.wp.com\/multiofertasvip.com\/wp-content\/uploads\/2024\/11\/chingon3.png?fit=200%2C200&ssl=1&resize=350%2C200","width":350,"height":200},"classes":[]}],"jetpack_sharing_enabled":false,"jetpack_likes_enabled":false,"_links":{"self":[{"href":"https:\/\/multiofertasvip.com\/index.php?rest_route=\/wp\/v2\/product\/33364","targetHints":{"allow":["GET"]}}],"collection":[{"href":"https:\/\/multiofertasvip.com\/index.php?rest_route=\/wp\/v2\/product"}],"about":[{"href":"https:\/\/multiofertasvip.com\/index.php?rest_route=\/wp\/v2\/types\/product"}],"version-history":[{"count":1,"href":"https:\/\/multiofertasvip.com\/index.php?rest_route=\/wp\/v2\/product\/33364\/revisions"}],"predecessor-version":[{"id":33367,"href":"https:\/\/multiofertasvip.com\/index.php?rest_route=\/wp\/v2\/product\/33364\/revisions\/33367"}],"wp:featuredmedia":[{"embeddable":true,"href":"https:\/\/multiofertasvip.com\/index.php?rest_route=\/wp\/v2\/media\/33366"}],"wp:attachment":[{"href":"https:\/\/multiofertasvip.com\/index.php?rest_route=%2Fwp%2Fv2%2Fmedia&parent=33364"}],"wp:term":[{"taxonomy":"product_brand","embeddable":true,"href":"https:\/\/multiofertasvip.com\/index.php?rest_route=%2Fwp%2Fv2%2Fproduct_brand&post=33364"},{"taxonomy":"product_cat","embeddable":true,"href":"https:\/\/multiofertasvip.com\/index.php?rest_route=%2Fwp%2Fv2%2Fproduct_cat&post=33364"},{"taxonomy":"product_tag","embeddable":true,"href":"https:\/\/multiofertasvip.com\/index.php?rest_route=%2Fwp%2Fv2%2Fproduct_tag&post=33364"}],"curies":[{"name":"wp","href":"https:\/\/api.w.org\/{rel}","templated":true}]}}