{"id":33352,"date":"2024-11-24T23:20:13","date_gmt":"2024-11-25T04:50:13","guid":{"rendered":"https:\/\/multiofertasvip.com\/?post_type=product&#038;p=33352"},"modified":"2024-11-25T21:41:49","modified_gmt":"2024-11-26T03:11:49","slug":"sexualidad-sagrada-para-parejas-sajeeva-hurtado","status":"publish","type":"product","link":"https:\/\/multiofertasvip.com\/?product=sexualidad-sagrada-para-parejas-sajeeva-hurtado","title":{"rendered":"Sexualidad Sagrada Para Parejas Sajeeva Hurtado"},"content":{"rendered":"<p><img data-recalc-dims=\"1\" decoding=\"async\" src=\"https:\/\/i0.wp.com\/cursosenoferta.com\/amlsup1\/sexualidad%20sagrada%20para%20parejas%20sajeeva%20hurtado%20-%201.jpg?w=1020&#038;ssl=1\" alt=\"Sexualidad Sagrada Para Parejas - sajeeva hurtado\" \/><\/p>\n","protected":false},"excerpt":{"rendered":"","protected":false},"featured_media":33355,"template":"","meta":{"_monsterinsights_skip_tracking":false,"_monsterinsights_sitenote_active":false,"_monsterinsights_sitenote_note":"","_monsterinsights_sitenote_category":0,"jetpack_post_was_ever_published":false,"jetpack_publicize_message":"","jetpack_publicize_feature_enabled":true,"jetpack_social_post_already_shared":true,"jetpack_social_options":{"image_generator_settings":{"template":"highway","default_image_id":0,"font":"","enabled":false},"version":2}},"product_brand":[],"product_cat":[46],"product_tag":[263,142,260,211,254,119,251,215,257,249,243,230,182,226,253,236,229,143,228,232,258,234,262,239,220,265,219,225,240,238,140,242,235,244,266,267,248,210,245,212,250,227,255,264,252,217,216,233,261,73,237,231,247,221,246,222,223,224,259,241,256,218,213,214,53],"class_list":{"0":"post-33352","1":"product","2":"type-product","3":"status-publish","4":"has-post-thumbnail","6":"product_cat-superacion","7":"product_tag-animales","8":"product_tag-avanzado","9":"product_tag-biden","10":"product_tag-billetes","11":"product_tag-bitcoin","12":"product_tag-carrera","13":"product_tag-china","14":"product_tag-christopher-olivarrieta","15":"product_tag-cine","16":"product_tag-coranavirus","17":"product_tag-cultura","18":"product_tag-cursos","19":"product_tag-dinero","20":"product_tag-dios","21":"product_tag-dolar","22":"product_tag-enric-corbera","23":"product_tag-ensenanza-en-casa","24":"product_tag-entidades","25":"product_tag-escuela","26":"product_tag-especialidad","27":"product_tag-estrenos","28":"product_tag-estudios","29":"product_tag-facebook","30":"product_tag-famosos","31":"product_tag-free","32":"product_tag-gatos","33":"product_tag-gratis","34":"product_tag-guerra","35":"product_tag-humor","36":"product_tag-internet","37":"product_tag-jose-palomo","38":"product_tag-juegos","39":"product_tag-lavin","40":"product_tag-manga","41":"product_tag-mercado-libre","42":"product_tag-mercado-pago","43":"product_tag-meteorologia","44":"product_tag-moneda","45":"product_tag-musica","46":"product_tag-nuevo","47":"product_tag-omnicron","48":"product_tag-oracion","49":"product_tag-peliculas","50":"product_tag-perros","51":"product_tag-peso","52":"product_tag-porn","53":"product_tag-porno","54":"product_tag-profesional","55":"product_tag-putin","56":"product_tag-salud","57":"product_tag-sexo","58":"product_tag-talleres","59":"product_tag-television","60":"product_tag-terapias","61":"product_tag-trabajo","62":"product_tag-ucrania","63":"product_tag-ukrania","64":"product_tag-usa","65":"product_tag-vacuna","66":"product_tag-viajes","67":"product_tag-videos","68":"product_tag-xxx","69":"product_tag-youtube","70":"product_tag-youtube-yuen-guadalajara","71":"product_tag-yuen","73":"first","74":"instock","75":"downloadable","76":"virtual","77":"purchasable","78":"product-type-simple"},"jetpack_publicize_connections":[],"jetpack-related-posts":[{"id":33368,"url":"https:\/\/multiofertasvip.com\/?product=sexualidad-sagrada-para-hombres-sajeeva-hurtado","url_meta":{"origin":33352,"position":0},"title":"Sexualidad Sagrada Para Hombres Sajeeva Hurtado","author":"multiofertasvip","date":"noviembre 25, 2024","format":false,"excerpt":"Sexualidad Sagrada Para Hombres No eres t\u00f3xico, ni narcisista, MUCHO MENOS ERES IGUAL A LOS DEM\u00c1S Eres un ser humano con traumas, heridas y dolores que si est\u00e1 aqu\u00ed es por que sabe que\u00a0adem\u00e1s de eso tambi\u00e9n tiene una singularidad, un enorme potencial\u00a0para amar, brillar, proveer y sostener de una\u2026","rel":"","context":"Entrada similar","block_context":{"text":"Entrada similar","link":""},"img":{"alt_text":"Sexualidad Sagrada","src":"https:\/\/i0.wp.com\/www.llenadevida.org\/wp-content\/uploads\/2024\/03\/pene-sajeeva-hurtado.png?fit=336%2C437&quality=52&ssl=1&resize=350%2C200","width":350,"height":200},"classes":[]},{"id":35092,"url":"https:\/\/multiofertasvip.com\/?product=tantra-descubre-la-sexualidad-sagrada-tv-consciente-2","url_meta":{"origin":33352,"position":1},"title":"Tantra descubre la sexualidad sagrada-Tv Consciente","author":"multiofertasvip","date":"marzo 16, 2026","format":false,"excerpt":"\u00a0 \u00a0 \u00a0 \u00a0","rel":"","context":"Entrada similar","block_context":{"text":"Entrada similar","link":""},"img":{"alt_text":"Anand Rudra","src":"https:\/\/i0.wp.com\/cdnm.fractalmedia.es\/image\/9zbIHxFysn\/282\/thumbnail.jpg?resize=350%2C200&ssl=1","width":350,"height":200},"classes":[]},{"id":32719,"url":"https:\/\/multiofertasvip.com\/?product=meditaciones-yuen-guadalajara-2024","url_meta":{"origin":33352,"position":2},"title":"21 Meditaciones  Yuen Guadalajara 2024","author":"multiofertasvip","date":"abril 12, 2024","format":false,"excerpt":"Incluye: 21 Grabaci\u00f3n en audio formato mp3 \u00bfQu\u00e9 son las meditaciones? Nuestro programa de veinti\u00fan meditaciones es una oportunidad \u00fanica para un profundo autodescubrimiento y crecimiento personal familiar y ancestral. Las meditaciones son sesiones dise\u00f1adas espec\u00edficamente para fortalecer un tema particular que sea relevante para ti. Contenido de las Meditaciones:\u2026","rel":"","context":"Entrada similar","block_context":{"text":"Entrada similar","link":""},"img":{"alt_text":"","src":"https:\/\/i0.wp.com\/multiofertasvip.com\/wp-content\/uploads\/2024\/04\/meditacione2.jpg?fit=200%2C200&ssl=1&resize=350%2C200","width":350,"height":200},"classes":[]},{"id":30003,"url":"https:\/\/multiofertasvip.com\/?product=metodo-yuen-guadalajara-taller-de-sexualidad","url_meta":{"origin":33352,"position":3},"title":"Metodo Yuen Guadalajara: Taller de Sexualidad Septiembre 2021","author":"multiofertasvip","date":"septiembre 30, 2021","format":false,"excerpt":"Este Taller esta enfocado a solucionar o mejorar todos los temas relacionados a la sexualidad, -Deficiencias en el desempe\u00f1o sexual -Embarazos -Anorgasmia -Eyaculacion Precoz \u00a0","rel":"","context":"Entrada similar","block_context":{"text":"Entrada similar","link":""},"img":{"alt_text":"","src":"https:\/\/i0.wp.com\/multiofertasvip.com\/wp-content\/uploads\/2021\/09\/TALLER-DE-SEXUALIDAD.png?fit=200%2C200&ssl=1&resize=350%2C200","width":350,"height":200},"classes":[]},{"id":29908,"url":"https:\/\/multiofertasvip.com\/?product=metodo-yuen-curso-especializado-3-amor-incondicional-y-neutralidad-sexual-dr-kam-yuen","url_meta":{"origin":33352,"position":4},"title":"M\u00e9todo Yuen Curso Especializado 3 &#8211; Amor Incondicional y Neutralidad Sexual-Dr Kam Yuen","author":"multiofertasvip","date":"abril 22, 2021","format":false,"excerpt":"T\u00edtulo:\u00a0M\u00e9todo Yuen Curso Especializado 3 - Amor Incondicional y Neutralidad Sexual Autor:\u00a0Dr. Kam Yuen Formatos:\u00a0mp3, m4a (audio), pdf (ebook) Cantidad audios:\u00a08 Cantidad pdf:\u00a02 Peso total:\u00a0225 MB","rel":"","context":"Entrada similar","block_context":{"text":"Entrada similar","link":""},"img":{"alt_text":"","src":"https:\/\/i0.wp.com\/multiofertasvip.com\/wp-content\/uploads\/2021\/04\/metodo-yuen-curso-especializado-3-amor-incondicional-y-neutralidad-sexual.jpg?fit=200%2C200&ssl=1&resize=350%2C200","width":350,"height":200},"classes":[]},{"id":32879,"url":"https:\/\/multiofertasvip.com\/?product=sexual-energy-daniela-correa","url_meta":{"origin":33352,"position":5},"title":"Sexual Energy-Daniela Correa","author":"multiofertasvip","date":"junio 7, 2024","format":false,"excerpt":"Parte de lo que los voy a invitar en estos 5 d\u00edas,chicos,chicas,es que sean muy conscientes de que todos los juicios que tienen acerca del sexo,la sexualidad,la copulaci\u00f3n,todo lo que les impide acceder a esta energ\u00eda para ustedes con total facilidad,a la energ\u00edadelos orgasmos,a la energ\u00eda del gozo de tu\u2026","rel":"","context":"Entrada similar","block_context":{"text":"Entrada similar","link":""},"img":{"alt_text":"","src":"https:\/\/i0.wp.com\/multiofertasvip.com\/wp-content\/uploads\/2024\/06\/sexual-energy.png?fit=200%2C200&ssl=1&resize=350%2C200","width":350,"height":200},"classes":[]}],"jetpack_sharing_enabled":false,"jetpack_likes_enabled":false,"_links":{"self":[{"href":"https:\/\/multiofertasvip.com\/index.php?rest_route=\/wp\/v2\/product\/33352","targetHints":{"allow":["GET"]}}],"collection":[{"href":"https:\/\/multiofertasvip.com\/index.php?rest_route=\/wp\/v2\/product"}],"about":[{"href":"https:\/\/multiofertasvip.com\/index.php?rest_route=\/wp\/v2\/types\/product"}],"version-history":[{"count":1,"href":"https:\/\/multiofertasvip.com\/index.php?rest_route=\/wp\/v2\/product\/33352\/revisions"}],"predecessor-version":[{"id":33356,"href":"https:\/\/multiofertasvip.com\/index.php?rest_route=\/wp\/v2\/product\/33352\/revisions\/33356"}],"wp:featuredmedia":[{"embeddable":true,"href":"https:\/\/multiofertasvip.com\/index.php?rest_route=\/wp\/v2\/media\/33355"}],"wp:attachment":[{"href":"https:\/\/multiofertasvip.com\/index.php?rest_route=%2Fwp%2Fv2%2Fmedia&parent=33352"}],"wp:term":[{"taxonomy":"product_brand","embeddable":true,"href":"https:\/\/multiofertasvip.com\/index.php?rest_route=%2Fwp%2Fv2%2Fproduct_brand&post=33352"},{"taxonomy":"product_cat","embeddable":true,"href":"https:\/\/multiofertasvip.com\/index.php?rest_route=%2Fwp%2Fv2%2Fproduct_cat&post=33352"},{"taxonomy":"product_tag","embeddable":true,"href":"https:\/\/multiofertasvip.com\/index.php?rest_route=%2Fwp%2Fv2%2Fproduct_tag&post=33352"}],"curies":[{"name":"wp","href":"https:\/\/api.w.org\/{rel}","templated":true}]}}