{"id":33335,"date":"2024-11-24T22:30:08","date_gmt":"2024-11-25T04:00:08","guid":{"rendered":"https:\/\/multiofertasvip.com\/?post_type=product&#038;p=33335"},"modified":"2024-11-24T22:36:53","modified_gmt":"2024-11-25T04:06:53","slug":"los-7-cetros-del-poder-ana-luz-velazco","status":"publish","type":"product","link":"https:\/\/multiofertasvip.com\/?product=los-7-cetros-del-poder-ana-luz-velazco","title":{"rendered":"Los 7 Cetros del Poder &#8211; Ana Luz Velazco"},"content":{"rendered":"<p align=\"justify\">Un Cetro es el\u00a0<b>S\u00cdMBOLO DE TU PODER TERRENAL,<\/b>\u00a0de la majestuosidad que tal vez no has sabido ejercer y que ya es necesario que lo hagas.<\/p>\n<hr size=\"1\" width=\"95%\" \/>\n<h2 align=\"center\"><span style=\"color: #0230a2;\">\u00a1Un Cetro te permite ejercer la AUTORIDAD REAL en tu vida!<\/span><\/h2>\n<hr size=\"1\" width=\"95%\" \/>\n<p align=\"justify\">Unirte a cada\u00a0<b>CETRO DE PODER<\/b>\u00a0que yo te entregar\u00e9 permitir\u00e1 que ante cada circunstancia de tu vida exclames\u00a0<span style=\"color: red;\"><b>\u00a1PUEDO Y LO HAR\u00c9!<\/b><\/span><\/p>\n<p align=\"justify\">Este es el contenido perfecto con\u00a0<b>T\u00e9cnicas de PNL, Reconversi\u00f3n (Sana tu \u00c1rbol Familiar) y Gestalt<\/b>\u00a0para vincularte con\u00a0<b>Los 7 Cetros del Poder.<\/b><\/p>\n<p align=\"justify\">Ejerciendo tu mandato en\u00a0<b>Los 7 Cetros del Poder<\/b>\u00a0no habr\u00e1 miedo en ti, te conectar\u00e1s con la vibraci\u00f3n del universo, utilizando\u00a0<b>La Fuerza Cu\u00e1ntica,<\/b>\u00a0volvi\u00e9ndote el creador de tu destino.<\/p>\n<h2 align=\"center\"><span style=\"color: #0230a2;\">\u00a1Con\u00e9ctate nuevamente con tu\u00a0<b>YO REAL!<\/b><\/span><\/h2>\n<p align=\"justify\"><span style=\"color: red;\"><b>Eres t\u00fa el \u00fanico que puede activar tu poder interno para multiplicar el amor en tu vida, este generar\u00e1 salud f\u00edsica y emocional y entonces si podr\u00e1s crear mucho pero \u00a1MUCHO DINERO!<\/b><\/span><\/p>\n<p align=\"right\"><span style=\"color: red;\"><b>MAESTRA ANA LUZ VELAZCO FLORES<\/b><\/span><\/p>\n<hr size=\"1\" width=\"95%\" \/>\n<h2 align=\"center\"><span style=\"color: green;\">LOS 7 CETROS DEL PODER<\/span><\/h2>\n<table width=\"300\" align=\"center\">\n<tbody>\n<tr>\n<td align=\"left\" width=\"290\">\n<h4><img data-recalc-dims=\"1\" decoding=\"async\" src=\"https:\/\/i0.wp.com\/analuzvelazco.com\/files\/imagenes\/cv-palomita.png?w=25&#038;ssl=1\"  \/><span style=\"color: #333333;\">\u00a0<span style=\"color: green;\">EL CETRO DE LA LIBERTAD<\/span><br \/>\n<img data-recalc-dims=\"1\" decoding=\"async\" src=\"https:\/\/i0.wp.com\/analuzvelazco.com\/files\/imagenes\/cv-palomita.png?w=25&#038;ssl=1\"  \/>\u00a0<span style=\"color: green;\">EL CETRO DE LA FELICIDAD<\/span><br \/>\n<img data-recalc-dims=\"1\" decoding=\"async\" src=\"https:\/\/i0.wp.com\/analuzvelazco.com\/files\/imagenes\/cv-palomita.png?w=25&#038;ssl=1\"  \/>\u00a0<span style=\"color: green;\">EL CETRO DE LA BONDAD<\/span><br \/>\n<img data-recalc-dims=\"1\" decoding=\"async\" src=\"https:\/\/i0.wp.com\/analuzvelazco.com\/files\/imagenes\/cv-palomita.png?w=25&#038;ssl=1\"  \/>\u00a0<span style=\"color: green;\">EL CETRO DEL ORO<\/span><br \/>\n<img data-recalc-dims=\"1\" decoding=\"async\" src=\"https:\/\/i0.wp.com\/analuzvelazco.com\/files\/imagenes\/cv-palomita.png?w=25&#038;ssl=1\"  \/>\u00a0<span style=\"color: green;\">EL CETRO DE LA CREACI\u00d3N<\/span><br \/>\n<img data-recalc-dims=\"1\" decoding=\"async\" src=\"https:\/\/i0.wp.com\/analuzvelazco.com\/files\/imagenes\/cv-palomita.png?w=25&#038;ssl=1\"  \/>\u00a0<span style=\"color: green;\">EL CETRO DEL MAGNETISMO<\/span><br \/>\n<img data-recalc-dims=\"1\" decoding=\"async\" src=\"https:\/\/i0.wp.com\/analuzvelazco.com\/files\/imagenes\/cv-palomita.png?w=25&#038;ssl=1\"  \/>\u00a0<span style=\"color: green;\">EL CETRO DEL PODER<\/span><\/span><\/h4>\n<\/td>\n<\/tr>\n<\/tbody>\n<\/table>\n","protected":false},"excerpt":{"rendered":"<p>Un Cetro es el\u00a0S\u00cdMBOLO DE TU PODER TERRENAL,\u00a0de la majestuosidad que tal vez no has sabido ejercer y que ya es necesario que lo hagas. \u00a1Un Cetro te permite ejercer la AUTORIDAD REAL en tu vida! Unirte a cada\u00a0CETRO DE PODER\u00a0que yo te entregar\u00e9 permitir\u00e1 que ante cada circunstancia de tu vida exclames\u00a0\u00a1PUEDO Y LO [&#8230;]\n","protected":false},"featured_media":33337,"template":"","meta":{"_monsterinsights_skip_tracking":false,"_monsterinsights_sitenote_active":false,"_monsterinsights_sitenote_note":"","_monsterinsights_sitenote_category":0,"jetpack_post_was_ever_published":false,"jetpack_publicize_message":"","jetpack_publicize_feature_enabled":true,"jetpack_social_post_already_shared":true,"jetpack_social_options":{"image_generator_settings":{"template":"highway","default_image_id":0,"font":"","enabled":false},"version":2}},"product_brand":[],"product_cat":[272],"product_tag":[263,142,260,211,254,119,251,215,257,249,243,230,182,226,253,236,229,143,228,232,258,234,262,239,220,265,219,225,240,238,140,242,235,244,266,267,248,210,245,212,250,227,255,264,252,217,216,233,261,73,237,231,247,221,246,222,223,224,259,241,256,218,213,214,53],"class_list":{"0":"post-33335","1":"product","2":"type-product","3":"status-publish","4":"has-post-thumbnail","6":"product_cat-pnl","7":"product_tag-animales","8":"product_tag-avanzado","9":"product_tag-biden","10":"product_tag-billetes","11":"product_tag-bitcoin","12":"product_tag-carrera","13":"product_tag-china","14":"product_tag-christopher-olivarrieta","15":"product_tag-cine","16":"product_tag-coranavirus","17":"product_tag-cultura","18":"product_tag-cursos","19":"product_tag-dinero","20":"product_tag-dios","21":"product_tag-dolar","22":"product_tag-enric-corbera","23":"product_tag-ensenanza-en-casa","24":"product_tag-entidades","25":"product_tag-escuela","26":"product_tag-especialidad","27":"product_tag-estrenos","28":"product_tag-estudios","29":"product_tag-facebook","30":"product_tag-famosos","31":"product_tag-free","32":"product_tag-gatos","33":"product_tag-gratis","34":"product_tag-guerra","35":"product_tag-humor","36":"product_tag-internet","37":"product_tag-jose-palomo","38":"product_tag-juegos","39":"product_tag-lavin","40":"product_tag-manga","41":"product_tag-mercado-libre","42":"product_tag-mercado-pago","43":"product_tag-meteorologia","44":"product_tag-moneda","45":"product_tag-musica","46":"product_tag-nuevo","47":"product_tag-omnicron","48":"product_tag-oracion","49":"product_tag-peliculas","50":"product_tag-perros","51":"product_tag-peso","52":"product_tag-porn","53":"product_tag-porno","54":"product_tag-profesional","55":"product_tag-putin","56":"product_tag-salud","57":"product_tag-sexo","58":"product_tag-talleres","59":"product_tag-television","60":"product_tag-terapias","61":"product_tag-trabajo","62":"product_tag-ucrania","63":"product_tag-ukrania","64":"product_tag-usa","65":"product_tag-vacuna","66":"product_tag-viajes","67":"product_tag-videos","68":"product_tag-xxx","69":"product_tag-youtube","70":"product_tag-youtube-yuen-guadalajara","71":"product_tag-yuen","73":"first","74":"instock","75":"downloadable","76":"virtual","77":"purchasable","78":"product-type-simple"},"jetpack_publicize_connections":[],"jetpack-related-posts":[{"id":35006,"url":"https:\/\/multiofertasvip.com\/?product=curso-constelaciones-playmobil-avanzado-todohipno-3","url_meta":{"origin":33335,"position":0},"title":"Curso Constelaciones Playmobil Avanzado-Todohipno","author":"multiofertasvip","date":"marzo 10, 2026","format":false,"excerpt":"\u00a0 \u00a0 \u00a0 \u00a0","rel":"","context":"Entrada similar","block_context":{"text":"Entrada similar","link":""},"img":{"alt_text":"","src":"https:\/\/i0.wp.com\/multiofertasvip.com\/wp-content\/uploads\/2026\/03\/constelaciones-playmobil-avanzado.png?fit=200%2C200&ssl=1&resize=350%2C200","width":350,"height":200},"classes":[]},{"id":30477,"url":"https:\/\/multiofertasvip.com\/?product=curso-online-constelaciones-hipnoticas-vidas-y-almas-silvia-carbonell","url_meta":{"origin":33335,"position":1},"title":"Curso Constelaciones Playmobil-TodoHipno","author":"multiofertasvip","date":"marzo 7, 2022","format":false,"excerpt":"\u00a0 \u00a0 \u00a0 \u00a0","rel":"","context":"Entrada similar","block_context":{"text":"Entrada similar","link":""},"img":{"alt_text":"","src":"https:\/\/i0.wp.com\/multiofertasvip.com\/wp-content\/uploads\/2022\/10\/constelaciones-playmobil.png?fit=200%2C200&ssl=1&resize=350%2C200","width":350,"height":200},"classes":[]},{"id":31000,"url":"https:\/\/multiofertasvip.com\/?product=descodificacion-total-carlos-galvan-copia","url_meta":{"origin":33335,"position":2},"title":"Anti Terapia Or\u00edgen- V\u00edctor Brossah","author":"multiofertasvip","date":"octubre 15, 2023","format":false,"excerpt":"Lo primero que te diremos es que\u2026 no te dejes enga\u00f1ar por eso de que se trata de una ANTI TERAPIA \u00a0 Porque ORIGEN es la terapia m\u00e1s poderosa que existe al menos a la hora de sugestionar nuestro subconsciente. \u00bfQUIERES UNA PODEROSA HERRAMIENTA PARA LOGRAR REPROGRAMAR TU SUBCONSCIENTE CADA\u2026","rel":"","context":"Entrada similar","block_context":{"text":"Entrada similar","link":""},"img":{"alt_text":"","src":"https:\/\/i0.wp.com\/formaciones.brossahleyton.com\/wp\/wp-content\/uploads\/2023\/07\/MANOS_LUZ.png?resize=350%2C200&ssl=1","width":350,"height":200,"srcset":"https:\/\/i0.wp.com\/formaciones.brossahleyton.com\/wp\/wp-content\/uploads\/2023\/07\/MANOS_LUZ.png?resize=350%2C200&ssl=1 1x, https:\/\/i0.wp.com\/formaciones.brossahleyton.com\/wp\/wp-content\/uploads\/2023\/07\/MANOS_LUZ.png?resize=525%2C300&ssl=1 1.5x, https:\/\/i0.wp.com\/formaciones.brossahleyton.com\/wp\/wp-content\/uploads\/2023\/07\/MANOS_LUZ.png?resize=700%2C400&ssl=1 2x, https:\/\/i0.wp.com\/formaciones.brossahleyton.com\/wp\/wp-content\/uploads\/2023\/07\/MANOS_LUZ.png?resize=1050%2C600&ssl=1 3x"},"classes":[]},{"id":35012,"url":"https:\/\/multiofertasvip.com\/?product=curso-constelaciones-playmobil-basico-todohipno","url_meta":{"origin":33335,"position":3},"title":"Curso Constelaciones Playmobil Basico-Todohipno","author":"multiofertasvip","date":"marzo 10, 2026","format":false,"excerpt":"\u00a0 \u00a0 \u00a0 \u00a0","rel":"","context":"Entrada similar","block_context":{"text":"Entrada similar","link":""},"img":{"alt_text":"","src":"https:\/\/i0.wp.com\/multiofertasvip.com\/wp-content\/uploads\/2022\/10\/constelaciones-playmobil.png?fit=200%2C200&ssl=1&resize=350%2C200","width":350,"height":200},"classes":[]},{"id":30340,"url":"https:\/\/multiofertasvip.com\/?product=claves-para-ser-un-autentico-lider-enric-corbera","url_meta":{"origin":33335,"position":4},"title":"Claves para ser un aut\u00e9ntico l\u00edder-Enric Corbera","author":"multiofertasvip","date":"julio 27, 2023","format":false,"excerpt":"El verdadero l\u00edder no impone, inspira El verdadero liderazgo implica una forma de ver y entender la vida, no es una actitud puntual, sino una forma de reaccionar ante las circunstancias de manera coherente y eficaz. Te presentamos una nueva visi\u00f3n basada en la autogesti\u00f3n emocional, con el objetivo de\u2026","rel":"","context":"Entrada similar","block_context":{"text":"Entrada similar","link":""},"img":{"alt_text":"","src":"https:\/\/i0.wp.com\/multiofertasvip.com\/wp-content\/uploads\/2022\/07\/claves-para-ser-un-autentico-lider.jpg?fit=200%2C200&ssl=1&resize=350%2C200","width":350,"height":200},"classes":[]},{"id":31927,"url":"https:\/\/multiofertasvip.com\/?product=tablero-de-suenos-elma-galvan","url_meta":{"origin":33335,"position":5},"title":"Tablero de sue\u00f1os-Elma Galvan","author":"multiofertasvip","date":"febrero 8, 2024","format":false,"excerpt":"Tablero de sue\u00f1os Actualizando la vida que deseas 2024 El tablero de sue\u00f1os\u00a0(vision board) est\u00e1 dise\u00f1ado para\u00a0conectar con tus objetivos para actualizar y manifestar todos tus sue\u00f1os y deseos\u00a0\u00bfest\u00e1s listo\/a para crear tu 2024? En clase vas a\u00a0dise\u00f1ar un collage de tu 2024, utilizaremos preguntas y herramientas\u00a0para plasmar todo lo\u2026","rel":"","context":"Entrada similar","block_context":{"text":"Entrada similar","link":""},"img":{"alt_text":"","src":"https:\/\/i0.wp.com\/multiofertasvip.com\/wp-content\/uploads\/2024\/02\/tablero-de-suenos-access-consciousness.jpg?fit=200%2C200&ssl=1&resize=350%2C200","width":350,"height":200},"classes":[]}],"jetpack_sharing_enabled":false,"jetpack_likes_enabled":false,"_links":{"self":[{"href":"https:\/\/multiofertasvip.com\/index.php?rest_route=\/wp\/v2\/product\/33335","targetHints":{"allow":["GET"]}}],"collection":[{"href":"https:\/\/multiofertasvip.com\/index.php?rest_route=\/wp\/v2\/product"}],"about":[{"href":"https:\/\/multiofertasvip.com\/index.php?rest_route=\/wp\/v2\/types\/product"}],"version-history":[{"count":1,"href":"https:\/\/multiofertasvip.com\/index.php?rest_route=\/wp\/v2\/product\/33335\/revisions"}],"predecessor-version":[{"id":33338,"href":"https:\/\/multiofertasvip.com\/index.php?rest_route=\/wp\/v2\/product\/33335\/revisions\/33338"}],"wp:featuredmedia":[{"embeddable":true,"href":"https:\/\/multiofertasvip.com\/index.php?rest_route=\/wp\/v2\/media\/33337"}],"wp:attachment":[{"href":"https:\/\/multiofertasvip.com\/index.php?rest_route=%2Fwp%2Fv2%2Fmedia&parent=33335"}],"wp:term":[{"taxonomy":"product_brand","embeddable":true,"href":"https:\/\/multiofertasvip.com\/index.php?rest_route=%2Fwp%2Fv2%2Fproduct_brand&post=33335"},{"taxonomy":"product_cat","embeddable":true,"href":"https:\/\/multiofertasvip.com\/index.php?rest_route=%2Fwp%2Fv2%2Fproduct_cat&post=33335"},{"taxonomy":"product_tag","embeddable":true,"href":"https:\/\/multiofertasvip.com\/index.php?rest_route=%2Fwp%2Fv2%2Fproduct_tag&post=33335"}],"curies":[{"name":"wp","href":"https:\/\/api.w.org\/{rel}","templated":true}]}}