{"id":33329,"date":"2024-11-24T22:13:12","date_gmt":"2024-11-25T03:43:12","guid":{"rendered":"https:\/\/multiofertasvip.com\/?post_type=product&#038;p=33329"},"modified":"2024-11-24T22:29:31","modified_gmt":"2024-11-25T03:59:31","slug":"circulo-magico-de-vida-ana-luz-velazco-flores","status":"publish","type":"product","link":"https:\/\/multiofertasvip.com\/?product=circulo-magico-de-vida-ana-luz-velazco-flores","title":{"rendered":"Circulo Magico de Vida- Ana Luz Velazco Flores"},"content":{"rendered":"<p>CMV (C\u00edrculo M\u00e1gico de Vida) es el espacio que te permite sentar las bases para hacerte una REPROGRAMACI\u00d3N INTEGRAL que te permita hacer los cambios internos y externos que est\u00e1s necesitando.<br \/>\nEste grupo de amigos que integrar\u00e1n el CMV, ya est\u00e1n diciendo lo que quieres sentir t\u00fa:<\/p>\n<p>CMV adinerado, CMV sano, CMV amado, CMV cambiado, CMV fuera de serie, CMV genial, CMV sereno, CMV armonioso, CMV acaudalado, CMV exitoso.<\/p>\n<p>Cuando te digan que te est\u00e1n lavando el cerebro diles que \u00a1SI! Que has quitado de tu vida gracias al CMV, la basura mental que ten\u00edas de pobreza, miedo, enfermedad, ansiedad, celos, envidia, soledad, ira, frustraci\u00f3n y un sinf\u00edn de etc\u00e9teras que estaban amargando tu existir y el de quienes te rodean.<\/p>\n<p>CMV te llevar\u00e1 a cambiar estos estados emocionales que no te permiten \u00a1HACER DINERO Y ESTAR SERENAMENTE FELIZ!<\/p>\n","protected":false},"excerpt":{"rendered":"<p>CMV (C\u00edrculo M\u00e1gico de Vida) es el espacio que te permite sentar las bases para hacerte una REPROGRAMACI\u00d3N INTEGRAL que te permita hacer los cambios internos y externos que est\u00e1s necesitando. Este grupo de amigos que integrar\u00e1n el CMV, ya est\u00e1n diciendo lo que quieres sentir t\u00fa: CMV adinerado, CMV sano, CMV amado, CMV cambiado, [&#8230;]\n","protected":false},"featured_media":33331,"template":"","meta":{"_monsterinsights_skip_tracking":false,"_monsterinsights_sitenote_active":false,"_monsterinsights_sitenote_note":"","_monsterinsights_sitenote_category":0,"jetpack_post_was_ever_published":false,"jetpack_publicize_message":"","jetpack_publicize_feature_enabled":true,"jetpack_social_post_already_shared":true,"jetpack_social_options":{"image_generator_settings":{"template":"highway","default_image_id":0,"font":"","enabled":false},"version":2}},"product_brand":[],"product_cat":[32],"product_tag":[263,142,260,211,254,119,251,215,257,249,243,230,182,226,253,236,229,143,228,232,258,234,262,239,220,265,219,225,240,238,140,242,235,244,266,267,248,210,245,212,250,227,255,264,252,217,216,233,261,73,237,231,247,221,246,222,223,224,259,241,256,218,213,214,53],"class_list":{"0":"post-33329","1":"product","2":"type-product","3":"status-publish","4":"has-post-thumbnail","6":"product_cat-sanacion","7":"product_tag-animales","8":"product_tag-avanzado","9":"product_tag-biden","10":"product_tag-billetes","11":"product_tag-bitcoin","12":"product_tag-carrera","13":"product_tag-china","14":"product_tag-christopher-olivarrieta","15":"product_tag-cine","16":"product_tag-coranavirus","17":"product_tag-cultura","18":"product_tag-cursos","19":"product_tag-dinero","20":"product_tag-dios","21":"product_tag-dolar","22":"product_tag-enric-corbera","23":"product_tag-ensenanza-en-casa","24":"product_tag-entidades","25":"product_tag-escuela","26":"product_tag-especialidad","27":"product_tag-estrenos","28":"product_tag-estudios","29":"product_tag-facebook","30":"product_tag-famosos","31":"product_tag-free","32":"product_tag-gatos","33":"product_tag-gratis","34":"product_tag-guerra","35":"product_tag-humor","36":"product_tag-internet","37":"product_tag-jose-palomo","38":"product_tag-juegos","39":"product_tag-lavin","40":"product_tag-manga","41":"product_tag-mercado-libre","42":"product_tag-mercado-pago","43":"product_tag-meteorologia","44":"product_tag-moneda","45":"product_tag-musica","46":"product_tag-nuevo","47":"product_tag-omnicron","48":"product_tag-oracion","49":"product_tag-peliculas","50":"product_tag-perros","51":"product_tag-peso","52":"product_tag-porn","53":"product_tag-porno","54":"product_tag-profesional","55":"product_tag-putin","56":"product_tag-salud","57":"product_tag-sexo","58":"product_tag-talleres","59":"product_tag-television","60":"product_tag-terapias","61":"product_tag-trabajo","62":"product_tag-ucrania","63":"product_tag-ukrania","64":"product_tag-usa","65":"product_tag-vacuna","66":"product_tag-viajes","67":"product_tag-videos","68":"product_tag-xxx","69":"product_tag-youtube","70":"product_tag-youtube-yuen-guadalajara","71":"product_tag-yuen","73":"first","74":"instock","75":"downloadable","76":"virtual","77":"purchasable","78":"product-type-simple"},"jetpack_publicize_connections":[],"jetpack-related-posts":[{"id":35335,"url":"https:\/\/multiofertasvip.com\/?product=curso-being-you-being-magic-en-espanol-dain-heer","url_meta":{"origin":33329,"position":0},"title":"Curso Being You Being Magic-en Espa\u00f1ol -Dain Heer","author":"multiofertasvip","date":"abril 1, 2026","format":false,"excerpt":"\u00a0 \u00a0 \u00a0 \u00a0 \u00a0 \u00a0 \u00a0","rel":"","context":"Entrada similar","block_context":{"text":"Entrada similar","link":""},"img":{"alt_text":"","src":"https:\/\/i0.wp.com\/multiofertasvip.com\/wp-content\/uploads\/2026\/04\/BEING.jpg?fit=200%2C200&ssl=1&resize=350%2C200","width":350,"height":200},"classes":[]},{"id":32092,"url":"https:\/\/multiofertasvip.com\/?product=magia-con-moleculas-money-magic-daniela-correa","url_meta":{"origin":33329,"position":1},"title":"Magia con mol\u00e9culas \u2013 Money Magic-Daniela Correa","author":"multiofertasvip","date":"febrero 14, 2024","format":false,"excerpt":"\u00bfTe has preguntado c\u00f3mo transformar tu realidad financiera en algo verdaderamente m\u00e1gico? \u00a1Magia con Mol\u00e9culas: Edici\u00f3n Money Magic est\u00e1 aqu\u00ed! En esta clase online, Daniela te compartir\u00e1 herramientas y t\u00e9cnicas \u00fanicas que te permitir\u00e1n reconocer la potencia que eres y as\u00ed, crear una vida fuera de limitaciones y puntos de\u2026","rel":"","context":"Entrada similar","block_context":{"text":"Entrada similar","link":""},"img":{"alt_text":"","src":"https:\/\/i0.wp.com\/multiofertasvip.com\/wp-content\/uploads\/2024\/02\/magia-con-moleculas-money-magic.png?fit=200%2C200&ssl=1&resize=350%2C200","width":350,"height":200},"classes":[]},{"id":32746,"url":"https:\/\/multiofertasvip.com\/?product=magia-con-moleculas-business-magic-daniela-correa","url_meta":{"origin":33329,"position":2},"title":"Magia con mol\u00e9culas \u2013 Business Magic-Daniela Correa","author":"multiofertasvip","date":"abril 17, 2024","format":false,"excerpt":"Yo soy una mol\u00e9cula dispuesta a cambiarlo todo y si me dejas entrar, te voy a mostrar mi Magia con los negocios, que tal si me dejas contribuir a encender la tuya? porque mi amor, mi vida ES un negocio millonario!","rel":"","context":"Entrada similar","block_context":{"text":"Entrada similar","link":""},"img":{"alt_text":"","src":"https:\/\/i0.wp.com\/multiofertasvip.com\/wp-content\/uploads\/2024\/04\/bussines.png?fit=200%2C200&ssl=1&resize=350%2C200","width":350,"height":200},"classes":[]},{"id":31092,"url":"https:\/\/multiofertasvip.com\/?product=limpieza-de-espacios-access-consciousness-shannon-ohara-2","url_meta":{"origin":33329,"position":3},"title":"Paquete de Limpieza (Access Consciousness) -Shannon Ohara","author":"multiofertasvip","date":"diciembre 12, 2023","format":false,"excerpt":"\u00a1El nombre del Paquete de Limpieza Profunda habla por s\u00ed mismo! El PAQUETE DE LIMPIEZA PROFUNDA incluye: Limpieza de demonios (s\u00f3lo en ingl\u00e9s) Creando y Recibiendo con las Entidades Desbloqueando tus Habilidades con las Entidades Entidades de la Tierra Limpieza de Espacios para Casas, Edificios y Terrenos Dinero Ven de\u2026","rel":"","context":"Entrada similar","block_context":{"text":"Entrada similar","link":""},"img":{"alt_text":"","src":"https:\/\/i0.wp.com\/multiofertasvip.com\/wp-content\/uploads\/2023\/12\/PAQUETE-DE-LIMPIEZA.png?fit=200%2C200&ssl=1&resize=350%2C200","width":350,"height":200},"classes":[]},{"id":30699,"url":"https:\/\/multiofertasvip.com\/?product=entidades-de-la-tierra-shannon-ohara","url_meta":{"origin":33329,"position":4},"title":"Entidades de la Tierra Shannon Ohara","author":"multiofertasvip","date":"diciembre 12, 2023","format":false,"excerpt":"Autor:\u00a0Shannon Ohara Formatos:\u00a0mp3 (audio), pdf (ebook) El producto contiene: Audio de introducci\u00f3n respecto a como usar las grabaciones de audio de procesos Explicaci\u00f3n del enunciado aclarador. Grabaci\u00f3n de procesos en audio para escuchar en loop (bucle) en mp3","rel":"","context":"Entrada similar","block_context":{"text":"Entrada similar","link":""},"img":{"alt_text":"","src":"https:\/\/i0.wp.com\/multiofertasvip.com\/wp-content\/uploads\/2023\/01\/Spanish-Entities-of-the-Earth-e1545990877593.jpg?fit=200%2C200&ssl=1&resize=350%2C200","width":350,"height":200},"classes":[]},{"id":35295,"url":"https:\/\/multiofertasvip.com\/?product=reprogramacion-subconsciente-esencia-academy","url_meta":{"origin":33329,"position":5},"title":"Reprogramaci\u00f3n Subconsciente Esencia Academy","author":"multiofertasvip","date":"abril 2, 2026","format":false,"excerpt":"\u00a0 \u00a0 \u00a0 \u00a0 \u00a0 \u00a0 \u00a0","rel":"","context":"Entrada similar","block_context":{"text":"Entrada similar","link":""},"img":{"alt_text":"Reprogramaci\u00f3n Subconsciente","src":"https:\/\/i0.wp.com\/cursoslux.com\/wp-content\/uploads\/2026\/03\/reprogramacion-subconsciente.jpg?resize=350%2C200&ssl=1","width":350,"height":200},"classes":[]}],"jetpack_sharing_enabled":false,"jetpack_likes_enabled":false,"_links":{"self":[{"href":"https:\/\/multiofertasvip.com\/index.php?rest_route=\/wp\/v2\/product\/33329","targetHints":{"allow":["GET"]}}],"collection":[{"href":"https:\/\/multiofertasvip.com\/index.php?rest_route=\/wp\/v2\/product"}],"about":[{"href":"https:\/\/multiofertasvip.com\/index.php?rest_route=\/wp\/v2\/types\/product"}],"version-history":[{"count":3,"href":"https:\/\/multiofertasvip.com\/index.php?rest_route=\/wp\/v2\/product\/33329\/revisions"}],"predecessor-version":[{"id":33334,"href":"https:\/\/multiofertasvip.com\/index.php?rest_route=\/wp\/v2\/product\/33329\/revisions\/33334"}],"wp:featuredmedia":[{"embeddable":true,"href":"https:\/\/multiofertasvip.com\/index.php?rest_route=\/wp\/v2\/media\/33331"}],"wp:attachment":[{"href":"https:\/\/multiofertasvip.com\/index.php?rest_route=%2Fwp%2Fv2%2Fmedia&parent=33329"}],"wp:term":[{"taxonomy":"product_brand","embeddable":true,"href":"https:\/\/multiofertasvip.com\/index.php?rest_route=%2Fwp%2Fv2%2Fproduct_brand&post=33329"},{"taxonomy":"product_cat","embeddable":true,"href":"https:\/\/multiofertasvip.com\/index.php?rest_route=%2Fwp%2Fv2%2Fproduct_cat&post=33329"},{"taxonomy":"product_tag","embeddable":true,"href":"https:\/\/multiofertasvip.com\/index.php?rest_route=%2Fwp%2Fv2%2Fproduct_tag&post=33329"}],"curies":[{"name":"wp","href":"https:\/\/api.w.org\/{rel}","templated":true}]}}