{"id":33291,"date":"2024-11-05T12:14:22","date_gmt":"2024-11-05T17:44:22","guid":{"rendered":"https:\/\/multiofertasvip.com\/?post_type=product&#038;p=33291"},"modified":"2025-11-04T16:55:37","modified_gmt":"2025-11-04T22:25:37","slug":"taller-perdidas-economicas-1-yuen-guadalajara","status":"publish","type":"product","link":"https:\/\/multiofertasvip.com\/?product=taller-perdidas-economicas-1-yuen-guadalajara","title":{"rendered":"Taller Perdidas Economicas 1-Yuen Guadalajara"},"content":{"rendered":"<p><span class=\"x1lliihq\"><strong class=\"_ao3e selectable-text copyable-text\" data-app-text-template=\"*${appText}*\">Incluye:<\/strong> <\/span> <span class=\"x1lliihq\"><img decoding=\"async\" class=\"b6 emoji wa _ao3e selectable-text copyable-text\" tabindex=\"-1\" draggable=\"false\" src=\"data:image\/gif;base64,R0lGODlhAQABAIAAAAAAAP\/\/\/yH5BAEAAAAALAAAAAABAAEAAAIBRAA7\" alt=\"\u2705\" crossorigin=\"anonymous\" data-plain-text=\"\u2705\" \/><\/span><\/p>\n<p><span class=\"x1lliihq\"> Grabaci\u00f3n en audio formato mp3 <\/span><\/p>\n<p><span class=\"x1lliihq\">Grabaci\u00f3n en Video <\/span><\/p>\n<p><span class=\"x1lliihq\">Manual<\/span><\/p>\n<p><span class=\"x1lliihq\">Con este taller daremos un paso m\u00e1s a borrar el efecto de todas las p\u00e9rdidas econ\u00f3micas que nos hemos enfrentado en esta y en otras vidas. <\/span> <span class=\"x1lliihq\">Abordaremos las situaciones donde se pudo generar una p\u00e9rdida como: <\/span><\/p>\n<p><span class=\"x1lliihq\">Desastres naturales<\/span><\/p>\n<p><span class=\"x1lliihq\">Trabajos<\/span><\/p>\n<p><span class=\"x1lliihq\">Negocios<\/span><\/p>\n<p><span class=\"x1lliihq\">Inversiones<\/span><\/p>\n<p><span class=\"x1lliihq\">Desempleo<\/span><\/p>\n<p><span class=\"x1lliihq\">Robos<\/span><\/p>\n<p><span class=\"x1lliihq\">Abusos<\/span><\/p>\n<p><span class=\"x1lliihq\">Ventas<\/span><\/p>\n<p><span class=\"x1lliihq\">Imprevistos de Salud <\/span><\/p>\n<p><span class=\"x1lliihq\">Maleficios<\/span><\/p>\n<p><span class=\"x1lliihq\">Entre otras\u2026 <\/span><\/p>\n<p><span class=\"x1lliihq\">Si tienes esta energ\u00eda es cuesti\u00f3n de tiempo y de alg\u00fan detonante para que se activen y generen caos. <\/span> <span class=\"\">Muchas veces somos atra\u00eddos a situaciones de p\u00e9rdida por estas mismas experiencias o memorias que ya traemos o incluso las nuevas que son enviadas a nosotros a trav\u00e9s de envidia, de trabajos energ\u00e9ticos o de otra forma de rituales.<\/span><\/p>\n","protected":false},"excerpt":{"rendered":"<p>Incluye: Grabaci\u00f3n en audio formato mp3 Grabaci\u00f3n en Video Manual Con este taller daremos un paso m\u00e1s a borrar el efecto de todas las p\u00e9rdidas econ\u00f3micas que nos hemos enfrentado en esta y en otras vidas. Abordaremos las situaciones donde se pudo generar una p\u00e9rdida como: Desastres naturales Trabajos Negocios Inversiones Desempleo Robos Abusos Ventas [&#8230;]\n","protected":false},"featured_media":33293,"template":"","meta":{"_monsterinsights_skip_tracking":false,"_monsterinsights_sitenote_active":false,"_monsterinsights_sitenote_note":"","_monsterinsights_sitenote_category":0,"jetpack_post_was_ever_published":false,"jetpack_publicize_message":"","jetpack_publicize_feature_enabled":true,"jetpack_social_post_already_shared":true,"jetpack_social_options":{"image_generator_settings":{"template":"highway","default_image_id":0,"font":"","enabled":false},"version":2}},"product_brand":[],"product_cat":[87],"product_tag":[263,142,260,211,254,119,251,215,257,249,243,230,182,226,253,236,229,143,228,232,258,234,262,239,220,265,219,225,240,238,140,242,235,244,266,267,248,210,245,212,250,227,255,264,252,217,216,233,261,73,237,231,247,221,246,222,223,224,259,241,256,218,213,214,53],"class_list":{"0":"post-33291","1":"product","2":"type-product","3":"status-publish","4":"has-post-thumbnail","6":"product_cat-metodo-yuen","7":"product_tag-animales","8":"product_tag-avanzado","9":"product_tag-biden","10":"product_tag-billetes","11":"product_tag-bitcoin","12":"product_tag-carrera","13":"product_tag-china","14":"product_tag-christopher-olivarrieta","15":"product_tag-cine","16":"product_tag-coranavirus","17":"product_tag-cultura","18":"product_tag-cursos","19":"product_tag-dinero","20":"product_tag-dios","21":"product_tag-dolar","22":"product_tag-enric-corbera","23":"product_tag-ensenanza-en-casa","24":"product_tag-entidades","25":"product_tag-escuela","26":"product_tag-especialidad","27":"product_tag-estrenos","28":"product_tag-estudios","29":"product_tag-facebook","30":"product_tag-famosos","31":"product_tag-free","32":"product_tag-gatos","33":"product_tag-gratis","34":"product_tag-guerra","35":"product_tag-humor","36":"product_tag-internet","37":"product_tag-jose-palomo","38":"product_tag-juegos","39":"product_tag-lavin","40":"product_tag-manga","41":"product_tag-mercado-libre","42":"product_tag-mercado-pago","43":"product_tag-meteorologia","44":"product_tag-moneda","45":"product_tag-musica","46":"product_tag-nuevo","47":"product_tag-omnicron","48":"product_tag-oracion","49":"product_tag-peliculas","50":"product_tag-perros","51":"product_tag-peso","52":"product_tag-porn","53":"product_tag-porno","54":"product_tag-profesional","55":"product_tag-putin","56":"product_tag-salud","57":"product_tag-sexo","58":"product_tag-talleres","59":"product_tag-television","60":"product_tag-terapias","61":"product_tag-trabajo","62":"product_tag-ucrania","63":"product_tag-ukrania","64":"product_tag-usa","65":"product_tag-vacuna","66":"product_tag-viajes","67":"product_tag-videos","68":"product_tag-xxx","69":"product_tag-youtube","70":"product_tag-youtube-yuen-guadalajara","71":"product_tag-yuen","73":"first","74":"instock","75":"downloadable","76":"virtual","77":"purchasable","78":"product-type-simple"},"jetpack_publicize_connections":[],"jetpack-related-posts":[{"id":33449,"url":"https:\/\/multiofertasvip.com\/?product=taller-yuen-guadalajara-perdidas-economicas-ii","url_meta":{"origin":33291,"position":0},"title":"Taller Yuen Guadalajara-Perdidas Economicas II","author":"multiofertasvip","date":"diciembre 1, 2024","format":false,"excerpt":"Incluye: Grabaci\u00f3n en audio formato mp3 Grabaci\u00f3n en Video Manual Continuaremos haciendo conciencia y borrando esas memorias de p\u00e9rdidas que est\u00e1n a un nivel m\u00e1s profundo, casi in detectable que nos han atra\u00eddo pobreza y estancamiento econ\u00f3mico a ti y a tu familia. Con este taller daremos un paso m\u00e1s\u2026","rel":"","context":"Entrada similar","block_context":{"text":"Entrada similar","link":""},"img":{"alt_text":"","src":"https:\/\/i0.wp.com\/multiofertasvip.com\/wp-content\/uploads\/2024\/12\/perdidas-economicas-2.png?fit=200%2C200&ssl=1&resize=350%2C200","width":350,"height":200},"classes":[]},{"id":33134,"url":"https:\/\/multiofertasvip.com\/?product=taller-de-metodo-yuen-soluciones-a-problemas-de-lentitud-fisicos-mentales-economicos-y-espirituales","url_meta":{"origin":33291,"position":1},"title":"Taller de M\u00e9todo Yuen: Soluciones a Problemas de Lentitud F\u00edsicos, Mentales, Econ\u00f3micos y Espirituales","author":"multiofertasvip","date":"agosto 23, 2024","format":false,"excerpt":"Incluye: Grabaci\u00f3n en audio formato mp3 Grabaci\u00f3n en Video Manual En este taller corregiremos memorias, programas o impresiones relacionadas a la velocidad, ya sea de rapidez o de lentitud. Abordaremos la neutralidad ante lo r\u00e1pido y lo no r\u00e1pido y los impactos que tienen en todos los aspectos de tu\u2026","rel":"","context":"Entrada similar","block_context":{"text":"Entrada similar","link":""},"img":{"alt_text":"","src":"https:\/\/i0.wp.com\/multiofertasvip.com\/wp-content\/uploads\/2024\/08\/lentitud.jpg?fit=200%2C200&ssl=1&resize=350%2C200","width":350,"height":200},"classes":[]},{"id":30310,"url":"https:\/\/multiofertasvip.com\/?product=metodo-yuen-guadalajara-taller-muerte-luto-perdidas","url_meta":{"origin":33291,"position":2},"title":"M\u00e9todo Yuen Guadalajara &#8211; Taller  Muerte-Luto-Perdidas","author":"multiofertasvip","date":"mayo 7, 2022","format":false,"excerpt":"\u00a0 \u00a0 \u00a0 \u00a0 \u00a0 \u00a0 \u00a0","rel":"","context":"Entrada similar","block_context":{"text":"Entrada similar","link":""},"img":{"alt_text":"","src":"https:\/\/i0.wp.com\/multiofertasvip.com\/wp-content\/uploads\/2022\/05\/talleres.jpg?fit=200%2C200&ssl=1&resize=350%2C200","width":350,"height":200},"classes":[]},{"id":33688,"url":"https:\/\/multiofertasvip.com\/?product=taller-resistencia-para-cambiar-yuen-guadalajara","url_meta":{"origin":33291,"position":3},"title":"Taller Resistencia para Cambiar-Yuen Guadalajara","author":"multiofertasvip","date":"marzo 11, 2025","format":false,"excerpt":"Incluye: \u2705 Grabaci\u00f3n en audio formato mp3 \u2705 Grabaci\u00f3n en Video \u2705Manual de fortalecimientos Este taller est\u00e1 lleno de fortalecimientos, de comandos, instrucciones, \u00f3rdenes o afirmaciones que est\u00e1n enfocadas en eliminar toda dificultad para CAMBIAR. \ud83c\udd98\u00bfC\u00f3mo s\u00e9 que tengo dificultades para cambiar? \ud83d\udccdSi cada que viene un cambio de clima\u2026","rel":"","context":"Entrada similar","block_context":{"text":"Entrada similar","link":""},"img":{"alt_text":"","src":"https:\/\/i0.wp.com\/multiofertasvip.com\/wp-content\/uploads\/2025\/03\/resistencias.png?fit=200%2C200&ssl=1&resize=350%2C200","width":350,"height":200},"classes":[]},{"id":30043,"url":"https:\/\/multiofertasvip.com\/?product=metodo-yuen-guadalajara-taller-rendimiento-fisico-2","url_meta":{"origin":33291,"position":4},"title":"M\u00e9todo Yuen Guadalajara &#8211; Taller el efecto de las p\u00e9rdidas","author":"multiofertasvip","date":"octubre 18, 2021","format":false,"excerpt":"\u00a0 \u00a0 \u00a0 \u00a0 \u00a0 \u00a0 \u00a0","rel":"","context":"Entrada similar","block_context":{"text":"Entrada similar","link":""},"img":{"alt_text":"","src":"https:\/\/i0.wp.com\/multiofertasvip.com\/wp-content\/uploads\/2021\/10\/metodo-yuen-guadalajara-taller-el-efecto-de-las-perdidas.jpg?fit=200%2C200&ssl=1&resize=350%2C200","width":350,"height":200},"classes":[]},{"id":33581,"url":"https:\/\/multiofertasvip.com\/?product=taller-de-rupturas-yuen-guadalajara","url_meta":{"origin":33291,"position":5},"title":"Taller de Rupturas-Yuen Guadalajara","author":"multiofertasvip","date":"enero 29, 2025","format":false,"excerpt":"*Incluye:* \u2705 Grabaci\u00f3n en audio formato mp3 \u2705 Grabaci\u00f3n en Video \u2705Manual de fortalecimientos Porque hago este taller? Est\u00e1 por \u201cterminar\u201d el a\u00f1o y est\u00e1 es una excelente energ\u00eda para resolver antes de \u201ciniciar\u201d el 2025. El t\u00e9rmino de \u201cterminar \u201c tambi\u00e9n lo asociamos a las \u201crupturas\u201d m\u00ed intuici\u00f3n me\u2026","rel":"","context":"Entrada similar","block_context":{"text":"Entrada similar","link":""},"img":{"alt_text":"","src":"https:\/\/i0.wp.com\/multiofertasvip.com\/wp-content\/uploads\/2025\/01\/rupturas.jpg?fit=200%2C200&ssl=1&resize=350%2C200","width":350,"height":200},"classes":[]}],"jetpack_sharing_enabled":false,"jetpack_likes_enabled":false,"_links":{"self":[{"href":"https:\/\/multiofertasvip.com\/index.php?rest_route=\/wp\/v2\/product\/33291","targetHints":{"allow":["GET"]}}],"collection":[{"href":"https:\/\/multiofertasvip.com\/index.php?rest_route=\/wp\/v2\/product"}],"about":[{"href":"https:\/\/multiofertasvip.com\/index.php?rest_route=\/wp\/v2\/types\/product"}],"version-history":[{"count":2,"href":"https:\/\/multiofertasvip.com\/index.php?rest_route=\/wp\/v2\/product\/33291\/revisions"}],"predecessor-version":[{"id":34557,"href":"https:\/\/multiofertasvip.com\/index.php?rest_route=\/wp\/v2\/product\/33291\/revisions\/34557"}],"wp:featuredmedia":[{"embeddable":true,"href":"https:\/\/multiofertasvip.com\/index.php?rest_route=\/wp\/v2\/media\/33293"}],"wp:attachment":[{"href":"https:\/\/multiofertasvip.com\/index.php?rest_route=%2Fwp%2Fv2%2Fmedia&parent=33291"}],"wp:term":[{"taxonomy":"product_brand","embeddable":true,"href":"https:\/\/multiofertasvip.com\/index.php?rest_route=%2Fwp%2Fv2%2Fproduct_brand&post=33291"},{"taxonomy":"product_cat","embeddable":true,"href":"https:\/\/multiofertasvip.com\/index.php?rest_route=%2Fwp%2Fv2%2Fproduct_cat&post=33291"},{"taxonomy":"product_tag","embeddable":true,"href":"https:\/\/multiofertasvip.com\/index.php?rest_route=%2Fwp%2Fv2%2Fproduct_tag&post=33291"}],"curies":[{"name":"wp","href":"https:\/\/api.w.org\/{rel}","templated":true}]}}