{"id":33251,"date":"2024-10-07T12:36:03","date_gmt":"2024-10-07T18:06:03","guid":{"rendered":"https:\/\/multiofertasvip.com\/?post_type=product&#038;p=33251"},"modified":"2024-10-07T13:47:31","modified_gmt":"2024-10-07T19:17:31","slug":"ventas-cuanticas-dinero-paula-andrea-gil","status":"publish","type":"product","link":"https:\/\/multiofertasvip.com\/?product=ventas-cuanticas-dinero-paula-andrea-gil","title":{"rendered":"Ventas cu\u00e1nticas -Paula Andrea Gil"},"content":{"rendered":"<div class=\"x11i5rnm xat24cr x1mh8g0r x1vvkbs xtlvy1s x126k92a\">\n<div dir=\"auto\"><span class=\"html-span xexx8yu x4uap5 x18d9i69 xkhd6sd x1hl2dhg x16tdsg8 x1vvkbs x3nfvp2 x1j61x8r x1fcty0u xdj266r xat24cr xgzva0m xhhsvwb xxymvpz xlup9mm x1kky2od\"><img decoding=\"async\" class=\"xz74otr\" src=\"https:\/\/static.xx.fbcdn.net\/images\/emoji.php\/v9\/td9\/1\/16\/1f575_200d_2640.png\" alt=\"\ud83d\udd75\ufe0f\u200d\u2640\ufe0f\" width=\"16\" height=\"16\" \/><\/span>\u00bfTe gustar\u00eda vender con m\u00e1s facilidad?<\/div>\n<\/div>\n<div class=\"x11i5rnm xat24cr x1mh8g0r x1vvkbs xtlvy1s x126k92a\">\n<div dir=\"auto\"><span class=\"html-span xexx8yu x4uap5 x18d9i69 xkhd6sd x1hl2dhg x16tdsg8 x1vvkbs x3nfvp2 x1j61x8r x1fcty0u xdj266r xat24cr xgzva0m xhhsvwb xxymvpz xlup9mm x1kky2od\"><img decoding=\"async\" class=\"xz74otr\" src=\"https:\/\/static.xx.fbcdn.net\/images\/emoji.php\/v9\/t89\/1\/16\/1f342.png\" alt=\"\ud83c\udf42\" width=\"16\" height=\"16\" \/><\/span>\u00bfTe gustan las ventas y quieres incrementar tus resultados?<\/div>\n<\/div>\n<div class=\"x11i5rnm xat24cr x1mh8g0r x1vvkbs xtlvy1s x126k92a\">\n<div dir=\"auto\"><span class=\"html-span xexx8yu x4uap5 x18d9i69 xkhd6sd x1hl2dhg x16tdsg8 x1vvkbs x3nfvp2 x1j61x8r x1fcty0u xdj266r xat24cr xgzva0m xhhsvwb xxymvpz xlup9mm x1kky2od\"><img decoding=\"async\" class=\"xz74otr\" src=\"https:\/\/static.xx.fbcdn.net\/images\/emoji.php\/v9\/tfb\/1\/16\/1f5e3.png\" alt=\"\ud83d\udde3\ufe0f\" width=\"16\" height=\"16\" \/><\/span>\u00bfOfreces productos o servicios maravillosos y pese a eso las personas no te compran o te compran poco?\u2014 con <span class=\"html-span xdj266r x11i5rnm xat24cr x1mh8g0r xexx8yu x4uap5 x18d9i69 xkhd6sd x1hl2dhg x16tdsg8 x1vvkbs\"><a class=\"x1i10hfl xjbqb8w x1ejq31n xd10rxx x1sy0etr x17r0tee x972fbf xcfux6l x1qhh985 xm0m39n x9f619 x1ypdohk xt0psk2 xe8uvvx xdj266r x11i5rnm xat24cr x1mh8g0r xexx8yu x4uap5 x18d9i69 xkhd6sd x16tdsg8 x1hl2dhg xggy1nq x1a2a7pz x1sur9pj xkrqix3 xzsf02u x1s688f\" tabindex=\"0\" role=\"link\" href=\"https:\/\/www.facebook.com\/groups\/553098515093080\/user\/586943789\/?__cft__[0]=AZVGgmO7M1JLE4xABYuakQwcOnkqumWtmoq4Rygw4KGCfXSaHMn8MZDav7RfLZ64WjgyHl8px2re6DzrEH3ARlMwA64rGRnHw-rzVmb7YscKWsUrzL9C7JyuZzRA7FGO_5gdWputqEwjQaihBDWgzhxWbTvvLEKq4h5nU3sprPN1Ota-_qbPvdfXdJZlYG6NGk6SMrfG5X9HshyHs060xLXK&amp;__tn__=-]K-R\"><span class=\"xt0psk2\">Paula Andrea Gil Aguirre<\/span><\/a><\/span>.<\/div>\n<\/div>\n<div class=\"x11i5rnm xat24cr x1mh8g0r x1vvkbs xtlvy1s x126k92a\">\n<div dir=\"auto\"><span class=\"html-span xexx8yu x4uap5 x18d9i69 xkhd6sd x1hl2dhg x16tdsg8 x1vvkbs x3nfvp2 x1j61x8r x1fcty0u xdj266r xat24cr xgzva0m xhhsvwb xxymvpz xlup9mm x1kky2od\"><img loading=\"lazy\" decoding=\"async\" class=\"xz74otr\" src=\"https:\/\/static.xx.fbcdn.net\/images\/emoji.php\/v9\/tb\/1\/16\/1f300.png\" alt=\"\ud83c\udf00\" width=\"16\" height=\"16\" \/><\/span>Como seria aprender herramientas energeticas que te permitan tener mucha m\u00e1s facilidad con las ventas y que te permitan vender m\u00e1s all\u00e1 de esta realidad.<\/div>\n<\/div>\n<div class=\"x11i5rnm xat24cr x1mh8g0r x1vvkbs xtlvy1s x126k92a\">\n<div dir=\"auto\">Si quieres aprender otras herramientas energeticas para las ventas, esta clase puede ser una contribuci\u00f3n para ti.<\/div>\n<\/div>\n","protected":false},"excerpt":{"rendered":"<p>\u00bfTe gustar\u00eda vender con m\u00e1s facilidad? \u00bfTe gustan las ventas y quieres incrementar tus resultados? \u00bfOfreces productos o servicios maravillosos y pese a eso las personas no te compran o te compran poco?\u2014 con Paula Andrea Gil Aguirre. Como seria aprender herramientas energeticas que te permitan tener mucha m\u00e1s facilidad con las ventas y que [&#8230;]\n","protected":false},"featured_media":33253,"template":"","meta":{"_monsterinsights_skip_tracking":false,"_monsterinsights_sitenote_active":false,"_monsterinsights_sitenote_note":"","_monsterinsights_sitenote_category":0,"jetpack_post_was_ever_published":false,"jetpack_publicize_message":"","jetpack_publicize_feature_enabled":true,"jetpack_social_post_already_shared":true,"jetpack_social_options":{"image_generator_settings":{"template":"highway","default_image_id":0,"font":"","enabled":false},"version":2}},"product_brand":[],"product_cat":[32],"product_tag":[263,142,260,211,254,119,251,215,257,249,243,230,182,226,253,236,229,143,228,232,258,234,262,239,220,265,219,225,240,238,140,242,235,244,266,267,248,210,245,212,250,227,255,264,252,217,216,233,261,73,237,231,247,221,246,222,223,224,259,241,256,218,213,214,53],"class_list":{"0":"post-33251","1":"product","2":"type-product","3":"status-publish","4":"has-post-thumbnail","6":"product_cat-sanacion","7":"product_tag-animales","8":"product_tag-avanzado","9":"product_tag-biden","10":"product_tag-billetes","11":"product_tag-bitcoin","12":"product_tag-carrera","13":"product_tag-china","14":"product_tag-christopher-olivarrieta","15":"product_tag-cine","16":"product_tag-coranavirus","17":"product_tag-cultura","18":"product_tag-cursos","19":"product_tag-dinero","20":"product_tag-dios","21":"product_tag-dolar","22":"product_tag-enric-corbera","23":"product_tag-ensenanza-en-casa","24":"product_tag-entidades","25":"product_tag-escuela","26":"product_tag-especialidad","27":"product_tag-estrenos","28":"product_tag-estudios","29":"product_tag-facebook","30":"product_tag-famosos","31":"product_tag-free","32":"product_tag-gatos","33":"product_tag-gratis","34":"product_tag-guerra","35":"product_tag-humor","36":"product_tag-internet","37":"product_tag-jose-palomo","38":"product_tag-juegos","39":"product_tag-lavin","40":"product_tag-manga","41":"product_tag-mercado-libre","42":"product_tag-mercado-pago","43":"product_tag-meteorologia","44":"product_tag-moneda","45":"product_tag-musica","46":"product_tag-nuevo","47":"product_tag-omnicron","48":"product_tag-oracion","49":"product_tag-peliculas","50":"product_tag-perros","51":"product_tag-peso","52":"product_tag-porn","53":"product_tag-porno","54":"product_tag-profesional","55":"product_tag-putin","56":"product_tag-salud","57":"product_tag-sexo","58":"product_tag-talleres","59":"product_tag-television","60":"product_tag-terapias","61":"product_tag-trabajo","62":"product_tag-ucrania","63":"product_tag-ukrania","64":"product_tag-usa","65":"product_tag-vacuna","66":"product_tag-viajes","67":"product_tag-videos","68":"product_tag-xxx","69":"product_tag-youtube","70":"product_tag-youtube-yuen-guadalajara","71":"product_tag-yuen","73":"first","74":"instock","75":"downloadable","76":"virtual","77":"purchasable","78":"product-type-simple"},"jetpack_publicize_connections":[],"jetpack-related-posts":[{"id":34220,"url":"https:\/\/multiofertasvip.com\/?product=muestra-grupal-cirugias-cuanticas-potencializa-tus-ventas-paula-gil","url_meta":{"origin":33251,"position":0},"title":"Muestra Grupal Cirug\u00edas Cu\u00e1nticas Potencializa tus Ventas-Paula Gil","author":"multiofertasvip","date":"septiembre 11, 2025","format":false,"excerpt":"\u2728 Potencializa tus ventas desde el campo cu\u00e1ntico. \u00bfY si tus ventas no dependieran de estrategias ni f\u00f3rmulas externas, sino de la energ\u00eda y la informaci\u00f3n que puedes ser? \u00bfY si pudieras cambiar esa informaci\u00f3n y esa energ\u00eda para recibir m\u00e1s clientes, m\u00e1s dinero y m\u00e1s ventas? En esta muestra\u2026","rel":"","context":"Entrada similar","block_context":{"text":"Entrada similar","link":""},"img":{"alt_text":"","src":"https:\/\/i0.wp.com\/multiofertasvip.com\/wp-content\/uploads\/2025\/08\/potencializa-tus-ventas-1.png?fit=200%2C200&ssl=1&resize=350%2C200","width":350,"height":200},"classes":[]},{"id":33225,"url":"https:\/\/multiofertasvip.com\/?product=cirugias-cuanticas-nivel-1-paula-andrea-gil","url_meta":{"origin":33251,"position":1},"title":"Cirug\u00edas Cu\u00e1nticas Nivel 1-Paula Andrea Gil","author":"multiofertasvip","date":"octubre 4, 2024","format":false,"excerpt":"\u00bfTe gusta la energ\u00eda, tienes habilidades con la energ\u00eda o quieres aprenderlas para ti o para aplicarlas en alguien m\u00e1s? \u00a1Tenemos una posibilidad grandiosa con las cirug\u00edas cu\u00e1nticas! Las cirug\u00edas cu\u00e1nticas son una t\u00e9cnica de regeneraci\u00f3n a nivel cu\u00e1ntico que permite lograr much\u00edsimos beneficios en el cuerpo. Las part\u00edculas cu\u00e1nticas\u2026","rel":"","context":"Entrada similar","block_context":{"text":"Entrada similar","link":""},"img":{"alt_text":"","src":"https:\/\/i0.wp.com\/multiofertasvip.com\/wp-content\/uploads\/2024\/10\/Cirugias-Cuanticas.jpeg?fit=200%2C200&ssl=1&resize=350%2C200","width":350,"height":200},"classes":[]},{"id":33323,"url":"https:\/\/multiofertasvip.com\/?product=escuela-de-mutantes-%c2%b7-habilidades-psiquicas-paula-andrea-gil","url_meta":{"origin":33251,"position":2},"title":"Escuela de Mutantes \u00b7 Habilidades Ps\u00edquicas-Paula Andrea Gil","author":"multiofertasvip","date":"noviembre 24, 2024","format":false,"excerpt":"\u00bfTe gusta la f\u00edsica cuantica? \u00bfTe gusta la energ\u00eda? \u00bfTe gustan los super h\u00e9roes y sus super poderes? \u00bfTe gustar\u00eda desarrollar o potencializar tus habilidades psiquicas o tus habilidades con energia ? \u00bfTe gustar\u00eda trabajar con la energ\u00eda y con las part\u00edculas cu\u00e1nticas? \u00bfTe gustar\u00eda percibir informaci\u00f3n de la energ\u00eda\u2026","rel":"","context":"Entrada similar","block_context":{"text":"Entrada similar","link":""},"img":{"alt_text":"","src":"https:\/\/i0.wp.com\/multiofertasvip.com\/wp-content\/uploads\/2024\/11\/mutantes-1.png?fit=200%2C200&ssl=1&resize=350%2C200","width":350,"height":200},"classes":[]},{"id":33451,"url":"https:\/\/multiofertasvip.com\/?product=escuela-de-mutantes-%c2%b7-reload-paula-andrea-gil","url_meta":{"origin":33251,"position":3},"title":"Escuela de Mutantes \u00b7 Reload-Paula Andrea Gil","author":"multiofertasvip","date":"diciembre 1, 2024","format":false,"excerpt":"\u00bfTe gusta la f\u00edsica cu\u00e1ntica?\u00bfTe gustan los superh\u00e9roes y sus super poderes?.\u00bfTe gustar\u00eda descubrir las habilidades m\u00e1s all\u00e1 de esta realidad que tiene tu cuerpo y tu cerebro?\u00bfTe gustar\u00eda crear en otras dimensiones y realidades?\u00bfTe gustar\u00eda tener herramientas para crear m\u00e1s all\u00e1 de esta realidad?\u00bfCu\u00e1ntas habilidades con el tiempo puedes\u2026","rel":"","context":"Entrada similar","block_context":{"text":"Entrada similar","link":""},"img":{"alt_text":"","src":"https:\/\/i0.wp.com\/multiofertasvip.com\/wp-content\/uploads\/2024\/11\/reload.jpg?fit=200%2C200&ssl=1&resize=350%2C200","width":350,"height":200},"classes":[]},{"id":33247,"url":"https:\/\/multiofertasvip.com\/?product=muestra-grupal-cirugias-cuanticas-dinero-paula-andrea-gil","url_meta":{"origin":33251,"position":4},"title":"Muestra Grupal Cirug\u00edas cu\u00e1nticas Dinero-Paula Andrea Gil","author":"multiofertasvip","date":"septiembre 11, 2025","format":false,"excerpt":"Cirug\u00edas cu\u00e1nticas es una posibilidad grandiosa de cambiar tu realidad energ\u00e9tica en cualquier \u00e1rea. \u00bfTe gustar\u00eda experimentar una sesi\u00f3n grupal de cirug\u00edas para el dinero? \u00bfQu\u00e9 tal cambiar todo lo que hay a nivel cu\u00e1ntico que no te est\u00e1 permitiendo crear, recibir o tener m\u00e1s dinero?","rel":"","context":"Entrada similar","block_context":{"text":"Entrada similar","link":""},"img":{"alt_text":"","src":"https:\/\/i0.wp.com\/multiofertasvip.com\/wp-content\/uploads\/2024\/10\/muestra-grupal.png?fit=200%2C200&ssl=1&resize=350%2C200","width":350,"height":200},"classes":[]},{"id":33273,"url":"https:\/\/multiofertasvip.com\/?product=muestra-grupal-cirugias-cuanticas-bye-bye-perdidas-paula-andrea-gil","url_meta":{"origin":33251,"position":5},"title":"Muestra Grupal Cirug\u00edas Cu\u00e1nticas Bye Bye P\u00e9rdidas -Paula Andrea Gil","author":"multiofertasvip","date":"septiembre 11, 2025","format":false,"excerpt":"Cirug\u00edas cu\u00e1nticas\u00a0es una posibilidad grandiosa de cambiar tu realidad energ\u00e9tica en cualquier \u00e1rea. \u00bfTienes un patr\u00f3n energ\u00e9tico de perder dinero? . \u00bfEn los negocios pierdes dinero?, \u00bfO en tu vida cotidiana el dinero no te rinde, se te desaparece y se va m\u00e1s r\u00e1pido de lo pensado o en inversiones\u2026","rel":"","context":"Entrada similar","block_context":{"text":"Entrada similar","link":""},"img":{"alt_text":"","src":"https:\/\/i0.wp.com\/multiofertasvip.com\/wp-content\/uploads\/2024\/10\/PERDIDAS.jpg?fit=200%2C200&ssl=1&resize=350%2C200","width":350,"height":200},"classes":[]}],"jetpack_sharing_enabled":false,"jetpack_likes_enabled":false,"_links":{"self":[{"href":"https:\/\/multiofertasvip.com\/index.php?rest_route=\/wp\/v2\/product\/33251","targetHints":{"allow":["GET"]}}],"collection":[{"href":"https:\/\/multiofertasvip.com\/index.php?rest_route=\/wp\/v2\/product"}],"about":[{"href":"https:\/\/multiofertasvip.com\/index.php?rest_route=\/wp\/v2\/types\/product"}],"version-history":[{"count":2,"href":"https:\/\/multiofertasvip.com\/index.php?rest_route=\/wp\/v2\/product\/33251\/revisions"}],"predecessor-version":[{"id":33255,"href":"https:\/\/multiofertasvip.com\/index.php?rest_route=\/wp\/v2\/product\/33251\/revisions\/33255"}],"wp:featuredmedia":[{"embeddable":true,"href":"https:\/\/multiofertasvip.com\/index.php?rest_route=\/wp\/v2\/media\/33253"}],"wp:attachment":[{"href":"https:\/\/multiofertasvip.com\/index.php?rest_route=%2Fwp%2Fv2%2Fmedia&parent=33251"}],"wp:term":[{"taxonomy":"product_brand","embeddable":true,"href":"https:\/\/multiofertasvip.com\/index.php?rest_route=%2Fwp%2Fv2%2Fproduct_brand&post=33251"},{"taxonomy":"product_cat","embeddable":true,"href":"https:\/\/multiofertasvip.com\/index.php?rest_route=%2Fwp%2Fv2%2Fproduct_cat&post=33251"},{"taxonomy":"product_tag","embeddable":true,"href":"https:\/\/multiofertasvip.com\/index.php?rest_route=%2Fwp%2Fv2%2Fproduct_tag&post=33251"}],"curies":[{"name":"wp","href":"https:\/\/api.w.org\/{rel}","templated":true}]}}