{"id":33239,"date":"2024-10-04T15:32:42","date_gmt":"2024-10-04T21:02:42","guid":{"rendered":"https:\/\/multiofertasvip.com\/?post_type=product&#038;p=33239"},"modified":"2024-10-14T11:44:50","modified_gmt":"2024-10-14T17:14:50","slug":"cirugias-cuanticas-dinero-paula-andrea-gil","status":"publish","type":"product","link":"https:\/\/multiofertasvip.com\/?product=cirugias-cuanticas-dinero-paula-andrea-gil","title":{"rendered":"Cirug\u00edas cu\u00e1nticas Dinero-Paula Andrea Gil"},"content":{"rendered":"<p class=\"p1\">Si ya tomaste la clase avanzada y quieres profundizar en el tema de dinero, tendremos la clase de especialidad de cirug\u00edas cu\u00e1nticas dinero, en el que abordaremos diferentes temas cu\u00e1nticos en relaci\u00f3n con el dinero y tambi\u00e9n veremos las diferentes formas de usar las cirug\u00edas cu\u00e1nticas en este t\u00f3pico para crear una realidad totalmente diferente en este aspecto<\/p>\n","protected":false},"excerpt":{"rendered":"<p>Si ya tomaste la clase avanzada y quieres profundizar en el tema de dinero, tendremos la clase de especialidad de cirug\u00edas cu\u00e1nticas dinero, en el que abordaremos diferentes temas cu\u00e1nticos en relaci\u00f3n con el dinero y tambi\u00e9n veremos las diferentes formas de usar las cirug\u00edas cu\u00e1nticas en este t\u00f3pico para crear una realidad totalmente diferente [&#8230;]\n","protected":false},"featured_media":33242,"template":"","meta":{"_monsterinsights_skip_tracking":false,"_monsterinsights_sitenote_active":false,"_monsterinsights_sitenote_note":"","_monsterinsights_sitenote_category":0,"jetpack_post_was_ever_published":false,"jetpack_publicize_message":"","jetpack_publicize_feature_enabled":true,"jetpack_social_post_already_shared":true,"jetpack_social_options":{"image_generator_settings":{"template":"highway","default_image_id":0,"font":"","enabled":false},"version":2}},"product_brand":[],"product_cat":[32],"product_tag":[263,142,260,211,254,119,251,215,257,249,243,230,182,226,253,236,229,143,228,232,258,234,262,239,220,265,219,225,240,238,140,242,235,244,266,267,248,210,245,212,250,227,255,264,252,217,216,233,261,73,237,231,247,221,246,222,223,224,259,241,256,218,213,214,53],"class_list":{"0":"post-33239","1":"product","2":"type-product","3":"status-publish","4":"has-post-thumbnail","6":"product_cat-sanacion","7":"product_tag-animales","8":"product_tag-avanzado","9":"product_tag-biden","10":"product_tag-billetes","11":"product_tag-bitcoin","12":"product_tag-carrera","13":"product_tag-china","14":"product_tag-christopher-olivarrieta","15":"product_tag-cine","16":"product_tag-coranavirus","17":"product_tag-cultura","18":"product_tag-cursos","19":"product_tag-dinero","20":"product_tag-dios","21":"product_tag-dolar","22":"product_tag-enric-corbera","23":"product_tag-ensenanza-en-casa","24":"product_tag-entidades","25":"product_tag-escuela","26":"product_tag-especialidad","27":"product_tag-estrenos","28":"product_tag-estudios","29":"product_tag-facebook","30":"product_tag-famosos","31":"product_tag-free","32":"product_tag-gatos","33":"product_tag-gratis","34":"product_tag-guerra","35":"product_tag-humor","36":"product_tag-internet","37":"product_tag-jose-palomo","38":"product_tag-juegos","39":"product_tag-lavin","40":"product_tag-manga","41":"product_tag-mercado-libre","42":"product_tag-mercado-pago","43":"product_tag-meteorologia","44":"product_tag-moneda","45":"product_tag-musica","46":"product_tag-nuevo","47":"product_tag-omnicron","48":"product_tag-oracion","49":"product_tag-peliculas","50":"product_tag-perros","51":"product_tag-peso","52":"product_tag-porn","53":"product_tag-porno","54":"product_tag-profesional","55":"product_tag-putin","56":"product_tag-salud","57":"product_tag-sexo","58":"product_tag-talleres","59":"product_tag-television","60":"product_tag-terapias","61":"product_tag-trabajo","62":"product_tag-ucrania","63":"product_tag-ukrania","64":"product_tag-usa","65":"product_tag-vacuna","66":"product_tag-viajes","67":"product_tag-videos","68":"product_tag-xxx","69":"product_tag-youtube","70":"product_tag-youtube-yuen-guadalajara","71":"product_tag-yuen","73":"first","74":"instock","75":"downloadable","76":"virtual","77":"purchasable","78":"product-type-simple"},"jetpack_publicize_connections":[],"jetpack-related-posts":[{"id":33650,"url":"https:\/\/multiofertasvip.com\/?product=cirugias-cuanticas-rejuvenecimiento-paula-gil","url_meta":{"origin":33239,"position":0},"title":"Cirug\u00edas Cu\u00e1nticas Rejuvenecimiento-Paula Gil","author":"multiofertasvip","date":"febrero 13, 2025","format":false,"excerpt":"Si ya has tomado cirug\u00edas cu\u00e1nticas avanzadas y quieres seguir profundizando en diferentes niveles llega la clase de rejuvenecimiento que no solamente est\u00e1 dirigida a que te veas m\u00e1s joven sino a un rejuvenecimiento cu\u00e1ntico y celular de tu cuerpo y tu ser. Hay\u00a0muchos factores que inciden en el tema\u2026","rel":"","context":"Entrada similar","block_context":{"text":"Entrada similar","link":""},"img":{"alt_text":"","src":"https:\/\/i0.wp.com\/multiofertasvip.com\/wp-content\/uploads\/2025\/02\/Rejuvenecimiento.jpeg?fit=200%2C200&ssl=1&resize=350%2C200","width":350,"height":200},"classes":[]},{"id":34737,"url":"https:\/\/multiofertasvip.com\/?product=muestra-grupal-cirugias-cuanticas-crea-mucho-mas-dinero-paula-andrea-gil","url_meta":{"origin":33239,"position":1},"title":"Muestra Grupal Cirug\u00edas Cu\u00e1nticas  Crea Mucho m\u00e1s Dinero-Paula Andrea Gil","author":"multiofertasvip","date":"enero 9, 2026","format":false,"excerpt":"El dinero no es solo papel o n\u00fameros en una cuenta bancaria\u2026\u00a0Es energ\u00eda. Y como toda energ\u00eda,\u00a0responde a la informaci\u00f3n cu\u00e1ntica que hay en tu campo. Si en tu campo cu\u00e1ntico hay informaci\u00f3n de escasez, lucha o sacrificio\u2026 Eso es lo que seguir\u00e1s viviendo con el dinero. Pero, \u00bfqu\u00e9 pasar\u00eda\u2026","rel":"","context":"Entrada similar","block_context":{"text":"Entrada similar","link":""},"img":{"alt_text":"","src":"https:\/\/i0.wp.com\/multiofertasvip.com\/wp-content\/uploads\/2026\/01\/mas-dinero.jpg?fit=200%2C200&ssl=1&resize=350%2C200","width":350,"height":200},"classes":[]},{"id":34381,"url":"https:\/\/multiofertasvip.com\/?product=muestra-grupal-cirugias-cuanticas-limpieza-multidimensional-dinero-paula-gil","url_meta":{"origin":33239,"position":2},"title":"Muestra Grupal Cirug\u00edas Cu\u00e1nticas Limpieza Multidimensional Dinero -Paula Gil","author":"multiofertasvip","date":"septiembre 11, 2025","format":false,"excerpt":"Hay muchas energ\u00edas en diferentes dimensiones, tiempos y espacios que pueden estar afectando el tema del dinero en tu mundo y de las que quiz\u00e1s no eres consciente. Quiz\u00e1s hayas intentado mil cosas desde esta realidad que no te han funcionado o que te han funcionado de forma limitada. Te\u2026","rel":"","context":"Entrada similar","block_context":{"text":"Entrada similar","link":""},"img":{"alt_text":"","src":"https:\/\/i0.wp.com\/multiofertasvip.com\/wp-content\/uploads\/2025\/09\/limpieza-multidimencional-dinero.png?fit=200%2C200&ssl=1&resize=350%2C200","width":350,"height":200},"classes":[]},{"id":33385,"url":"https:\/\/multiofertasvip.com\/?product=cirugia-cuantica-adn-paula-andrea-gil","url_meta":{"origin":33239,"position":3},"title":"Cirugia Cuantica ADN-Paula Andrea Gil","author":"multiofertasvip","date":"noviembre 29, 2024","format":false,"excerpt":"Cirug\u00edas cu\u00e1nticas ADN \u201cEl ADN es un programa El programador eres t\u00fa\u201d Tambi\u00e9n si eres practicante de cirug\u00edas cu\u00e1nticas avanzadas y quieres llevar cirug\u00edas cu\u00e1nticas a otro nivel de potencia y a otro nivel de cambio, este domingo tendremos la clase de cirug\u00edas cu\u00e1nticas ADN. En esta clase no solo\u2026","rel":"","context":"Entrada similar","block_context":{"text":"Entrada similar","link":""},"img":{"alt_text":"","src":"https:\/\/i0.wp.com\/multiofertasvip.com\/wp-content\/uploads\/2024\/11\/CIRUJIAS-CUANTICAS-ADN.png?fit=200%2C200&ssl=1&resize=350%2C200","width":350,"height":200},"classes":[]},{"id":33268,"url":"https:\/\/multiofertasvip.com\/?product=especialidad-cirugias-cuanticas-cerebro-ojos-corazon-paula-andrea-gil","url_meta":{"origin":33239,"position":4},"title":"Especialidad Cirugias Cuanticas-Cerebro-Ojos-Corazon -Paula Andrea Gil","author":"multiofertasvip","date":"octubre 21, 2024","format":false,"excerpt":"Si ya has tomado la clase de cirug\u00edas cu\u00e1nticas y la clase de cirug\u00edas cu\u00e1nticas avanzadas y quieres ir a un nuevo nivel, tenemos esta nueva especialidad de ojos, cerebro y coraz\u00f3n. En donde profundizaremos en miles de posibilidades energ\u00e9ticas para crear una nueva realidad con tu cuerpo.","rel":"","context":"Entrada similar","block_context":{"text":"Entrada similar","link":""},"img":{"alt_text":"","src":"https:\/\/i0.wp.com\/multiofertasvip.com\/wp-content\/uploads\/2024\/10\/Cerebro-Ojos-Corazon.jpeg?fit=200%2C200&ssl=1&resize=350%2C200","width":350,"height":200},"classes":[]},{"id":33225,"url":"https:\/\/multiofertasvip.com\/?product=cirugias-cuanticas-nivel-1-paula-andrea-gil","url_meta":{"origin":33239,"position":5},"title":"Cirug\u00edas Cu\u00e1nticas Nivel 1-Paula Andrea Gil","author":"multiofertasvip","date":"octubre 4, 2024","format":false,"excerpt":"\u00bfTe gusta la energ\u00eda, tienes habilidades con la energ\u00eda o quieres aprenderlas para ti o para aplicarlas en alguien m\u00e1s? \u00a1Tenemos una posibilidad grandiosa con las cirug\u00edas cu\u00e1nticas! Las cirug\u00edas cu\u00e1nticas son una t\u00e9cnica de regeneraci\u00f3n a nivel cu\u00e1ntico que permite lograr much\u00edsimos beneficios en el cuerpo. Las part\u00edculas cu\u00e1nticas\u2026","rel":"","context":"Entrada similar","block_context":{"text":"Entrada similar","link":""},"img":{"alt_text":"","src":"https:\/\/i0.wp.com\/multiofertasvip.com\/wp-content\/uploads\/2024\/10\/Cirugias-Cuanticas.jpeg?fit=200%2C200&ssl=1&resize=350%2C200","width":350,"height":200},"classes":[]}],"jetpack_sharing_enabled":false,"jetpack_likes_enabled":false,"_links":{"self":[{"href":"https:\/\/multiofertasvip.com\/index.php?rest_route=\/wp\/v2\/product\/33239","targetHints":{"allow":["GET"]}}],"collection":[{"href":"https:\/\/multiofertasvip.com\/index.php?rest_route=\/wp\/v2\/product"}],"about":[{"href":"https:\/\/multiofertasvip.com\/index.php?rest_route=\/wp\/v2\/types\/product"}],"version-history":[{"count":1,"href":"https:\/\/multiofertasvip.com\/index.php?rest_route=\/wp\/v2\/product\/33239\/revisions"}],"predecessor-version":[{"id":33240,"href":"https:\/\/multiofertasvip.com\/index.php?rest_route=\/wp\/v2\/product\/33239\/revisions\/33240"}],"wp:featuredmedia":[{"embeddable":true,"href":"https:\/\/multiofertasvip.com\/index.php?rest_route=\/wp\/v2\/media\/33242"}],"wp:attachment":[{"href":"https:\/\/multiofertasvip.com\/index.php?rest_route=%2Fwp%2Fv2%2Fmedia&parent=33239"}],"wp:term":[{"taxonomy":"product_brand","embeddable":true,"href":"https:\/\/multiofertasvip.com\/index.php?rest_route=%2Fwp%2Fv2%2Fproduct_brand&post=33239"},{"taxonomy":"product_cat","embeddable":true,"href":"https:\/\/multiofertasvip.com\/index.php?rest_route=%2Fwp%2Fv2%2Fproduct_cat&post=33239"},{"taxonomy":"product_tag","embeddable":true,"href":"https:\/\/multiofertasvip.com\/index.php?rest_route=%2Fwp%2Fv2%2Fproduct_tag&post=33239"}],"curies":[{"name":"wp","href":"https:\/\/api.w.org\/{rel}","templated":true}]}}