{"id":33225,"date":"2024-10-04T15:17:36","date_gmt":"2024-10-04T20:47:36","guid":{"rendered":"https:\/\/multiofertasvip.com\/?post_type=product&#038;p=33225"},"modified":"2024-10-04T15:26:58","modified_gmt":"2024-10-04T20:56:58","slug":"cirugias-cuanticas-nivel-1-paula-andrea-gil","status":"publish","type":"product","link":"https:\/\/multiofertasvip.com\/?product=cirugias-cuanticas-nivel-1-paula-andrea-gil","title":{"rendered":"Cirug\u00edas Cu\u00e1nticas Nivel 1-Paula Andrea Gil"},"content":{"rendered":"<p class=\"p1\">\u00bfTe gusta la energ\u00eda, tienes habilidades con la energ\u00eda o quieres aprenderlas para ti o para aplicarlas en alguien m\u00e1s? \u00a1Tenemos una posibilidad grandiosa con las cirug\u00edas cu\u00e1nticas!<\/p>\n<p class=\"p1\">Las cirug\u00edas cu\u00e1nticas son una t\u00e9cnica de regeneraci\u00f3n a nivel cu\u00e1ntico que permite lograr much\u00edsimos beneficios en el cuerpo.<\/p>\n<p class=\"p1\">Las part\u00edculas cu\u00e1nticas son energ\u00eda y contienen informaci\u00f3n que puede ser modificada para crear cambios m\u00e1s all\u00e1 de lo que alguna vez cre\u00edste posible.<\/p>\n<p class=\"p1\">En esta clase no solamente aprender\u00e1s a tener m\u00e1s facilidad con la lectura y la percepci\u00f3n de la informaci\u00f3n energ\u00e9tica del cuerpo, sino que adem\u00e1s aprender\u00e1s:<\/p>\n<p class=\"p1\">1. Escaneo energ\u00e9tico de los cuerpos f\u00edsicos y a distancia.<\/p>\n<p class=\"p1\">2. Eliminaci\u00f3n de bloqueos, acumulaciones, densidades y pegamentos energ\u00e9ticos.<\/p>\n<p class=\"p1\">3. Extracci\u00f3n de objetos energ\u00e9ticos e implantes.<\/p>\n<p class=\"p1\">4. Limpieza de cuerpos y sistemas energ\u00e9ticos.<\/p>\n<p class=\"p1\">5. Intervenciones cu\u00e1nticas.<\/p>\n<p class=\"p1\">6. Creaci\u00f3n y reemplazo de chakras<\/p>\n<p class=\"p1\">7. Creaci\u00f3n y reemplazo de \u00f3rganos, sistemas y gl\u00e1ndulas cu\u00e1nticas.<\/p>\n<p class=\"p1\">Esta clase es la base de cirug\u00edas cu\u00e1nticas y la requerir\u00e1s para todas las dem\u00e1s especialidades y profundizaciones.<\/p>\n<p class=\"p1\">Requisitos: Creer en la energ\u00eda.<\/p>\n","protected":false},"excerpt":{"rendered":"<p>\u00bfTe gusta la energ\u00eda, tienes habilidades con la energ\u00eda o quieres aprenderlas para ti o para aplicarlas en alguien m\u00e1s? \u00a1Tenemos una posibilidad grandiosa con las cirug\u00edas cu\u00e1nticas! Las cirug\u00edas cu\u00e1nticas son una t\u00e9cnica de regeneraci\u00f3n a nivel cu\u00e1ntico que permite lograr much\u00edsimos beneficios en el cuerpo. Las part\u00edculas cu\u00e1nticas son energ\u00eda y contienen informaci\u00f3n [&#8230;]\n","protected":false},"featured_media":33233,"template":"","meta":{"_monsterinsights_skip_tracking":false,"_monsterinsights_sitenote_active":false,"_monsterinsights_sitenote_note":"","_monsterinsights_sitenote_category":0,"jetpack_post_was_ever_published":false,"jetpack_publicize_message":"","jetpack_publicize_feature_enabled":true,"jetpack_social_post_already_shared":true,"jetpack_social_options":{"image_generator_settings":{"template":"highway","default_image_id":0,"font":"","enabled":false},"version":2}},"product_brand":[],"product_cat":[32],"product_tag":[263,142,260,211,254,119,251,215,257,249,243,230,182,226,253,236,229,143,228,232,258,234,262,239,220,265,219,225,240,238,140,242,235,244,266,267,248,210,245,212,250,227,255,264,252,217,216,233,261,73,237,231,247,221,246,222,223,224,259,241,256,218,213,214,53],"class_list":{"0":"post-33225","1":"product","2":"type-product","3":"status-publish","4":"has-post-thumbnail","6":"product_cat-sanacion","7":"product_tag-animales","8":"product_tag-avanzado","9":"product_tag-biden","10":"product_tag-billetes","11":"product_tag-bitcoin","12":"product_tag-carrera","13":"product_tag-china","14":"product_tag-christopher-olivarrieta","15":"product_tag-cine","16":"product_tag-coranavirus","17":"product_tag-cultura","18":"product_tag-cursos","19":"product_tag-dinero","20":"product_tag-dios","21":"product_tag-dolar","22":"product_tag-enric-corbera","23":"product_tag-ensenanza-en-casa","24":"product_tag-entidades","25":"product_tag-escuela","26":"product_tag-especialidad","27":"product_tag-estrenos","28":"product_tag-estudios","29":"product_tag-facebook","30":"product_tag-famosos","31":"product_tag-free","32":"product_tag-gatos","33":"product_tag-gratis","34":"product_tag-guerra","35":"product_tag-humor","36":"product_tag-internet","37":"product_tag-jose-palomo","38":"product_tag-juegos","39":"product_tag-lavin","40":"product_tag-manga","41":"product_tag-mercado-libre","42":"product_tag-mercado-pago","43":"product_tag-meteorologia","44":"product_tag-moneda","45":"product_tag-musica","46":"product_tag-nuevo","47":"product_tag-omnicron","48":"product_tag-oracion","49":"product_tag-peliculas","50":"product_tag-perros","51":"product_tag-peso","52":"product_tag-porn","53":"product_tag-porno","54":"product_tag-profesional","55":"product_tag-putin","56":"product_tag-salud","57":"product_tag-sexo","58":"product_tag-talleres","59":"product_tag-television","60":"product_tag-terapias","61":"product_tag-trabajo","62":"product_tag-ucrania","63":"product_tag-ukrania","64":"product_tag-usa","65":"product_tag-vacuna","66":"product_tag-viajes","67":"product_tag-videos","68":"product_tag-xxx","69":"product_tag-youtube","70":"product_tag-youtube-yuen-guadalajara","71":"product_tag-yuen","73":"first","74":"instock","75":"downloadable","76":"virtual","77":"purchasable","78":"product-type-simple"},"jetpack_publicize_connections":[],"jetpack-related-posts":[{"id":34787,"url":"https:\/\/multiofertasvip.com\/?product=cirugias-cuanticas-nivel-1-diciembre-2025-paula-gil-actualizacion","url_meta":{"origin":33225,"position":0},"title":"Cirug\u00edas Cu\u00e1nticas Nivel 1 Diciembre 2025-Paula Gil actualizacion","author":"multiofertasvip","date":"febrero 10, 2026","format":false,"excerpt":"\u00bfTe gusta la energ\u00eda? \u00bfTienes habilidades con la energ\u00eda? \u00bfQuisieras aprenderlas para ti, para tu vida o para aplicarlas en alguien m\u00e1s? \u00bfSiempre has pensado que todo se puede cambiar? \u00a0 Existe una posibilidad grandiosa con las Cirug\u00edas Cu\u00e1nticas Las Cirug\u00edas Cu\u00e1nticas\u00ae\u00a0son una t\u00e9cnica de regeneraci\u00f3n a nivel cu\u00e1ntico que\u2026","rel":"","context":"Entrada similar","block_context":{"text":"Entrada similar","link":""},"img":{"alt_text":"","src":"https:\/\/i0.wp.com\/multiofertasvip.com\/wp-content\/uploads\/2026\/02\/NIVEL-1-CC.jpg?fit=200%2C200&ssl=1&resize=350%2C200","width":350,"height":200},"classes":[]},{"id":34350,"url":"https:\/\/multiofertasvip.com\/?product=muestra-grupal-cirugias-cuanticas-animales-paula-gil","url_meta":{"origin":33225,"position":1},"title":"Muestra Grupal Cirug\u00edas Cu\u00e1nticas Animales-Paula Gil","author":"multiofertasvip","date":"septiembre 9, 2025","format":false,"excerpt":"Las Cirug\u00edas Cu\u00e1nticas\u00a0es una t\u00e9cnica de regeneraci\u00f3n a nivel cu\u00e1ntico que permite\u00a0conseguir much\u00edsimos beneficios para tu cuerpo y\/o el de tu mascota. Las part\u00edculas cu\u00e1nticas son energ\u00eda y contienen informaci\u00f3n que puede ser modificada para crear cambios m\u00e1s all\u00e1 de lo que alguna vez cre\u00edste posible. Estas sesiones tienen por\u2026","rel":"","context":"Entrada similar","block_context":{"text":"Entrada similar","link":""},"img":{"alt_text":"","src":"https:\/\/i0.wp.com\/multiofertasvip.com\/wp-content\/uploads\/2025\/09\/CC-ANIMALES.png?fit=200%2C200&ssl=1&resize=350%2C200","width":350,"height":200},"classes":[]},{"id":33234,"url":"https:\/\/multiofertasvip.com\/?product=cirugias-cuanticas-limpieza-multidimensional-paula-andrea-gil","url_meta":{"origin":33225,"position":2},"title":"Cirug\u00edas cu\u00e1nticas Limpieza Multidimensional-Paula Andrea Gil","author":"multiofertasvip","date":"octubre 4, 2024","format":false,"excerpt":"Cirug\u00edas cu\u00e1nticas Limpieza Multidimensional Hay algunas cosas que pueden estar influyendo en tu cuerpo, en tu vida, en tus relaciones, en tu dinero que no est\u00e1n en tu cuerpo f\u00edsico y ni siquiera en esta dimensi\u00f3n. En la clase de limpieza multidimensional aprender\u00e1s todo sobre esto y much\u00edsimo m\u00e1s acerca\u2026","rel":"","context":"Entrada similar","block_context":{"text":"Entrada similar","link":""},"img":{"alt_text":"","src":"https:\/\/i0.wp.com\/multiofertasvip.com\/wp-content\/uploads\/2024\/10\/Limpieza-Multidimensional.jpeg?fit=200%2C200&ssl=1&resize=350%2C200","width":350,"height":200},"classes":[]},{"id":34777,"url":"https:\/\/multiofertasvip.com\/?product=muestra-grupal-cirugias-cuanticas-relacion-con-tu-padre-paula-gil","url_meta":{"origin":33225,"position":3},"title":"Muestra Grupal Cirug\u00edas Cu\u00e1nticas Relaci\u00f3n con tu Padre -Paula Gil","author":"multiofertasvip","date":"febrero 10, 2026","format":false,"excerpt":"La energ\u00eda de tu padre\u00a0\u2014est\u00e9 presente, ausente, amoroso o distante\u2014 dej\u00f3 una huella en ti. Y muchas veces,\u00a0esa huella sigue impactando tus relaciones, tu dinero, tu cuerpo y tu forma de recibir del mundo. \u26a1En esta muestra vivencial haremos una\u00a0cirug\u00eda energ\u00e9tica para cambiar la informaci\u00f3n grabada en tu campo por\u2026","rel":"","context":"Entrada similar","block_context":{"text":"Entrada similar","link":""},"img":{"alt_text":"","src":"https:\/\/i0.wp.com\/multiofertasvip.com\/wp-content\/uploads\/2026\/02\/PADRE-CC.jpeg?fit=200%2C200&ssl=1&resize=350%2C200","width":350,"height":200},"classes":[]},{"id":30775,"url":"https:\/\/multiofertasvip.com\/?product=metodo-yuen-nivel-2-manuel-marquez","url_meta":{"origin":33225,"position":4},"title":"Metodo yuen Nivel 2-Manuel Marquez","author":"multiofertasvip","date":"marzo 7, 2023","format":false,"excerpt":"El nivel 2 del M\u00e9todo Yuen se enfoca en la eliminaci\u00f3n de bloqueos energ\u00e9ticos m\u00e1s profundos y complejos. Algunos de los temas que podr\u00edas aprender incluyen: Ampliar tu capacidad de percepci\u00f3n energ\u00e9tica: Aprender\u00e1s a sintonizarte con diferentes tipos de energ\u00eda, incluyendo la energ\u00eda del cuerpo humano, el medio ambiente y\u2026","rel":"","context":"Entrada similar","block_context":{"text":"Entrada similar","link":""},"img":{"alt_text":"","src":"https:\/\/i0.wp.com\/multiofertasvip.com\/wp-content\/uploads\/2023\/03\/nivel-2.jpg?fit=200%2C200&ssl=1&resize=350%2C200","width":350,"height":200},"classes":[]},{"id":33348,"url":"https:\/\/multiofertasvip.com\/?product=tecnologia-multidimensional-mujer-holistica","url_meta":{"origin":33225,"position":5},"title":"Tecnolog\u00eda Multidimensional &#8211; Mujer Hol\u00edstica","author":"multiofertasvip","date":"noviembre 24, 2024","format":false,"excerpt":"TECNOLOG\u00cdA ENERG\u00c9TICA AVANZADA EL JUEGO DE LA CREACI\u00d3N DE LA REALIDAD IMAG\u00cdNATE SI PUDIERAS\u2026 \u29bf EXPANDIR EL TIEMPO \u29bf RECIBIR MENSAJES DE SERES DE LUZ DE OTRAS DIMENSIONES \u29bf HACER QUE TUS MANIFESTACIONES OCURRAN M\u00c1S R\u00c1PIDO \u29bf DIVERTIRTE JUGANDO CON LAS LEYES UNIVERSALES \u29bf CANALIZAR C\u00d3DIGOS SAGRADOS Y TECNOLOG\u00cdA MULTIDIMENSIONAL\u2026","rel":"","context":"Entrada similar","block_context":{"text":"Entrada similar","link":""},"img":{"alt_text":"","src":"https:\/\/i0.wp.com\/images.squarespace-cdn.com\/content\/v1\/6266ce5a7c74f51187c25b2e\/3a451be9-6819-4186-8008-27f7cf0a5395\/TM_IMAGEN.png?resize=350%2C200&ssl=1","width":350,"height":200,"srcset":"https:\/\/i0.wp.com\/images.squarespace-cdn.com\/content\/v1\/6266ce5a7c74f51187c25b2e\/3a451be9-6819-4186-8008-27f7cf0a5395\/TM_IMAGEN.png?resize=350%2C200&ssl=1 1x, https:\/\/i0.wp.com\/images.squarespace-cdn.com\/content\/v1\/6266ce5a7c74f51187c25b2e\/3a451be9-6819-4186-8008-27f7cf0a5395\/TM_IMAGEN.png?resize=525%2C300&ssl=1 1.5x, https:\/\/i0.wp.com\/images.squarespace-cdn.com\/content\/v1\/6266ce5a7c74f51187c25b2e\/3a451be9-6819-4186-8008-27f7cf0a5395\/TM_IMAGEN.png?resize=700%2C400&ssl=1 2x"},"classes":[]}],"jetpack_sharing_enabled":false,"jetpack_likes_enabled":false,"_links":{"self":[{"href":"https:\/\/multiofertasvip.com\/index.php?rest_route=\/wp\/v2\/product\/33225","targetHints":{"allow":["GET"]}}],"collection":[{"href":"https:\/\/multiofertasvip.com\/index.php?rest_route=\/wp\/v2\/product"}],"about":[{"href":"https:\/\/multiofertasvip.com\/index.php?rest_route=\/wp\/v2\/types\/product"}],"version-history":[{"count":2,"href":"https:\/\/multiofertasvip.com\/index.php?rest_route=\/wp\/v2\/product\/33225\/revisions"}],"predecessor-version":[{"id":33235,"href":"https:\/\/multiofertasvip.com\/index.php?rest_route=\/wp\/v2\/product\/33225\/revisions\/33235"}],"wp:featuredmedia":[{"embeddable":true,"href":"https:\/\/multiofertasvip.com\/index.php?rest_route=\/wp\/v2\/media\/33233"}],"wp:attachment":[{"href":"https:\/\/multiofertasvip.com\/index.php?rest_route=%2Fwp%2Fv2%2Fmedia&parent=33225"}],"wp:term":[{"taxonomy":"product_brand","embeddable":true,"href":"https:\/\/multiofertasvip.com\/index.php?rest_route=%2Fwp%2Fv2%2Fproduct_brand&post=33225"},{"taxonomy":"product_cat","embeddable":true,"href":"https:\/\/multiofertasvip.com\/index.php?rest_route=%2Fwp%2Fv2%2Fproduct_cat&post=33225"},{"taxonomy":"product_tag","embeddable":true,"href":"https:\/\/multiofertasvip.com\/index.php?rest_route=%2Fwp%2Fv2%2Fproduct_tag&post=33225"}],"curies":[{"name":"wp","href":"https:\/\/api.w.org\/{rel}","templated":true}]}}