{"id":33221,"date":"2024-10-04T14:43:52","date_gmt":"2024-10-04T20:13:52","guid":{"rendered":"https:\/\/multiofertasvip.com\/?post_type=product&#038;p=33221"},"modified":"2024-10-04T15:00:30","modified_gmt":"2024-10-04T20:30:30","slug":"activaciones-energeticas-being-yoummie-daniela-correa","status":"publish","type":"product","link":"https:\/\/multiofertasvip.com\/?product=activaciones-energeticas-being-yoummie-daniela-correa","title":{"rendered":"Activaciones energ\u00e9ticas Being Yoummie-Daniela Correa"},"content":{"rendered":"<p>Explora una nueva dimensi\u00f3n de conexi\u00f3n y comuni\u00f3n con tu cuerpo a trav\u00e9s de las Activaciones Energ\u00e9ticas Being Yoummie. Durante 7 d\u00edas, nos sumergiremos en energ\u00edas que nutren, empoderan y expanden tu relaci\u00f3n con tu cuerpo. Estas activaciones est\u00e1n dise\u00f1adas para desbloquear y potenciar la sabidur\u00eda innata de tu ser, permiti\u00e9ndote vivir en total armon\u00eda con tu esencia corporal.<\/p>\n<p>\u00bfEst\u00e1s lista para una transformaci\u00f3n profunda y amorosa?<\/p>\n<p>\u00a1Ven a jugar y descubre lo que es realmente ser t\u00fa en completa comuni\u00f3n con tu cuerpo!<\/p>\n","protected":false},"excerpt":{"rendered":"<p>Explora una nueva dimensi\u00f3n de conexi\u00f3n y comuni\u00f3n con tu cuerpo a trav\u00e9s de las Activaciones Energ\u00e9ticas Being Yoummie. Durante 7 d\u00edas, nos sumergiremos en energ\u00edas que nutren, empoderan y expanden tu relaci\u00f3n con tu cuerpo. Estas activaciones est\u00e1n dise\u00f1adas para desbloquear y potenciar la sabidur\u00eda innata de tu ser, permiti\u00e9ndote vivir en total armon\u00eda [&#8230;]\n","protected":false},"featured_media":33223,"template":"","meta":{"_monsterinsights_skip_tracking":false,"_monsterinsights_sitenote_active":false,"_monsterinsights_sitenote_note":"","_monsterinsights_sitenote_category":0,"jetpack_post_was_ever_published":false,"jetpack_publicize_message":"","jetpack_publicize_feature_enabled":true,"jetpack_social_post_already_shared":true,"jetpack_social_options":{"image_generator_settings":{"template":"highway","default_image_id":0,"font":"","enabled":false},"version":2}},"product_brand":[],"product_cat":[122],"product_tag":[263,142,260,211,254,119,251,215,257,249,243,230,182,226,253,236,229,143,228,232,258,234,262,239,220,265,219,225,240,238,140,242,235,244,266,267,248,210,245,212,250,227,255,264,252,217,216,233,261,73,237,231,247,221,246,222,223,224,259,241,256,218,213,214,53],"class_list":{"0":"post-33221","1":"product","2":"type-product","3":"status-publish","4":"has-post-thumbnail","6":"product_cat-access-consciousness","7":"product_tag-animales","8":"product_tag-avanzado","9":"product_tag-biden","10":"product_tag-billetes","11":"product_tag-bitcoin","12":"product_tag-carrera","13":"product_tag-china","14":"product_tag-christopher-olivarrieta","15":"product_tag-cine","16":"product_tag-coranavirus","17":"product_tag-cultura","18":"product_tag-cursos","19":"product_tag-dinero","20":"product_tag-dios","21":"product_tag-dolar","22":"product_tag-enric-corbera","23":"product_tag-ensenanza-en-casa","24":"product_tag-entidades","25":"product_tag-escuela","26":"product_tag-especialidad","27":"product_tag-estrenos","28":"product_tag-estudios","29":"product_tag-facebook","30":"product_tag-famosos","31":"product_tag-free","32":"product_tag-gatos","33":"product_tag-gratis","34":"product_tag-guerra","35":"product_tag-humor","36":"product_tag-internet","37":"product_tag-jose-palomo","38":"product_tag-juegos","39":"product_tag-lavin","40":"product_tag-manga","41":"product_tag-mercado-libre","42":"product_tag-mercado-pago","43":"product_tag-meteorologia","44":"product_tag-moneda","45":"product_tag-musica","46":"product_tag-nuevo","47":"product_tag-omnicron","48":"product_tag-oracion","49":"product_tag-peliculas","50":"product_tag-perros","51":"product_tag-peso","52":"product_tag-porn","53":"product_tag-porno","54":"product_tag-profesional","55":"product_tag-putin","56":"product_tag-salud","57":"product_tag-sexo","58":"product_tag-talleres","59":"product_tag-television","60":"product_tag-terapias","61":"product_tag-trabajo","62":"product_tag-ucrania","63":"product_tag-ukrania","64":"product_tag-usa","65":"product_tag-vacuna","66":"product_tag-viajes","67":"product_tag-videos","68":"product_tag-xxx","69":"product_tag-youtube","70":"product_tag-youtube-yuen-guadalajara","71":"product_tag-yuen","73":"first","74":"instock","75":"downloadable","76":"virtual","77":"purchasable","78":"product-type-simple"},"jetpack_publicize_connections":[],"jetpack-related-posts":[{"id":33955,"url":"https:\/\/multiofertasvip.com\/?product=magia-con-moleculas-cuerpo-poderoso-y-encendido-daniela-correa","url_meta":{"origin":33221,"position":0},"title":"Magia con Mol\u00e9culas Cuerpo Poderoso y Encendido- Daniela Correa","author":"multiofertasvip","date":"mayo 30, 2025","format":false,"excerpt":"Curso Magia con Mol\u00e9culas Edici\u00f3n Cuerpo Poderoso y Encendido Activa el gozo, la energ\u00eda y la sabidur\u00eda de tu cuerpo. Tu cuerpo no es un obst\u00e1culo ni una carga. Es un canal de magia, gozo y sabidur\u00eda\u2026 si eliges escucharlo. En esta edici\u00f3n especial de Magia con Mol\u00e9culas\u00ae, abrimos el\u2026","rel":"","context":"Entrada similar","block_context":{"text":"Entrada similar","link":""},"img":{"alt_text":"","src":"https:\/\/i0.wp.com\/multiofertasvip.com\/wp-content\/uploads\/2025\/05\/magia-con-moleculas-cuerpo-poderoso-y-encendido.jpg?fit=200%2C200&ssl=1&resize=350%2C200","width":350,"height":200},"classes":[]},{"id":33197,"url":"https:\/\/multiofertasvip.com\/?product=the-communion-package-dr-dain-heerespanol","url_meta":{"origin":33221,"position":1},"title":"The Communion Package-Dr. Dain Heer(Espa\u00f1ol)","author":"multiofertasvip","date":"septiembre 10, 2024","format":false,"excerpt":"Una selecci\u00f3n especial de 4 sesiones con el Dr. Dain Heer de la tercera ronda de 30 d\u00edas ESB donde la energ\u00eda condujo a la belleza y al espacio de comuni\u00f3n.\u00a0 Si ya no funcion\u00e1ramos desde la conexi\u00f3n y en cambio permiti\u00e9ramos\u00a0el espacio desconocido llamado comuni\u00f3n, no habr\u00eda NO ni\u2026","rel":"","context":"Entrada similar","block_context":{"text":"Entrada similar","link":""},"img":{"alt_text":"","src":"https:\/\/i0.wp.com\/multiofertasvip.com\/wp-content\/uploads\/2024\/09\/pack-comunnion.jpg?fit=200%2C200&ssl=1&resize=350%2C200","width":350,"height":200},"classes":[]},{"id":35335,"url":"https:\/\/multiofertasvip.com\/?product=curso-being-you-being-magic-en-espanol-dain-heer","url_meta":{"origin":33221,"position":2},"title":"Curso Being You Being Magic-en Espa\u00f1ol -Dain Heer","author":"multiofertasvip","date":"abril 1, 2026","format":false,"excerpt":"\u00a0 \u00a0 \u00a0 \u00a0 \u00a0 \u00a0 \u00a0","rel":"","context":"Entrada similar","block_context":{"text":"Entrada similar","link":""},"img":{"alt_text":"","src":"https:\/\/i0.wp.com\/multiofertasvip.com\/wp-content\/uploads\/2026\/04\/BEING.jpg?fit=200%2C200&ssl=1&resize=350%2C200","width":350,"height":200},"classes":[]},{"id":32960,"url":"https:\/\/multiofertasvip.com\/?product=being-money-esb-dr-dain-heer","url_meta":{"origin":33221,"position":3},"title":"Being Money ESB-Dr. Dain Heer","author":"multiofertasvip","date":"julio 3, 2024","format":false,"excerpt":"A veces lleva un tiempo reconocer que no hay nada malo en nosotros y que en realidad somos criaturas abundantes que vivimos en un mundo abundante de nuestra creaci\u00f3n\u201d. Dr. Dain Heer Hay algo en el mundo y en nuestras vidas que parece invitar tanto a la importancia como a\u2026","rel":"","context":"Entrada similar","block_context":{"text":"Entrada similar","link":""},"img":{"alt_text":"","src":"https:\/\/i0.wp.com\/multiofertasvip.com\/wp-content\/uploads\/2024\/07\/money.png?fit=200%2C200&ssl=1&resize=350%2C200","width":350,"height":200},"classes":[]},{"id":30775,"url":"https:\/\/multiofertasvip.com\/?product=metodo-yuen-nivel-2-manuel-marquez","url_meta":{"origin":33221,"position":4},"title":"Metodo yuen Nivel 2-Manuel Marquez","author":"multiofertasvip","date":"marzo 7, 2023","format":false,"excerpt":"El nivel 2 del M\u00e9todo Yuen se enfoca en la eliminaci\u00f3n de bloqueos energ\u00e9ticos m\u00e1s profundos y complejos. Algunos de los temas que podr\u00edas aprender incluyen: Ampliar tu capacidad de percepci\u00f3n energ\u00e9tica: Aprender\u00e1s a sintonizarte con diferentes tipos de energ\u00eda, incluyendo la energ\u00eda del cuerpo humano, el medio ambiente y\u2026","rel":"","context":"Entrada similar","block_context":{"text":"Entrada similar","link":""},"img":{"alt_text":"","src":"https:\/\/i0.wp.com\/multiofertasvip.com\/wp-content\/uploads\/2023\/03\/nivel-2.jpg?fit=200%2C200&ssl=1&resize=350%2C200","width":350,"height":200},"classes":[]},{"id":30857,"url":"https:\/\/multiofertasvip.com\/?product=el-cubo-de-metatromcodigo-de-manifestacion-susana-shima","url_meta":{"origin":33221,"position":5},"title":"El cubo de Metatrom(Codigo de Manifestacion)-Susana Shima","author":"multiofertasvip","date":"junio 16, 2023","format":false,"excerpt":"El objetivo de este curso es compartirte una perspectiva del movimiento energ\u00e9tico que sucede en tu casa y en tu comercio En este curso tambi\u00e9n te compartir\u00e9 el c\u00f3mo hablar con la energ\u00eda de la casa asi como lo que la casa te est\u00e1 mostrando a trav\u00e9s de la biodescodificaci\u00f3n\u2026","rel":"","context":"Entrada similar","block_context":{"text":"Entrada similar","link":""},"img":{"alt_text":"","src":"https:\/\/i0.wp.com\/multiofertasvip.com\/wp-content\/uploads\/2023\/06\/cubo.jpg?fit=200%2C200&ssl=1&resize=350%2C200","width":350,"height":200},"classes":[]}],"jetpack_sharing_enabled":false,"jetpack_likes_enabled":false,"_links":{"self":[{"href":"https:\/\/multiofertasvip.com\/index.php?rest_route=\/wp\/v2\/product\/33221","targetHints":{"allow":["GET"]}}],"collection":[{"href":"https:\/\/multiofertasvip.com\/index.php?rest_route=\/wp\/v2\/product"}],"about":[{"href":"https:\/\/multiofertasvip.com\/index.php?rest_route=\/wp\/v2\/types\/product"}],"version-history":[{"count":2,"href":"https:\/\/multiofertasvip.com\/index.php?rest_route=\/wp\/v2\/product\/33221\/revisions"}],"predecessor-version":[{"id":33226,"href":"https:\/\/multiofertasvip.com\/index.php?rest_route=\/wp\/v2\/product\/33221\/revisions\/33226"}],"wp:featuredmedia":[{"embeddable":true,"href":"https:\/\/multiofertasvip.com\/index.php?rest_route=\/wp\/v2\/media\/33223"}],"wp:attachment":[{"href":"https:\/\/multiofertasvip.com\/index.php?rest_route=%2Fwp%2Fv2%2Fmedia&parent=33221"}],"wp:term":[{"taxonomy":"product_brand","embeddable":true,"href":"https:\/\/multiofertasvip.com\/index.php?rest_route=%2Fwp%2Fv2%2Fproduct_brand&post=33221"},{"taxonomy":"product_cat","embeddable":true,"href":"https:\/\/multiofertasvip.com\/index.php?rest_route=%2Fwp%2Fv2%2Fproduct_cat&post=33221"},{"taxonomy":"product_tag","embeddable":true,"href":"https:\/\/multiofertasvip.com\/index.php?rest_route=%2Fwp%2Fv2%2Fproduct_tag&post=33221"}],"curies":[{"name":"wp","href":"https:\/\/api.w.org\/{rel}","templated":true}]}}