{"id":33198,"date":"2024-09-10T12:52:17","date_gmt":"2024-09-10T18:22:17","guid":{"rendered":"https:\/\/multiofertasvip.com\/?post_type=product&#038;p=33198"},"modified":"2024-09-10T13:32:55","modified_gmt":"2024-09-10T19:02:55","slug":"que-tal-si-elijo-dinero-simone-milasas","status":"publish","type":"product","link":"https:\/\/multiofertasvip.com\/?product=que-tal-si-elijo-dinero-simone-milasas","title":{"rendered":"Que tal si elijo Dinero?-simone Milasas"},"content":{"rendered":"<div class=\"AxqVh\">\n<div class=\"OPPzxe\">\n<div class=\"QcsUad BDJ8fb BLojaf sMVRZe hCXDsb wneUed\">\n<div class=\"usGWQd\">\n<div class=\"KkbLmb\">\n<div class=\"lRu31\" dir=\"ltr\">\n<div id=\"ow2302\"><\/div>\n<\/div>\n<div class=\"VO9ucd\">\n<div class=\"YJGJsb\">\n<div class=\"VfPpkd-Bz112c-Jh9lGc\"><\/div>\n<div id=\"tt-c35\" class=\"EY8ABd-OWXEXe-TAWMXe\" role=\"tooltip\" aria-hidden=\"true\">\n<h1 class=\"checkout-content-title\"><span>\u00bfQu\u00e9 pasa si eliges el dinero?<\/span><\/h1>\n<div class=\"checkout-content-body\">\n<h3><span>Simone Milasas facilit\u00f3 una clase de 1 hora y 45 minutos durante la clase de Elecci\u00f3n de Posibilidades en Bogot\u00e1, Colombia, mayo de 2019<\/span><\/h3>\n<\/div>\n<\/div>\n<\/div>\n<\/div>\n<\/div>\n<\/div>\n<\/div>\n<\/div>\n<\/div>\n<div class=\"OwOEge\">\n<div class=\"cJ1Ndf\"><\/div>\n<\/div>\n","protected":false},"excerpt":{"rendered":"<p>\u00bfQu\u00e9 pasa si eliges el dinero? Simone Milasas facilit\u00f3 una clase de 1 hora y 45 minutos durante la clase de Elecci\u00f3n de Posibilidades en Bogot\u00e1, Colombia, mayo de 2019<\/p>\n","protected":false},"featured_media":33202,"template":"","meta":{"_monsterinsights_skip_tracking":false,"_monsterinsights_sitenote_active":false,"_monsterinsights_sitenote_note":"","_monsterinsights_sitenote_category":0,"jetpack_post_was_ever_published":false,"jetpack_publicize_message":"","jetpack_publicize_feature_enabled":true,"jetpack_social_post_already_shared":true,"jetpack_social_options":{"image_generator_settings":{"template":"highway","default_image_id":0,"font":"","enabled":false},"version":2}},"product_brand":[],"product_cat":[122],"product_tag":[263,142,260,211,254,119,251,215,257,249,243,230,182,226,253,236,229,143,228,232,258,234,262,239,220,265,219,225,240,238,140,242,235,244,266,267,248,210,245,212,250,227,255,264,252,217,216,233,261,73,237,231,247,221,246,222,223,224,259,241,256,218,213,214,53],"class_list":{"0":"post-33198","1":"product","2":"type-product","3":"status-publish","4":"has-post-thumbnail","6":"product_cat-access-consciousness","7":"product_tag-animales","8":"product_tag-avanzado","9":"product_tag-biden","10":"product_tag-billetes","11":"product_tag-bitcoin","12":"product_tag-carrera","13":"product_tag-china","14":"product_tag-christopher-olivarrieta","15":"product_tag-cine","16":"product_tag-coranavirus","17":"product_tag-cultura","18":"product_tag-cursos","19":"product_tag-dinero","20":"product_tag-dios","21":"product_tag-dolar","22":"product_tag-enric-corbera","23":"product_tag-ensenanza-en-casa","24":"product_tag-entidades","25":"product_tag-escuela","26":"product_tag-especialidad","27":"product_tag-estrenos","28":"product_tag-estudios","29":"product_tag-facebook","30":"product_tag-famosos","31":"product_tag-free","32":"product_tag-gatos","33":"product_tag-gratis","34":"product_tag-guerra","35":"product_tag-humor","36":"product_tag-internet","37":"product_tag-jose-palomo","38":"product_tag-juegos","39":"product_tag-lavin","40":"product_tag-manga","41":"product_tag-mercado-libre","42":"product_tag-mercado-pago","43":"product_tag-meteorologia","44":"product_tag-moneda","45":"product_tag-musica","46":"product_tag-nuevo","47":"product_tag-omnicron","48":"product_tag-oracion","49":"product_tag-peliculas","50":"product_tag-perros","51":"product_tag-peso","52":"product_tag-porn","53":"product_tag-porno","54":"product_tag-profesional","55":"product_tag-putin","56":"product_tag-salud","57":"product_tag-sexo","58":"product_tag-talleres","59":"product_tag-television","60":"product_tag-terapias","61":"product_tag-trabajo","62":"product_tag-ucrania","63":"product_tag-ukrania","64":"product_tag-usa","65":"product_tag-vacuna","66":"product_tag-viajes","67":"product_tag-videos","68":"product_tag-xxx","69":"product_tag-youtube","70":"product_tag-youtube-yuen-guadalajara","71":"product_tag-yuen","73":"first","74":"instock","75":"downloadable","76":"virtual","77":"purchasable","78":"product-type-simple"},"jetpack_publicize_connections":[],"jetpack-related-posts":[{"id":32800,"url":"https:\/\/multiofertasvip.com\/?product=negocios-hechos-diferente-access-consciousness-simone-milasas","url_meta":{"origin":33198,"position":0},"title":"Negocios hechos diferente (Access Consciousness) Simone Milasas","author":"multiofertasvip","date":"mayo 13, 2024","format":false,"excerpt":"\u00bfCu\u00e1ntos de ustedes han estado haciendo lo mismo esperando que cambie? En esta clase de 3 d\u00edas \"LOS NEGOCIOS HECHOS DIFERENTE\", la Clase Maestra, te dar\u00e1 nuevas herramientas y procesos para cambiar en cualquier \u00e1rea con los negocios y el dinero. Esta es una invitaci\u00f3n para crear m\u00e1s y ser\u2026","rel":"","context":"Entrada similar","block_context":{"text":"Entrada similar","link":""},"img":{"alt_text":"","src":"https:\/\/i0.wp.com\/multiofertasvip.com\/wp-content\/uploads\/2024\/05\/negocios-hechos-diferentes.png?fit=200%2C200&ssl=1&resize=350%2C200","width":350,"height":200},"classes":[]},{"id":33150,"url":"https:\/\/multiofertasvip.com\/?product=intro-being-you-creating-money-with-ease-dr-dain-heer","url_meta":{"origin":33198,"position":1},"title":"Intro Being You Creating Money with Ease-Dr. Dain Heer(Espa\u00f1ol)","author":"multiofertasvip","date":"agosto 26, 2024","format":false,"excerpt":"\u00bfQu\u00e9 pasa si todo lo que te han ense\u00f1ado o has aprendido sobre el dinero, la riqueza y la abundancia est\u00e1 desactualizado o es incorrecto? Durante esta clase nocturna, el Dr. Dain Heer le presentar\u00e1 una forma muy diferente de funcionar y ser en el \u00e1rea del dinero. \u00a1Bienvenido a\u00a0Ser\u2026","rel":"","context":"Entrada similar","block_context":{"text":"Entrada similar","link":""},"img":{"alt_text":"","src":"https:\/\/i0.wp.com\/multiofertasvip.com\/wp-content\/uploads\/2024\/08\/being.jpg?fit=200%2C200&ssl=1&resize=350%2C200","width":350,"height":200},"classes":[]},{"id":33239,"url":"https:\/\/multiofertasvip.com\/?product=cirugias-cuanticas-dinero-paula-andrea-gil","url_meta":{"origin":33198,"position":2},"title":"Cirug\u00edas cu\u00e1nticas Dinero-Paula Andrea Gil","author":"multiofertasvip","date":"octubre 4, 2024","format":false,"excerpt":"Si ya tomaste la clase avanzada y quieres profundizar en el tema de dinero, tendremos la clase de especialidad de cirug\u00edas cu\u00e1nticas dinero, en el que abordaremos diferentes temas cu\u00e1nticos en relaci\u00f3n con el dinero y tambi\u00e9n veremos las diferentes formas de usar las cirug\u00edas cu\u00e1nticas en este t\u00f3pico para\u2026","rel":"","context":"Entrada similar","block_context":{"text":"Entrada similar","link":""},"img":{"alt_text":"","src":"https:\/\/i0.wp.com\/multiofertasvip.com\/wp-content\/uploads\/2024\/10\/Cirugias-Cuanticas-Dinero.jpeg?fit=200%2C200&ssl=1&resize=350%2C200","width":350,"height":200},"classes":[]},{"id":33735,"url":"https:\/\/multiofertasvip.com\/?product=como-convertirse-en-dinero-edicion-9-vanesa-litvac","url_meta":{"origin":33198,"position":3},"title":"Como convertirse en Dinero Edicion 9-Vanesa Litvac","author":"multiofertasvip","date":"abril 4, 2025","format":false,"excerpt":"\u00bfEst\u00e1s dispuesto\/a a tener dinero?? \ud83d\udcb0C\u00d3MO CONVERTIRSE EN DINERO \ud83d\udcb0\ud83d\udca5 9\u00b0 Edici\u00f3n Gesti\u00f3n del Curso (a trav\u00e9s de 10 clases por zoom) la programaci\u00f3n de las clases (fecha y hora) 18 al 28 de Abril a 16hs Arg 18 al 28 de Abril a 13hs Mex 18 al 28 de\u2026","rel":"","context":"Entrada similar","block_context":{"text":"Entrada similar","link":""},"img":{"alt_text":"","src":"https:\/\/i0.wp.com\/multiofertasvip.com\/wp-content\/uploads\/2025\/04\/COMO-CONVERTIRSE-EN-DINERO-ED-9.png?fit=200%2C200&ssl=1&resize=350%2C200","width":350,"height":200},"classes":[]},{"id":32945,"url":"https:\/\/multiofertasvip.com\/?product=clase-9-trannies-maria-berenice-lara-laursen","url_meta":{"origin":33198,"position":4},"title":"Clase 9 Trannies-Maria Berenice Lara Laursen","author":"multiofertasvip","date":"junio 28, 2024","format":false,"excerpt":"Clase extra \"S\u00faper poderes \/ 9 trannies\" con Maria Berenice Lara Laursen \u00bfSer\u00e1 el momento de elegir tus SUPERPODERES? o \u00bfvas a seguir pretendiendo que eres pat\u00e9tico? \u00bfCansado de perseguir tus superpoderes? O a\u00fan peor... \u00bfTienes habilidades que no sabes controlar o sacarles provecho y luego los usas en tu\u2026","rel":"","context":"Entrada similar","block_context":{"text":"Entrada similar","link":""},"img":{"alt_text":"","src":"https:\/\/i0.wp.com\/multiofertasvip.com\/wp-content\/uploads\/2024\/06\/9-tran.png?fit=200%2C200&ssl=1&resize=350%2C200","width":350,"height":200},"classes":[]},{"id":34860,"url":"https:\/\/multiofertasvip.com\/?product=the-money-class-dr-dain-heer","url_meta":{"origin":33198,"position":5},"title":"The Money Class-Dr. Dain Heer","author":"multiofertasvip","date":"febrero 26, 2026","format":false,"excerpt":"Curso La Clase de Dinero No es lo Que Pensabas Dain Heer Una serie de 4 llamadas con el Dr. Dain Heer. Este producto es una serie de 4 llamadas sobre dinero de mi programa Monstruos de Milagros. Juntos, creamos algo completamente diferente e inesperado. Y eso es decirlo suavemente.\u2026","rel":"","context":"Entrada similar","block_context":{"text":"Entrada similar","link":""},"img":{"alt_text":"","src":"https:\/\/i0.wp.com\/multiofertasvip.com\/wp-content\/uploads\/2026\/02\/money-class.jpg?fit=200%2C200&ssl=1&resize=350%2C200","width":350,"height":200},"classes":[]}],"jetpack_sharing_enabled":false,"jetpack_likes_enabled":false,"_links":{"self":[{"href":"https:\/\/multiofertasvip.com\/index.php?rest_route=\/wp\/v2\/product\/33198","targetHints":{"allow":["GET"]}}],"collection":[{"href":"https:\/\/multiofertasvip.com\/index.php?rest_route=\/wp\/v2\/product"}],"about":[{"href":"https:\/\/multiofertasvip.com\/index.php?rest_route=\/wp\/v2\/types\/product"}],"version-history":[{"count":1,"href":"https:\/\/multiofertasvip.com\/index.php?rest_route=\/wp\/v2\/product\/33198\/revisions"}],"predecessor-version":[{"id":33204,"href":"https:\/\/multiofertasvip.com\/index.php?rest_route=\/wp\/v2\/product\/33198\/revisions\/33204"}],"wp:featuredmedia":[{"embeddable":true,"href":"https:\/\/multiofertasvip.com\/index.php?rest_route=\/wp\/v2\/media\/33202"}],"wp:attachment":[{"href":"https:\/\/multiofertasvip.com\/index.php?rest_route=%2Fwp%2Fv2%2Fmedia&parent=33198"}],"wp:term":[{"taxonomy":"product_brand","embeddable":true,"href":"https:\/\/multiofertasvip.com\/index.php?rest_route=%2Fwp%2Fv2%2Fproduct_brand&post=33198"},{"taxonomy":"product_cat","embeddable":true,"href":"https:\/\/multiofertasvip.com\/index.php?rest_route=%2Fwp%2Fv2%2Fproduct_cat&post=33198"},{"taxonomy":"product_tag","embeddable":true,"href":"https:\/\/multiofertasvip.com\/index.php?rest_route=%2Fwp%2Fv2%2Fproduct_tag&post=33198"}],"curies":[{"name":"wp","href":"https:\/\/api.w.org\/{rel}","templated":true}]}}