{"id":33197,"date":"2024-09-10T12:52:17","date_gmt":"2024-09-10T18:22:17","guid":{"rendered":"https:\/\/multiofertasvip.com\/?post_type=product&#038;p=33197"},"modified":"2024-09-10T13:00:17","modified_gmt":"2024-09-10T18:30:17","slug":"the-communion-package-dr-dain-heerespanol","status":"publish","type":"product","link":"https:\/\/multiofertasvip.com\/?product=the-communion-package-dr-dain-heerespanol","title":{"rendered":"The Communion Package-Dr. Dain Heer(Espa\u00f1ol)"},"content":{"rendered":"<div class=\"AxqVh\">\n<div class=\"OPPzxe\">\n<div class=\"QcsUad BDJ8fb BLojaf sMVRZe hCXDsb wneUed\">\n<div class=\"usGWQd\">\n<div class=\"KkbLmb\">\n<div class=\"lRu31\" dir=\"ltr\">\n<div id=\"ow2302\">\n<p><span>Una selecci\u00f3n especial de 4 sesiones con el Dr. Dain Heer de la tercera ronda de 30 d\u00edas ESB donde la energ\u00eda condujo a la belleza y al espacio de comuni\u00f3n.\u00a0<\/span><\/p>\n<p><span>Si ya no funcion\u00e1ramos desde la conexi\u00f3n y en cambio permiti\u00e9ramos\u00a0<\/span><span>el espacio desconocido llamado comuni\u00f3n, no habr\u00eda NO ni NO POSIBLE.\u00a0<\/span><\/p>\n<p><span>Ahora es el espacio.<\/span><\/p>\n<p><span>Este producto incluye cuatro sesiones con el Dr. Dain Heer con las energ\u00edas de la comuni\u00f3n entretejidas de manera \u00fanica en todas ellas, incluidas las energ\u00edas de ESC (S\u00edntesis Energ\u00e9tica de Comuni\u00f3n).\u00a0<\/span><\/p>\n<p><b><i><span>Notas sobre cada sesi\u00f3n:\u00a0<\/span><\/i><\/b><\/p>\n<p><b><i><span>ESB R3 #12 Los Animales\u00a0<\/span><\/i><\/b><\/p>\n<p><i><span>\u00bfQu\u00e9 nos muestran los animales que es posible? \u00bfY qu\u00e9 podemos ser nosotros para despertar en ellos sus capacidades reales?<\/span><\/i><\/p>\n<p><i><span>\u201cEres la magia de la unidad que est\u00e1 descendiendo sobre este planeta como por arte de magia. Ya no tienes que luchar m\u00e1s. Y ya no la pongas fuera de ti. S\u00e9lo. Toma las decisiones necesarias\u201d. Dain<\/span><\/i><\/p>\n<p><b><i><span>ESB R3 #13 Comuni\u00f3n y S\u00edntesis Energ\u00e9tica de la Comuni\u00f3n<\/span><\/i><\/b><\/p>\n<p><i><span>\u00bfPermitir\u00e1s que el all\u00ed de un mundo totalmente diferente se convierta en tu aqu\u00ed y ahora para que ya no sea all\u00ed, sino lo que t\u00fa eres?<\/span><\/i><\/p>\n<p><i><span>\u201cGracias, Tierra, por permitirnos ser tuyos y t\u00fa ser nuestro, sin ning\u00fan tipo de propiedad. Gracias por permitirnos ver la belleza que eres. Y por permitirnos ser tus administradores, compa\u00f1eros de juego y cocreadores\u201d. Dain\u00a0<\/span><\/i><\/p>\n<p><b><i><span>ESB R3 #17 Comuni\u00f3n. Ahora es el espacio.\u00a0<\/span><\/i><\/b><\/p>\n<p><i><span>\u201cAhora es el espacio para la comuni\u00f3n de todos y con todo lo que nosotros y nuestros cuerpos verdaderamente somos. Cada uno de estos espacios es como un universo propio que, a medida que lo exploras, abre otros universos\u201d. Dain\u00a0<\/span><\/i><\/p>\n<p><b><i><span>Sesi\u00f3n ESB de La Magia del Ser de agosto de 2022<\/span><\/i><\/b><\/p>\n<p><i><span>\u201cUna sesi\u00f3n de ESB del programa anual La magia del ser es una contribuci\u00f3n din\u00e1mica al espacio delicioso de las primeras tres sesiones anteriores. El hermoso espacio que invita fue posible<\/span><\/i><\/p>\n<\/div>\n<\/div>\n<div class=\"VO9ucd\">\n<div class=\"YJGJsb\">\n<div class=\"VfPpkd-Bz112c-Jh9lGc\"><\/div>\n<div class=\"VfPpkd-Bz112c-RLmnJb\"><\/div>\n<div id=\"ucc-7\" class=\"EY8ABd-OWXEXe-TAWMXe\" role=\"tooltip\" aria-hidden=\"true\"><\/div>\n<div>\n<div data-show-delay-ms=\"250\" data-append-to-body=\"true\" data-propagate-tooltip-mouseover-events=\"true\" data-anchor-corner=\"bottom-left\" data-enable-skip-handler=\"false\" data-popup-corner=\"top-left\">\n<div class=\"dig2sb\">\n<div class=\"VfPpkd-Bz112c-Jh9lGc\"><\/div>\n<div class=\"VfPpkd-Bz112c-RLmnJb\"><\/div>\n<\/div>\n<\/div>\n<\/div>\n<div class=\"VfPpkd-Bz112c-Jh9lGc\"><\/div>\n<div class=\"VfPpkd-Bz112c-RLmnJb\"><\/div>\n<div id=\"tt-c35\" class=\"EY8ABd-OWXEXe-TAWMXe\" role=\"tooltip\" aria-hidden=\"true\"><\/div>\n<\/div>\n<\/div>\n<\/div>\n<\/div>\n<\/div>\n<\/div>\n<\/div>\n<div class=\"OwOEge\">\n<div class=\"cJ1Ndf\"><\/div>\n<\/div>\n","protected":false},"excerpt":{"rendered":"<p>Una selecci\u00f3n especial de 4 sesiones con el Dr. Dain Heer de la tercera ronda de 30 d\u00edas ESB donde la energ\u00eda condujo a la belleza y al espacio de comuni\u00f3n.\u00a0 Si ya no funcion\u00e1ramos desde la conexi\u00f3n y en cambio permiti\u00e9ramos\u00a0el espacio desconocido llamado comuni\u00f3n, no habr\u00eda NO ni NO POSIBLE.\u00a0 Ahora es el [&#8230;]\n","protected":false},"featured_media":33200,"template":"","meta":{"_monsterinsights_skip_tracking":false,"_monsterinsights_sitenote_active":false,"_monsterinsights_sitenote_note":"","_monsterinsights_sitenote_category":0,"jetpack_post_was_ever_published":false,"jetpack_publicize_message":"","jetpack_publicize_feature_enabled":true,"jetpack_social_post_already_shared":true,"jetpack_social_options":{"image_generator_settings":{"template":"highway","default_image_id":0,"font":"","enabled":false},"version":2}},"product_brand":[],"product_cat":[122],"product_tag":[263,142,260,211,254,119,251,215,257,249,243,230,182,226,253,236,229,143,228,232,258,234,262,239,220,265,219,225,240,238,140,242,235,244,266,267,248,210,245,212,250,227,255,264,252,217,216,233,261,73,237,231,247,221,246,222,223,224,259,241,256,218,213,214,53],"class_list":{"0":"post-33197","1":"product","2":"type-product","3":"status-publish","4":"has-post-thumbnail","6":"product_cat-access-consciousness","7":"product_tag-animales","8":"product_tag-avanzado","9":"product_tag-biden","10":"product_tag-billetes","11":"product_tag-bitcoin","12":"product_tag-carrera","13":"product_tag-china","14":"product_tag-christopher-olivarrieta","15":"product_tag-cine","16":"product_tag-coranavirus","17":"product_tag-cultura","18":"product_tag-cursos","19":"product_tag-dinero","20":"product_tag-dios","21":"product_tag-dolar","22":"product_tag-enric-corbera","23":"product_tag-ensenanza-en-casa","24":"product_tag-entidades","25":"product_tag-escuela","26":"product_tag-especialidad","27":"product_tag-estrenos","28":"product_tag-estudios","29":"product_tag-facebook","30":"product_tag-famosos","31":"product_tag-free","32":"product_tag-gatos","33":"product_tag-gratis","34":"product_tag-guerra","35":"product_tag-humor","36":"product_tag-internet","37":"product_tag-jose-palomo","38":"product_tag-juegos","39":"product_tag-lavin","40":"product_tag-manga","41":"product_tag-mercado-libre","42":"product_tag-mercado-pago","43":"product_tag-meteorologia","44":"product_tag-moneda","45":"product_tag-musica","46":"product_tag-nuevo","47":"product_tag-omnicron","48":"product_tag-oracion","49":"product_tag-peliculas","50":"product_tag-perros","51":"product_tag-peso","52":"product_tag-porn","53":"product_tag-porno","54":"product_tag-profesional","55":"product_tag-putin","56":"product_tag-salud","57":"product_tag-sexo","58":"product_tag-talleres","59":"product_tag-television","60":"product_tag-terapias","61":"product_tag-trabajo","62":"product_tag-ucrania","63":"product_tag-ukrania","64":"product_tag-usa","65":"product_tag-vacuna","66":"product_tag-viajes","67":"product_tag-videos","68":"product_tag-xxx","69":"product_tag-youtube","70":"product_tag-youtube-yuen-guadalajara","71":"product_tag-yuen","73":"first","74":"instock","75":"downloadable","76":"virtual","77":"purchasable","78":"product-type-simple"},"jetpack_publicize_connections":[],"jetpack-related-posts":[{"id":32965,"url":"https:\/\/multiofertasvip.com\/?product=30-dayas-of-esb-dr-dain-heer","url_meta":{"origin":33197,"position":0},"title":"30 Days of ESB(BODY)-Dr. Dain Heer","author":"multiofertasvip","date":"julio 5, 2024","format":false,"excerpt":"El paquete corporal \u00a0\u00a0\u00a0\u00a0Grabaci\u00f3n de audio y video con el Dr. Dain Heer Una selecci\u00f3n especial de sesiones ESB de la Ronda 3 de 30 d\u00edas especialmente para ti y tu cuerpo. Notas sobre la sesi\u00f3n 26\u00a0 No eres lo que pensabas que eras. Tu cuerpo no es lo que\u2026","rel":"","context":"Entrada similar","block_context":{"text":"Entrada similar","link":""},"img":{"alt_text":"","src":"https:\/\/i0.wp.com\/kajabi-storefronts-production.kajabi-cdn.com\/kajabi-storefronts-production\/site\/5658\/images\/0FmIDhVTQoWUenWolsMa_wsPmaEUtSbCEHEsXl7MP_YOU_GIT_THIS.png?resize=350%2C200&ssl=1","width":350,"height":200},"classes":[]},{"id":32968,"url":"https:\/\/multiofertasvip.com\/?product=dna-unlocking-session-dr-dain-heer","url_meta":{"origin":33197,"position":1},"title":"DNA Unlocking Session-Dr. Dain Heer","author":"multiofertasvip","date":"julio 5, 2024","format":false,"excerpt":"La sesi\u00f3n de desbloqueo del ADN \u00a0\u00a0\u00a0\u00a0Grabaci\u00f3n de audio y video con el Dr. Dain Heer Esta es una sesi\u00f3n especial disponible para usted individualmente de la segunda ronda de sesiones ESB de 30 d\u00edas con el Dr. Dain Heer. Desafortunadamente no hay palabras para describir lo que crea esta\u2026","rel":"","context":"Entrada similar","block_context":{"text":"Entrada similar","link":""},"img":{"alt_text":"","src":"https:\/\/i0.wp.com\/kajabi-storefronts-production.kajabi-cdn.com\/kajabi-storefronts-production\/site\/5658\/images\/0FmIDhVTQoWUenWolsMa_wsPmaEUtSbCEHEsXl7MP_YOU_GIT_THIS.png?resize=350%2C200&ssl=1","width":350,"height":200},"classes":[]},{"id":32812,"url":"https:\/\/multiofertasvip.com\/?product=30-dias-de-esb-access-consciousness-dr-dain-heer","url_meta":{"origin":33197,"position":2},"title":"30 D\u00edas de ESB (Access Consciousness) Dr Dain Heer","author":"multiofertasvip","date":"mayo 13, 2024","format":false,"excerpt":"No hay palabras para lo que se avecina... Comenc\u00e9 a hacer estas cosas llamadas\u00a0\u201cGrandes ESB Sessions\u201d\u00a0donde nos reunimos, todos hacen su PEDIDO y la contribuci\u00f3n de todos nosotros abre cada vez m\u00e1s espacio. Ha sido realmente fenomenal. Despu\u00e9s de la \u00faltima ronda de cinco sesiones de ESB, pregunt\u00e9: \"\u00bfQu\u00e9 se\u2026","rel":"","context":"Entrada similar","block_context":{"text":"Entrada similar","link":""},"img":{"alt_text":"","src":"https:\/\/i0.wp.com\/multiofertasvip.com\/wp-content\/uploads\/2024\/05\/30-dias.png?fit=200%2C200&ssl=1&resize=350%2C200","width":350,"height":200},"classes":[]},{"id":34860,"url":"https:\/\/multiofertasvip.com\/?product=the-money-class-dr-dain-heer","url_meta":{"origin":33197,"position":3},"title":"The Money Class-Dr. Dain Heer","author":"multiofertasvip","date":"febrero 26, 2026","format":false,"excerpt":"Curso La Clase de Dinero No es lo Que Pensabas Dain Heer Una serie de 4 llamadas con el Dr. Dain Heer. Este producto es una serie de 4 llamadas sobre dinero de mi programa Monstruos de Milagros. Juntos, creamos algo completamente diferente e inesperado. Y eso es decirlo suavemente.\u2026","rel":"","context":"Entrada similar","block_context":{"text":"Entrada similar","link":""},"img":{"alt_text":"","src":"https:\/\/i0.wp.com\/multiofertasvip.com\/wp-content\/uploads\/2026\/02\/money-class.jpg?fit=200%2C200&ssl=1&resize=350%2C200","width":350,"height":200},"classes":[]},{"id":32960,"url":"https:\/\/multiofertasvip.com\/?product=being-money-esb-dr-dain-heer","url_meta":{"origin":33197,"position":4},"title":"Being Money ESB-Dr. Dain Heer","author":"multiofertasvip","date":"julio 3, 2024","format":false,"excerpt":"A veces lleva un tiempo reconocer que no hay nada malo en nosotros y que en realidad somos criaturas abundantes que vivimos en un mundo abundante de nuestra creaci\u00f3n\u201d. Dr. Dain Heer Hay algo en el mundo y en nuestras vidas que parece invitar tanto a la importancia como a\u2026","rel":"","context":"Entrada similar","block_context":{"text":"Entrada similar","link":""},"img":{"alt_text":"","src":"https:\/\/i0.wp.com\/multiofertasvip.com\/wp-content\/uploads\/2024\/07\/money.png?fit=200%2C200&ssl=1&resize=350%2C200","width":350,"height":200},"classes":[]},{"id":34603,"url":"https:\/\/multiofertasvip.com\/?product=30-days-of-esb-round-4-en-espanol-dr-dain-heer","url_meta":{"origin":33197,"position":5},"title":"30 Days of ESB Round 4 (En Espa\u00f1ol) \u2013 Dr. Dain Heer","author":"multiofertasvip","date":"diciembre 15, 2025","format":false,"excerpt":"\u00a1Descubre el poder del emprendimiento en 30 d\u00edas! \u00danete a \u00ab30 Days of ESB Round 4\u00bb, un curso dise\u00f1ado para transformar tus ideas en proyectos exitosos. A lo largo de un mes, aprender\u00e1s estrategias clave, recibir\u00e1s mentor\u00eda experta y acceder\u00e1s a una comunidad de emprendedores apasionados. No importa tu nivel\u2026","rel":"","context":"Entrada similar","block_context":{"text":"Entrada similar","link":""},"img":{"alt_text":"","src":"https:\/\/i0.wp.com\/multiofertasvip.com\/wp-content\/uploads\/2025\/12\/ESB-ROUND-4.png?fit=200%2C200&ssl=1&resize=350%2C200","width":350,"height":200},"classes":[]}],"jetpack_sharing_enabled":false,"jetpack_likes_enabled":false,"_links":{"self":[{"href":"https:\/\/multiofertasvip.com\/index.php?rest_route=\/wp\/v2\/product\/33197","targetHints":{"allow":["GET"]}}],"collection":[{"href":"https:\/\/multiofertasvip.com\/index.php?rest_route=\/wp\/v2\/product"}],"about":[{"href":"https:\/\/multiofertasvip.com\/index.php?rest_route=\/wp\/v2\/types\/product"}],"version-history":[{"count":1,"href":"https:\/\/multiofertasvip.com\/index.php?rest_route=\/wp\/v2\/product\/33197\/revisions"}],"predecessor-version":[{"id":33201,"href":"https:\/\/multiofertasvip.com\/index.php?rest_route=\/wp\/v2\/product\/33197\/revisions\/33201"}],"wp:featuredmedia":[{"embeddable":true,"href":"https:\/\/multiofertasvip.com\/index.php?rest_route=\/wp\/v2\/media\/33200"}],"wp:attachment":[{"href":"https:\/\/multiofertasvip.com\/index.php?rest_route=%2Fwp%2Fv2%2Fmedia&parent=33197"}],"wp:term":[{"taxonomy":"product_brand","embeddable":true,"href":"https:\/\/multiofertasvip.com\/index.php?rest_route=%2Fwp%2Fv2%2Fproduct_brand&post=33197"},{"taxonomy":"product_cat","embeddable":true,"href":"https:\/\/multiofertasvip.com\/index.php?rest_route=%2Fwp%2Fv2%2Fproduct_cat&post=33197"},{"taxonomy":"product_tag","embeddable":true,"href":"https:\/\/multiofertasvip.com\/index.php?rest_route=%2Fwp%2Fv2%2Fproduct_tag&post=33197"}],"curies":[{"name":"wp","href":"https:\/\/api.w.org\/{rel}","templated":true}]}}