{"id":33177,"date":"2024-08-30T14:08:53","date_gmt":"2024-08-30T19:38:53","guid":{"rendered":"https:\/\/multiofertasvip.com\/?post_type=product&#038;p=33177"},"modified":"2024-08-30T14:14:52","modified_gmt":"2024-08-30T19:44:52","slug":"taller-sanacion-del-utero-metodo-yuen-antologia-cuantica","status":"publish","type":"product","link":"https:\/\/multiofertasvip.com\/?product=taller-sanacion-del-utero-metodo-yuen-antologia-cuantica","title":{"rendered":"Taller Sanacion del Utero-Metodo Yuen Antologia Cuantica"},"content":{"rendered":"<p>&nbsp;<\/p>\n<p>&nbsp;<\/p>\n<p>Muy buen d\u00eda a toda esta bella comunidad, les invito a participar en el taller de SANACION DEL UTERO con la t\u00e9cnica del M\u00e9todo Yuen en donde se fortalecer\u00e1n y aprender\u00e1n a fortalecer el sistema reproductor femenino a trav\u00e9s de conectar y detectar las principales debilidades de los seis niveles de sanaci\u00f3n del M\u00e9todo Yuen. De tal manera que podr\u00e1n detectar y corregir debilidades como:<br class=\"html-br\" \/>S\u00edndrome de ovario poliqu\u00edstico.<br class=\"html-br\" \/>Miomas, fibromas.<br class=\"html-br\" \/>Inflamaciones e infecciones.<br class=\"html-br\" \/>Desordenes hormonales.<br class=\"html-br\" \/>Fortalecer la producci\u00f3n de hormonas.<br class=\"html-br\" \/>Tumores, sangrado excesivo, etc.<\/p>\n","protected":false},"excerpt":{"rendered":"<p>&nbsp; &nbsp; Muy buen d\u00eda a toda esta bella comunidad, les invito a participar en el taller de SANACION DEL UTERO con la t\u00e9cnica del M\u00e9todo Yuen en donde se fortalecer\u00e1n y aprender\u00e1n a fortalecer el sistema reproductor femenino a trav\u00e9s de conectar y detectar las principales debilidades de los seis niveles de sanaci\u00f3n del [&#8230;]\n","protected":false},"featured_media":33179,"template":"","meta":{"_monsterinsights_skip_tracking":false,"_monsterinsights_sitenote_active":false,"_monsterinsights_sitenote_note":"","_monsterinsights_sitenote_category":0,"jetpack_post_was_ever_published":false,"jetpack_publicize_message":"","jetpack_publicize_feature_enabled":true,"jetpack_social_post_already_shared":true,"jetpack_social_options":{"image_generator_settings":{"template":"highway","default_image_id":0,"font":"","enabled":false},"version":2}},"product_brand":[],"product_cat":[87],"product_tag":[263,142,260,211,254,119,251,215,257,249,243,230,182,226,253,236,229,143,228,232,258,234,262,239,220,265,219,225,240,238,140,242,235,244,266,267,248,210,245,212,250,227,255,264,252,217,216,233,261,73,237,231,247,221,246,222,223,224,259,241,256,218,213,214,53],"class_list":{"0":"post-33177","1":"product","2":"type-product","3":"status-publish","4":"has-post-thumbnail","6":"product_cat-metodo-yuen","7":"product_tag-animales","8":"product_tag-avanzado","9":"product_tag-biden","10":"product_tag-billetes","11":"product_tag-bitcoin","12":"product_tag-carrera","13":"product_tag-china","14":"product_tag-christopher-olivarrieta","15":"product_tag-cine","16":"product_tag-coranavirus","17":"product_tag-cultura","18":"product_tag-cursos","19":"product_tag-dinero","20":"product_tag-dios","21":"product_tag-dolar","22":"product_tag-enric-corbera","23":"product_tag-ensenanza-en-casa","24":"product_tag-entidades","25":"product_tag-escuela","26":"product_tag-especialidad","27":"product_tag-estrenos","28":"product_tag-estudios","29":"product_tag-facebook","30":"product_tag-famosos","31":"product_tag-free","32":"product_tag-gatos","33":"product_tag-gratis","34":"product_tag-guerra","35":"product_tag-humor","36":"product_tag-internet","37":"product_tag-jose-palomo","38":"product_tag-juegos","39":"product_tag-lavin","40":"product_tag-manga","41":"product_tag-mercado-libre","42":"product_tag-mercado-pago","43":"product_tag-meteorologia","44":"product_tag-moneda","45":"product_tag-musica","46":"product_tag-nuevo","47":"product_tag-omnicron","48":"product_tag-oracion","49":"product_tag-peliculas","50":"product_tag-perros","51":"product_tag-peso","52":"product_tag-porn","53":"product_tag-porno","54":"product_tag-profesional","55":"product_tag-putin","56":"product_tag-salud","57":"product_tag-sexo","58":"product_tag-talleres","59":"product_tag-television","60":"product_tag-terapias","61":"product_tag-trabajo","62":"product_tag-ucrania","63":"product_tag-ukrania","64":"product_tag-usa","65":"product_tag-vacuna","66":"product_tag-viajes","67":"product_tag-videos","68":"product_tag-xxx","69":"product_tag-youtube","70":"product_tag-youtube-yuen-guadalajara","71":"product_tag-yuen","73":"first","74":"instock","75":"downloadable","76":"virtual","77":"purchasable","78":"product-type-simple"},"jetpack_publicize_connections":[],"jetpack-related-posts":[{"id":30027,"url":"https:\/\/multiofertasvip.com\/?product=metodo-yuen-guadalajara-taller-influencia-ancestral","url_meta":{"origin":33177,"position":0},"title":"M\u00e9todo Yuen Guadalajara &#8211; Taller Influencia Ancestral","author":"multiofertasvip","date":"octubre 18, 2021","format":false,"excerpt":"\u00a0 \u00a0 \u00a0 \u00a0 \u00a0 \u00a0 \u00a0","rel":"","context":"Entrada similar","block_context":{"text":"Entrada similar","link":""},"img":{"alt_text":"","src":"https:\/\/i0.wp.com\/multiofertasvip.com\/wp-content\/uploads\/2021\/10\/metodo-yuen-guadalajara-taller-influencia-ancestral.jpg?fit=200%2C200&ssl=1&resize=350%2C200","width":350,"height":200},"classes":[]},{"id":30029,"url":"https:\/\/multiofertasvip.com\/?product=metodo-yuen-guadalajara-taller-sanando-ancestros","url_meta":{"origin":33177,"position":1},"title":"M\u00e9todo Yuen Guadalajara &#8211; Taller Sanando Ancestros","author":"multiofertasvip","date":"octubre 18, 2021","format":false,"excerpt":"\u00a0 \u00a0 \u00a0 \u00a0 \u00a0 \u00a0 \u00a0","rel":"","context":"Entrada similar","block_context":{"text":"Entrada similar","link":""},"img":{"alt_text":"","src":"https:\/\/i0.wp.com\/multiofertasvip.com\/wp-content\/uploads\/2021\/10\/metodo-yuen-guadalajara-taller-sanando-ancestros.jpg?fit=200%2C200&ssl=1&resize=350%2C200","width":350,"height":200},"classes":[]},{"id":30036,"url":"https:\/\/multiofertasvip.com\/?product=metodo-yuen-guadalajara-taller-rupturas","url_meta":{"origin":33177,"position":2},"title":"M\u00e9todo Yuen Guadalajara &#8211; Taller Rupturas","author":"multiofertasvip","date":"octubre 18, 2021","format":false,"excerpt":"\u00a0 \u00a0 \u00a0 \u00a0 \u00a0 \u00a0 \u00a0","rel":"","context":"Entrada similar","block_context":{"text":"Entrada similar","link":""},"img":{"alt_text":"","src":"https:\/\/i0.wp.com\/multiofertasvip.com\/wp-content\/uploads\/2021\/10\/metodo-yuen-guadalajara-taller-rupturas.jpg?fit=200%2C200&ssl=1&resize=350%2C200","width":350,"height":200},"classes":[]},{"id":30003,"url":"https:\/\/multiofertasvip.com\/?product=metodo-yuen-guadalajara-taller-de-sexualidad","url_meta":{"origin":33177,"position":3},"title":"Metodo Yuen Guadalajara: Taller de Sexualidad Septiembre 2021","author":"multiofertasvip","date":"septiembre 30, 2021","format":false,"excerpt":"Este Taller esta enfocado a solucionar o mejorar todos los temas relacionados a la sexualidad, -Deficiencias en el desempe\u00f1o sexual -Embarazos -Anorgasmia -Eyaculacion Precoz \u00a0","rel":"","context":"Entrada similar","block_context":{"text":"Entrada similar","link":""},"img":{"alt_text":"","src":"https:\/\/i0.wp.com\/multiofertasvip.com\/wp-content\/uploads\/2021\/09\/TALLER-DE-SEXUALIDAD.png?fit=200%2C200&ssl=1&resize=350%2C200","width":350,"height":200},"classes":[]},{"id":30031,"url":"https:\/\/multiofertasvip.com\/?product=metodo-yuen-guadalajara-taller-de-rupturas","url_meta":{"origin":33177,"position":4},"title":"M\u00e9todo Yuen Guadalajara &#8211; Taller Proposito","author":"multiofertasvip","date":"octubre 18, 2021","format":false,"excerpt":"\u00a0 \u00a0 \u00a0 \u00a0 \u00a0 \u00a0 \u00a0","rel":"","context":"Entrada similar","block_context":{"text":"Entrada similar","link":""},"img":{"alt_text":"","src":"https:\/\/i0.wp.com\/multiofertasvip.com\/wp-content\/uploads\/2021\/10\/metodo-yuen-guadalajara-taller-proposito.jpg?fit=200%2C200&ssl=1&resize=350%2C200","width":350,"height":200},"classes":[]},{"id":30038,"url":"https:\/\/multiofertasvip.com\/?product=metodo-yuen-guadalajara-taller-rendimiento-fisico","url_meta":{"origin":33177,"position":5},"title":"M\u00e9todo Yuen Guadalajara &#8211; Taller Rendimiento Fisico","author":"multiofertasvip","date":"octubre 18, 2021","format":false,"excerpt":"\u00a0 \u00a0 \u00a0 \u00a0 \u00a0 \u00a0 \u00a0","rel":"","context":"Entrada similar","block_context":{"text":"Entrada similar","link":""},"img":{"alt_text":"","src":"https:\/\/i0.wp.com\/multiofertasvip.com\/wp-content\/uploads\/2021\/10\/metodo-yuen-guadalajara-taller-rendimiento-fisico.jpg?fit=200%2C200&ssl=1&resize=350%2C200","width":350,"height":200},"classes":[]}],"jetpack_sharing_enabled":false,"jetpack_likes_enabled":false,"_links":{"self":[{"href":"https:\/\/multiofertasvip.com\/index.php?rest_route=\/wp\/v2\/product\/33177","targetHints":{"allow":["GET"]}}],"collection":[{"href":"https:\/\/multiofertasvip.com\/index.php?rest_route=\/wp\/v2\/product"}],"about":[{"href":"https:\/\/multiofertasvip.com\/index.php?rest_route=\/wp\/v2\/types\/product"}],"version-history":[{"count":1,"href":"https:\/\/multiofertasvip.com\/index.php?rest_route=\/wp\/v2\/product\/33177\/revisions"}],"predecessor-version":[{"id":33180,"href":"https:\/\/multiofertasvip.com\/index.php?rest_route=\/wp\/v2\/product\/33177\/revisions\/33180"}],"wp:featuredmedia":[{"embeddable":true,"href":"https:\/\/multiofertasvip.com\/index.php?rest_route=\/wp\/v2\/media\/33179"}],"wp:attachment":[{"href":"https:\/\/multiofertasvip.com\/index.php?rest_route=%2Fwp%2Fv2%2Fmedia&parent=33177"}],"wp:term":[{"taxonomy":"product_brand","embeddable":true,"href":"https:\/\/multiofertasvip.com\/index.php?rest_route=%2Fwp%2Fv2%2Fproduct_brand&post=33177"},{"taxonomy":"product_cat","embeddable":true,"href":"https:\/\/multiofertasvip.com\/index.php?rest_route=%2Fwp%2Fv2%2Fproduct_cat&post=33177"},{"taxonomy":"product_tag","embeddable":true,"href":"https:\/\/multiofertasvip.com\/index.php?rest_route=%2Fwp%2Fv2%2Fproduct_tag&post=33177"}],"curies":[{"name":"wp","href":"https:\/\/api.w.org\/{rel}","templated":true}]}}