{"id":33173,"date":"2024-08-30T13:28:38","date_gmt":"2024-08-30T18:58:38","guid":{"rendered":"https:\/\/multiofertasvip.com\/?post_type=product&#038;p=33173"},"modified":"2024-08-30T13:33:33","modified_gmt":"2024-08-30T19:03:33","slug":"limpieza-de-espacios-elma-galvan","status":"publish","type":"product","link":"https:\/\/multiofertasvip.com\/?product=limpieza-de-espacios-elma-galvan","title":{"rendered":"Limpieza de Espacios-Elma Galvan"},"content":{"rendered":"<div id=\"section-1575400116835\" data-section-id=\"1575400116835\">\n<div class=\"section\n\n  background-light \" data-reveal-event=\"\" data-reveal-offset=\"\" data-reveal-units=\"seconds\"><\/p>\n<div class=\"sizer \">\n<div class=\"container \">\n<div class=\"row align-items-center justify-content-center\">\n<div id=\"block-1575400116835_0\" class=\"\n  block-type--text\n  text-center\n  col-8\n\n   \" data-reveal-event=\"\" data-reveal-offset=\"\" data-reveal-units=\"seconds\"><\/p>\n<div class=\"block box-shadow-none background-unrecognized aos-init aos-animate\" data-aos=\"none\" data-aos-delay=\"0\" data-aos-duration=\"0\">\n<h3><strong>\u00bfC\u00f3mo ser\u00eda armonizar tus espacios y cambiar las mol\u00e9culas para crear una vida mas\u00a0nutritiva y con mayores posibilidades?<\/strong><\/h3>\n<\/div>\n<\/div>\n<div id=\"block-1585084648477\" class=\"\n  block-type--video\n  text-left\n  col-6\n\n   \" data-reveal-event=\"\" data-reveal-offset=\"\" data-reveal-units=\"seconds\"><\/p>\n<div class=\"block box-shadow-none background-unrecognized aos-init aos-animate\" data-aos=\"none\" data-aos-delay=\"0\" data-aos-duration=\"0\">\n<div class=\"video\">\n<div class=\"kjb-video-responsive\">\n<div id=\"wistia_xgf618o4bc\" class=\"wistia_embed wistia_async_xgf618o4bc wistia_embed_initialized\" data-track-progress=\"\" data-tracked-percent=\"\">\n<div id=\"wistia_chrome_51\" class=\"w-chrome notranslate\" tabindex=\"-1\">\n<div id=\"wistia_grid_57_wrapper\">\n<div id=\"wistia_grid_57_above\"><\/div>\n<div id=\"wistia_grid_57_main\">\n<div id=\"wistia_grid_57_behind\"><\/div>\n<div id=\"wistia_grid_57_center\">\n<div class=\"w-video-wrapper w-css-reset\"><\/div>\n<div class=\"w-ui-container\">\n<div id=\"w-vulcan-v2-56\" class=\"w-vulcan-v2 w-css-reset\">\n<div class=\"w-vulcan--background w-css-reset\">\n<div class=\"w-css-reset\" data-handle=\"statusBar\"><\/div>\n<div class=\"w-css-reset\" data-handle=\"backgroundFocus\"><\/div>\n<div class=\"w-css-reset\" data-handle=\"thumbnail\">\n<div>\n<div class=\"w-css-reset\"><img data-recalc-dims=\"1\" fetchpriority=\"high\" decoding=\"async\" class=\"w-css-reset aligncenter\" src=\"https:\/\/i0.wp.com\/kajabi-storefronts-production.kajabi-cdn.com\/kajabi-storefronts-production\/themes\/2019030\/settings_images\/9RBVSY9Rl2FcqxB01wPF_file.jpg?resize=661%2C372&#038;ssl=1\" srcset=\"\" alt=\"Video Thumbnail\" width=\"661\" height=\"372\" \/><\/div>\n<\/div>\n<\/div>\n<\/div>\n<div class=\"w-vulcan--aria-live w-css-reset\" aria-live=\"polite\" aria-atomic=\"true\"><\/div>\n<div class=\"w-vulcan-overlays-table w-css-reset\">\n<div class=\"w-vulcan-overlays--left w-css-reset\">\n<div class=\"w-css-reset\"><\/div>\n<\/div>\n<div class=\"w-vulcan-overlays--center w-css-reset\">\n<div class=\"w-css-reset\">\n<div class=\"w-css-reset\" data-handle=\"bigPlayButton\">\n<div class=\"w-bpb-wrapper w-css-reset w-css-reset-tree\">\n<div><\/div>\n<div><\/div>\n<\/div>\n<\/div>\n<div class=\"w-css-reset\" data-handle=\"clickForSoundButton\"><strong style=\"font-size: 14.4px;\">\u00bfTe ha pasado que est\u00e1s en alg\u00fan lugar y sientes la vibra pesada?\u00a0<\/strong><\/div>\n<\/div>\n<\/div>\n<\/div>\n<\/div>\n<\/div>\n<\/div>\n<\/div>\n<\/div>\n<\/div>\n<\/div>\n<\/div>\n<\/div>\n<\/div>\n<\/div>\n<\/div>\n<\/div>\n<\/div>\n<\/div>\n<\/div>\n<div id=\"section-1585090691239\" data-section-id=\"1585090691239\">\n<div class=\"section\n\n  background-light \" data-reveal-event=\"\" data-reveal-offset=\"\" data-reveal-units=\"seconds\"><\/p>\n<div class=\"sizer \">\n<div class=\"container \">\n<div class=\"row align-items-center justify-content-center\">\n<div id=\"block-1585090691239_2\" class=\"\n  block-type--text\n  text-center\n  col-4\n\n   \" data-reveal-event=\"\" data-reveal-offset=\"\" data-reveal-units=\"seconds\"><\/p>\n<div class=\"block box-shadow-none background-light aos-init aos-animate\" data-aos=\"none\" data-aos-delay=\"0\" data-aos-duration=\"0\">\n<h4><strong>\u00bfC\u00f3mo seria limpiar energ\u00e9ticamente esas \u00e1reas que te est\u00e1n causando limitaci\u00f3n y frustraci\u00f3n en tu vida?<\/strong><\/h4>\n<\/div>\n<\/div>\n<div id=\"block-1589393853280\" class=\"\n  block-type--text\n  text-left\n  col-4\n\n   \" data-reveal-event=\"\" data-reveal-offset=\"\" data-reveal-units=\"seconds\"><\/p>\n<div class=\"block box-shadow-none background-light aos-init aos-animate\" data-aos=\"none\" data-aos-delay=\"0\" data-aos-duration=\"0\">\n<h4><strong>\u00bfCu\u00e1ndo llegas a tu casa o el trabajo percibes que cambia tu humor sin ninguna raz\u00f3n?<\/strong><\/h4>\n<\/div>\n<\/div>\n<\/div>\n<\/div>\n<\/div>\n<\/div>\n<\/div>\n<div id=\"section-1585092505668\" data-section-id=\"1585092505668\">\n<div class=\"section\n\n  background-light \" data-reveal-event=\"\" data-reveal-offset=\"\" data-reveal-units=\"seconds\"><\/p>\n<div class=\"sizer \">\n<div class=\"container \">\n<div class=\"row align-items-center justify-content-center\">\n<div id=\"block-1585092505668_0\" class=\"\n  block-type--text\n  text-center\n  col-10\n\n   \" data-reveal-event=\"\" data-reveal-offset=\"\" data-reveal-units=\"seconds\"><\/p>\n<div class=\"block box-shadow-none background-light aos-init aos-animate\" data-aos=\"none\" data-aos-delay=\"0\" data-aos-duration=\"0\">\n<h2>&#8220;Limpieza de espacios&#8221;<\/h2>\n<p>\u00bfAlguna vez te ha pasado que llegas a un lugar y te percibes inc\u00f3modo?<\/p>\n<p>\u00bfSientes que la energ\u00eda te oprime tu cuerpo o tus emociones cambian sin motivo aparente? Qu\u00e9 tal si esto no tiene nada que ver contigo y mucho o todo tiene que ver con el espacio que trae ah\u00ed unas energ\u00edas cargadas, pesadas, oscuras.<\/p>\n<p>En esta clase de limpieza de\u00a0 espacios, te ense\u00f1ar\u00e9 a limpiar energ\u00e9ticamente tu casa, tu oficina para que de esta manera\u00a0 puedas tener much\u00edsima m\u00e1s facilidad con tu cuerpo, contigo, con tu espacio, y con tus relaciones.<\/p>\n<\/div>\n<p>Clase de\u00a02 horas en\u00a0plataforma de Zoom<\/p>\n<\/div>\n<\/div>\n<\/div>\n<\/div>\n<\/div>\n<\/div>\n","protected":false},"excerpt":{"rendered":"<p>\u00bfC\u00f3mo ser\u00eda armonizar tus espacios y cambiar las mol\u00e9culas para crear una vida mas\u00a0nutritiva y con mayores posibilidades? \u00bfTe ha pasado que est\u00e1s en alg\u00fan lugar y sientes la vibra pesada?\u00a0 \u00bfC\u00f3mo seria limpiar energ\u00e9ticamente esas \u00e1reas que te est\u00e1n causando limitaci\u00f3n y frustraci\u00f3n en tu vida? \u00bfCu\u00e1ndo llegas a tu casa o el trabajo [&#8230;]\n","protected":false},"featured_media":33174,"template":"","meta":{"_monsterinsights_skip_tracking":false,"_monsterinsights_sitenote_active":false,"_monsterinsights_sitenote_note":"","_monsterinsights_sitenote_category":0,"jetpack_post_was_ever_published":false,"jetpack_publicize_message":"","jetpack_publicize_feature_enabled":true,"jetpack_social_post_already_shared":true,"jetpack_social_options":{"image_generator_settings":{"template":"highway","default_image_id":0,"font":"","enabled":false},"version":2}},"product_brand":[],"product_cat":[122],"product_tag":[263,142,260,211,254,119,251,215,257,249,243,230,182,226,253,236,229,143,228,232,258,234,262,239,220,265,219,225,240,238,140,242,235,244,266,267,248,210,245,212,250,227,255,264,252,217,216,233,261,73,237,231,247,221,246,222,223,224,259,241,256,218,213,214,53],"class_list":{"0":"post-33173","1":"product","2":"type-product","3":"status-publish","4":"has-post-thumbnail","6":"product_cat-access-consciousness","7":"product_tag-animales","8":"product_tag-avanzado","9":"product_tag-biden","10":"product_tag-billetes","11":"product_tag-bitcoin","12":"product_tag-carrera","13":"product_tag-china","14":"product_tag-christopher-olivarrieta","15":"product_tag-cine","16":"product_tag-coranavirus","17":"product_tag-cultura","18":"product_tag-cursos","19":"product_tag-dinero","20":"product_tag-dios","21":"product_tag-dolar","22":"product_tag-enric-corbera","23":"product_tag-ensenanza-en-casa","24":"product_tag-entidades","25":"product_tag-escuela","26":"product_tag-especialidad","27":"product_tag-estrenos","28":"product_tag-estudios","29":"product_tag-facebook","30":"product_tag-famosos","31":"product_tag-free","32":"product_tag-gatos","33":"product_tag-gratis","34":"product_tag-guerra","35":"product_tag-humor","36":"product_tag-internet","37":"product_tag-jose-palomo","38":"product_tag-juegos","39":"product_tag-lavin","40":"product_tag-manga","41":"product_tag-mercado-libre","42":"product_tag-mercado-pago","43":"product_tag-meteorologia","44":"product_tag-moneda","45":"product_tag-musica","46":"product_tag-nuevo","47":"product_tag-omnicron","48":"product_tag-oracion","49":"product_tag-peliculas","50":"product_tag-perros","51":"product_tag-peso","52":"product_tag-porn","53":"product_tag-porno","54":"product_tag-profesional","55":"product_tag-putin","56":"product_tag-salud","57":"product_tag-sexo","58":"product_tag-talleres","59":"product_tag-television","60":"product_tag-terapias","61":"product_tag-trabajo","62":"product_tag-ucrania","63":"product_tag-ukrania","64":"product_tag-usa","65":"product_tag-vacuna","66":"product_tag-viajes","67":"product_tag-videos","68":"product_tag-xxx","69":"product_tag-youtube","70":"product_tag-youtube-yuen-guadalajara","71":"product_tag-yuen","73":"first","74":"instock","75":"downloadable","76":"virtual","77":"purchasable","78":"product-type-simple"},"jetpack_publicize_connections":[],"jetpack-related-posts":[{"id":30707,"url":"https:\/\/multiofertasvip.com\/?product=limpieza-de-espacios-manfred-zepeda","url_meta":{"origin":33173,"position":0},"title":"Limpieza de Espacios Manfred Zepeda","author":"multiofertasvip","date":"enero 29, 2023","format":false,"excerpt":"\u00bfAlguna vez has sentido energ\u00edas en tu casa, trabajo, auto etc. como sombras, luces o simplemente percibir que hay alguien all\u00ed? La electricidad y los servicios de agua empiezan a descomponerse o las cosas desaparecen, ruidos que tratamos de explicar constantemente o s\u00f3lo no nos sentimos a gusto o inclusive\u2026","rel":"","context":"Entrada similar","block_context":{"text":"Entrada similar","link":""},"img":{"alt_text":"","src":"https:\/\/i0.wp.com\/multiofertasvip.com\/wp-content\/uploads\/2023\/01\/mn.jpg?fit=200%2C200&ssl=1&resize=350%2C200","width":350,"height":200},"classes":[]},{"id":32965,"url":"https:\/\/multiofertasvip.com\/?product=30-dayas-of-esb-dr-dain-heer","url_meta":{"origin":33173,"position":1},"title":"30 Days of ESB(BODY)-Dr. Dain Heer","author":"multiofertasvip","date":"julio 5, 2024","format":false,"excerpt":"El paquete corporal \u00a0\u00a0\u00a0\u00a0Grabaci\u00f3n de audio y video con el Dr. Dain Heer Una selecci\u00f3n especial de sesiones ESB de la Ronda 3 de 30 d\u00edas especialmente para ti y tu cuerpo. Notas sobre la sesi\u00f3n 26\u00a0 No eres lo que pensabas que eras. Tu cuerpo no es lo que\u2026","rel":"","context":"Entrada similar","block_context":{"text":"Entrada similar","link":""},"img":{"alt_text":"","src":"https:\/\/i0.wp.com\/kajabi-storefronts-production.kajabi-cdn.com\/kajabi-storefronts-production\/site\/5658\/images\/0FmIDhVTQoWUenWolsMa_wsPmaEUtSbCEHEsXl7MP_YOU_GIT_THIS.png?resize=350%2C200&ssl=1","width":350,"height":200},"classes":[]},{"id":33197,"url":"https:\/\/multiofertasvip.com\/?product=the-communion-package-dr-dain-heerespanol","url_meta":{"origin":33173,"position":2},"title":"The Communion Package-Dr. Dain Heer(Espa\u00f1ol)","author":"multiofertasvip","date":"septiembre 10, 2024","format":false,"excerpt":"Una selecci\u00f3n especial de 4 sesiones con el Dr. Dain Heer de la tercera ronda de 30 d\u00edas ESB donde la energ\u00eda condujo a la belleza y al espacio de comuni\u00f3n.\u00a0 Si ya no funcion\u00e1ramos desde la conexi\u00f3n y en cambio permiti\u00e9ramos\u00a0el espacio desconocido llamado comuni\u00f3n, no habr\u00eda NO ni\u2026","rel":"","context":"Entrada similar","block_context":{"text":"Entrada similar","link":""},"img":{"alt_text":"","src":"https:\/\/i0.wp.com\/multiofertasvip.com\/wp-content\/uploads\/2024\/09\/pack-comunnion.jpg?fit=200%2C200&ssl=1&resize=350%2C200","width":350,"height":200},"classes":[]},{"id":34791,"url":"https:\/\/multiofertasvip.com\/?product=cirugias-cuanticas-especialidad-espacios-paula-gil","url_meta":{"origin":33173,"position":3},"title":"Limpieza de Espacios-Paula Gil","author":"multiofertasvip","date":"febrero 10, 2026","format":false,"excerpt":"Sab\u00edas que la energ\u00eda de los espacios donde vives influye bastante en tu cuerpo, en tu bienestar e incluso en tu salud. Esta clase te da las herramientas para armonizar, limpiar y transformar la energ\u00eda de cualquier espacio","rel":"","context":"Entrada similar","block_context":{"text":"Entrada similar","link":""},"img":{"alt_text":"\ud83c\udfe0","src":"https:\/\/static.xx.fbcdn.net\/images\/emoji.php\/v9\/tf6\/1\/16\/1f3e0.png","width":350,"height":200},"classes":[]},{"id":34439,"url":"https:\/\/multiofertasvip.com\/?product=muestra-grupal-limpieza-multidimensional-espacios-paula-gil","url_meta":{"origin":33173,"position":4},"title":"Muestra Grupal Limpieza Multidimensional Espacios-Paula Gil","author":"multiofertasvip","date":"octubre 13, 2025","format":false,"excerpt":"Hay muchas energ\u00edas que pueden estar incidiendo en los espacios y que afectan el c\u00f3mo se siente, el si se vende o se renta o no, o lo que se crea en determinado lugar. Te invito a una muestra grupal de limpieza multidimensional de espacios donde puede ser posible transformar\u2026","rel":"","context":"Entrada similar","block_context":{"text":"Entrada similar","link":""},"img":{"alt_text":"","src":"https:\/\/i0.wp.com\/multiofertasvip.com\/wp-content\/uploads\/2025\/10\/ESPACIOS.jpg?fit=200%2C200&ssl=1&resize=350%2C200","width":350,"height":200},"classes":[]},{"id":34813,"url":"https:\/\/multiofertasvip.com\/?product=limpieza-energetica-de-espacios-y-viviendas-integrativo","url_meta":{"origin":33173,"position":5},"title":"Limpieza Energ\u00e9tica de Espacios y Viviendas -Integrativo","author":"multiofertasvip","date":"febrero 18, 2026","format":false,"excerpt":"\ud83c\udf1f\u00a0Transforma Tu Hogar: Curso de Limpieza Energ\u00e9tica de Espacios y Viviendas\u00a0\ud83c\udf1f \u00bfSientes que tu casa carga con energ\u00edas pesadas? \u00bfTe gustar\u00eda crear un ambiente m\u00e1s armonioso y saludable en tu hogar? \u00a1Este curso es exactamente lo que necesitas! \u00bfQu\u00e9 es la Limpieza Energ\u00e9tica? La limpieza energ\u00e9tica es una pr\u00e1ctica ancestral\u2026","rel":"","context":"Entrada similar","block_context":{"text":"Entrada similar","link":""},"img":{"alt_text":"","src":"https:\/\/i0.wp.com\/multiofertasvip.com\/wp-content\/uploads\/2026\/02\/limpieza.png?fit=200%2C200&ssl=1&resize=350%2C200","width":350,"height":200},"classes":[]}],"jetpack_sharing_enabled":false,"jetpack_likes_enabled":false,"_links":{"self":[{"href":"https:\/\/multiofertasvip.com\/index.php?rest_route=\/wp\/v2\/product\/33173","targetHints":{"allow":["GET"]}}],"collection":[{"href":"https:\/\/multiofertasvip.com\/index.php?rest_route=\/wp\/v2\/product"}],"about":[{"href":"https:\/\/multiofertasvip.com\/index.php?rest_route=\/wp\/v2\/types\/product"}],"version-history":[{"count":1,"href":"https:\/\/multiofertasvip.com\/index.php?rest_route=\/wp\/v2\/product\/33173\/revisions"}],"predecessor-version":[{"id":33176,"href":"https:\/\/multiofertasvip.com\/index.php?rest_route=\/wp\/v2\/product\/33173\/revisions\/33176"}],"wp:featuredmedia":[{"embeddable":true,"href":"https:\/\/multiofertasvip.com\/index.php?rest_route=\/wp\/v2\/media\/33174"}],"wp:attachment":[{"href":"https:\/\/multiofertasvip.com\/index.php?rest_route=%2Fwp%2Fv2%2Fmedia&parent=33173"}],"wp:term":[{"taxonomy":"product_brand","embeddable":true,"href":"https:\/\/multiofertasvip.com\/index.php?rest_route=%2Fwp%2Fv2%2Fproduct_brand&post=33173"},{"taxonomy":"product_cat","embeddable":true,"href":"https:\/\/multiofertasvip.com\/index.php?rest_route=%2Fwp%2Fv2%2Fproduct_cat&post=33173"},{"taxonomy":"product_tag","embeddable":true,"href":"https:\/\/multiofertasvip.com\/index.php?rest_route=%2Fwp%2Fv2%2Fproduct_tag&post=33173"}],"curies":[{"name":"wp","href":"https:\/\/api.w.org\/{rel}","templated":true}]}}