{"id":33154,"date":"2024-08-27T10:43:38","date_gmt":"2024-08-27T16:13:38","guid":{"rendered":"https:\/\/multiofertasvip.com\/?post_type=product&#038;p=33154"},"modified":"2024-08-27T10:49:51","modified_gmt":"2024-08-27T16:19:51","slug":"start-making-money_energy-pull-david-kubesespanol","status":"publish","type":"product","link":"https:\/\/multiofertasvip.com\/?product=start-making-money_energy-pull-david-kubesespanol","title":{"rendered":"Start Making Money_Energy pull -David Kubes(espa\u00f1ol)"},"content":{"rendered":"<div class=\"AxqVh\">\n<div class=\"OPPzxe\">\n<div class=\"QcsUad BDJ8fb BLojaf sMVRZe hCXDsb wneUed\">\n<div class=\"usGWQd\">\n<div class=\"KkbLmb\">\n<div class=\"lRu31\" dir=\"ltr\"><\/div>\n<div class=\"VO9ucd\">\n<div class=\"YJGJsb\">\n<div class=\"VfPpkd-Bz112c-Jh9lGc\"><\/div>\n<div class=\"VfPpkd-Bz112c-RLmnJb\">En esta serie de 4 llamadas, el Dr. David Kubes va a construir las bases que le permitir\u00e1n crear el dinero,\u00a0 la riqueza que funciona para usted.<\/div>\n<div id=\"tt-c35\" class=\"EY8ABd-OWXEXe-TAWMXe\" role=\"tooltip\" aria-hidden=\"true\"><\/div>\n<\/div>\n<\/div>\n<\/div>\n<\/div>\n<\/div>\n<\/div>\n<\/div>\n<div class=\"OwOEge\">\n<div class=\"cJ1Ndf\"><\/div>\n<\/div>\n","protected":false},"excerpt":{"rendered":"<p>En esta serie de 4 llamadas, el Dr. David Kubes va a construir las bases que le permitir\u00e1n crear el dinero,\u00a0 la riqueza que funciona para usted.<\/p>\n","protected":false},"featured_media":33157,"template":"","meta":{"_monsterinsights_skip_tracking":false,"_monsterinsights_sitenote_active":false,"_monsterinsights_sitenote_note":"","_monsterinsights_sitenote_category":0,"jetpack_post_was_ever_published":false,"jetpack_publicize_message":"","jetpack_publicize_feature_enabled":true,"jetpack_social_post_already_shared":true,"jetpack_social_options":{"image_generator_settings":{"template":"highway","default_image_id":0,"font":"","enabled":false},"version":2}},"product_brand":[],"product_cat":[122],"product_tag":[263,142,260,211,254,119,251,215,257,249,243,230,182,226,253,236,229,143,228,232,258,234,262,239,220,265,219,225,240,238,140,242,235,244,266,267,248,210,245,212,250,227,255,264,252,217,216,233,261,73,237,231,247,221,246,222,223,224,259,241,256,218,213,214,53],"class_list":{"0":"post-33154","1":"product","2":"type-product","3":"status-publish","4":"has-post-thumbnail","6":"product_cat-access-consciousness","7":"product_tag-animales","8":"product_tag-avanzado","9":"product_tag-biden","10":"product_tag-billetes","11":"product_tag-bitcoin","12":"product_tag-carrera","13":"product_tag-china","14":"product_tag-christopher-olivarrieta","15":"product_tag-cine","16":"product_tag-coranavirus","17":"product_tag-cultura","18":"product_tag-cursos","19":"product_tag-dinero","20":"product_tag-dios","21":"product_tag-dolar","22":"product_tag-enric-corbera","23":"product_tag-ensenanza-en-casa","24":"product_tag-entidades","25":"product_tag-escuela","26":"product_tag-especialidad","27":"product_tag-estrenos","28":"product_tag-estudios","29":"product_tag-facebook","30":"product_tag-famosos","31":"product_tag-free","32":"product_tag-gatos","33":"product_tag-gratis","34":"product_tag-guerra","35":"product_tag-humor","36":"product_tag-internet","37":"product_tag-jose-palomo","38":"product_tag-juegos","39":"product_tag-lavin","40":"product_tag-manga","41":"product_tag-mercado-libre","42":"product_tag-mercado-pago","43":"product_tag-meteorologia","44":"product_tag-moneda","45":"product_tag-musica","46":"product_tag-nuevo","47":"product_tag-omnicron","48":"product_tag-oracion","49":"product_tag-peliculas","50":"product_tag-perros","51":"product_tag-peso","52":"product_tag-porn","53":"product_tag-porno","54":"product_tag-profesional","55":"product_tag-putin","56":"product_tag-salud","57":"product_tag-sexo","58":"product_tag-talleres","59":"product_tag-television","60":"product_tag-terapias","61":"product_tag-trabajo","62":"product_tag-ucrania","63":"product_tag-ukrania","64":"product_tag-usa","65":"product_tag-vacuna","66":"product_tag-viajes","67":"product_tag-videos","68":"product_tag-xxx","69":"product_tag-youtube","70":"product_tag-youtube-yuen-guadalajara","71":"product_tag-yuen","73":"first","74":"instock","75":"downloadable","76":"virtual","77":"purchasable","78":"product-type-simple"},"jetpack_publicize_connections":[],"jetpack-related-posts":[{"id":33162,"url":"https:\/\/multiofertasvip.com\/?product=5-days-living-a-life-of-gratitude-david-kubesespanol","url_meta":{"origin":33154,"position":0},"title":"5 Days Living a Life of Gratitude -David Kubes(espa\u00f1ol)","author":"multiofertasvip","date":"agosto 27, 2024","format":false,"excerpt":"Serie de 5 Audios, el Dr. David Kubes","rel":"","context":"Entrada similar","block_context":{"text":"Entrada similar","link":""},"img":{"alt_text":"","src":"https:\/\/i0.wp.com\/multiofertasvip.com\/wp-content\/uploads\/2024\/08\/gratitude.jpg?fit=200%2C200&ssl=1&resize=350%2C200","width":350,"height":200},"classes":[]},{"id":30483,"url":"https:\/\/multiofertasvip.com\/?product=aprende-biomagnetismo-facil-y-rapido-david-aguirre","url_meta":{"origin":33154,"position":1},"title":"Aprende Biomagnetismo Facil y Rapido-David Aguirre","author":"multiofertasvip","date":"octubre 12, 2022","format":false,"excerpt":"En estos v\u00eddeos aprender\u00e1s a usar imanes para tratar cualquier enfermedad, incluso c\u00e1ncer, diabetes y Sida. Recibir\u00e1s manual del curso y constancia con valor curricular. Temario: El secreto de la eterna Salud!!! Bajar de peso Rastreo a distancia Magnetoterapia El par biomagnetico El pH Como comunicarte con tu subconsciente Biomagnetismo\u2026","rel":"","context":"Entrada similar","block_context":{"text":"Entrada similar","link":""},"img":{"alt_text":"","src":"https:\/\/i0.wp.com\/multiofertasvip.com\/wp-content\/uploads\/2022\/10\/biomagnetismo.jpg?fit=200%2C200&ssl=1&resize=350%2C200","width":350,"height":200},"classes":[]},{"id":30804,"url":"https:\/\/multiofertasvip.com\/?product=mandalas-radionicos-cristhian-david-saavedra-martinez","url_meta":{"origin":33154,"position":2},"title":"Mandalas Radi\u00f3nicos-Adriana Echeverri","author":"multiofertasvip","date":"abril 18, 2023","format":false,"excerpt":"os Mandalas Radi\u00f3nicos son ecosistemas creados a partir de disposici\u00f3n ordenada de los gr\u00e1ficos de radiestesia con el fin de generar estructuras energ\u00e9ticas que contribuyan a la consecuci\u00f3n de objetivos a nivel de la salud, las relaciones, la prosperidad, la protecci\u00f3n, etc. Con los Mandalas Radi\u00f3nicos podr\u00e1s crear el ambiente\u2026","rel":"","context":"Entrada similar","block_context":{"text":"Entrada similar","link":""},"img":{"alt_text":"","src":"https:\/\/i0.wp.com\/multiofertasvip.com\/wp-content\/uploads\/2023\/04\/mandalas.jpg?fit=200%2C200&ssl=1&resize=350%2C200","width":350,"height":200},"classes":[]},{"id":32680,"url":"https:\/\/multiofertasvip.com\/?product=conexion-y-subida-a-la-linea-temporal-42-y-paso-de-nivel-evolutivo-david-topi","url_meta":{"origin":33154,"position":3},"title":"Conexion y subida a la linea temporal 42 y paso de Nivel Evolutivo-David Topi","author":"multiofertasvip","date":"marzo 26, 2024","format":false,"excerpt":"Este curso te explica desde cero el concepto de las l\u00edneas temporales, qu\u00e9 son, c\u00f3mo funcionan, c\u00f3mo influyen en tu realidad y en las cosas que te pasan. Explica qu\u00e9 l\u00edneas temporales existen y c\u00f3mo moverte a la que te\u00a0permite manifestar tu realidad en los niveles de energ\u00eda y vibraci\u00f3n\u2026","rel":"","context":"Entrada similar","block_context":{"text":"Entrada similar","link":""},"img":{"alt_text":"","src":"https:\/\/i0.wp.com\/multiofertasvip.com\/wp-content\/uploads\/2024\/03\/david-topi-1.png?fit=200%2C200&ssl=1&resize=350%2C200","width":350,"height":200},"classes":[]},{"id":35348,"url":"https:\/\/multiofertasvip.com\/?product=cursos-maestrias-en-velas-artificiales-3-cursos-en-1-cristhian-david-2","url_meta":{"origin":33154,"position":4},"title":"Cursos Maestr\u00edas En Velas Artificiales 3 Cursos en 1 \u2013 Cristhian David","author":"multiofertasvip","date":"abril 1, 2026","format":false,"excerpt":"\u00a0 \u00a0 \u00a0 \u00a0 \u00a0 \u00a0 \u00a0","rel":"","context":"Entrada similar","block_context":{"text":"Entrada similar","link":""},"img":{"alt_text":"","src":"https:\/\/i0.wp.com\/multiofertasvip.com\/wp-content\/uploads\/2026\/04\/maestria-en-velas.jpg?fit=300%2C300&ssl=1&resize=350%2C200","width":350,"height":200},"classes":[]},{"id":33859,"url":"https:\/\/multiofertasvip.com\/?product=curso-de-meditacion-consciencia-en-accion-david-garcia-avila","url_meta":{"origin":33154,"position":5},"title":"Curso de Meditacion Consciencia en Accion- David Garcia Avila","author":"multiofertasvip","date":"mayo 1, 2025","format":false,"excerpt":"\u00bfDeseas empezar a vivir plenamente? \u00bfsumergirte en la presencia consciente del ahora? \u00bffavorecer tu paz interior?\u00a0Si es as\u00ed, te recomendamos Iniciar el viaje transformador hacia el descubrimiento de tu potencial interior a trav\u00e9s de la meditaci\u00f3n consciente En este curso, aprender\u00e1s\u00a0diversas t\u00e9cnicas de meditaci\u00f3n dise\u00f1adas para cultivar la consciencia plena\u2026","rel":"","context":"Entrada similar","block_context":{"text":"Entrada similar","link":""},"img":{"alt_text":"","src":"https:\/\/i0.wp.com\/multiofertasvip.com\/wp-content\/uploads\/2025\/05\/meditacion-.png?fit=200%2C200&ssl=1&resize=350%2C200","width":350,"height":200},"classes":[]}],"jetpack_sharing_enabled":false,"jetpack_likes_enabled":false,"_links":{"self":[{"href":"https:\/\/multiofertasvip.com\/index.php?rest_route=\/wp\/v2\/product\/33154","targetHints":{"allow":["GET"]}}],"collection":[{"href":"https:\/\/multiofertasvip.com\/index.php?rest_route=\/wp\/v2\/product"}],"about":[{"href":"https:\/\/multiofertasvip.com\/index.php?rest_route=\/wp\/v2\/types\/product"}],"version-history":[{"count":1,"href":"https:\/\/multiofertasvip.com\/index.php?rest_route=\/wp\/v2\/product\/33154\/revisions"}],"predecessor-version":[{"id":33158,"href":"https:\/\/multiofertasvip.com\/index.php?rest_route=\/wp\/v2\/product\/33154\/revisions\/33158"}],"wp:featuredmedia":[{"embeddable":true,"href":"https:\/\/multiofertasvip.com\/index.php?rest_route=\/wp\/v2\/media\/33157"}],"wp:attachment":[{"href":"https:\/\/multiofertasvip.com\/index.php?rest_route=%2Fwp%2Fv2%2Fmedia&parent=33154"}],"wp:term":[{"taxonomy":"product_brand","embeddable":true,"href":"https:\/\/multiofertasvip.com\/index.php?rest_route=%2Fwp%2Fv2%2Fproduct_brand&post=33154"},{"taxonomy":"product_cat","embeddable":true,"href":"https:\/\/multiofertasvip.com\/index.php?rest_route=%2Fwp%2Fv2%2Fproduct_cat&post=33154"},{"taxonomy":"product_tag","embeddable":true,"href":"https:\/\/multiofertasvip.com\/index.php?rest_route=%2Fwp%2Fv2%2Fproduct_tag&post=33154"}],"curies":[{"name":"wp","href":"https:\/\/api.w.org\/{rel}","templated":true}]}}