{"id":33141,"date":"2024-08-23T15:15:24","date_gmt":"2024-08-23T20:45:24","guid":{"rendered":"https:\/\/multiofertasvip.com\/?post_type=product&#038;p=33141"},"modified":"2024-08-27T10:51:30","modified_gmt":"2024-08-27T16:21:30","slug":"15-billion-dr-dain-heer","status":"publish","type":"product","link":"https:\/\/multiofertasvip.com\/?product=15-billion-dr-dain-heer","title":{"rendered":"15 Billion-Dr. Dain Heer(Espa\u00f1ol)"},"content":{"rendered":"<div class=\"AxqVh\">\n<div class=\"OPPzxe\">\n<div class=\"QcsUad BDJ8fb BLojaf sMVRZe hCXDsb wneUed\">\n<div class=\"usGWQd\">\n<div class=\"KkbLmb\">\n<div class=\"lRu31\" dir=\"ltr\">\n<div id=\"ow2302\">\n<div class=\"checkout-content-body\"><\/div>\n<\/div>\n<\/div>\n<div class=\"UdTY9 WdefRb\" aria-hidden=\"true\" data-location=\"2\">\n<div class=\"kO6q6e\">\n<div id=\"block-1654042859840_0\" class=\"block-type--text text-left col-10 animated\" data-reveal-event=\"\" data-reveal-offset=\"\" data-reveal-units=\"seconds\">\n<div class=\"block box-shadow-none aos-init aos-animate\" data-aos=\"fade-left\" data-aos-delay=\"0\" data-aos-duration=\"1000\">\n<h2><span data-sheets-value=\"{&quot;1&quot;:2,&quot;2&quot;:&quot;\u00bfQu\u00e9 tal si cada d\u00edas despiertas como si ese fuera tu primer d\u00eda en este planeta?&quot;}\" data-sheets-userformat=\"{&quot;2&quot;:5059,&quot;3&quot;:{&quot;1&quot;:0},&quot;4&quot;:{&quot;1&quot;:2,&quot;2&quot;:16777215},&quot;9&quot;:0,&quot;10&quot;:0,&quot;11&quot;:4,&quot;12&quot;:0,&quot;15&quot;:&quot;Arial&quot;}\">\u00bfQu\u00e9 tal si cada d\u00edas despiertas como si ese fuera tu primer d\u00eda en este planeta?<\/span><\/h2>\n<\/div>\n<\/div>\n<div id=\"block-1654042876873\" class=\"block-type--image text- col-7\" data-reveal-event=\"\" data-reveal-offset=\"\" data-reveal-units=\"seconds\">\n<div class=\"block box-shadow-none aos-init aos-animate\" data-aos=\"none\" data-aos-delay=\"0\" data-aos-duration=\"0\">\n<div class=\"image\"><img data-recalc-dims=\"1\" fetchpriority=\"high\" decoding=\"async\" class=\"image__image\" src=\"https:\/\/i0.wp.com\/kajabi-storefronts-production.kajabi-cdn.com\/kajabi-storefronts-production\/themes\/2150784089\/settings_images\/2k0kuF8oTTmZcL8C1bWp_Untitled_design1.png?resize=354%2C195&#038;ssl=1\" alt=\"\" width=\"354\" height=\"195\" \/><\/div>\n<\/div>\n<\/div>\n<div id=\"block-1654042907373\" class=\"block-type--text text-left col-5\" data-reveal-event=\"\" data-reveal-offset=\"\" data-reveal-units=\"seconds\">\n<div class=\"block box-shadow-none aos-init aos-animate\" data-aos=\"none\" data-aos-delay=\"0\" data-aos-duration=\"0\">\n<p>Qu\u00e9 tal si preguntas:<br \/>\nMe pregunto \u00bfqu\u00e9 aventuras tendr\u00e9?<br \/>\nMe pregunto \u00bfqu\u00e9 universos voy a cambiar?<br \/>\nMe pregunto \u00bfcu\u00e1nto me puedo divertir?<br \/>\nMe pregunto \u00bfqu\u00e9 voy a descubrir hoy?<\/p>\n<p class=\"p1\">Bienvenido a 15 billones conmigo, el Dr. Dain Heer.<br \/>\nEs&#8230;<br \/>\n&#8230; indefinido.<br \/>\n&#8230; rid\u00edculamente barato &#8230;<br \/>\n&#8230; y es diferencia y posibilidades en acci\u00f3n.<\/p>\n<\/div>\n<\/div>\n<\/div>\n<\/div>\n<div class=\"VO9ucd\">\n<div class=\"aJIq1d\" dir=\"ltr\" data-language-code=\"es\" data-language-name=\"espa\u00f1ol\" data-text=\"A veces lleva un tiempo reconocer que no hay nada malo en nosotros y que en realidad somos criaturas abundantes que vivimos en un mundo abundante de nuestra creaci\u00f3n\u201d. Dr. Dain Heer Hay algo en el mundo y en nuestras vidas que parece invitar tanto a la importancia como a la evitaci\u00f3n... EL DINERO. \u00bfQu\u00e9 podemos cambiar juntos para ganar dinero NO la relevancia que ha tenido durante tanto tiempo sino la posibilidad de que PUEDA tenerlo en el mundo? ESB, desarrollado por m\u00ed, es una forma \u00fanica de transformar las limitaciones en posibilidades para ti, el mundo y el planeta. \u00bfQu\u00e9 pasar\u00eda si no tuvieras que separarte de nada ni de nadie, incluido t\u00fa mismo? \u00bfQu\u00e9 pasar\u00eda si pudieras tenerlo todo y a todos ustedes a partir de ahora? Usted y su cuerpo conocer\u00e1n un nivel de ser y conciencia energ\u00e9tica que va m\u00e1s all\u00e1 de todo lo que han experimentado antes. Aqu\u00ed, amigo m\u00edo, es donde comienza la elecci\u00f3n de ser el milagro que eres.\" data-crosslingual-hint=\"\" data-location=\"2\" data-enable-toggle-playback-speed=\"true\" data-results-count=\"1\" data-result-index=\"1\">\n<div class=\"m0Qfkd\">\n<div class=\"VfPpkd-Bz112c-Jh9lGc\"><\/div>\n<div class=\"VfPpkd-Bz112c-RLmnJb\"><\/div>\n<div id=\"ucc-6\" class=\"EY8ABd-OWXEXe-TAWMXe\" role=\"tooltip\" aria-hidden=\"true\">\n<p>Ahora, despu\u00e9s de 2.5 a\u00f1os, me pregunto: \u201c\u00bfPor qu\u00e9 detenernos aqu\u00ed?\u201d. As\u00ed que aqu\u00ed vamos: Ahora, es un programa de 15 billones y T\u00da est\u00e1s invitados a continuar con nosotros o a saltar y acompa\u00f1arnos en el tsunami de cambio.<\/p>\n<h3>\u00bfListo para ir m\u00e1s all\u00e1 del tiempo y vivir la experiencia de algo totalmente diferente?<\/h3>\n<\/div>\n<\/div>\n<\/div>\n<div class=\"YJGJsb\">\n<div class=\"VfPpkd-Bz112c-Jh9lGc\"><\/div>\n<div class=\"VfPpkd-Bz112c-RLmnJb\"><\/div>\n<div id=\"ucc-7\" class=\"EY8ABd-OWXEXe-TAWMXe\" role=\"tooltip\" aria-hidden=\"true\"><\/div>\n<div>\n<div data-show-delay-ms=\"250\" data-append-to-body=\"true\" data-propagate-tooltip-mouseover-events=\"true\" data-anchor-corner=\"bottom-left\" data-enable-skip-handler=\"false\" data-popup-corner=\"top-left\">\n<div class=\"dig2sb\">\n<div class=\"VfPpkd-Bz112c-Jh9lGc\"><\/div>\n<div class=\"VfPpkd-Bz112c-RLmnJb\"><\/div>\n<\/div>\n<\/div>\n<\/div>\n<div class=\"VfPpkd-Bz112c-Jh9lGc\"><\/div>\n<div class=\"VfPpkd-Bz112c-RLmnJb\"><\/div>\n<div id=\"tt-c35\" class=\"EY8ABd-OWXEXe-TAWMXe\" role=\"tooltip\" aria-hidden=\"true\"><\/div>\n<\/div>\n<\/div>\n<\/div>\n<\/div>\n<\/div>\n<\/div>\n<\/div>\n<div class=\"OwOEge\">\n<div class=\"cJ1Ndf\"><\/div>\n<\/div>\n","protected":false},"excerpt":{"rendered":"<p>\u00bfQu\u00e9 tal si cada d\u00edas despiertas como si ese fuera tu primer d\u00eda en este planeta? Qu\u00e9 tal si preguntas: Me pregunto \u00bfqu\u00e9 aventuras tendr\u00e9? Me pregunto \u00bfqu\u00e9 universos voy a cambiar? Me pregunto \u00bfcu\u00e1nto me puedo divertir? Me pregunto \u00bfqu\u00e9 voy a descubrir hoy? Bienvenido a 15 billones conmigo, el Dr. Dain Heer. Es&#8230; [&#8230;]\n","protected":false},"featured_media":33143,"template":"","meta":{"_monsterinsights_skip_tracking":false,"_monsterinsights_sitenote_active":false,"_monsterinsights_sitenote_note":"","_monsterinsights_sitenote_category":0,"jetpack_post_was_ever_published":false,"jetpack_publicize_message":"","jetpack_publicize_feature_enabled":true,"jetpack_social_post_already_shared":true,"jetpack_social_options":{"image_generator_settings":{"template":"highway","default_image_id":0,"font":"","enabled":false},"version":2}},"product_brand":[],"product_cat":[122],"product_tag":[263,142,260,211,254,119,251,215,257,249,243,230,182,226,253,236,229,143,228,232,258,234,262,239,220,265,219,225,240,238,140,242,235,244,266,267,248,210,245,212,250,227,255,264,252,217,216,233,261,73,237,231,247,221,246,222,223,224,259,241,256,218,213,214,53],"class_list":{"0":"post-33141","1":"product","2":"type-product","3":"status-publish","4":"has-post-thumbnail","6":"product_cat-access-consciousness","7":"product_tag-animales","8":"product_tag-avanzado","9":"product_tag-biden","10":"product_tag-billetes","11":"product_tag-bitcoin","12":"product_tag-carrera","13":"product_tag-china","14":"product_tag-christopher-olivarrieta","15":"product_tag-cine","16":"product_tag-coranavirus","17":"product_tag-cultura","18":"product_tag-cursos","19":"product_tag-dinero","20":"product_tag-dios","21":"product_tag-dolar","22":"product_tag-enric-corbera","23":"product_tag-ensenanza-en-casa","24":"product_tag-entidades","25":"product_tag-escuela","26":"product_tag-especialidad","27":"product_tag-estrenos","28":"product_tag-estudios","29":"product_tag-facebook","30":"product_tag-famosos","31":"product_tag-free","32":"product_tag-gatos","33":"product_tag-gratis","34":"product_tag-guerra","35":"product_tag-humor","36":"product_tag-internet","37":"product_tag-jose-palomo","38":"product_tag-juegos","39":"product_tag-lavin","40":"product_tag-manga","41":"product_tag-mercado-libre","42":"product_tag-mercado-pago","43":"product_tag-meteorologia","44":"product_tag-moneda","45":"product_tag-musica","46":"product_tag-nuevo","47":"product_tag-omnicron","48":"product_tag-oracion","49":"product_tag-peliculas","50":"product_tag-perros","51":"product_tag-peso","52":"product_tag-porn","53":"product_tag-porno","54":"product_tag-profesional","55":"product_tag-putin","56":"product_tag-salud","57":"product_tag-sexo","58":"product_tag-talleres","59":"product_tag-television","60":"product_tag-terapias","61":"product_tag-trabajo","62":"product_tag-ucrania","63":"product_tag-ukrania","64":"product_tag-usa","65":"product_tag-vacuna","66":"product_tag-viajes","67":"product_tag-videos","68":"product_tag-xxx","69":"product_tag-youtube","70":"product_tag-youtube-yuen-guadalajara","71":"product_tag-yuen","73":"first","74":"instock","75":"downloadable","76":"virtual","77":"purchasable","78":"product-type-simple"},"jetpack_publicize_connections":[],"jetpack-related-posts":[{"id":33465,"url":"https:\/\/multiofertasvip.com\/?product=the-reset-2024-en-espanol-e-ingles-dr-dain-heer","url_meta":{"origin":33141,"position":0},"title":"The Reset 2024 (En espa\u00f1ol e ingl\u00e9s) Dr Dain Heer","author":"multiofertasvip","date":"diciembre 2, 2024","format":false,"excerpt":"\u00a1A partir de 2023, el Dr. Dain Heer invit\u00f3 al mundo a\u00a0presionar el bot\u00f3n REINICIO\u00a0en todo! Lo que se cre\u00f3 fue una serie \u00fanica de clases, que te invitan a superar tus limitaciones y crear un futuro diferente para ti y el mundo con facilidad. \u00a0 11 d\u00edas de grabaciones\u2026","rel":"","context":"Entrada similar","block_context":{"text":"Entrada similar","link":""},"img":{"alt_text":"","src":"https:\/\/i0.wp.com\/multiofertasvip.com\/wp-content\/uploads\/2024\/12\/rese24.jpg?fit=200%2C200&ssl=1&resize=350%2C200","width":350,"height":200},"classes":[]},{"id":33150,"url":"https:\/\/multiofertasvip.com\/?product=intro-being-you-creating-money-with-ease-dr-dain-heer","url_meta":{"origin":33141,"position":1},"title":"Intro Being You Creating Money with Ease-Dr. Dain Heer(Espa\u00f1ol)","author":"multiofertasvip","date":"agosto 26, 2024","format":false,"excerpt":"\u00bfQu\u00e9 pasa si todo lo que te han ense\u00f1ado o has aprendido sobre el dinero, la riqueza y la abundancia est\u00e1 desactualizado o es incorrecto? Durante esta clase nocturna, el Dr. Dain Heer le presentar\u00e1 una forma muy diferente de funcionar y ser en el \u00e1rea del dinero. \u00a1Bienvenido a\u00a0Ser\u2026","rel":"","context":"Entrada similar","block_context":{"text":"Entrada similar","link":""},"img":{"alt_text":"","src":"https:\/\/i0.wp.com\/multiofertasvip.com\/wp-content\/uploads\/2024\/08\/being.jpg?fit=200%2C200&ssl=1&resize=350%2C200","width":350,"height":200},"classes":[]},{"id":33197,"url":"https:\/\/multiofertasvip.com\/?product=the-communion-package-dr-dain-heerespanol","url_meta":{"origin":33141,"position":2},"title":"The Communion Package-Dr. Dain Heer(Espa\u00f1ol)","author":"multiofertasvip","date":"septiembre 10, 2024","format":false,"excerpt":"Una selecci\u00f3n especial de 4 sesiones con el Dr. Dain Heer de la tercera ronda de 30 d\u00edas ESB donde la energ\u00eda condujo a la belleza y al espacio de comuni\u00f3n.\u00a0 Si ya no funcion\u00e1ramos desde la conexi\u00f3n y en cambio permiti\u00e9ramos\u00a0el espacio desconocido llamado comuni\u00f3n, no habr\u00eda NO ni\u2026","rel":"","context":"Entrada similar","block_context":{"text":"Entrada similar","link":""},"img":{"alt_text":"","src":"https:\/\/i0.wp.com\/multiofertasvip.com\/wp-content\/uploads\/2024\/09\/pack-comunnion.jpg?fit=200%2C200&ssl=1&resize=350%2C200","width":350,"height":200},"classes":[]},{"id":34505,"url":"https:\/\/multiofertasvip.com\/?product=the-spirits-whiting-everything-julio-2025-dr-dain-heer-espanol","url_meta":{"origin":33141,"position":3},"title":"The Spirits Whiting Everything Julio 2025-Dr. Dain Heer (espa\u00f1ol)","author":"multiofertasvip","date":"octubre 29, 2025","format":false,"excerpt":"Hay una pregunta que puedes hacer que es una puerta din\u00e1mica a las posibilidades. La pregunta es:\u00a0\u00bfCu\u00e1l es la hermosa energ\u00eda debajo de esto? Reflexionar sobre la hermosa energ\u00eda debajo de cada momento es una elecci\u00f3n para cambiar su atenci\u00f3n de la tuber\u00eda de alcantarillado del juicio, los problemas y\u2026","rel":"","context":"Entrada similar","block_context":{"text":"Entrada similar","link":""},"img":{"alt_text":"","src":"https:\/\/i0.wp.com\/multiofertasvip.com\/wp-content\/uploads\/2025\/10\/spirit-with-everything.jpg?fit=200%2C200&ssl=1&resize=350%2C200","width":350,"height":200},"classes":[]},{"id":32968,"url":"https:\/\/multiofertasvip.com\/?product=dna-unlocking-session-dr-dain-heer","url_meta":{"origin":33141,"position":4},"title":"DNA Unlocking Session-Dr. Dain Heer","author":"multiofertasvip","date":"julio 5, 2024","format":false,"excerpt":"La sesi\u00f3n de desbloqueo del ADN \u00a0\u00a0\u00a0\u00a0Grabaci\u00f3n de audio y video con el Dr. Dain Heer Esta es una sesi\u00f3n especial disponible para usted individualmente de la segunda ronda de sesiones ESB de 30 d\u00edas con el Dr. Dain Heer. Desafortunadamente no hay palabras para describir lo que crea esta\u2026","rel":"","context":"Entrada similar","block_context":{"text":"Entrada similar","link":""},"img":{"alt_text":"","src":"https:\/\/i0.wp.com\/kajabi-storefronts-production.kajabi-cdn.com\/kajabi-storefronts-production\/site\/5658\/images\/0FmIDhVTQoWUenWolsMa_wsPmaEUtSbCEHEsXl7MP_YOU_GIT_THIS.png?resize=350%2C200&ssl=1","width":350,"height":200},"classes":[]},{"id":34526,"url":"https:\/\/multiofertasvip.com\/?product=you-got-this-beyond-the-concentration-camp-septiembre-2025-dr-dain-heer-espanol","url_meta":{"origin":33141,"position":5},"title":"You Got This Beyond The Concentration Camp Septiembre 2025-Dr. Dain Heer (espa\u00f1ol)","author":"multiofertasvip","date":"octubre 29, 2025","format":false,"excerpt":"\u00bfCu\u00e1ntos de ustedes se han estado CONCENTRANDO en todo, como si esa fuera una forma de crear un cambio? \u00bfY si no lo es? \u00bfQu\u00e9 pasa si, cuando te concentras, en realidad est\u00e1s contrayendo la energ\u00eda del espacio que tienes como ser, solidific\u00e1ndola y haciendo que sea m\u00e1s dif\u00edcil de\u2026","rel":"","context":"Entrada similar","block_context":{"text":"Entrada similar","link":""},"img":{"alt_text":"","src":"https:\/\/i0.wp.com\/multiofertasvip.com\/wp-content\/uploads\/2025\/10\/beyone-the-concentration.jpg?fit=200%2C200&ssl=1&resize=350%2C200","width":350,"height":200},"classes":[]}],"jetpack_sharing_enabled":false,"jetpack_likes_enabled":false,"_links":{"self":[{"href":"https:\/\/multiofertasvip.com\/index.php?rest_route=\/wp\/v2\/product\/33141","targetHints":{"allow":["GET"]}}],"collection":[{"href":"https:\/\/multiofertasvip.com\/index.php?rest_route=\/wp\/v2\/product"}],"about":[{"href":"https:\/\/multiofertasvip.com\/index.php?rest_route=\/wp\/v2\/types\/product"}],"version-history":[{"count":2,"href":"https:\/\/multiofertasvip.com\/index.php?rest_route=\/wp\/v2\/product\/33141\/revisions"}],"predecessor-version":[{"id":33160,"href":"https:\/\/multiofertasvip.com\/index.php?rest_route=\/wp\/v2\/product\/33141\/revisions\/33160"}],"wp:featuredmedia":[{"embeddable":true,"href":"https:\/\/multiofertasvip.com\/index.php?rest_route=\/wp\/v2\/media\/33143"}],"wp:attachment":[{"href":"https:\/\/multiofertasvip.com\/index.php?rest_route=%2Fwp%2Fv2%2Fmedia&parent=33141"}],"wp:term":[{"taxonomy":"product_brand","embeddable":true,"href":"https:\/\/multiofertasvip.com\/index.php?rest_route=%2Fwp%2Fv2%2Fproduct_brand&post=33141"},{"taxonomy":"product_cat","embeddable":true,"href":"https:\/\/multiofertasvip.com\/index.php?rest_route=%2Fwp%2Fv2%2Fproduct_cat&post=33141"},{"taxonomy":"product_tag","embeddable":true,"href":"https:\/\/multiofertasvip.com\/index.php?rest_route=%2Fwp%2Fv2%2Fproduct_tag&post=33141"}],"curies":[{"name":"wp","href":"https:\/\/api.w.org\/{rel}","templated":true}]}}