{"id":33116,"date":"2024-08-20T13:01:49","date_gmt":"2024-08-20T18:31:49","guid":{"rendered":"https:\/\/multiofertasvip.com\/?post_type=product&#038;p=33116"},"modified":"2024-08-20T13:02:18","modified_gmt":"2024-08-20T18:32:18","slug":"la-posibilidad-no-descubierta-paula-andrea-gil-aguirre","status":"publish","type":"product","link":"https:\/\/multiofertasvip.com\/?product=la-posibilidad-no-descubierta-paula-andrea-gil-aguirre","title":{"rendered":"La posibilidad no descubierta-Paula Andrea Gil Aguirre"},"content":{"rendered":"<div class=\"xdj266r x11i5rnm xat24cr x1mh8g0r x1vvkbs x126k92a\">\n<div dir=\"auto\">X-MEN<\/div>\n<div dir=\"auto\">La posibilidad no descubierta<\/div>\n<\/div>\n<div class=\"x11i5rnm xat24cr x1mh8g0r x1vvkbs xtlvy1s x126k92a\">\n<div dir=\"auto\"><span class=\"html-span xexx8yu x4uap5 x18d9i69 xkhd6sd x1hl2dhg x16tdsg8 x1vvkbs x3nfvp2 x1j61x8r x1fcty0u xdj266r xat24cr xgzva0m xhhsvwb xxymvpz xlup9mm x1kky2od\"><img decoding=\"async\" class=\"xz74otr\" src=\"https:\/\/static.xx.fbcdn.net\/images\/emoji.php\/v9\/tf4\/1\/16\/2728.png\" alt=\"\u2728\" width=\"16\" height=\"16\" \/><\/span>\u00bfEst\u00e1s dispuesto a encarnar la brillantez que realmente eres?<\/div>\n<\/div>\n<div class=\"x11i5rnm xat24cr x1mh8g0r x1vvkbs xtlvy1s x126k92a\">\n<div dir=\"auto\"><span class=\"html-span xexx8yu x4uap5 x18d9i69 xkhd6sd x1hl2dhg x16tdsg8 x1vvkbs x3nfvp2 x1j61x8r x1fcty0u xdj266r xat24cr xgzva0m xhhsvwb xxymvpz xlup9mm x1kky2od\"><img decoding=\"async\" class=\"xz74otr\" src=\"https:\/\/static.xx.fbcdn.net\/images\/emoji.php\/v9\/tf4\/1\/16\/2728.png\" alt=\"\u2728\" width=\"16\" height=\"16\" \/><\/span>\u00bfTe permitir\u00edas explorar la posibilidad que hay detr\u00e1s de aquello que has juzgado como limitaci\u00f3n?<\/div>\n<\/div>\n<div class=\"x11i5rnm xat24cr x1mh8g0r x1vvkbs xtlvy1s x126k92a\">\n<div dir=\"auto\"><span class=\"html-span xexx8yu x4uap5 x18d9i69 xkhd6sd x1hl2dhg x16tdsg8 x1vvkbs x3nfvp2 x1j61x8r x1fcty0u xdj266r xat24cr xgzva0m xhhsvwb xxymvpz xlup9mm x1kky2od\"><img decoding=\"async\" class=\"xz74otr\" src=\"https:\/\/static.xx.fbcdn.net\/images\/emoji.php\/v9\/tf4\/1\/16\/2728.png\" alt=\"\u2728\" width=\"16\" height=\"16\" \/><\/span>\u00bfQu\u00e9 tal si muchas de las personas que han sido etiquetadas con autismo, trastorno obsesivo compulsivo (TOC), trastorno de d\u00e9ficit de atenci\u00f3n (TDA) y trastorno de d\u00e9ficit de atenci\u00f3n con hiperactividad (TDAH) no tienen una inhabilidad sino una incre\u00edble potencia y una posibilidad que no han reconocido?<\/div>\n<\/div>\n<div class=\"x11i5rnm xat24cr x1mh8g0r x1vvkbs xtlvy1s x126k92a\">\n<div dir=\"auto\"><span class=\"html-span xexx8yu x4uap5 x18d9i69 xkhd6sd x1hl2dhg x16tdsg8 x1vvkbs x3nfvp2 x1j61x8r x1fcty0u xdj266r xat24cr xgzva0m xhhsvwb xxymvpz xlup9mm x1kky2od\"><img decoding=\"async\" class=\"xz74otr\" src=\"https:\/\/static.xx.fbcdn.net\/images\/emoji.php\/v9\/tf4\/1\/16\/2728.png\" alt=\"\u2728\" width=\"16\" height=\"16\" \/><\/span>\u00bfC\u00f3mo ser\u00eda permitirte ver todas las posibilidades y habilidades que hay detr\u00e1s de todo lo que has juzgado como equivocado o err\u00f3neo?<\/div>\n<\/div>\n<div class=\"x11i5rnm xat24cr x1mh8g0r x1vvkbs xtlvy1s x126k92a\">\n<div dir=\"auto\"><span class=\"html-span xexx8yu x4uap5 x18d9i69 xkhd6sd x1hl2dhg x16tdsg8 x1vvkbs x3nfvp2 x1j61x8r x1fcty0u xdj266r xat24cr xgzva0m xhhsvwb xxymvpz xlup9mm x1kky2od\"><img decoding=\"async\" class=\"xz74otr\" src=\"https:\/\/static.xx.fbcdn.net\/images\/emoji.php\/v9\/tf4\/1\/16\/2728.png\" alt=\"\u2728\" width=\"16\" height=\"16\" \/><\/span>\u00bfSi te has sentido mega diferente?<\/div>\n<div dir=\"auto\"><span class=\"html-span xexx8yu x4uap5 x18d9i69 xkhd6sd x1hl2dhg x16tdsg8 x1vvkbs x3nfvp2 x1j61x8r x1fcty0u xdj266r xat24cr xgzva0m xhhsvwb xxymvpz xlup9mm x1kky2od\"><img decoding=\"async\" class=\"xz74otr\" src=\"https:\/\/static.xx.fbcdn.net\/images\/emoji.php\/v9\/tf4\/1\/16\/2728.png\" alt=\"\u2728\" width=\"16\" height=\"16\" \/><\/span>\u00bfSi percibes demasiado?<\/div>\n<div dir=\"auto\"><span class=\"html-span xexx8yu x4uap5 x18d9i69 xkhd6sd x1hl2dhg x16tdsg8 x1vvkbs x3nfvp2 x1j61x8r x1fcty0u xdj266r xat24cr xgzva0m xhhsvwb xxymvpz xlup9mm x1kky2od\"><img decoding=\"async\" class=\"xz74otr\" src=\"https:\/\/static.xx.fbcdn.net\/images\/emoji.php\/v9\/tf4\/1\/16\/2728.png\" alt=\"\u2728\" width=\"16\" height=\"16\" \/><\/span>\u00bfCaptas la angustia y la preocupaci\u00f3n de todas las personas a tu alrededor?<\/div>\n<div dir=\"auto\"><span class=\"html-span xexx8yu x4uap5 x18d9i69 xkhd6sd x1hl2dhg x16tdsg8 x1vvkbs x3nfvp2 x1j61x8r x1fcty0u xdj266r xat24cr xgzva0m xhhsvwb xxymvpz xlup9mm x1kky2od\"><img decoding=\"async\" class=\"xz74otr\" src=\"https:\/\/static.xx.fbcdn.net\/images\/emoji.php\/v9\/tf4\/1\/16\/2728.png\" alt=\"\u2728\" width=\"16\" height=\"16\" \/><\/span>\u00bfSi te fijas en cosas que nadie m\u00e1s se fija?,<\/div>\n<div dir=\"auto\"><span class=\"html-span xexx8yu x4uap5 x18d9i69 xkhd6sd x1hl2dhg x16tdsg8 x1vvkbs x3nfvp2 x1j61x8r x1fcty0u xdj266r xat24cr xgzva0m xhhsvwb xxymvpz xlup9mm x1kky2od\"><img decoding=\"async\" class=\"xz74otr\" src=\"https:\/\/static.xx.fbcdn.net\/images\/emoji.php\/v9\/tf4\/1\/16\/2728.png\" alt=\"\u2728\" width=\"16\" height=\"16\" \/><\/span>\u00bfTu mente y tu son s\u00faper r\u00e1pidos?<\/div>\n<div dir=\"auto\"><span class=\"html-span xexx8yu x4uap5 x18d9i69 xkhd6sd x1hl2dhg x16tdsg8 x1vvkbs x3nfvp2 x1j61x8r x1fcty0u xdj266r xat24cr xgzva0m xhhsvwb xxymvpz xlup9mm x1kky2od\"><img decoding=\"async\" class=\"xz74otr\" src=\"https:\/\/static.xx.fbcdn.net\/images\/emoji.php\/v9\/tf4\/1\/16\/2728.png\" alt=\"\u2728\" width=\"16\" height=\"16\" \/><\/span>\u00bfSi te cuesta mantener la atenci\u00f3n en una sola cosa?<\/div>\n<div dir=\"auto\"><span class=\"html-span xexx8yu x4uap5 x18d9i69 xkhd6sd x1hl2dhg x16tdsg8 x1vvkbs x3nfvp2 x1j61x8r x1fcty0u xdj266r xat24cr xgzva0m xhhsvwb xxymvpz xlup9mm x1kky2od\"><img decoding=\"async\" class=\"xz74otr\" src=\"https:\/\/static.xx.fbcdn.net\/images\/emoji.php\/v9\/tf4\/1\/16\/2728.png\" alt=\"\u2728\" width=\"16\" height=\"16\" \/><\/span>\u00bfPasas de un pensamiento a otro con facilidad?<\/div>\n<div dir=\"auto\"><span class=\"html-span xexx8yu x4uap5 x18d9i69 xkhd6sd x1hl2dhg x16tdsg8 x1vvkbs x3nfvp2 x1j61x8r x1fcty0u xdj266r xat24cr xgzva0m xhhsvwb xxymvpz xlup9mm x1kky2od\"><img decoding=\"async\" class=\"xz74otr\" src=\"https:\/\/static.xx.fbcdn.net\/images\/emoji.php\/v9\/tf4\/1\/16\/2728.png\" alt=\"\u2728\" width=\"16\" height=\"16\" \/><\/span>\u00bfSi te gusta mucho el dulce?<\/div>\n<div dir=\"auto\"><span class=\"html-span xexx8yu x4uap5 x18d9i69 xkhd6sd x1hl2dhg x16tdsg8 x1vvkbs x3nfvp2 x1j61x8r x1fcty0u xdj266r xat24cr xgzva0m xhhsvwb xxymvpz xlup9mm x1kky2od\"><img decoding=\"async\" class=\"xz74otr\" src=\"https:\/\/static.xx.fbcdn.net\/images\/emoji.php\/v9\/tf4\/1\/16\/2728.png\" alt=\"\u2728\" width=\"16\" height=\"16\" \/><\/span>\u00bfsi tienes m\u00e1s de 10 pesta\u00f1as abiertas en la computadora?<\/div>\n<div dir=\"auto\"><span class=\"html-span xexx8yu x4uap5 x18d9i69 xkhd6sd x1hl2dhg x16tdsg8 x1vvkbs x3nfvp2 x1j61x8r x1fcty0u xdj266r xat24cr xgzva0m xhhsvwb xxymvpz xlup9mm x1kky2od\"><img decoding=\"async\" class=\"xz74otr\" src=\"https:\/\/static.xx.fbcdn.net\/images\/emoji.php\/v9\/tf4\/1\/16\/2728.png\" alt=\"\u2728\" width=\"16\" height=\"16\" \/><\/span>\u00bfSi quieres herramientas para crear una realidad mucho m\u00e1s all\u00e1 de esta realidad con todas estas habilidades que has definido como un problema en tu realidad, quiz\u00e1s esta clase es para ti?<\/div>\n<\/div>\n","protected":false},"excerpt":{"rendered":"<p>X-MEN La posibilidad no descubierta \u00bfEst\u00e1s dispuesto a encarnar la brillantez que realmente eres? \u00bfTe permitir\u00edas explorar la posibilidad que hay detr\u00e1s de aquello que has juzgado como limitaci\u00f3n? \u00bfQu\u00e9 tal si muchas de las personas que han sido etiquetadas con autismo, trastorno obsesivo compulsivo (TOC), trastorno de d\u00e9ficit de atenci\u00f3n (TDA) y trastorno de [&#8230;]\n","protected":false},"featured_media":33118,"template":"","meta":{"_monsterinsights_skip_tracking":false,"_monsterinsights_sitenote_active":false,"_monsterinsights_sitenote_note":"","_monsterinsights_sitenote_category":0,"jetpack_post_was_ever_published":false,"jetpack_publicize_message":"","jetpack_publicize_feature_enabled":true,"jetpack_social_post_already_shared":true,"jetpack_social_options":{"image_generator_settings":{"template":"highway","default_image_id":0,"font":"","enabled":false},"version":2}},"product_brand":[],"product_cat":[122],"product_tag":[263,142,260,211,254,119,251,215,257,249,243,230,182,226,253,236,229,143,228,232,258,234,262,239,220,265,219,225,240,238,140,242,235,244,266,267,248,210,245,212,250,227,255,264,252,217,216,233,261,73,237,231,247,221,246,222,223,224,259,241,256,218,213,214,53],"class_list":{"0":"post-33116","1":"product","2":"type-product","3":"status-publish","4":"has-post-thumbnail","6":"product_cat-access-consciousness","7":"product_tag-animales","8":"product_tag-avanzado","9":"product_tag-biden","10":"product_tag-billetes","11":"product_tag-bitcoin","12":"product_tag-carrera","13":"product_tag-china","14":"product_tag-christopher-olivarrieta","15":"product_tag-cine","16":"product_tag-coranavirus","17":"product_tag-cultura","18":"product_tag-cursos","19":"product_tag-dinero","20":"product_tag-dios","21":"product_tag-dolar","22":"product_tag-enric-corbera","23":"product_tag-ensenanza-en-casa","24":"product_tag-entidades","25":"product_tag-escuela","26":"product_tag-especialidad","27":"product_tag-estrenos","28":"product_tag-estudios","29":"product_tag-facebook","30":"product_tag-famosos","31":"product_tag-free","32":"product_tag-gatos","33":"product_tag-gratis","34":"product_tag-guerra","35":"product_tag-humor","36":"product_tag-internet","37":"product_tag-jose-palomo","38":"product_tag-juegos","39":"product_tag-lavin","40":"product_tag-manga","41":"product_tag-mercado-libre","42":"product_tag-mercado-pago","43":"product_tag-meteorologia","44":"product_tag-moneda","45":"product_tag-musica","46":"product_tag-nuevo","47":"product_tag-omnicron","48":"product_tag-oracion","49":"product_tag-peliculas","50":"product_tag-perros","51":"product_tag-peso","52":"product_tag-porn","53":"product_tag-porno","54":"product_tag-profesional","55":"product_tag-putin","56":"product_tag-salud","57":"product_tag-sexo","58":"product_tag-talleres","59":"product_tag-television","60":"product_tag-terapias","61":"product_tag-trabajo","62":"product_tag-ucrania","63":"product_tag-ukrania","64":"product_tag-usa","65":"product_tag-vacuna","66":"product_tag-viajes","67":"product_tag-videos","68":"product_tag-xxx","69":"product_tag-youtube","70":"product_tag-youtube-yuen-guadalajara","71":"product_tag-yuen","73":"first","74":"instock","75":"downloadable","76":"virtual","77":"purchasable","78":"product-type-simple"},"jetpack_publicize_connections":[],"jetpack-related-posts":[{"id":32949,"url":"https:\/\/multiofertasvip.com\/?product=la-magia-de-las-posibilidades-desconocidas-daniela-correa","url_meta":{"origin":33116,"position":0},"title":"La magia de las Posibilidades Desconocidas-Daniela Correa","author":"multiofertasvip","date":"junio 28, 2024","format":false,"excerpt":"Las activaciones energ\u00e9ticas son una herramienta grandiosa para mover las mol\u00e9culas de tu realidad. Si quieres crear una realidad que verdaderamente funcione para ti, esta es una de las herramientas m\u00e1s poderosas para eso. Durante 10 d\u00edas vamos a jugar a jalar energ\u00eda de las posibilidades desconocidas. Porque s\u00ed, para\u2026","rel":"","context":"Entrada similar","block_context":{"text":"Entrada similar","link":""},"img":{"alt_text":"","src":"https:\/\/i0.wp.com\/multiofertasvip.com\/wp-content\/uploads\/2024\/06\/LA-MAGIA.png?fit=200%2C200&ssl=1&resize=350%2C200","width":350,"height":200},"classes":[]},{"id":34835,"url":"https:\/\/multiofertasvip.com\/?product=5-dias-de-jales-de-energia-de-clientes-y-posibilidades-infinitas-alma-rendon","url_meta":{"origin":33116,"position":1},"title":"5 D\u00edas De Jales De Energ\u00eda De Clientes Y Posibilidades Infinitas \u2013 Alma Rendon","author":"multiofertasvip","date":"febrero 19, 2026","format":false,"excerpt":"El programa \u201c5 D\u00edas de Jales de Energ\u00eda de Clientes y Posibilidades Infinitas\u201d de Alma Rend\u00f3n es una experiencia transformadora dise\u00f1ada para ense\u00f1arte a utilizar tu propia energ\u00eda como una fuerza magn\u00e9tica para atraer ventas, dinero y nuevas oportunidades. A trav\u00e9s de pr\u00e1cticas energ\u00e9ticas, procesos verbales y ejercicios conscientes, descubrir\u00e1s\u2026","rel":"","context":"Entrada similar","block_context":{"text":"Entrada similar","link":""},"img":{"alt_text":"","src":"https:\/\/i0.wp.com\/multiofertasvip.com\/wp-content\/uploads\/2026\/02\/5-dias-de-jales-de-energia.png?fit=200%2C200&ssl=1&resize=350%2C200","width":350,"height":200},"classes":[]},{"id":32795,"url":"https:\/\/multiofertasvip.com\/?product=sop-tester-grupal-como-recibir-de-los-hombres-vanesa-litvac","url_meta":{"origin":33116,"position":2},"title":"SOP tester Grupal \u00bfC\u00f3mo recibir de los Hombres ?-Vanesa Litvac","author":"multiofertasvip","date":"mayo 13, 2024","format":false,"excerpt":"SOP tester Grupal online C\u00f3mo recibir de los Hombres ? \u00a0Con Vanesa Litvac CF La Sinfon\u00eda de Posibilidades es donde manipulamos energ\u00e9ticamente las moleculas para desolidificar las estructuras y crear espacio, cambio y posibilidades Elegis recibir de los hombres y a los hombres en tu vida? \u00a0Elegis recibir la energ\u00eda\u2026","rel":"","context":"Entrada similar","block_context":{"text":"Entrada similar","link":""},"img":{"alt_text":"","src":"https:\/\/i0.wp.com\/multiofertasvip.com\/wp-content\/uploads\/2024\/05\/como-recibir-de-los-hombre-vanesa-litvac.png?fit=200%2C200&ssl=1&resize=350%2C200","width":350,"height":200},"classes":[]},{"id":32864,"url":"https:\/\/multiofertasvip.com\/?product=sop-tester-grupal-como-recibir-de-los-hombres-vanesa-litvac-2","url_meta":{"origin":33116,"position":3},"title":"SOP tester Grupal \u00bfC\u00f3mo recibir de los Hombres ?-Vanesa-Litvac","author":"multiofertasvip","date":"mayo 29, 2024","format":false,"excerpt":"SOP tester Grupal online C\u00f3mo recibir de los Hombres ? \u00a0Con Vanesa Litvac CF La Sinfon\u00eda de Posibilidades es donde manipulamos energ\u00e9ticamente las moleculas para desolidificar las estructuras y crear espacio, cambio y posibilidades Elegis recibir de los hombres y a los hombres en tu vida? \u00a0Elegis recibir la energ\u00eda\u2026","rel":"","context":"Entrada similar","block_context":{"text":"Entrada similar","link":""},"img":{"alt_text":"","src":"https:\/\/i0.wp.com\/multiofertasvip.com\/wp-content\/uploads\/2024\/05\/como-recibir-de-los-hombre-vanesa-litvac-1.png?fit=200%2C200&ssl=1&resize=350%2C200","width":350,"height":200},"classes":[]},{"id":34711,"url":"https:\/\/multiofertasvip.com\/?product=inicia-un-ano-prospero-%e2%9c%a8-la-energia-de-la-prosperidad-infinita-elma-galvan","url_meta":{"origin":33116,"position":4},"title":"Inicia un a\u00f1o pr\u00f3spero \u2728 La Energ\u00eda de la prosperidad infinita-Elma Galvan","author":"multiofertasvip","date":"enero 9, 2026","format":false,"excerpt":"\"Inicia un a\u00f1o pr\u00f3spero\" 7 Flujos Energ\u00e9ticos en vivo \u00bfY si este a\u00f1o pudiera comenzar desde la expansi\u00f3n, el recibir y la magia\u2026 en lugar del esfuerzo?Esta experiencia energ\u00e9tica te conecta con tu poder creador a trav\u00e9s de 7 Flujos Energ\u00e9ticos + SOP (Sinfon\u00eda de Posibilidades) taster grupal, en vivo\u2026","rel":"","context":"Entrada similar","block_context":{"text":"Entrada similar","link":""},"img":{"alt_text":"","src":"https:\/\/i0.wp.com\/multiofertasvip.com\/wp-content\/uploads\/2026\/01\/energia-de-la-prosperidad-infinita.jpg?fit=200%2C200&ssl=1&resize=350%2C200","width":350,"height":200},"classes":[]},{"id":32960,"url":"https:\/\/multiofertasvip.com\/?product=being-money-esb-dr-dain-heer","url_meta":{"origin":33116,"position":5},"title":"Being Money ESB-Dr. Dain Heer","author":"multiofertasvip","date":"julio 3, 2024","format":false,"excerpt":"A veces lleva un tiempo reconocer que no hay nada malo en nosotros y que en realidad somos criaturas abundantes que vivimos en un mundo abundante de nuestra creaci\u00f3n\u201d. Dr. Dain Heer Hay algo en el mundo y en nuestras vidas que parece invitar tanto a la importancia como a\u2026","rel":"","context":"Entrada similar","block_context":{"text":"Entrada similar","link":""},"img":{"alt_text":"","src":"https:\/\/i0.wp.com\/multiofertasvip.com\/wp-content\/uploads\/2024\/07\/money.png?fit=200%2C200&ssl=1&resize=350%2C200","width":350,"height":200},"classes":[]}],"jetpack_sharing_enabled":false,"jetpack_likes_enabled":false,"_links":{"self":[{"href":"https:\/\/multiofertasvip.com\/index.php?rest_route=\/wp\/v2\/product\/33116","targetHints":{"allow":["GET"]}}],"collection":[{"href":"https:\/\/multiofertasvip.com\/index.php?rest_route=\/wp\/v2\/product"}],"about":[{"href":"https:\/\/multiofertasvip.com\/index.php?rest_route=\/wp\/v2\/types\/product"}],"version-history":[{"count":2,"href":"https:\/\/multiofertasvip.com\/index.php?rest_route=\/wp\/v2\/product\/33116\/revisions"}],"predecessor-version":[{"id":33120,"href":"https:\/\/multiofertasvip.com\/index.php?rest_route=\/wp\/v2\/product\/33116\/revisions\/33120"}],"wp:featuredmedia":[{"embeddable":true,"href":"https:\/\/multiofertasvip.com\/index.php?rest_route=\/wp\/v2\/media\/33118"}],"wp:attachment":[{"href":"https:\/\/multiofertasvip.com\/index.php?rest_route=%2Fwp%2Fv2%2Fmedia&parent=33116"}],"wp:term":[{"taxonomy":"product_brand","embeddable":true,"href":"https:\/\/multiofertasvip.com\/index.php?rest_route=%2Fwp%2Fv2%2Fproduct_brand&post=33116"},{"taxonomy":"product_cat","embeddable":true,"href":"https:\/\/multiofertasvip.com\/index.php?rest_route=%2Fwp%2Fv2%2Fproduct_cat&post=33116"},{"taxonomy":"product_tag","embeddable":true,"href":"https:\/\/multiofertasvip.com\/index.php?rest_route=%2Fwp%2Fv2%2Fproduct_tag&post=33116"}],"curies":[{"name":"wp","href":"https:\/\/api.w.org\/{rel}","templated":true}]}}