{"id":33081,"date":"2024-08-19T14:35:19","date_gmt":"2024-08-19T20:05:19","guid":{"rendered":"https:\/\/multiofertasvip.com\/?post_type=product&#038;p=33081"},"modified":"2024-08-19T14:41:25","modified_gmt":"2024-08-19T20:11:25","slug":"mentoria-privada-con-lain-garcia-calvo","status":"publish","type":"product","link":"https:\/\/multiofertasvip.com\/?product=mentoria-privada-con-lain-garcia-calvo","title":{"rendered":"Mentoria Privada con Lain Garcia Calvo"},"content":{"rendered":"<p>3 MESES CONMIGO PARA DAR UN SALTO CU\u00c1NTICO EN TU VIDA, TU ECONOM\u00cdA Y TU DINERO<img decoding=\"async\" class=\"emoji\" role=\"img\" draggable=\"false\" src=\"https:\/\/s.w.org\/images\/core\/emoji\/15.0.3\/svg\/1f4b2.svg\" alt=\"\ud83d\udcb2\" \/><\/p>\n<p><strong>4 RAZONES POR LAS CUALES ESTA MENTOR\u00cdA MARCAR\u00c1 UNA DIFERENCIA ABISMAL TANTO EN TU VIDA PERSONAL COMO ECON\u00d3MICA:<\/strong><\/p>\n<p><img decoding=\"async\" class=\"emoji\" role=\"img\" draggable=\"false\" src=\"https:\/\/s.w.org\/images\/core\/emoji\/15.0.3\/svg\/2705.svg\" alt=\"\u2705\" \/><strong>Aprender\u00e1s<\/strong>\u00a0las ESTRATEGIAS MAGISTRALES de las personas m\u00e1s exitosas del mundo.<\/p>\n<ul>\n<li>Estas ESTRATEGIAS MAGISTRALES han catapultado a cientos de personas comunes y corrientes hasta alcanzar niveles de \u00e9xito y abundancia inimaginables.<\/li>\n<li>Estas ESTRATEGIAS no se ense\u00f1an ni en la escuela ni en la universidad, sino que fueron ense\u00f1adas por MENTORES y sus experiencias personales.<\/li>\n<\/ul>\n<p><img decoding=\"async\" class=\"emoji\" role=\"img\" draggable=\"false\" src=\"https:\/\/s.w.org\/images\/core\/emoji\/15.0.3\/svg\/2705.svg\" alt=\"\u2705\" \/><strong>Aprender\u00e1s y Dominar\u00e1s<\/strong>\u00a0T\u00c9CNICAS espec\u00edficas para poder aplicar cada una de esas ESTRATEGIAS en tu vida diaria, tanto en tu profesi\u00f3n como en tu casa<\/p>\n<ul>\n<li>Las T\u00c9CNICAS son f\u00e1ciles y sencillas de aprender, y sin embargo son incre\u00edblemente eficaces para poder lograr la maestr\u00eda en el DINERO y los NEGOCIOS.<\/li>\n<\/ul>\n<p><img decoding=\"async\" class=\"emoji\" role=\"img\" draggable=\"false\" src=\"https:\/\/s.w.org\/images\/core\/emoji\/15.0.3\/svg\/2705.svg\" alt=\"\u2705\" \/>No ser\u00e1 un profesor, educador, formador, ni orador quien te ofrezca la informaci\u00f3n.<\/p>\n<ul>\n<li>Vas a recibir la gu\u00eda de una persona que empez\u00f3 de cero y se volvi\u00f3 MILLONARIO, que perdi\u00f3 todas sus relaciones y las reconstruy\u00f3, que super\u00f3 un diagn\u00f3stico fatal y se convirti\u00f3 en deportista de \u00e9lite, y que ha aprendido a hacer eso de otros mentores con los resultados m\u00e1s extraordinarios del mundo y de la historia.<\/li>\n<\/ul>\n<p><strong>En definitiva, vas a aprender de un MENTOR CON RESULTADOS.<\/strong><\/p>\n<p>\u00bfImaginas el gran cambio y transformaci\u00f3n que tendr\u00edas? Piensa en todo lo que aprender\u00e1s, todo lo que avanzar\u00e1s\u2026<\/p>\n<p><strong>BENEF\u00cdCIATE DEL PODER DE LAS PALANCAS:<\/strong><\/p>\n<p>\u201cDadme un punto de apoyo y mover\u00e9 el mundo.\u201d ARQU\u00cdMIDES<\/p>\n<p>Arqu\u00edmides se considera el matem\u00e1tico m\u00e1s grande de la antig\u00fcedad y, como todos los grande de la historia, conoc\u00eda EL PODER DE LAS PALANCAS.<\/p>\n<p><strong>Las PALANCAS son el PUNTO DE APOYO que mejoran nuestras vidas.<\/strong><\/p>\n<p>Ya usamos muchas, por ejemplo, el mango de una puerta es una palanca, el abrelatas es otra, hay much\u00edsimas en realidad, pero LA PALANCA M\u00c1S PODEROSA del mundo es EL CONOCIMIENTO DE UN MENTOR CON EL QUE OBTUVO SUS RESULTADOS.<\/p>\n<p><img decoding=\"async\" class=\"emoji\" role=\"img\" draggable=\"false\" src=\"https:\/\/s.w.org\/images\/core\/emoji\/15.0.3\/svg\/1f449.svg\" alt=\"\ud83d\udc49\" \/>Si t\u00fa pudieras \u201cAPALANCARTE\u201d de la influencia directa y del conocimiento de un MENTOR,<br \/>\n\u00bfqu\u00e9 grandes cosas podr\u00edas lograr en tu vida?<\/p>\n<p><strong>Podr\u00edas lograr todo aquello que deseas y que, por alguna raz\u00f3n, nunca termina de llegar, nunca termina de suceder, nunca termina de manifestarse en tu vida.<\/strong><\/p>\n","protected":false},"excerpt":{"rendered":"<p>3 MESES CONMIGO PARA DAR UN SALTO CU\u00c1NTICO EN TU VIDA, TU ECONOM\u00cdA Y TU DINERO 4 RAZONES POR LAS CUALES ESTA MENTOR\u00cdA MARCAR\u00c1 UNA DIFERENCIA ABISMAL TANTO EN TU VIDA PERSONAL COMO ECON\u00d3MICA: Aprender\u00e1s\u00a0las ESTRATEGIAS MAGISTRALES de las personas m\u00e1s exitosas del mundo. Estas ESTRATEGIAS MAGISTRALES han catapultado a cientos de personas comunes y [&#8230;]\n","protected":false},"featured_media":33082,"template":"","meta":{"_monsterinsights_skip_tracking":false,"_monsterinsights_sitenote_active":false,"_monsterinsights_sitenote_note":"","_monsterinsights_sitenote_category":0,"jetpack_post_was_ever_published":false,"jetpack_publicize_message":"","jetpack_publicize_feature_enabled":true,"jetpack_social_post_already_shared":true,"jetpack_social_options":{"image_generator_settings":{"template":"highway","default_image_id":0,"font":"","enabled":false},"version":2}},"product_brand":[],"product_cat":[46],"product_tag":[263,142,260,211,254,119,251,215,257,249,243,230,182,226,253,236,229,143,228,232,258,234,262,239,220,265,219,225,240,238,140,242,235,244,266,267,248,210,245,212,250,227,255,264,252,217,216,233,261,73,237,231,247,221,246,222,223,224,259,241,256,218,213,214,53],"class_list":{"0":"post-33081","1":"product","2":"type-product","3":"status-publish","4":"has-post-thumbnail","6":"product_cat-superacion","7":"product_tag-animales","8":"product_tag-avanzado","9":"product_tag-biden","10":"product_tag-billetes","11":"product_tag-bitcoin","12":"product_tag-carrera","13":"product_tag-china","14":"product_tag-christopher-olivarrieta","15":"product_tag-cine","16":"product_tag-coranavirus","17":"product_tag-cultura","18":"product_tag-cursos","19":"product_tag-dinero","20":"product_tag-dios","21":"product_tag-dolar","22":"product_tag-enric-corbera","23":"product_tag-ensenanza-en-casa","24":"product_tag-entidades","25":"product_tag-escuela","26":"product_tag-especialidad","27":"product_tag-estrenos","28":"product_tag-estudios","29":"product_tag-facebook","30":"product_tag-famosos","31":"product_tag-free","32":"product_tag-gatos","33":"product_tag-gratis","34":"product_tag-guerra","35":"product_tag-humor","36":"product_tag-internet","37":"product_tag-jose-palomo","38":"product_tag-juegos","39":"product_tag-lavin","40":"product_tag-manga","41":"product_tag-mercado-libre","42":"product_tag-mercado-pago","43":"product_tag-meteorologia","44":"product_tag-moneda","45":"product_tag-musica","46":"product_tag-nuevo","47":"product_tag-omnicron","48":"product_tag-oracion","49":"product_tag-peliculas","50":"product_tag-perros","51":"product_tag-peso","52":"product_tag-porn","53":"product_tag-porno","54":"product_tag-profesional","55":"product_tag-putin","56":"product_tag-salud","57":"product_tag-sexo","58":"product_tag-talleres","59":"product_tag-television","60":"product_tag-terapias","61":"product_tag-trabajo","62":"product_tag-ucrania","63":"product_tag-ukrania","64":"product_tag-usa","65":"product_tag-vacuna","66":"product_tag-viajes","67":"product_tag-videos","68":"product_tag-xxx","69":"product_tag-youtube","70":"product_tag-youtube-yuen-guadalajara","71":"product_tag-yuen","73":"first","74":"instock","75":"downloadable","76":"virtual","77":"purchasable","78":"product-type-simple"},"jetpack_publicize_connections":[],"jetpack-related-posts":[{"id":34942,"url":"https:\/\/multiofertasvip.com\/?product=mentoria-imperio-digital-coral-mujaes","url_meta":{"origin":33081,"position":0},"title":"Mentor\u00eda Imperio Digital Coral Mujaes","author":"multiofertasvip","date":"marzo 5, 2026","format":false,"excerpt":"\u00a0 \u00a1Descubre el camino hacia el \u00e9xito empresarial con nuestro exclusivo curso de\u00a0Mentor\u00eda Imperio Digital! Este programa est\u00e1 dise\u00f1ado para emprendedores, creativos y profesionales que quieren llevar sus habilidades al siguiente nivel en el apasionante mundo digital. Imagina aprender de expertos que han recorrido el sendero del emprendimiento digital con\u2026","rel":"","context":"Entrada similar","block_context":{"text":"Entrada similar","link":""},"img":{"alt_text":"","src":"https:\/\/i0.wp.com\/multiofertasvip.com\/wp-content\/uploads\/2026\/03\/mentoria.png?fit=200%2C200&ssl=1&resize=350%2C200","width":350,"height":200},"classes":[]},{"id":35179,"url":"https:\/\/multiofertasvip.com\/?product=hackeo-mental-isabel-osorio-2","url_meta":{"origin":33081,"position":1},"title":"Hackeo Mental \u2013 Isabel Osorio","author":"multiofertasvip","date":"marzo 19, 2026","format":false,"excerpt":"\u00a0 \u00a0 \u00a0 \u00a0 \u00a0 \u00a0 \u00a0","rel":"","context":"Entrada similar","block_context":{"text":"Entrada similar","link":""},"img":{"alt_text":"Hackeo Mental","src":"https:\/\/i0.wp.com\/cursoslux.com\/wp-content\/uploads\/2026\/03\/hackeo-mental.jpg?resize=350%2C200&ssl=1","width":350,"height":200},"classes":[]},{"id":35300,"url":"https:\/\/multiofertasvip.com\/?product=ruta-360-isabel-osorio-2","url_meta":{"origin":33081,"position":2},"title":"Ruta 360-Isabel Osorio","author":"multiofertasvip","date":"abril 2, 2026","format":false,"excerpt":"\u00a0 \u00a0 \u00a0 \u00a0 \u00a0 \u00a0 \u00a0","rel":"","context":"Entrada similar","block_context":{"text":"Entrada similar","link":""},"img":{"alt_text":"Ruta 360","src":"https:\/\/i0.wp.com\/cursoslux.com\/wp-content\/uploads\/2026\/03\/ruta-360.jpg?resize=350%2C200&ssl=1","width":350,"height":200},"classes":[]},{"id":34618,"url":"https:\/\/multiofertasvip.com\/?product=codigos-mentales-edmundo-velasco","url_meta":{"origin":33081,"position":3},"title":"C\u00f3digos Mentales Edmundo Velasco","author":"multiofertasvip","date":"diciembre 15, 2025","format":false,"excerpt":"\u00a1Descubre el poder de los C\u00f3digos Mentales! Este curso transformador te ense\u00f1ar\u00e1 a desbloquear tu potencial interior y a reprogramar tu mente para alcanzar tus objetivos. A trav\u00e9s de t\u00e9cnicas efectivas, aprender\u00e1s a superar creencias limitantes, mejorar tu autoestima y potenciar tu creatividad. Perfecto para cualquier persona que busque un\u2026","rel":"","context":"Entrada similar","block_context":{"text":"Entrada similar","link":""},"img":{"alt_text":"","src":"https:\/\/i0.wp.com\/multiofertasvip.com\/wp-content\/uploads\/2025\/12\/codigos-mentales.png?fit=200%2C200&ssl=1&resize=350%2C200","width":350,"height":200},"classes":[]},{"id":35248,"url":"https:\/\/multiofertasvip.com\/?product=metodo-pums-cesar-gonzales","url_meta":{"origin":33081,"position":4},"title":"M\u00e9todo PUMS C\u00e9sar Gonz\u00e1les","author":"multiofertasvip","date":"marzo 27, 2026","format":false,"excerpt":"\u00a0 \u00a0 \u00a0 \u00a0 \u00a0 \u00a0 \u00a0","rel":"","context":"Entrada similar","block_context":{"text":"Entrada similar","link":""},"img":{"alt_text":"","src":"https:\/\/i0.wp.com\/multiofertasvip.com\/wp-content\/uploads\/2026\/03\/bioenergetica.png?fit=200%2C200&ssl=1&resize=350%2C200","width":350,"height":200},"classes":[]},{"id":34131,"url":"https:\/\/multiofertasvip.com\/?product=curso-de-soul-communication-2-diana-arbol","url_meta":{"origin":33081,"position":5},"title":"Curso de Soul Communication 2-Diana Arbol","author":"multiofertasvip","date":"agosto 7, 2025","format":false,"excerpt":"Despu\u00e9s de haber integrado las 9 t\u00e9cnicas de acceso al Registro Ak\u00e1shico, aprender\u00e1s a acompa\u00f1ar a otros hacia el descubrimiento de su Ikigai, del descubrimiento del sentido de lo ocurrido en su vida, de sus relaciones, de los aprendizajes que a\u00fan necesita hacer, as\u00ed como del Origen y Prop\u00f3sito de\u2026","rel":"","context":"Entrada similar","block_context":{"text":"Entrada similar","link":""},"img":{"alt_text":"","src":"https:\/\/i0.wp.com\/multiofertasvip.com\/wp-content\/uploads\/2025\/08\/Ikigai2.png?fit=200%2C200&ssl=1&resize=350%2C200","width":350,"height":200},"classes":[]}],"jetpack_sharing_enabled":false,"jetpack_likes_enabled":false,"_links":{"self":[{"href":"https:\/\/multiofertasvip.com\/index.php?rest_route=\/wp\/v2\/product\/33081","targetHints":{"allow":["GET"]}}],"collection":[{"href":"https:\/\/multiofertasvip.com\/index.php?rest_route=\/wp\/v2\/product"}],"about":[{"href":"https:\/\/multiofertasvip.com\/index.php?rest_route=\/wp\/v2\/types\/product"}],"version-history":[{"count":3,"href":"https:\/\/multiofertasvip.com\/index.php?rest_route=\/wp\/v2\/product\/33081\/revisions"}],"predecessor-version":[{"id":33086,"href":"https:\/\/multiofertasvip.com\/index.php?rest_route=\/wp\/v2\/product\/33081\/revisions\/33086"}],"wp:featuredmedia":[{"embeddable":true,"href":"https:\/\/multiofertasvip.com\/index.php?rest_route=\/wp\/v2\/media\/33082"}],"wp:attachment":[{"href":"https:\/\/multiofertasvip.com\/index.php?rest_route=%2Fwp%2Fv2%2Fmedia&parent=33081"}],"wp:term":[{"taxonomy":"product_brand","embeddable":true,"href":"https:\/\/multiofertasvip.com\/index.php?rest_route=%2Fwp%2Fv2%2Fproduct_brand&post=33081"},{"taxonomy":"product_cat","embeddable":true,"href":"https:\/\/multiofertasvip.com\/index.php?rest_route=%2Fwp%2Fv2%2Fproduct_cat&post=33081"},{"taxonomy":"product_tag","embeddable":true,"href":"https:\/\/multiofertasvip.com\/index.php?rest_route=%2Fwp%2Fv2%2Fproduct_tag&post=33081"}],"curies":[{"name":"wp","href":"https:\/\/api.w.org\/{rel}","templated":true}]}}