{"id":33071,"date":"2024-08-16T15:42:12","date_gmt":"2024-08-16T21:12:12","guid":{"rendered":"https:\/\/multiofertasvip.com\/?post_type=product&#038;p=33071"},"modified":"2024-08-16T15:45:01","modified_gmt":"2024-08-16T21:15:01","slug":"domina-el-juego-del-dinero-de-margarita-pasos","status":"publish","type":"product","link":"https:\/\/multiofertasvip.com\/?product=domina-el-juego-del-dinero-de-margarita-pasos","title":{"rendered":"Domina el Juego del Dinero de Margarita Pasos"},"content":{"rendered":"<section class=\"elementor-section elementor-top-section elementor-element elementor-element-6db5253 elementor-section-boxed elementor-section-height-default elementor-section-height-default\" data-id=\"6db5253\" data-element_type=\"section\">\n<div class=\"elementor-container elementor-column-gap-default\">\n<div class=\"elementor-column elementor-col-100 elementor-top-column elementor-element elementor-element-d85c6b5\" data-id=\"d85c6b5\" data-element_type=\"column\">\n<div class=\"elementor-widget-wrap elementor-element-populated\">\n<div class=\"elementor-element elementor-element-374f468 elementor-widget elementor-widget-heading\" data-id=\"374f468\" data-element_type=\"widget\" data-widget_type=\"heading.default\">\n<div class=\"elementor-widget-container\">\n<h2 class=\"elementor-heading-title elementor-size-default\">Accede al Curso Domina el Juego del Dinero<\/h2>\n<\/div>\n<\/div>\n<\/div>\n<\/div>\n<\/div>\n<\/section>\n<section class=\"elementor-section elementor-top-section elementor-element elementor-element-0f0d9da elementor-section-boxed elementor-section-height-default elementor-section-height-default\" data-id=\"0f0d9da\" data-element_type=\"section\" data-settings=\"{&quot;background_background&quot;:&quot;classic&quot;}\">\n<div class=\"elementor-container elementor-column-gap-default\">\n<div class=\"elementor-column elementor-col-100 elementor-top-column elementor-element elementor-element-025363b\" data-id=\"025363b\" data-element_type=\"column\">\n<div class=\"elementor-widget-wrap elementor-element-populated\">\n<div class=\"elementor-element elementor-element-eb0b38d elementor-widget elementor-widget-text-editor\" data-id=\"eb0b38d\" data-element_type=\"widget\" data-widget_type=\"text-editor.default\">\n<div class=\"elementor-widget-container\">\n<p><a href=\"https:\/\/www.pasosalexito.com\/cursos\/domina-el-juego-del-dinero\/\">Programa Domina el Juego del Dinero con Margarita Pasos<\/a>\u00a0que te guiar\u00e1, revelando secretos que han llevado a cientos personas a la\u00a0<strong>abundancia financiera<\/strong><img decoding=\"async\" class=\"emoji\" role=\"img\" draggable=\"false\" src=\"https:\/\/s.w.org\/images\/core\/emoji\/15.0.3\/svg\/1f680.svg\" alt=\"\ud83d\ude80\" \/><\/p>\n<p>Aprende a empoderarte para que tomes el control de tu destino econ\u00f3mico.\u00a0Este curso es tu GPS hacia la abundancia, libre de creencias limitantes.<\/p>\n<p><strong>Genera dinero para vivir, invertir y compartir.<\/strong><\/p>\n<p><strong>MENTALIDAD PODEROSA<img decoding=\"async\" class=\"emoji\" role=\"img\" draggable=\"false\" src=\"https:\/\/s.w.org\/images\/core\/emoji\/15.0.3\/svg\/1f9e0.svg\" alt=\"\ud83e\udde0\" \/>\u00a0PARA ABUNDANCIA PERMANENTE<\/strong><\/p>\n<p><strong>\u00bfESTO TE SUENA CONOCIDO?<\/strong><\/p>\n<ul>\n<li>Te encantar\u00eda conocer el secreto de aquellos que \u201ctodo lo que tocan, lo convierten en oro\u201d.<\/li>\n<li>La preocupaci\u00f3n de tu vida y tu familia se llama: dinero.<\/li>\n<li>Crees que el dinero es malo, es escaso o dif\u00edcil de conseguir.<\/li>\n<li>No entiendes el juego del dinero y vives al limite cada mes.<\/li>\n<li>Sientes que no tomas decisiones financieras acertadas y no logras salir de las deudas.<\/li>\n<li>Dependes de una sola entrada de ingresos y eso te mantiene frustrado.<\/li>\n<\/ul>\n<p><strong>TU GPS PARA LA ABUNDANCIA<\/strong><br \/>\n<img decoding=\"async\" class=\"emoji\" role=\"img\" draggable=\"false\" src=\"https:\/\/s.w.org\/images\/core\/emoji\/15.0.3\/svg\/1f449.svg\" alt=\"\ud83d\udc49\" \/><strong>Transforma tu perspectiva financiera<\/strong>\u00a0y rompe con las limitaciones impuestas por la educaci\u00f3n tradicional, para que aprendas a jugar el juego del dinero con la\u00a0<strong>mentalidad adecuada<\/strong>.<\/p>\n<p><strong>LO QUE LOGRAR\u00c1S<\/strong><\/p>\n<ul>\n<li><img decoding=\"async\" class=\"emoji\" role=\"img\" draggable=\"false\" src=\"https:\/\/s.w.org\/images\/core\/emoji\/15.0.3\/svg\/2705.svg\" alt=\"\u2705\" \/>Dominar\u00e1s el juego del dinero y tendr\u00e1s una verdadera mente millonaria<\/li>\n<li><img decoding=\"async\" class=\"emoji\" role=\"img\" draggable=\"false\" src=\"https:\/\/s.w.org\/images\/core\/emoji\/15.0.3\/svg\/2705.svg\" alt=\"\u2705\" \/>Eliminar\u00e1s la preocupaci\u00f3n financiera constante de tu vida y familia.<\/li>\n<li><img decoding=\"async\" class=\"emoji\" role=\"img\" draggable=\"false\" src=\"https:\/\/s.w.org\/images\/core\/emoji\/15.0.3\/svg\/2705.svg\" alt=\"\u2705\" \/>Dir\u00e1s adi\u00f3s a creencias limitantes que han mantenido tus bolsillos vac\u00edos.<\/li>\n<li><img decoding=\"async\" class=\"emoji\" role=\"img\" draggable=\"false\" src=\"https:\/\/s.w.org\/images\/core\/emoji\/15.0.3\/svg\/2705.svg\" alt=\"\u2705\" \/>Sabr\u00e1s claramente c\u00f3mo hacer que tu dinero trabaje duro para ti.<\/li>\n<li><img decoding=\"async\" class=\"emoji\" role=\"img\" draggable=\"false\" src=\"https:\/\/s.w.org\/images\/core\/emoji\/15.0.3\/svg\/2705.svg\" alt=\"\u2705\" \/>Descubrir\u00e1s y sacar\u00e1s todas las mentiras que te ense\u00f1aron, que te han mantenido en escasez.<\/li>\n<li><img decoding=\"async\" class=\"emoji\" role=\"img\" draggable=\"false\" src=\"https:\/\/s.w.org\/images\/core\/emoji\/15.0.3\/svg\/2705.svg\" alt=\"\u2705\" \/>Tendr\u00e1s control financiero para dejar de vivir al l\u00edmite cada mes, generando ingresos a voluntad.<\/li>\n<li><img decoding=\"async\" class=\"emoji\" role=\"img\" draggable=\"false\" src=\"https:\/\/s.w.org\/images\/core\/emoji\/15.0.3\/svg\/2705.svg\" alt=\"\u2705\" \/>Tendr\u00e1s herramientas para crear una estrategia de abundancia y dejar de esperar que tu riqueza caiga del cielo.<\/li>\n<\/ul>\n<p><strong><img decoding=\"async\" class=\"emoji\" role=\"img\" draggable=\"false\" src=\"https:\/\/s.w.org\/images\/core\/emoji\/15.0.3\/svg\/1f469-200d-1f3eb.svg\" alt=\"\ud83d\udc69\u200d\ud83c\udfeb\" \/>Margarita Paso<\/strong>s, reconocida conferencista y mentora con 27 a\u00f1os de experiencia, es una de las 25 mujeres m\u00e1s poderosas, seg\u00fan la Revista People en Espa\u00f1ol en 2023. Especializada en ventas y finanzas, entrena a m\u00e1s de 120.000 alumnos en 67 pa\u00edses, ofreciendo contenido innovador y de mentalidad a m\u00e1s de 4.5 millones de seguidores diarios en redes sociales.<\/p>\n<\/div>\n<\/div>\n<\/div>\n<\/div>\n<\/div>\n<\/section>\n","protected":false},"excerpt":{"rendered":"<p>Accede al Curso Domina el Juego del Dinero Programa Domina el Juego del Dinero con Margarita Pasos\u00a0que te guiar\u00e1, revelando secretos que han llevado a cientos personas a la\u00a0abundancia financiera Aprende a empoderarte para que tomes el control de tu destino econ\u00f3mico.\u00a0Este curso es tu GPS hacia la abundancia, libre de creencias limitantes. Genera dinero [&#8230;]\n","protected":false},"featured_media":33073,"template":"","meta":{"_monsterinsights_skip_tracking":false,"_monsterinsights_sitenote_active":false,"_monsterinsights_sitenote_note":"","_monsterinsights_sitenote_category":0,"jetpack_post_was_ever_published":false,"jetpack_publicize_message":"","jetpack_publicize_feature_enabled":true,"jetpack_social_post_already_shared":true,"jetpack_social_options":{"image_generator_settings":{"template":"highway","default_image_id":0,"font":"","enabled":false},"version":2}},"product_brand":[],"product_cat":[46],"product_tag":[263,142,260,211,254,119,251,215,257,249,243,230,182,226,253,236,229,143,228,232,258,234,262,239,220,265,219,225,240,238,140,242,235,244,266,267,248,210,245,212,250,227,255,264,252,217,216,233,261,73,237,231,247,221,246,222,223,224,259,241,256,218,213,214,53],"class_list":{"0":"post-33071","1":"product","2":"type-product","3":"status-publish","4":"has-post-thumbnail","6":"product_cat-superacion","7":"product_tag-animales","8":"product_tag-avanzado","9":"product_tag-biden","10":"product_tag-billetes","11":"product_tag-bitcoin","12":"product_tag-carrera","13":"product_tag-china","14":"product_tag-christopher-olivarrieta","15":"product_tag-cine","16":"product_tag-coranavirus","17":"product_tag-cultura","18":"product_tag-cursos","19":"product_tag-dinero","20":"product_tag-dios","21":"product_tag-dolar","22":"product_tag-enric-corbera","23":"product_tag-ensenanza-en-casa","24":"product_tag-entidades","25":"product_tag-escuela","26":"product_tag-especialidad","27":"product_tag-estrenos","28":"product_tag-estudios","29":"product_tag-facebook","30":"product_tag-famosos","31":"product_tag-free","32":"product_tag-gatos","33":"product_tag-gratis","34":"product_tag-guerra","35":"product_tag-humor","36":"product_tag-internet","37":"product_tag-jose-palomo","38":"product_tag-juegos","39":"product_tag-lavin","40":"product_tag-manga","41":"product_tag-mercado-libre","42":"product_tag-mercado-pago","43":"product_tag-meteorologia","44":"product_tag-moneda","45":"product_tag-musica","46":"product_tag-nuevo","47":"product_tag-omnicron","48":"product_tag-oracion","49":"product_tag-peliculas","50":"product_tag-perros","51":"product_tag-peso","52":"product_tag-porn","53":"product_tag-porno","54":"product_tag-profesional","55":"product_tag-putin","56":"product_tag-salud","57":"product_tag-sexo","58":"product_tag-talleres","59":"product_tag-television","60":"product_tag-terapias","61":"product_tag-trabajo","62":"product_tag-ucrania","63":"product_tag-ukrania","64":"product_tag-usa","65":"product_tag-vacuna","66":"product_tag-viajes","67":"product_tag-videos","68":"product_tag-xxx","69":"product_tag-youtube","70":"product_tag-youtube-yuen-guadalajara","71":"product_tag-yuen","73":"first","74":"instock","75":"downloadable","76":"virtual","77":"purchasable","78":"product-type-simple"},"jetpack_publicize_connections":[],"jetpack-related-posts":[{"id":30653,"url":"https:\/\/multiofertasvip.com\/?product=mente-millonaria-miguel-santos","url_meta":{"origin":33071,"position":0},"title":"Mente Millonaria-Miguel Santos","author":"multiofertasvip","date":"diciembre 7, 2022","format":false,"excerpt":"DESCUBRE LOS SECRETOS PARA ACTIVAR TU MENTE DE MILLONARIO En esta formaci\u00f3n aprender\u00e1s: Los 7 Principios Universales para Crear Riqueza desde Cero. C\u00f3mo sanar tu relaci\u00f3n con el dinero. C\u00f3mo moldear la Sustancia sin forma para crear la realidad. como unificar los 3 reinos (Espiritual, Mental y F\u00edsico). Memoria curativa\u2026","rel":"","context":"Entrada similar","block_context":{"text":"Entrada similar","link":""},"img":{"alt_text":"","src":"https:\/\/i0.wp.com\/cursosenpromocion.com\/wp-content\/uploads\/2022\/11\/Mente-Millonaria-Miguel-Santos4-402x400.png?resize=350%2C200&ssl=1","width":350,"height":200},"classes":[]},{"id":35348,"url":"https:\/\/multiofertasvip.com\/?product=cursos-maestrias-en-velas-artificiales-3-cursos-en-1-cristhian-david-2","url_meta":{"origin":33071,"position":1},"title":"Cursos Maestr\u00edas En Velas Artificiales 3 Cursos en 1 \u2013 Cristhian David","author":"multiofertasvip","date":"abril 1, 2026","format":false,"excerpt":"\u00a0 \u00a0 \u00a0 \u00a0 \u00a0 \u00a0 \u00a0","rel":"","context":"Entrada similar","block_context":{"text":"Entrada similar","link":""},"img":{"alt_text":"","src":"https:\/\/i0.wp.com\/multiofertasvip.com\/wp-content\/uploads\/2026\/04\/maestria-en-velas.jpg?fit=300%2C300&ssl=1&resize=350%2C200","width":350,"height":200},"classes":[]},{"id":33991,"url":"https:\/\/multiofertasvip.com\/?product=curso-tarot-de-la-vida-real-vitor-hugo","url_meta":{"origin":33071,"position":2},"title":"Curso Tarot de la Vida Real Vitor Hugo (Idioma Portugues)","author":"multiofertasvip","date":"junio 1, 2025","format":false,"excerpt":"Curso Tarot de la Vida Real Vitor Hugo DOMINA EL TAROT DE LA VIDA REAL Y CONVI\u00c9RTETE EN UN TAROTISTA RENOMBRADO Y DE CONFIANZA, QUE HAS ESTADO EMPEZANDO DESDE CERO. Este es el m\u00e9todo que desarroll\u00e9 para aplicar la sabidur\u00eda del tarot de manera pr\u00e1ctica en mi vida y entre\u2026","rel":"","context":"Entrada similar","block_context":{"text":"Entrada similar","link":""},"img":{"alt_text":"","src":"https:\/\/i0.wp.com\/multiofertasvip.com\/wp-content\/uploads\/2025\/06\/tarot-real.jpg?fit=200%2C200&ssl=1&resize=350%2C200","width":350,"height":200},"classes":[]},{"id":34119,"url":"https:\/\/multiofertasvip.com\/?product=el-juego-espiritual-del-dinero-lida-arias","url_meta":{"origin":33071,"position":3},"title":"El Juego Espiritual del Dinero Lida Arias","author":"multiofertasvip","date":"agosto 6, 2025","format":false,"excerpt":"\u00a1Descubre el poderoso \u201cJuego Espiritual del Dinero\u201d y transforma tu relaci\u00f3n con la abundancia! \u00bfTe has preguntado alguna vez por qu\u00e9 algunas personas parecen atraer la riqueza de manera natural, mientras que otras luchan constantemente con sus finanzas? La respuesta no est\u00e1 \u00fanicamente en el trabajo duro o en la\u2026","rel":"","context":"Entrada similar","block_context":{"text":"Entrada similar","link":""},"img":{"alt_text":"","src":"https:\/\/i0.wp.com\/multiofertasvip.com\/wp-content\/uploads\/2025\/08\/JUEGO-ESPIRITUAL.jpg?fit=200%2C200&ssl=1&resize=350%2C200","width":350,"height":200},"classes":[]},{"id":30155,"url":"https:\/\/multiofertasvip.com\/?product=curso-cerebros-extraordinarios-pablo-lomeli","url_meta":{"origin":33071,"position":4},"title":"Curso Cerebros Extraordinarios-Pablo Lomeli","author":"multiofertasvip","date":"diciembre 10, 2021","format":false,"excerpt":"C\u00f3mo dominar tu carrera o profesi\u00f3n con las mejores t\u00e9cnicas de estudio, memorizaci\u00f3n y entrenamiento cerebral.","rel":"","context":"Entrada similar","block_context":{"text":"Entrada similar","link":""},"img":{"alt_text":"","src":"https:\/\/i0.wp.com\/multiofertasvip.com\/wp-content\/uploads\/2021\/12\/cerebros-extraordinarios.png?fit=200%2C200&ssl=1&resize=350%2C200","width":350,"height":200},"classes":[]},{"id":33745,"url":"https:\/\/multiofertasvip.com\/?product=el-camino-a-la-transformacion-michael-shaun-conaway","url_meta":{"origin":33071,"position":5},"title":"El camino a la transformaci\u00f3n Michael Shaun Conaway","author":"multiofertasvip","date":"abril 4, 2025","format":false,"excerpt":"Imagina un viaje profundo de tres meses para dominar El M\u00e9todo Hol\u00f3nico y transformar cada \u00e1rea importante de tu vida, donde cada met\u00e1fora es una puerta hacia nuevas percepciones y entendimientos. Estas met\u00e1foras cu\u00e1nticas, cuidadosamente seleccionadas, sirven como llaves para desbloquear la comprensi\u00f3n de conceptos complejos, permiti\u00e9ndote explorar tu propia\u2026","rel":"","context":"Entrada similar","block_context":{"text":"Entrada similar","link":""},"img":{"alt_text":"","src":"https:\/\/i0.wp.com\/multiofertasvip.com\/wp-content\/uploads\/2025\/04\/EL-CAMINO-A-LA-TRANSFORMACION.png?fit=200%2C200&ssl=1&resize=350%2C200","width":350,"height":200},"classes":[]}],"jetpack_sharing_enabled":false,"jetpack_likes_enabled":false,"_links":{"self":[{"href":"https:\/\/multiofertasvip.com\/index.php?rest_route=\/wp\/v2\/product\/33071","targetHints":{"allow":["GET"]}}],"collection":[{"href":"https:\/\/multiofertasvip.com\/index.php?rest_route=\/wp\/v2\/product"}],"about":[{"href":"https:\/\/multiofertasvip.com\/index.php?rest_route=\/wp\/v2\/types\/product"}],"version-history":[{"count":1,"href":"https:\/\/multiofertasvip.com\/index.php?rest_route=\/wp\/v2\/product\/33071\/revisions"}],"predecessor-version":[{"id":33074,"href":"https:\/\/multiofertasvip.com\/index.php?rest_route=\/wp\/v2\/product\/33071\/revisions\/33074"}],"wp:featuredmedia":[{"embeddable":true,"href":"https:\/\/multiofertasvip.com\/index.php?rest_route=\/wp\/v2\/media\/33073"}],"wp:attachment":[{"href":"https:\/\/multiofertasvip.com\/index.php?rest_route=%2Fwp%2Fv2%2Fmedia&parent=33071"}],"wp:term":[{"taxonomy":"product_brand","embeddable":true,"href":"https:\/\/multiofertasvip.com\/index.php?rest_route=%2Fwp%2Fv2%2Fproduct_brand&post=33071"},{"taxonomy":"product_cat","embeddable":true,"href":"https:\/\/multiofertasvip.com\/index.php?rest_route=%2Fwp%2Fv2%2Fproduct_cat&post=33071"},{"taxonomy":"product_tag","embeddable":true,"href":"https:\/\/multiofertasvip.com\/index.php?rest_route=%2Fwp%2Fv2%2Fproduct_tag&post=33071"}],"curies":[{"name":"wp","href":"https:\/\/api.w.org\/{rel}","templated":true}]}}