{"id":33065,"date":"2024-08-16T15:12:46","date_gmt":"2024-08-16T20:42:46","guid":{"rendered":"https:\/\/multiofertasvip.com\/?post_type=product&#038;p=33065"},"modified":"2024-08-16T15:23:38","modified_gmt":"2024-08-16T20:53:38","slug":"bionergetica-y-medicina-astral-mariana-del-hoyo","status":"publish","type":"product","link":"https:\/\/multiofertasvip.com\/?product=bionergetica-y-medicina-astral-mariana-del-hoyo","title":{"rendered":"Bionergetica y Medicina Astral-Mariana del Hoyo"},"content":{"rendered":"<div id=\"elementor-tab-title-7871\" class=\"elementor-tab-title elementor-active\" role=\"tab\" data-tab=\"1\" aria-controls=\"elementor-tab-content-7871\"><a class=\"elementor-accordion-title\" href=\"https:\/\/marianadelhoyo.com\/bioenergetica-y-medicina-astral\/\">\u00bfQu\u00e9 es la Bioenerg\u00e9tica?<\/a><\/div>\n<div id=\"elementor-tab-content-7871\" class=\"elementor-tab-content elementor-clearfix elementor-active\" role=\"tabpanel\" data-tab=\"1\" aria-labelledby=\"elementor-tab-title-7871\">\n<p>El termino bioenerg\u00e9tica abarca los diferentes campos de la existencia del ser humano, comprende a todas nuestras funciones vitales, por ende, tambi\u00e9n incluye los distintos planos en que el ser coexiste de manera multidimensional.<\/p>\n<div id=\"elementor-tab-title-7872\" class=\"elementor-tab-title elementor-active\" role=\"tab\" data-tab=\"2\" aria-controls=\"elementor-tab-content-7872\"><a class=\"elementor-accordion-title\" href=\"https:\/\/marianadelhoyo.com\/bioenergetica-y-medicina-astral\/\">\u00bfC\u00f3mo se introduce la Bioenerg\u00e9tica en esta t\u00e9cnica?<\/a><\/div>\n<div id=\"elementor-tab-content-7872\" class=\"elementor-tab-content elementor-clearfix elementor-active\" role=\"tabpanel\" data-tab=\"2\" aria-labelledby=\"elementor-tab-title-7872\">\n<p>A trav\u00e9s de un test kinesiol\u00f3gico en este caso con los pies podemos arribar a todos los estados del ser en una comunicaci\u00f3n fluida con la mente supraconciente o el alma del consultante, de ah\u00ed podemos realizar un rastreo del aura, diagnosticando y tratando las alteraciones.<\/p>\n<p>As\u00ed podremos dar un enfoque m\u00e1s completo, al reconectar los aspectos del alma que previamente a la manifestaci\u00f3n de la enfermedad f\u00edsica, estuviesen alterados.<\/p>\n<p>La enfermedad f\u00edsica antes de gestarse, comienza con alteraciones\u00a0 de pensamiento, el cual produce secuelas emocionales, quienes alteran el sistema bio-din\u00e1mico de las personas.<\/p>\n<div id=\"elementor-tab-title-7873\" class=\"elementor-tab-title elementor-active\" role=\"tab\" data-tab=\"3\" aria-controls=\"elementor-tab-content-7873\"><a class=\"elementor-accordion-title\" href=\"https:\/\/marianadelhoyo.com\/bioenergetica-y-medicina-astral\/\">\u00bfQu\u00e9 puntos principales aborda esta t\u00e9cnica? \u00bfPor qu\u00e9 se llama medicina astral?<\/a><\/div>\n<div id=\"elementor-tab-content-7873\" class=\"elementor-tab-content elementor-clearfix elementor-active\" role=\"tabpanel\" data-tab=\"3\" aria-labelledby=\"elementor-tab-title-7873\">\n<p>Nos enfocamos en, alinear chakras, reparar fugas \u00e1uricas, eliminar energ\u00edas par\u00e1sitas, divorcio energ\u00e9tico, corte de lazos, cancelaci\u00f3n de ataques s\u00edquicos y hechicer\u00edas, extraer y auxiliar \u00a0a las almas errantes o familiares fallecidos que puedan estar interfiriendo al paciente por transferencia vibratoria, podemos tambi\u00e9n tratar alguna huella en el alma antes de enviarla a planos superiores, entre otros temas m\u00e1s.<\/p>\n<div id=\"elementor-tab-title-7874\" class=\"elementor-tab-title elementor-active\" role=\"tab\" data-tab=\"4\" aria-controls=\"elementor-tab-content-7874\"><a class=\"elementor-accordion-title\" href=\"https:\/\/marianadelhoyo.com\/bioenergetica-y-medicina-astral\/\">\u00bfQu\u00e9 puede aportarme como terapeuta manejar esta t\u00e9cnica?<\/a><\/div>\n<div id=\"elementor-tab-content-7874\" class=\"elementor-tab-content elementor-clearfix elementor-active\" role=\"tabpanel\" data-tab=\"4\" aria-labelledby=\"elementor-tab-title-7874\">\n<p>Si ya eres terapeuta, este curso te ser\u00e1 de gran utilidad, podr\u00e1s aplicar este protocolo de limpieza espiritual y despeje de interferencias lo cual har\u00e1n tu terapia m\u00e1s efectiva.<\/p>\n<\/div>\n<p>&nbsp;<\/p>\n<\/div>\n<\/div>\n<\/div>\n","protected":false},"excerpt":{"rendered":"<p>\u00bfQu\u00e9 es la Bioenerg\u00e9tica? El termino bioenerg\u00e9tica abarca los diferentes campos de la existencia del ser humano, comprende a todas nuestras funciones vitales, por ende, tambi\u00e9n incluye los distintos planos en que el ser coexiste de manera multidimensional. \u00bfC\u00f3mo se introduce la Bioenerg\u00e9tica en esta t\u00e9cnica? A trav\u00e9s de un test kinesiol\u00f3gico en este caso [&#8230;]\n","protected":false},"featured_media":33069,"template":"","meta":{"_monsterinsights_skip_tracking":false,"_monsterinsights_sitenote_active":false,"_monsterinsights_sitenote_note":"","_monsterinsights_sitenote_category":0,"jetpack_post_was_ever_published":false,"jetpack_publicize_message":"","jetpack_publicize_feature_enabled":true,"jetpack_social_post_already_shared":true,"jetpack_social_options":{"image_generator_settings":{"template":"highway","default_image_id":0,"font":"","enabled":false},"version":2}},"product_brand":[],"product_cat":[32],"product_tag":[263,142,260,211,254,119,251,215,257,249,243,230,182,226,253,236,229,143,228,232,258,234,262,239,220,265,219,225,240,238,140,242,235,244,266,267,248,210,245,212,250,227,255,264,252,217,216,233,261,73,237,231,247,221,246,222,223,224,259,241,256,218,213,214,53],"class_list":{"0":"post-33065","1":"product","2":"type-product","3":"status-publish","4":"has-post-thumbnail","6":"product_cat-sanacion","7":"product_tag-animales","8":"product_tag-avanzado","9":"product_tag-biden","10":"product_tag-billetes","11":"product_tag-bitcoin","12":"product_tag-carrera","13":"product_tag-china","14":"product_tag-christopher-olivarrieta","15":"product_tag-cine","16":"product_tag-coranavirus","17":"product_tag-cultura","18":"product_tag-cursos","19":"product_tag-dinero","20":"product_tag-dios","21":"product_tag-dolar","22":"product_tag-enric-corbera","23":"product_tag-ensenanza-en-casa","24":"product_tag-entidades","25":"product_tag-escuela","26":"product_tag-especialidad","27":"product_tag-estrenos","28":"product_tag-estudios","29":"product_tag-facebook","30":"product_tag-famosos","31":"product_tag-free","32":"product_tag-gatos","33":"product_tag-gratis","34":"product_tag-guerra","35":"product_tag-humor","36":"product_tag-internet","37":"product_tag-jose-palomo","38":"product_tag-juegos","39":"product_tag-lavin","40":"product_tag-manga","41":"product_tag-mercado-libre","42":"product_tag-mercado-pago","43":"product_tag-meteorologia","44":"product_tag-moneda","45":"product_tag-musica","46":"product_tag-nuevo","47":"product_tag-omnicron","48":"product_tag-oracion","49":"product_tag-peliculas","50":"product_tag-perros","51":"product_tag-peso","52":"product_tag-porn","53":"product_tag-porno","54":"product_tag-profesional","55":"product_tag-putin","56":"product_tag-salud","57":"product_tag-sexo","58":"product_tag-talleres","59":"product_tag-television","60":"product_tag-terapias","61":"product_tag-trabajo","62":"product_tag-ucrania","63":"product_tag-ukrania","64":"product_tag-usa","65":"product_tag-vacuna","66":"product_tag-viajes","67":"product_tag-videos","68":"product_tag-xxx","69":"product_tag-youtube","70":"product_tag-youtube-yuen-guadalajara","71":"product_tag-yuen","73":"first","74":"instock","75":"downloadable","76":"virtual","77":"purchasable","78":"product-type-simple"},"jetpack_publicize_connections":[],"jetpack-related-posts":[{"id":30280,"url":"https:\/\/multiofertasvip.com\/?product=bioenergetica-y-tratamiento-en-efectos-post-covid-miguel-ojeda","url_meta":{"origin":33065,"position":0},"title":"Bioenergetica y tratamiento en efectos post-covid-Miguel Ojeda","author":"multiofertasvip","date":"marzo 31, 2022","format":false,"excerpt":"\u00a0 \u00a0","rel":"","context":"Entrada similar","block_context":{"text":"Entrada similar","link":""},"img":{"alt_text":"","src":"https:\/\/i0.wp.com\/multiofertasvip.com\/wp-content\/uploads\/2022\/03\/Efectospostcovid-1.jpg?fit=200%2C200&ssl=1&resize=350%2C200","width":350,"height":200},"classes":[]},{"id":29758,"url":"https:\/\/multiofertasvip.com\/?product=curso-bioenergetica-avanzada-en-video-miguel-ojeda","url_meta":{"origin":33065,"position":1},"title":"Curso Bioenergetica Avanzada En Video-Miguel Ojeda","author":"multiofertasvip","date":"abril 18, 2021","format":false,"excerpt":"La bioenerg\u00e9tica avanzada es una t\u00e9cnica basada en experiencias e investigaciones de terapeutas biomagn\u00e9ticos de todo el mundo bas\u00e1ndose en la evoluci\u00f3n de diversos protocolos detallados logrando ir m\u00e1s all\u00e1 del par Biomagn\u00e9tico que te proporcionan el equilibrio energ\u00e9tico que requieres en tu mente cuerpo y esp\u00edritu. La bioenerg\u00e9tica es\u2026","rel":"","context":"Entrada similar","block_context":{"text":"Entrada similar","link":""},"img":{"alt_text":"","src":"https:\/\/i0.wp.com\/multiofertasvip.com\/wp-content\/uploads\/2021\/04\/bioenergetica-avanzada.jpg?fit=200%2C200&ssl=1&resize=350%2C200","width":350,"height":200},"classes":[]},{"id":30322,"url":"https:\/\/multiofertasvip.com\/?product=seminario-internacional-de-bioenergetica-y-microbioenergetica-vallarta","url_meta":{"origin":33065,"position":2},"title":"Seminario Internacional de Bioenergetica y Microbioenergetica Vallarta","author":"multiofertasvip","date":"mayo 27, 2022","format":false,"excerpt":"Temario Biomagnetismo avanzado La teor\u00eda polivagal y conflictolog\u00eda biol\u00f3gica Tratamiento del s\u00edndrome post-covid Din\u00e1micas sist\u00e9micas de la enfermedad Transgeneracional y ciclos repetitivos Recuperaci\u00f3n funcional y bioenerg\u00e9tica Virolog\u00eda energ\u00e9tica Infecci\u00f3n cr\u00f3nica y esquemas desadaptativos El sistema de las partes internas Reprocesamiento del trauma Trauma, memoria y conflictos biol\u00f3gicos Sindrome inflamatorio y\u2026","rel":"","context":"Entrada similar","block_context":{"text":"Entrada similar","link":""},"img":{"alt_text":"","src":"https:\/\/i0.wp.com\/multiofertasvip.com\/wp-content\/uploads\/2022\/05\/vallarta.png?fit=200%2C200&ssl=1&resize=350%2C200","width":350,"height":200},"classes":[]},{"id":35205,"url":"https:\/\/multiofertasvip.com\/?product=bioenergetica-y-biomagnetismo-holografico-energetico-miguel-ojeda-2","url_meta":{"origin":33065,"position":3},"title":"Bioenergetica y Biomagnetismo Hologr\u00e1fico Energ\u00e9tico Miguel Ojeda","author":"multiofertasvip","date":"marzo 20, 2026","format":false,"excerpt":"\u00a0 \u00a0 \u00a0 \u00a0 \u00a0 \u00a0 \u00a0","rel":"","context":"Entrada similar","block_context":{"text":"Entrada similar","link":""},"img":{"alt_text":"","src":"https:\/\/i0.wp.com\/multiofertasvip.com\/wp-content\/uploads\/2026\/03\/Biomagnetismo-Holografico.png?fit=200%2C200&ssl=1&resize=350%2C200","width":350,"height":200},"classes":[]},{"id":29967,"url":"https:\/\/multiofertasvip.com\/?product=curso-par-magnetico-enfoque-pums-en-video-mariana-del-hoyo","url_meta":{"origin":33065,"position":4},"title":"Curso Par Magnetico Enfoque PUMS En Video-Mariana del Hoyo","author":"multiofertasvip","date":"junio 27, 2021","format":false,"excerpt":"Este es un curso muy completo y con mucha informaci\u00f3n, no necesitaas hacer oto nivel de PAR BIOMAGNETICO, podras iniciarte en metodo PUMS optimizacion en rastreos.","rel":"","context":"Entrada similar","block_context":{"text":"Entrada similar","link":""},"img":{"alt_text":"","src":"https:\/\/i0.wp.com\/multiofertasvip.com\/wp-content\/uploads\/2021\/06\/bio.jpg?fit=200%2C200&ssl=1&resize=350%2C200","width":350,"height":200},"classes":[]},{"id":31033,"url":"https:\/\/multiofertasvip.com\/?product=biomagnetismo-medico-niveles-i-y-ii-dr-pierre-trillos","url_meta":{"origin":33065,"position":5},"title":"Biomagnetismo M\u00e9dico Niveles I y II-Dr. Pierre Trillos","author":"multiofertasvip","date":"octubre 30, 2023","format":false,"excerpt":"El biomagnetismo es un enfoque revolucionario, cient\u00edfico y terap\u00e9utico del bienestar que difiere de la medicina tradicional, la homeopat\u00eda, las hierbas y las terapias naturales, pero es perfectamente compatible con cualquier otra t\u00e9cnica tradicional o alternativa. Se trata de uno de los usos alternativos de los imanes, que representa un\u2026","rel":"","context":"Entrada similar","block_context":{"text":"Entrada similar","link":""},"img":{"alt_text":"","src":"https:\/\/i0.wp.com\/multiofertasvip.com\/wp-content\/uploads\/2023\/10\/Captura-300x126.jpg?resize=350%2C200&ssl=1","width":350,"height":200},"classes":[]}],"jetpack_sharing_enabled":false,"jetpack_likes_enabled":false,"_links":{"self":[{"href":"https:\/\/multiofertasvip.com\/index.php?rest_route=\/wp\/v2\/product\/33065","targetHints":{"allow":["GET"]}}],"collection":[{"href":"https:\/\/multiofertasvip.com\/index.php?rest_route=\/wp\/v2\/product"}],"about":[{"href":"https:\/\/multiofertasvip.com\/index.php?rest_route=\/wp\/v2\/types\/product"}],"version-history":[{"count":2,"href":"https:\/\/multiofertasvip.com\/index.php?rest_route=\/wp\/v2\/product\/33065\/revisions"}],"predecessor-version":[{"id":33070,"href":"https:\/\/multiofertasvip.com\/index.php?rest_route=\/wp\/v2\/product\/33065\/revisions\/33070"}],"wp:featuredmedia":[{"embeddable":true,"href":"https:\/\/multiofertasvip.com\/index.php?rest_route=\/wp\/v2\/media\/33069"}],"wp:attachment":[{"href":"https:\/\/multiofertasvip.com\/index.php?rest_route=%2Fwp%2Fv2%2Fmedia&parent=33065"}],"wp:term":[{"taxonomy":"product_brand","embeddable":true,"href":"https:\/\/multiofertasvip.com\/index.php?rest_route=%2Fwp%2Fv2%2Fproduct_brand&post=33065"},{"taxonomy":"product_cat","embeddable":true,"href":"https:\/\/multiofertasvip.com\/index.php?rest_route=%2Fwp%2Fv2%2Fproduct_cat&post=33065"},{"taxonomy":"product_tag","embeddable":true,"href":"https:\/\/multiofertasvip.com\/index.php?rest_route=%2Fwp%2Fv2%2Fproduct_tag&post=33065"}],"curies":[{"name":"wp","href":"https:\/\/api.w.org\/{rel}","templated":true}]}}