{"id":33061,"date":"2024-08-16T15:00:01","date_gmt":"2024-08-16T20:30:01","guid":{"rendered":"https:\/\/multiofertasvip.com\/?post_type=product&#038;p=33061"},"modified":"2024-08-25T14:15:54","modified_gmt":"2024-08-25T19:45:54","slug":"activaciones-energeticas-easy-money-daniela-correa","status":"publish","type":"product","link":"https:\/\/multiofertasvip.com\/?product=activaciones-energeticas-easy-money-daniela-correa","title":{"rendered":"Activaciones Energ\u00e9ticas Easy Money-Daniela Correa"},"content":{"rendered":"<p>Las activaciones energ\u00e9ticas son una herramienta poderosa para transformar tu relaci\u00f3n con el dinero y atraer abundancia a tu vida. Si deseas crear una realidad financiera que realmente funcione para ti, esta es una de las t\u00e9cnicas m\u00e1s efectivas.<\/p>\n<p>Durante 7 d\u00edas, vamos a jugar con la energ\u00eda del dinero f\u00e1cil, activando y jalando energ\u00edas que faciliten la entrada de dinero en tu vida de maneras sorprendentes y sin esfuerzo. Porque s\u00ed, para crear una realidad financiera m\u00e1s all\u00e1 de lo que conoces, requieres elegir posibilidades que nunca antes hab\u00edas considerado.<\/p>\n<p>\u00bfQui\u00e9n m\u00e1s quiere venir a jugar?<\/p>\n","protected":false},"excerpt":{"rendered":"<p>Las activaciones energ\u00e9ticas son una herramienta poderosa para transformar tu relaci\u00f3n con el dinero y atraer abundancia a tu vida. Si deseas crear una realidad financiera que realmente funcione para ti, esta es una de las t\u00e9cnicas m\u00e1s efectivas. Durante 7 d\u00edas, vamos a jugar con la energ\u00eda del dinero f\u00e1cil, activando y jalando energ\u00edas [&#8230;]\n","protected":false},"featured_media":33063,"template":"","meta":{"_monsterinsights_skip_tracking":false,"_monsterinsights_sitenote_active":false,"_monsterinsights_sitenote_note":"","_monsterinsights_sitenote_category":0,"jetpack_post_was_ever_published":false,"jetpack_publicize_message":"","jetpack_publicize_feature_enabled":true,"jetpack_social_post_already_shared":true,"jetpack_social_options":{"image_generator_settings":{"template":"highway","default_image_id":0,"font":"","enabled":false},"version":2}},"product_brand":[],"product_cat":[122],"product_tag":[263,142,260,211,254,119,251,215,257,249,243,230,182,226,253,236,229,143,228,232,258,234,262,239,220,265,219,225,240,238,140,242,235,244,266,267,248,210,245,212,250,227,255,264,252,217,216,233,261,73,237,231,247,221,246,222,223,224,259,241,256,218,213,214,53],"class_list":{"0":"post-33061","1":"product","2":"type-product","3":"status-publish","4":"has-post-thumbnail","6":"product_cat-access-consciousness","7":"product_tag-animales","8":"product_tag-avanzado","9":"product_tag-biden","10":"product_tag-billetes","11":"product_tag-bitcoin","12":"product_tag-carrera","13":"product_tag-china","14":"product_tag-christopher-olivarrieta","15":"product_tag-cine","16":"product_tag-coranavirus","17":"product_tag-cultura","18":"product_tag-cursos","19":"product_tag-dinero","20":"product_tag-dios","21":"product_tag-dolar","22":"product_tag-enric-corbera","23":"product_tag-ensenanza-en-casa","24":"product_tag-entidades","25":"product_tag-escuela","26":"product_tag-especialidad","27":"product_tag-estrenos","28":"product_tag-estudios","29":"product_tag-facebook","30":"product_tag-famosos","31":"product_tag-free","32":"product_tag-gatos","33":"product_tag-gratis","34":"product_tag-guerra","35":"product_tag-humor","36":"product_tag-internet","37":"product_tag-jose-palomo","38":"product_tag-juegos","39":"product_tag-lavin","40":"product_tag-manga","41":"product_tag-mercado-libre","42":"product_tag-mercado-pago","43":"product_tag-meteorologia","44":"product_tag-moneda","45":"product_tag-musica","46":"product_tag-nuevo","47":"product_tag-omnicron","48":"product_tag-oracion","49":"product_tag-peliculas","50":"product_tag-perros","51":"product_tag-peso","52":"product_tag-porn","53":"product_tag-porno","54":"product_tag-profesional","55":"product_tag-putin","56":"product_tag-salud","57":"product_tag-sexo","58":"product_tag-talleres","59":"product_tag-television","60":"product_tag-terapias","61":"product_tag-trabajo","62":"product_tag-ucrania","63":"product_tag-ukrania","64":"product_tag-usa","65":"product_tag-vacuna","66":"product_tag-viajes","67":"product_tag-videos","68":"product_tag-xxx","69":"product_tag-youtube","70":"product_tag-youtube-yuen-guadalajara","71":"product_tag-yuen","73":"first","74":"instock","75":"downloadable","76":"virtual","77":"purchasable","78":"product-type-simple"},"jetpack_publicize_connections":[],"jetpack-related-posts":[{"id":32796,"url":"https:\/\/multiofertasvip.com\/?product=desata-tu-riqueza-elma-galvan","url_meta":{"origin":33061,"position":0},"title":"Desata tu Riqueza-Elma Galvan","author":"multiofertasvip","date":"mayo 13, 2024","format":false,"excerpt":"\u00a0Desata tu riqueza 5 jalones energ\u00e9ticos en vivo \u00bfC\u00f3mo ser\u00eda desatar tus flujos de dinero y que se exponenciales tu riqueza?\u00a0\u00a0 \u00a1Hola mi potente!\u00a0\u00bfTe gustar\u00eda \"Desatar tu riqueza\" y aprender a manifestar la abundancia que mereces?\u00a0Durante\u00a05 sesiones de jalones energ\u00e9ticos (Energy pulls), descubrir\u00e1s c\u00f3mo liberarte de creencias limitantes y activar\u2026","rel":"","context":"Entrada similar","block_context":{"text":"Entrada similar","link":""},"img":{"alt_text":"","src":"https:\/\/i0.wp.com\/multiofertasvip.com\/wp-content\/uploads\/2024\/05\/desata-tu-riqueza.png?fit=200%2C200&ssl=1&resize=350%2C200","width":350,"height":200},"classes":[]},{"id":33684,"url":"https:\/\/multiofertasvip.com\/?product=como-convertirse-en-dinero-avanzado-ele-la-white","url_meta":{"origin":33061,"position":1},"title":"Como Convertirse en Dinero Avanzado-Ele La White","author":"multiofertasvip","date":"marzo 11, 2025","format":false,"excerpt":"Curso Avanzado: \u201cC\u00f3mo Convertirse en Dinero\u201d Este curso intensivo de 9 sesiones est\u00e1 dise\u00f1ado para aquellos que desean transformar su relaci\u00f3n con el dinero a un nivel profundo y energ\u00e9tico. A lo largo de estas sesiones, explorar\u00e1s herramientas avanzadas que te permitir\u00e1n convertirte en la energ\u00eda del dinero, abriendo las\u2026","rel":"","context":"Entrada similar","block_context":{"text":"Entrada similar","link":""},"img":{"alt_text":"","src":"https:\/\/i0.wp.com\/multiofertasvip.com\/wp-content\/uploads\/2025\/03\/dinero.png?fit=200%2C200&ssl=1&resize=350%2C200","width":350,"height":200},"classes":[]},{"id":34711,"url":"https:\/\/multiofertasvip.com\/?product=inicia-un-ano-prospero-%e2%9c%a8-la-energia-de-la-prosperidad-infinita-elma-galvan","url_meta":{"origin":33061,"position":2},"title":"Inicia un a\u00f1o pr\u00f3spero \u2728 La Energ\u00eda de la prosperidad infinita-Elma Galvan","author":"multiofertasvip","date":"enero 9, 2026","format":false,"excerpt":"\"Inicia un a\u00f1o pr\u00f3spero\" 7 Flujos Energ\u00e9ticos en vivo \u00bfY si este a\u00f1o pudiera comenzar desde la expansi\u00f3n, el recibir y la magia\u2026 en lugar del esfuerzo?Esta experiencia energ\u00e9tica te conecta con tu poder creador a trav\u00e9s de 7 Flujos Energ\u00e9ticos + SOP (Sinfon\u00eda de Posibilidades) taster grupal, en vivo\u2026","rel":"","context":"Entrada similar","block_context":{"text":"Entrada similar","link":""},"img":{"alt_text":"","src":"https:\/\/i0.wp.com\/multiofertasvip.com\/wp-content\/uploads\/2026\/01\/energia-de-la-prosperidad-infinita.jpg?fit=200%2C200&ssl=1&resize=350%2C200","width":350,"height":200},"classes":[]},{"id":32949,"url":"https:\/\/multiofertasvip.com\/?product=la-magia-de-las-posibilidades-desconocidas-daniela-correa","url_meta":{"origin":33061,"position":3},"title":"La magia de las Posibilidades Desconocidas-Daniela Correa","author":"multiofertasvip","date":"junio 28, 2024","format":false,"excerpt":"Las activaciones energ\u00e9ticas son una herramienta grandiosa para mover las mol\u00e9culas de tu realidad. Si quieres crear una realidad que verdaderamente funcione para ti, esta es una de las herramientas m\u00e1s poderosas para eso. Durante 10 d\u00edas vamos a jugar a jalar energ\u00eda de las posibilidades desconocidas. Porque s\u00ed, para\u2026","rel":"","context":"Entrada similar","block_context":{"text":"Entrada similar","link":""},"img":{"alt_text":"","src":"https:\/\/i0.wp.com\/multiofertasvip.com\/wp-content\/uploads\/2024\/06\/LA-MAGIA.png?fit=200%2C200&ssl=1&resize=350%2C200","width":350,"height":200},"classes":[]},{"id":31169,"url":"https:\/\/multiofertasvip.com\/?product=vida-magnetica-atrayendo-dinero-a-tu-universo-elma-galvan","url_meta":{"origin":33061,"position":4},"title":"Vida magn\u00e9tica atrayendo dinero a tu universo Elma Galv\u00e1n","author":"multiofertasvip","date":"enero 8, 2024","format":false,"excerpt":"Vida magn\u00e9tica, atrayendo dinero a tu universo 5 jalones energ\u00e9ticos\u00a0+ S.O.P Taster grupal \u00a0 \u00bfQu\u00e9 creencias limitantes relacionadas con el dinero te est\u00e1n impidiendo actualizar una realidad m\u00e1s grandiosa? \u00bfTe gustar\u00eda transformar tu relaci\u00f3n con el dinero y la abundancia? \u00bfC\u00f3mo ser\u00eda convertirte en un im\u00e1n para el dinero y\u2026","rel":"","context":"Entrada similar","block_context":{"text":"Entrada similar","link":""},"img":{"alt_text":"","src":"https:\/\/i0.wp.com\/multiofertasvip.com\/wp-content\/uploads\/2024\/01\/vida-magnetica-atrayendo-dinero-a-tu-universo.jpg?fit=200%2C200&ssl=1&resize=350%2C200","width":350,"height":200},"classes":[]},{"id":32591,"url":"https:\/\/multiofertasvip.com\/?product=jales-de-energia-el-principio-de-la-creacion-daniela-correa","url_meta":{"origin":33061,"position":5},"title":"Jales de energ\u00eda: El principio de la creaci\u00f3n-Daniela Correa","author":"multiofertasvip","date":"marzo 7, 2024","format":false,"excerpt":"Percibe c\u00f3mo ser\u00eda tu vida si hoy eliges explorar el fascinante mundo de la energ\u00eda y reconocer el impacto que tiene en ti y en tu d\u00eda a d\u00eda.","rel":"","context":"Entrada similar","block_context":{"text":"Entrada similar","link":""},"img":{"alt_text":"","src":"https:\/\/i0.wp.com\/multiofertasvip.com\/wp-content\/uploads\/2024\/03\/Jales-de-Energia-El-Principio-de-la-Creacion-Daniela-Correa.jpg?fit=200%2C200&ssl=1&resize=350%2C200","width":350,"height":200},"classes":[]}],"jetpack_sharing_enabled":false,"jetpack_likes_enabled":false,"_links":{"self":[{"href":"https:\/\/multiofertasvip.com\/index.php?rest_route=\/wp\/v2\/product\/33061","targetHints":{"allow":["GET"]}}],"collection":[{"href":"https:\/\/multiofertasvip.com\/index.php?rest_route=\/wp\/v2\/product"}],"about":[{"href":"https:\/\/multiofertasvip.com\/index.php?rest_route=\/wp\/v2\/types\/product"}],"version-history":[{"count":2,"href":"https:\/\/multiofertasvip.com\/index.php?rest_route=\/wp\/v2\/product\/33061\/revisions"}],"predecessor-version":[{"id":33149,"href":"https:\/\/multiofertasvip.com\/index.php?rest_route=\/wp\/v2\/product\/33061\/revisions\/33149"}],"wp:featuredmedia":[{"embeddable":true,"href":"https:\/\/multiofertasvip.com\/index.php?rest_route=\/wp\/v2\/media\/33063"}],"wp:attachment":[{"href":"https:\/\/multiofertasvip.com\/index.php?rest_route=%2Fwp%2Fv2%2Fmedia&parent=33061"}],"wp:term":[{"taxonomy":"product_brand","embeddable":true,"href":"https:\/\/multiofertasvip.com\/index.php?rest_route=%2Fwp%2Fv2%2Fproduct_brand&post=33061"},{"taxonomy":"product_cat","embeddable":true,"href":"https:\/\/multiofertasvip.com\/index.php?rest_route=%2Fwp%2Fv2%2Fproduct_cat&post=33061"},{"taxonomy":"product_tag","embeddable":true,"href":"https:\/\/multiofertasvip.com\/index.php?rest_route=%2Fwp%2Fv2%2Fproduct_tag&post=33061"}],"curies":[{"name":"wp","href":"https:\/\/api.w.org\/{rel}","templated":true}]}}