{"id":33044,"date":"2024-08-13T09:55:28","date_gmt":"2024-08-13T15:25:28","guid":{"rendered":"https:\/\/multiofertasvip.com\/?post_type=product&#038;p=33044"},"modified":"2024-08-13T09:58:30","modified_gmt":"2024-08-13T15:28:30","slug":"magicfestation-despierta-tu-magia-para-manifestar-daniela-correa","status":"publish","type":"product","link":"https:\/\/multiofertasvip.com\/?product=magicfestation-despierta-tu-magia-para-manifestar-daniela-correa","title":{"rendered":"Magicfestation! Despierta tu Magia para Manifestar-Daniela Correa"},"content":{"rendered":"<p>Soy muy buena para manifestar y mi vida son mis credenciales: pas\u00e9 de contar moneditas para pagar las cuentas del supermercado a ser millonaria. De ser empleada por casi 19 a\u00f1os a dirigir un negocio con presencia global. De tener relaciones de\u00a0<img decoding=\"async\" class=\"emoji\" role=\"img\" draggable=\"false\" src=\"https:\/\/s.w.org\/images\/core\/emoji\/15.0.3\/svg\/1f4a9.svg\" alt=\"\ud83d\udca9\" \/>\u00a0a compartir mi vida con mi compa\u00f1ero ideal. De pagar con tarjeta a meses sin intereses para que mi hija conviviera con sus animales favoritos a comprarle caballos de raza para el deporte que eligi\u00f3. De nunca haber salido de mi pa\u00eds a viajar por el mundo y muchos cambios m\u00e1s!<\/p>\n<p>Y no te lo digo para que digas \u201cDaniela que chingona es\u201d (que si lo soy\u00a0<img decoding=\"async\" class=\"emoji\" role=\"img\" draggable=\"false\" src=\"https:\/\/s.w.org\/images\/core\/emoji\/15.0.3\/svg\/1f60f.svg\" alt=\"\ud83d\ude0f\" \/>), sino porque me encanta mostrarte que TODO es posible cuando ELIGES convertirte en creador\/creadora de TU REALIDAD!<\/p>\n<p>En este programa te comparto mis m\u00e1s efectivas t\u00e9cnicas de manifestaci\u00f3n, las que yo us\u00e9 para crear mi vida, mis finanzas y mi relaci\u00f3n! Juegas?<\/p>\n","protected":false},"excerpt":{"rendered":"<p>Soy muy buena para manifestar y mi vida son mis credenciales: pas\u00e9 de contar moneditas para pagar las cuentas del supermercado a ser millonaria. De ser empleada por casi 19 a\u00f1os a dirigir un negocio con presencia global. De tener relaciones de\u00a0\u00a0a compartir mi vida con mi compa\u00f1ero ideal. De pagar con tarjeta a meses [&#8230;]\n","protected":false},"featured_media":33045,"template":"","meta":{"_monsterinsights_skip_tracking":false,"_monsterinsights_sitenote_active":false,"_monsterinsights_sitenote_note":"","_monsterinsights_sitenote_category":0,"jetpack_post_was_ever_published":false,"jetpack_publicize_message":"","jetpack_publicize_feature_enabled":true,"jetpack_social_post_already_shared":true,"jetpack_social_options":{"image_generator_settings":{"template":"highway","default_image_id":0,"font":"","enabled":false},"version":2}},"product_brand":[],"product_cat":[122],"product_tag":[263,142,260,211,254,119,251,215,257,249,243,230,182,226,253,236,229,143,228,232,258,234,262,239,220,265,219,225,240,238,140,242,235,244,266,267,248,210,245,212,250,227,255,264,252,217,216,233,261,73,237,231,247,221,246,222,223,224,259,241,256,218,213,214,53],"class_list":{"0":"post-33044","1":"product","2":"type-product","3":"status-publish","4":"has-post-thumbnail","6":"product_cat-access-consciousness","7":"product_tag-animales","8":"product_tag-avanzado","9":"product_tag-biden","10":"product_tag-billetes","11":"product_tag-bitcoin","12":"product_tag-carrera","13":"product_tag-china","14":"product_tag-christopher-olivarrieta","15":"product_tag-cine","16":"product_tag-coranavirus","17":"product_tag-cultura","18":"product_tag-cursos","19":"product_tag-dinero","20":"product_tag-dios","21":"product_tag-dolar","22":"product_tag-enric-corbera","23":"product_tag-ensenanza-en-casa","24":"product_tag-entidades","25":"product_tag-escuela","26":"product_tag-especialidad","27":"product_tag-estrenos","28":"product_tag-estudios","29":"product_tag-facebook","30":"product_tag-famosos","31":"product_tag-free","32":"product_tag-gatos","33":"product_tag-gratis","34":"product_tag-guerra","35":"product_tag-humor","36":"product_tag-internet","37":"product_tag-jose-palomo","38":"product_tag-juegos","39":"product_tag-lavin","40":"product_tag-manga","41":"product_tag-mercado-libre","42":"product_tag-mercado-pago","43":"product_tag-meteorologia","44":"product_tag-moneda","45":"product_tag-musica","46":"product_tag-nuevo","47":"product_tag-omnicron","48":"product_tag-oracion","49":"product_tag-peliculas","50":"product_tag-perros","51":"product_tag-peso","52":"product_tag-porn","53":"product_tag-porno","54":"product_tag-profesional","55":"product_tag-putin","56":"product_tag-salud","57":"product_tag-sexo","58":"product_tag-talleres","59":"product_tag-television","60":"product_tag-terapias","61":"product_tag-trabajo","62":"product_tag-ucrania","63":"product_tag-ukrania","64":"product_tag-usa","65":"product_tag-vacuna","66":"product_tag-viajes","67":"product_tag-videos","68":"product_tag-xxx","69":"product_tag-youtube","70":"product_tag-youtube-yuen-guadalajara","71":"product_tag-yuen","73":"first","74":"instock","75":"downloadable","76":"virtual","77":"purchasable","78":"product-type-simple"},"jetpack_publicize_connections":[],"jetpack-related-posts":[{"id":33048,"url":"https:\/\/multiofertasvip.com\/?product=magicfestation-despierta-tu-magia-para-manifestar-2-0-daniela-correa","url_meta":{"origin":33044,"position":0},"title":"Magicfestation! Despierta tu Magia para Manifestar 2.0-Daniela Correa","author":"multiofertasvip","date":"agosto 13, 2024","format":false,"excerpt":"\u00bfEst\u00e1s listo para llevar tu capacidad de manifestar al siguiente nivel? En esta segunda versi\u00f3n, haremos ejercicios pr\u00e1cticos para aplicar la magia de la manifestaci\u00f3n: Magicfestation. Ya sabes que pas\u00e9 de contar moneditas para pagar el supermercado a ser millonaria, de ser empleada por 19 a\u00f1os a dirigir un negocio\u2026","rel":"","context":"Entrada similar","block_context":{"text":"Entrada similar","link":""},"img":{"alt_text":"","src":"https:\/\/i0.wp.com\/multiofertasvip.com\/wp-content\/uploads\/2024\/08\/manifestacion2.jpg?fit=200%2C200&ssl=1&resize=350%2C200","width":350,"height":200},"classes":[]},{"id":32104,"url":"https:\/\/multiofertasvip.com\/?product=magia-con-moleculas-intimidad-con-el-universo-daniela-correa","url_meta":{"origin":33044,"position":1},"title":"Magia con Mol\u00e9culas \u2013 Intimidad con el Universo-Daniela Correa","author":"multiofertasvip","date":"febrero 14, 2024","format":false,"excerpt":"Y si te digo que la vinculaci\u00f3n con el universo y las mol\u00e9culas es posible, \u00bflo elegir\u00edas? Al igual que con las mol\u00e9culas, eres parte del universo y el universo es parte de ti. Entre mayor espacio para vincularte con \u00e9l y con las mol\u00e9culas a tu alrededor, m\u00e1s son\u2026","rel":"","context":"Entrada similar","block_context":{"text":"Entrada similar","link":""},"img":{"alt_text":"","src":"https:\/\/i0.wp.com\/multiofertasvip.com\/wp-content\/uploads\/2024\/02\/magia-con-moleculas-intimidad-con-el-universo.png?fit=200%2C200&ssl=1&resize=350%2C200","width":350,"height":200},"classes":[]},{"id":32821,"url":"https:\/\/multiofertasvip.com\/?product=el-club-del-1-mayo-2024-daniela-correa","url_meta":{"origin":33044,"position":2},"title":"El Club del 1% Mayo 2024-Daniela Correa","author":"multiofertasvip","date":"mayo 13, 2024","format":false,"excerpt":"El Club del 1%\u00a0es un t\u00e9rmino que hace referencia a ese peque\u00f1o porcentaje de la poblaci\u00f3n mundial que acumula el 99% de los recursos materiales del planeta. \u00bfTe cuento algo? Yo formo parte de ese peque\u00f1o grupo de personas que\u00a0acumula \u00a1casi el total de la riqueza del mundo! Pero no\u2026","rel":"","context":"Entrada similar","block_context":{"text":"Entrada similar","link":""},"img":{"alt_text":"","src":"https:\/\/i0.wp.com\/multiofertasvip.com\/wp-content\/uploads\/2024\/05\/el-club2024.png?fit=200%2C200&ssl=1&resize=350%2C200","width":350,"height":200},"classes":[]},{"id":31165,"url":"https:\/\/multiofertasvip.com\/?product=manifestalo-escuela-de-manifestadoras-maite-issa","url_meta":{"origin":33044,"position":3},"title":"Manifestalo \u2013 Escuela de Manifestadoras \u2013 Maite Issa","author":"multiofertasvip","date":"enero 8, 2024","format":false,"excerpt":"Accede al Programa Manifestalo Manifestalo \u2013 Escuela de Manifestadoras \u2013 Maite Issa\u00a0el programa exclusivo para mujeres decididas a manifestar sus SUE\u00d1OS. \u00bfQuieres ser Experta en Manifestar todos los deseos de tu vida?\u00a0Hacer realidad tus sue\u00f1os m\u00e1s grandes es f\u00e1cil, si sabes c\u00f3mo. \u00a1Apenas rascaste la superficie de lo que es\u2026","rel":"","context":"Entrada similar","block_context":{"text":"Entrada similar","link":""},"img":{"alt_text":"","src":"https:\/\/i0.wp.com\/multiofertasvip.com\/wp-content\/uploads\/2024\/01\/Manifiestalo.png?fit=200%2C200&ssl=1&resize=350%2C200","width":350,"height":200},"classes":[]},{"id":30857,"url":"https:\/\/multiofertasvip.com\/?product=el-cubo-de-metatromcodigo-de-manifestacion-susana-shima","url_meta":{"origin":33044,"position":4},"title":"El cubo de Metatrom(Codigo de Manifestacion)-Susana Shima","author":"multiofertasvip","date":"junio 16, 2023","format":false,"excerpt":"El objetivo de este curso es compartirte una perspectiva del movimiento energ\u00e9tico que sucede en tu casa y en tu comercio En este curso tambi\u00e9n te compartir\u00e9 el c\u00f3mo hablar con la energ\u00eda de la casa asi como lo que la casa te est\u00e1 mostrando a trav\u00e9s de la biodescodificaci\u00f3n\u2026","rel":"","context":"Entrada similar","block_context":{"text":"Entrada similar","link":""},"img":{"alt_text":"","src":"https:\/\/i0.wp.com\/multiofertasvip.com\/wp-content\/uploads\/2023\/06\/cubo.jpg?fit=200%2C200&ssl=1&resize=350%2C200","width":350,"height":200},"classes":[]},{"id":33212,"url":"https:\/\/multiofertasvip.com\/?product=desprogramandote-magia-con-moleculas-ponte-chingon-2-0-daniela-correa","url_meta":{"origin":33044,"position":5},"title":"Desprogram\u00e1ndote + Magia con mol\u00e9culas Ponte ching\u00f3n 2.0. -Daniela Correa","author":"multiofertasvip","date":"octubre 4, 2024","format":false,"excerpt":"Esta es la evoluci\u00f3n de nuestra clase original, dise\u00f1ada para aquellos que est\u00e1n listos para llevar su transformaci\u00f3n al siguiente nivel. Si ya experimentaste la potencia de la primera edici\u00f3n, prep\u00e1rate para profundizar a\u00fan m\u00e1s en la magia cu\u00e1ntica y en la liberaci\u00f3n de patrones limitantes. Este no es un\u2026","rel":"","context":"Entrada similar","block_context":{"text":"Entrada similar","link":""},"img":{"alt_text":"","src":"https:\/\/i0.wp.com\/multiofertasvip.com\/wp-content\/uploads\/2024\/10\/chingon-2.0.jpg?fit=200%2C200&ssl=1&resize=350%2C200","width":350,"height":200},"classes":[]}],"jetpack_sharing_enabled":false,"jetpack_likes_enabled":false,"_links":{"self":[{"href":"https:\/\/multiofertasvip.com\/index.php?rest_route=\/wp\/v2\/product\/33044","targetHints":{"allow":["GET"]}}],"collection":[{"href":"https:\/\/multiofertasvip.com\/index.php?rest_route=\/wp\/v2\/product"}],"about":[{"href":"https:\/\/multiofertasvip.com\/index.php?rest_route=\/wp\/v2\/types\/product"}],"version-history":[{"count":1,"href":"https:\/\/multiofertasvip.com\/index.php?rest_route=\/wp\/v2\/product\/33044\/revisions"}],"predecessor-version":[{"id":33047,"href":"https:\/\/multiofertasvip.com\/index.php?rest_route=\/wp\/v2\/product\/33044\/revisions\/33047"}],"wp:featuredmedia":[{"embeddable":true,"href":"https:\/\/multiofertasvip.com\/index.php?rest_route=\/wp\/v2\/media\/33045"}],"wp:attachment":[{"href":"https:\/\/multiofertasvip.com\/index.php?rest_route=%2Fwp%2Fv2%2Fmedia&parent=33044"}],"wp:term":[{"taxonomy":"product_brand","embeddable":true,"href":"https:\/\/multiofertasvip.com\/index.php?rest_route=%2Fwp%2Fv2%2Fproduct_brand&post=33044"},{"taxonomy":"product_cat","embeddable":true,"href":"https:\/\/multiofertasvip.com\/index.php?rest_route=%2Fwp%2Fv2%2Fproduct_cat&post=33044"},{"taxonomy":"product_tag","embeddable":true,"href":"https:\/\/multiofertasvip.com\/index.php?rest_route=%2Fwp%2Fv2%2Fproduct_tag&post=33044"}],"curies":[{"name":"wp","href":"https:\/\/api.w.org\/{rel}","templated":true}]}}