{"id":33025,"date":"2024-07-29T15:29:39","date_gmt":"2024-07-29T20:59:39","guid":{"rendered":"https:\/\/multiofertasvip.com\/?post_type=product&#038;p=33025"},"modified":"2024-07-29T15:37:47","modified_gmt":"2024-07-29T21:07:47","slug":"certificacion-internacional-hipnosis-ericksoniana-ahpnl","status":"publish","type":"product","link":"https:\/\/multiofertasvip.com\/?product=certificacion-internacional-hipnosis-ericksoniana-ahpnl","title":{"rendered":"Certificaci\u00f3n Internacional Hipnosis Ericksoniana AHPNL"},"content":{"rendered":"<p>Curso impartido por Anna Flores, Licensed Trainer of NLP\u2122 y Licensed NLP Coaching\u00a0 Trainer\u2122, certificada por The Society of NLP y avalada por el Dr. Richard Bandler\u00a9. Este curso favorece el desarrollo de habilidades para inducir el trance hipn\u00f3tico tanto en contextos terap\u00e9uticos como en conversaciones cotidianas.<\/p>\n<p>&nbsp;<\/p>\n","protected":false},"excerpt":{"rendered":"<p>Curso impartido por Anna Flores, Licensed Trainer of NLP\u2122 y Licensed NLP Coaching\u00a0 Trainer\u2122, certificada por The Society of NLP y avalada por el Dr. Richard Bandler\u00a9. Este curso favorece el desarrollo de habilidades para inducir el trance hipn\u00f3tico tanto en contextos terap\u00e9uticos como en conversaciones cotidianas. &nbsp;<\/p>\n","protected":false},"featured_media":33027,"template":"","meta":{"_monsterinsights_skip_tracking":false,"_monsterinsights_sitenote_active":false,"_monsterinsights_sitenote_note":"","_monsterinsights_sitenote_category":0,"jetpack_post_was_ever_published":false,"jetpack_publicize_message":"","jetpack_publicize_feature_enabled":true,"jetpack_social_post_already_shared":true,"jetpack_social_options":{"image_generator_settings":{"template":"highway","default_image_id":0,"font":"","enabled":false},"version":2}},"product_brand":[],"product_cat":[300],"product_tag":[263,142,260,211,254,119,251,215,257,249,243,230,182,226,253,236,229,143,228,232,258,234,262,239,220,265,219,225,240,238,140,242,235,244,266,267,248,210,245,212,250,227,255,264,252,217,216,233,261,73,237,231,247,221,246,222,223,224,259,241,256,218,213,214,53],"class_list":{"0":"post-33025","1":"product","2":"type-product","3":"status-publish","4":"has-post-thumbnail","6":"product_cat-hipnosis","7":"product_tag-animales","8":"product_tag-avanzado","9":"product_tag-biden","10":"product_tag-billetes","11":"product_tag-bitcoin","12":"product_tag-carrera","13":"product_tag-china","14":"product_tag-christopher-olivarrieta","15":"product_tag-cine","16":"product_tag-coranavirus","17":"product_tag-cultura","18":"product_tag-cursos","19":"product_tag-dinero","20":"product_tag-dios","21":"product_tag-dolar","22":"product_tag-enric-corbera","23":"product_tag-ensenanza-en-casa","24":"product_tag-entidades","25":"product_tag-escuela","26":"product_tag-especialidad","27":"product_tag-estrenos","28":"product_tag-estudios","29":"product_tag-facebook","30":"product_tag-famosos","31":"product_tag-free","32":"product_tag-gatos","33":"product_tag-gratis","34":"product_tag-guerra","35":"product_tag-humor","36":"product_tag-internet","37":"product_tag-jose-palomo","38":"product_tag-juegos","39":"product_tag-lavin","40":"product_tag-manga","41":"product_tag-mercado-libre","42":"product_tag-mercado-pago","43":"product_tag-meteorologia","44":"product_tag-moneda","45":"product_tag-musica","46":"product_tag-nuevo","47":"product_tag-omnicron","48":"product_tag-oracion","49":"product_tag-peliculas","50":"product_tag-perros","51":"product_tag-peso","52":"product_tag-porn","53":"product_tag-porno","54":"product_tag-profesional","55":"product_tag-putin","56":"product_tag-salud","57":"product_tag-sexo","58":"product_tag-talleres","59":"product_tag-television","60":"product_tag-terapias","61":"product_tag-trabajo","62":"product_tag-ucrania","63":"product_tag-ukrania","64":"product_tag-usa","65":"product_tag-vacuna","66":"product_tag-viajes","67":"product_tag-videos","68":"product_tag-xxx","69":"product_tag-youtube","70":"product_tag-youtube-yuen-guadalajara","71":"product_tag-yuen","73":"first","74":"instock","75":"downloadable","76":"virtual","77":"purchasable","78":"product-type-simple"},"jetpack_publicize_connections":[],"jetpack-related-posts":[{"id":34603,"url":"https:\/\/multiofertasvip.com\/?product=30-days-of-esb-round-4-en-espanol-dr-dain-heer","url_meta":{"origin":33025,"position":0},"title":"30 Days of ESB Round 4 (En Espa\u00f1ol) \u2013 Dr. Dain Heer","author":"multiofertasvip","date":"diciembre 15, 2025","format":false,"excerpt":"\u00a1Descubre el poder del emprendimiento en 30 d\u00edas! \u00danete a \u00ab30 Days of ESB Round 4\u00bb, un curso dise\u00f1ado para transformar tus ideas en proyectos exitosos. A lo largo de un mes, aprender\u00e1s estrategias clave, recibir\u00e1s mentor\u00eda experta y acceder\u00e1s a una comunidad de emprendedores apasionados. No importa tu nivel\u2026","rel":"","context":"Entrada similar","block_context":{"text":"Entrada similar","link":""},"img":{"alt_text":"","src":"https:\/\/i0.wp.com\/multiofertasvip.com\/wp-content\/uploads\/2025\/12\/ESB-ROUND-4.png?fit=200%2C200&ssl=1&resize=350%2C200","width":350,"height":200},"classes":[]},{"id":33446,"url":"https:\/\/multiofertasvip.com\/?product=ttte-specialty-series-creation-with-entities-shannon-ohara-curso-solo-en-ingles","url_meta":{"origin":33025,"position":1},"title":"TTTE Specialty Series Creation with Entities-Shannon O&#8217;Hara -curso solo en ingles","author":"multiofertasvip","date":"diciembre 1, 2024","format":false,"excerpt":"What if there were a world of beings who would and could create with you if you were willing to receive it? Is this dangerous or a gift of magnitude? Learn how to create with the entities and energies that are available for all of us that so few receive.\u2026","rel":"","context":"Entrada similar","block_context":{"text":"Entrada similar","link":""},"img":{"alt_text":"","src":"https:\/\/i0.wp.com\/multiofertasvip.com\/wp-content\/uploads\/2024\/12\/SQ_600_Specialty-Creating-with-Entities_English-Var.jpeg?fit=200%2C200&ssl=1&resize=350%2C200","width":350,"height":200},"classes":[]},{"id":32901,"url":"https:\/\/multiofertasvip.com\/?product=monsters-of-miracles-profits-dr-dain-heer","url_meta":{"origin":33025,"position":2},"title":"Monsters of Miracles Profits-Dr. Dain Heer","author":"multiofertasvip","date":"junio 12, 2024","format":false,"excerpt":"\u200bMonsters of Miracles comenz\u00f3 ayer... \u00a1Qu\u00e9 comienzo tan fenomenal para esta milagrosa aventura de 3 meses! \u00bfTe preguntas cu\u00e1l es el viaje para ser un Monstruo de los Milagros? Parte de esto es estar cada vez m\u00e1s cerca de vivir plenamente TU realidad todo el tiempo. Es abrazarlo todo. Y\u2026","rel":"","context":"Entrada similar","block_context":{"text":"Entrada similar","link":""},"img":{"alt_text":"","src":"https:\/\/i0.wp.com\/multiofertasvip.com\/wp-content\/uploads\/2024\/06\/monsters-1.png?fit=200%2C200&ssl=1&resize=350%2C200","width":350,"height":200},"classes":[]},{"id":33162,"url":"https:\/\/multiofertasvip.com\/?product=5-days-living-a-life-of-gratitude-david-kubesespanol","url_meta":{"origin":33025,"position":3},"title":"5 Days Living a Life of Gratitude -David Kubes(espa\u00f1ol)","author":"multiofertasvip","date":"agosto 27, 2024","format":false,"excerpt":"Serie de 5 Audios, el Dr. David Kubes","rel":"","context":"Entrada similar","block_context":{"text":"Entrada similar","link":""},"img":{"alt_text":"","src":"https:\/\/i0.wp.com\/multiofertasvip.com\/wp-content\/uploads\/2024\/08\/gratitude.jpg?fit=200%2C200&ssl=1&resize=350%2C200","width":350,"height":200},"classes":[]},{"id":34607,"url":"https:\/\/multiofertasvip.com\/?product=changing-anything-with-interesting-point-of-view-en-espanol-dr-dain-heer","url_meta":{"origin":33025,"position":4},"title":"Curso de CODICA \u2013 Moises Goiz","author":"multiofertasvip","date":"diciembre 15, 2025","format":false,"excerpt":"\u00a1Descubre el Curso de CODICA en espa\u00f1ol! Transforma tus habilidades y aprende a codificar de manera efectiva con un enfoque pr\u00e1ctico y din\u00e1mico. Ideal para principiantes y avanzados, este curso ofrece lecciones interactivas, proyectos reales y soporte personalizado. Domina las herramientas y t\u00e9cnicas m\u00e1s actuales en un ambiente colaborativo. \u00a1Inscr\u00edbete\u2026","rel":"","context":"Entrada similar","block_context":{"text":"Entrada similar","link":""},"img":{"alt_text":"","src":"https:\/\/i0.wp.com\/multiofertasvip.com\/wp-content\/uploads\/2025\/12\/CODICA.png?fit=200%2C200&ssl=1&resize=350%2C200","width":350,"height":200},"classes":[]},{"id":33434,"url":"https:\/\/multiofertasvip.com\/?product=creating-with-entities-shannon-ohara-curso-solo-en-ingles","url_meta":{"origin":33025,"position":5},"title":"Jesus Reverse-Shannon Ohara -curso solo en ingles","author":"multiofertasvip","date":"diciembre 1, 2024","format":false,"excerpt":"Welcome to the\u00a0Reverse Jesus: How to stop Sacrificing Yourself for Others\u00a0class, with Shannon O\u2019Hara! If you could not save but only empower, would that be enough? Reverse Jesus: How to stop Sacrificing Yourself for Others Do you ever hurt yourself for others? And does that work to make them happy?\u2026","rel":"","context":"Entrada similar","block_context":{"text":"Entrada similar","link":""},"img":{"alt_text":"","src":"https:\/\/i0.wp.com\/multiofertasvip.com\/wp-content\/uploads\/2024\/12\/reverse.png?fit=200%2C200&ssl=1&resize=350%2C200","width":350,"height":200},"classes":[]}],"jetpack_sharing_enabled":false,"jetpack_likes_enabled":false,"_links":{"self":[{"href":"https:\/\/multiofertasvip.com\/index.php?rest_route=\/wp\/v2\/product\/33025","targetHints":{"allow":["GET"]}}],"collection":[{"href":"https:\/\/multiofertasvip.com\/index.php?rest_route=\/wp\/v2\/product"}],"about":[{"href":"https:\/\/multiofertasvip.com\/index.php?rest_route=\/wp\/v2\/types\/product"}],"version-history":[{"count":2,"href":"https:\/\/multiofertasvip.com\/index.php?rest_route=\/wp\/v2\/product\/33025\/revisions"}],"predecessor-version":[{"id":33030,"href":"https:\/\/multiofertasvip.com\/index.php?rest_route=\/wp\/v2\/product\/33025\/revisions\/33030"}],"wp:featuredmedia":[{"embeddable":true,"href":"https:\/\/multiofertasvip.com\/index.php?rest_route=\/wp\/v2\/media\/33027"}],"wp:attachment":[{"href":"https:\/\/multiofertasvip.com\/index.php?rest_route=%2Fwp%2Fv2%2Fmedia&parent=33025"}],"wp:term":[{"taxonomy":"product_brand","embeddable":true,"href":"https:\/\/multiofertasvip.com\/index.php?rest_route=%2Fwp%2Fv2%2Fproduct_brand&post=33025"},{"taxonomy":"product_cat","embeddable":true,"href":"https:\/\/multiofertasvip.com\/index.php?rest_route=%2Fwp%2Fv2%2Fproduct_cat&post=33025"},{"taxonomy":"product_tag","embeddable":true,"href":"https:\/\/multiofertasvip.com\/index.php?rest_route=%2Fwp%2Fv2%2Fproduct_tag&post=33025"}],"curies":[{"name":"wp","href":"https:\/\/api.w.org\/{rel}","templated":true}]}}