{"id":315,"date":"2019-06-03T02:26:29","date_gmt":"2019-06-03T02:26:29","guid":{"rendered":"https:\/\/multiofertasvip.com\/?post_type=product&#038;p=315"},"modified":"2024-01-18T15:43:10","modified_gmt":"2024-01-18T21:13:10","slug":"curso-reprogramacion-espiritual","status":"publish","type":"product","link":"https:\/\/multiofertasvip.com\/?product=curso-reprogramacion-espiritual","title":{"rendered":"Curso Reprogramaci\u00f3n Espiritual"},"content":{"rendered":"<h5><strong>CURSO REPROGRAMACI\u00d3N ESPIRITUAL EN LA COLUMNA VERTEBRAL A TRAV\u00c9S DE LA MEMORIA CELULAR DEL ADN.<br \/>\n<\/strong><\/h5>\n<p>Existe en nosotros un sistema-c\u00f3digo que encierra los principios de lo que com\u00fanmente llamamos \u201cdesarrollo espiritual\u201d que se ubica en una zona especial, unido a principios de memorias celulares, que se encuentra en la M\u00e9dula Espinal de \u201d la zona cervical hasta la parte media de la espalda\u201d<br \/>\nMediante la Reprogramaci\u00f3n espiritual, por medio de esta t\u00e9cnica, logramos solucionar los problemas o conflictos que se presentan en nuestra vida cotidiana y atrav\u00e9s del trabajo de la columna vertebral de vidas pasadas tambi\u00e9n.<\/p>\n<p>Es de utilidad como resoluci\u00f3n para cualquier bloqueo o situaci\u00f3n dolorosa, stress emocional, Shock postraum\u00e1tico, fobia, ataques de p\u00e1nico, inhibiciones, dificultades en la comunicaci\u00f3n, falta de memoria, problemas de peso, traumas desde la infancia, perturbaciones del sue\u00f1o, trastornos f\u00edsicos, emocionales, mentales y espirituales, repetici\u00f3n de errores, adicciones, dificultad con relaci\u00f3n al dinero o abundancia, complicaciones familiares y de pareja, problemas de aprendizaje, etc.<\/p>\n<p>La reprogramaci\u00f3n de la Memoria Celular, act\u00faa transformando la informaci\u00f3n del trauma y cambiando as\u00ed el comportamiento presente para conseguir aquellos logros que hasta ahora no hab\u00edamos podido obtener.<\/p>\n<p>Se comienza enlazando nuestras almas con el Universo y luego se realiza un testeo desde la zona cervical buscando los n\u00facleos (y activ\u00e1ndolos) que encierran los c\u00f3digos de nuestra evoluci\u00f3n, liberando un n\u00facleo a la vez, haciendo que se d\u00e9 un salto cu\u00e1ntico en nuestro sendero, luego mediante el enlace con el Universo (O Enlace Akasshun)se llegar\u00e1 al n\u00facleo que se ha testeado, liberando las part\u00edculas espirituales que corresponden al n\u00facleo liberado.<\/p>\n<p>Temario:<\/p>\n<ul>\n<li>Reprogramaci\u00f3n Espiritual<\/li>\n<li>Desarrollo del Sistema<\/li>\n<li>Enlace Con El Universo o Enlace Akasshun<\/li>\n<li>Borrar y Grabar las Memorias<\/li>\n<li>Oraci\u00f3n de Apertura Para Otros<\/li>\n<li>Oraci\u00f3n de Apertura: Auto- Tratamiento<\/li>\n<li>M\u00e9todo de Ingreso Para Reprogramaci\u00f3n Espiritual<\/li>\n<li>Testeo de la Zona<\/li>\n<li>Adaptaci\u00f3n<\/li>\n<li>Los N\u00facleos<\/li>\n<li>Los N\u00facleos y el Karma<\/li>\n<\/ul>\n<p>Nota: no se se da iniciacion, solo se vende el manual.<\/p>\n","protected":false},"excerpt":{"rendered":"<p>CURSO REPROGRAMACI\u00d3N ESPIRITUAL EN LA COLUMNA VERTEBRAL A TRAV\u00c9S DE LA MEMORIA CELULAR DEL ADN. Esta t\u00e9cnica act\u00faa transformando la informaci\u00f3n del trauma y cambiando as\u00ed el comportamiento presente para conseguir aquellos logros que hasta ahora no hab\u00edamos podido obtener.<\/p>\n","protected":false},"featured_media":909,"template":"","meta":{"_monsterinsights_skip_tracking":false,"_monsterinsights_sitenote_active":false,"_monsterinsights_sitenote_note":"","_monsterinsights_sitenote_category":0,"jetpack_post_was_ever_published":false,"jetpack_publicize_message":"","jetpack_publicize_feature_enabled":true,"jetpack_social_post_already_shared":true,"jetpack_social_options":{"image_generator_settings":{"template":"highway","default_image_id":0,"font":"","enabled":false},"version":2}},"product_brand":[],"product_cat":[298,32],"product_tag":[263,260,211,254,119,60,251,215,257,249,243,230,182,226,253,236,229,228,232,61,258,234,262,239,220,265,219,225,240,238,242,235,244,62,266,267,248,210,245,212,250,227,255,264,252,217,216,233,59,261,73,237,231,247,221,246,222,223,224,259,241,256,218,213,214,53],"class_list":{"0":"post-315","1":"product","2":"type-product","3":"status-publish","4":"has-post-thumbnail","6":"product_cat-gratis","7":"product_cat-sanacion","8":"product_tag-animales","9":"product_tag-biden","10":"product_tag-billetes","11":"product_tag-bitcoin","12":"product_tag-carrera","13":"product_tag-celular","14":"product_tag-china","15":"product_tag-christopher-olivarrieta","16":"product_tag-cine","17":"product_tag-coranavirus","18":"product_tag-cultura","19":"product_tag-cursos","20":"product_tag-dinero","21":"product_tag-dios","22":"product_tag-dolar","23":"product_tag-enric-corbera","24":"product_tag-ensenanza-en-casa","25":"product_tag-escuela","26":"product_tag-especialidad","27":"product_tag-espiritual","28":"product_tag-estrenos","29":"product_tag-estudios","30":"product_tag-facebook","31":"product_tag-famosos","32":"product_tag-free","33":"product_tag-gatos","34":"product_tag-gratis","35":"product_tag-guerra","36":"product_tag-humor","37":"product_tag-internet","38":"product_tag-juegos","39":"product_tag-lavin","40":"product_tag-manga","41":"product_tag-memoria","42":"product_tag-mercado-libre","43":"product_tag-mercado-pago","44":"product_tag-meteorologia","45":"product_tag-moneda","46":"product_tag-musica","47":"product_tag-nuevo","48":"product_tag-omnicron","49":"product_tag-oracion","50":"product_tag-peliculas","51":"product_tag-perros","52":"product_tag-peso","53":"product_tag-porn","54":"product_tag-porno","55":"product_tag-profesional","56":"product_tag-programacion","57":"product_tag-putin","58":"product_tag-salud","59":"product_tag-sexo","60":"product_tag-talleres","61":"product_tag-television","62":"product_tag-terapias","63":"product_tag-trabajo","64":"product_tag-ucrania","65":"product_tag-ukrania","66":"product_tag-usa","67":"product_tag-vacuna","68":"product_tag-viajes","69":"product_tag-videos","70":"product_tag-xxx","71":"product_tag-youtube","72":"product_tag-youtube-yuen-guadalajara","73":"product_tag-yuen","75":"first","76":"instock","77":"downloadable","78":"virtual","79":"purchasable","80":"product-type-simple"},"jetpack_publicize_connections":[],"jetpack-related-posts":[{"id":35295,"url":"https:\/\/multiofertasvip.com\/?product=reprogramacion-subconsciente-esencia-academy","url_meta":{"origin":315,"position":0},"title":"Reprogramaci\u00f3n Subconsciente Esencia Academy","author":"multiofertasvip","date":"abril 2, 2026","format":false,"excerpt":"\u00a0 \u00a0 \u00a0 \u00a0 \u00a0 \u00a0 \u00a0","rel":"","context":"Entrada similar","block_context":{"text":"Entrada similar","link":""},"img":{"alt_text":"Reprogramaci\u00f3n Subconsciente","src":"https:\/\/i0.wp.com\/cursoslux.com\/wp-content\/uploads\/2026\/03\/reprogramacion-subconsciente.jpg?resize=350%2C200&ssl=1","width":350,"height":200},"classes":[]},{"id":30892,"url":"https:\/\/multiofertasvip.com\/?product=metodo-integra-nivel-1-2","url_meta":{"origin":315,"position":1},"title":"Metodo Integra Nivel 1-Ricardo Eiriz","author":"multiofertasvip","date":"enero 2, 2024","format":false,"excerpt":"El Nivel 1 de la formaci\u00f3n de Facilitadores de M\u00e9todo INTEGRA\u00ae es un curso online donde aprender\u00e1s a realizar transformaciones a nivel subconsciente, tanto en ti mismo como en otras personas. Se trata de una formaci\u00f3n elaborada directamente por Ricardo Eiriz, en la que descubrir\u00e1s los secretos del subconsciente para\u2026","rel":"","context":"Entrada similar","block_context":{"text":"Entrada similar","link":""},"img":{"alt_text":"","src":"https:\/\/i0.wp.com\/multiofertasvip.com\/wp-content\/uploads\/2023\/07\/intetgra-nivel-1.jpg?fit=200%2C200&ssl=1&resize=350%2C200","width":350,"height":200},"classes":[]},{"id":30415,"url":"https:\/\/multiofertasvip.com\/?product=mesa-radionica-de-saint-germain-adriana-echeverri","url_meta":{"origin":315,"position":2},"title":"Mesa Radi\u00f3nica de Saint Germain-Adriana Echeverri","author":"multiofertasvip","date":"septiembre 6, 2022","format":false,"excerpt":"\u00a0 \u00a0 \u00a0 \u00a0 \u00a0 \u00a0 \u00a0","rel":"","context":"Entrada similar","block_context":{"text":"Entrada similar","link":""},"img":{"alt_text":"","src":"https:\/\/i0.wp.com\/multiofertasvip.com\/wp-content\/uploads\/2022\/09\/mesa-radiodica.jpg?fit=200%2C200&ssl=1&resize=350%2C200","width":350,"height":200},"classes":[]},{"id":35030,"url":"https:\/\/multiofertasvip.com\/?product=curso-hipnosis-regresiva-espiritual-todohipno-3","url_meta":{"origin":315,"position":3},"title":"Curso Hipnosis Regresiva Espiritual-TodoHipno","author":"multiofertasvip","date":"marzo 11, 2026","format":false,"excerpt":"\u00a0 \u00a0 \u00a0 \u00a0","rel":"","context":"Entrada similar","block_context":{"text":"Entrada similar","link":""},"img":{"alt_text":"hipnosis regresiones","src":"https:\/\/i0.wp.com\/www.todohipno.com\/wp-content\/uploads\/2021\/03\/regresiva-espritual-1080x675.png?resize=350%2C200&ssl=1","width":350,"height":200,"srcset":"https:\/\/i0.wp.com\/www.todohipno.com\/wp-content\/uploads\/2021\/03\/regresiva-espritual-1080x675.png?resize=350%2C200&ssl=1 1x, https:\/\/i0.wp.com\/www.todohipno.com\/wp-content\/uploads\/2021\/03\/regresiva-espritual-1080x675.png?resize=525%2C300&ssl=1 1.5x, https:\/\/i0.wp.com\/www.todohipno.com\/wp-content\/uploads\/2021\/03\/regresiva-espritual-1080x675.png?resize=700%2C400&ssl=1 2x"},"classes":[]},{"id":33339,"url":"https:\/\/multiofertasvip.com\/?product=metaforas-cuanticas-edmundo-velasco","url_meta":{"origin":315,"position":4},"title":"Yo amo el dinero y el dinero me ama a m\u00ed -Mujer Hol\u00edstica","author":"multiofertasvip","date":"noviembre 24, 2024","format":false,"excerpt":"\u00a1INICIA HOY MISMO! NO TIENES QUE ESPERAR NI UN D\u00edA M\u00c1S PARA TRANSFORMAR TU RELACI\u00d3N CON EL DINERO. EL PROGRAMA LO HACES A TU PROPIO RITMO Y AL INSCRIBIRTE TIENES ACCESO A TODOS LOS UPDATES Y BONUSES ESPECIALES SOLO PARA ALUMNAS. EL DINERO TE DA LIBERTAD. TE REFLEJA TU CAPACIDAD\u2026","rel":"","context":"Entrada similar","block_context":{"text":"Entrada similar","link":""},"img":{"alt_text":"","src":"https:\/\/i0.wp.com\/images.squarespace-cdn.com\/content\/v1\/6266ce5a7c74f51187c25b2e\/abb77135-f250-45d0-af80-a38e1c8afc0d\/MH_MOCK.png?resize=350%2C200&ssl=1","width":350,"height":200,"srcset":"https:\/\/i0.wp.com\/images.squarespace-cdn.com\/content\/v1\/6266ce5a7c74f51187c25b2e\/abb77135-f250-45d0-af80-a38e1c8afc0d\/MH_MOCK.png?resize=350%2C200&ssl=1 1x, https:\/\/i0.wp.com\/images.squarespace-cdn.com\/content\/v1\/6266ce5a7c74f51187c25b2e\/abb77135-f250-45d0-af80-a38e1c8afc0d\/MH_MOCK.png?resize=525%2C300&ssl=1 1.5x, https:\/\/i0.wp.com\/images.squarespace-cdn.com\/content\/v1\/6266ce5a7c74f51187c25b2e\/abb77135-f250-45d0-af80-a38e1c8afc0d\/MH_MOCK.png?resize=700%2C400&ssl=1 2x, https:\/\/i0.wp.com\/images.squarespace-cdn.com\/content\/v1\/6266ce5a7c74f51187c25b2e\/abb77135-f250-45d0-af80-a38e1c8afc0d\/MH_MOCK.png?resize=1050%2C600&ssl=1 3x, https:\/\/i0.wp.com\/images.squarespace-cdn.com\/content\/v1\/6266ce5a7c74f51187c25b2e\/abb77135-f250-45d0-af80-a38e1c8afc0d\/MH_MOCK.png?resize=1400%2C800&ssl=1 4x"},"classes":[]},{"id":33134,"url":"https:\/\/multiofertasvip.com\/?product=taller-de-metodo-yuen-soluciones-a-problemas-de-lentitud-fisicos-mentales-economicos-y-espirituales","url_meta":{"origin":315,"position":5},"title":"Taller de M\u00e9todo Yuen: Soluciones a Problemas de Lentitud F\u00edsicos, Mentales, Econ\u00f3micos y Espirituales","author":"multiofertasvip","date":"agosto 23, 2024","format":false,"excerpt":"Incluye: Grabaci\u00f3n en audio formato mp3 Grabaci\u00f3n en Video Manual En este taller corregiremos memorias, programas o impresiones relacionadas a la velocidad, ya sea de rapidez o de lentitud. Abordaremos la neutralidad ante lo r\u00e1pido y lo no r\u00e1pido y los impactos que tienen en todos los aspectos de tu\u2026","rel":"","context":"Entrada similar","block_context":{"text":"Entrada similar","link":""},"img":{"alt_text":"","src":"https:\/\/i0.wp.com\/multiofertasvip.com\/wp-content\/uploads\/2024\/08\/lentitud.jpg?fit=200%2C200&ssl=1&resize=350%2C200","width":350,"height":200},"classes":[]}],"jetpack_sharing_enabled":true,"jetpack_likes_enabled":true,"_links":{"self":[{"href":"https:\/\/multiofertasvip.com\/index.php?rest_route=\/wp\/v2\/product\/315","targetHints":{"allow":["GET"]}}],"collection":[{"href":"https:\/\/multiofertasvip.com\/index.php?rest_route=\/wp\/v2\/product"}],"about":[{"href":"https:\/\/multiofertasvip.com\/index.php?rest_route=\/wp\/v2\/types\/product"}],"version-history":[{"count":0,"href":"https:\/\/multiofertasvip.com\/index.php?rest_route=\/wp\/v2\/product\/315\/revisions"}],"wp:featuredmedia":[{"embeddable":true,"href":"https:\/\/multiofertasvip.com\/index.php?rest_route=\/wp\/v2\/media\/909"}],"wp:attachment":[{"href":"https:\/\/multiofertasvip.com\/index.php?rest_route=%2Fwp%2Fv2%2Fmedia&parent=315"}],"wp:term":[{"taxonomy":"product_brand","embeddable":true,"href":"https:\/\/multiofertasvip.com\/index.php?rest_route=%2Fwp%2Fv2%2Fproduct_brand&post=315"},{"taxonomy":"product_cat","embeddable":true,"href":"https:\/\/multiofertasvip.com\/index.php?rest_route=%2Fwp%2Fv2%2Fproduct_cat&post=315"},{"taxonomy":"product_tag","embeddable":true,"href":"https:\/\/multiofertasvip.com\/index.php?rest_route=%2Fwp%2Fv2%2Fproduct_tag&post=315"}],"curies":[{"name":"wp","href":"https:\/\/api.w.org\/{rel}","templated":true}]}}