{"id":31120,"date":"2024-01-25T12:16:27","date_gmt":"2024-01-25T17:46:27","guid":{"rendered":"https:\/\/multiofertasvip.com\/?post_type=product&#038;p=31120"},"modified":"2024-01-25T16:23:03","modified_gmt":"2024-01-25T21:53:03","slug":"curso-online-cirugia-astral-transforma-tu-energia-descubre-tu-proposito","status":"publish","type":"product","link":"https:\/\/multiofertasvip.com\/?product=curso-online-cirugia-astral-transforma-tu-energia-descubre-tu-proposito","title":{"rendered":"Curso online Cirugia Astral Transforma tu Energia, Descubre tu Prop\u00f3sito-Monica Cevallos"},"content":{"rendered":"","protected":false},"excerpt":{"rendered":"","protected":false},"featured_media":31121,"template":"","meta":{"_monsterinsights_skip_tracking":false,"_monsterinsights_sitenote_active":false,"_monsterinsights_sitenote_note":"","_monsterinsights_sitenote_category":0,"jetpack_post_was_ever_published":false,"jetpack_publicize_message":"","jetpack_publicize_feature_enabled":true,"jetpack_social_post_already_shared":true,"jetpack_social_options":{"image_generator_settings":{"template":"highway","default_image_id":0,"font":"","enabled":false},"version":2}},"product_brand":[],"product_cat":[298],"product_tag":[263,142,260,211,254,119,251,215,257,249,243,230,182,226,253,236,229,143,228,232,258,234,262,239,220,265,219,225,240,238,140,242,235,244,266,267,248,210,245,212,250,227,255,264,252,217,216,233,261,73,237,231,247,221,246,222,223,224,259,241,256,218,213,214,53],"class_list":{"0":"post-31120","1":"product","2":"type-product","3":"status-publish","4":"has-post-thumbnail","6":"product_cat-gratis","7":"product_tag-animales","8":"product_tag-avanzado","9":"product_tag-biden","10":"product_tag-billetes","11":"product_tag-bitcoin","12":"product_tag-carrera","13":"product_tag-china","14":"product_tag-christopher-olivarrieta","15":"product_tag-cine","16":"product_tag-coranavirus","17":"product_tag-cultura","18":"product_tag-cursos","19":"product_tag-dinero","20":"product_tag-dios","21":"product_tag-dolar","22":"product_tag-enric-corbera","23":"product_tag-ensenanza-en-casa","24":"product_tag-entidades","25":"product_tag-escuela","26":"product_tag-especialidad","27":"product_tag-estrenos","28":"product_tag-estudios","29":"product_tag-facebook","30":"product_tag-famosos","31":"product_tag-free","32":"product_tag-gatos","33":"product_tag-gratis","34":"product_tag-guerra","35":"product_tag-humor","36":"product_tag-internet","37":"product_tag-jose-palomo","38":"product_tag-juegos","39":"product_tag-lavin","40":"product_tag-manga","41":"product_tag-mercado-libre","42":"product_tag-mercado-pago","43":"product_tag-meteorologia","44":"product_tag-moneda","45":"product_tag-musica","46":"product_tag-nuevo","47":"product_tag-omnicron","48":"product_tag-oracion","49":"product_tag-peliculas","50":"product_tag-perros","51":"product_tag-peso","52":"product_tag-porn","53":"product_tag-porno","54":"product_tag-profesional","55":"product_tag-putin","56":"product_tag-salud","57":"product_tag-sexo","58":"product_tag-talleres","59":"product_tag-television","60":"product_tag-terapias","61":"product_tag-trabajo","62":"product_tag-ucrania","63":"product_tag-ukrania","64":"product_tag-usa","65":"product_tag-vacuna","66":"product_tag-viajes","67":"product_tag-videos","68":"product_tag-xxx","69":"product_tag-youtube","70":"product_tag-youtube-yuen-guadalajara","71":"product_tag-yuen","73":"first","74":"instock","75":"downloadable","76":"virtual","77":"purchasable","78":"product-type-simple"},"jetpack_publicize_connections":[],"jetpack-related-posts":[{"id":32725,"url":"https:\/\/multiofertasvip.com\/?product=tesla-healing-369-heriberto-bluhm","url_meta":{"origin":31120,"position":0},"title":"Tesla Healing 369-Heriberto Bluhm","author":"multiofertasvip","date":"abril 12, 2024","format":false,"excerpt":"Todo en el universo es energ\u00eda y vibraci\u00f3n. Cada elemento de la tabla peri\u00f3dica at\u00f3mica consiste de diferentes ondas vibratorias. El Universo est\u00e1 saturado de frecuencias o vibraciones energ\u00e9ticas que afectan a todas las c\u00e9lulas vivas de los reinos humano, animal y vegetal. El Humano tiene la facultad de utilizar\u2026","rel":"","context":"Entrada similar","block_context":{"text":"Entrada similar","link":""},"img":{"alt_text":"","src":"https:\/\/i0.wp.com\/multiofertasvip.com\/wp-content\/uploads\/2024\/04\/tesla-healing.png?fit=200%2C200&ssl=1&resize=350%2C200","width":350,"height":200},"classes":[]},{"id":34479,"url":"https:\/\/multiofertasvip.com\/?product=muestra-grupal-cirugias-cuanticas-potencia-tu-energia-femenina-paula-gil","url_meta":{"origin":31120,"position":1},"title":"Muestra Grupal Cirug\u00edas Cu\u00e1nticas Potencia tu Energ\u00eda Femenina-Paula Gil","author":"multiofertasvip","date":"octubre 23, 2025","format":false,"excerpt":"La energ\u00eda femenina es pura creaci\u00f3n, intuici\u00f3n y recepci\u00f3n. Te permite\u00a0manifestar con facilidad, conectar con tu esencia y recibir sin esfuerzo. Pero\u2026 \u00bfqu\u00e9 pasa cuando tu energ\u00eda femenina est\u00e1 bloqueada o limitada? \ud83d\udd38\u00a0Te cuesta recibir sin esfuerzo\u00a0y sientes que siempre debes \"hacer m\u00e1s\" para merecer. \ud83d\udd38 Aparece el\u00a0autosabotaje, la autoexigencia\u2026","rel":"","context":"Entrada similar","block_context":{"text":"Entrada similar","link":""},"img":{"alt_text":"","src":"https:\/\/i0.wp.com\/multiofertasvip.com\/wp-content\/uploads\/2025\/10\/potencia-tu-energia-femenina.jpg?fit=200%2C200&ssl=1&resize=350%2C200","width":350,"height":200},"classes":[]},{"id":34737,"url":"https:\/\/multiofertasvip.com\/?product=muestra-grupal-cirugias-cuanticas-crea-mucho-mas-dinero-paula-andrea-gil","url_meta":{"origin":31120,"position":2},"title":"Muestra Grupal Cirug\u00edas Cu\u00e1nticas  Crea Mucho m\u00e1s Dinero-Paula Andrea Gil","author":"multiofertasvip","date":"enero 9, 2026","format":false,"excerpt":"El dinero no es solo papel o n\u00fameros en una cuenta bancaria\u2026\u00a0Es energ\u00eda. Y como toda energ\u00eda,\u00a0responde a la informaci\u00f3n cu\u00e1ntica que hay en tu campo. Si en tu campo cu\u00e1ntico hay informaci\u00f3n de escasez, lucha o sacrificio\u2026 Eso es lo que seguir\u00e1s viviendo con el dinero. Pero, \u00bfqu\u00e9 pasar\u00eda\u2026","rel":"","context":"Entrada similar","block_context":{"text":"Entrada similar","link":""},"img":{"alt_text":"","src":"https:\/\/i0.wp.com\/multiofertasvip.com\/wp-content\/uploads\/2026\/01\/mas-dinero.jpg?fit=200%2C200&ssl=1&resize=350%2C200","width":350,"height":200},"classes":[]},{"id":34787,"url":"https:\/\/multiofertasvip.com\/?product=cirugias-cuanticas-nivel-1-diciembre-2025-paula-gil-actualizacion","url_meta":{"origin":31120,"position":3},"title":"Cirug\u00edas Cu\u00e1nticas Nivel 1 Diciembre 2025-Paula Gil actualizacion","author":"multiofertasvip","date":"febrero 10, 2026","format":false,"excerpt":"\u00bfTe gusta la energ\u00eda? \u00bfTienes habilidades con la energ\u00eda? \u00bfQuisieras aprenderlas para ti, para tu vida o para aplicarlas en alguien m\u00e1s? \u00bfSiempre has pensado que todo se puede cambiar? \u00a0 Existe una posibilidad grandiosa con las Cirug\u00edas Cu\u00e1nticas Las Cirug\u00edas Cu\u00e1nticas\u00ae\u00a0son una t\u00e9cnica de regeneraci\u00f3n a nivel cu\u00e1ntico que\u2026","rel":"","context":"Entrada similar","block_context":{"text":"Entrada similar","link":""},"img":{"alt_text":"","src":"https:\/\/i0.wp.com\/multiofertasvip.com\/wp-content\/uploads\/2026\/02\/NIVEL-1-CC.jpg?fit=200%2C200&ssl=1&resize=350%2C200","width":350,"height":200},"classes":[]},{"id":34453,"url":"https:\/\/multiofertasvip.com\/?product=muestra-grupal-cirugias-cuanticas-reconoce-tu-belleza-paula-gil","url_meta":{"origin":31120,"position":4},"title":"Muestra Grupal Cirug\u00edas Cu\u00e1nticas Reconoce tu Belleza-Paula Gil","author":"multiofertasvip","date":"octubre 16, 2025","format":false,"excerpt":"\u00bfQu\u00e9 pasar\u00eda si la belleza no fuera solo algo f\u00edsico, sino una energ\u00eda que puedes activar y expandir en ti? \u00bfY si la belleza que eres ya est\u00e1 ah\u00ed, pero solo necesitas cambiar la informaci\u00f3n cu\u00e1ntica para reconocerla? En esta sesi\u00f3n grupal de Cirug\u00edas Cu\u00e1nticas\u00ae vamos a transformar la informaci\u00f3n\u2026","rel":"","context":"Entrada similar","block_context":{"text":"Entrada similar","link":""},"img":{"alt_text":"","src":"https:\/\/i0.wp.com\/multiofertasvip.com\/wp-content\/uploads\/2025\/10\/reconoce-tu-belleza.jpg?fit=200%2C200&ssl=1&resize=350%2C200","width":350,"height":200},"classes":[]},{"id":34732,"url":"https:\/\/multiofertasvip.com\/?product=muestra-grupal-cirugias-cuanticas-limpieza-multidimensional-de-tu-nombre-paula-andrea-gil","url_meta":{"origin":31120,"position":5},"title":"Muestra Grupal Cirug\u00edas Cu\u00e1nticas  Limpieza Multidimensional  \ufeffde tu Nombre-Paula Andrea Gil","author":"multiofertasvip","date":"enero 9, 2026","format":false,"excerpt":"Tu nombre es mucho m\u00e1s que una palabra\u2026 Es la vibraci\u00f3n con la que te anuncias, con la que recibes, con la que creas\u2026 Y tambi\u00e9n una energ\u00eda que tiene much\u00edsima informaci\u00f3n, memorias, pactos, cargas familiares y muchas cosas m\u00e1s de las que eres consciente. \u00bfTe imaginas lo que podr\u00eda\u2026","rel":"","context":"Entrada similar","block_context":{"text":"Entrada similar","link":""},"img":{"alt_text":"","src":"https:\/\/i0.wp.com\/multiofertasvip.com\/wp-content\/uploads\/2026\/01\/tu-nombre.jpeg?fit=200%2C200&ssl=1&resize=350%2C200","width":350,"height":200},"classes":[]}],"jetpack_sharing_enabled":false,"jetpack_likes_enabled":false,"_links":{"self":[{"href":"https:\/\/multiofertasvip.com\/index.php?rest_route=\/wp\/v2\/product\/31120","targetHints":{"allow":["GET"]}}],"collection":[{"href":"https:\/\/multiofertasvip.com\/index.php?rest_route=\/wp\/v2\/product"}],"about":[{"href":"https:\/\/multiofertasvip.com\/index.php?rest_route=\/wp\/v2\/types\/product"}],"version-history":[{"count":1,"href":"https:\/\/multiofertasvip.com\/index.php?rest_route=\/wp\/v2\/product\/31120\/revisions"}],"predecessor-version":[{"id":31122,"href":"https:\/\/multiofertasvip.com\/index.php?rest_route=\/wp\/v2\/product\/31120\/revisions\/31122"}],"wp:featuredmedia":[{"embeddable":true,"href":"https:\/\/multiofertasvip.com\/index.php?rest_route=\/wp\/v2\/media\/31121"}],"wp:attachment":[{"href":"https:\/\/multiofertasvip.com\/index.php?rest_route=%2Fwp%2Fv2%2Fmedia&parent=31120"}],"wp:term":[{"taxonomy":"product_brand","embeddable":true,"href":"https:\/\/multiofertasvip.com\/index.php?rest_route=%2Fwp%2Fv2%2Fproduct_brand&post=31120"},{"taxonomy":"product_cat","embeddable":true,"href":"https:\/\/multiofertasvip.com\/index.php?rest_route=%2Fwp%2Fv2%2Fproduct_cat&post=31120"},{"taxonomy":"product_tag","embeddable":true,"href":"https:\/\/multiofertasvip.com\/index.php?rest_route=%2Fwp%2Fv2%2Fproduct_tag&post=31120"}],"curies":[{"name":"wp","href":"https:\/\/api.w.org\/{rel}","templated":true}]}}