{"id":31009,"date":"2023-10-23T12:53:27","date_gmt":"2023-10-23T18:23:27","guid":{"rendered":"https:\/\/multiofertasvip.com\/?post_type=product&#038;p=31009"},"modified":"2024-01-29T13:24:25","modified_gmt":"2024-01-29T18:54:25","slug":"glandula-pineal-y-el-tercer-ojo-romina-perayra","status":"publish","type":"product","link":"https:\/\/multiofertasvip.com\/?product=glandula-pineal-y-el-tercer-ojo-romina-perayra","title":{"rendered":"Glandula Pineal y el Tercer ojo-Romina Pereyra"},"content":{"rendered":"<section id=\"estructura\">\n<div class=\"structure\">\n<h2>El mejor camino para abrir el portal hacia la sabidur\u00eda y la consciencia.<\/h2>\n<\/div>\n<\/section>\n<div id=\"divHtml\">\n<div><\/div>\n<div id=\"izq\" class=\"izquierda\">\n<p>La gl\u00e1ndula pineal es un asombroso \u00f3rgano que\u00a0<strong>todos poseemos<\/strong>\u00a0en el centro de nuestro cerebro.<\/p>\n<p>A pesar de tener el tama\u00f1o de una lenteja, es nuestra\u00a0<strong>\u201cGl\u00e1ndula Maestra\u201d.<\/strong><\/p>\n<p>Ella comanda las funciones del\u00a0<strong>sistema end\u00f3crino<\/strong>\u00a0del organismo, el funcionamiento de las tiroides y la producci\u00f3n de hormonas.<\/p>\n<p>Es un\u00a0<strong>reloj interno,<\/strong>\u00a0que regula nuestro ritmo circadiano, nuestro ciclo de sue\u00f1o.<\/p>\n<p>Pero esta poderosa gl\u00e1ndula tambi\u00e9n nos permite conectar con nuestra\u00a0<strong>intuici\u00f3n\u2026<\/strong><\/p>\n<p>Una gl\u00e1ndula sana, nos permite volvernos\u00a0<strong>receptivos y permeables a la energ\u00eda sutil.<\/strong><\/p>\n<p>Y si es estimulada correctamente, es posible desarrollar estados de\u00a0<strong>expansi\u00f3n de conciencia\u2026<\/strong>\u00a0Incluso clarividencia.<\/p>\n<p>La gl\u00e1ndula pineal se conecta con el\u00a0<strong>Anja Chakra,<\/strong>\u00a0el Chakra del\u00a0<strong>Tercer Ojo.<\/strong><\/p>\n<p>Lamentablemente, debido a nuestro estilo de vida actual, la gl\u00e1ndula tiende a\u00a0<strong>\u201ccalcificarse\u201d.<\/strong><\/p>\n<p>Acumula fluoruro, y con el paso del tiempo, se generan cristales de fosfato\u2026<\/p>\n<p>La gl\u00e1ndula se va endureciendo, lo que resulta en un mal funcionamiento,\u00a0<strong>un bloqueo.<\/strong><\/p>\n<\/div>\n<p class=\"titulo-rojo\">Si tu gl\u00e1ndula pineal est\u00e1 bloqueada, es posible que notes\u2026<\/p>\n<ul class=\"listado-2\">\n<li>Dificultad para descansar<\/li>\n<li>Falta de motivaci\u00f3n y estancamiento<\/li>\n<li>Angustia, estr\u00e9s o ansiedad<\/li>\n<li>Dificultad para concentrarte<\/li>\n<li>Desequilibrios emocionales y hormonales<\/li>\n<li>Alejamiento de la fe o de tu Gu\u00eda Espiritual<\/li>\n<li>Baja autoestima, soledad y tristeza<\/li>\n<li>Una vida muy acelerada<\/li>\n<li>Debilidades en tu salud<\/li>\n<li>Irritabilidad, resentimiento u otras emociones negativas<\/li>\n<li>Malos pensamientos<\/li>\n<li>Una evoluci\u00f3n espiritual estancada<\/li>\n<\/ul>\n<p>Entre\u00a0<strong>muchas otras<\/strong>\u00a0posibles situaciones negativas.<\/p>\n<p>Con esta certificaci\u00f3n, aprender\u00e1s a\u00a0<strong>cuidar y desarrollar<\/strong>\u00a0correctamente este \u201cportal&#8221; donde se unen tu cuerpo y tu alma.<\/p>\n<p>Los conocimientos que compartir\u00e9 contigo, nos invitan a elevarnos, a\u00a0<strong>abrir nuestra conciencia<\/strong>\u00a0y conectar con nuestra sabidur\u00eda interna.<\/p>\n<p>Nos permiten encontrar nuestro verdadero Ser, en nuestro interior.<\/p>\n<\/div>\n<p>Te llevar\u00e9 de la mano, paso a paso, utilizando\u00a0<strong>t\u00e9cnicas f\u00e1ciles y efectivas,<\/strong>\u00a0que son \u00fatiles para todos, sin importar tu contexto o tu edad.<\/p>\n<p class=\"titulo-violeta\">Entre muchas otras cosas, con esta formaci\u00f3n online podr\u00e1s\u2026<\/p>\n<ul class=\"listado-v\">\n<li>Purificar tu gl\u00e1ndula pineal<\/li>\n<li>Activar el tercer ojo y expandir la conciencia<\/li>\n<li>Mejorar la cognici\u00f3n y la intuici\u00f3n<\/li>\n<li>Disminuir los niveles de estr\u00e9s<\/li>\n<li>Abrirte a la &#8220;visi\u00f3n&#8221; interna y la clarividencia<\/li>\n<li>Desarrollar la imaginaci\u00f3n, la empat\u00eda y la sabidur\u00eda<\/li>\n<li>Ganar claridad mental y autoconocimiento<\/li>\n<li>Mejorar la memoria y la concentraci\u00f3n<\/li>\n<li>Aumentar la vitalidad y la alegr\u00eda de vivir<\/li>\n<li>Mejorar tu sistema inmunol\u00f3gico y tu salud en general<\/li>\n<li>Conectar con la prosperidad y la abundancia<\/li>\n<li>Eliminar las emociones de baja frecuencia<\/li>\n<li>Ganar equilibrio emocional<\/li>\n<li>Aumentar la sensaci\u00f3n de paz<\/li>\n<li>Establecer relaciones m\u00e1s sanas<\/li>\n<li>Confiar en tu sabidur\u00eda interior y tomar mejores decisiones<\/li>\n<li>Mejorar tu descanso<\/li>\n<li>Mantener una mente positiva<\/li>\n<li>Recuperar tu potencial creativo<\/li>\n<li>Sentir la conexi\u00f3n con el universo y la espiritualidad<\/li>\n<\/ul>\n<p>Un tercer ojo despierto significa un sentimiento de\u00a0<strong>amor, conciencia, comprensi\u00f3n y compasi\u00f3n.<\/strong><\/p>\n<p>Es activar la Llama Trina, para sentir la energ\u00eda de tu Ser\u00a0<strong>fluyendo libremente.<\/strong><\/p>\n<p>La conexi\u00f3n entre tu\u00a0<strong>cuerpo, mente, esp\u00edritu y emociones,<\/strong>\u00a0llegar\u00e1 a un nivel asombroso.<\/p>\n<p>Es la puerta a una sabidur\u00eda ancestral, que te abrir\u00e1 un sinf\u00edn de posibilidades y te llevar\u00e1 a\u00a0<strong>la felicidad.<\/strong><\/p>\n<p>&nbsp;<\/p>\n<p>&nbsp;<\/p>\n","protected":false},"excerpt":{"rendered":"<p>El mejor camino para abrir el portal hacia la sabidur\u00eda y la consciencia. La gl\u00e1ndula pineal es un asombroso \u00f3rgano que\u00a0todos poseemos\u00a0en el centro de nuestro cerebro. A pesar de tener el tama\u00f1o de una lenteja, es nuestra\u00a0\u201cGl\u00e1ndula Maestra\u201d. Ella comanda las funciones del\u00a0sistema end\u00f3crino\u00a0del organismo, el funcionamiento de las tiroides y la producci\u00f3n de [&#8230;]\n","protected":false},"featured_media":31010,"template":"","meta":{"_monsterinsights_skip_tracking":false,"_monsterinsights_sitenote_active":false,"_monsterinsights_sitenote_note":"","_monsterinsights_sitenote_category":0,"jetpack_post_was_ever_published":false,"jetpack_publicize_message":"","jetpack_publicize_feature_enabled":true,"jetpack_social_post_already_shared":true,"jetpack_social_options":{"image_generator_settings":{"template":"highway","default_image_id":0,"font":"","enabled":false},"version":2}},"product_brand":[],"product_cat":[88],"product_tag":[263,142,260,211,254,119,251,215,257,249,243,230,182,226,253,236,229,143,228,232,258,234,262,239,220,265,219,225,240,238,140,242,235,244,266,267,248,210,245,212,250,227,255,264,252,217,216,233,261,73,237,231,247,221,246,222,223,224,259,241,256,218,213,214,53],"class_list":{"0":"post-31009","1":"product","2":"type-product","3":"status-publish","4":"has-post-thumbnail","6":"product_cat-activacion-glandula-pineal","7":"product_tag-animales","8":"product_tag-avanzado","9":"product_tag-biden","10":"product_tag-billetes","11":"product_tag-bitcoin","12":"product_tag-carrera","13":"product_tag-china","14":"product_tag-christopher-olivarrieta","15":"product_tag-cine","16":"product_tag-coranavirus","17":"product_tag-cultura","18":"product_tag-cursos","19":"product_tag-dinero","20":"product_tag-dios","21":"product_tag-dolar","22":"product_tag-enric-corbera","23":"product_tag-ensenanza-en-casa","24":"product_tag-entidades","25":"product_tag-escuela","26":"product_tag-especialidad","27":"product_tag-estrenos","28":"product_tag-estudios","29":"product_tag-facebook","30":"product_tag-famosos","31":"product_tag-free","32":"product_tag-gatos","33":"product_tag-gratis","34":"product_tag-guerra","35":"product_tag-humor","36":"product_tag-internet","37":"product_tag-jose-palomo","38":"product_tag-juegos","39":"product_tag-lavin","40":"product_tag-manga","41":"product_tag-mercado-libre","42":"product_tag-mercado-pago","43":"product_tag-meteorologia","44":"product_tag-moneda","45":"product_tag-musica","46":"product_tag-nuevo","47":"product_tag-omnicron","48":"product_tag-oracion","49":"product_tag-peliculas","50":"product_tag-perros","51":"product_tag-peso","52":"product_tag-porn","53":"product_tag-porno","54":"product_tag-profesional","55":"product_tag-putin","56":"product_tag-salud","57":"product_tag-sexo","58":"product_tag-talleres","59":"product_tag-television","60":"product_tag-terapias","61":"product_tag-trabajo","62":"product_tag-ucrania","63":"product_tag-ukrania","64":"product_tag-usa","65":"product_tag-vacuna","66":"product_tag-viajes","67":"product_tag-videos","68":"product_tag-xxx","69":"product_tag-youtube","70":"product_tag-youtube-yuen-guadalajara","71":"product_tag-yuen","73":"first","74":"instock","75":"downloadable","76":"virtual","77":"purchasable","78":"product-type-simple"},"jetpack_publicize_connections":[],"jetpack-related-posts":[{"id":14160,"url":"https:\/\/multiofertasvip.com\/?product=curso-activacion-de-la-glandula-pineal-metodo-andromeda","url_meta":{"origin":31009,"position":0},"title":"Curso Activacion de la Glandula Pineal Metodo Andromeda","author":"multiofertasvip","date":"mayo 20, 2020","format":false,"excerpt":"\u00a0 \u00a0 \u00a0 \u00a0 \u00a0","rel":"","context":"Entrada similar","block_context":{"text":"Entrada similar","link":""},"img":{"alt_text":"","src":"https:\/\/i0.wp.com\/multiofertasvip.com\/wp-content\/uploads\/2020\/05\/pineal.jpg?fit=200%2C200&ssl=1&resize=350%2C200","width":350,"height":200},"classes":[]},{"id":33869,"url":"https:\/\/multiofertasvip.com\/?product=interpretacion-de-los-suenos-un-viaje-al-inconsciente-javier-esteban","url_meta":{"origin":31009,"position":1},"title":"La gl\u00e1ndula pineal: El portal del alma-Juan Zaragoza","author":"multiofertasvip","date":"mayo 1, 2025","format":false,"excerpt":"\u00bfSabes que la gl\u00e1ndula pineal\u00a0regula nuestro sue\u00f1o?\u00a0\u00bfy que en diversas culturas y tradiciones se vincula con el\u00a0tercer ojo\u00a0consider\u00e1ndola un centro de\u00a0intuici\u00f3n\u00a0y\u00a0conexi\u00f3n espiritual? \u00bfte gustar\u00eda\u00a0conocer\u00a0c\u00f3mo protegerla de posibles da\u00f1os y c\u00f3mo estimularla\u00a0favoreciendo tu salud y vida espiritual? En este Curso exploraremos en profundidad la\u00a0gl\u00e1ndula pineal\u00a0desde su perspectiva cient\u00edfica. Comenzaremos abordando su\u2026","rel":"","context":"Entrada similar","block_context":{"text":"Entrada similar","link":""},"img":{"alt_text":"","src":"https:\/\/i0.wp.com\/multiofertasvip.com\/wp-content\/uploads\/2025\/05\/glandula-pineal.png?fit=200%2C200&ssl=1&resize=350%2C200","width":350,"height":200},"classes":[]},{"id":35085,"url":"https:\/\/multiofertasvip.com\/?product=diplomado-en-registros-akashicos-de-lector-a-maestro-tienditadelalma","url_meta":{"origin":31009,"position":2},"title":"Diplomado en Registros Ak\u00e1shicos (de Lector a Maestro)-Tienditadelalma","author":"multiofertasvip","date":"marzo 15, 2026","format":false,"excerpt":"\u00a0 \u00a0 \u00a0 \u00a0","rel":"","context":"Entrada similar","block_context":{"text":"Entrada similar","link":""},"img":{"alt_text":"","src":"https:\/\/i0.wp.com\/multiofertasvip.com\/wp-content\/uploads\/2026\/03\/registros-akashicos-1-y-2.jpg?fit=200%2C200&ssl=1&resize=350%2C200","width":350,"height":200},"classes":[]},{"id":30419,"url":"https:\/\/multiofertasvip.com\/?product=limpieza-y-armonizacion-pendulo-chakras-y-cristales-adriana-echeverri","url_meta":{"origin":31009,"position":3},"title":"Limpieza y Armonizaci\u00f3n: P\u00e9ndulo, Chakras Y Cristales-Adriana Echeverri","author":"multiofertasvip","date":"septiembre 6, 2022","format":false,"excerpt":"\u00a0 \u00a0 \u00a0 \u00a0 \u00a0 \u00a0 \u00a0","rel":"","context":"Entrada similar","block_context":{"text":"Entrada similar","link":""},"img":{"alt_text":"","src":"https:\/\/i0.wp.com\/multiofertasvip.com\/wp-content\/uploads\/2022\/09\/chakras.jpg?fit=200%2C200&ssl=1&resize=350%2C200","width":350,"height":200},"classes":[]},{"id":34787,"url":"https:\/\/multiofertasvip.com\/?product=cirugias-cuanticas-nivel-1-diciembre-2025-paula-gil-actualizacion","url_meta":{"origin":31009,"position":4},"title":"Cirug\u00edas Cu\u00e1nticas Nivel 1 Diciembre 2025-Paula Gil actualizacion","author":"multiofertasvip","date":"febrero 10, 2026","format":false,"excerpt":"\u00bfTe gusta la energ\u00eda? \u00bfTienes habilidades con la energ\u00eda? \u00bfQuisieras aprenderlas para ti, para tu vida o para aplicarlas en alguien m\u00e1s? \u00bfSiempre has pensado que todo se puede cambiar? \u00a0 Existe una posibilidad grandiosa con las Cirug\u00edas Cu\u00e1nticas Las Cirug\u00edas Cu\u00e1nticas\u00ae\u00a0son una t\u00e9cnica de regeneraci\u00f3n a nivel cu\u00e1ntico que\u2026","rel":"","context":"Entrada similar","block_context":{"text":"Entrada similar","link":""},"img":{"alt_text":"","src":"https:\/\/i0.wp.com\/multiofertasvip.com\/wp-content\/uploads\/2026\/02\/NIVEL-1-CC.jpg?fit=200%2C200&ssl=1&resize=350%2C200","width":350,"height":200},"classes":[]},{"id":33225,"url":"https:\/\/multiofertasvip.com\/?product=cirugias-cuanticas-nivel-1-paula-andrea-gil","url_meta":{"origin":31009,"position":5},"title":"Cirug\u00edas Cu\u00e1nticas Nivel 1-Paula Andrea Gil","author":"multiofertasvip","date":"octubre 4, 2024","format":false,"excerpt":"\u00bfTe gusta la energ\u00eda, tienes habilidades con la energ\u00eda o quieres aprenderlas para ti o para aplicarlas en alguien m\u00e1s? \u00a1Tenemos una posibilidad grandiosa con las cirug\u00edas cu\u00e1nticas! Las cirug\u00edas cu\u00e1nticas son una t\u00e9cnica de regeneraci\u00f3n a nivel cu\u00e1ntico que permite lograr much\u00edsimos beneficios en el cuerpo. Las part\u00edculas cu\u00e1nticas\u2026","rel":"","context":"Entrada similar","block_context":{"text":"Entrada similar","link":""},"img":{"alt_text":"","src":"https:\/\/i0.wp.com\/multiofertasvip.com\/wp-content\/uploads\/2024\/10\/Cirugias-Cuanticas.jpeg?fit=200%2C200&ssl=1&resize=350%2C200","width":350,"height":200},"classes":[]}],"jetpack_sharing_enabled":false,"jetpack_likes_enabled":false,"_links":{"self":[{"href":"https:\/\/multiofertasvip.com\/index.php?rest_route=\/wp\/v2\/product\/31009","targetHints":{"allow":["GET"]}}],"collection":[{"href":"https:\/\/multiofertasvip.com\/index.php?rest_route=\/wp\/v2\/product"}],"about":[{"href":"https:\/\/multiofertasvip.com\/index.php?rest_route=\/wp\/v2\/types\/product"}],"version-history":[{"count":1,"href":"https:\/\/multiofertasvip.com\/index.php?rest_route=\/wp\/v2\/product\/31009\/revisions"}],"predecessor-version":[{"id":31011,"href":"https:\/\/multiofertasvip.com\/index.php?rest_route=\/wp\/v2\/product\/31009\/revisions\/31011"}],"wp:featuredmedia":[{"embeddable":true,"href":"https:\/\/multiofertasvip.com\/index.php?rest_route=\/wp\/v2\/media\/31010"}],"wp:attachment":[{"href":"https:\/\/multiofertasvip.com\/index.php?rest_route=%2Fwp%2Fv2%2Fmedia&parent=31009"}],"wp:term":[{"taxonomy":"product_brand","embeddable":true,"href":"https:\/\/multiofertasvip.com\/index.php?rest_route=%2Fwp%2Fv2%2Fproduct_brand&post=31009"},{"taxonomy":"product_cat","embeddable":true,"href":"https:\/\/multiofertasvip.com\/index.php?rest_route=%2Fwp%2Fv2%2Fproduct_cat&post=31009"},{"taxonomy":"product_tag","embeddable":true,"href":"https:\/\/multiofertasvip.com\/index.php?rest_route=%2Fwp%2Fv2%2Fproduct_tag&post=31009"}],"curies":[{"name":"wp","href":"https:\/\/api.w.org\/{rel}","templated":true}]}}