{"id":30886,"date":"2026-04-14T08:00:30","date_gmt":"2026-04-14T13:30:30","guid":{"rendered":"https:\/\/multiofertasvip.com\/?post_type=product&#038;p=30886"},"modified":"2026-04-14T10:53:34","modified_gmt":"2026-04-14T16:23:34","slug":"dale-al-play-formacion-online-sobre-los-munecos-en-constelaciones","status":"publish","type":"product","link":"https:\/\/multiofertasvip.com\/?product=dale-al-play-formacion-online-sobre-los-munecos-en-constelaciones","title":{"rendered":"Dale al Play- Formaci\u00f3n online sobre los mu\u00f1ecos en Constelaciones"},"content":{"rendered":"<p>Dale al Play es la \u00fanica formaci\u00f3n online sobre los mu\u00f1ecos como herramienta proyectiva y que, adem\u00e1s, incluye un contenido t\u00e9cnico de gran profundidad (sist\u00e9mica, transgeneracional, ni\u00f1o interior, narrativa, entre otros\u2026).<\/p>\n<p>Aprende a usar los mu\u00f1ecos como herramienta proyectiva y difer\u00e9nciate de otros profesionales de la ayuda, mientras generas sesiones m\u00e1s profundas, eficaces y seguras para tus clientes<\/p>\n<p><strong data-redactor-tag=\"strong\"><span data-verified=\"redactor\" data-redactor-tag=\"span\" data-redactor-style=\"font-size:18px\">\u00bfQu\u00e9 vas a encontrar en este curso?<\/span><\/strong><\/p>\n<p>Vas a aprender en profundidad una herramienta proyectiva:<\/p>\n<ul>\n<li>S\u00faper vers\u00e1til y totalmente adaptable sea cual sea tu contexto profesional.<\/li>\n<li>Que atrae nuevos clientes y enamorar\u00e1 a los que ya tienes.<\/li>\n<li>Que puedes usar de forma presencial u online (as\u00ed llegar\u00e1s a m\u00e1s personas sin limitarte a una ciudad ni pa\u00eds).<\/li>\n<li>Que ofrece posibilidades infinitas de uso (de an\u00e1lisis, diagn\u00f3stico, exploraci\u00f3n, apoyo explicativo, sanaci\u00f3n, etc.)<\/li>\n<li>Que permite ver la informaci\u00f3n relevante no consciente de tu cliente.<\/li>\n<li>Que relaja las defensas iniciales y ayuda al cliente a abrirse m\u00e1s f\u00e1cilmente sin forzarle o hacerle sentir inc\u00f3modo.<\/li>\n<\/ul>\n<p>Y el conocimiento en profundidad que necesitas para acompa\u00f1ar con eficacia:<\/p>\n<ul>\n<li>Narrativa con y sin mu\u00f1ecos.<\/li>\n<li>Mirada sist\u00e9mica y transgeneracional.<\/li>\n<li>Mirada de trauma del ni\u00f1o interior.<\/li>\n<li>Actitudes y habilidades del profesional de la ayuda.<\/li>\n<\/ul>\n<section class=\"elementor-section elementor-inner-section elementor-element elementor-element-3d0a213 elementor-section-boxed elementor-section-height-default elementor-section-height-default\" data-id=\"3d0a213\" data-element_type=\"section\">\n<div class=\"elementor-container elementor-column-gap-default\">\n<div class=\"elementor-row\">\n<div class=\"elementor-column elementor-col-100 elementor-inner-column elementor-element elementor-element-f6e431d\" data-id=\"f6e431d\" data-element_type=\"column\">\n<div class=\"elementor-column-wrap elementor-element-populated\">\n<div class=\"elementor-widget-wrap\">\n<div class=\"elementor-element elementor-element-13604a0 elementor-widget elementor-widget-heading\" data-id=\"13604a0\" data-element_type=\"widget\" data-widget_type=\"heading.default\">\n<div class=\"elementor-widget-container\">\n<h2 class=\"elementor-heading-title elementor-size-default\">Dale al Play es para ti si&#8230;<\/h2>\n<\/div>\n<\/div>\n<\/div>\n<\/div>\n<\/div>\n<\/div>\n<\/div>\n<\/section>\n<section class=\"elementor-section elementor-inner-section elementor-element elementor-element-341343b elementor-section-boxed elementor-section-height-default elementor-section-height-default\" data-id=\"341343b\" data-element_type=\"section\">\n<div class=\"elementor-container elementor-column-gap-default\">\n<div class=\"elementor-row\">\n<div class=\"elementor-column elementor-col-50 elementor-inner-column elementor-element elementor-element-1349f33\" data-id=\"1349f33\" data-element_type=\"column\">\n<div class=\"elementor-column-wrap elementor-element-populated\">\n<div class=\"elementor-widget-wrap\">\n<div class=\"elementor-element elementor-element-e33f841 elementor-icon-list--layout-traditional elementor-list-item-link-full_width elementor-widget elementor-widget-icon-list\" data-id=\"e33f841\" data-element_type=\"widget\" data-widget_type=\"icon-list.default\">\n<div class=\"elementor-widget-container\">\n<ul class=\"elementor-icon-list-items\">\n<li class=\"elementor-icon-list-item\"><i class=\"fas fa-arrow-right\" aria-hidden=\"true\"><\/i><span class=\"elementor-icon-list-text\">Te dedicas al acompa\u00f1amiento y para ti es importante (s\u00ed o s\u00ed) ofrecer a tus clientes las herramientas m\u00e1s potentes.<\/span><\/li>\n<li class=\"elementor-icon-list-item\"><i class=\"fas fa-arrow-right\" aria-hidden=\"true\"><\/i><span class=\"elementor-icon-list-text\">Te gusta trabajar en profundidad, llegando a la ra\u00edz de los bloqueos en lugar de quedarte en un trabajo en superficie (incluso cuando tu cliente da muchas vueltas en su discurso o le cuesta expresar lo que verdaderamente siente o sucede).<\/span><\/li>\n<li class=\"elementor-icon-list-item\"><i class=\"fas fa-arrow-right\" aria-hidden=\"true\"><\/i><span class=\"elementor-icon-list-text\">Comprendes que los mu\u00f1ecos por s\u00ed solos no funcionan y est\u00e1s dispuesto a aprender los principios te\u00f3ricos y la metodolog\u00eda que hacen que funcionen.<\/span><\/li>\n<\/ul>\n<\/div>\n<\/div>\n<\/div>\n<\/div>\n<\/div>\n<div class=\"elementor-column elementor-col-50 elementor-inner-column elementor-element elementor-element-fe54858\" data-id=\"fe54858\" data-element_type=\"column\">\n<div class=\"elementor-column-wrap elementor-element-populated\">\n<div class=\"elementor-widget-wrap\">\n<div class=\"elementor-element elementor-element-93b931b elementor-align-left elementor-icon-list--layout-traditional elementor-list-item-link-full_width elementor-widget elementor-widget-icon-list\" data-id=\"93b931b\" data-element_type=\"widget\" data-widget_type=\"icon-list.default\">\n<div class=\"elementor-widget-container\">\n<ul class=\"elementor-icon-list-items\">\n<li class=\"elementor-icon-list-item\"><i class=\"fas fa-arrow-right\" aria-hidden=\"true\"><\/i><span class=\"elementor-icon-list-text\">Para ti es importante poder hacer preguntas sobre tu propia pr\u00e1ctica con una nueva herramienta mientras la est\u00e1s aprendiendo.<\/span><\/li>\n<li class=\"elementor-icon-list-item\"><i class=\"fas fa-arrow-right\" aria-hidden=\"true\"><\/i><span class=\"elementor-icon-list-text\">Buscas una formaci\u00f3n y una herramienta \u201ca prueba de confinamientos\u201d, con una estructura online y un equipo de soporte que no se pare, configurada para ofrecerte un funcionamiento 100% online.<\/span><\/li>\n<li class=\"elementor-icon-list-item\"><i class=\"fas fa-arrow-right\" aria-hidden=\"true\"><\/i><span class=\"elementor-icon-list-text\">Te gustar\u00eda facilitarte la vida en tu promoci\u00f3n profesional con una herramienta puntera de la que tus clientes no pueden evitar hablar e incluso compartir en redes.<\/span><\/li>\n<\/ul>\n<section class=\"elementor-section elementor-inner-section elementor-element elementor-element-e3ad07d elementor-section-boxed elementor-section-height-default elementor-section-height-default\" data-id=\"e3ad07d\" data-element_type=\"section\">\n<div class=\"elementor-container elementor-column-gap-default\">\n<div class=\"elementor-row\">\n<div class=\"elementor-column elementor-col-100 elementor-inner-column elementor-element elementor-element-9729719\" data-id=\"9729719\" data-element_type=\"column\">\n<div class=\"elementor-column-wrap elementor-element-populated\">\n<div class=\"elementor-widget-wrap\">\n<div class=\"elementor-element elementor-element-fbc5d65 elementor-widget elementor-widget-heading\" data-id=\"fbc5d65\" data-element_type=\"widget\" data-widget_type=\"heading.default\">\n<div class=\"elementor-widget-container\">\n<h2 class=\"elementor-heading-title elementor-size-default\">\u00bfQu\u00e9 vas a aprender exactamente en Dale al Play?\u200b<\/h2>\n<\/div>\n<\/div>\n<\/div>\n<\/div>\n<\/div>\n<\/div>\n<\/div>\n<\/section>\n<section class=\"elementor-section elementor-inner-section elementor-element elementor-element-3188f884 elementor-section-boxed elementor-section-height-default elementor-section-height-default\" data-id=\"3188f884\" data-element_type=\"section\">\n<div class=\"elementor-container elementor-column-gap-default\">\n<div class=\"elementor-row\">\n<div class=\"elementor-column elementor-col-50 elementor-inner-column elementor-element elementor-element-697e6c58\" data-id=\"697e6c58\" data-element_type=\"column\">\n<div class=\"elementor-column-wrap elementor-element-populated\">\n<div class=\"elementor-widget-wrap\">\n<div class=\"elementor-element elementor-element-2b52232d elementor-position-left elementor-view-default elementor-mobile-position-top elementor-vertical-align-top elementor-widget elementor-widget-icon-box\" data-id=\"2b52232d\" data-element_type=\"widget\" data-widget_type=\"icon-box.default\">\n<div class=\"elementor-widget-container\">\n<div class=\"elementor-icon-box-wrapper\">\n<div class=\"elementor-icon-box-icon\"><\/div>\n<div class=\"elementor-icon-box-content\">\n<h3 class=\"elementor-icon-box-title\">PRINCIPIOS TE\u00d3RICOS\u200b\u200b<\/h3>\n<p class=\"elementor-icon-box-description\">Te ense\u00f1aremos c\u00f3mo usarlos en tu actividad profesional y c\u00f3mo manejarlos en tus sesiones para que os ayuden a ti y a tu cliente en su camino de comprensi\u00f3n, autoconocimiento, transformaci\u00f3n o sanaci\u00f3n\u200b<\/p>\n<\/div>\n<\/div>\n<\/div>\n<\/div>\n<div class=\"elementor-element elementor-element-07aa6ec elementor-align-left elementor-icon-list--layout-traditional elementor-list-item-link-full_width elementor-widget elementor-widget-icon-list\" data-id=\"07aa6ec\" data-element_type=\"widget\" data-widget_type=\"icon-list.default\">\n<div class=\"elementor-widget-container\">\n<ul class=\"elementor-icon-list-items\">\n<li class=\"elementor-icon-list-item\"><i class=\"fas fa-check\" aria-hidden=\"true\"><\/i><span class=\"elementor-icon-list-text\">100% DIRIGIDOS A LA PR\u00c1CTICA<\/span><\/li>\n<li class=\"elementor-icon-list-item\"><i class=\"fas fa-check\" aria-hidden=\"true\"><\/i><span class=\"elementor-icon-list-text\">Creados desde la experiencia en acompa\u00f1amiento directo<\/span><\/li>\n<li class=\"elementor-icon-list-item\"><i class=\"fas fa-check\" aria-hidden=\"true\"><\/i><span class=\"elementor-icon-list-text\">Tratamos los temas con toda la profundidad que se merecen y necesitas para trabajar con seguridad<\/span><\/li>\n<li class=\"elementor-icon-list-item\"><i class=\"fas fa-check\" aria-hidden=\"true\"><\/i><span class=\"elementor-icon-list-text\">Abordaje en detalle de la mirada sist\u00e9mica y los principios que rigen esta comprensi\u00f3n: Inclusi\u00f3n, Orden, Jerarqu\u00eda y Equilibrio<\/span><\/li>\n<li class=\"elementor-icon-list-item\"><i class=\"fas fa-check\" aria-hidden=\"true\"><\/i><span class=\"elementor-icon-list-text\">Aprendizaje de la observaci\u00f3n y acompa\u00f1amiento de las consecuencias de la infancia en el adulto a trav\u00e9s de los mu\u00f1ecos<\/span><\/li>\n<li class=\"elementor-icon-list-item\"><i class=\"fas fa-check\" aria-hidden=\"true\"><\/i><span class=\"elementor-icon-list-text\">Comprensi\u00f3n del trauma del ni\u00f1o interior: Expresi\u00f3n del trauma, Consecuencias en el adulto y C\u00f3mo acompa\u00f1ar un proceso desde este enfoque<\/span><\/li>\n<li class=\"elementor-icon-list-item\"><i class=\"fas fa-check\" aria-hidden=\"true\"><\/i><span class=\"elementor-icon-list-text\">Aprender\u00e1s a sumar la mirada sist\u00e9mica y la del ni\u00f1o interior para usarlas conjuntamente en tus sesiones<\/span><\/li>\n<li class=\"elementor-icon-list-item\"><i class=\"fas fa-check\" aria-hidden=\"true\"><\/i><span class=\"elementor-icon-list-text\">Adem\u00e1s, cada tema contiene una amplia colecci\u00f3n de ejemplos con mu\u00f1ecos que te servir\u00e1n de gu\u00eda paso a paso en tus sesiones<\/span><\/li>\n<\/ul>\n<\/div>\n<\/div>\n<\/div>\n<\/div>\n<\/div>\n<div class=\"elementor-column elementor-col-50 elementor-inner-column elementor-element elementor-element-f3e2c9\" data-id=\"f3e2c9\" data-element_type=\"column\">\n<div class=\"elementor-column-wrap elementor-element-populated\">\n<div class=\"elementor-widget-wrap\">\n<div class=\"elementor-element elementor-element-562288f9 elementor-position-left elementor-view-default elementor-mobile-position-top elementor-vertical-align-top elementor-widget elementor-widget-icon-box\" data-id=\"562288f9\" data-element_type=\"widget\" data-widget_type=\"icon-box.default\">\n<div class=\"elementor-widget-container\">\n<div class=\"elementor-icon-box-wrapper\">\n<div class=\"elementor-icon-box-icon\"><\/div>\n<div class=\"elementor-icon-box-content\">\n<h3 class=\"elementor-icon-box-title\">USO DE MU\u00d1ECOS<\/h3>\n<p class=\"elementor-icon-box-description\">Esta es la \u00fanica formaci\u00f3n 100% online que existe sobre el uso de esta herramienta en consulta<\/p>\n<\/div>\n<\/div>\n<\/div>\n<\/div>\n<div class=\"elementor-element elementor-element-30a9985 elementor-align-left elementor-icon-list--layout-traditional elementor-list-item-link-full_width elementor-widget elementor-widget-icon-list\" data-id=\"30a9985\" data-element_type=\"widget\" data-widget_type=\"icon-list.default\">\n<div class=\"elementor-widget-container\">\n<ul class=\"elementor-icon-list-items\">\n<li class=\"elementor-icon-list-item\"><i class=\"fas fa-check\" aria-hidden=\"true\"><\/i><span class=\"elementor-icon-list-text\"><b>Por qu\u00e9 funcionan los mu\u00f1ecos<\/b>\u00a0como herramienta de acompa\u00f1amiento y qu\u00e9 beneficios tienen<\/span><\/li>\n<li class=\"elementor-icon-list-item\"><i class=\"fas fa-check\" aria-hidden=\"true\"><\/i><span class=\"elementor-icon-list-text\"><b>Ejemplos de uso<\/b>\u00a0de los mu\u00f1ecos en distintas profesiones<\/span><\/li>\n<li class=\"elementor-icon-list-item\"><i class=\"fas fa-check\" aria-hidden=\"true\"><\/i><span class=\"elementor-icon-list-text\">Colecci\u00f3n de ejemplos de formatos semi-estructurados de\u00a0<b>sesiones para desarrollar el proceso de sanaci\u00f3n del ni\u00f1o interior<\/b><\/span><\/li>\n<li class=\"elementor-icon-list-item\"><i class=\"fas fa-check\" aria-hidden=\"true\"><\/i><span class=\"elementor-icon-list-text\">Colecci\u00f3n de ejemplos de formatos de sesiones de movimientos de autoconocimiento e intraps\u00edquicos, integraci\u00f3n de partes, movilizaci\u00f3n y mejora de la gesti\u00f3n emocional<\/span><\/li>\n<li class=\"elementor-icon-list-item\"><i class=\"fas fa-check\" aria-hidden=\"true\"><\/i><span class=\"elementor-icon-list-text\"><b>C\u00f3mo y cu\u00e1ndo mover los mu\u00f1ecos.<\/b>\u00a0C\u00f3mo leer las im\u00e1genes proyectadas\u200b<\/span><\/li>\n<li class=\"elementor-icon-list-item\"><i class=\"fas fa-check\" aria-hidden=\"true\"><\/i><span class=\"elementor-icon-list-text\"><b>El uso de los mu\u00f1ecos en cada etapa de la sesi\u00f3n.<\/b>\u00a0El uso de la narrativa con el cliente y los mu\u00f1ecos\u200b<\/span><\/li>\n<li class=\"elementor-icon-list-item\"><i class=\"fas fa-check\" aria-hidden=\"true\"><\/i><span class=\"elementor-icon-list-text\">Tipos de planteamiento de movimientos: movimientos de PNL, toma de decisiones, mediaci\u00f3n, silla caliente, l\u00edneas del tiempo<\/span><\/li>\n<li class=\"elementor-icon-list-item\"><i class=\"fas fa-check\" aria-hidden=\"true\"><\/i><span class=\"elementor-icon-list-text\">\u200bGenograma familiar con mu\u00f1ecos.<\/span><\/li>\n<li class=\"elementor-icon-list-item\"><i class=\"fas fa-check\" aria-hidden=\"true\"><\/i><span class=\"elementor-icon-list-text\">\u200bC\u00f3mo realizar sesiones online con mu\u00f1ecos.<\/span><\/li>\n<\/ul>\n<\/div>\n<\/div>\n<\/div>\n<\/div>\n<\/div>\n<\/div>\n<\/div>\n<\/section>\n<\/div>\n<\/div>\n<\/div>\n<\/div>\n<\/div>\n<\/div>\n<\/div>\n<\/section>\n","protected":false},"excerpt":{"rendered":"<p>Dale al Play es la \u00fanica formaci\u00f3n online sobre los mu\u00f1ecos como herramienta proyectiva y que, adem\u00e1s, incluye un contenido t\u00e9cnico de gran profundidad (sist\u00e9mica, transgeneracional, ni\u00f1o interior, narrativa, entre otros\u2026). Aprende a usar los mu\u00f1ecos como herramienta proyectiva y difer\u00e9nciate de otros profesionales de la ayuda, mientras generas sesiones m\u00e1s profundas, eficaces y seguras [&#8230;]\n","protected":false},"featured_media":30887,"template":"","meta":{"_monsterinsights_skip_tracking":false,"_monsterinsights_sitenote_active":false,"_monsterinsights_sitenote_note":"","_monsterinsights_sitenote_category":0,"jetpack_post_was_ever_published":false,"jetpack_publicize_message":"","jetpack_publicize_feature_enabled":true,"jetpack_social_post_already_shared":true,"jetpack_social_options":{"image_generator_settings":{"template":"highway","default_image_id":0,"font":"","enabled":false},"version":2}},"product_brand":[],"product_cat":[287,32],"product_tag":[263,142,260,211,254,119,251,215,257,249,243,230,182,226,253,236,229,143,228,232,258,234,262,239,220,265,219,225,240,238,140,242,235,244,266,267,248,210,245,212,250,227,255,264,252,217,216,233,261,73,237,231,247,221,246,222,223,224,259,241,256,218,213,214,53],"class_list":{"0":"post-30886","1":"product","2":"type-product","3":"status-publish","4":"has-post-thumbnail","6":"product_cat-constelaciones","7":"product_cat-sanacion","8":"product_tag-animales","9":"product_tag-avanzado","10":"product_tag-biden","11":"product_tag-billetes","12":"product_tag-bitcoin","13":"product_tag-carrera","14":"product_tag-china","15":"product_tag-christopher-olivarrieta","16":"product_tag-cine","17":"product_tag-coranavirus","18":"product_tag-cultura","19":"product_tag-cursos","20":"product_tag-dinero","21":"product_tag-dios","22":"product_tag-dolar","23":"product_tag-enric-corbera","24":"product_tag-ensenanza-en-casa","25":"product_tag-entidades","26":"product_tag-escuela","27":"product_tag-especialidad","28":"product_tag-estrenos","29":"product_tag-estudios","30":"product_tag-facebook","31":"product_tag-famosos","32":"product_tag-free","33":"product_tag-gatos","34":"product_tag-gratis","35":"product_tag-guerra","36":"product_tag-humor","37":"product_tag-internet","38":"product_tag-jose-palomo","39":"product_tag-juegos","40":"product_tag-lavin","41":"product_tag-manga","42":"product_tag-mercado-libre","43":"product_tag-mercado-pago","44":"product_tag-meteorologia","45":"product_tag-moneda","46":"product_tag-musica","47":"product_tag-nuevo","48":"product_tag-omnicron","49":"product_tag-oracion","50":"product_tag-peliculas","51":"product_tag-perros","52":"product_tag-peso","53":"product_tag-porn","54":"product_tag-porno","55":"product_tag-profesional","56":"product_tag-putin","57":"product_tag-salud","58":"product_tag-sexo","59":"product_tag-talleres","60":"product_tag-television","61":"product_tag-terapias","62":"product_tag-trabajo","63":"product_tag-ucrania","64":"product_tag-ukrania","65":"product_tag-usa","66":"product_tag-vacuna","67":"product_tag-viajes","68":"product_tag-videos","69":"product_tag-xxx","70":"product_tag-youtube","71":"product_tag-youtube-yuen-guadalajara","72":"product_tag-yuen","74":"first","75":"instock","76":"downloadable","77":"virtual","78":"purchasable","79":"product-type-simple"},"jetpack_publicize_connections":[],"jetpack-related-posts":[{"id":30800,"url":"https:\/\/multiofertasvip.com\/?product=coleccion-play-2","url_meta":{"origin":30886,"position":0},"title":"Colecci\u00f3n Play UNLIMIT S","author":"multiofertasvip","date":"abril 14, 2026","format":false,"excerpt":"Queremos ponerte al alcance abordajes con mu\u00f1ecos en temas espec\u00edficos para que profundices y amplies tu formaci\u00f3n o para que puedas iniciarte en el descubrimiento del uso de esta fabulosa y poderosa herramienta. Cuando acompa\u00f1amos a otros surgen muchas dudas de cosas muy concretas, y con la colecci\u00f3n queremos ayudarte\u2026","rel":"","context":"Entrada similar","block_context":{"text":"Entrada similar","link":""},"img":{"alt_text":"","src":"https:\/\/i0.wp.com\/multiofertasvip.com\/wp-content\/uploads\/2023\/04\/COLECCIONPLAYMOBILLOGO.png?fit=200%2C200&ssl=1&resize=350%2C200","width":350,"height":200},"classes":[]},{"id":32114,"url":"https:\/\/multiofertasvip.com\/?product=play-heroes-con-pnl-y-munecos-saul-perez","url_meta":{"origin":30886,"position":1},"title":"Play Heroes con PNL y mu\u00f1ecos-Saul Perez","author":"multiofertasvip","date":"febrero 14, 2024","format":false,"excerpt":"Sentir la confianza de que tienes a mano la herramienta justa que t\u00fa y tus clientes necesitan, en el momento preciso... Para\u00a0profesionales de la ayuda, PlayH\u00e9roes es un conjunto de herramientas que aportar\u00e1n a tus sesiones m\u00e1s confianza, frescura y efectividad. Imagina poder guiar a tus clientes en un viaje\u2026","rel":"","context":"Entrada similar","block_context":{"text":"Entrada similar","link":""},"img":{"alt_text":"","src":"https:\/\/i0.wp.com\/desarrolloconsciente.com\/wp-content\/uploads\/2024\/01\/Mockup-Playheroes.png?resize=350%2C200&ssl=1","width":350,"height":200,"srcset":"https:\/\/i0.wp.com\/desarrolloconsciente.com\/wp-content\/uploads\/2024\/01\/Mockup-Playheroes.png?resize=350%2C200&ssl=1 1x, https:\/\/i0.wp.com\/desarrolloconsciente.com\/wp-content\/uploads\/2024\/01\/Mockup-Playheroes.png?resize=525%2C300&ssl=1 1.5x"},"classes":[]},{"id":35272,"url":"https:\/\/multiofertasvip.com\/?product=metodo-konmar-especialista-en-decodificador-de-empresas-y-proyectos-maria-figun-2","url_meta":{"origin":30886,"position":2},"title":"Metodo KonMar &#8211; Especialista en Decodificador de empresas y proyectos Mar\u00eda Figun","author":"multiofertasvip","date":"marzo 27, 2026","format":false,"excerpt":"M\u00e9todo KonMar\u00a0de\u00a0Mar\u00eda Figun: formaci\u00f3n online para\u00a0decodificar\u00a0bloqueos en\u00a0econom\u00eda, empresas y proyectos. Integra 7 llaves del inconsciente, l\u00f3gica biol\u00f3gica y simbolog\u00eda para alinear prop\u00f3sito, finanzas y resultados.\u00a0Accede al curso ahora. \u00a0 \u00a0 \u00a0 \u00a0 \u00a0 \u00a0","rel":"","context":"Entrada similar","block_context":{"text":"Entrada similar","link":""},"img":{"alt_text":"","src":"https:\/\/i0.wp.com\/multiofertasvip.com\/wp-content\/uploads\/2026\/03\/metodo-konmar.png?fit=200%2C200&ssl=1&resize=350%2C200","width":350,"height":200},"classes":[]},{"id":33759,"url":"https:\/\/multiofertasvip.com\/?product=formacion-online-en-medicina-germanica-awaking-project","url_meta":{"origin":30886,"position":3},"title":"Formacion Online en Medicina Germ\u00e1nica Awaking Project","author":"multiofertasvip","date":"abril 4, 2025","format":false,"excerpt":"\u00a0 Bienvenidos a la\u00a0Certificaci\u00f3n Profesional en Medicina Germ\u00e1nica, un programa exhaustivo dise\u00f1ado para aquellos que desean profundizar en el estudio de la medicina germ\u00e1nica y ejercer profesionalmente en este campo. Esta formaci\u00f3n integral te proporcionar\u00e1 todas las herramientas y conocimientos necesarios para convertirte en un experto certificado en medicina germ\u00e1nica.\u2026","rel":"","context":"Entrada similar","block_context":{"text":"Entrada similar","link":""},"img":{"alt_text":"","src":"https:\/\/i0.wp.com\/multiofertasvip.com\/wp-content\/uploads\/2025\/04\/medicina-germanica.png?fit=200%2C200&ssl=1&resize=350%2C200","width":350,"height":200},"classes":[]},{"id":35363,"url":"https:\/\/multiofertasvip.com\/?product=inteligencia-artificial-para-creadores-de-contenido-2","url_meta":{"origin":30886,"position":4},"title":"Inteligencia Artificial Para Creadores de Contenido","author":"multiofertasvip","date":"abril 1, 2026","format":false,"excerpt":"\u00a0 \u00a0 \u00a0 \u00a0 \u00a0 \u00a0 \u00a0","rel":"","context":"Entrada similar","block_context":{"text":"Entrada similar","link":""},"img":{"alt_text":"","src":"https:\/\/i0.wp.com\/multiofertasvip.com\/wp-content\/uploads\/2026\/04\/curso-ia-para-crear-contenido-1.jpg?fit=200%2C200&ssl=1&resize=350%2C200","width":350,"height":200},"classes":[]},{"id":30477,"url":"https:\/\/multiofertasvip.com\/?product=curso-online-constelaciones-hipnoticas-vidas-y-almas-silvia-carbonell","url_meta":{"origin":30886,"position":5},"title":"Curso Constelaciones Playmobil-TodoHipno","author":"multiofertasvip","date":"marzo 7, 2022","format":false,"excerpt":"\u00a0 \u00a0 \u00a0 \u00a0","rel":"","context":"Entrada similar","block_context":{"text":"Entrada similar","link":""},"img":{"alt_text":"","src":"https:\/\/i0.wp.com\/multiofertasvip.com\/wp-content\/uploads\/2022\/10\/constelaciones-playmobil.png?fit=200%2C200&ssl=1&resize=350%2C200","width":350,"height":200},"classes":[]}],"jetpack_sharing_enabled":false,"jetpack_likes_enabled":false,"_links":{"self":[{"href":"https:\/\/multiofertasvip.com\/index.php?rest_route=\/wp\/v2\/product\/30886","targetHints":{"allow":["GET"]}}],"collection":[{"href":"https:\/\/multiofertasvip.com\/index.php?rest_route=\/wp\/v2\/product"}],"about":[{"href":"https:\/\/multiofertasvip.com\/index.php?rest_route=\/wp\/v2\/types\/product"}],"version-history":[{"count":1,"href":"https:\/\/multiofertasvip.com\/index.php?rest_route=\/wp\/v2\/product\/30886\/revisions"}],"predecessor-version":[{"id":35486,"href":"https:\/\/multiofertasvip.com\/index.php?rest_route=\/wp\/v2\/product\/30886\/revisions\/35486"}],"wp:featuredmedia":[{"embeddable":true,"href":"https:\/\/multiofertasvip.com\/index.php?rest_route=\/wp\/v2\/media\/30887"}],"wp:attachment":[{"href":"https:\/\/multiofertasvip.com\/index.php?rest_route=%2Fwp%2Fv2%2Fmedia&parent=30886"}],"wp:term":[{"taxonomy":"product_brand","embeddable":true,"href":"https:\/\/multiofertasvip.com\/index.php?rest_route=%2Fwp%2Fv2%2Fproduct_brand&post=30886"},{"taxonomy":"product_cat","embeddable":true,"href":"https:\/\/multiofertasvip.com\/index.php?rest_route=%2Fwp%2Fv2%2Fproduct_cat&post=30886"},{"taxonomy":"product_tag","embeddable":true,"href":"https:\/\/multiofertasvip.com\/index.php?rest_route=%2Fwp%2Fv2%2Fproduct_tag&post=30886"}],"curies":[{"name":"wp","href":"https:\/\/api.w.org\/{rel}","templated":true}]}}