{"id":30766,"date":"2023-03-03T16:06:06","date_gmt":"2023-03-03T21:36:06","guid":{"rendered":"https:\/\/multiofertasvip.com\/?post_type=product&#038;p=30766"},"modified":"2023-03-03T16:14:17","modified_gmt":"2023-03-03T21:44:17","slug":"taller-tameana-somos-buena-vida-romy-rota-y-leo-ciambotti","status":"publish","type":"product","link":"https:\/\/multiofertasvip.com\/?product=taller-tameana-somos-buena-vida-romy-rota-y-leo-ciambotti","title":{"rendered":"Taller Tameana -Somos Buena Vida-Romy Rota y Leo Ciambotti"},"content":{"rendered":"<p>Este curso consta de 8 clases de 90min de duraci\u00f3n aproximadamente, todas ya grabadas aqu\u00ed en la plataforma. Puedes verlas todas las veces que lo desees siendo alumno de la plataforma. Debajo de cada clase, puedes encontrar material te\u00f3rico para descargar.<\/p>\n<p>Tameana es una t\u00e9cnica que se basa en la vibraci\u00f3n, canalizada por el contactado argentino Juan Manuel Giordano.<\/p>\n<p>Se basa en la\u00a0<b>estimulaci\u00f3n de cuarzos por medio de s\u00edmbolos<\/b>\u00a0de origen no humano, con el fin de exponer\u00a0al cuerpo f\u00edsico y energ\u00e9tico del ser humano a\u00a0<b>escalas superiores de vibraci\u00f3n<\/b>. Esta intensa vibraci\u00f3n empieza a generar\u00a0<b>un movimiento<\/b>\u00a0a nivel energ\u00e9tico, f\u00edsico y espiritual.<\/p>\n<p>Es una t\u00e9cnica que nos ayuda a encontrarnos con nosotros mismos. Nos ayuda a conectar con nuestro poder. Dios se encuentra con Dios.<\/p>\n<p>&nbsp;<\/p>\n<p>&nbsp;<\/p>\n","protected":false},"excerpt":{"rendered":"<p>Este curso consta de 8 clases de 90min de duraci\u00f3n aproximadamente, todas ya grabadas aqu\u00ed en la plataforma. Puedes verlas todas las veces que lo desees siendo alumno de la plataforma. Debajo de cada clase, puedes encontrar material te\u00f3rico para descargar. Tameana es una t\u00e9cnica que se basa en la vibraci\u00f3n, canalizada por el contactado [&#8230;]\n","protected":false},"featured_media":30767,"template":"","meta":{"_monsterinsights_skip_tracking":false,"_monsterinsights_sitenote_active":false,"_monsterinsights_sitenote_note":"","_monsterinsights_sitenote_category":0,"jetpack_post_was_ever_published":false,"jetpack_publicize_message":"","jetpack_publicize_feature_enabled":true,"jetpack_social_post_already_shared":true,"jetpack_social_options":{"image_generator_settings":{"template":"highway","default_image_id":0,"font":"","enabled":false},"version":2}},"product_brand":[],"product_cat":[148],"product_tag":[263,260,211,254,119,251,215,257,249,243,230,182,226,253,236,229,228,232,258,234,262,239,220,265,219,225,240,238,242,235,244,266,267,248,210,245,212,29,250,227,255,264,252,217,216,233,261,73,25,237,231,247,221,246,63,222,223,224,259,241,256,218,213,214,53],"class_list":{"0":"post-30766","1":"product","2":"type-product","3":"status-publish","4":"has-post-thumbnail","6":"product_cat-gemoterapia","7":"product_tag-animales","8":"product_tag-biden","9":"product_tag-billetes","10":"product_tag-bitcoin","11":"product_tag-carrera","12":"product_tag-china","13":"product_tag-christopher-olivarrieta","14":"product_tag-cine","15":"product_tag-coranavirus","16":"product_tag-cultura","17":"product_tag-cursos","18":"product_tag-dinero","19":"product_tag-dios","20":"product_tag-dolar","21":"product_tag-enric-corbera","22":"product_tag-ensenanza-en-casa","23":"product_tag-escuela","24":"product_tag-especialidad","25":"product_tag-estrenos","26":"product_tag-estudios","27":"product_tag-facebook","28":"product_tag-famosos","29":"product_tag-free","30":"product_tag-gatos","31":"product_tag-gratis","32":"product_tag-guerra","33":"product_tag-humor","34":"product_tag-internet","35":"product_tag-juegos","36":"product_tag-lavin","37":"product_tag-manga","38":"product_tag-mercado-libre","39":"product_tag-mercado-pago","40":"product_tag-meteorologia","41":"product_tag-moneda","42":"product_tag-musica","43":"product_tag-nuevo","44":"product_tag-numerologia","45":"product_tag-omnicron","46":"product_tag-oracion","47":"product_tag-peliculas","48":"product_tag-perros","49":"product_tag-peso","50":"product_tag-porn","51":"product_tag-porno","52":"product_tag-profesional","53":"product_tag-putin","54":"product_tag-salud","55":"product_tag-sanacion","56":"product_tag-sexo","57":"product_tag-talleres","58":"product_tag-television","59":"product_tag-terapias","60":"product_tag-trabajo","61":"product_tag-transpersonal","62":"product_tag-ucrania","63":"product_tag-ukrania","64":"product_tag-usa","65":"product_tag-vacuna","66":"product_tag-viajes","67":"product_tag-videos","68":"product_tag-xxx","69":"product_tag-youtube","70":"product_tag-youtube-yuen-guadalajara","71":"product_tag-yuen","73":"first","74":"instock","75":"downloadable","76":"virtual","77":"purchasable","78":"product-type-simple"},"jetpack_publicize_connections":[],"jetpack-related-posts":[{"id":35068,"url":"https:\/\/multiofertasvip.com\/?product=formacion-grabada-pendulo-hebreo-tienditadelalma-2","url_meta":{"origin":30766,"position":0},"title":"Formaci\u00f3n Grabada P\u00e9ndulo Hebreo-Tienditadelalma","author":"multiofertasvip","date":"marzo 13, 2026","format":false,"excerpt":"\u00a0 \u00a0 \u00a0 \u00a0","rel":"","context":"Entrada similar","block_context":{"text":"Entrada similar","link":""},"img":{"alt_text":"","src":"https:\/\/i0.wp.com\/multiofertasvip.com\/wp-content\/uploads\/2026\/03\/pendulo-hebrero.jpg?fit=200%2C200&ssl=1&resize=350%2C200","width":350,"height":200},"classes":[]},{"id":30370,"url":"https:\/\/multiofertasvip.com\/?product=formacion-pendulo-hebrero-originario","url_meta":{"origin":30766,"position":1},"title":"Formacion Pendulo Hebrero Originario","author":"multiofertasvip","date":"julio 27, 2022","format":false,"excerpt":"El P\u00e9ndulo Hebreo Originario permite elevar y equilibrar la vibraci\u00f3n de los centros energ\u00e9ticos (Chakras);como tambi\u00e9n al cuerpo mental, emocional y f\u00edsico en particular. Refuerza enormemente el Campo Electromagn\u00e9tico. Permite detectar y limpiar los miasmas (materia estancada) y as\u00ed evitar futuras enfermedades y colaborar en el proceso de alta vibraci\u00f3n\u2026","rel":"","context":"Entrada similar","block_context":{"text":"Entrada similar","link":""},"img":{"alt_text":"","src":"https:\/\/i0.wp.com\/multiofertasvip.com\/wp-content\/uploads\/2022\/07\/PHEBREO.jpg?fit=200%2C200&ssl=1&resize=350%2C200","width":350,"height":200},"classes":[]},{"id":34813,"url":"https:\/\/multiofertasvip.com\/?product=limpieza-energetica-de-espacios-y-viviendas-integrativo","url_meta":{"origin":30766,"position":2},"title":"Limpieza Energ\u00e9tica de Espacios y Viviendas -Integrativo","author":"multiofertasvip","date":"febrero 18, 2026","format":false,"excerpt":"\ud83c\udf1f\u00a0Transforma Tu Hogar: Curso de Limpieza Energ\u00e9tica de Espacios y Viviendas\u00a0\ud83c\udf1f \u00bfSientes que tu casa carga con energ\u00edas pesadas? \u00bfTe gustar\u00eda crear un ambiente m\u00e1s armonioso y saludable en tu hogar? \u00a1Este curso es exactamente lo que necesitas! \u00bfQu\u00e9 es la Limpieza Energ\u00e9tica? La limpieza energ\u00e9tica es una pr\u00e1ctica ancestral\u2026","rel":"","context":"Entrada similar","block_context":{"text":"Entrada similar","link":""},"img":{"alt_text":"","src":"https:\/\/i0.wp.com\/multiofertasvip.com\/wp-content\/uploads\/2026\/02\/limpieza.png?fit=200%2C200&ssl=1&resize=350%2C200","width":350,"height":200},"classes":[]},{"id":30222,"url":"https:\/\/multiofertasvip.com\/?product=seminario-conexion-holografica-manuel-frutos","url_meta":{"origin":30766,"position":3},"title":"Seminario Conexion Holografica-Manuel Frutos","author":"multiofertasvip","date":"enero 24, 2022","format":false,"excerpt":"NUEVOS PATRONES HOLOGR\u00c1FICOS QUE NOS PERMITEN POTENCIAR LA SANACI\u00d3N Y ACELERAR LA ASCENSI\u00d3N \u00a0 M\u00c1S INFORMACI\u00d3N SI QUIERES APRENDER A HACER \u00c9STE DIBUJO, PERO ANTES DEBES HACER EL DE SANADORES DE FRECUENCIAS DE LUZ Y AMOR. \u00a0 15 NOTAS IMPORTANTES 1.- \u00c9STOS PATRONES SE ASEMEJAN A LOS MUNDIALMENTE CONOCIDOS POR\u2026","rel":"","context":"Entrada similar","block_context":{"text":"Entrada similar","link":""},"img":{"alt_text":"5889754257?profile=original","src":"https:\/\/storage.ning.com\/topology\/rest\/1.0\/file\/get\/5889754257?profile=original","width":350,"height":200,"srcset":"https:\/\/storage.ning.com\/topology\/rest\/1.0\/file\/get\/5889754257?profile=original 1x, https:\/\/storage.ning.com\/topology\/rest\/1.0\/file\/get\/5889754257?profile=original 1.5x"},"classes":[]},{"id":33234,"url":"https:\/\/multiofertasvip.com\/?product=cirugias-cuanticas-limpieza-multidimensional-paula-andrea-gil","url_meta":{"origin":30766,"position":4},"title":"Cirug\u00edas cu\u00e1nticas Limpieza Multidimensional-Paula Andrea Gil","author":"multiofertasvip","date":"octubre 4, 2024","format":false,"excerpt":"Cirug\u00edas cu\u00e1nticas Limpieza Multidimensional Hay algunas cosas que pueden estar influyendo en tu cuerpo, en tu vida, en tus relaciones, en tu dinero que no est\u00e1n en tu cuerpo f\u00edsico y ni siquiera en esta dimensi\u00f3n. En la clase de limpieza multidimensional aprender\u00e1s todo sobre esto y much\u00edsimo m\u00e1s acerca\u2026","rel":"","context":"Entrada similar","block_context":{"text":"Entrada similar","link":""},"img":{"alt_text":"","src":"https:\/\/i0.wp.com\/multiofertasvip.com\/wp-content\/uploads\/2024\/10\/Limpieza-Multidimensional.jpeg?fit=200%2C200&ssl=1&resize=350%2C200","width":350,"height":200},"classes":[]},{"id":34827,"url":"https:\/\/multiofertasvip.com\/?product=protecciones-energeticas-alma-rendon","url_meta":{"origin":30766,"position":5},"title":"Protecciones Energ\u00e9ticas \u2013 Alma Rend\u00f3n","author":"multiofertasvip","date":"febrero 19, 2026","format":false,"excerpt":"Protecciones Energ\u00e9ticas es un taller profundo y transformador creado para ayudarte a proteger tu energ\u00eda de forma consciente, amorosa y efectiva, mientras elevas tu vibraci\u00f3n y aprendes a vivir desde una frecuencia alta y estable. Vivimos expuestos constantemente a cargas emocionales, energ\u00edas densas, miedos, creencias limitantes y entornos que drenan\u2026","rel":"","context":"Entrada similar","block_context":{"text":"Entrada similar","link":""},"img":{"alt_text":"","src":"https:\/\/i0.wp.com\/multiofertasvip.com\/wp-content\/uploads\/2026\/02\/protecciones-energeticas.png?fit=200%2C200&ssl=1&resize=350%2C200","width":350,"height":200},"classes":[]}],"jetpack_sharing_enabled":true,"jetpack_likes_enabled":true,"_links":{"self":[{"href":"https:\/\/multiofertasvip.com\/index.php?rest_route=\/wp\/v2\/product\/30766","targetHints":{"allow":["GET"]}}],"collection":[{"href":"https:\/\/multiofertasvip.com\/index.php?rest_route=\/wp\/v2\/product"}],"about":[{"href":"https:\/\/multiofertasvip.com\/index.php?rest_route=\/wp\/v2\/types\/product"}],"version-history":[{"count":0,"href":"https:\/\/multiofertasvip.com\/index.php?rest_route=\/wp\/v2\/product\/30766\/revisions"}],"wp:featuredmedia":[{"embeddable":true,"href":"https:\/\/multiofertasvip.com\/index.php?rest_route=\/wp\/v2\/media\/30767"}],"wp:attachment":[{"href":"https:\/\/multiofertasvip.com\/index.php?rest_route=%2Fwp%2Fv2%2Fmedia&parent=30766"}],"wp:term":[{"taxonomy":"product_brand","embeddable":true,"href":"https:\/\/multiofertasvip.com\/index.php?rest_route=%2Fwp%2Fv2%2Fproduct_brand&post=30766"},{"taxonomy":"product_cat","embeddable":true,"href":"https:\/\/multiofertasvip.com\/index.php?rest_route=%2Fwp%2Fv2%2Fproduct_cat&post=30766"},{"taxonomy":"product_tag","embeddable":true,"href":"https:\/\/multiofertasvip.com\/index.php?rest_route=%2Fwp%2Fv2%2Fproduct_tag&post=30766"}],"curies":[{"name":"wp","href":"https:\/\/api.w.org\/{rel}","templated":true}]}}