{"id":30683,"date":"2023-01-22T14:20:36","date_gmt":"2023-01-22T19:50:36","guid":{"rendered":"https:\/\/multiofertasvip.com\/?post_type=product&#038;p=30683"},"modified":"2023-01-22T14:29:28","modified_gmt":"2023-01-22T19:59:28","slug":"meditaciones-para-los-desafios-de-la-vida-michael-beckwith","status":"publish","type":"product","link":"https:\/\/multiofertasvip.com\/?product=meditaciones-para-los-desafios-de-la-vida-michael-beckwith","title":{"rendered":"Meditaciones para los desaf\u00edos de la vida &#8211; Michael Beckwith"},"content":{"rendered":"<p>Curso en en l\u00ednea de 10 partes. Aprende a elevar tu frecuencia y tu consciencia frente a los grandes desaf\u00edos de la vida. Este curso incluye ense\u00f1anzas y meditaciones desde el alma, que te ayudar\u00e1n a atravesar 10 diferentes desaf\u00edos de la vida.<\/p>\n<ul class=\"accordion__description idented\">\n<li class=\"accordion__text hover clickable\" tabindex=\"0\">Bienvenido<\/li>\n<li class=\"accordion__text hover clickable\" tabindex=\"0\">Salud y Bienestar<\/li>\n<li class=\"accordion__text hover clickable\" tabindex=\"0\">Meditaci\u00f3n: Salud y Bienestar<\/li>\n<li class=\"accordion__text hover clickable\" tabindex=\"0\">Miedo y Ansiedad<\/li>\n<li class=\"accordion__text hover clickable\" tabindex=\"0\">Meditaci\u00f3n: Miedo y Ansiedad<\/li>\n<li class=\"accordion__text hover clickable\" tabindex=\"0\">Relaciones<\/li>\n<li class=\"accordion__text hover clickable\" tabindex=\"0\">Meditaci\u00f3n: Relaciones<\/li>\n<li class=\"accordion__text hover clickable\" tabindex=\"0\">Soledad<\/li>\n<li class=\"accordion__text hover clickable\" tabindex=\"0\">Meditaci\u00f3n: Soledad<\/li>\n<li class=\"accordion__text hover clickable\" tabindex=\"0\">\u00c9xito<\/li>\n<li class=\"accordion__text hover clickable\" tabindex=\"0\">Meditaci\u00f3n: \u00c9xito<\/li>\n<li class=\"accordion__text hover clickable\" tabindex=\"0\">Perd\u00f3n<\/li>\n<li class=\"accordion__text hover clickable\" tabindex=\"0\">Meditaci\u00f3n: Perd\u00f3n<\/li>\n<li class=\"accordion__text hover clickable\" tabindex=\"0\">Dolor y P\u00e9rdida<\/li>\n<li class=\"accordion__text hover clickable\" tabindex=\"0\">Meditaci\u00f3n: Dolor y P\u00e9rdida<\/li>\n<li class=\"accordion__text hover clickable\" tabindex=\"0\">Despertando a Nuestro Prop\u00f3sito<\/li>\n<li class=\"accordion__text hover clickable\" tabindex=\"0\">Meditaci\u00f3n: Despertar a nuestro prop\u00f3sito<\/li>\n<li class=\"accordion__text hover clickable\" tabindex=\"0\">La Gran Visi\u00f3n<\/li>\n<li class=\"accordion__text hover clickable\" tabindex=\"0\">\u00a0Meditaci\u00f3n: La Gran Visi\u00f3n<\/li>\n<li class=\"accordion__text hover clickable\" tabindex=\"0\">\u00a0Abrazando Nuestros Sue\u00f1os<\/li>\n<li class=\"accordion__text hover clickable\" tabindex=\"0\">\u00a0Meditaci\u00f3n: Abrazando Nuestros Sue\u00f1os<\/li>\n<li class=\"accordion__text hover clickable\" tabindex=\"0\">Gracias \ud83d\ude42<\/li>\n<\/ul>\n<p>&nbsp;<\/p>\n","protected":false},"excerpt":{"rendered":"<p>Curso en en l\u00ednea de 10 partes. Aprende a elevar tu frecuencia y tu consciencia frente a los grandes desaf\u00edos de la vida. Este curso incluye ense\u00f1anzas y meditaciones desde el alma, que te ayudar\u00e1n a atravesar 10 diferentes desaf\u00edos de la vida. Bienvenido Salud y Bienestar Meditaci\u00f3n: Salud y Bienestar Miedo y Ansiedad Meditaci\u00f3n: [&#8230;]\n","protected":false},"featured_media":30684,"template":"","meta":{"_monsterinsights_skip_tracking":false,"_monsterinsights_sitenote_active":false,"_monsterinsights_sitenote_note":"","_monsterinsights_sitenote_category":0,"jetpack_post_was_ever_published":false,"jetpack_publicize_message":"","jetpack_publicize_feature_enabled":true,"jetpack_social_post_already_shared":true,"jetpack_social_options":{"image_generator_settings":{"template":"highway","default_image_id":0,"font":"","enabled":false},"version":2}},"product_brand":[],"product_cat":[46],"product_tag":[263,142,260,211,254,119,251,215,257,249,243,230,182,226,253,236,229,143,228,232,258,234,262,239,220,265,219,225,240,238,140,242,235,244,266,267,248,210,245,212,250,227,255,264,252,217,216,233,261,73,237,231,247,221,246,222,223,224,259,241,256,218,213,214,53],"class_list":{"0":"post-30683","1":"product","2":"type-product","3":"status-publish","4":"has-post-thumbnail","6":"product_cat-superacion","7":"product_tag-animales","8":"product_tag-avanzado","9":"product_tag-biden","10":"product_tag-billetes","11":"product_tag-bitcoin","12":"product_tag-carrera","13":"product_tag-china","14":"product_tag-christopher-olivarrieta","15":"product_tag-cine","16":"product_tag-coranavirus","17":"product_tag-cultura","18":"product_tag-cursos","19":"product_tag-dinero","20":"product_tag-dios","21":"product_tag-dolar","22":"product_tag-enric-corbera","23":"product_tag-ensenanza-en-casa","24":"product_tag-entidades","25":"product_tag-escuela","26":"product_tag-especialidad","27":"product_tag-estrenos","28":"product_tag-estudios","29":"product_tag-facebook","30":"product_tag-famosos","31":"product_tag-free","32":"product_tag-gatos","33":"product_tag-gratis","34":"product_tag-guerra","35":"product_tag-humor","36":"product_tag-internet","37":"product_tag-jose-palomo","38":"product_tag-juegos","39":"product_tag-lavin","40":"product_tag-manga","41":"product_tag-mercado-libre","42":"product_tag-mercado-pago","43":"product_tag-meteorologia","44":"product_tag-moneda","45":"product_tag-musica","46":"product_tag-nuevo","47":"product_tag-omnicron","48":"product_tag-oracion","49":"product_tag-peliculas","50":"product_tag-perros","51":"product_tag-peso","52":"product_tag-porn","53":"product_tag-porno","54":"product_tag-profesional","55":"product_tag-putin","56":"product_tag-salud","57":"product_tag-sexo","58":"product_tag-talleres","59":"product_tag-television","60":"product_tag-terapias","61":"product_tag-trabajo","62":"product_tag-ucrania","63":"product_tag-ukrania","64":"product_tag-usa","65":"product_tag-vacuna","66":"product_tag-viajes","67":"product_tag-videos","68":"product_tag-xxx","69":"product_tag-youtube","70":"product_tag-youtube-yuen-guadalajara","71":"product_tag-yuen","73":"first","74":"instock","75":"downloadable","76":"virtual","77":"purchasable","78":"product-type-simple"},"jetpack_publicize_connections":[],"jetpack-related-posts":[{"id":35487,"url":"https:\/\/multiofertasvip.com\/?product=meditacion-avanzada-josep-m-clopes-2","url_meta":{"origin":30683,"position":0},"title":"Meditaci\u00f3n Avanzada Josep M. Clop\u00e9s","author":"multiofertasvip","date":"abril 14, 2026","format":false,"excerpt":"Meditaci\u00f3n Avanzada de Josep M. Clop\u00e9s Meditaci\u00f3n Avanzada de Josep M. Clop\u00e9s\u00a0es un programa formativo online dise\u00f1ado para llevarte m\u00e1s all\u00e1 de t\u00e9cnicas b\u00e1sicas de meditaci\u00f3n hacia una pr\u00e1ctica profunda y transformadora que potencia tu bienestar mental, emocional y f\u00edsico a trav\u00e9s de la disciplina meditativa. Este curso se basa\u2026","rel":"","context":"Entrada similar","block_context":{"text":"Entrada similar","link":""},"img":{"alt_text":"","src":"https:\/\/i0.wp.com\/multiofertasvip.com\/wp-content\/uploads\/2023\/04\/meditacion-avanzada.png?fit=200%2C200&ssl=1&resize=350%2C200","width":350,"height":200},"classes":[]},{"id":34982,"url":"https:\/\/multiofertasvip.com\/?product=codigo-del-sueno-meditaciones-sonoras-rod-gordoa","url_meta":{"origin":30683,"position":1},"title":"C\u00f3digo del sue\u00f1o &#8211; Meditaciones sonoras Rod Gordoa","author":"multiofertasvip","date":"marzo 9, 2026","format":false,"excerpt":"Descubre el \u00abC\u00f3digo del Sue\u00f1o\u00bb: Meditaciones Sonoras que Transforman Tu Descanso Imagina un espacio donde las preocupaciones del d\u00eda a d\u00eda se desvanecen, donde cada susurro de sonido te envuelve en un manto de paz y serenidad. \u00a1Bienvenido al \u00abC\u00f3digo del Sue\u00f1o\u00bb, un curso innovador dise\u00f1ado para llevar tus experiencias\u2026","rel":"","context":"Entrada similar","block_context":{"text":"Entrada similar","link":""},"img":{"alt_text":"","src":"https:\/\/i0.wp.com\/multiofertasvip.com\/wp-content\/uploads\/2026\/03\/el-codigo-del-sueno.png?fit=200%2C200&ssl=1&resize=350%2C200","width":350,"height":200},"classes":[]},{"id":35317,"url":"https:\/\/multiofertasvip.com\/?product=taller-de-meditacion-alejandro-peterson-2","url_meta":{"origin":30683,"position":2},"title":"Taller de Meditaci\u00f3n \u2013 Alejandro Peterson","author":"multiofertasvip","date":"abril 3, 2026","format":false,"excerpt":"\u00a0 \u00a0 \u00a0 \u00a0 \u00a0 \u00a0 \u00a0","rel":"","context":"Entrada similar","block_context":{"text":"Entrada similar","link":""},"img":{"alt_text":"","src":"https:\/\/i0.wp.com\/multiofertasvip.com\/wp-content\/uploads\/2026\/04\/taller-de-meditacion-1.jpg?fit=200%2C200&ssl=1&resize=350%2C200","width":350,"height":200},"classes":[]},{"id":33859,"url":"https:\/\/multiofertasvip.com\/?product=curso-de-meditacion-consciencia-en-accion-david-garcia-avila","url_meta":{"origin":30683,"position":3},"title":"Curso de Meditacion Consciencia en Accion- David Garcia Avila","author":"multiofertasvip","date":"mayo 1, 2025","format":false,"excerpt":"\u00bfDeseas empezar a vivir plenamente? \u00bfsumergirte en la presencia consciente del ahora? \u00bffavorecer tu paz interior?\u00a0Si es as\u00ed, te recomendamos Iniciar el viaje transformador hacia el descubrimiento de tu potencial interior a trav\u00e9s de la meditaci\u00f3n consciente En este curso, aprender\u00e1s\u00a0diversas t\u00e9cnicas de meditaci\u00f3n dise\u00f1adas para cultivar la consciencia plena\u2026","rel":"","context":"Entrada similar","block_context":{"text":"Entrada similar","link":""},"img":{"alt_text":"","src":"https:\/\/i0.wp.com\/multiofertasvip.com\/wp-content\/uploads\/2025\/05\/meditacion-.png?fit=200%2C200&ssl=1&resize=350%2C200","width":350,"height":200},"classes":[]},{"id":34809,"url":"https:\/\/multiofertasvip.com\/?product=enfermedades-detras-de-no-disfrutar-de-la-dulzura-de-la-vida-integrativo","url_meta":{"origin":30683,"position":4},"title":"Enfermedades detr\u00e1s de no disfrutar de la Dulzura de la Vida-Integrativo","author":"multiofertasvip","date":"febrero 18, 2026","format":false,"excerpt":"\u00a1Descubre el Secreto Detr\u00e1s de Tu Bienestar! \ud83c\udf43\u2728 \u00bfTe has sentido alguna vez atrapado en la rutina diaria, sin poder disfrutar de los peque\u00f1os placeres que la vida tiene para ofrecer? \u00bfCrees que la dulzura de la vida es solo para otros? Te presentamos nuestro innovador curso\u00a0\u00abEnfermedades Detr\u00e1s de No\u2026","rel":"","context":"Entrada similar","block_context":{"text":"Entrada similar","link":""},"img":{"alt_text":"","src":"https:\/\/i0.wp.com\/multiofertasvip.com\/wp-content\/uploads\/2026\/02\/enfermedades.png?fit=200%2C200&ssl=1&resize=350%2C200","width":350,"height":200},"classes":[]},{"id":35222,"url":"https:\/\/multiofertasvip.com\/?product=metodo-surya-dios-sol-eduardo-dharma-yoel","url_meta":{"origin":30683,"position":5},"title":"M\u00e9todo Surya (Dios Sol) Eduardo Dharma Yoel","author":"multiofertasvip","date":"marzo 26, 2026","format":false,"excerpt":"\u00a0 \u00a0 \u00a0 \u00a0 \u00a0 \u00a0 \u00a0","rel":"","context":"Entrada similar","block_context":{"text":"Entrada similar","link":""},"img":{"alt_text":"XXXXX","src":"https:\/\/i0.wp.com\/cursosenoferta.com\/amlsup1\/metodo%20surya%20dios%20sol%20eduardo%20dharma%20yoel%20-%20archivos.jpg?resize=350%2C200&ssl=1","width":350,"height":200,"srcset":"https:\/\/i0.wp.com\/cursosenoferta.com\/amlsup1\/metodo%20surya%20dios%20sol%20eduardo%20dharma%20yoel%20-%20archivos.jpg?resize=350%2C200&ssl=1 1x, https:\/\/i0.wp.com\/cursosenoferta.com\/amlsup1\/metodo%20surya%20dios%20sol%20eduardo%20dharma%20yoel%20-%20archivos.jpg?resize=525%2C300&ssl=1 1.5x, https:\/\/i0.wp.com\/cursosenoferta.com\/amlsup1\/metodo%20surya%20dios%20sol%20eduardo%20dharma%20yoel%20-%20archivos.jpg?resize=700%2C400&ssl=1 2x"},"classes":[]}],"jetpack_sharing_enabled":false,"jetpack_likes_enabled":false,"_links":{"self":[{"href":"https:\/\/multiofertasvip.com\/index.php?rest_route=\/wp\/v2\/product\/30683","targetHints":{"allow":["GET"]}}],"collection":[{"href":"https:\/\/multiofertasvip.com\/index.php?rest_route=\/wp\/v2\/product"}],"about":[{"href":"https:\/\/multiofertasvip.com\/index.php?rest_route=\/wp\/v2\/types\/product"}],"version-history":[{"count":0,"href":"https:\/\/multiofertasvip.com\/index.php?rest_route=\/wp\/v2\/product\/30683\/revisions"}],"wp:featuredmedia":[{"embeddable":true,"href":"https:\/\/multiofertasvip.com\/index.php?rest_route=\/wp\/v2\/media\/30684"}],"wp:attachment":[{"href":"https:\/\/multiofertasvip.com\/index.php?rest_route=%2Fwp%2Fv2%2Fmedia&parent=30683"}],"wp:term":[{"taxonomy":"product_brand","embeddable":true,"href":"https:\/\/multiofertasvip.com\/index.php?rest_route=%2Fwp%2Fv2%2Fproduct_brand&post=30683"},{"taxonomy":"product_cat","embeddable":true,"href":"https:\/\/multiofertasvip.com\/index.php?rest_route=%2Fwp%2Fv2%2Fproduct_cat&post=30683"},{"taxonomy":"product_tag","embeddable":true,"href":"https:\/\/multiofertasvip.com\/index.php?rest_route=%2Fwp%2Fv2%2Fproduct_tag&post=30683"}],"curies":[{"name":"wp","href":"https:\/\/api.w.org\/{rel}","templated":true}]}}