{"id":30677,"date":"2023-01-19T18:07:22","date_gmt":"2023-01-19T23:37:22","guid":{"rendered":"https:\/\/multiofertasvip.com\/?post_type=product&#038;p=30677"},"modified":"2023-01-19T18:14:46","modified_gmt":"2023-01-19T23:44:46","slug":"anclas-para-el-exito-edmundo-velasco","status":"publish","type":"product","link":"https:\/\/multiofertasvip.com\/?product=anclas-para-el-exito-edmundo-velasco","title":{"rendered":"Anclas para el \u00e9xito Edmundo Velasco"},"content":{"rendered":"<p><img data-recalc-dims=\"1\" decoding=\"async\" class=\"aligncenter\" src=\"https:\/\/i0.wp.com\/tuscursosmuybaratos.com\/wp-content\/uploads\/anclas-para-el-exito-.jpg?w=1020&#038;ssl=1\" alt=\"anclas para el exito edmundo velasco\" \/><\/p>\n<p>&nbsp;<\/p>\n<h4 data-style-guide-headline=\"s\"><em>Prep\u00e1rate para el 2023\u00a0<\/em><\/h4>\n<h3 class=\"elHeadline\" data-style-guide-headline=\"s\"><span class=\"ne id-6Z-djZ4L-7\" data-page-element=\"ContentEditableNode\" data-align-selector=\".elHeadline\">Descubre la poderosa t\u00e9cnica de Programaci\u00f3n Neuroling\u00fc\u00edstica que entra a tu mente inconsciente y te permite lograr resultados sobresalientes en todas las \u00e1reas de tu vida,\u00a0<span class=\"id-6Z-4yE9d-20\"><i class=\"id-6Z-4yE9d-21\">aunque en alg\u00fan momento hayas cre\u00eddo que alcanzar el \u00e9xito era imposible.<\/i><\/span><\/span><\/h3>\n<div class=\"elImageWrapper de-image-block id-6Z-djZ4L-16\" data-page-element=\"Image\/V1\" data-liquid-replace=\"item\"><span class=\"id-6Z-4ZQym-2\"><span class=\"id-6Z-4ZQym-3\">\u2013\u00a0<\/span><span class=\"id-6Z-4ZQym-5\"><b class=\"id-6Z-4ZQym-6\">El \u00e9xito es para unos pocos afortunados.<\/b><br class=\"id-6Z-4ZQym-8\" \/><b class=\"id-6Z-4ZQym-9\">\u2013\u00a0<\/b>No lo vas a lograr porque lo has intentado una y otra vez<b class=\"id-6Z-4ZQym-12\">\u00a0sin ver resultados.<\/b><br class=\"id-6Z-4ZQym-14\" \/><b class=\"id-6Z-4ZQym-15\">\u2013 Has perdido la confianza en ti mismo.<\/b><br class=\"id-6Z-4ZQym-17\" \/><b class=\"id-6Z-4ZQym-18\">\u2013\u00a0<\/b>Es mejor rendirte y dejar de luchar.<\/span><\/span><br class=\"id-6Z-4ZQym-21\" \/><br class=\"id-6Z-4ZQym-22\" \/>\u00a1No te preocupes! Esto tiene soluci\u00f3n.<br class=\"id-6Z-4ZQym-24\" \/><br class=\"id-6Z-4ZQym-25\" \/>Tu mente inconsciente es quien est\u00e1 dominando estos pensamientos, y as\u00ed como est\u00e1s experimentando fracaso y frustraci\u00f3n en estos momentos, tambi\u00e9n\u00a0<b class=\"id-6Z-4ZQym-27\">puedes comenzar a experimentar \u00e9xito y abundancia.<\/b><\/div>\n<div data-page-element=\"Image\/V1\" data-liquid-replace=\"item\">\n<div class=\"elSubheadlineWrapper id-6Z-ex6Ad-277\" data-page-element=\"SubHeadline\/V1\">\n<h4 class=\"elSubheadline\" data-style-guide-subheadline=\"l\"><span class=\"ne id-6Z-ex6Ad-278\" data-page-element=\"ContentEditableNode\" data-align-selector=\".elSubheadline\">Se sabe que\u00a0<b class=\"id-6Z-4ZQym-33\">solo 2 de cada 10 personas obtienen lo que se proponen, lo que provoca que el 80% de la poblaci\u00f3n se rinda antes de volver a intentarlo.<\/b><b class=\"id-6Z-4ZQym-35\"><br class=\"id-6Z-4ZQym-36\" \/><\/b><\/span><\/h4>\n<\/div>\n<div class=\"elSubheadlineWrapper id-6Z-ex6Ad-300\" data-page-element=\"SubHeadline\/V1\">\n<h4 class=\"elSubheadline\" data-style-guide-subheadline=\"xl\"><span class=\"ne id-6Z-ex6Ad-301\" data-page-element=\"ContentEditableNode\" data-align-selector=\".elSubheadline\"><b class=\"id-6Z-ex6Ad-320\">Y esto ha desencadenado la siguiente pregunta que nos hemos formulado por muchos a\u00f1os\u2026<\/b><\/span><\/h4>\n<p>&nbsp;<\/p>\n<div class=\"elHeadlineWrapper id-6Z-jRKma-422\" data-page-element=\"Headline\/V1\" data-show-only=\"desktop\">\n<h1 class=\"elHeadline\" data-style-guide-headline=\"m\"><span class=\"ne id-6Z-jRKma-423\" data-page-element=\"ContentEditableNode\" data-align-selector=\".elHeadline\">\u00bfCua\u0301l es la diferencia entre una persona que obtiene el e\u0301xito y una persona que fracasa?<\/span><\/h1>\n<\/div>\n<div class=\"elSubheadlineWrapper id-6Z-ex6Ad-329\" data-page-element=\"SubHeadline\/V1\" data-show-only=\"desktop\">\n<p class=\"elSubheadline\" data-style-guide-subheadline=\"m\"><span class=\"ne id-6Z-ex6Ad-330\" data-page-element=\"ContentEditableNode\" data-align-selector=\".elSubheadline\">Dentro de todas las corrientes psicolo\u0301gicas que existen actualmente, sin lugar a dudas la\u00a0<b class=\"id-6Z-4ZQym-47\">PNL es la que mejor explica co\u0301mo cualquier persona puede obtener resultados exitosos\u00a0<\/b>en su vida.\u00a0<\/span><\/p>\n<\/div>\n<\/div>\n<\/div>\n<div class=\"elHeadlineWrapper id-6Z-ex6Ad-343\" data-page-element=\"Headline\/V1\">\n<h1 class=\"elHeadline\" data-style-guide-headline=\"m\"><span class=\"ne id-6Z-ex6Ad-344\" data-page-element=\"ContentEditableNode\" data-align-selector=\".elHeadline\">\u00bfPero qu\u00e9 es la PNL?<\/span><\/h1>\n<\/div>\n<div class=\"elSubheadlineWrapper id-6Z-ex6Ad-351\" data-page-element=\"SubHeadline\/V1\" data-show-only=\"desktop\">\n<p class=\"elSubheadline\" data-style-guide-subheadline=\"m\"><span class=\"ne id-6Z-ex6Ad-352\" data-page-element=\"ContentEditableNode\" data-align-selector=\".elSubheadline\">PNL o la Programaci\u00f3n Neuroling\u00fc\u00edstica son un conjunto de poderosas te\u0301cnicas desarrolladas en la de\u0301cada de los setentas, por JOHN GRINDER y por RICHARD BANDLER, que permiten<span class=\"id-6Z-4ZQym-55\"><b class=\"id-6Z-4ZQym-56\">\u00a0crear nuevos circuitos neuronales en el cerebro y as\u00ed generar nuevas posibilidades de acci\u00f3n o comportamiento.<\/b><br class=\"id-6Z-4ZQym-58\" \/><br class=\"id-6Z-4ZQym-59\" \/>Gracias a la Programaci\u00f3n Neuroling\u00fc\u00edstica, a lo largo de mi carrera, he visto innumerables casos de personas que\u00a0<\/span><b class=\"id-6Z-4ZQym-61\">en menos de 15 minutos han logrado erradicar por completo una fobia o miedo,\u00a0<\/b><span class=\"id-6Z-4ZQym-63\">cambiar una adicci\u00f3n por un buen h\u00e1bito o que transformaron su mentalidad de escasez por una<\/span><b class=\"id-6Z-4ZQym-65\">\u00a0de \u00e9xito y abundancia.<\/b><\/span><\/p>\n<\/div>\n<div class=\"elHeadlineWrapper id-6Z-ex6Ad-368\" data-page-element=\"Headline\/V1\">\n<h5 class=\"elHeadline\" data-style-guide-headline=\"m\"><span class=\"ne id-6Z-ex6Ad-369\" data-page-element=\"ContentEditableNode\" data-align-selector=\".elHeadline\">\u00a1Resultados sorprendentes!<\/span><\/h5>\n<\/div>\n<div class=\"elSubheadlineWrapper id-6Z-4ZQym-70\" data-page-element=\"SubHeadline\/V1\">\n<h5 class=\"elSubheadline\" data-style-guide-subheadline=\"l\"><span class=\"ne id-6Z-4ZQym-71\" data-page-element=\"ContentEditableNode\" data-align-selector=\".elSubheadline\"><b class=\"id-6Z-4ZQym-484\">Dentro de la PNL existe una tecnolog\u00eda muy efectiva para alcanzar el \u00e9xito de la que te quiero platicar, llamada<\/b><\/span><\/h5>\n<\/div>\n<div data-page-element=\"Image\/V1\" data-liquid-replace=\"item\">\n<div class=\"elSubheadlineWrapper id-6Z-ex6Ad-300\" data-page-element=\"SubHeadline\/V1\">\n<div class=\"elSubheadlineWrapper id-6Z-ex6Ad-351\" data-page-element=\"SubHeadline\/V1\" data-show-only=\"desktop\">\n<div class=\"container fullContainer bgW100H100 id-6Z-ex6Ad-420\" data-page-element=\"SectionContainer\/V1\" data-section-colors=\"lightest\" data-show-only=\"desktop\">\n<div class=\"containerInnerV2\">\n<div class=\"row id-6Z-ex6Ad-421\" data-page-element=\"RowContainer\/V1\" data-show-only=\"desktop\">\n<div class=\"col-md-6 innerContent col_left id-6Z-ex6Ad-422\" data-page-element=\"ColContainer\/V1\">\n<div class=\"col-inner\">\n<div class=\"elHeadlineWrapper id-6Z-ex6Ad-424\" data-page-element=\"Headline\/V1\">\n<h4 class=\"elHeadline\" data-style-guide-headline=\"m\"><span class=\"ne id-6Z-ex6Ad-425\" data-page-element=\"ContentEditableNode\" data-align-selector=\".elHeadline\">\u00bfQu\u00e9 es un ancla y c\u00f3mo la puedes aplicar en tu vida?<\/span><\/h4>\n<\/div>\n<div class=\"elSubheadlineWrapper id-6Z-ex6Ad-427\" data-page-element=\"SubHeadline\/V1\">\n<p class=\"elSubheadline\" data-style-guide-subheadline=\"m\"><span class=\"ne id-6Z-ex6Ad-428\" data-page-element=\"ContentEditableNode\" data-align-selector=\".elSubheadline\">En PNL llamamos\u00a0<b class=\"id-6Z-4ZQym-79\">ancla<\/b>\u00a0al est\u00edmulo que dispara el estado emocional al que lo hemos asociado.<br class=\"id-6Z-4ZQym-82\" \/><br class=\"id-6Z-4ZQym-83\" \/>Para explicarte mejor lo anterior, a lo largo de nuestra vida generamos sin ser conscientes, diversas anclas, por ejemplo:\u00a0<b class=\"id-6Z-4ZQym-85\">aquella canci\u00f3n que nos recuerda nuestro primer beso o el sas\u00f3n de la comida que nos preparaba con mucho amor nuestra abuelita<\/b>.<br class=\"id-6Z-4ZQym-88\" \/><br class=\"id-6Z-4ZQym-89\" \/>Nuestra mente est\u00e1 anclada a muchas cosas, pero lamentablemente, no siempre sabemos que tenemos esas anclas y estas nos afectan de manera positiva o negativa.<br class=\"id-6Z-4ZQym-91\" \/><\/span><\/p>\n<\/div>\n<\/div>\n<\/div>\n<\/div>\n<\/div>\n<\/div>\n<\/div>\n<\/div>\n<\/div>\n<div class=\"row id-6Z-jRKma-545\" data-page-element=\"RowContainer\/V1\">\n<div class=\"col-md-12 innerContent col_left id-6Z-jRKma-546\" data-page-element=\"ColContainer\/V1\">\n<div class=\"col-inner\">\n<div class=\"elHeadlineWrapper id-6Z-jRKma-547\" data-page-element=\"Headline\/V1\">\n<h1 class=\"elHeadline\" data-style-guide-headline=\"l\"><span class=\"ne id-6Z-jRKma-548\" data-page-element=\"ContentEditableNode\" data-align-selector=\".elHeadline\">\u00a1LA BUENA NOTICIA!<\/span><\/h1>\n<\/div>\n<div class=\"elSubheadlineWrapper id-6Z-jRKma-550\" data-page-element=\"SubHeadline\/V1\">\n<p class=\"elSubheadline\" data-style-guide-subheadline=\"m\"><span class=\"ne id-6Z-jRKma-551\" data-page-element=\"ContentEditableNode\" data-align-selector=\".elSubheadline\">As\u00ed como tenemos anclas negativas, podemos generar anclas positivas.<br class=\"id-6Z-4ZQym-94\" \/><br class=\"id-6Z-4ZQym-95\" \/><b class=\"id-6Z-4ZQym-97\">Si tienes miedo de hablar en pu\u0301blico<\/b>\u00a0y no sabes cua\u0301l es el ancla; se puede programar otra ancla positiva y dispararla al mismo tiempo. Lo m\u00e1s impresionante de todo, es que no importa que por a\u00f1os hayas tenido miedo a hablar en p\u00fablico, ya que..<\/span><\/p>\n<\/div>\n<div class=\"elHeadlineWrapper id-6Z-jRKma-558\" data-page-element=\"Headline\/V1\">\n<h4 class=\"elHeadline\" data-style-guide-headline=\"l\"><span class=\"ne id-6Z-jRKma-559\" data-page-element=\"ContentEditableNode\" data-align-selector=\".elHeadline\">\u00a1Un ancla negativa se elimina al programar un ancla positiva!<\/span><\/h4>\n<\/div>\n<div class=\"elSubheadlineWrapper id-6Z-jRKma-561\" data-page-element=\"SubHeadline\/V1\">\n<p class=\"elSubheadline\" data-style-guide-subheadline=\"m\"><span class=\"ne id-6Z-jRKma-562\" data-page-element=\"ContentEditableNode\" data-align-selector=\".elSubheadline\">Lo mismo sucede al aplicar las anclas para erradicar creencias que te llevan al fracaso y sustituirlas por anclas que te ayuden a lograr el \u00e9xito.<br class=\"id-6Z-4ZQym-101\" \/><br class=\"id-6Z-4ZQym-102\" \/>Aunque todas las personas tienen la misma neurologi\u0301a, es decir, exactamente el mismo sistema nervioso, evidentemente lo utilizan de manera diferente, y gran parte se debe al anclaje que han creado en el pasado.<br class=\"id-6Z-4ZQym-104\" \/><\/span><\/p>\n<\/div>\n<div class=\"elSubheadlineWrapper id-6Z-jRKma-568\" data-page-element=\"SubHeadline\/V1\">\n<h5 class=\"elSubheadline\" data-style-guide-subheadline=\"l\"><span class=\"ne id-6Z-jRKma-569\" data-page-element=\"ContentEditableNode\" data-align-selector=\".elSubheadline\"><b class=\"id-6Z-4ZQym-105\">Para ello, he creado para ti un programa en el que obtendr\u00e1s toda una gu\u00eda que te permitir\u00e1 liberar anclas negativas y crear anclas positivas, todo trabajado desde tu mente inconsciente.<br class=\"id-6Z-4ZQym-107\" \/><\/b><\/span><\/h5>\n<\/div>\n<\/div>\n<\/div>\n<\/div>\n<div class=\"row id-6Z-jRKma-716\" data-page-element=\"RowContainer\/V1\">\n<div class=\"col-md-12 innerContent col_left id-6Z-jRKma-717\" data-page-element=\"ColContainer\/V1\">\n<div class=\"col-inner\">\n<div class=\"elSubheadlineWrapper id-6Z-jRKma-574\" data-page-element=\"SubHeadline\/V1\">\n<h2 data-style-guide-subheadline=\"l\"><em>\u00bfQue incluye el programa?<\/em><\/h2>\n<h6 class=\"elSubheadline\" data-style-guide-subheadline=\"l\"><span class=\"ne id-6Z-jRKma-575\" data-page-element=\"ContentEditableNode\" data-align-selector=\".elSubheadline\"><span class=\"id-6Z-4ZQym-373\"><b class=\"id-6Z-4ZQym-374\">Al adquirir el programa \u201cAnclas para el \u00e9xito\u201d te llevas:<\/b><br class=\"id-6Z-4ZQym-376\" \/>\u2013 Audio subliminal en MP3 \u201cAnclas para el \u00e9xito\u201d<br class=\"id-6Z-4ZQym-378\" \/>\u2013 Teleseminario<br class=\"id-6Z-4ZQym-380\" \/>\u2013 Video explicativo<br class=\"id-6Z-4ZQym-382\" \/>\u2013 Ebook informativo en PDF<br class=\"id-6Z-4ZQym-384\" \/><br class=\"id-6Z-4ZQym-385\" \/><b class=\"id-6Z-4ZQym-386\">Este material es el resultado de an\u0303os de investigacio\u0301n y de ma\u0301s de 17 an\u0303os de trabajo con el Dr. John Grinder, co-creador de la Programacio\u0301n Neurolingu\u0308i\u0301stica.<br class=\"id-6Z-4ZQym-388\" \/><\/b><\/span><\/span><\/h6>\n<\/div>\n<\/div>\n<\/div>\n<\/div>\n<div class=\"container fullContainer id-6Z-jRKma-612\" data-page-element=\"SectionContainer\/V1\" data-section-colors=\"lightest\" data-show-only=\"desktop\">\n<div class=\"containerInnerV2\">\n<div class=\"row id-6Z-jRKma-618\" data-page-element=\"RowContainer\/V1\">\n<div class=\"col-md-6 innerContent col_right id-6Z-jRKma-620\" data-page-element=\"ColContainer\/V1\">\n<div class=\"col-inner\">\n<div class=\"elSubheadlineWrapper id-6Z-jRKma-621\" data-page-element=\"SubHeadline\/V1\">\n<p class=\"elSubheadline\" data-style-guide-subheadline=\"m\"><span class=\"ne id-6Z-jRKma-622\" data-page-element=\"ContentEditableNode\" data-align-selector=\".elSubheadline\">\u2013 Aprender\u00e1s c\u00f3mo has creado anclas tanto positivas como negativas a lo largo de tu vida de manera inconsciente.<br class=\"id-6Z-4ZQym-317\" \/><br class=\"id-6Z-4ZQym-318\" \/>\u2013 Sabr\u00e1s crear conscientemente anclas positivas que te lleven al \u00e9xito.<br class=\"id-6Z-4ZQym-320\" \/><br class=\"id-6Z-4ZQym-321\" \/>\u2013 Conocer\u00e1s la forma de bloquear anclas negativas que te han frenado o saboteado.<br class=\"id-6Z-4ZQym-323\" \/><br class=\"id-6Z-4ZQym-324\" \/>\u2013 Una de nuestras metodolog\u00edas consiste en escuchar repetitivamente este audio de programaci\u00f3n neuroling\u00fcistica. En cada ocasi\u00f3n que lo escuches, rescatar\u00e1s una parte del material como si fuera un tema nuevo.<\/span><\/p>\n<\/div>\n<\/div>\n<\/div>\n<\/div>\n<\/div>\n<\/div>\n<div class=\"container fullContainer id-6Z-jRKma-634\" data-page-element=\"SectionContainer\/V1\" data-section-colors=\"lightest\" data-show-only=\"desktop\">\n<div class=\"containerInnerV2\">\n<div class=\"row id-6Z-jRKma-635\" data-page-element=\"RowContainer\/V1\">\n<div class=\"col-md-6 innerContent col_left id-6Z-jRKma-636\" data-page-element=\"ColContainer\/V1\">\n<div class=\"col-inner\">\n<h2 class=\"elSubheadline\" data-style-guide-subheadline=\"xl\"><span class=\"ne id-6Z-jRKma-638\" data-page-element=\"ContentEditableNode\" data-align-selector=\".elSubheadline\">Adem\u00e1s,\u00a0<b class=\"id-6Z-4ZQym-164\">este audio contiene una tecnolog\u00eda subliminal muy poderosa\u2026<\/b><\/span><\/h2>\n<div class=\"elSubheadlineWrapper id-6Z-jRKma-642\" data-page-element=\"SubHeadline\/V1\">\n<p class=\"elSubheadline\" data-style-guide-subheadline=\"m\"><span class=\"ne id-6Z-jRKma-643\" data-page-element=\"ContentEditableNode\" data-align-selector=\".elSubheadline\">Que al escucharlo tu inconsciente captar\u00e1 una serie de met\u00e1foras grabadas que permitir\u00e1n que tu hemisferio derecho las capte mientras tu hemisferio izquierdo capta conscientemente toda la informaci\u00f3n que recibes a trav\u00e9s de mis palabras. Podr\u00e1s conocer las met\u00e1foras cuando escuches el segundo audio que viene incluido en este paquete.<\/span><\/p>\n<\/div>\n<\/div>\n<\/div>\n<\/div>\n<\/div>\n<\/div>\n","protected":false},"excerpt":{"rendered":"<p>&nbsp; Prep\u00e1rate para el 2023\u00a0 Descubre la poderosa t\u00e9cnica de Programaci\u00f3n Neuroling\u00fc\u00edstica que entra a tu mente inconsciente y te permite lograr resultados sobresalientes en todas las \u00e1reas de tu vida,\u00a0aunque en alg\u00fan momento hayas cre\u00eddo que alcanzar el \u00e9xito era imposible. \u2013\u00a0El \u00e9xito es para unos pocos afortunados.\u2013\u00a0No lo vas a lograr porque lo [&#8230;]\n","protected":false},"featured_media":30678,"template":"","meta":{"_monsterinsights_skip_tracking":false,"_monsterinsights_sitenote_active":false,"_monsterinsights_sitenote_note":"","_monsterinsights_sitenote_category":0,"jetpack_post_was_ever_published":false,"jetpack_publicize_message":"","jetpack_publicize_feature_enabled":true,"jetpack_social_post_already_shared":true,"jetpack_social_options":{"image_generator_settings":{"template":"highway","default_image_id":0,"font":"","enabled":false},"version":2}},"product_brand":[],"product_cat":[272],"product_tag":[263,142,260,211,254,119,251,215,257,249,243,230,182,226,253,236,229,143,228,232,258,234,262,239,220,265,219,225,240,238,140,242,235,244,266,267,248,210,245,212,250,227,255,264,252,217,216,233,261,73,237,231,247,221,246,222,223,224,259,241,256,218,213,214,53],"class_list":{"0":"post-30677","1":"product","2":"type-product","3":"status-publish","4":"has-post-thumbnail","6":"product_cat-pnl","7":"product_tag-animales","8":"product_tag-avanzado","9":"product_tag-biden","10":"product_tag-billetes","11":"product_tag-bitcoin","12":"product_tag-carrera","13":"product_tag-china","14":"product_tag-christopher-olivarrieta","15":"product_tag-cine","16":"product_tag-coranavirus","17":"product_tag-cultura","18":"product_tag-cursos","19":"product_tag-dinero","20":"product_tag-dios","21":"product_tag-dolar","22":"product_tag-enric-corbera","23":"product_tag-ensenanza-en-casa","24":"product_tag-entidades","25":"product_tag-escuela","26":"product_tag-especialidad","27":"product_tag-estrenos","28":"product_tag-estudios","29":"product_tag-facebook","30":"product_tag-famosos","31":"product_tag-free","32":"product_tag-gatos","33":"product_tag-gratis","34":"product_tag-guerra","35":"product_tag-humor","36":"product_tag-internet","37":"product_tag-jose-palomo","38":"product_tag-juegos","39":"product_tag-lavin","40":"product_tag-manga","41":"product_tag-mercado-libre","42":"product_tag-mercado-pago","43":"product_tag-meteorologia","44":"product_tag-moneda","45":"product_tag-musica","46":"product_tag-nuevo","47":"product_tag-omnicron","48":"product_tag-oracion","49":"product_tag-peliculas","50":"product_tag-perros","51":"product_tag-peso","52":"product_tag-porn","53":"product_tag-porno","54":"product_tag-profesional","55":"product_tag-putin","56":"product_tag-salud","57":"product_tag-sexo","58":"product_tag-talleres","59":"product_tag-television","60":"product_tag-terapias","61":"product_tag-trabajo","62":"product_tag-ucrania","63":"product_tag-ukrania","64":"product_tag-usa","65":"product_tag-vacuna","66":"product_tag-viajes","67":"product_tag-videos","68":"product_tag-xxx","69":"product_tag-youtube","70":"product_tag-youtube-yuen-guadalajara","71":"product_tag-yuen","73":"first","74":"instock","75":"downloadable","76":"virtual","77":"purchasable","78":"product-type-simple"},"jetpack_publicize_connections":[],"jetpack-related-posts":[{"id":34839,"url":"https:\/\/multiofertasvip.com\/?product=taller-ventas-energeticas-alma-rendon","url_meta":{"origin":30677,"position":0},"title":"Taller Ventas Energeticas \u2013 Alma Rendon","author":"multiofertasvip","date":"febrero 19, 2026","format":false,"excerpt":"Este es un taller que transformar\u00e1 de ra\u00edz las creencias que tienes con respecto a vender y a cobrar por tus productos y servicios. Descubre las creencias limitantes que est\u00e1n impidiendo que puedas vender tus productos o servicios con mayor facilidad. Toma consciencia de qu\u00e9 es aquello que est\u00e1 impidiendo\u2026","rel":"","context":"Entrada similar","block_context":{"text":"Entrada similar","link":""},"img":{"alt_text":"","src":"https:\/\/i0.wp.com\/multiofertasvip.com\/wp-content\/uploads\/2026\/02\/ventas-energeticas.png?fit=200%2C200&ssl=1&resize=350%2C200","width":350,"height":200},"classes":[]},{"id":33997,"url":"https:\/\/multiofertasvip.com\/?product=el-transgeneracional-ricardo-garza","url_meta":{"origin":30677,"position":1},"title":"El Transgeneracional -Ricardo Garza","author":"multiofertasvip","date":"junio 9, 2025","format":false,"excerpt":"El principal objetivo de este curso es guiar al alumno a identificar exitosamente a los ancestros de quien es doble. Conocer y reconocer aquellas repeticiones inconscientes que los ancestros le han heredado c\u00f3mo informaci\u00f3n de \u00e9xito o supervivencia. En este curso aprender\u00e1s c\u00f3mo el inconsciente familiar funciona heredando los \u00e9xitos,\u2026","rel":"","context":"Entrada similar","block_context":{"text":"Entrada similar","link":""},"img":{"alt_text":"","src":"https:\/\/i0.wp.com\/multiofertasvip.com\/wp-content\/uploads\/2025\/06\/el-transgeneracional.jpg?fit=200%2C200&ssl=1&resize=350%2C200","width":350,"height":200},"classes":[]},{"id":30312,"url":"https:\/\/multiofertasvip.com\/?product=metodo-yuen-guadalajara-taller-exito-2022","url_meta":{"origin":30677,"position":2},"title":"M\u00e9todo Yuen Guadalajara &#8211; Taller Exito 2022","author":"multiofertasvip","date":"mayo 7, 2022","format":false,"excerpt":"\u00a0 \u00a0 \u00a0 \u00a0 \u00a0 \u00a0 \u00a0","rel":"","context":"Entrada similar","block_context":{"text":"Entrada similar","link":""},"img":{"alt_text":"","src":"https:\/\/i0.wp.com\/multiofertasvip.com\/wp-content\/uploads\/2022\/05\/talleres.jpg?fit=200%2C200&ssl=1&resize=350%2C200","width":350,"height":200},"classes":[]},{"id":33081,"url":"https:\/\/multiofertasvip.com\/?product=mentoria-privada-con-lain-garcia-calvo","url_meta":{"origin":30677,"position":3},"title":"Mentoria Privada con Lain Garcia Calvo","author":"multiofertasvip","date":"agosto 19, 2024","format":false,"excerpt":"3 MESES CONMIGO PARA DAR UN SALTO CU\u00c1NTICO EN TU VIDA, TU ECONOM\u00cdA Y TU DINERO 4 RAZONES POR LAS CUALES ESTA MENTOR\u00cdA MARCAR\u00c1 UNA DIFERENCIA ABISMAL TANTO EN TU VIDA PERSONAL COMO ECON\u00d3MICA: Aprender\u00e1s\u00a0las ESTRATEGIAS MAGISTRALES de las personas m\u00e1s exitosas del mundo. Estas ESTRATEGIAS MAGISTRALES han catapultado a\u2026","rel":"","context":"Entrada similar","block_context":{"text":"Entrada similar","link":""},"img":{"alt_text":"","src":"https:\/\/i0.wp.com\/multiofertasvip.com\/wp-content\/uploads\/2024\/08\/lain.jpg?fit=200%2C200&ssl=1&resize=350%2C200","width":350,"height":200},"classes":[]},{"id":30710,"url":"https:\/\/multiofertasvip.com\/?product=metodo-yuen-guadalajara-taller-exito-2023-parte-1-y-2","url_meta":{"origin":30677,"position":4},"title":"M\u00e9todo Yuen Guadalajara &#8211; Taller Exito 2023 Parte 1 y 2","author":"multiofertasvip","date":"enero 29, 2023","format":false,"excerpt":"\u00a0 \u00a0 \u00a0 \u00a0 \u00a0 \u00a0 \u00a0","rel":"","context":"Entrada similar","block_context":{"text":"Entrada similar","link":""},"img":{"alt_text":"","src":"https:\/\/i0.wp.com\/multiofertasvip.com\/wp-content\/uploads\/2022\/05\/talleres.jpg?fit=200%2C200&ssl=1&resize=350%2C200","width":350,"height":200},"classes":[]},{"id":31049,"url":"https:\/\/multiofertasvip.com\/?product=diplomado-programacion-neurolinguistica-pnl","url_meta":{"origin":30677,"position":5},"title":"Diplomado Programaci\u00f3n Neuroling\u00fc\u00edstica (PNL)","author":"multiofertasvip","date":"noviembre 9, 2023","format":false,"excerpt":"Inteligencia Emocional y Programaci\u00f3n Neuroling\u00fc\u00edstica para Terapeutas La PNL o programaci\u00f3n neuroling\u00fc\u00edstica ha sido definida por el famoso coach Tony Robbins como la f\u00edsica nuclear de la mente, que permite descomponer y analizar las partes que constituyen el comportamiento. Es una estrategia de comunicaci\u00f3n, desarrollo personal y psicoterapia, desarrollada por\u2026","rel":"","context":"Entrada similar","block_context":{"text":"Entrada similar","link":""},"img":{"alt_text":"","src":"https:\/\/i0.wp.com\/multiofertasvip.com\/wp-content\/uploads\/2023\/11\/pnl.png?fit=720%2C552&ssl=1&resize=350%2C200","width":350,"height":200,"srcset":"https:\/\/i0.wp.com\/multiofertasvip.com\/wp-content\/uploads\/2023\/11\/pnl.png?fit=720%2C552&ssl=1&resize=350%2C200 1x, https:\/\/i0.wp.com\/multiofertasvip.com\/wp-content\/uploads\/2023\/11\/pnl.png?fit=720%2C552&ssl=1&resize=525%2C300 1.5x, https:\/\/i0.wp.com\/multiofertasvip.com\/wp-content\/uploads\/2023\/11\/pnl.png?fit=720%2C552&ssl=1&resize=700%2C400 2x"},"classes":[]}],"jetpack_sharing_enabled":false,"jetpack_likes_enabled":false,"_links":{"self":[{"href":"https:\/\/multiofertasvip.com\/index.php?rest_route=\/wp\/v2\/product\/30677","targetHints":{"allow":["GET"]}}],"collection":[{"href":"https:\/\/multiofertasvip.com\/index.php?rest_route=\/wp\/v2\/product"}],"about":[{"href":"https:\/\/multiofertasvip.com\/index.php?rest_route=\/wp\/v2\/types\/product"}],"version-history":[{"count":1,"href":"https:\/\/multiofertasvip.com\/index.php?rest_route=\/wp\/v2\/product\/30677\/revisions"}],"predecessor-version":[{"id":30679,"href":"https:\/\/multiofertasvip.com\/index.php?rest_route=\/wp\/v2\/product\/30677\/revisions\/30679"}],"wp:featuredmedia":[{"embeddable":true,"href":"https:\/\/multiofertasvip.com\/index.php?rest_route=\/wp\/v2\/media\/30678"}],"wp:attachment":[{"href":"https:\/\/multiofertasvip.com\/index.php?rest_route=%2Fwp%2Fv2%2Fmedia&parent=30677"}],"wp:term":[{"taxonomy":"product_brand","embeddable":true,"href":"https:\/\/multiofertasvip.com\/index.php?rest_route=%2Fwp%2Fv2%2Fproduct_brand&post=30677"},{"taxonomy":"product_cat","embeddable":true,"href":"https:\/\/multiofertasvip.com\/index.php?rest_route=%2Fwp%2Fv2%2Fproduct_cat&post=30677"},{"taxonomy":"product_tag","embeddable":true,"href":"https:\/\/multiofertasvip.com\/index.php?rest_route=%2Fwp%2Fv2%2Fproduct_tag&post=30677"}],"curies":[{"name":"wp","href":"https:\/\/api.w.org\/{rel}","templated":true}]}}