{"id":30674,"date":"2023-01-09T12:16:40","date_gmt":"2023-01-09T17:46:40","guid":{"rendered":"https:\/\/multiofertasvip.com\/?post_type=product&#038;p=30674"},"modified":"2023-01-09T12:19:54","modified_gmt":"2023-01-09T17:49:54","slug":"danza-arabe-terapeutica-lina-maria-rico-calderon","status":"publish","type":"product","link":"https:\/\/multiofertasvip.com\/?product=danza-arabe-terapeutica-lina-maria-rico-calderon","title":{"rendered":"Danza \u00c1rabe Terap\u00e9utica-Lina Maria Rico Calderon"},"content":{"rendered":"<p><img data-recalc-dims=\"1\" fetchpriority=\"high\" decoding=\"async\" class=\"size-full wp-image-29268 aligncenter\" src=\"https:\/\/i0.wp.com\/cursosexclusivos.com\/wp-content\/uploads\/2021\/12\/Danza-Arabe-Terapeutica-MasterClasses.La_.jpg?resize=567%2C325&#038;ssl=1\" sizes=\"(max-width: 567px) 100vw, 567px\" srcset=\"https:\/\/cursosexclusivos.com\/wp-content\/uploads\/2021\/12\/Danza-Arabe-Terapeutica-MasterClasses.La_.jpg 567w, https:\/\/cursosexclusivos.com\/wp-content\/uploads\/2021\/12\/Danza-Arabe-Terapeutica-MasterClasses.La_-480x275.jpg 480w, https:\/\/cursosexclusivos.com\/wp-content\/uploads\/2021\/12\/Danza-Arabe-Terapeutica-MasterClasses.La_-300x172.jpg 300w\" alt=\"\" width=\"567\" height=\"325\" \/><\/p>\n<p>&nbsp;<\/p>\n<h1><strong>Danza \u00c1rabe Terap\u00e9utica<\/strong><\/h1>\n<p><strong>\u00a0<\/strong><\/p>\n<p><strong>\u00bfSabias que con el movimiento de tu cintura puedes armonizar tu energ\u00eda?<\/strong><\/p>\n<p>Con el masterclass DANZA ARABE TERAPEUTICA podr\u00e1s hacer alineaci\u00f3n de chakras a trav\u00e9s de los movimientos de danza \u00e1rabe para ganar confianza y amor propio.<\/p>\n<p><strong>\u00bfQU\u00c9 VAS A LOGRAR?<\/strong><\/p>\n<ul>\n<li>Aprender\u00e1s los movimientos b\u00e1sicos de la danza \u00e1rabe.<\/li>\n<\/ul>\n<p>&nbsp;<\/p>\n<ul>\n<li>Conectaras con tu cuerpo y tu ser a trav\u00e9s del movimiento y la meditaci\u00f3n.<\/li>\n<\/ul>\n<p>&nbsp;<\/p>\n<ul>\n<li>Desarrollaras tu confianza y amor propio.<\/li>\n<\/ul>\n<p>&nbsp;<\/p>\n<ul>\n<li>Conocer\u00e1s acerca de los centros energ\u00e9ticos y como se armonizan a trav\u00e9s del Movimiento.<\/li>\n<\/ul>\n<p>&nbsp;<\/p>\n<ul>\n<li>Te acercaras un poco m\u00e1s a la cultura oriental a trav\u00e9s de la danza.<\/li>\n<\/ul>\n<p>&nbsp;<\/p>\n<ul>\n<li>Entender\u00e1s la conjunci\u00f3n entre tus puntos energ\u00e9ticos y los movimientos de la danza \u00e1rabe.<\/li>\n<\/ul>\n<p>&nbsp;<\/p>\n<ul>\n<li>Podr\u00e1s mejorar tu concentraci\u00f3n y coordinaci\u00f3n con los movimientos de la danza.<\/li>\n<\/ul>\n<p>&nbsp;<\/p>\n<ul>\n<li>Desarrollas destrezas en todo lo referente a la expresi\u00f3n corporal.<\/li>\n<\/ul>\n<p>&nbsp;<\/p>\n<ul>\n<li>Te sumergir\u00e1s en todo un mundo de posibilidades en cuanto a la danzoterapia.<\/li>\n<\/ul>\n<p>&nbsp;<\/p>\n<ul>\n<li>Encontraras un curso dise\u00f1ado para ti para que puedas disfrutar de tu tiempo y de encuentro contigo misma.<\/li>\n<\/ul>\n<p>&nbsp;<\/p>\n<ul>\n<li>Acceder\u00e1s al certificado avalado por Hotmart y Seminarios Online.<\/li>\n<\/ul>\n<p><strong>\u00bfC\u00d3MO LO VAS A LOGRAR?<\/strong><\/p>\n<p>A trav\u00e9s del siguiente contenido, estructurado paso a paso:<\/p>\n<ul>\n<li>Video 1: Presentaci\u00f3n personal de la productora.<\/li>\n<li>Video 2: La importancia de la danza \u00e1rabe terap\u00e9utica.<\/li>\n<li>Video 3: Historia de la danza oriental.<\/li>\n<li>Video 4: Como organizar tu espacio para la pr\u00e1ctica.<\/li>\n<li>Video 5: Centros de energ\u00eda \u2013 chakras.<\/li>\n<li>Video 6: Estrella de la tierra meditaci\u00f3n.<\/li>\n<li>Video 7: Chakra ra\u00edz.<\/li>\n<li>Video 8: Chakra sacro.<\/li>\n<li>Video 9: Chakra plexo solar.<\/li>\n<li>Video 10: Chakra coraz\u00f3n.<\/li>\n<li>Video 11: Chakra garganta.<\/li>\n<li>Video 12: Chakra del tercer ojo.<\/li>\n<li>Video 13: Chakra coronilla.<\/li>\n<li>Video 14: Estrella del cielo meditaci\u00f3n.<\/li>\n<li>Video 15: Coreograf\u00eda grupal.<\/li>\n<li>Video 16: Cierre.<\/li>\n<\/ul>\n<p><strong>ACERCA DE LA PRODUCTORA<\/strong><\/p>\n<p>Desarrollado por LINA MARIA RICO CALDER\u00d3N, una apasionada por el movimiento corporal humano, que encontr\u00f3 en la danza oriental, un medio de expresi\u00f3n art\u00edstico que a su vez es terap\u00e9utico y donde, hoy en d\u00eda ayuda a muchas mujeres a empoderarse en su seguridad y fortaleza interior.<\/p>\n<p>Se formo desde los 8 a\u00f1os en Reiki Usui y en diferentes terapias alternativas; desde los 13 a\u00f1os se ha formado en todo lo relacionado a la danza oriental y hace 9 a\u00f1os abri\u00f3 su academia de danza oriental Amara Nur, para entregar todo su conocimiento y a su vez formar un movimiento art\u00edstico en su ciudad natal, adem\u00e1s de ser un espacio hol\u00edstico donde cientos de mujeres asisten cada d\u00eda para transformar su ser a trav\u00e9s del movimiento consciente.<\/p>\n<p>Tambi\u00e9n es Fisioterapeuta con master en osteopat\u00eda y master experto en Gimnasia abdominal hipopresiva. Ha sido jurado de danza internacional y as\u00ed mismo ha participado en diferentes muestras art\u00edsticas locales y regionales, convirti\u00e9ndose en un referente de la danza oriental a nivel nacional.<\/p>\n","protected":false},"excerpt":{"rendered":"<p>&nbsp; Danza \u00c1rabe Terap\u00e9utica \u00a0 \u00bfSabias que con el movimiento de tu cintura puedes armonizar tu energ\u00eda? Con el masterclass DANZA ARABE TERAPEUTICA podr\u00e1s hacer alineaci\u00f3n de chakras a trav\u00e9s de los movimientos de danza \u00e1rabe para ganar confianza y amor propio. \u00bfQU\u00c9 VAS A LOGRAR? Aprender\u00e1s los movimientos b\u00e1sicos de la danza \u00e1rabe. &nbsp; [&#8230;]\n","protected":false},"featured_media":30675,"template":"","meta":{"_monsterinsights_skip_tracking":false,"_monsterinsights_sitenote_active":false,"_monsterinsights_sitenote_note":"","_monsterinsights_sitenote_category":0,"jetpack_post_was_ever_published":false,"jetpack_publicize_message":"","jetpack_publicize_feature_enabled":true,"jetpack_social_post_already_shared":true,"jetpack_social_options":{"image_generator_settings":{"template":"highway","default_image_id":0,"font":"","enabled":false},"version":2}},"product_brand":[],"product_cat":[32],"product_tag":[263,142,260,211,254,119,251,215,257,249,243,230,182,226,253,236,229,143,228,232,258,234,262,239,220,265,219,225,240,238,140,242,235,244,266,267,248,210,245,212,250,227,255,264,252,217,216,233,261,73,237,231,247,221,246,222,223,224,259,241,256,218,213,214,53],"class_list":{"0":"post-30674","1":"product","2":"type-product","3":"status-publish","4":"has-post-thumbnail","6":"product_cat-sanacion","7":"product_tag-animales","8":"product_tag-avanzado","9":"product_tag-biden","10":"product_tag-billetes","11":"product_tag-bitcoin","12":"product_tag-carrera","13":"product_tag-china","14":"product_tag-christopher-olivarrieta","15":"product_tag-cine","16":"product_tag-coranavirus","17":"product_tag-cultura","18":"product_tag-cursos","19":"product_tag-dinero","20":"product_tag-dios","21":"product_tag-dolar","22":"product_tag-enric-corbera","23":"product_tag-ensenanza-en-casa","24":"product_tag-entidades","25":"product_tag-escuela","26":"product_tag-especialidad","27":"product_tag-estrenos","28":"product_tag-estudios","29":"product_tag-facebook","30":"product_tag-famosos","31":"product_tag-free","32":"product_tag-gatos","33":"product_tag-gratis","34":"product_tag-guerra","35":"product_tag-humor","36":"product_tag-internet","37":"product_tag-jose-palomo","38":"product_tag-juegos","39":"product_tag-lavin","40":"product_tag-manga","41":"product_tag-mercado-libre","42":"product_tag-mercado-pago","43":"product_tag-meteorologia","44":"product_tag-moneda","45":"product_tag-musica","46":"product_tag-nuevo","47":"product_tag-omnicron","48":"product_tag-oracion","49":"product_tag-peliculas","50":"product_tag-perros","51":"product_tag-peso","52":"product_tag-porn","53":"product_tag-porno","54":"product_tag-profesional","55":"product_tag-putin","56":"product_tag-salud","57":"product_tag-sexo","58":"product_tag-talleres","59":"product_tag-television","60":"product_tag-terapias","61":"product_tag-trabajo","62":"product_tag-ucrania","63":"product_tag-ukrania","64":"product_tag-usa","65":"product_tag-vacuna","66":"product_tag-viajes","67":"product_tag-videos","68":"product_tag-xxx","69":"product_tag-youtube","70":"product_tag-youtube-yuen-guadalajara","71":"product_tag-yuen","73":"first","74":"instock","75":"downloadable","76":"virtual","77":"purchasable","78":"product-type-simple"},"jetpack_publicize_connections":[],"jetpack-related-posts":[{"id":35085,"url":"https:\/\/multiofertasvip.com\/?product=diplomado-en-registros-akashicos-de-lector-a-maestro-tienditadelalma","url_meta":{"origin":30674,"position":0},"title":"Diplomado en Registros Ak\u00e1shicos (de Lector a Maestro)-Tienditadelalma","author":"multiofertasvip","date":"marzo 15, 2026","format":false,"excerpt":"\u00a0 \u00a0 \u00a0 \u00a0","rel":"","context":"Entrada similar","block_context":{"text":"Entrada similar","link":""},"img":{"alt_text":"","src":"https:\/\/i0.wp.com\/multiofertasvip.com\/wp-content\/uploads\/2026\/03\/registros-akashicos-1-y-2.jpg?fit=200%2C200&ssl=1&resize=350%2C200","width":350,"height":200},"classes":[]},{"id":34883,"url":"https:\/\/multiofertasvip.com\/?product=yoga-terapeutico-serie-angelica-granado","url_meta":{"origin":30674,"position":1},"title":"Yoga terap\u00e9utico (serie) &#8211; Angelica Granado","author":"multiofertasvip","date":"marzo 2, 2026","format":false,"excerpt":"El yoga restaurativo propuesta terap\u00e9utica basada en las posturas de Hatha Yoga, poniendo como protagonistas cie la pr\u00e1ctica a la relajaci\u00f3n, la respiraci\u00f3n y el trabajo con soportes o apoyos, como: mantas, bolsters, cinturones, sillas, pelotas, bloques o la pared. Las herramientas nos ayudan a que haya un estiramiento sin\u2026","rel":"","context":"Entrada similar","block_context":{"text":"Entrada similar","link":""},"img":{"alt_text":"","src":"https:\/\/i0.wp.com\/multiofertasvip.com\/wp-content\/uploads\/2026\/03\/yoha-terapeutico.jpg?fit=200%2C200&ssl=1&resize=350%2C200","width":350,"height":200},"classes":[]},{"id":29967,"url":"https:\/\/multiofertasvip.com\/?product=curso-par-magnetico-enfoque-pums-en-video-mariana-del-hoyo","url_meta":{"origin":30674,"position":2},"title":"Curso Par Magnetico Enfoque PUMS En Video-Mariana del Hoyo","author":"multiofertasvip","date":"junio 27, 2021","format":false,"excerpt":"Este es un curso muy completo y con mucha informaci\u00f3n, no necesitaas hacer oto nivel de PAR BIOMAGNETICO, podras iniciarte en metodo PUMS optimizacion en rastreos.","rel":"","context":"Entrada similar","block_context":{"text":"Entrada similar","link":""},"img":{"alt_text":"","src":"https:\/\/i0.wp.com\/multiofertasvip.com\/wp-content\/uploads\/2021\/06\/bio.jpg?fit=200%2C200&ssl=1&resize=350%2C200","width":350,"height":200},"classes":[]},{"id":35064,"url":"https:\/\/multiofertasvip.com\/?product=formacion-en-sistema-floral-mencion-astrologia-tienditadelalma-2","url_meta":{"origin":30674,"position":3},"title":"Formaci\u00f3n en Sistema Floral (menci\u00f3n Astrolog\u00eda)-Tienditadelalma","author":"multiofertasvip","date":"marzo 13, 2026","format":false,"excerpt":"\u00a0 \u00a0 \u00a0 \u00a0","rel":"","context":"Entrada similar","block_context":{"text":"Entrada similar","link":""},"img":{"alt_text":"","src":"https:\/\/i0.wp.com\/institutolta.com\/wp-content\/uploads\/2024\/04\/411181487_845014527632804_8858129483429620302_n.jpg?resize=350%2C200&ssl=1","width":350,"height":200,"srcset":"https:\/\/i0.wp.com\/institutolta.com\/wp-content\/uploads\/2024\/04\/411181487_845014527632804_8858129483429620302_n.jpg?resize=350%2C200&ssl=1 1x, https:\/\/i0.wp.com\/institutolta.com\/wp-content\/uploads\/2024\/04\/411181487_845014527632804_8858129483429620302_n.jpg?resize=525%2C300&ssl=1 1.5x"},"classes":[]},{"id":35081,"url":"https:\/\/multiofertasvip.com\/?product=taller-grabado-aromaterapia-avanzada-tienditadelalma-2","url_meta":{"origin":30674,"position":4},"title":"Taller Grabado Aromaterapia Avanzada-Tienditadelalma","author":"multiofertasvip","date":"marzo 15, 2026","format":false,"excerpt":"\u00a0 \u00a0 \u00a0 \u00a0","rel":"","context":"Entrada similar","block_context":{"text":"Entrada similar","link":""},"img":{"alt_text":"","src":"https:\/\/i0.wp.com\/multiofertasvip.com\/wp-content\/uploads\/2026\/03\/aromaterapia-avanzada.jpg?fit=200%2C200&ssl=1&resize=350%2C200","width":350,"height":200},"classes":[]},{"id":31049,"url":"https:\/\/multiofertasvip.com\/?product=diplomado-programacion-neurolinguistica-pnl","url_meta":{"origin":30674,"position":5},"title":"Diplomado Programaci\u00f3n Neuroling\u00fc\u00edstica (PNL)","author":"multiofertasvip","date":"noviembre 9, 2023","format":false,"excerpt":"Inteligencia Emocional y Programaci\u00f3n Neuroling\u00fc\u00edstica para Terapeutas La PNL o programaci\u00f3n neuroling\u00fc\u00edstica ha sido definida por el famoso coach Tony Robbins como la f\u00edsica nuclear de la mente, que permite descomponer y analizar las partes que constituyen el comportamiento. Es una estrategia de comunicaci\u00f3n, desarrollo personal y psicoterapia, desarrollada por\u2026","rel":"","context":"Entrada similar","block_context":{"text":"Entrada similar","link":""},"img":{"alt_text":"","src":"https:\/\/i0.wp.com\/multiofertasvip.com\/wp-content\/uploads\/2023\/11\/pnl.png?fit=720%2C552&ssl=1&resize=350%2C200","width":350,"height":200,"srcset":"https:\/\/i0.wp.com\/multiofertasvip.com\/wp-content\/uploads\/2023\/11\/pnl.png?fit=720%2C552&ssl=1&resize=350%2C200 1x, https:\/\/i0.wp.com\/multiofertasvip.com\/wp-content\/uploads\/2023\/11\/pnl.png?fit=720%2C552&ssl=1&resize=525%2C300 1.5x, https:\/\/i0.wp.com\/multiofertasvip.com\/wp-content\/uploads\/2023\/11\/pnl.png?fit=720%2C552&ssl=1&resize=700%2C400 2x"},"classes":[]}],"jetpack_sharing_enabled":false,"jetpack_likes_enabled":false,"_links":{"self":[{"href":"https:\/\/multiofertasvip.com\/index.php?rest_route=\/wp\/v2\/product\/30674","targetHints":{"allow":["GET"]}}],"collection":[{"href":"https:\/\/multiofertasvip.com\/index.php?rest_route=\/wp\/v2\/product"}],"about":[{"href":"https:\/\/multiofertasvip.com\/index.php?rest_route=\/wp\/v2\/types\/product"}],"version-history":[{"count":0,"href":"https:\/\/multiofertasvip.com\/index.php?rest_route=\/wp\/v2\/product\/30674\/revisions"}],"wp:featuredmedia":[{"embeddable":true,"href":"https:\/\/multiofertasvip.com\/index.php?rest_route=\/wp\/v2\/media\/30675"}],"wp:attachment":[{"href":"https:\/\/multiofertasvip.com\/index.php?rest_route=%2Fwp%2Fv2%2Fmedia&parent=30674"}],"wp:term":[{"taxonomy":"product_brand","embeddable":true,"href":"https:\/\/multiofertasvip.com\/index.php?rest_route=%2Fwp%2Fv2%2Fproduct_brand&post=30674"},{"taxonomy":"product_cat","embeddable":true,"href":"https:\/\/multiofertasvip.com\/index.php?rest_route=%2Fwp%2Fv2%2Fproduct_cat&post=30674"},{"taxonomy":"product_tag","embeddable":true,"href":"https:\/\/multiofertasvip.com\/index.php?rest_route=%2Fwp%2Fv2%2Fproduct_tag&post=30674"}],"curies":[{"name":"wp","href":"https:\/\/api.w.org\/{rel}","templated":true}]}}